{"id":95957,"date":"2026-01-30T16:28:57","date_gmt":"2026-01-30T15:28:57","guid":{"rendered":"https:\/\/begamer.cz\/produkt\/monster-energy-supercross-6-thunderstorm-sk-1769786938\/"},"modified":"2026-03-18T05:05:57","modified_gmt":"2026-03-18T04:05:57","slug":"monster-energy-supercross-6-thunderstorm-sk-3","status":"publish","type":"product","link":"https:\/\/begamer.cz\/sk\/produkt\/monster-energy-supercross-6-thunderstorm-sk-3\/","title":{"rendered":"Monster Energy Supercross 6 Thunderstorm"},"content":{"rendered":"<p>Za\u017eite siln\u00fd n\u00e1val \u010distej energie a prisp\u00f4sobte si svoj motocykel a jazdca s nov\u00fdm bal\u00ed\u010dkom prisp\u00f4sobenia Thunderstorm. Rozp\u00fatajte b\u00farku v pretekoch a nechajte svojich s\u00faperov, aby v\u00e1m zjedli prach!<\/p>\n<p>Tento animovan\u00fd bal\u00ed\u010dek obsahuje:<\/p>\n<ul class=\"bb_ul\">\n<li> Prilbu<\/li>\n<li> P\u00e1r top\u00e1nok<\/li>\n<li> P\u00e1r okuliarov<\/li>\n<li> Oblek<\/li>\n<li> Oble\u010denie pre va\u0161u motorku<\/li>\n<\/ul>\n","protected":false},"excerpt":{"rendered":"<p>Rozp\u00fatajte b\u00farku v pretekoch s bal\u00ed\u010dkom prisp\u00f4sobenia Thunderstorm!<\/p>\n","protected":false},"featured_media":62872,"comment_status":"open","ping_status":"closed","template":"","meta":{"_acf_changed":false},"product_brand":[],"product_cat":[326,328,356,360],"product_tag":[],"class_list":{"0":"post-95957","1":"product","2":"type-product","3":"status-publish","4":"has-post-thumbnail","6":"product_cat-playstation-hry-sk","7":"product_cat-ps4-sk","8":"product_cat-sportove-ps4","9":"product_cat-zavodne-ps4","10":"pa_developer-milestone-s-r-l","12":"pa_game_type-dlc","14":"pa_platform-ps4","16":"pa_publisher-milestone-s-r-l","18":"pa_region-europe","21":"first","22":"instock","23":"virtual","24":"taxable","25":"purchasable","26":"product-type-simple"},"yoast_head":"<!-- This site is optimized with the Yoast SEO plugin v27.3 - https:\/\/yoast.com\/product\/yoast-seo-wordpress\/ -->\n<title>Monster Energy Supercross 6 Thunderstorm | BeGamer.cz<\/title>\n<meta name=\"robots\" content=\"index, follow, max-snippet:-1, max-image-preview:large, max-video-preview:-1\" \/>\n<link rel=\"canonical\" href=\"https:\/\/begamer.cz\/sk\/produkt\/monster-energy-supercross-6-thunderstorm-sk-3\/\" \/>\n<meta property=\"og:locale\" content=\"sk_SK\" \/>\n<meta property=\"og:type\" content=\"article\" \/>\n<meta property=\"og:title\" content=\"Monster Energy Supercross 6 Thunderstorm | BeGamer.cz\" \/>\n<meta property=\"og:description\" content=\"Rozp\u00fatajte b\u00farku v pretekoch s bal\u00ed\u010dkom prisp\u00f4sobenia Thunderstorm!\" \/>\n<meta property=\"og:url\" content=\"https:\/\/begamer.cz\/sk\/produkt\/monster-energy-supercross-6-thunderstorm-sk-3\/\" \/>\n<meta property=\"og:site_name\" content=\"BeGamer.cz\" \/>\n<meta property=\"article:modified_time\" content=\"2026-03-18T04:05:57+00:00\" \/>\n<meta property=\"og:image\" content=\"https:\/\/begamer.cz\/wp-content\/uploads\/2026\/01\/monster-energy-supercross-6-thunderstorm-4.webp\" \/>\n\t<meta property=\"og:image:width\" content=\"300\" \/>\n\t<meta property=\"og:image:height\" content=\"400\" \/>\n\t<meta property=\"og:image:type\" content=\"image\/webp\" \/>\n<meta name=\"twitter:card\" content=\"summary_large_image\" \/>\n<script type=\"application\/ld+json\" class=\"yoast-schema-graph\">{\"@context\":\"https:\\\/\\\/schema.org\",\"@graph\":[{\"@type\":\"WebPage\",\"@id\":\"https:\\\/\\\/begamer.cz\\\/sk\\\/produkt\\\/monster-energy-supercross-6-thunderstorm-sk-3\\\/\",\"url\":\"https:\\\/\\\/begamer.cz\\\/sk\\\/produkt\\\/monster-energy-supercross-6-thunderstorm-sk-3\\\/\",\"name\":\"Monster Energy Supercross 6 Thunderstorm | BeGamer.cz\",\"isPartOf\":{\"@id\":\"https:\\\/\\\/begamer.cz\\\/sk\\\/#website\"},\"primaryImageOfPage\":{\"@id\":\"https:\\\/\\\/begamer.cz\\\/sk\\\/produkt\\\/monster-energy-supercross-6-thunderstorm-sk-3\\\/#primaryimage\"},\"image\":{\"@id\":\"https:\\\/\\\/begamer.cz\\\/sk\\\/produkt\\\/monster-energy-supercross-6-thunderstorm-sk-3\\\/#primaryimage\"},\"thumbnailUrl\":\"https:\\\/\\\/begamer.cz\\\/wp-content\\\/uploads\\\/2026\\\/01\\\/monster-energy-supercross-6-thunderstorm-4.webp\",\"datePublished\":\"2026-01-30T15:28:57+00:00\",\"dateModified\":\"2026-03-18T04:05:57+00:00\",\"breadcrumb\":{\"@id\":\"https:\\\/\\\/begamer.cz\\\/sk\\\/produkt\\\/monster-energy-supercross-6-thunderstorm-sk-3\\\/#breadcrumb\"},\"inLanguage\":\"sk-SK\",\"potentialAction\":[{\"@type\":\"ReadAction\",\"target\":[\"https:\\\/\\\/begamer.cz\\\/sk\\\/produkt\\\/monster-energy-supercross-6-thunderstorm-sk-3\\\/\"]}]},{\"@type\":\"ImageObject\",\"inLanguage\":\"sk-SK\",\"@id\":\"https:\\\/\\\/begamer.cz\\\/sk\\\/produkt\\\/monster-energy-supercross-6-thunderstorm-sk-3\\\/#primaryimage\",\"url\":\"https:\\\/\\\/begamer.cz\\\/wp-content\\\/uploads\\\/2026\\\/01\\\/monster-energy-supercross-6-thunderstorm-4.webp\",\"contentUrl\":\"https:\\\/\\\/begamer.cz\\\/wp-content\\\/uploads\\\/2026\\\/01\\\/monster-energy-supercross-6-thunderstorm-4.webp\",\"width\":300,\"height\":400},{\"@type\":\"BreadcrumbList\",\"@id\":\"https:\\\/\\\/begamer.cz\\\/sk\\\/produkt\\\/monster-energy-supercross-6-thunderstorm-sk-3\\\/#breadcrumb\",\"itemListElement\":[{\"@type\":\"ListItem\",\"position\":1,\"name\":\"Domov\",\"item\":\"https:\\\/\\\/begamer.cz\\\/sk\\\/\"},{\"@type\":\"ListItem\",\"position\":2,\"name\":\"Obchod\",\"item\":\"https:\\\/\\\/begamer.cz\\\/obchod\\\/\"},{\"@type\":\"ListItem\",\"position\":3,\"name\":\"Monster Energy Supercross 6 Thunderstorm\"}]},{\"@type\":\"WebSite\",\"@id\":\"https:\\\/\\\/begamer.cz\\\/sk\\\/#website\",\"url\":\"https:\\\/\\\/begamer.cz\\\/sk\\\/\",\"name\":\"BeGamer.cz\",\"description\":\"\",\"publisher\":{\"@id\":\"https:\\\/\\\/begamer.cz\\\/sk\\\/#organization\"},\"potentialAction\":[{\"@type\":\"SearchAction\",\"target\":{\"@type\":\"EntryPoint\",\"urlTemplate\":\"https:\\\/\\\/begamer.cz\\\/sk\\\/?s={search_term_string}\"},\"query-input\":{\"@type\":\"PropertyValueSpecification\",\"valueRequired\":true,\"valueName\":\"search_term_string\"}}],\"inLanguage\":\"sk-SK\"},{\"@type\":\"Organization\",\"@id\":\"https:\\\/\\\/begamer.cz\\\/sk\\\/#organization\",\"name\":\"BeGamer.cz\",\"url\":\"https:\\\/\\\/begamer.cz\\\/sk\\\/\",\"logo\":{\"@type\":\"ImageObject\",\"inLanguage\":\"sk-SK\",\"@id\":\"https:\\\/\\\/begamer.cz\\\/sk\\\/#\\\/schema\\\/logo\\\/image\\\/\",\"url\":\"https:\\\/\\\/begamer.cz\\\/wp-content\\\/uploads\\\/2025\\\/07\\\/logo.svg\",\"contentUrl\":\"https:\\\/\\\/begamer.cz\\\/wp-content\\\/uploads\\\/2025\\\/07\\\/logo.svg\",\"caption\":\"BeGamer.cz\"},\"image\":{\"@id\":\"https:\\\/\\\/begamer.cz\\\/sk\\\/#\\\/schema\\\/logo\\\/image\\\/\"}}]}<\/script>\n<!-- \/ Yoast SEO plugin. -->","yoast_head_json":{"title":"Monster Energy Supercross 6 Thunderstorm | BeGamer.cz","robots":{"index":"index","follow":"follow","max-snippet":"max-snippet:-1","max-image-preview":"max-image-preview:large","max-video-preview":"max-video-preview:-1"},"canonical":"https:\/\/begamer.cz\/sk\/produkt\/monster-energy-supercross-6-thunderstorm-sk-3\/","og_locale":"sk_SK","og_type":"article","og_title":"Monster Energy Supercross 6 Thunderstorm | BeGamer.cz","og_description":"Rozp\u00fatajte b\u00farku v pretekoch s bal\u00ed\u010dkom prisp\u00f4sobenia Thunderstorm!","og_url":"https:\/\/begamer.cz\/sk\/produkt\/monster-energy-supercross-6-thunderstorm-sk-3\/","og_site_name":"BeGamer.cz","article_modified_time":"2026-03-18T04:05:57+00:00","og_image":[{"width":300,"height":400,"url":"https:\/\/begamer.cz\/wp-content\/uploads\/2026\/01\/monster-energy-supercross-6-thunderstorm-4.webp","type":"image\/webp"}],"twitter_card":"summary_large_image","schema":{"@context":"https:\/\/schema.org","@graph":[{"@type":"WebPage","@id":"https:\/\/begamer.cz\/sk\/produkt\/monster-energy-supercross-6-thunderstorm-sk-3\/","url":"https:\/\/begamer.cz\/sk\/produkt\/monster-energy-supercross-6-thunderstorm-sk-3\/","name":"Monster Energy Supercross 6 Thunderstorm | BeGamer.cz","isPartOf":{"@id":"https:\/\/begamer.cz\/sk\/#website"},"primaryImageOfPage":{"@id":"https:\/\/begamer.cz\/sk\/produkt\/monster-energy-supercross-6-thunderstorm-sk-3\/#primaryimage"},"image":{"@id":"https:\/\/begamer.cz\/sk\/produkt\/monster-energy-supercross-6-thunderstorm-sk-3\/#primaryimage"},"thumbnailUrl":"https:\/\/begamer.cz\/wp-content\/uploads\/2026\/01\/monster-energy-supercross-6-thunderstorm-4.webp","datePublished":"2026-01-30T15:28:57+00:00","dateModified":"2026-03-18T04:05:57+00:00","breadcrumb":{"@id":"https:\/\/begamer.cz\/sk\/produkt\/monster-energy-supercross-6-thunderstorm-sk-3\/#breadcrumb"},"inLanguage":"sk-SK","potentialAction":[{"@type":"ReadAction","target":["https:\/\/begamer.cz\/sk\/produkt\/monster-energy-supercross-6-thunderstorm-sk-3\/"]}]},{"@type":"ImageObject","inLanguage":"sk-SK","@id":"https:\/\/begamer.cz\/sk\/produkt\/monster-energy-supercross-6-thunderstorm-sk-3\/#primaryimage","url":"https:\/\/begamer.cz\/wp-content\/uploads\/2026\/01\/monster-energy-supercross-6-thunderstorm-4.webp","contentUrl":"https:\/\/begamer.cz\/wp-content\/uploads\/2026\/01\/monster-energy-supercross-6-thunderstorm-4.webp","width":300,"height":400},{"@type":"BreadcrumbList","@id":"https:\/\/begamer.cz\/sk\/produkt\/monster-energy-supercross-6-thunderstorm-sk-3\/#breadcrumb","itemListElement":[{"@type":"ListItem","position":1,"name":"Domov","item":"https:\/\/begamer.cz\/sk\/"},{"@type":"ListItem","position":2,"name":"Obchod","item":"https:\/\/begamer.cz\/obchod\/"},{"@type":"ListItem","position":3,"name":"Monster Energy Supercross 6 Thunderstorm"}]},{"@type":"WebSite","@id":"https:\/\/begamer.cz\/sk\/#website","url":"https:\/\/begamer.cz\/sk\/","name":"BeGamer.cz","description":"","publisher":{"@id":"https:\/\/begamer.cz\/sk\/#organization"},"potentialAction":[{"@type":"SearchAction","target":{"@type":"EntryPoint","urlTemplate":"https:\/\/begamer.cz\/sk\/?s={search_term_string}"},"query-input":{"@type":"PropertyValueSpecification","valueRequired":true,"valueName":"search_term_string"}}],"inLanguage":"sk-SK"},{"@type":"Organization","@id":"https:\/\/begamer.cz\/sk\/#organization","name":"BeGamer.cz","url":"https:\/\/begamer.cz\/sk\/","logo":{"@type":"ImageObject","inLanguage":"sk-SK","@id":"https:\/\/begamer.cz\/sk\/#\/schema\/logo\/image\/","url":"https:\/\/begamer.cz\/wp-content\/uploads\/2025\/07\/logo.svg","contentUrl":"https:\/\/begamer.cz\/wp-content\/uploads\/2025\/07\/logo.svg","caption":"BeGamer.cz"},"image":{"@id":"https:\/\/begamer.cz\/sk\/#\/schema\/logo\/image\/"}}]}},"acf":[],"_links":{"self":[{"href":"https:\/\/begamer.cz\/sk\/wp-json\/wp\/v2\/product\/95957","targetHints":{"allow":["GET"]}}],"collection":[{"href":"https:\/\/begamer.cz\/sk\/wp-json\/wp\/v2\/product"}],"about":[{"href":"https:\/\/begamer.cz\/sk\/wp-json\/wp\/v2\/types\/product"}],"replies":[{"embeddable":true,"href":"https:\/\/begamer.cz\/sk\/wp-json\/wp\/v2\/comments?post=95957"}],"wp:featuredmedia":[{"embeddable":true,"href":"https:\/\/begamer.cz\/sk\/wp-json\/wp\/v2\/media\/62872"}],"wp:attachment":[{"href":"https:\/\/begamer.cz\/sk\/wp-json\/wp\/v2\/media?parent=95957"}],"wp:term":[{"taxonomy":"product_brand","embeddable":true,"href":"https:\/\/begamer.cz\/sk\/wp-json\/wp\/v2\/product_brand?post=95957"},{"taxonomy":"product_cat","embeddable":true,"href":"https:\/\/begamer.cz\/sk\/wp-json\/wp\/v2\/product_cat?post=95957"},{"taxonomy":"product_tag","embeddable":true,"href":"https:\/\/begamer.cz\/sk\/wp-json\/wp\/v2\/product_tag?post=95957"}],"curies":[{"name":"wp","href":"https:\/\/api.w.org\/{rel}","templated":true}]}}