{"id":95918,"date":"2026-01-30T16:28:26","date_gmt":"2026-01-30T15:28:26","guid":{"rendered":"https:\/\/begamer.cz\/produkt\/monster-hunter-rise-sunbreak-deluxe-edition-sk\/"},"modified":"2026-03-18T05:03:59","modified_gmt":"2026-03-18T04:03:59","slug":"monster-hunter-rise-sunbreak-deluxe-edition-sk","status":"publish","type":"product","link":"https:\/\/begamer.cz\/sk\/produkt\/monster-hunter-rise-sunbreak-deluxe-edition-sk\/","title":{"rendered":"Monster Hunter Rise: Sunbreak \u2013 Deluxe Edition"},"content":{"rendered":"<div>\n<h2>Monster Hunter Rise: Sunbreak \u2013 Deluxe Edition<\/h2>\n<p>Vst\u00fapte do rozsiahleho sveta Monster Hunter Rise: Sunbreak, kde vzru\u0161uj\u00face dobrodru\u017estv\u00e1 nikdy nekon\u010dia a nebezpe\u010denstvo \u010d\u00edha na ka\u017edom kroku. T\u00e1to Deluxe Edition pon\u00faka ultim\u00e1tny bal\u00edk pre v\u00e1\u0161niv\u00fdch lovcov mon\u0161tier, ktor\u00ed t\u00fa\u017eia pokra\u010dova\u0165 vo svojej ceste s exkluz\u00edvnym obsahom, impozantn\u00fdmi nov\u00fdmi mon\u0161trami, nov\u00fdmi lok\u00e1ciami a vylep\u0161en\u00fdmi hern\u00fdmi funkciami.<\/p>\n<h2>Presk\u00famajte rozsiahle nov\u00e9 lokality a epick\u00e9 mon\u0161tr\u00e1<\/h2>\n<p>Sunbreak roz\u0161iruje z\u00e1kladn\u00fa hru o \u00faplne nov\u00fa oblas\u0165 zn\u00e1mu ako <strong>Malzeno&#x27;s Domain<\/strong>, tajomn\u00e9 a dychber\u00face prostredie pln\u00e9 nebezpe\u010denstva a nov\u00fdch v\u00fdziev. Stretnite sa s obrovsk\u00fdmi, mocn\u00fdmi tvormi, vr\u00e1tane legend\u00e1rneho d\u00e9monick\u00e9ho draka <strong>Malzena<\/strong>, a mnoh\u00fdmi \u010fal\u0161\u00edmi desiv\u00fdmi be\u0161tiami, ktor\u00e9 otestuj\u00fa va\u0161e loveck\u00e9 zru\u010dnosti a strategick\u00e9 schopnosti.<\/p>\n<h2>\u010co obsahuje Deluxe Edition?<\/h2>\n<ul>\n<li><strong>Kompletn\u00e1 hra Monster Hunter Rise: Sunbreak<\/strong> vr\u00e1tane v\u0161etk\u00e9ho dodato\u010dn\u00e9ho obsahu a aktualiz\u00e1ci\u00ed.<\/li>\n<li><strong>Pr\u00e9miov\u00fd obsah,<\/strong> ako s\u00fa exkluz\u00edvne sady brnen\u00ed, zbrane a kozmetick\u00e9 predmety.<\/li>\n<li><strong>Bonusov\u00fd bal\u00edk<\/strong> s unik\u00e1tnymi doplnkami a dekor\u00e1ciami pre va\u0161ich spolo\u010dn\u00edkov Palamute a Palico.<\/li>\n<li><strong>Prednostn\u00fd pr\u00edstup<\/strong> k nov\u00fdm udalostiam a \u0161peci\u00e1lnym \u00faloh\u00e1m, ktor\u00e9 roz\u0161\u00edria v\u00e1\u0161 hern\u00fd z\u00e1\u017eitok.<\/li>\n<\/ul>\n<h2>Nov\u00e9 hern\u00e9 mechaniky a v\u00fdzvy<\/h2>\n<p>Sunbreak prin\u00e1\u0161a nov\u00e9 mechaniky, ktor\u00e9 obohatia v\u00e1\u0161 loveck\u00fd z\u00e1\u017eitok. Vyu\u017eite vylep\u0161en\u00fa mobilitu, ktor\u00fa v\u00e1m poskytuje schopnos\u0165 <strong>Rushing Spirit<\/strong>, implementujte nov\u00e9 bojov\u00e9 taktiky a spolupracujte s ostatn\u00fdmi hr\u00e1\u010dmi online, kde t\u00edmov\u00e1 pr\u00e1ca zintenz\u00edv\u0148uje lov ako nikdy predt\u00fdm. Objavte nov\u00e9 zru\u010dnosti a vylep\u0161en\u00e9 brnenia a zbra\u0148ov\u00e9 syst\u00e9my, ktor\u00e9 pos\u00favaj\u00fa ka\u017ed\u00fa bitku na nov\u00fa \u00farove\u0148.<\/p>\n<h2>Unik\u00e1tny svet a pr\u00edbeh<\/h2>\n<p>Sunbreak sa nezameriava len na lov, ale ponor\u00ed hr\u00e1\u010dov do p\u00fatav\u00e9ho pr\u00edbehu, ktor\u00fd prehlbuje trad\u00edciu Loveck\u00e9ho cechu a predstavuje nov\u00e9 zauj\u00edmav\u00e9 postavy. Vydejte sa na epick\u00fa cestu, aby ste odhalili tajomstv\u00e1 stra\u0161n\u00e9ho draka Malzena, pri\u010dom prejdete r\u00f4znorod\u00fdmi magick\u00fdmi a nebezpe\u010dn\u00fdmi prostred\u00edm.<\/p>\n<h2>Pre\u010do si vybra\u0165 Deluxe Edition?<\/h2>\n<p>T\u00e1to ed\u00edcia je ide\u00e1lna pre hr\u00e1\u010dov, ktor\u00ed h\u013eadaj\u00fa najkomplexnej\u0161\u00ed z\u00e1\u017eitok z Monster Hunter Rise. Obsahuje v\u0161etko, \u010do potrebujete, aby ste sa stali skuto\u010dn\u00fdm majstrom lovca, vr\u00e1tane bohat\u00e9ho detailn\u00e9ho sveta pln\u00e9ho akcie, adrenal\u00ednu a nepredv\u00eddate\u013en\u00fdch scen\u00e1rov.<\/p>\n<p>Pripravte sa na najv\u00e4\u010d\u0161\u00ed lov svojho \u017eivota s Monster Hunter Rise: Sunbreak \u2013 Deluxe Edition, kde je ka\u017ed\u00fd boj epickou v\u00fdzvou a ka\u017ed\u00fd \u00falovok oslavou va\u0161ich schopnost\u00ed.<\/p>\n<p><small>Niektor\u00e9 texty boli prelo\u017een\u00e9 strojovo.<\/small><\/div>\n","protected":false},"excerpt":{"rendered":"<p>Monster Hunter Rise: Sunbreak \u2013 Deluxe Edition obsahuje z\u00e1kladn\u00fa hru a pr\u00e9miov\u00fd obsah, ako s\u00fa dodato\u010dn\u00e9 DLC, kozmetick\u00e9 predmety a sez\u00f3nne preukazy. Vydajte sa na epick\u00e9 lovy, presk\u00famajte nov\u00e9 lokality a bojujte s impozantn\u00fdmi mon\u0161trami v tejto roz\u0161\u00edrenej ak\u010dnej RPG hre.<\/p>\n","protected":false},"featured_media":24470,"comment_status":"open","ping_status":"closed","template":"","meta":{"_acf_changed":false},"product_brand":[],"product_cat":[458,452,398,400,438],"product_tag":[],"class_list":{"0":"post-95918","1":"product","2":"type-product","3":"status-publish","4":"has-post-thumbnail","6":"product_cat-akcne-xbox-series-x-s-sk","7":"product_cat-rpg-xbox-series-x-s-sk","8":"product_cat-xbox-hry-sk","9":"product_cat-xbox-one-sk","10":"product_cat-xbox-series-x-s-sk","11":"pa_audio-en-us","13":"pa_audio-ja-jp","15":"pa_countries-at","16":"pa_countries-be","17":"pa_countries-bg","18":"pa_countries-cy","19":"pa_countries-cz","21":"pa_countries-de","22":"pa_countries-dk","23":"pa_countries-ee","24":"pa_countries-es","25":"pa_countries-fi","26":"pa_countries-fr","27":"pa_countries-gr","28":"pa_countries-hr","29":"pa_countries-hu","30":"pa_countries-ie","31":"pa_countries-it","32":"pa_countries-lt","33":"pa_countries-lu","34":"pa_countries-lv","35":"pa_countries-mt","36":"pa_countries-nl","37":"pa_countries-pl","38":"pa_countries-pt","39":"pa_countries-ro","40":"pa_countries-se","41":"pa_countries-si","42":"pa_countries-sk","44":"pa_developer-capcom","46":"pa_engine-re-engine","48":"pa_franchises-monster-hunter","50":"pa_game_type-dlc","52":"pa_genres-hack-and-slash-beat-em-up","54":"pa_genres-role-playing-rpg","56":"pa_interface-ar","57":"pa_interface-de-de","58":"pa_interface-en-us","59":"pa_interface-es-es","60":"pa_interface-fr-fr","61":"pa_interface-it-it","62":"pa_interface-ja-jp","63":"pa_interface-ko-kr","64":"pa_interface-pl-pl","65":"pa_interface-pt-br","67":"pa_interface-ru-ru","69":"pa_interface-zh-cn","70":"pa_interface-zh-tw","71":"pa_keywords-hunters","72":"pa_keywords-monster-hunter","73":"pa_keywords-monsters","74":"pa_modes-co-operative","76":"pa_modes-multiplayer","78":"pa_modes-single-player","79":"pa_pegi-13428","80":"pa_pegi-927","81":"pa_platform-xbox-series-x-s-xbox-one-windows","83":"pa_player_perspectives-third-person","85":"pa_publisher-capcom","87":"pa_rating-14441","88":"pa_rating-773","89":"pa_region-europe","91":"pa_subtitles-ar","92":"pa_subtitles-de-de","94":"pa_subtitles-en-us","95":"pa_subtitles-es-es","96":"pa_subtitles-fr-fr","97":"pa_subtitles-it-it","98":"pa_subtitles-ja-jp","99":"pa_subtitles-ko-kr","100":"pa_subtitles-pl-pl","101":"pa_subtitles-pt-br","102":"pa_subtitles-ru-ru","104":"pa_subtitles-zh-cn","105":"pa_subtitles-zh-tw","106":"pa_themes-action","108":"pa_themes-survival","111":"first","112":"instock","113":"virtual","114":"taxable","115":"purchasable","116":"product-type-simple"},"yoast_head":"<!-- This site is optimized with the Yoast SEO plugin v27.3 - https:\/\/yoast.com\/product\/yoast-seo-wordpress\/ -->\n<title>Monster Hunter Rise: Sunbreak - Deluxe Edition | BeGamer.cz<\/title>\n<meta name=\"robots\" content=\"index, follow, max-snippet:-1, max-image-preview:large, max-video-preview:-1\" \/>\n<link rel=\"canonical\" href=\"https:\/\/begamer.cz\/sk\/produkt\/monster-hunter-rise-sunbreak-deluxe-edition-sk\/\" \/>\n<meta property=\"og:locale\" content=\"sk_SK\" \/>\n<meta property=\"og:type\" content=\"article\" \/>\n<meta property=\"og:title\" content=\"Monster Hunter Rise: Sunbreak - Deluxe Edition | BeGamer.cz\" \/>\n<meta property=\"og:description\" content=\"Monster Hunter Rise: Sunbreak \u2013 Deluxe Edition obsahuje z\u00e1kladn\u00fa hru a pr\u00e9miov\u00fd obsah, ako s\u00fa dodato\u010dn\u00e9 DLC, kozmetick\u00e9 predmety a sez\u00f3nne preukazy. Vydajte sa na epick\u00e9 lovy, presk\u00famajte nov\u00e9 lokality a bojujte s impozantn\u00fdmi mon\u0161trami v tejto roz\u0161\u00edrenej ak\u010dnej RPG hre.\" \/>\n<meta property=\"og:url\" content=\"https:\/\/begamer.cz\/sk\/produkt\/monster-hunter-rise-sunbreak-deluxe-edition-sk\/\" \/>\n<meta property=\"og:site_name\" content=\"BeGamer.cz\" \/>\n<meta property=\"article:modified_time\" content=\"2026-03-18T04:03:59+00:00\" \/>\n<meta property=\"og:image\" content=\"https:\/\/begamer.cz\/wp-content\/uploads\/2026\/01\/monster-hunter-rise-sunbreak-deluxe-edition-5.webp\" \/>\n\t<meta property=\"og:image:width\" content=\"300\" \/>\n\t<meta property=\"og:image:height\" content=\"400\" \/>\n\t<meta property=\"og:image:type\" content=\"image\/webp\" \/>\n<meta name=\"twitter:card\" content=\"summary_large_image\" \/>\n<meta name=\"twitter:label1\" content=\"Predpokladan\u00fd \u010das \u010d\u00edtania\" \/>\n\t<meta name=\"twitter:data1\" content=\"2 min\u00faty\" \/>\n<script type=\"application\/ld+json\" class=\"yoast-schema-graph\">{\"@context\":\"https:\\\/\\\/schema.org\",\"@graph\":[{\"@type\":\"WebPage\",\"@id\":\"https:\\\/\\\/begamer.cz\\\/sk\\\/produkt\\\/monster-hunter-rise-sunbreak-deluxe-edition-sk\\\/\",\"url\":\"https:\\\/\\\/begamer.cz\\\/sk\\\/produkt\\\/monster-hunter-rise-sunbreak-deluxe-edition-sk\\\/\",\"name\":\"Monster Hunter Rise: Sunbreak - Deluxe Edition | BeGamer.cz\",\"isPartOf\":{\"@id\":\"https:\\\/\\\/begamer.cz\\\/sk\\\/#website\"},\"primaryImageOfPage\":{\"@id\":\"https:\\\/\\\/begamer.cz\\\/sk\\\/produkt\\\/monster-hunter-rise-sunbreak-deluxe-edition-sk\\\/#primaryimage\"},\"image\":{\"@id\":\"https:\\\/\\\/begamer.cz\\\/sk\\\/produkt\\\/monster-hunter-rise-sunbreak-deluxe-edition-sk\\\/#primaryimage\"},\"thumbnailUrl\":\"https:\\\/\\\/begamer.cz\\\/wp-content\\\/uploads\\\/2026\\\/01\\\/monster-hunter-rise-sunbreak-deluxe-edition-5.webp\",\"datePublished\":\"2026-01-30T15:28:26+00:00\",\"dateModified\":\"2026-03-18T04:03:59+00:00\",\"breadcrumb\":{\"@id\":\"https:\\\/\\\/begamer.cz\\\/sk\\\/produkt\\\/monster-hunter-rise-sunbreak-deluxe-edition-sk\\\/#breadcrumb\"},\"inLanguage\":\"sk-SK\",\"potentialAction\":[{\"@type\":\"ReadAction\",\"target\":[\"https:\\\/\\\/begamer.cz\\\/sk\\\/produkt\\\/monster-hunter-rise-sunbreak-deluxe-edition-sk\\\/\"]}]},{\"@type\":\"ImageObject\",\"inLanguage\":\"sk-SK\",\"@id\":\"https:\\\/\\\/begamer.cz\\\/sk\\\/produkt\\\/monster-hunter-rise-sunbreak-deluxe-edition-sk\\\/#primaryimage\",\"url\":\"https:\\\/\\\/begamer.cz\\\/wp-content\\\/uploads\\\/2026\\\/01\\\/monster-hunter-rise-sunbreak-deluxe-edition-5.webp\",\"contentUrl\":\"https:\\\/\\\/begamer.cz\\\/wp-content\\\/uploads\\\/2026\\\/01\\\/monster-hunter-rise-sunbreak-deluxe-edition-5.webp\",\"width\":300,\"height\":400},{\"@type\":\"BreadcrumbList\",\"@id\":\"https:\\\/\\\/begamer.cz\\\/sk\\\/produkt\\\/monster-hunter-rise-sunbreak-deluxe-edition-sk\\\/#breadcrumb\",\"itemListElement\":[{\"@type\":\"ListItem\",\"position\":1,\"name\":\"Domov\",\"item\":\"https:\\\/\\\/begamer.cz\\\/sk\\\/\"},{\"@type\":\"ListItem\",\"position\":2,\"name\":\"Obchod\",\"item\":\"https:\\\/\\\/begamer.cz\\\/obchod\\\/\"},{\"@type\":\"ListItem\",\"position\":3,\"name\":\"Monster Hunter Rise: Sunbreak &#8211; Deluxe Edition\"}]},{\"@type\":\"WebSite\",\"@id\":\"https:\\\/\\\/begamer.cz\\\/sk\\\/#website\",\"url\":\"https:\\\/\\\/begamer.cz\\\/sk\\\/\",\"name\":\"BeGamer.cz\",\"description\":\"\",\"publisher\":{\"@id\":\"https:\\\/\\\/begamer.cz\\\/sk\\\/#organization\"},\"potentialAction\":[{\"@type\":\"SearchAction\",\"target\":{\"@type\":\"EntryPoint\",\"urlTemplate\":\"https:\\\/\\\/begamer.cz\\\/sk\\\/?s={search_term_string}\"},\"query-input\":{\"@type\":\"PropertyValueSpecification\",\"valueRequired\":true,\"valueName\":\"search_term_string\"}}],\"inLanguage\":\"sk-SK\"},{\"@type\":\"Organization\",\"@id\":\"https:\\\/\\\/begamer.cz\\\/sk\\\/#organization\",\"name\":\"BeGamer.cz\",\"url\":\"https:\\\/\\\/begamer.cz\\\/sk\\\/\",\"logo\":{\"@type\":\"ImageObject\",\"inLanguage\":\"sk-SK\",\"@id\":\"https:\\\/\\\/begamer.cz\\\/sk\\\/#\\\/schema\\\/logo\\\/image\\\/\",\"url\":\"https:\\\/\\\/begamer.cz\\\/wp-content\\\/uploads\\\/2025\\\/07\\\/logo.svg\",\"contentUrl\":\"https:\\\/\\\/begamer.cz\\\/wp-content\\\/uploads\\\/2025\\\/07\\\/logo.svg\",\"caption\":\"BeGamer.cz\"},\"image\":{\"@id\":\"https:\\\/\\\/begamer.cz\\\/sk\\\/#\\\/schema\\\/logo\\\/image\\\/\"}}]}<\/script>\n<!-- \/ Yoast SEO plugin. -->","yoast_head_json":{"title":"Monster Hunter Rise: Sunbreak - Deluxe Edition | BeGamer.cz","robots":{"index":"index","follow":"follow","max-snippet":"max-snippet:-1","max-image-preview":"max-image-preview:large","max-video-preview":"max-video-preview:-1"},"canonical":"https:\/\/begamer.cz\/sk\/produkt\/monster-hunter-rise-sunbreak-deluxe-edition-sk\/","og_locale":"sk_SK","og_type":"article","og_title":"Monster Hunter Rise: Sunbreak - Deluxe Edition | BeGamer.cz","og_description":"Monster Hunter Rise: Sunbreak \u2013 Deluxe Edition obsahuje z\u00e1kladn\u00fa hru a pr\u00e9miov\u00fd obsah, ako s\u00fa dodato\u010dn\u00e9 DLC, kozmetick\u00e9 predmety a sez\u00f3nne preukazy. Vydajte sa na epick\u00e9 lovy, presk\u00famajte nov\u00e9 lokality a bojujte s impozantn\u00fdmi mon\u0161trami v tejto roz\u0161\u00edrenej ak\u010dnej RPG hre.","og_url":"https:\/\/begamer.cz\/sk\/produkt\/monster-hunter-rise-sunbreak-deluxe-edition-sk\/","og_site_name":"BeGamer.cz","article_modified_time":"2026-03-18T04:03:59+00:00","og_image":[{"width":300,"height":400,"url":"https:\/\/begamer.cz\/wp-content\/uploads\/2026\/01\/monster-hunter-rise-sunbreak-deluxe-edition-5.webp","type":"image\/webp"}],"twitter_card":"summary_large_image","twitter_misc":{"Predpokladan\u00fd \u010das \u010d\u00edtania":"2 min\u00faty"},"schema":{"@context":"https:\/\/schema.org","@graph":[{"@type":"WebPage","@id":"https:\/\/begamer.cz\/sk\/produkt\/monster-hunter-rise-sunbreak-deluxe-edition-sk\/","url":"https:\/\/begamer.cz\/sk\/produkt\/monster-hunter-rise-sunbreak-deluxe-edition-sk\/","name":"Monster Hunter Rise: Sunbreak - Deluxe Edition | BeGamer.cz","isPartOf":{"@id":"https:\/\/begamer.cz\/sk\/#website"},"primaryImageOfPage":{"@id":"https:\/\/begamer.cz\/sk\/produkt\/monster-hunter-rise-sunbreak-deluxe-edition-sk\/#primaryimage"},"image":{"@id":"https:\/\/begamer.cz\/sk\/produkt\/monster-hunter-rise-sunbreak-deluxe-edition-sk\/#primaryimage"},"thumbnailUrl":"https:\/\/begamer.cz\/wp-content\/uploads\/2026\/01\/monster-hunter-rise-sunbreak-deluxe-edition-5.webp","datePublished":"2026-01-30T15:28:26+00:00","dateModified":"2026-03-18T04:03:59+00:00","breadcrumb":{"@id":"https:\/\/begamer.cz\/sk\/produkt\/monster-hunter-rise-sunbreak-deluxe-edition-sk\/#breadcrumb"},"inLanguage":"sk-SK","potentialAction":[{"@type":"ReadAction","target":["https:\/\/begamer.cz\/sk\/produkt\/monster-hunter-rise-sunbreak-deluxe-edition-sk\/"]}]},{"@type":"ImageObject","inLanguage":"sk-SK","@id":"https:\/\/begamer.cz\/sk\/produkt\/monster-hunter-rise-sunbreak-deluxe-edition-sk\/#primaryimage","url":"https:\/\/begamer.cz\/wp-content\/uploads\/2026\/01\/monster-hunter-rise-sunbreak-deluxe-edition-5.webp","contentUrl":"https:\/\/begamer.cz\/wp-content\/uploads\/2026\/01\/monster-hunter-rise-sunbreak-deluxe-edition-5.webp","width":300,"height":400},{"@type":"BreadcrumbList","@id":"https:\/\/begamer.cz\/sk\/produkt\/monster-hunter-rise-sunbreak-deluxe-edition-sk\/#breadcrumb","itemListElement":[{"@type":"ListItem","position":1,"name":"Domov","item":"https:\/\/begamer.cz\/sk\/"},{"@type":"ListItem","position":2,"name":"Obchod","item":"https:\/\/begamer.cz\/obchod\/"},{"@type":"ListItem","position":3,"name":"Monster Hunter Rise: Sunbreak &#8211; Deluxe Edition"}]},{"@type":"WebSite","@id":"https:\/\/begamer.cz\/sk\/#website","url":"https:\/\/begamer.cz\/sk\/","name":"BeGamer.cz","description":"","publisher":{"@id":"https:\/\/begamer.cz\/sk\/#organization"},"potentialAction":[{"@type":"SearchAction","target":{"@type":"EntryPoint","urlTemplate":"https:\/\/begamer.cz\/sk\/?s={search_term_string}"},"query-input":{"@type":"PropertyValueSpecification","valueRequired":true,"valueName":"search_term_string"}}],"inLanguage":"sk-SK"},{"@type":"Organization","@id":"https:\/\/begamer.cz\/sk\/#organization","name":"BeGamer.cz","url":"https:\/\/begamer.cz\/sk\/","logo":{"@type":"ImageObject","inLanguage":"sk-SK","@id":"https:\/\/begamer.cz\/sk\/#\/schema\/logo\/image\/","url":"https:\/\/begamer.cz\/wp-content\/uploads\/2025\/07\/logo.svg","contentUrl":"https:\/\/begamer.cz\/wp-content\/uploads\/2025\/07\/logo.svg","caption":"BeGamer.cz"},"image":{"@id":"https:\/\/begamer.cz\/sk\/#\/schema\/logo\/image\/"}}]}},"acf":[],"_links":{"self":[{"href":"https:\/\/begamer.cz\/sk\/wp-json\/wp\/v2\/product\/95918","targetHints":{"allow":["GET"]}}],"collection":[{"href":"https:\/\/begamer.cz\/sk\/wp-json\/wp\/v2\/product"}],"about":[{"href":"https:\/\/begamer.cz\/sk\/wp-json\/wp\/v2\/types\/product"}],"replies":[{"embeddable":true,"href":"https:\/\/begamer.cz\/sk\/wp-json\/wp\/v2\/comments?post=95918"}],"wp:featuredmedia":[{"embeddable":true,"href":"https:\/\/begamer.cz\/sk\/wp-json\/wp\/v2\/media\/24470"}],"wp:attachment":[{"href":"https:\/\/begamer.cz\/sk\/wp-json\/wp\/v2\/media?parent=95918"}],"wp:term":[{"taxonomy":"product_brand","embeddable":true,"href":"https:\/\/begamer.cz\/sk\/wp-json\/wp\/v2\/product_brand?post=95918"},{"taxonomy":"product_cat","embeddable":true,"href":"https:\/\/begamer.cz\/sk\/wp-json\/wp\/v2\/product_cat?post=95918"},{"taxonomy":"product_tag","embeddable":true,"href":"https:\/\/begamer.cz\/sk\/wp-json\/wp\/v2\/product_tag?post=95918"}],"curies":[{"name":"wp","href":"https:\/\/api.w.org\/{rel}","templated":true}]}}