{"id":95915,"date":"2026-01-30T16:28:24","date_gmt":"2026-01-30T15:28:24","guid":{"rendered":"https:\/\/begamer.cz\/produkt\/monster-hunter-rise-sunbreak-sk\/"},"modified":"2026-03-18T05:03:54","modified_gmt":"2026-03-18T04:03:54","slug":"monster-hunter-rise-sunbreak-sk","status":"publish","type":"product","link":"https:\/\/begamer.cz\/sk\/produkt\/monster-hunter-rise-sunbreak-sk\/","title":{"rendered":"Monster Hunter Rise: Sunbreak"},"content":{"rendered":"<p><strong>Monster Hunter Rise: Roz\u0161\u00edrenie Sunbreak<\/strong><br \/>Svet Monster Hunter Rise sa roz\u0161iruje a prehlbuje v\u010faka tomuto rozsiahlemu roz\u0161\u00edreniu, ktor\u00e9 prin\u00e1\u0161a nov\u00e9 mon\u0161tr\u00e1, nov\u00e9 lokality a ove\u013ea viac!<\/p>\n<ul class=\"bb_ul\">\n<li><strong>Nov\u00e9 dobrodru\u017estvo v dia\u013eave<\/strong><br \/>Zn\u00e1my ako \u201eDivok\u00fd plame\u0148 Kamury\u201d od udalost\u00ed v Monster Hunter Rise, mus\u00edte sa vyda\u0165 na cestu, aby ste odhalili pr\u00ed\u010dinu hroznej hrozby, ktor\u00e1 \u010d\u00edha na kr\u00e1\u013eovstvo za morom!<br \/><span class=\"bb_img_ctn\"><video class=\"bb_img\" autoplay muted loop playsinline poster=\"https:\/\/shared.akamai.steamstatic.com\/store_item_assets\/steam\/apps\/1880360\/extras\/d31f5eea7c5b5d3910421243dd018013.poster.avif?t=1753350642\" width=616 height=180 ><source src=\"https:\/\/shared.akamai.steamstatic.com\/store_item_assets\/steam\/apps\/1880360\/extras\/d31f5eea7c5b5d3910421243dd018013.webm?t=1753350642\" type=\"video\/webm; codecs=vp9\"><source src=\"https:\/\/shared.akamai.steamstatic.com\/store_item_assets\/steam\/apps\/1880360\/extras\/d31f5eea7c5b5d3910421243dd018013.mp4?t=1753350642\" type=\"video\/mp4\"><\/video><\/span>\n<\/li>\n<li><strong>Pr\u00edchod nov\u00fdch nepriate\u013eov, n\u00e1vrat star\u00fdch<\/strong><br \/><strong>Nepriate\u013eov<\/strong> Po pr\u00edchode do Elgado Outpost zist\u00edte, \u017ee abnorm\u00e1lne udalosti ohrozuj\u00face toto kr\u00e1\u013eovstvo s\u00fa sp\u00f4soben\u00e9 Malzenom, Lunagaronom a Garangolmom \u2013 desiv\u00fdmi mon\u0161trami, ktor\u00e9 s\u00fa miestnymi obyvate\u013emi zn\u00e1me ako Traja p\u00e1ni. Okrem t\u00fdchto nov\u00fdch nepriate\u013eov sa mus\u00edte postavi\u0165 aj star\u00fdm nepriate\u013eom, ke\u010f\u017ee sa vracaj\u00fa mon\u0161tr\u00e1 zo s\u00e9rie, ktor\u00e9 sa v Monster Hunter Rise neobjavili!<br \/><span class=\"bb_img_ctn\"><video class=\"bb_img\" autoplay muted loop playsinline poster=\"https:\/\/shared.akamai.steamstatic.com\/store_item_assets\/steam\/apps\/1880360\/extras\/d1a05051c4e20f0724ac09d213a9b976.poster.avif?t=1753350642\" width=616 height=180 ><source src=\"https:\/\/shared.akamai.steamstatic.com\/store_item_assets\/steam\/apps\/1880360\/extras\/d1a05051c4e20f0724ac09d213a9b976.webm?t=1753350642\" type=\"video\/webm; codecs=vp9\"><source src=\"https:\/\/shared.akamai.steamstatic.com\/store_item_assets\/steam\/apps\/1880360\/extras\/d1a05051c4e20f0724ac09d213a9b976.mp4?t=1753350642\" type=\"video\/mp4\"><\/video><\/span>\n<\/li>\n<li><strong>Hlb\u0161ia hrate\u013enos\u0165<\/strong><br \/>V\u00e1\u0161 vern\u00fd Wirebug sa vracia a je u\u017eito\u010dnej\u0161\u00ed ako kedyko\u013evek predt\u00fdm, s pridan\u00edm nov\u00fdch schopnost\u00ed pre v\u0161etk\u00fdch 14 typov zbran\u00ed, ktor\u00e9 prin\u00e1\u0161aj\u00fa nov\u00fa \u00farove\u0148 flexibility a h\u013abky do loveckej akcie.<br \/><span class=\"bb_img_ctn\"><video class=\"bb_img\" autoplay muted loop playsinline poster=\"https:\/\/shared.akamai.steamstatic.com\/store_item_assets\/steam\/apps\/1880360\/extras\/1cd1b2476885920a5282e82baae553ce.poster.avif?t=1753350642\" width=616 height=180 ><source src=\"https:\/\/shared.akamai.steamstatic.com\/store_item_assets\/steam\/apps\/1880360\/extras\/1cd1b2476885920a5282e82baae553ce.webm?t=1753350642\" type=\"video\/webm; codecs=vp9\"><source src=\"https:\/\/shared.akamai.steamstatic.com\/store_item_assets\/steam\/apps\/1880360\/extras\/1cd1b2476885920a5282e82baae553ce.mp4?t=1753350642\" type=\"video\/mp4\"><\/video><\/span>\n<\/li>\n<li><strong>Pestr\u00e1 plej\u00e1da post\u00e1v<\/strong><br \/>Va\u0161a nov\u00e1 opera\u010dn\u00e1 z\u00e1klad\u0148a pon\u00faka mno\u017estvo miestnych obyvate\u013eov, s ktor\u00fdmi m\u00f4\u017eete komunikova\u0165 a z ktor\u00fdch ka\u017ed\u00fd m\u00e1 svoju vlastn\u00fa charizmatick\u00fa osobnos\u0165. Niekedy bud\u00fa potrebova\u0165 pomoc v\u00e1\u0161ho lovca a inokedy to bud\u00fa oni, kto pom\u00f4\u017ee v\u00e1m!<br \/><span class=\"bb_img_ctn\"><video class=\"bb_img\" autoplay muted loop playsinline poster=\"https:\/\/shared.akamai.steamstatic.com\/store_item_assets\/steam\/apps\/1880360\/extras\/027380a805ac22fc59b6ad86bff90624.poster.avif?t=1753350642\" width=616 height=180 ><source src=\"https:\/\/shared.akamai.steamstatic.com\/store_item_assets\/steam\/apps\/1880360\/extras\/027380a805ac22fc59b6ad86bff90624.webm?t=1753350642\" type=\"video\/webm; codecs=vp9\"><source src=\"https:\/\/shared.akamai.steamstatic.com\/store_item_assets\/steam\/apps\/1880360\/extras\/027380a805ac22fc59b6ad86bff90624.mp4?t=1753350642\" type=\"video\/mp4\"><\/video><\/span><\/li>\n<\/ul>\n<p>Pozn\u00e1mka: Na hranie tohto roz\u0161\u00edrenia mus\u00edte vlastni\u0165 hru Monster Hunter Rise. Obsah Sunbreak je dostupn\u00fd po dokon\u010den\u00ed 7-hviezdi\u010dkovej \u00falohy \u201eSerpent Goddess of Thunder\u201c.    Ak si tento obsah zak\u00fapite, ke\u010f je hra otvoren\u00e1, mus\u00edte ju re\u0161tartova\u0165, aby ste mali k nemu pr\u00edstup.<\/p>\n","protected":false},"excerpt":{"rendered":"<p>Monster Hunter Rise: Roz\u0161\u00edrenie Sunbreak Svet Monster Hunter Rise sa roz\u0161iruje a prehlbuje v\u010faka tomuto rozsiahlemu roz\u0161\u00edreniu, ktor\u00e9 prin\u00e1\u0161a nov\u00e9 mon\u0161tr\u00e1, nov\u00e9 lokality a mnoho \u010fal\u0161ieho!<\/p>\n","protected":false},"featured_media":62788,"comment_status":"open","ping_status":"closed","template":"","meta":{"_acf_changed":false},"product_brand":[],"product_cat":[420,431,398,400],"product_tag":[],"class_list":{"0":"post-95915","1":"product","2":"type-product","3":"status-publish","4":"has-post-thumbnail","6":"product_cat-akcne-xbox-one","7":"product_cat-rpg-xbox-one-sk","8":"product_cat-xbox-hry-sk","9":"product_cat-xbox-one-sk","10":"pa_audio-en-us","12":"pa_audio-ja-jp","14":"pa_countries-at","15":"pa_countries-be","16":"pa_countries-bg","17":"pa_countries-cy","18":"pa_countries-cz","20":"pa_countries-de","21":"pa_countries-dk","22":"pa_countries-ee","23":"pa_countries-es","24":"pa_countries-fi","25":"pa_countries-fr","26":"pa_countries-gr","27":"pa_countries-hr","28":"pa_countries-hu","29":"pa_countries-ie","30":"pa_countries-it","31":"pa_countries-lt","32":"pa_countries-lu","33":"pa_countries-lv","34":"pa_countries-mt","35":"pa_countries-nl","36":"pa_countries-pl","37":"pa_countries-pt","38":"pa_countries-ro","39":"pa_countries-se","40":"pa_countries-si","41":"pa_countries-sk","43":"pa_developer-capcom","45":"pa_engine-re-engine","47":"pa_franchises-monster-hunter","49":"pa_game_type-dlc","51":"pa_genres-hack-and-slash-beat-em-up","53":"pa_genres-role-playing-rpg","55":"pa_interface-ar","56":"pa_interface-de-de","57":"pa_interface-en-us","58":"pa_interface-es-es","59":"pa_interface-fr-fr","60":"pa_interface-it-it","61":"pa_interface-ja-jp","62":"pa_interface-ko-kr","63":"pa_interface-pl-pl","64":"pa_interface-pt-br","66":"pa_interface-ru-ru","68":"pa_interface-zh-cn","69":"pa_interface-zh-tw","70":"pa_keywords-hunting","72":"pa_keywords-monster","73":"pa_keywords-monster-hunter","74":"pa_modes-co-operative","76":"pa_modes-multiplayer","78":"pa_modes-single-player","79":"pa_pegi-13428","80":"pa_pegi-927","81":"pa_platform-xbox-series-x-s-xbox-one-windows","83":"pa_player_perspectives-third-person","85":"pa_publisher-capcom","87":"pa_rating-14446","88":"pa_rating-795","89":"pa_region-europe","91":"pa_subtitles-ar","92":"pa_subtitles-de-de","94":"pa_subtitles-en-us","95":"pa_subtitles-es-es","96":"pa_subtitles-fr-fr","97":"pa_subtitles-it-it","98":"pa_subtitles-ja-jp","99":"pa_subtitles-ko-kr","100":"pa_subtitles-pl-pl","101":"pa_subtitles-pt-br","102":"pa_subtitles-ru-ru","104":"pa_subtitles-zh-cn","105":"pa_subtitles-zh-tw","106":"pa_themes-action","108":"pa_themes-survival","111":"first","112":"instock","113":"virtual","114":"taxable","115":"purchasable","116":"product-type-simple"},"yoast_head":"<!-- This site is optimized with the Yoast SEO plugin v27.3 - https:\/\/yoast.com\/product\/yoast-seo-wordpress\/ -->\n<title>Monster Hunter Rise: Sunbreak | BeGamer.cz<\/title>\n<meta name=\"robots\" content=\"index, follow, max-snippet:-1, max-image-preview:large, max-video-preview:-1\" \/>\n<link rel=\"canonical\" href=\"https:\/\/begamer.cz\/sk\/produkt\/monster-hunter-rise-sunbreak-sk\/\" \/>\n<meta property=\"og:locale\" content=\"sk_SK\" \/>\n<meta property=\"og:type\" content=\"article\" \/>\n<meta property=\"og:title\" content=\"Monster Hunter Rise: Sunbreak | BeGamer.cz\" \/>\n<meta property=\"og:description\" content=\"Monster Hunter Rise: Roz\u0161\u00edrenie Sunbreak Svet Monster Hunter Rise sa roz\u0161iruje a prehlbuje v\u010faka tomuto rozsiahlemu roz\u0161\u00edreniu, ktor\u00e9 prin\u00e1\u0161a nov\u00e9 mon\u0161tr\u00e1, nov\u00e9 lokality a mnoho \u010fal\u0161ieho!\" \/>\n<meta property=\"og:url\" content=\"https:\/\/begamer.cz\/sk\/produkt\/monster-hunter-rise-sunbreak-sk\/\" \/>\n<meta property=\"og:site_name\" content=\"BeGamer.cz\" \/>\n<meta property=\"article:modified_time\" content=\"2026-03-18T04:03:54+00:00\" \/>\n<meta property=\"og:image\" content=\"https:\/\/begamer.cz\/wp-content\/uploads\/2026\/01\/monster-hunter-rise-sunbreak-5.webp\" \/>\n\t<meta property=\"og:image:width\" content=\"300\" \/>\n\t<meta property=\"og:image:height\" content=\"400\" \/>\n\t<meta property=\"og:image:type\" content=\"image\/webp\" \/>\n<meta name=\"twitter:card\" content=\"summary_large_image\" \/>\n<meta name=\"twitter:label1\" content=\"Predpokladan\u00fd \u010das \u010d\u00edtania\" \/>\n\t<meta name=\"twitter:data1\" content=\"1 min\u00fata\" \/>\n<script type=\"application\/ld+json\" class=\"yoast-schema-graph\">{\"@context\":\"https:\\\/\\\/schema.org\",\"@graph\":[{\"@type\":\"WebPage\",\"@id\":\"https:\\\/\\\/begamer.cz\\\/sk\\\/produkt\\\/monster-hunter-rise-sunbreak-sk\\\/\",\"url\":\"https:\\\/\\\/begamer.cz\\\/sk\\\/produkt\\\/monster-hunter-rise-sunbreak-sk\\\/\",\"name\":\"Monster Hunter Rise: Sunbreak | BeGamer.cz\",\"isPartOf\":{\"@id\":\"https:\\\/\\\/begamer.cz\\\/sk\\\/#website\"},\"primaryImageOfPage\":{\"@id\":\"https:\\\/\\\/begamer.cz\\\/sk\\\/produkt\\\/monster-hunter-rise-sunbreak-sk\\\/#primaryimage\"},\"image\":{\"@id\":\"https:\\\/\\\/begamer.cz\\\/sk\\\/produkt\\\/monster-hunter-rise-sunbreak-sk\\\/#primaryimage\"},\"thumbnailUrl\":\"https:\\\/\\\/begamer.cz\\\/wp-content\\\/uploads\\\/2026\\\/01\\\/monster-hunter-rise-sunbreak-5.webp\",\"datePublished\":\"2026-01-30T15:28:24+00:00\",\"dateModified\":\"2026-03-18T04:03:54+00:00\",\"breadcrumb\":{\"@id\":\"https:\\\/\\\/begamer.cz\\\/sk\\\/produkt\\\/monster-hunter-rise-sunbreak-sk\\\/#breadcrumb\"},\"inLanguage\":\"sk-SK\",\"potentialAction\":[{\"@type\":\"ReadAction\",\"target\":[\"https:\\\/\\\/begamer.cz\\\/sk\\\/produkt\\\/monster-hunter-rise-sunbreak-sk\\\/\"]}]},{\"@type\":\"ImageObject\",\"inLanguage\":\"sk-SK\",\"@id\":\"https:\\\/\\\/begamer.cz\\\/sk\\\/produkt\\\/monster-hunter-rise-sunbreak-sk\\\/#primaryimage\",\"url\":\"https:\\\/\\\/begamer.cz\\\/wp-content\\\/uploads\\\/2026\\\/01\\\/monster-hunter-rise-sunbreak-5.webp\",\"contentUrl\":\"https:\\\/\\\/begamer.cz\\\/wp-content\\\/uploads\\\/2026\\\/01\\\/monster-hunter-rise-sunbreak-5.webp\",\"width\":300,\"height\":400},{\"@type\":\"BreadcrumbList\",\"@id\":\"https:\\\/\\\/begamer.cz\\\/sk\\\/produkt\\\/monster-hunter-rise-sunbreak-sk\\\/#breadcrumb\",\"itemListElement\":[{\"@type\":\"ListItem\",\"position\":1,\"name\":\"Domov\",\"item\":\"https:\\\/\\\/begamer.cz\\\/sk\\\/\"},{\"@type\":\"ListItem\",\"position\":2,\"name\":\"Obchod\",\"item\":\"https:\\\/\\\/begamer.cz\\\/obchod\\\/\"},{\"@type\":\"ListItem\",\"position\":3,\"name\":\"Monster Hunter Rise: Sunbreak\"}]},{\"@type\":\"WebSite\",\"@id\":\"https:\\\/\\\/begamer.cz\\\/sk\\\/#website\",\"url\":\"https:\\\/\\\/begamer.cz\\\/sk\\\/\",\"name\":\"BeGamer.cz\",\"description\":\"\",\"publisher\":{\"@id\":\"https:\\\/\\\/begamer.cz\\\/sk\\\/#organization\"},\"potentialAction\":[{\"@type\":\"SearchAction\",\"target\":{\"@type\":\"EntryPoint\",\"urlTemplate\":\"https:\\\/\\\/begamer.cz\\\/sk\\\/?s={search_term_string}\"},\"query-input\":{\"@type\":\"PropertyValueSpecification\",\"valueRequired\":true,\"valueName\":\"search_term_string\"}}],\"inLanguage\":\"sk-SK\"},{\"@type\":\"Organization\",\"@id\":\"https:\\\/\\\/begamer.cz\\\/sk\\\/#organization\",\"name\":\"BeGamer.cz\",\"url\":\"https:\\\/\\\/begamer.cz\\\/sk\\\/\",\"logo\":{\"@type\":\"ImageObject\",\"inLanguage\":\"sk-SK\",\"@id\":\"https:\\\/\\\/begamer.cz\\\/sk\\\/#\\\/schema\\\/logo\\\/image\\\/\",\"url\":\"https:\\\/\\\/begamer.cz\\\/wp-content\\\/uploads\\\/2025\\\/07\\\/logo.svg\",\"contentUrl\":\"https:\\\/\\\/begamer.cz\\\/wp-content\\\/uploads\\\/2025\\\/07\\\/logo.svg\",\"caption\":\"BeGamer.cz\"},\"image\":{\"@id\":\"https:\\\/\\\/begamer.cz\\\/sk\\\/#\\\/schema\\\/logo\\\/image\\\/\"}}]}<\/script>\n<!-- \/ Yoast SEO plugin. -->","yoast_head_json":{"title":"Monster Hunter Rise: Sunbreak | BeGamer.cz","robots":{"index":"index","follow":"follow","max-snippet":"max-snippet:-1","max-image-preview":"max-image-preview:large","max-video-preview":"max-video-preview:-1"},"canonical":"https:\/\/begamer.cz\/sk\/produkt\/monster-hunter-rise-sunbreak-sk\/","og_locale":"sk_SK","og_type":"article","og_title":"Monster Hunter Rise: Sunbreak | BeGamer.cz","og_description":"Monster Hunter Rise: Roz\u0161\u00edrenie Sunbreak Svet Monster Hunter Rise sa roz\u0161iruje a prehlbuje v\u010faka tomuto rozsiahlemu roz\u0161\u00edreniu, ktor\u00e9 prin\u00e1\u0161a nov\u00e9 mon\u0161tr\u00e1, nov\u00e9 lokality a mnoho \u010fal\u0161ieho!","og_url":"https:\/\/begamer.cz\/sk\/produkt\/monster-hunter-rise-sunbreak-sk\/","og_site_name":"BeGamer.cz","article_modified_time":"2026-03-18T04:03:54+00:00","og_image":[{"width":300,"height":400,"url":"https:\/\/begamer.cz\/wp-content\/uploads\/2026\/01\/monster-hunter-rise-sunbreak-5.webp","type":"image\/webp"}],"twitter_card":"summary_large_image","twitter_misc":{"Predpokladan\u00fd \u010das \u010d\u00edtania":"1 min\u00fata"},"schema":{"@context":"https:\/\/schema.org","@graph":[{"@type":"WebPage","@id":"https:\/\/begamer.cz\/sk\/produkt\/monster-hunter-rise-sunbreak-sk\/","url":"https:\/\/begamer.cz\/sk\/produkt\/monster-hunter-rise-sunbreak-sk\/","name":"Monster Hunter Rise: Sunbreak | BeGamer.cz","isPartOf":{"@id":"https:\/\/begamer.cz\/sk\/#website"},"primaryImageOfPage":{"@id":"https:\/\/begamer.cz\/sk\/produkt\/monster-hunter-rise-sunbreak-sk\/#primaryimage"},"image":{"@id":"https:\/\/begamer.cz\/sk\/produkt\/monster-hunter-rise-sunbreak-sk\/#primaryimage"},"thumbnailUrl":"https:\/\/begamer.cz\/wp-content\/uploads\/2026\/01\/monster-hunter-rise-sunbreak-5.webp","datePublished":"2026-01-30T15:28:24+00:00","dateModified":"2026-03-18T04:03:54+00:00","breadcrumb":{"@id":"https:\/\/begamer.cz\/sk\/produkt\/monster-hunter-rise-sunbreak-sk\/#breadcrumb"},"inLanguage":"sk-SK","potentialAction":[{"@type":"ReadAction","target":["https:\/\/begamer.cz\/sk\/produkt\/monster-hunter-rise-sunbreak-sk\/"]}]},{"@type":"ImageObject","inLanguage":"sk-SK","@id":"https:\/\/begamer.cz\/sk\/produkt\/monster-hunter-rise-sunbreak-sk\/#primaryimage","url":"https:\/\/begamer.cz\/wp-content\/uploads\/2026\/01\/monster-hunter-rise-sunbreak-5.webp","contentUrl":"https:\/\/begamer.cz\/wp-content\/uploads\/2026\/01\/monster-hunter-rise-sunbreak-5.webp","width":300,"height":400},{"@type":"BreadcrumbList","@id":"https:\/\/begamer.cz\/sk\/produkt\/monster-hunter-rise-sunbreak-sk\/#breadcrumb","itemListElement":[{"@type":"ListItem","position":1,"name":"Domov","item":"https:\/\/begamer.cz\/sk\/"},{"@type":"ListItem","position":2,"name":"Obchod","item":"https:\/\/begamer.cz\/obchod\/"},{"@type":"ListItem","position":3,"name":"Monster Hunter Rise: Sunbreak"}]},{"@type":"WebSite","@id":"https:\/\/begamer.cz\/sk\/#website","url":"https:\/\/begamer.cz\/sk\/","name":"BeGamer.cz","description":"","publisher":{"@id":"https:\/\/begamer.cz\/sk\/#organization"},"potentialAction":[{"@type":"SearchAction","target":{"@type":"EntryPoint","urlTemplate":"https:\/\/begamer.cz\/sk\/?s={search_term_string}"},"query-input":{"@type":"PropertyValueSpecification","valueRequired":true,"valueName":"search_term_string"}}],"inLanguage":"sk-SK"},{"@type":"Organization","@id":"https:\/\/begamer.cz\/sk\/#organization","name":"BeGamer.cz","url":"https:\/\/begamer.cz\/sk\/","logo":{"@type":"ImageObject","inLanguage":"sk-SK","@id":"https:\/\/begamer.cz\/sk\/#\/schema\/logo\/image\/","url":"https:\/\/begamer.cz\/wp-content\/uploads\/2025\/07\/logo.svg","contentUrl":"https:\/\/begamer.cz\/wp-content\/uploads\/2025\/07\/logo.svg","caption":"BeGamer.cz"},"image":{"@id":"https:\/\/begamer.cz\/sk\/#\/schema\/logo\/image\/"}}]}},"acf":[],"_links":{"self":[{"href":"https:\/\/begamer.cz\/sk\/wp-json\/wp\/v2\/product\/95915","targetHints":{"allow":["GET"]}}],"collection":[{"href":"https:\/\/begamer.cz\/sk\/wp-json\/wp\/v2\/product"}],"about":[{"href":"https:\/\/begamer.cz\/sk\/wp-json\/wp\/v2\/types\/product"}],"replies":[{"embeddable":true,"href":"https:\/\/begamer.cz\/sk\/wp-json\/wp\/v2\/comments?post=95915"}],"wp:featuredmedia":[{"embeddable":true,"href":"https:\/\/begamer.cz\/sk\/wp-json\/wp\/v2\/media\/62788"}],"wp:attachment":[{"href":"https:\/\/begamer.cz\/sk\/wp-json\/wp\/v2\/media?parent=95915"}],"wp:term":[{"taxonomy":"product_brand","embeddable":true,"href":"https:\/\/begamer.cz\/sk\/wp-json\/wp\/v2\/product_brand?post=95915"},{"taxonomy":"product_cat","embeddable":true,"href":"https:\/\/begamer.cz\/sk\/wp-json\/wp\/v2\/product_cat?post=95915"},{"taxonomy":"product_tag","embeddable":true,"href":"https:\/\/begamer.cz\/sk\/wp-json\/wp\/v2\/product_tag?post=95915"}],"curies":[{"name":"wp","href":"https:\/\/api.w.org\/{rel}","templated":true}]}}