{"id":95804,"date":"2026-01-30T16:26:52","date_gmt":"2026-01-30T15:26:52","guid":{"rendered":"https:\/\/begamer.cz\/produkt\/blackhole-simulator-sk\/"},"modified":"2026-03-18T04:57:44","modified_gmt":"2026-03-18T03:57:44","slug":"blackhole-simulator-sk","status":"publish","type":"product","link":"https:\/\/begamer.cz\/sk\/produkt\/blackhole-simulator-sk\/","title":{"rendered":"Blackhole Simulator"},"content":{"rendered":"<p class=\"bb_paragraph\" >Simul\u00e1tor \u010diernej diery je neakt\u00edvna hra, v ktorej za\u010d\u00ednate ako mal\u00e1 \u010dierna diera a rastiete a vyv\u00edjate sa, ako zbierate vylep\u0161enia.<\/p>\n<p class=\"bb_paragraph\" >-funkcie<\/p>\n<ul class=\"bb_ul\">\n<li>\n<p class=\"bb_paragraph\" >3 skladby, ktor\u00e9 m\u00f4\u017eete po\u010d\u00fava\u0165 po\u010das hry<\/p>\n<\/li>\n<li>\n<p class=\"bb_paragraph\" >idle syst\u00e9m zbierania, ktor\u00fd v\u00e1m ka\u017ed\u00fdch p\u00e1r sek\u00fand prin\u00e1\u0161a zlato<\/p>\n<\/li>\n<li>\n<p class=\"bb_paragraph\" >podrobn\u00fd syst\u00e9m vylep\u0161en\u00ed s evol\u00faciami<\/p>\n<\/li>\n<li>\n<p class=\"bb_paragraph\" >\u00daspechy v hre, ktor\u00e9 v\u00e1m prin\u00e1\u0161aj\u00fa odmeny a \u00faspechy na Steame<\/p>\n<\/li>\n<li>\n<p class=\"bb_paragraph\" >8 r\u00f4znych evol\u00faci\u00ed pred aktualiz\u00e1ciou ve\u013ekosti galaxie 16 r\u00f4znych evol\u00faci\u00ed po aktualiz\u00e1cii ve\u013ekosti galaxie<\/p>\n<\/li>\n<li>\n<p class=\"bb_paragraph\" >syst\u00e9m v\u00fdhod, ktor\u00fd v\u00e1m m\u00f4\u017ee pom\u00f4c\u0165 aj pri ni\u010den\u00ed<\/p>\n<\/li>\n<li>\n<p class=\"bb_paragraph\" >4 dom\u00e1ce zvierat\u00e1, ktor\u00e9 s\u00fa moment\u00e1lne v hre<\/p>\n<\/li>\n<li>\n<p class=\"bb_paragraph\" >\u00farove\u0148 hrozby sa zvy\u0161uje na z\u00e1klade celkov\u00e9ho po\u010dtu zabit\u00ed z\u00edskavanie pas\u00edvnych schopnost\u00ed v priebehu \u010dasu<\/p>\n<\/li>\n<li>\n<p class=\"bb_paragraph\" >planet\u00e1rny syst\u00e9m, ktor\u00fd v\u00e1m tie\u017e poskytuje v\u00fdhody, bonusy a viac nepriate\u013eov.<\/p>\n<\/li>\n<li>\n<p class=\"bb_paragraph\" >syst\u00e9m nepriate\u013eov v \u0165a\u017ekom re\u017eime, ktor\u00fd v\u00e1m pom\u00e1ha r\u00fdchlej\u0161ie postupova\u0165 v hre.<\/p>\n<\/li>\n<li>\n<p class=\"bb_paragraph\" >viacero r\u00f4znych \u00farovn\u00ed, ktor\u00e9 v\u00e1s zaved\u00fa do r\u00f4znych vesm\u00edrnych bi\u00f3mov<\/p>\n<\/li>\n<li>\n<p class=\"bb_paragraph\" >syst\u00e9m ukladania, ktor\u00fd ulo\u017e\u00ed va\u0161e celkov\u00e9 zlato a \u00farove\u0148 ohrozenia<\/p>\n<\/li>\n<li>\n<p class=\"bb_paragraph\" >respec ulo\u017een\u00edm a re\u0161tartovan\u00edm hry. Ak sa v\u00e1m nep\u00e1\u010di va\u0161a \u010dierna diera, v\u017edy m\u00f4\u017eete vysk\u00fa\u0161a\u0165 in\u00fa.<\/p>\n<\/li>\n<li>\n<p class=\"bb_paragraph\" >aktualiz\u00e1cia ve\u013ekosti galaxie \u2013 14. m\u00e1ja vyd\u00e1m aktualiz\u00e1ciu ve\u013ekosti galaxie, ktor\u00e1 prid\u00e1 8 nov\u00fdch evol\u00faci\u00ed prezentovan\u00fdch v novom traileri. Prid\u00e1 tie\u017e \u010fal\u0161ie \u00farovne a syst\u00e9m \u00faloh!<\/p>\n<\/li>\n<\/ul>\n<p class=\"bb_paragraph\" >\n<p class=\"bb_paragraph\" >Tak \u010do, ste pripraven\u00ed pohltn\u00fa\u0165 galaxiu?<\/p>\n","protected":false},"excerpt":{"rendered":"<p>Objavujte tajomstv\u00e1 vesm\u00edru v simul\u00e1tore \u010diernej diery. Ovl\u00e1dajte gravit\u00e1ciu, vytv\u00e1rajte \u010dierne diery a sledujte \u00fa\u017easn\u00e9 kozmick\u00e9 javy. Ide\u00e1lne pre nad\u0161encov vedy a hr\u00e1\u010dov, ktor\u00ed h\u013eadaj\u00fa pohlcuj\u00faci vzdel\u00e1vac\u00ed z\u00e1\u017eitok v oblasti astrofyziky. Otestujte svoje vedomosti o vesm\u00edre e\u0161te dnes!<\/p>\n","protected":false},"featured_media":18772,"comment_status":"open","ping_status":"closed","template":"","meta":{"_acf_changed":false},"product_brand":[],"product_cat":[272,294,268,266,312],"product_tag":[],"class_list":{"0":"post-95804","1":"product","2":"type-product","3":"status-publish","4":"has-post-thumbnail","6":"product_cat-akcni-pc-sk","7":"product_cat-logicke-pc-hry-sk","8":"product_cat-pc-sk","9":"product_cat-pc-hry-sk","10":"product_cat-steam-pc-sk","11":"pa_countries-ad","12":"pa_countries-ae","13":"pa_countries-af","14":"pa_countries-ag","15":"pa_countries-ai","16":"pa_countries-al","17":"pa_countries-am","18":"pa_countries-ao","19":"pa_countries-aq","20":"pa_countries-ar","21":"pa_countries-as","22":"pa_countries-at","23":"pa_countries-au","24":"pa_countries-aw","25":"pa_countries-ax","26":"pa_countries-az","27":"pa_countries-ba","28":"pa_countries-bb","29":"pa_countries-bd","30":"pa_countries-be","31":"pa_countries-bf","32":"pa_countries-bg","33":"pa_countries-bh","34":"pa_countries-bi","35":"pa_countries-bj","36":"pa_countries-bl","37":"pa_countries-bm","38":"pa_countries-bn","39":"pa_countries-bo","40":"pa_countries-bq","41":"pa_countries-br","42":"pa_countries-bs","43":"pa_countries-bt","44":"pa_countries-bv","45":"pa_countries-bw","46":"pa_countries-bz","47":"pa_countries-ca","48":"pa_countries-cc","49":"pa_countries-cd","50":"pa_countries-cf","51":"pa_countries-cg","52":"pa_countries-ch","53":"pa_countries-ci","54":"pa_countries-ck","55":"pa_countries-cl","56":"pa_countries-cm","57":"pa_countries-cn","58":"pa_countries-co","59":"pa_countries-cr","60":"pa_countries-cu","61":"pa_countries-cv","62":"pa_countries-cw","63":"pa_countries-cx","64":"pa_countries-cy","65":"pa_countries-cz","66":"pa_countries-de","67":"pa_countries-dj","68":"pa_countries-dk","69":"pa_countries-dm","70":"pa_countries-do","71":"pa_countries-dz","72":"pa_countries-ec","73":"pa_countries-ee","74":"pa_countries-eg","75":"pa_countries-eh","76":"pa_countries-er","77":"pa_countries-es","78":"pa_countries-et","79":"pa_countries-fi","80":"pa_countries-fj","81":"pa_countries-fk","82":"pa_countries-fm","83":"pa_countries-fo","84":"pa_countries-fr","85":"pa_countries-ga","86":"pa_countries-gb","87":"pa_countries-gd","88":"pa_countries-ge","89":"pa_countries-gf","90":"pa_countries-gg","91":"pa_countries-gh","92":"pa_countries-gi","93":"pa_countries-gl","94":"pa_countries-gm","95":"pa_countries-gn","96":"pa_countries-gp","97":"pa_countries-gq","98":"pa_countries-gr","99":"pa_countries-gs","100":"pa_countries-gt","101":"pa_countries-gu","102":"pa_countries-gw","103":"pa_countries-gy","104":"pa_countries-hk","105":"pa_countries-hm","106":"pa_countries-hn","107":"pa_countries-hr","108":"pa_countries-ht","109":"pa_countries-hu","110":"pa_countries-id","111":"pa_countries-ie","112":"pa_countries-il","113":"pa_countries-im","114":"pa_countries-in","115":"pa_countries-io","116":"pa_countries-iq","117":"pa_countries-ir","118":"pa_countries-is","119":"pa_countries-it","120":"pa_countries-je","121":"pa_countries-jm","122":"pa_countries-jo","123":"pa_countries-jp","124":"pa_countries-ke","125":"pa_countries-kg","126":"pa_countries-kh","127":"pa_countries-ki","128":"pa_countries-km","129":"pa_countries-kn","130":"pa_countries-kp","131":"pa_countries-kr","132":"pa_countries-kw","133":"pa_countries-ky","134":"pa_countries-kz","135":"pa_countries-la","136":"pa_countries-lb","137":"pa_countries-lc","138":"pa_countries-li","139":"pa_countries-lk","140":"pa_countries-lr","141":"pa_countries-ls","142":"pa_countries-lt","143":"pa_countries-lu","144":"pa_countries-lv","145":"pa_countries-ly","146":"pa_countries-ma","147":"pa_countries-mc","148":"pa_countries-md","149":"pa_countries-me","150":"pa_countries-mf","151":"pa_countries-mg","152":"pa_countries-mh","153":"pa_countries-mk","154":"pa_countries-ml","155":"pa_countries-mm","156":"pa_countries-mn","157":"pa_countries-mo","158":"pa_countries-mp","159":"pa_countries-mq","160":"pa_countries-mr","161":"pa_countries-ms","162":"pa_countries-mt","163":"pa_countries-mu","164":"pa_countries-mv","165":"pa_countries-mw","166":"pa_countries-mx","167":"pa_countries-my","168":"pa_countries-mz","169":"pa_countries-na","170":"pa_countries-nc","171":"pa_countries-ne","172":"pa_countries-nf","173":"pa_countries-ng","174":"pa_countries-ni","175":"pa_countries-nl","176":"pa_countries-no","177":"pa_countries-np","178":"pa_countries-nr","179":"pa_countries-nu","180":"pa_countries-nz","181":"pa_countries-om","182":"pa_countries-pa","183":"pa_countries-pe","184":"pa_countries-pf","185":"pa_countries-pg","186":"pa_countries-ph","187":"pa_countries-pk","188":"pa_countries-pl","189":"pa_countries-pm","190":"pa_countries-pn","191":"pa_countries-pr","192":"pa_countries-ps","193":"pa_countries-pt","194":"pa_countries-pw","195":"pa_countries-py","196":"pa_countries-qa","197":"pa_countries-re","198":"pa_countries-ro","199":"pa_countries-rs","200":"pa_countries-rw","201":"pa_countries-sa","202":"pa_countries-sb","203":"pa_countries-sc","204":"pa_countries-sd","205":"pa_countries-se","206":"pa_countries-sg","207":"pa_countries-sh","208":"pa_countries-si","209":"pa_countries-sj","210":"pa_countries-sk","211":"pa_countries-sl","212":"pa_countries-sm","213":"pa_countries-sn","214":"pa_countries-so","215":"pa_countries-sr","216":"pa_countries-ss","218":"pa_countries-st","219":"pa_countries-sv","220":"pa_countries-sx","221":"pa_countries-sy","222":"pa_countries-sz","223":"pa_countries-tc","224":"pa_countries-td","225":"pa_countries-tf","226":"pa_countries-tg","227":"pa_countries-th","228":"pa_countries-tj","229":"pa_countries-tk","230":"pa_countries-tl","231":"pa_countries-tm","232":"pa_countries-tn","233":"pa_countries-to","234":"pa_countries-tr","235":"pa_countries-tt","236":"pa_countries-tv","237":"pa_countries-tw","238":"pa_countries-tz","239":"pa_countries-ua","240":"pa_countries-ug","241":"pa_countries-um","242":"pa_countries-us","243":"pa_countries-uy","244":"pa_countries-uz","245":"pa_countries-va","246":"pa_countries-vc","247":"pa_countries-ve","248":"pa_countries-vg","249":"pa_countries-vi","250":"pa_countries-vn","251":"pa_countries-vu","252":"pa_countries-wf","253":"pa_countries-ws","254":"pa_countries-xk","256":"pa_countries-ye","257":"pa_countries-yt","258":"pa_countries-za","259":"pa_countries-zm","260":"pa_countries-zw","261":"pa_game_type-main_game","263":"pa_interface-en-us","265":"pa_modes-single-player","267":"pa_platform-pc-steam","269":"pa_rating-773","270":"pa_rating-14441","271":"pa_region-global","273":"pa_subtitles-en-us","276":"first","277":"instock","278":"virtual","279":"taxable","280":"purchasable","281":"product-type-simple"},"yoast_head":"<!-- This site is optimized with the Yoast SEO plugin v27.3 - https:\/\/yoast.com\/product\/yoast-seo-wordpress\/ -->\n<title>Blackhole Simulator | BeGamer.cz<\/title>\n<meta name=\"robots\" content=\"index, follow, max-snippet:-1, max-image-preview:large, max-video-preview:-1\" \/>\n<link rel=\"canonical\" href=\"https:\/\/begamer.cz\/sk\/produkt\/blackhole-simulator-sk\/\" \/>\n<meta property=\"og:locale\" content=\"sk_SK\" \/>\n<meta property=\"og:type\" content=\"article\" \/>\n<meta property=\"og:title\" content=\"Blackhole Simulator | BeGamer.cz\" \/>\n<meta property=\"og:description\" content=\"Objavujte tajomstv\u00e1 vesm\u00edru v simul\u00e1tore \u010diernej diery. Ovl\u00e1dajte gravit\u00e1ciu, vytv\u00e1rajte \u010dierne diery a sledujte \u00fa\u017easn\u00e9 kozmick\u00e9 javy. Ide\u00e1lne pre nad\u0161encov vedy a hr\u00e1\u010dov, ktor\u00ed h\u013eadaj\u00fa pohlcuj\u00faci vzdel\u00e1vac\u00ed z\u00e1\u017eitok v oblasti astrofyziky. Otestujte svoje vedomosti o vesm\u00edre e\u0161te dnes!\" \/>\n<meta property=\"og:url\" content=\"https:\/\/begamer.cz\/sk\/produkt\/blackhole-simulator-sk\/\" \/>\n<meta property=\"og:site_name\" content=\"BeGamer.cz\" \/>\n<meta property=\"article:modified_time\" content=\"2026-03-18T03:57:44+00:00\" \/>\n<meta property=\"og:image\" content=\"https:\/\/begamer.cz\/wp-content\/uploads\/2026\/01\/blackhole-simulator-12.webp\" \/>\n\t<meta property=\"og:image:width\" content=\"300\" \/>\n\t<meta property=\"og:image:height\" content=\"400\" \/>\n\t<meta property=\"og:image:type\" content=\"image\/webp\" \/>\n<meta name=\"twitter:card\" content=\"summary_large_image\" \/>\n<meta name=\"twitter:label1\" content=\"Predpokladan\u00fd \u010das \u010d\u00edtania\" \/>\n\t<meta name=\"twitter:data1\" content=\"1 min\u00fata\" \/>\n<script type=\"application\/ld+json\" class=\"yoast-schema-graph\">{\"@context\":\"https:\\\/\\\/schema.org\",\"@graph\":[{\"@type\":\"WebPage\",\"@id\":\"https:\\\/\\\/begamer.cz\\\/sk\\\/produkt\\\/blackhole-simulator-sk\\\/\",\"url\":\"https:\\\/\\\/begamer.cz\\\/sk\\\/produkt\\\/blackhole-simulator-sk\\\/\",\"name\":\"Blackhole Simulator | BeGamer.cz\",\"isPartOf\":{\"@id\":\"https:\\\/\\\/begamer.cz\\\/sk\\\/#website\"},\"primaryImageOfPage\":{\"@id\":\"https:\\\/\\\/begamer.cz\\\/sk\\\/produkt\\\/blackhole-simulator-sk\\\/#primaryimage\"},\"image\":{\"@id\":\"https:\\\/\\\/begamer.cz\\\/sk\\\/produkt\\\/blackhole-simulator-sk\\\/#primaryimage\"},\"thumbnailUrl\":\"https:\\\/\\\/begamer.cz\\\/wp-content\\\/uploads\\\/2026\\\/01\\\/blackhole-simulator-12.webp\",\"datePublished\":\"2026-01-30T15:26:52+00:00\",\"dateModified\":\"2026-03-18T03:57:44+00:00\",\"breadcrumb\":{\"@id\":\"https:\\\/\\\/begamer.cz\\\/sk\\\/produkt\\\/blackhole-simulator-sk\\\/#breadcrumb\"},\"inLanguage\":\"sk-SK\",\"potentialAction\":[{\"@type\":\"ReadAction\",\"target\":[\"https:\\\/\\\/begamer.cz\\\/sk\\\/produkt\\\/blackhole-simulator-sk\\\/\"]}]},{\"@type\":\"ImageObject\",\"inLanguage\":\"sk-SK\",\"@id\":\"https:\\\/\\\/begamer.cz\\\/sk\\\/produkt\\\/blackhole-simulator-sk\\\/#primaryimage\",\"url\":\"https:\\\/\\\/begamer.cz\\\/wp-content\\\/uploads\\\/2026\\\/01\\\/blackhole-simulator-12.webp\",\"contentUrl\":\"https:\\\/\\\/begamer.cz\\\/wp-content\\\/uploads\\\/2026\\\/01\\\/blackhole-simulator-12.webp\",\"width\":300,\"height\":400},{\"@type\":\"BreadcrumbList\",\"@id\":\"https:\\\/\\\/begamer.cz\\\/sk\\\/produkt\\\/blackhole-simulator-sk\\\/#breadcrumb\",\"itemListElement\":[{\"@type\":\"ListItem\",\"position\":1,\"name\":\"Domov\",\"item\":\"https:\\\/\\\/begamer.cz\\\/sk\\\/\"},{\"@type\":\"ListItem\",\"position\":2,\"name\":\"Obchod\",\"item\":\"https:\\\/\\\/begamer.cz\\\/obchod\\\/\"},{\"@type\":\"ListItem\",\"position\":3,\"name\":\"Blackhole Simulator\"}]},{\"@type\":\"WebSite\",\"@id\":\"https:\\\/\\\/begamer.cz\\\/sk\\\/#website\",\"url\":\"https:\\\/\\\/begamer.cz\\\/sk\\\/\",\"name\":\"BeGamer.cz\",\"description\":\"\",\"publisher\":{\"@id\":\"https:\\\/\\\/begamer.cz\\\/sk\\\/#organization\"},\"potentialAction\":[{\"@type\":\"SearchAction\",\"target\":{\"@type\":\"EntryPoint\",\"urlTemplate\":\"https:\\\/\\\/begamer.cz\\\/sk\\\/?s={search_term_string}\"},\"query-input\":{\"@type\":\"PropertyValueSpecification\",\"valueRequired\":true,\"valueName\":\"search_term_string\"}}],\"inLanguage\":\"sk-SK\"},{\"@type\":\"Organization\",\"@id\":\"https:\\\/\\\/begamer.cz\\\/sk\\\/#organization\",\"name\":\"BeGamer.cz\",\"url\":\"https:\\\/\\\/begamer.cz\\\/sk\\\/\",\"logo\":{\"@type\":\"ImageObject\",\"inLanguage\":\"sk-SK\",\"@id\":\"https:\\\/\\\/begamer.cz\\\/sk\\\/#\\\/schema\\\/logo\\\/image\\\/\",\"url\":\"https:\\\/\\\/begamer.cz\\\/wp-content\\\/uploads\\\/2025\\\/07\\\/logo.svg\",\"contentUrl\":\"https:\\\/\\\/begamer.cz\\\/wp-content\\\/uploads\\\/2025\\\/07\\\/logo.svg\",\"caption\":\"BeGamer.cz\"},\"image\":{\"@id\":\"https:\\\/\\\/begamer.cz\\\/sk\\\/#\\\/schema\\\/logo\\\/image\\\/\"}}]}<\/script>\n<!-- \/ Yoast SEO plugin. -->","yoast_head_json":{"title":"Blackhole Simulator | BeGamer.cz","robots":{"index":"index","follow":"follow","max-snippet":"max-snippet:-1","max-image-preview":"max-image-preview:large","max-video-preview":"max-video-preview:-1"},"canonical":"https:\/\/begamer.cz\/sk\/produkt\/blackhole-simulator-sk\/","og_locale":"sk_SK","og_type":"article","og_title":"Blackhole Simulator | BeGamer.cz","og_description":"Objavujte tajomstv\u00e1 vesm\u00edru v simul\u00e1tore \u010diernej diery. Ovl\u00e1dajte gravit\u00e1ciu, vytv\u00e1rajte \u010dierne diery a sledujte \u00fa\u017easn\u00e9 kozmick\u00e9 javy. Ide\u00e1lne pre nad\u0161encov vedy a hr\u00e1\u010dov, ktor\u00ed h\u013eadaj\u00fa pohlcuj\u00faci vzdel\u00e1vac\u00ed z\u00e1\u017eitok v oblasti astrofyziky. Otestujte svoje vedomosti o vesm\u00edre e\u0161te dnes!","og_url":"https:\/\/begamer.cz\/sk\/produkt\/blackhole-simulator-sk\/","og_site_name":"BeGamer.cz","article_modified_time":"2026-03-18T03:57:44+00:00","og_image":[{"width":300,"height":400,"url":"https:\/\/begamer.cz\/wp-content\/uploads\/2026\/01\/blackhole-simulator-12.webp","type":"image\/webp"}],"twitter_card":"summary_large_image","twitter_misc":{"Predpokladan\u00fd \u010das \u010d\u00edtania":"1 min\u00fata"},"schema":{"@context":"https:\/\/schema.org","@graph":[{"@type":"WebPage","@id":"https:\/\/begamer.cz\/sk\/produkt\/blackhole-simulator-sk\/","url":"https:\/\/begamer.cz\/sk\/produkt\/blackhole-simulator-sk\/","name":"Blackhole Simulator | BeGamer.cz","isPartOf":{"@id":"https:\/\/begamer.cz\/sk\/#website"},"primaryImageOfPage":{"@id":"https:\/\/begamer.cz\/sk\/produkt\/blackhole-simulator-sk\/#primaryimage"},"image":{"@id":"https:\/\/begamer.cz\/sk\/produkt\/blackhole-simulator-sk\/#primaryimage"},"thumbnailUrl":"https:\/\/begamer.cz\/wp-content\/uploads\/2026\/01\/blackhole-simulator-12.webp","datePublished":"2026-01-30T15:26:52+00:00","dateModified":"2026-03-18T03:57:44+00:00","breadcrumb":{"@id":"https:\/\/begamer.cz\/sk\/produkt\/blackhole-simulator-sk\/#breadcrumb"},"inLanguage":"sk-SK","potentialAction":[{"@type":"ReadAction","target":["https:\/\/begamer.cz\/sk\/produkt\/blackhole-simulator-sk\/"]}]},{"@type":"ImageObject","inLanguage":"sk-SK","@id":"https:\/\/begamer.cz\/sk\/produkt\/blackhole-simulator-sk\/#primaryimage","url":"https:\/\/begamer.cz\/wp-content\/uploads\/2026\/01\/blackhole-simulator-12.webp","contentUrl":"https:\/\/begamer.cz\/wp-content\/uploads\/2026\/01\/blackhole-simulator-12.webp","width":300,"height":400},{"@type":"BreadcrumbList","@id":"https:\/\/begamer.cz\/sk\/produkt\/blackhole-simulator-sk\/#breadcrumb","itemListElement":[{"@type":"ListItem","position":1,"name":"Domov","item":"https:\/\/begamer.cz\/sk\/"},{"@type":"ListItem","position":2,"name":"Obchod","item":"https:\/\/begamer.cz\/obchod\/"},{"@type":"ListItem","position":3,"name":"Blackhole Simulator"}]},{"@type":"WebSite","@id":"https:\/\/begamer.cz\/sk\/#website","url":"https:\/\/begamer.cz\/sk\/","name":"BeGamer.cz","description":"","publisher":{"@id":"https:\/\/begamer.cz\/sk\/#organization"},"potentialAction":[{"@type":"SearchAction","target":{"@type":"EntryPoint","urlTemplate":"https:\/\/begamer.cz\/sk\/?s={search_term_string}"},"query-input":{"@type":"PropertyValueSpecification","valueRequired":true,"valueName":"search_term_string"}}],"inLanguage":"sk-SK"},{"@type":"Organization","@id":"https:\/\/begamer.cz\/sk\/#organization","name":"BeGamer.cz","url":"https:\/\/begamer.cz\/sk\/","logo":{"@type":"ImageObject","inLanguage":"sk-SK","@id":"https:\/\/begamer.cz\/sk\/#\/schema\/logo\/image\/","url":"https:\/\/begamer.cz\/wp-content\/uploads\/2025\/07\/logo.svg","contentUrl":"https:\/\/begamer.cz\/wp-content\/uploads\/2025\/07\/logo.svg","caption":"BeGamer.cz"},"image":{"@id":"https:\/\/begamer.cz\/sk\/#\/schema\/logo\/image\/"}}]}},"acf":[],"_links":{"self":[{"href":"https:\/\/begamer.cz\/sk\/wp-json\/wp\/v2\/product\/95804","targetHints":{"allow":["GET"]}}],"collection":[{"href":"https:\/\/begamer.cz\/sk\/wp-json\/wp\/v2\/product"}],"about":[{"href":"https:\/\/begamer.cz\/sk\/wp-json\/wp\/v2\/types\/product"}],"replies":[{"embeddable":true,"href":"https:\/\/begamer.cz\/sk\/wp-json\/wp\/v2\/comments?post=95804"}],"wp:featuredmedia":[{"embeddable":true,"href":"https:\/\/begamer.cz\/sk\/wp-json\/wp\/v2\/media\/18772"}],"wp:attachment":[{"href":"https:\/\/begamer.cz\/sk\/wp-json\/wp\/v2\/media?parent=95804"}],"wp:term":[{"taxonomy":"product_brand","embeddable":true,"href":"https:\/\/begamer.cz\/sk\/wp-json\/wp\/v2\/product_brand?post=95804"},{"taxonomy":"product_cat","embeddable":true,"href":"https:\/\/begamer.cz\/sk\/wp-json\/wp\/v2\/product_cat?post=95804"},{"taxonomy":"product_tag","embeddable":true,"href":"https:\/\/begamer.cz\/sk\/wp-json\/wp\/v2\/product_tag?post=95804"}],"curies":[{"name":"wp","href":"https:\/\/api.w.org\/{rel}","templated":true}]}}