{"id":95798,"date":"2026-01-30T16:26:42","date_gmt":"2026-01-30T15:26:42","guid":{"rendered":"https:\/\/begamer.cz\/produkt\/restless-soul-sk\/"},"modified":"2026-03-18T04:57:30","modified_gmt":"2026-03-18T03:57:30","slug":"restless-soul-sk","status":"publish","type":"product","link":"https:\/\/begamer.cz\/sk\/produkt\/restless-soul-sk\/","title":{"rendered":"Restless Soul"},"content":{"rendered":"<p>\u010cak\u00e1 v\u00e1s dobrodru\u017estvo \u017eivota \u2013 ehm, posmrtn\u00e9ho \u017eivota! Pom\u00f4\u017ete nepokojnej du\u0161i vr\u00e1ti\u0165 sa do sveta \u017eiv\u00fdch v tejto stra\u0161idelne vtipnej komedi\u00e1lnej dobrodru\u017enej hre, ktor\u00e1 si rob\u00ed srandu zo \u017eivota, smrti, videohier, popkult\u00fary a v\u0161etk\u00e9ho medzi t\u00fdm.<\/p>\n<p><span class=\"bb_img_ctn\"><video class=\"bb_img\" autoplay muted loop playsinline poster=\"https:\/\/shared.akamai.steamstatic.com\/store_item_assets\/steam\/apps\/1748230\/extras\/fdbd02c8e08e317fe9f7ea51074a2268.poster.avif?t=1662566984\" width=600 height=268 ><source src=\"https:\/\/shared.akamai.steamstatic.com\/store_item_assets\/steam\/apps\/1748230\/extras\/fdbd02c8e08e317fe9f7ea51074a2268.webm?t=1662566984\" type=\"video\/webm; codecs=vp9\"><source src=\"https:\/\/shared.akamai.steamstatic.com\/store_item_assets\/steam\/apps\/1748230\/extras\/fdbd02c8e08e317fe9f7ea51074a2268.mp4?t=1662566984\" type=\"video\/mp4\"><\/video><\/span><\/p>\n<p>Prekonajte \u013eahk\u00e9 bitky v \u0161edej \u0161k\u00e1le sveta a h\u013eadajte osem k\u013e\u00fa\u010dov, ktor\u00e9 otvoria br\u00e1nu sp\u00e4\u0165 do \u017eivota. Ale nie ste jedin\u00fd, kto chce tieto k\u013e\u00fa\u010de&#8230; Zl\u00fd Dr. Krull a jeho arm\u00e1da urobia v\u0161etko, aby ich z\u00edskali ako prv\u00ed, a \u00falohou Smr\u0165\u00e1ka je zabr\u00e1ni\u0165 v\u00e1m v odchode.<\/p>\n<p><span class=\"bb_img_ctn\"><video class=\"bb_img\" autoplay muted loop playsinline poster=\"https:\/\/shared.akamai.steamstatic.com\/store_item_assets\/steam\/apps\/1748230\/extras\/567a16bdac63aba5c45354619e7d4e46.poster.avif?t=1662566984\" width=600 height=338 ><source src=\"https:\/\/shared.akamai.steamstatic.com\/store_item_assets\/steam\/apps\/1748230\/extras\/567a16bdac63aba5c45354619e7d4e46.webm?t=1662566984\" type=\"video\/webm; codecs=vp9\"><source src=\"https:\/\/shared.akamai.steamstatic.com\/store_item_assets\/steam\/apps\/1748230\/extras\/567a16bdac63aba5c45354619e7d4e46.mp4?t=1662566984\" type=\"video\/mp4\"><\/video><\/span><\/p>\n<p>Bojujte s nepriate\u013emi, rie\u0161te h\u00e1danky a smejte sa, a\u017e k\u00fdm nezomriete (znova?), a to v\u0161etko pri plnen\u00ed ved\u013eaj\u0161\u00edch \u00faloh a minihier v \u0161t\u00fdle ark\u00e1dov\u00fdch hier. Vyu\u017eite \u201epomoc\u201c apatick\u00e9ho duchovn\u00e9ho psa menom Woof (\u00e1no, m\u00f4\u017eete ho pohladka\u0165).<\/p>\n<p><span class=\"bb_img_ctn\"><video class=\"bb_img\" autoplay muted loop playsinline crossorigin=\"anonymous\" poster=\"https:\/\/shared.akamai.steamstatic.com\/store_item_assets\/steam\/apps\/1748230\/extras\/fbb4ca3d5e0db6a6f3e85a15693d35a5.poster.avif?t=1662566984\" width=600 height=268 ><source src=\"https:\/\/shared.akamai.steamstatic.com\/store_item_assets\/steam\/apps\/1748230\/extras\/fbb4ca3d5e0db6a6f3e85a15693d35a5.mp4?t=1662566984\" type=\"video\/mp4\"><\/video><\/span><\/p>\n<p>Dajte zo seba v\u0161etko, ve\u010f ide predsa o \u017eivot a smr\u0165!<\/p>\n<h2 class=\"bb_tag\" >Funkcie:<\/h2>\n<p><\/p>\n<ul class=\"bb_ul\">\n<li>Smia\u0165 sa smrti do tv\u00e1re v\u010faka vtipn\u00fdm dial\u00f3gom, ktor\u00e9 rozbij\u00fa \u0161tvrt\u00fa stenu na k\u00fasky.<\/li>\n<li>Zapojte sa do \u013eahk\u00fdch bitiek v stra\u0161ideln\u00fdch ve\u017eiach pln\u00fdch h\u00e1daniek, pohybliv\u00fdch plo\u0161\u00edn, nepriate\u013eov s r\u00f4znymi typmi striel a \u00fato\u010dn\u00fdmi vzormi a \u010fal\u0161\u00edch prek\u00e1\u017eok.<\/li>\n<li>Vyh\u00fdbajte sa n\u00e1poru guliek po\u010das pascov\u00fdch sekvenci\u00ed, kde nem\u00f4\u017eete strie\u013ea\u0165 ani beha\u0165.<\/li>\n<li>Vykonajte ved\u013eaj\u0161ie \u00falohy, ako je n\u00e1jdenie v\u0161etk\u00fdch tajomn\u00fdch budov a z\u00e1chrana v\u0161etk\u00fdch zajat\u00fdch Little Bros.<\/li>\n<li>U\u017eite si minihry v \u0161t\u00fdle ark\u00e1dov\u00fdch hier, ako je hra in\u0161pirovan\u00e1 Tapperom a stre\u013eba na ter\u010de.<\/li>\n<li>Sk\u00faste odomkn\u00fa\u0165 v\u0161etky \u00faspechy v hre, vr\u00e1tane zozbierania v\u0161etk\u00fdch 9 p\u00edsmen AFTERLIFE v ka\u017edom meste.<\/li>\n<li>Presk\u00famajte 8 miest a stretnite sa s viac ako 100 \u201epestrobarevn\u00fdmi\u201c postavami v tomto pixelovom monochromatickom svete.<\/li>\n<li>Zaznamenajte si svoj \u010das v posmrtnom \u017eivote pomocou svojho After-Phone a urobte si selfie so svojimi ob\u013e\u00faben\u00fdmi postavami.<\/li>\n<li>Aktivujte re\u017eim God Mode alebo Player-Strength Multiplier, aby ste si mohli nastavi\u0165 obtia\u017enos\u0165 hry pod\u013ea svojich preferenci\u00ed.<\/li>\n<\/ul>\n","protected":false},"excerpt":{"rendered":"<p>Smia\u0165 sa smrti do tv\u00e1re v tejto stra\u0161idelne vtipnej komedi\u00e1lnej dobrodru\u017enej hre o nepoddajnej du\u0161i, ktor\u00e1 sa sna\u017e\u00ed vr\u00e1ti\u0165 sp\u00e4\u0165 do sveta \u017eiv\u00fdch. Zapojte sa do \u013eahk\u00fdch bitiek, rie\u0161te h\u00e1danky a komunikujte s m\u0155tvymi, zatia\u013e \u010do sa pohybujete v tomto \u201efarebnom\u201c svete. Smr\u0165 je len za\u010diatok.<\/p>\n","protected":false},"featured_media":18697,"comment_status":"open","ping_status":"closed","template":"","meta":{"_acf_changed":false},"product_brand":[],"product_cat":[270,290,268,266,308,312],"product_tag":[],"class_list":{"0":"post-95798","1":"product","2":"type-product","3":"status-publish","4":"has-post-thumbnail","6":"product_cat-adventury-pc-hry-sk","7":"product_cat-indie-hry-pc-sk","8":"product_cat-pc-sk","9":"product_cat-pc-hry-sk","10":"product_cat-rpg-pc-hry-sk","11":"product_cat-steam-pc-sk","12":"pa_countries-ad","13":"pa_countries-ae","14":"pa_countries-af","15":"pa_countries-ag","16":"pa_countries-ai","17":"pa_countries-al","18":"pa_countries-am","19":"pa_countries-ao","20":"pa_countries-aq","21":"pa_countries-ar","22":"pa_countries-as","23":"pa_countries-at","24":"pa_countries-au","25":"pa_countries-aw","26":"pa_countries-ax","27":"pa_countries-az","28":"pa_countries-ba","29":"pa_countries-bb","30":"pa_countries-bd","31":"pa_countries-be","32":"pa_countries-bf","33":"pa_countries-bg","34":"pa_countries-bh","35":"pa_countries-bi","36":"pa_countries-bj","37":"pa_countries-bl","38":"pa_countries-bm","39":"pa_countries-bn","40":"pa_countries-bo","41":"pa_countries-bq","42":"pa_countries-br","43":"pa_countries-bs","44":"pa_countries-bt","45":"pa_countries-bv","46":"pa_countries-bw","47":"pa_countries-bz","48":"pa_countries-ca","49":"pa_countries-cc","50":"pa_countries-cd","51":"pa_countries-cf","52":"pa_countries-cg","53":"pa_countries-ch","54":"pa_countries-ci","55":"pa_countries-ck","56":"pa_countries-cl","57":"pa_countries-cm","58":"pa_countries-cn","59":"pa_countries-co","60":"pa_countries-cr","61":"pa_countries-cu","62":"pa_countries-cv","63":"pa_countries-cw","64":"pa_countries-cx","65":"pa_countries-cy","66":"pa_countries-cz","67":"pa_countries-de","68":"pa_countries-dj","69":"pa_countries-dk","70":"pa_countries-dm","71":"pa_countries-do","72":"pa_countries-dz","73":"pa_countries-ec","74":"pa_countries-ee","75":"pa_countries-eg","76":"pa_countries-eh","77":"pa_countries-er","78":"pa_countries-es","79":"pa_countries-et","80":"pa_countries-fi","81":"pa_countries-fj","82":"pa_countries-fk","83":"pa_countries-fm","84":"pa_countries-fo","85":"pa_countries-fr","86":"pa_countries-ga","87":"pa_countries-gb","88":"pa_countries-gd","89":"pa_countries-ge","90":"pa_countries-gf","91":"pa_countries-gg","92":"pa_countries-gh","93":"pa_countries-gi","94":"pa_countries-gl","95":"pa_countries-gm","96":"pa_countries-gn","97":"pa_countries-gp","98":"pa_countries-gq","99":"pa_countries-gr","100":"pa_countries-gs","101":"pa_countries-gt","102":"pa_countries-gu","103":"pa_countries-gw","104":"pa_countries-gy","105":"pa_countries-hk","106":"pa_countries-hm","107":"pa_countries-hn","108":"pa_countries-hr","109":"pa_countries-ht","110":"pa_countries-hu","111":"pa_countries-id","112":"pa_countries-ie","113":"pa_countries-il","114":"pa_countries-im","115":"pa_countries-in","116":"pa_countries-io","117":"pa_countries-iq","118":"pa_countries-ir","119":"pa_countries-is","120":"pa_countries-it","121":"pa_countries-je","122":"pa_countries-jm","123":"pa_countries-jo","124":"pa_countries-jp","125":"pa_countries-ke","126":"pa_countries-kg","127":"pa_countries-kh","128":"pa_countries-ki","129":"pa_countries-km","130":"pa_countries-kn","131":"pa_countries-kp","132":"pa_countries-kr","133":"pa_countries-kw","134":"pa_countries-ky","135":"pa_countries-kz","136":"pa_countries-la","137":"pa_countries-lb","138":"pa_countries-lc","139":"pa_countries-li","140":"pa_countries-lk","141":"pa_countries-lr","142":"pa_countries-ls","143":"pa_countries-lt","144":"pa_countries-lu","145":"pa_countries-lv","146":"pa_countries-ly","147":"pa_countries-ma","148":"pa_countries-mc","149":"pa_countries-md","150":"pa_countries-me","151":"pa_countries-mf","152":"pa_countries-mg","153":"pa_countries-mh","154":"pa_countries-mk","155":"pa_countries-ml","156":"pa_countries-mm","157":"pa_countries-mn","158":"pa_countries-mo","159":"pa_countries-mp","160":"pa_countries-mq","161":"pa_countries-mr","162":"pa_countries-ms","163":"pa_countries-mt","164":"pa_countries-mu","165":"pa_countries-mv","166":"pa_countries-mw","167":"pa_countries-mx","168":"pa_countries-my","169":"pa_countries-mz","170":"pa_countries-na","171":"pa_countries-nc","172":"pa_countries-ne","173":"pa_countries-nf","174":"pa_countries-ng","175":"pa_countries-ni","176":"pa_countries-nl","177":"pa_countries-no","178":"pa_countries-np","179":"pa_countries-nr","180":"pa_countries-nu","181":"pa_countries-nz","182":"pa_countries-om","183":"pa_countries-pa","184":"pa_countries-pe","185":"pa_countries-pf","186":"pa_countries-pg","187":"pa_countries-ph","188":"pa_countries-pk","189":"pa_countries-pl","190":"pa_countries-pm","191":"pa_countries-pn","192":"pa_countries-pr","193":"pa_countries-ps","194":"pa_countries-pt","195":"pa_countries-pw","196":"pa_countries-py","197":"pa_countries-qa","198":"pa_countries-re","199":"pa_countries-ro","200":"pa_countries-rs","201":"pa_countries-rw","202":"pa_countries-sa","203":"pa_countries-sb","204":"pa_countries-sc","205":"pa_countries-sd","206":"pa_countries-se","207":"pa_countries-sg","208":"pa_countries-sh","209":"pa_countries-si","210":"pa_countries-sj","211":"pa_countries-sk","212":"pa_countries-sl","213":"pa_countries-sm","214":"pa_countries-sn","215":"pa_countries-so","216":"pa_countries-sr","217":"pa_countries-ss","219":"pa_countries-st","220":"pa_countries-sv","221":"pa_countries-sx","222":"pa_countries-sy","223":"pa_countries-sz","224":"pa_countries-tc","225":"pa_countries-td","226":"pa_countries-tf","227":"pa_countries-tg","228":"pa_countries-th","229":"pa_countries-tj","230":"pa_countries-tk","231":"pa_countries-tl","232":"pa_countries-tm","233":"pa_countries-tn","234":"pa_countries-to","235":"pa_countries-tr","236":"pa_countries-tt","237":"pa_countries-tv","238":"pa_countries-tw","239":"pa_countries-tz","240":"pa_countries-ua","241":"pa_countries-ug","242":"pa_countries-um","243":"pa_countries-us","244":"pa_countries-uy","245":"pa_countries-uz","246":"pa_countries-va","247":"pa_countries-vc","248":"pa_countries-ve","249":"pa_countries-vg","250":"pa_countries-vi","251":"pa_countries-vn","252":"pa_countries-vu","253":"pa_countries-wf","254":"pa_countries-ws","255":"pa_countries-xk","256":"pa_countries-ye","257":"pa_countries-yt","258":"pa_countries-za","259":"pa_countries-zm","260":"pa_countries-zw","261":"pa_developer-fuz-games","263":"pa_engine-unity","265":"pa_game_type-main_game","267":"pa_genres-adventure","268":"pa_genres-indie","269":"pa_genres-puzzle","271":"pa_genres-role-playing-rpg","272":"pa_interface-de-de","273":"pa_interface-en-us","274":"pa_interface-es-es","275":"pa_interface-fr-fr","276":"pa_interface-it-it","277":"pa_interface-pt-br","278":"pa_interface-pt-pt","280":"pa_interface-ru-ru","281":"pa_interface-zh-cn","282":"pa_keywords-2d","283":"pa_keywords-3d","284":"pa_keywords-action-adventure","285":"pa_keywords-bullet-hell","286":"pa_keywords-combat","287":"pa_keywords-conversation","288":"pa_keywords-cute","289":"pa_keywords-dark-comedy","290":"pa_keywords-exploration","291":"pa_keywords-funny","293":"pa_keywords-pixel-graphics","294":"pa_keywords-retro","295":"pa_keywords-story-rich","296":"pa_modes-single-player","298":"pa_pegi-13424","299":"pa_pegi-772","300":"pa_platform-pc-steam","302":"pa_player_perspectives-side-view","304":"pa_publisher-graffiti-games","306":"pa_rating-773","307":"pa_rating-14441","308":"pa_region-global","310":"pa_subtitles-de-de","312":"pa_subtitles-en-us","313":"pa_subtitles-fr-fr","314":"pa_subtitles-it-it","315":"pa_subtitles-pt-br","316":"pa_subtitles-ru-ru","317":"pa_subtitles-zh-cn","318":"pa_themes-action","319":"pa_themes-comedy","322":"first","323":"instock","324":"virtual","325":"taxable","326":"purchasable","327":"product-type-simple"},"yoast_head":"<!-- This site is optimized with the Yoast SEO plugin v27.3 - https:\/\/yoast.com\/product\/yoast-seo-wordpress\/ -->\n<title>Restless Soul | BeGamer.cz<\/title>\n<meta name=\"robots\" content=\"index, follow, max-snippet:-1, max-image-preview:large, max-video-preview:-1\" \/>\n<link rel=\"canonical\" href=\"https:\/\/begamer.cz\/sk\/produkt\/restless-soul-sk\/\" \/>\n<meta property=\"og:locale\" content=\"sk_SK\" \/>\n<meta property=\"og:type\" content=\"article\" \/>\n<meta property=\"og:title\" content=\"Restless Soul | BeGamer.cz\" \/>\n<meta property=\"og:description\" content=\"Smia\u0165 sa smrti do tv\u00e1re v tejto stra\u0161idelne vtipnej komedi\u00e1lnej dobrodru\u017enej hre o nepoddajnej du\u0161i, ktor\u00e1 sa sna\u017e\u00ed vr\u00e1ti\u0165 sp\u00e4\u0165 do sveta \u017eiv\u00fdch. Zapojte sa do \u013eahk\u00fdch bitiek, rie\u0161te h\u00e1danky a komunikujte s m\u0155tvymi, zatia\u013e \u010do sa pohybujete v tomto \u201efarebnom\u201c svete. Smr\u0165 je len za\u010diatok.\" \/>\n<meta property=\"og:url\" content=\"https:\/\/begamer.cz\/sk\/produkt\/restless-soul-sk\/\" \/>\n<meta property=\"og:site_name\" content=\"BeGamer.cz\" \/>\n<meta property=\"article:modified_time\" content=\"2026-03-18T03:57:30+00:00\" \/>\n<meta property=\"og:image\" content=\"https:\/\/begamer.cz\/wp-content\/uploads\/2026\/01\/restless-soul-6.webp\" \/>\n\t<meta property=\"og:image:width\" content=\"300\" \/>\n\t<meta property=\"og:image:height\" content=\"400\" \/>\n\t<meta property=\"og:image:type\" content=\"image\/webp\" \/>\n<meta name=\"twitter:card\" content=\"summary_large_image\" \/>\n<meta name=\"twitter:label1\" content=\"Predpokladan\u00fd \u010das \u010d\u00edtania\" \/>\n\t<meta name=\"twitter:data1\" content=\"2 min\u00faty\" \/>\n<script type=\"application\/ld+json\" class=\"yoast-schema-graph\">{\"@context\":\"https:\\\/\\\/schema.org\",\"@graph\":[{\"@type\":\"WebPage\",\"@id\":\"https:\\\/\\\/begamer.cz\\\/sk\\\/produkt\\\/restless-soul-sk\\\/\",\"url\":\"https:\\\/\\\/begamer.cz\\\/sk\\\/produkt\\\/restless-soul-sk\\\/\",\"name\":\"Restless Soul | BeGamer.cz\",\"isPartOf\":{\"@id\":\"https:\\\/\\\/begamer.cz\\\/sk\\\/#website\"},\"primaryImageOfPage\":{\"@id\":\"https:\\\/\\\/begamer.cz\\\/sk\\\/produkt\\\/restless-soul-sk\\\/#primaryimage\"},\"image\":{\"@id\":\"https:\\\/\\\/begamer.cz\\\/sk\\\/produkt\\\/restless-soul-sk\\\/#primaryimage\"},\"thumbnailUrl\":\"https:\\\/\\\/begamer.cz\\\/wp-content\\\/uploads\\\/2026\\\/01\\\/restless-soul-6.webp\",\"datePublished\":\"2026-01-30T15:26:42+00:00\",\"dateModified\":\"2026-03-18T03:57:30+00:00\",\"breadcrumb\":{\"@id\":\"https:\\\/\\\/begamer.cz\\\/sk\\\/produkt\\\/restless-soul-sk\\\/#breadcrumb\"},\"inLanguage\":\"sk-SK\",\"potentialAction\":[{\"@type\":\"ReadAction\",\"target\":[\"https:\\\/\\\/begamer.cz\\\/sk\\\/produkt\\\/restless-soul-sk\\\/\"]}]},{\"@type\":\"ImageObject\",\"inLanguage\":\"sk-SK\",\"@id\":\"https:\\\/\\\/begamer.cz\\\/sk\\\/produkt\\\/restless-soul-sk\\\/#primaryimage\",\"url\":\"https:\\\/\\\/begamer.cz\\\/wp-content\\\/uploads\\\/2026\\\/01\\\/restless-soul-6.webp\",\"contentUrl\":\"https:\\\/\\\/begamer.cz\\\/wp-content\\\/uploads\\\/2026\\\/01\\\/restless-soul-6.webp\",\"width\":300,\"height\":400},{\"@type\":\"BreadcrumbList\",\"@id\":\"https:\\\/\\\/begamer.cz\\\/sk\\\/produkt\\\/restless-soul-sk\\\/#breadcrumb\",\"itemListElement\":[{\"@type\":\"ListItem\",\"position\":1,\"name\":\"Domov\",\"item\":\"https:\\\/\\\/begamer.cz\\\/sk\\\/\"},{\"@type\":\"ListItem\",\"position\":2,\"name\":\"Obchod\",\"item\":\"https:\\\/\\\/begamer.cz\\\/obchod\\\/\"},{\"@type\":\"ListItem\",\"position\":3,\"name\":\"Restless Soul\"}]},{\"@type\":\"WebSite\",\"@id\":\"https:\\\/\\\/begamer.cz\\\/sk\\\/#website\",\"url\":\"https:\\\/\\\/begamer.cz\\\/sk\\\/\",\"name\":\"BeGamer.cz\",\"description\":\"\",\"publisher\":{\"@id\":\"https:\\\/\\\/begamer.cz\\\/sk\\\/#organization\"},\"potentialAction\":[{\"@type\":\"SearchAction\",\"target\":{\"@type\":\"EntryPoint\",\"urlTemplate\":\"https:\\\/\\\/begamer.cz\\\/sk\\\/?s={search_term_string}\"},\"query-input\":{\"@type\":\"PropertyValueSpecification\",\"valueRequired\":true,\"valueName\":\"search_term_string\"}}],\"inLanguage\":\"sk-SK\"},{\"@type\":\"Organization\",\"@id\":\"https:\\\/\\\/begamer.cz\\\/sk\\\/#organization\",\"name\":\"BeGamer.cz\",\"url\":\"https:\\\/\\\/begamer.cz\\\/sk\\\/\",\"logo\":{\"@type\":\"ImageObject\",\"inLanguage\":\"sk-SK\",\"@id\":\"https:\\\/\\\/begamer.cz\\\/sk\\\/#\\\/schema\\\/logo\\\/image\\\/\",\"url\":\"https:\\\/\\\/begamer.cz\\\/wp-content\\\/uploads\\\/2025\\\/07\\\/logo.svg\",\"contentUrl\":\"https:\\\/\\\/begamer.cz\\\/wp-content\\\/uploads\\\/2025\\\/07\\\/logo.svg\",\"caption\":\"BeGamer.cz\"},\"image\":{\"@id\":\"https:\\\/\\\/begamer.cz\\\/sk\\\/#\\\/schema\\\/logo\\\/image\\\/\"}}]}<\/script>\n<!-- \/ Yoast SEO plugin. -->","yoast_head_json":{"title":"Restless Soul | BeGamer.cz","robots":{"index":"index","follow":"follow","max-snippet":"max-snippet:-1","max-image-preview":"max-image-preview:large","max-video-preview":"max-video-preview:-1"},"canonical":"https:\/\/begamer.cz\/sk\/produkt\/restless-soul-sk\/","og_locale":"sk_SK","og_type":"article","og_title":"Restless Soul | BeGamer.cz","og_description":"Smia\u0165 sa smrti do tv\u00e1re v tejto stra\u0161idelne vtipnej komedi\u00e1lnej dobrodru\u017enej hre o nepoddajnej du\u0161i, ktor\u00e1 sa sna\u017e\u00ed vr\u00e1ti\u0165 sp\u00e4\u0165 do sveta \u017eiv\u00fdch. Zapojte sa do \u013eahk\u00fdch bitiek, rie\u0161te h\u00e1danky a komunikujte s m\u0155tvymi, zatia\u013e \u010do sa pohybujete v tomto \u201efarebnom\u201c svete. Smr\u0165 je len za\u010diatok.","og_url":"https:\/\/begamer.cz\/sk\/produkt\/restless-soul-sk\/","og_site_name":"BeGamer.cz","article_modified_time":"2026-03-18T03:57:30+00:00","og_image":[{"width":300,"height":400,"url":"https:\/\/begamer.cz\/wp-content\/uploads\/2026\/01\/restless-soul-6.webp","type":"image\/webp"}],"twitter_card":"summary_large_image","twitter_misc":{"Predpokladan\u00fd \u010das \u010d\u00edtania":"2 min\u00faty"},"schema":{"@context":"https:\/\/schema.org","@graph":[{"@type":"WebPage","@id":"https:\/\/begamer.cz\/sk\/produkt\/restless-soul-sk\/","url":"https:\/\/begamer.cz\/sk\/produkt\/restless-soul-sk\/","name":"Restless Soul | BeGamer.cz","isPartOf":{"@id":"https:\/\/begamer.cz\/sk\/#website"},"primaryImageOfPage":{"@id":"https:\/\/begamer.cz\/sk\/produkt\/restless-soul-sk\/#primaryimage"},"image":{"@id":"https:\/\/begamer.cz\/sk\/produkt\/restless-soul-sk\/#primaryimage"},"thumbnailUrl":"https:\/\/begamer.cz\/wp-content\/uploads\/2026\/01\/restless-soul-6.webp","datePublished":"2026-01-30T15:26:42+00:00","dateModified":"2026-03-18T03:57:30+00:00","breadcrumb":{"@id":"https:\/\/begamer.cz\/sk\/produkt\/restless-soul-sk\/#breadcrumb"},"inLanguage":"sk-SK","potentialAction":[{"@type":"ReadAction","target":["https:\/\/begamer.cz\/sk\/produkt\/restless-soul-sk\/"]}]},{"@type":"ImageObject","inLanguage":"sk-SK","@id":"https:\/\/begamer.cz\/sk\/produkt\/restless-soul-sk\/#primaryimage","url":"https:\/\/begamer.cz\/wp-content\/uploads\/2026\/01\/restless-soul-6.webp","contentUrl":"https:\/\/begamer.cz\/wp-content\/uploads\/2026\/01\/restless-soul-6.webp","width":300,"height":400},{"@type":"BreadcrumbList","@id":"https:\/\/begamer.cz\/sk\/produkt\/restless-soul-sk\/#breadcrumb","itemListElement":[{"@type":"ListItem","position":1,"name":"Domov","item":"https:\/\/begamer.cz\/sk\/"},{"@type":"ListItem","position":2,"name":"Obchod","item":"https:\/\/begamer.cz\/obchod\/"},{"@type":"ListItem","position":3,"name":"Restless Soul"}]},{"@type":"WebSite","@id":"https:\/\/begamer.cz\/sk\/#website","url":"https:\/\/begamer.cz\/sk\/","name":"BeGamer.cz","description":"","publisher":{"@id":"https:\/\/begamer.cz\/sk\/#organization"},"potentialAction":[{"@type":"SearchAction","target":{"@type":"EntryPoint","urlTemplate":"https:\/\/begamer.cz\/sk\/?s={search_term_string}"},"query-input":{"@type":"PropertyValueSpecification","valueRequired":true,"valueName":"search_term_string"}}],"inLanguage":"sk-SK"},{"@type":"Organization","@id":"https:\/\/begamer.cz\/sk\/#organization","name":"BeGamer.cz","url":"https:\/\/begamer.cz\/sk\/","logo":{"@type":"ImageObject","inLanguage":"sk-SK","@id":"https:\/\/begamer.cz\/sk\/#\/schema\/logo\/image\/","url":"https:\/\/begamer.cz\/wp-content\/uploads\/2025\/07\/logo.svg","contentUrl":"https:\/\/begamer.cz\/wp-content\/uploads\/2025\/07\/logo.svg","caption":"BeGamer.cz"},"image":{"@id":"https:\/\/begamer.cz\/sk\/#\/schema\/logo\/image\/"}}]}},"acf":[],"_links":{"self":[{"href":"https:\/\/begamer.cz\/sk\/wp-json\/wp\/v2\/product\/95798","targetHints":{"allow":["GET"]}}],"collection":[{"href":"https:\/\/begamer.cz\/sk\/wp-json\/wp\/v2\/product"}],"about":[{"href":"https:\/\/begamer.cz\/sk\/wp-json\/wp\/v2\/types\/product"}],"replies":[{"embeddable":true,"href":"https:\/\/begamer.cz\/sk\/wp-json\/wp\/v2\/comments?post=95798"}],"wp:featuredmedia":[{"embeddable":true,"href":"https:\/\/begamer.cz\/sk\/wp-json\/wp\/v2\/media\/18697"}],"wp:attachment":[{"href":"https:\/\/begamer.cz\/sk\/wp-json\/wp\/v2\/media?parent=95798"}],"wp:term":[{"taxonomy":"product_brand","embeddable":true,"href":"https:\/\/begamer.cz\/sk\/wp-json\/wp\/v2\/product_brand?post=95798"},{"taxonomy":"product_cat","embeddable":true,"href":"https:\/\/begamer.cz\/sk\/wp-json\/wp\/v2\/product_cat?post=95798"},{"taxonomy":"product_tag","embeddable":true,"href":"https:\/\/begamer.cz\/sk\/wp-json\/wp\/v2\/product_tag?post=95798"}],"curies":[{"name":"wp","href":"https:\/\/api.w.org\/{rel}","templated":true}]}}