{"id":95777,"date":"2026-01-30T16:26:16","date_gmt":"2026-01-30T15:26:16","guid":{"rendered":"https:\/\/begamer.cz\/produkt\/sonic-forces-sk\/"},"modified":"2026-03-18T04:55:55","modified_gmt":"2026-03-18T03:55:55","slug":"sonic-forces-sk","status":"publish","type":"product","link":"https:\/\/begamer.cz\/sk\/produkt\/sonic-forces-sk\/","title":{"rendered":"Sonic Forces"},"content":{"rendered":"<p>V hre SONIC FORCES zl\u00fd Dr. Eggman s pomocou mocn\u00e9ho a tajomn\u00e9ho nov\u00e9ho zloducha menom Infinite ovl\u00e1dol ve\u013ek\u00fa \u010das\u0165 sveta. Teraz mus\u00ed\u0161 pom\u00f4c\u0165 Sonicovi a vybudova\u0165 arm\u00e1du, aby ste z\u00edskali sp\u00e4\u0165 svet, ktor\u00fd bojuje proti chaosu a de\u0161trukcii.<br \/>Poraz nepriate\u013eov bleskovou r\u00fdchlos\u0165ou ako Modern Sonic, prekonaj nebezpe\u010dn\u00e9 plo\u0161iny ako Classic Sonic a vytvor si vlastn\u00fa postavu Custom Hero Character vybaven\u00fa r\u00f4znymi mocn\u00fdmi gadgetmi. Za\u017ei r\u00fdchlu akciu s t\u00fdmito tromi jedine\u010dn\u00fdmi \u0161t\u00fdlmi hry, presk\u00famaj ikonick\u00e9 \u00farovne a bojuj v jedine\u010dnom pridanom obsahu s postavou Shadow ako hrate\u013enou postavou!<\/p>\n<p><span class=\"bb_img_ctn\"><video class=\"bb_img\" autoplay muted loop playsinline poster=\"https:\/\/shared.akamai.steamstatic.com\/store_item_assets\/steam\/apps\/637100\/extras\/a1067fc7c42c69d900560b946441e8c4.poster.avif?t=1721835292\" width=\"628\" height=\"204\"><\/video><\/span><\/p>\n<h2 class=\"bb_tag\">Digit\u00e1lna bonusov\u00e1 ed\u00edcia obsahuje:<\/h2>\n<ul class=\"bb_ul\">\n<li>Videohru SONIC FORCES<\/li>\n<li>EPISODE SHADOW (DLC)<\/li>\n<li>SEGA PACK (DLC)\n<p><span class=\"bb_img_ctn\"><video class=\"bb_img\" autoplay muted loop playsinline poster=\"https:\/\/shared.akamai.steamstatic.com\/store_item_assets\/steam\/apps\/637100\/extras\/f7f0a4c14fbd18cab0481ec536827801.poster.avif?t=1721835292\" width=\"628\" height=\"204\"><\/video><\/span><\/p>\n<p><strong>Osud sveta Sonic the Hedgehog je vo va\u0161ich ruk\u00e1ch \u2013 pridajte sa k povstaniu.<\/strong><\/li>\n<\/ul>\n","protected":false},"excerpt":{"rendered":"<p>Sonic Forces je ak\u010dn\u00e1 plo\u0161inovka, v ktorej sa hr\u00e1\u010di pridaj\u00fa k Sonicovi a jeho priate\u013eom, aby zastavili najnov\u0161\u00ed zl\u00fd pl\u00e1n Dr. Eggmana. V\u010faka klasick\u00e9mu a modern\u00e9mu \u0161t\u00fdlu hrania, prisp\u00f4sobite\u013en\u00fdm post\u00e1vam a r\u00fdchlym \u00farov\u0148am pon\u00faka vzru\u0161uj\u00face dobrodru\u017estvo a intenz\u00edvne bitky v \u017eivom 3D prostred\u00ed.<\/p>\n","protected":false},"featured_media":18603,"comment_status":"open","ping_status":"closed","template":"","meta":{"_acf_changed":false},"product_brand":[],"product_cat":[202,210,179,200,228],"product_tag":[],"class_list":{"0":"post-95777","1":"product","2":"type-product","3":"status-publish","4":"has-post-thumbnail","6":"product_cat-adventury-nintendo-switch-sk","7":"product_cat-dobrodruzne-nintendo-switch-sk","8":"product_cat-nintendo-hry-sk","9":"product_cat-nintendo-switch-sk","10":"product_cat-strategie-nintendo-switch-sk","11":"pa_audio-de-de","12":"pa_audio-en-us","13":"pa_audio-es-es","14":"pa_audio-fr-fr","15":"pa_audio-it-it","16":"pa_audio-ja-jp","18":"pa_countries-at","19":"pa_countries-be","20":"pa_countries-bg","21":"pa_countries-cy","22":"pa_countries-cz","24":"pa_countries-de","25":"pa_countries-dk","26":"pa_countries-ee","27":"pa_countries-es","28":"pa_countries-fi","29":"pa_countries-fr","30":"pa_countries-gr","31":"pa_countries-hr","32":"pa_countries-hu","33":"pa_countries-ie","34":"pa_countries-it","35":"pa_countries-lt","36":"pa_countries-lu","37":"pa_countries-lv","38":"pa_countries-mt","39":"pa_countries-nl","40":"pa_countries-pl","41":"pa_countries-pt","42":"pa_countries-ro","43":"pa_countries-se","44":"pa_countries-si","45":"pa_countries-sk","46":"pa_developer-sonic-team","47":"pa_developer-sonic-team-2","48":"pa_engine-hedgehog-engine-2","50":"pa_franchises-sonic-the-hedgehog","52":"pa_game_type-main_game","54":"pa_genres-adventure","55":"pa_genres-platform","57":"pa_genres-strategy","58":"pa_interface-de-de","59":"pa_interface-en-us","60":"pa_interface-es-es","61":"pa_interface-fr-fr","62":"pa_interface-it-it","63":"pa_interface-ja-jp","64":"pa_interface-ko-kr","65":"pa_interface-pl-pl","66":"pa_interface-ru-ru","68":"pa_interface-zh-cn","69":"pa_interface-zh-tw","70":"pa_keywords-animal-protagonists","71":"pa_keywords-anime","72":"pa_keywords-anthropomorphism","73":"pa_keywords-bird","74":"pa_keywords-cat","75":"pa_keywords-character-creation","76":"pa_keywords-character-customization","77":"pa_keywords-classic-sonic","78":"pa_keywords-dog","79":"pa_keywords-green-hill-zone","80":"pa_keywords-hedgehog","81":"pa_keywords-male-antagonist","82":"pa_keywords-metal-sonic","83":"pa_keywords-multiple-playable-characters","84":"pa_keywords-pax-west-2017","85":"pa_keywords-playstation-trophies","86":"pa_keywords-post-apocalyptic","87":"pa_keywords-protagonists-name-in-the-title","89":"pa_keywords-rabbit","90":"pa_keywords-robots","91":"pa_keywords-sequel","92":"pa_keywords-shadow-the-hedgehog","93":"pa_keywords-silver-the-hedgehog","94":"pa_keywords-space","95":"pa_keywords-steam","96":"pa_keywords-steam-achievements","97":"pa_keywords-steam-cloud","98":"pa_keywords-steam-families","99":"pa_keywords-super-sonic","100":"pa_keywords-super-speed","101":"pa_keywords-talking-animals","102":"pa_keywords-unlockables","103":"pa_keywords-voice-acting","104":"pa_keywords-wolf","105":"pa_keywords-xbox-achievements","106":"pa_keywords-xbox-one-x-enhanced","107":"pa_modes-co-operative","108":"pa_modes-multiplayer","110":"pa_modes-single-player","111":"pa_pegi-13424","112":"pa_pegi-772","113":"pa_platform-nintendo-switch","115":"pa_player_perspectives-third-person","117":"pa_publisher-sega","118":"pa_publisher-sega-games","120":"pa_rating-14659","121":"pa_rating-4369","122":"pa_region-europe","124":"pa_subtitles-de-de","126":"pa_subtitles-en-us","127":"pa_subtitles-es-es","128":"pa_subtitles-fr-fr","129":"pa_subtitles-it-it","130":"pa_subtitles-ja-jp","131":"pa_subtitles-ko-kr","132":"pa_subtitles-pl-pl","133":"pa_subtitles-ru-ru","134":"pa_subtitles-zh-cn","135":"pa_subtitles-zh-tw","136":"pa_themes-action","137":"pa_themes-fantasy","139":"pa_themes-science-fiction","141":"first","142":"instock","143":"virtual","144":"taxable","145":"purchasable","146":"product-type-simple"},"yoast_head":"<!-- This site is optimized with the Yoast SEO plugin v27.3 - https:\/\/yoast.com\/product\/yoast-seo-wordpress\/ -->\n<title>Sonic Forces | BeGamer.cz<\/title>\n<meta name=\"robots\" content=\"index, follow, max-snippet:-1, max-image-preview:large, max-video-preview:-1\" \/>\n<link rel=\"canonical\" href=\"https:\/\/begamer.cz\/sk\/produkt\/sonic-forces-sk\/\" \/>\n<meta property=\"og:locale\" content=\"sk_SK\" \/>\n<meta property=\"og:type\" content=\"article\" \/>\n<meta property=\"og:title\" content=\"Sonic Forces | BeGamer.cz\" \/>\n<meta property=\"og:description\" content=\"Sonic Forces je ak\u010dn\u00e1 plo\u0161inovka, v ktorej sa hr\u00e1\u010di pridaj\u00fa k Sonicovi a jeho priate\u013eom, aby zastavili najnov\u0161\u00ed zl\u00fd pl\u00e1n Dr. Eggmana. V\u010faka klasick\u00e9mu a modern\u00e9mu \u0161t\u00fdlu hrania, prisp\u00f4sobite\u013en\u00fdm post\u00e1vam a r\u00fdchlym \u00farov\u0148am pon\u00faka vzru\u0161uj\u00face dobrodru\u017estvo a intenz\u00edvne bitky v \u017eivom 3D prostred\u00ed.\" \/>\n<meta property=\"og:url\" content=\"https:\/\/begamer.cz\/sk\/produkt\/sonic-forces-sk\/\" \/>\n<meta property=\"og:site_name\" content=\"BeGamer.cz\" \/>\n<meta property=\"article:modified_time\" content=\"2026-03-18T03:55:55+00:00\" \/>\n<meta property=\"og:image\" content=\"https:\/\/begamer.cz\/wp-content\/uploads\/2026\/01\/sonic-forces-11.webp\" \/>\n\t<meta property=\"og:image:width\" content=\"300\" \/>\n\t<meta property=\"og:image:height\" content=\"400\" \/>\n\t<meta property=\"og:image:type\" content=\"image\/webp\" \/>\n<meta name=\"twitter:card\" content=\"summary_large_image\" \/>\n<meta name=\"twitter:label1\" content=\"Predpokladan\u00fd \u010das \u010d\u00edtania\" \/>\n\t<meta name=\"twitter:data1\" content=\"1 min\u00fata\" \/>\n<script type=\"application\/ld+json\" class=\"yoast-schema-graph\">{\"@context\":\"https:\\\/\\\/schema.org\",\"@graph\":[{\"@type\":\"WebPage\",\"@id\":\"https:\\\/\\\/begamer.cz\\\/sk\\\/produkt\\\/sonic-forces-sk\\\/\",\"url\":\"https:\\\/\\\/begamer.cz\\\/sk\\\/produkt\\\/sonic-forces-sk\\\/\",\"name\":\"Sonic Forces | BeGamer.cz\",\"isPartOf\":{\"@id\":\"https:\\\/\\\/begamer.cz\\\/sk\\\/#website\"},\"primaryImageOfPage\":{\"@id\":\"https:\\\/\\\/begamer.cz\\\/sk\\\/produkt\\\/sonic-forces-sk\\\/#primaryimage\"},\"image\":{\"@id\":\"https:\\\/\\\/begamer.cz\\\/sk\\\/produkt\\\/sonic-forces-sk\\\/#primaryimage\"},\"thumbnailUrl\":\"https:\\\/\\\/begamer.cz\\\/wp-content\\\/uploads\\\/2026\\\/01\\\/sonic-forces-11.webp\",\"datePublished\":\"2026-01-30T15:26:16+00:00\",\"dateModified\":\"2026-03-18T03:55:55+00:00\",\"breadcrumb\":{\"@id\":\"https:\\\/\\\/begamer.cz\\\/sk\\\/produkt\\\/sonic-forces-sk\\\/#breadcrumb\"},\"inLanguage\":\"sk-SK\",\"potentialAction\":[{\"@type\":\"ReadAction\",\"target\":[\"https:\\\/\\\/begamer.cz\\\/sk\\\/produkt\\\/sonic-forces-sk\\\/\"]}]},{\"@type\":\"ImageObject\",\"inLanguage\":\"sk-SK\",\"@id\":\"https:\\\/\\\/begamer.cz\\\/sk\\\/produkt\\\/sonic-forces-sk\\\/#primaryimage\",\"url\":\"https:\\\/\\\/begamer.cz\\\/wp-content\\\/uploads\\\/2026\\\/01\\\/sonic-forces-11.webp\",\"contentUrl\":\"https:\\\/\\\/begamer.cz\\\/wp-content\\\/uploads\\\/2026\\\/01\\\/sonic-forces-11.webp\",\"width\":300,\"height\":400},{\"@type\":\"BreadcrumbList\",\"@id\":\"https:\\\/\\\/begamer.cz\\\/sk\\\/produkt\\\/sonic-forces-sk\\\/#breadcrumb\",\"itemListElement\":[{\"@type\":\"ListItem\",\"position\":1,\"name\":\"Domov\",\"item\":\"https:\\\/\\\/begamer.cz\\\/sk\\\/\"},{\"@type\":\"ListItem\",\"position\":2,\"name\":\"Obchod\",\"item\":\"https:\\\/\\\/begamer.cz\\\/obchod\\\/\"},{\"@type\":\"ListItem\",\"position\":3,\"name\":\"Sonic Forces\"}]},{\"@type\":\"WebSite\",\"@id\":\"https:\\\/\\\/begamer.cz\\\/sk\\\/#website\",\"url\":\"https:\\\/\\\/begamer.cz\\\/sk\\\/\",\"name\":\"BeGamer.cz\",\"description\":\"\",\"publisher\":{\"@id\":\"https:\\\/\\\/begamer.cz\\\/sk\\\/#organization\"},\"potentialAction\":[{\"@type\":\"SearchAction\",\"target\":{\"@type\":\"EntryPoint\",\"urlTemplate\":\"https:\\\/\\\/begamer.cz\\\/sk\\\/?s={search_term_string}\"},\"query-input\":{\"@type\":\"PropertyValueSpecification\",\"valueRequired\":true,\"valueName\":\"search_term_string\"}}],\"inLanguage\":\"sk-SK\"},{\"@type\":\"Organization\",\"@id\":\"https:\\\/\\\/begamer.cz\\\/sk\\\/#organization\",\"name\":\"BeGamer.cz\",\"url\":\"https:\\\/\\\/begamer.cz\\\/sk\\\/\",\"logo\":{\"@type\":\"ImageObject\",\"inLanguage\":\"sk-SK\",\"@id\":\"https:\\\/\\\/begamer.cz\\\/sk\\\/#\\\/schema\\\/logo\\\/image\\\/\",\"url\":\"https:\\\/\\\/begamer.cz\\\/wp-content\\\/uploads\\\/2025\\\/07\\\/logo.svg\",\"contentUrl\":\"https:\\\/\\\/begamer.cz\\\/wp-content\\\/uploads\\\/2025\\\/07\\\/logo.svg\",\"caption\":\"BeGamer.cz\"},\"image\":{\"@id\":\"https:\\\/\\\/begamer.cz\\\/sk\\\/#\\\/schema\\\/logo\\\/image\\\/\"}}]}<\/script>\n<!-- \/ Yoast SEO plugin. -->","yoast_head_json":{"title":"Sonic Forces | BeGamer.cz","robots":{"index":"index","follow":"follow","max-snippet":"max-snippet:-1","max-image-preview":"max-image-preview:large","max-video-preview":"max-video-preview:-1"},"canonical":"https:\/\/begamer.cz\/sk\/produkt\/sonic-forces-sk\/","og_locale":"sk_SK","og_type":"article","og_title":"Sonic Forces | BeGamer.cz","og_description":"Sonic Forces je ak\u010dn\u00e1 plo\u0161inovka, v ktorej sa hr\u00e1\u010di pridaj\u00fa k Sonicovi a jeho priate\u013eom, aby zastavili najnov\u0161\u00ed zl\u00fd pl\u00e1n Dr. Eggmana. V\u010faka klasick\u00e9mu a modern\u00e9mu \u0161t\u00fdlu hrania, prisp\u00f4sobite\u013en\u00fdm post\u00e1vam a r\u00fdchlym \u00farov\u0148am pon\u00faka vzru\u0161uj\u00face dobrodru\u017estvo a intenz\u00edvne bitky v \u017eivom 3D prostred\u00ed.","og_url":"https:\/\/begamer.cz\/sk\/produkt\/sonic-forces-sk\/","og_site_name":"BeGamer.cz","article_modified_time":"2026-03-18T03:55:55+00:00","og_image":[{"width":300,"height":400,"url":"https:\/\/begamer.cz\/wp-content\/uploads\/2026\/01\/sonic-forces-11.webp","type":"image\/webp"}],"twitter_card":"summary_large_image","twitter_misc":{"Predpokladan\u00fd \u010das \u010d\u00edtania":"1 min\u00fata"},"schema":{"@context":"https:\/\/schema.org","@graph":[{"@type":"WebPage","@id":"https:\/\/begamer.cz\/sk\/produkt\/sonic-forces-sk\/","url":"https:\/\/begamer.cz\/sk\/produkt\/sonic-forces-sk\/","name":"Sonic Forces | BeGamer.cz","isPartOf":{"@id":"https:\/\/begamer.cz\/sk\/#website"},"primaryImageOfPage":{"@id":"https:\/\/begamer.cz\/sk\/produkt\/sonic-forces-sk\/#primaryimage"},"image":{"@id":"https:\/\/begamer.cz\/sk\/produkt\/sonic-forces-sk\/#primaryimage"},"thumbnailUrl":"https:\/\/begamer.cz\/wp-content\/uploads\/2026\/01\/sonic-forces-11.webp","datePublished":"2026-01-30T15:26:16+00:00","dateModified":"2026-03-18T03:55:55+00:00","breadcrumb":{"@id":"https:\/\/begamer.cz\/sk\/produkt\/sonic-forces-sk\/#breadcrumb"},"inLanguage":"sk-SK","potentialAction":[{"@type":"ReadAction","target":["https:\/\/begamer.cz\/sk\/produkt\/sonic-forces-sk\/"]}]},{"@type":"ImageObject","inLanguage":"sk-SK","@id":"https:\/\/begamer.cz\/sk\/produkt\/sonic-forces-sk\/#primaryimage","url":"https:\/\/begamer.cz\/wp-content\/uploads\/2026\/01\/sonic-forces-11.webp","contentUrl":"https:\/\/begamer.cz\/wp-content\/uploads\/2026\/01\/sonic-forces-11.webp","width":300,"height":400},{"@type":"BreadcrumbList","@id":"https:\/\/begamer.cz\/sk\/produkt\/sonic-forces-sk\/#breadcrumb","itemListElement":[{"@type":"ListItem","position":1,"name":"Domov","item":"https:\/\/begamer.cz\/sk\/"},{"@type":"ListItem","position":2,"name":"Obchod","item":"https:\/\/begamer.cz\/obchod\/"},{"@type":"ListItem","position":3,"name":"Sonic Forces"}]},{"@type":"WebSite","@id":"https:\/\/begamer.cz\/sk\/#website","url":"https:\/\/begamer.cz\/sk\/","name":"BeGamer.cz","description":"","publisher":{"@id":"https:\/\/begamer.cz\/sk\/#organization"},"potentialAction":[{"@type":"SearchAction","target":{"@type":"EntryPoint","urlTemplate":"https:\/\/begamer.cz\/sk\/?s={search_term_string}"},"query-input":{"@type":"PropertyValueSpecification","valueRequired":true,"valueName":"search_term_string"}}],"inLanguage":"sk-SK"},{"@type":"Organization","@id":"https:\/\/begamer.cz\/sk\/#organization","name":"BeGamer.cz","url":"https:\/\/begamer.cz\/sk\/","logo":{"@type":"ImageObject","inLanguage":"sk-SK","@id":"https:\/\/begamer.cz\/sk\/#\/schema\/logo\/image\/","url":"https:\/\/begamer.cz\/wp-content\/uploads\/2025\/07\/logo.svg","contentUrl":"https:\/\/begamer.cz\/wp-content\/uploads\/2025\/07\/logo.svg","caption":"BeGamer.cz"},"image":{"@id":"https:\/\/begamer.cz\/sk\/#\/schema\/logo\/image\/"}}]}},"acf":[],"_links":{"self":[{"href":"https:\/\/begamer.cz\/sk\/wp-json\/wp\/v2\/product\/95777","targetHints":{"allow":["GET"]}}],"collection":[{"href":"https:\/\/begamer.cz\/sk\/wp-json\/wp\/v2\/product"}],"about":[{"href":"https:\/\/begamer.cz\/sk\/wp-json\/wp\/v2\/types\/product"}],"replies":[{"embeddable":true,"href":"https:\/\/begamer.cz\/sk\/wp-json\/wp\/v2\/comments?post=95777"}],"wp:featuredmedia":[{"embeddable":true,"href":"https:\/\/begamer.cz\/sk\/wp-json\/wp\/v2\/media\/18603"}],"wp:attachment":[{"href":"https:\/\/begamer.cz\/sk\/wp-json\/wp\/v2\/media?parent=95777"}],"wp:term":[{"taxonomy":"product_brand","embeddable":true,"href":"https:\/\/begamer.cz\/sk\/wp-json\/wp\/v2\/product_brand?post=95777"},{"taxonomy":"product_cat","embeddable":true,"href":"https:\/\/begamer.cz\/sk\/wp-json\/wp\/v2\/product_cat?post=95777"},{"taxonomy":"product_tag","embeddable":true,"href":"https:\/\/begamer.cz\/sk\/wp-json\/wp\/v2\/product_tag?post=95777"}],"curies":[{"name":"wp","href":"https:\/\/api.w.org\/{rel}","templated":true}]}}