{"id":95759,"date":"2026-01-30T16:25:47","date_gmt":"2026-01-30T15:25:47","guid":{"rendered":"https:\/\/begamer.cz\/produkt\/scars-above-sk\/"},"modified":"2026-03-18T04:54:51","modified_gmt":"2026-03-18T03:54:51","slug":"scars-above-sk","status":"publish","type":"product","link":"https:\/\/begamer.cz\/sk\/produkt\/scars-above-sk\/","title":{"rendered":"Scars Above"},"content":{"rendered":"<p>Scars Above je n\u00e1ro\u010dn\u00e1 sci-fi ak\u010dn\u00e1 advent\u00fara z poh\u013eadu tretej osoby, ktor\u00e1 kombinuje pocit uspokojenia z prekonania \u0165a\u017ekost\u00ed s p\u00fatav\u00fdm a zlo\u017eit\u00fdm pr\u00edbehom, ktor\u00fd sa odohr\u00e1va v tajomnom mimozemskom svete, ktor\u00fd je mo\u017en\u00e9 presk\u00fama\u0165.<\/p>\n<p><strong>Niektor\u00e9 veci nemali by\u0165 objaven\u00e9&#8230;<\/strong><\/p>\n<p>Obrovsk\u00e1 a tajomn\u00e1 mimozemsk\u00e1 \u0161trukt\u00fara sa objav\u00ed na obe\u017enej dr\u00e1he Zeme a ohrom\u00ed cel\u00fd svet; \u013eudstvo ju nazve \u201eMetahedron\u201c. T\u00edm Sentient Contact Assessment and Response (SCAR) \u2013 pozost\u00e1vaj\u00faci z vedcov a in\u017einierov \u2013 je vyslan\u00fd na vy\u0161etrovanie.<\/p>\n<p>Veci v\u0161ak nejd\u00fa pod\u013ea pl\u00e1nu a Metahedron unesie t\u00edm cez vesm\u00edr na tajomn\u00fa extrasol\u00e1rnu plan\u00e9tu. Hr\u00e1te za Dr. Kate Wardov\u00fa, \u010dlenku SCAR, ktor\u00e1 sa prebud\u00ed om\u00e1men\u00e1, sama v cudzom, nepriate\u013eskom prostred\u00ed. Odhodlan\u00e1 pre\u017ei\u0165, vyd\u00e1te sa h\u013eada\u0165 svoju pos\u00e1dku a odhali\u0165 tajomstvo toho, \u010do sa stalo.<\/p>\n<h2 class=\"bb_tag\">PRE\u017dITE PROTI V\u0160ETK\u00ddM PREK\u00c1\u017dKAM <\/h2>\n<p>Kate je astronautka a vedky\u0148a \u2013 nie vojak \u2013, ale je vynaliezav\u00e1 a odhodlan\u00e1 urobi\u0165 \u010doko\u013evek, aby pre\u017eila.<br \/>Pou\u017eite kombin\u00e1ciu dia\u013ekov\u00fdch zbran\u00ed, zariaden\u00ed, spotrebn\u00e9ho materi\u00e1lu a \u00fatokov zbl\u00edzka. Mus\u00edte si rozvrhn\u00fa\u0165 v\u00fddr\u017e, ke\u010f be\u017e\u00edte, uh\u00fdbate sa, vyu\u017e\u00edvate slab\u00e9 miesta a objavujete \u00fa\u010dinn\u00e9 taktiky na porazenie nepriate\u013eov.<br \/>Kombinujte r\u00f4zne element\u00e1rne \u00fatoky, aby ste prekonali prek\u00e1\u017eky a prebili sa cez inak neprekonate\u013en\u00e9 prek\u00e1\u017eky.<br \/>Vytvorte r\u00f4zne predmety a zariadenia, ktor\u00e9 v\u00e1m pom\u00f4\u017eu proti nespo\u010detn\u00fdm hrozb\u00e1m na tejto exoplan\u00e9te.<br \/><span class=\"bb_img_ctn\"><video class=\"bb_img\" autoplay muted loop playsinline poster=\"https:\/\/shared.akamai.steamstatic.com\/store_item_assets\/steam\/apps\/1196090\/extras\/4fc7d95b1118e4175427803a4270e2fe.poster.avif?t=1681942670\" width=\"600\" height=\"230\"><\/video><\/span><\/p>\n<h2 class=\"bb_tag\">OBJAVUJTE TAJOMN\u00da EXOPLAN\u00c9TU <\/h2>\n<p>Ponorte sa do starostlivo vytvoren\u00e9ho dobrodru\u017estva in\u0161pirovan\u00e9ho sci-fi klasikami.<br \/>Presk\u00famajte cudz\u00ed svet pln\u00fd nespo\u010detn\u00fdch hrozieb, n\u00e1dhern\u00fdch kraj\u00edn a ru\u00edn, ktor\u00e9 nazna\u010duj\u00fa existenciu starovekej, ale pokro\u010dilej civiliz\u00e1cie, ktor\u00e1 nejako zmizla.<br \/>Cestujte cez r\u00f4zne biomy, ako s\u00fa mo\u010darisk\u00e1, mraziv\u00e9 pustatiny, podzemn\u00e9 jaskyne a mimozemsk\u00e9 zariadenia \u2013 v\u0161etky s vlastn\u00fdmi v\u00fdzvami, nepriate\u013emi, tajomstvami a environment\u00e1lnymi nebezpe\u010denstvami.<br \/><span class=\"bb_img_ctn\"><video class=\"bb_img\" autoplay muted loop playsinline poster=\"https:\/\/shared.akamai.steamstatic.com\/store_item_assets\/steam\/apps\/1196090\/extras\/6a475434084cd18c17f3a3a9a9869046.poster.avif?t=1681942670\" width=\"600\" height=\"230\"><\/video><\/span><\/p>\n<h2 class=\"bb_tag\">VYD\u00c1VAJTE SA NA V\u00ddSKUMN\u00da CESTA <\/h2>\n<p>Kate je vedky\u0148a telom i du\u0161ou a vy vyu\u017eijete jej vedeck\u00e9 znalosti na z\u00edskavanie inform\u00e1ci\u00ed z okolia skenovan\u00edm artefaktov, materi\u00e1lov a tvorov, aby ste sa dozvedeli o ich vlastnostiach, charakteristik\u00e1ch a slabostiach.<br \/>Pri presk\u00famavan\u00ed okolia budete vykon\u00e1va\u0165 anal\u00fdzy a z\u00edskava\u0165 znalosti, ktor\u00e9 v\u00e1m umo\u017enia vyr\u00e1ba\u0165 nov\u00e9 gadgety, zbrane a odomkn\u00fa\u0165 schopnosti v stromoch xenobiol\u00f3gie a in\u017einierstva.<br \/><span class=\"bb_img_ctn\"><video class=\"bb_img\" autoplay muted loop playsinline poster=\"https:\/\/shared.akamai.steamstatic.com\/store_item_assets\/steam\/apps\/1196090\/extras\/0d0d394c8f76d7fce9468f6161739f47.poster.avif?t=1681942670\" width=\"600\" height=\"230\"><\/video><\/span><\/p>\n<h2 class=\"bb_tag\">VZRU\u0160UJ\u00daCE BOJE S BOSSMI <\/h2>\n<p>Stra\u0161ideln\u00e9 dizajny nepriate\u013eov \u2013 s r\u00f4znorod\u00fdmi strat\u00e9giami a taktikami \u2013 udr\u017eia stretnutia svie\u017ee a don\u00fatia v\u00e1s n\u00e1js\u0165 kreat\u00edvne sp\u00f4soby, ako ich porazi\u0165.<br \/><span class=\"bb_img_ctn\"><video class=\"bb_img\" autoplay muted loop playsinline poster=\"https:\/\/shared.akamai.steamstatic.com\/store_item_assets\/steam\/apps\/1196090\/extras\/2dcc95b20b141725c0570baf2b30d598.poster.avif?t=1681942670\" width=\"600\" height=\"230\"><\/video><\/span><\/p>\n<h2 class=\"bb_tag\">Sk\u00fasenos\u0165 Scars Above:<\/h2>\n<ul class=\"bb_ul\">\n<li>  Ponorte sa do vzru\u0161uj\u00faceho sci-fi dobrodru\u017estva in\u0161pirovan\u00e9ho klasikami tohto \u017e\u00e1nru<\/li>\n<li>  Presk\u00famajte tajomn\u00fd a zlo\u017eit\u00fd mimozemsk\u00fd svet \u2013 s mno\u017estvom z\u00e1had, ktor\u00e9 treba odhali\u0165<\/li>\n<li>  Bojujte takticky, kombinujte element\u00e1rne \u00fatoky, gadgety a predmety, vyu\u017e\u00edvajte prostredie a slabiny nepriate\u013eov<\/li>\n<li>  Z\u00e1pas s nap\u00ednav\u00fdmi a n\u00e1ro\u010dn\u00fdmi nepriate\u013emi a bossmi, od mohutn\u00fdch mon\u0161tier pokryt\u00fdch kame\u0148mi a\u017e po desiv\u00e9 stvorenia \u010d\u00edhaj\u00face v tme<\/li>\n<li>  Z\u00edskavajte vedomosti a nov\u00e9 zru\u010dnosti<\/li>\n<li>Skenujte nepriate\u013eov, aby ste zistili ich slabiny a spr\u00e1vanie<\/li>\n<li>  Vyu\u017eite svoje vedeck\u00e9 zru\u010dnosti na v\u00fdskum a extrapol\u00e1ciu inform\u00e1ci\u00ed<\/li>\n<\/ul>\n<h2 class=\"bb_tag\">Popis obsahu pre dospel\u00fdch<\/h2>\n<p>V\u00fdvoj\u00e1ri opisuj\u00fa obsah takto:<br \/>N\u00e1silie, zobrazenia mutovan\u00fdch \u013eudsk\u00fdch tiel, zobrazenia m\u0155tvych a zmrza\u010den\u00fdch mimozem\u0161\u0165anov.<\/p>\n","protected":false},"excerpt":{"rendered":"<p>Scars Above je n\u00e1ro\u010dn\u00e1 sci-fi ak\u010dn\u00e1 advent\u00fara z poh\u013eadu tretej osoby, ktor\u00e1 kombinuje pocit uspokojenia z prekon\u00e1vania prek\u00e1\u017eok s p\u00fatav\u00fdm a zlo\u017eit\u00fdm pr\u00edbehom, ktor\u00fd sa odohr\u00e1va v tajomnom mimozemskom svete, ktor\u00fd \u010dak\u00e1 na presk\u00famanie.<\/p>\n","protected":false},"featured_media":18495,"comment_status":"open","ping_status":"closed","template":"","meta":{"_acf_changed":false},"product_brand":[],"product_cat":[458,461,398,438],"product_tag":[],"class_list":{"0":"post-95759","1":"product","2":"type-product","3":"status-publish","4":"has-post-thumbnail","6":"product_cat-akcne-xbox-series-x-s-sk","7":"product_cat-dobrodruzne-xbox-series-x-s-sk","8":"product_cat-xbox-hry-sk","9":"product_cat-xbox-series-x-s-sk","10":"pa_audio-de-de","11":"pa_audio-en-us","12":"pa_audio-es-es","13":"pa_audio-fr-fr","15":"pa_countries-at","16":"pa_countries-be","17":"pa_countries-bg","18":"pa_countries-cy","19":"pa_countries-cz","21":"pa_countries-de","22":"pa_countries-dk","23":"pa_countries-ee","24":"pa_countries-es","25":"pa_countries-fi","26":"pa_countries-fr","27":"pa_countries-gr","28":"pa_countries-hr","29":"pa_countries-hu","30":"pa_countries-ie","31":"pa_countries-it","32":"pa_countries-lt","33":"pa_countries-lu","34":"pa_countries-lv","35":"pa_countries-mt","36":"pa_countries-nl","37":"pa_countries-pl","38":"pa_countries-pt","39":"pa_countries-ro","40":"pa_countries-se","41":"pa_countries-si","42":"pa_countries-sk","43":"pa_developer-mad-head-games-2","44":"pa_developer-mad-head-games","45":"pa_engine-unreal-engine-4","47":"pa_game_type-main_game","49":"pa_genres-adventure","51":"pa_genres-shooter","52":"pa_interface-de-de","53":"pa_interface-en-us","54":"pa_interface-es-es","55":"pa_interface-fr-fr","56":"pa_interface-it-it","57":"pa_interface-ja-jp","58":"pa_interface-ko-kr","59":"pa_interface-pl-pl","60":"pa_interface-pt-br","61":"pa_interface-pt-pt","63":"pa_interface-ru-ru","64":"pa_interface-zh-cn","65":"pa_interface-zh-tw","66":"pa_keywords-crafting","67":"pa_keywords-narrative","69":"pa_keywords-story-driven","70":"pa_modes-single-player","72":"pa_pegi-927","73":"pa_pegi-13428","74":"pa_platform-xbox-one-xbox-series-x-s","76":"pa_player_perspectives-third-person","78":"pa_publisher-prime-matter","80":"pa_rating-14441","81":"pa_rating-773","82":"pa_region-europe","84":"pa_subtitles-de-de","85":"pa_subtitles-en-us","86":"pa_subtitles-es-es","87":"pa_subtitles-fr-fr","88":"pa_subtitles-it-it","89":"pa_subtitles-ja-jp","90":"pa_subtitles-ko-kr","91":"pa_subtitles-pl-pl","92":"pa_subtitles-pt-pt","94":"pa_subtitles-ru-ru","95":"pa_subtitles-zh-cn","96":"pa_subtitles-zh-tw","97":"pa_themes-action","98":"pa_themes-horror","100":"pa_themes-science-fiction","102":"first","103":"instock","104":"virtual","105":"taxable","106":"purchasable","107":"product-type-simple"},"yoast_head":"<!-- This site is optimized with the Yoast SEO plugin v27.3 - https:\/\/yoast.com\/product\/yoast-seo-wordpress\/ -->\n<title>Scars Above | BeGamer.cz<\/title>\n<meta name=\"robots\" content=\"index, follow, max-snippet:-1, max-image-preview:large, max-video-preview:-1\" \/>\n<link rel=\"canonical\" href=\"https:\/\/begamer.cz\/sk\/produkt\/scars-above-sk\/\" \/>\n<meta property=\"og:locale\" content=\"sk_SK\" \/>\n<meta property=\"og:type\" content=\"article\" \/>\n<meta property=\"og:title\" content=\"Scars Above | BeGamer.cz\" \/>\n<meta property=\"og:description\" content=\"Scars Above je n\u00e1ro\u010dn\u00e1 sci-fi ak\u010dn\u00e1 advent\u00fara z poh\u013eadu tretej osoby, ktor\u00e1 kombinuje pocit uspokojenia z prekon\u00e1vania prek\u00e1\u017eok s p\u00fatav\u00fdm a zlo\u017eit\u00fdm pr\u00edbehom, ktor\u00fd sa odohr\u00e1va v tajomnom mimozemskom svete, ktor\u00fd \u010dak\u00e1 na presk\u00famanie.\" \/>\n<meta property=\"og:url\" content=\"https:\/\/begamer.cz\/sk\/produkt\/scars-above-sk\/\" \/>\n<meta property=\"og:site_name\" content=\"BeGamer.cz\" \/>\n<meta property=\"article:modified_time\" content=\"2026-03-18T03:54:51+00:00\" \/>\n<meta property=\"og:image\" content=\"https:\/\/begamer.cz\/wp-content\/uploads\/2026\/01\/scars-above-5.webp\" \/>\n\t<meta property=\"og:image:width\" content=\"300\" \/>\n\t<meta property=\"og:image:height\" content=\"400\" \/>\n\t<meta property=\"og:image:type\" content=\"image\/webp\" \/>\n<meta name=\"twitter:card\" content=\"summary_large_image\" \/>\n<meta name=\"twitter:label1\" content=\"Predpokladan\u00fd \u010das \u010d\u00edtania\" \/>\n\t<meta name=\"twitter:data1\" content=\"3 min\u00faty\" \/>\n<script type=\"application\/ld+json\" class=\"yoast-schema-graph\">{\"@context\":\"https:\\\/\\\/schema.org\",\"@graph\":[{\"@type\":\"WebPage\",\"@id\":\"https:\\\/\\\/begamer.cz\\\/sk\\\/produkt\\\/scars-above-sk\\\/\",\"url\":\"https:\\\/\\\/begamer.cz\\\/sk\\\/produkt\\\/scars-above-sk\\\/\",\"name\":\"Scars Above | BeGamer.cz\",\"isPartOf\":{\"@id\":\"https:\\\/\\\/begamer.cz\\\/sk\\\/#website\"},\"primaryImageOfPage\":{\"@id\":\"https:\\\/\\\/begamer.cz\\\/sk\\\/produkt\\\/scars-above-sk\\\/#primaryimage\"},\"image\":{\"@id\":\"https:\\\/\\\/begamer.cz\\\/sk\\\/produkt\\\/scars-above-sk\\\/#primaryimage\"},\"thumbnailUrl\":\"https:\\\/\\\/begamer.cz\\\/wp-content\\\/uploads\\\/2026\\\/01\\\/scars-above-5.webp\",\"datePublished\":\"2026-01-30T15:25:47+00:00\",\"dateModified\":\"2026-03-18T03:54:51+00:00\",\"breadcrumb\":{\"@id\":\"https:\\\/\\\/begamer.cz\\\/sk\\\/produkt\\\/scars-above-sk\\\/#breadcrumb\"},\"inLanguage\":\"sk-SK\",\"potentialAction\":[{\"@type\":\"ReadAction\",\"target\":[\"https:\\\/\\\/begamer.cz\\\/sk\\\/produkt\\\/scars-above-sk\\\/\"]}]},{\"@type\":\"ImageObject\",\"inLanguage\":\"sk-SK\",\"@id\":\"https:\\\/\\\/begamer.cz\\\/sk\\\/produkt\\\/scars-above-sk\\\/#primaryimage\",\"url\":\"https:\\\/\\\/begamer.cz\\\/wp-content\\\/uploads\\\/2026\\\/01\\\/scars-above-5.webp\",\"contentUrl\":\"https:\\\/\\\/begamer.cz\\\/wp-content\\\/uploads\\\/2026\\\/01\\\/scars-above-5.webp\",\"width\":300,\"height\":400},{\"@type\":\"BreadcrumbList\",\"@id\":\"https:\\\/\\\/begamer.cz\\\/sk\\\/produkt\\\/scars-above-sk\\\/#breadcrumb\",\"itemListElement\":[{\"@type\":\"ListItem\",\"position\":1,\"name\":\"Domov\",\"item\":\"https:\\\/\\\/begamer.cz\\\/sk\\\/\"},{\"@type\":\"ListItem\",\"position\":2,\"name\":\"Obchod\",\"item\":\"https:\\\/\\\/begamer.cz\\\/obchod\\\/\"},{\"@type\":\"ListItem\",\"position\":3,\"name\":\"Scars Above\"}]},{\"@type\":\"WebSite\",\"@id\":\"https:\\\/\\\/begamer.cz\\\/sk\\\/#website\",\"url\":\"https:\\\/\\\/begamer.cz\\\/sk\\\/\",\"name\":\"BeGamer.cz\",\"description\":\"\",\"publisher\":{\"@id\":\"https:\\\/\\\/begamer.cz\\\/sk\\\/#organization\"},\"potentialAction\":[{\"@type\":\"SearchAction\",\"target\":{\"@type\":\"EntryPoint\",\"urlTemplate\":\"https:\\\/\\\/begamer.cz\\\/sk\\\/?s={search_term_string}\"},\"query-input\":{\"@type\":\"PropertyValueSpecification\",\"valueRequired\":true,\"valueName\":\"search_term_string\"}}],\"inLanguage\":\"sk-SK\"},{\"@type\":\"Organization\",\"@id\":\"https:\\\/\\\/begamer.cz\\\/sk\\\/#organization\",\"name\":\"BeGamer.cz\",\"url\":\"https:\\\/\\\/begamer.cz\\\/sk\\\/\",\"logo\":{\"@type\":\"ImageObject\",\"inLanguage\":\"sk-SK\",\"@id\":\"https:\\\/\\\/begamer.cz\\\/sk\\\/#\\\/schema\\\/logo\\\/image\\\/\",\"url\":\"https:\\\/\\\/begamer.cz\\\/wp-content\\\/uploads\\\/2025\\\/07\\\/logo.svg\",\"contentUrl\":\"https:\\\/\\\/begamer.cz\\\/wp-content\\\/uploads\\\/2025\\\/07\\\/logo.svg\",\"caption\":\"BeGamer.cz\"},\"image\":{\"@id\":\"https:\\\/\\\/begamer.cz\\\/sk\\\/#\\\/schema\\\/logo\\\/image\\\/\"}}]}<\/script>\n<!-- \/ Yoast SEO plugin. -->","yoast_head_json":{"title":"Scars Above | BeGamer.cz","robots":{"index":"index","follow":"follow","max-snippet":"max-snippet:-1","max-image-preview":"max-image-preview:large","max-video-preview":"max-video-preview:-1"},"canonical":"https:\/\/begamer.cz\/sk\/produkt\/scars-above-sk\/","og_locale":"sk_SK","og_type":"article","og_title":"Scars Above | BeGamer.cz","og_description":"Scars Above je n\u00e1ro\u010dn\u00e1 sci-fi ak\u010dn\u00e1 advent\u00fara z poh\u013eadu tretej osoby, ktor\u00e1 kombinuje pocit uspokojenia z prekon\u00e1vania prek\u00e1\u017eok s p\u00fatav\u00fdm a zlo\u017eit\u00fdm pr\u00edbehom, ktor\u00fd sa odohr\u00e1va v tajomnom mimozemskom svete, ktor\u00fd \u010dak\u00e1 na presk\u00famanie.","og_url":"https:\/\/begamer.cz\/sk\/produkt\/scars-above-sk\/","og_site_name":"BeGamer.cz","article_modified_time":"2026-03-18T03:54:51+00:00","og_image":[{"width":300,"height":400,"url":"https:\/\/begamer.cz\/wp-content\/uploads\/2026\/01\/scars-above-5.webp","type":"image\/webp"}],"twitter_card":"summary_large_image","twitter_misc":{"Predpokladan\u00fd \u010das \u010d\u00edtania":"3 min\u00faty"},"schema":{"@context":"https:\/\/schema.org","@graph":[{"@type":"WebPage","@id":"https:\/\/begamer.cz\/sk\/produkt\/scars-above-sk\/","url":"https:\/\/begamer.cz\/sk\/produkt\/scars-above-sk\/","name":"Scars Above | BeGamer.cz","isPartOf":{"@id":"https:\/\/begamer.cz\/sk\/#website"},"primaryImageOfPage":{"@id":"https:\/\/begamer.cz\/sk\/produkt\/scars-above-sk\/#primaryimage"},"image":{"@id":"https:\/\/begamer.cz\/sk\/produkt\/scars-above-sk\/#primaryimage"},"thumbnailUrl":"https:\/\/begamer.cz\/wp-content\/uploads\/2026\/01\/scars-above-5.webp","datePublished":"2026-01-30T15:25:47+00:00","dateModified":"2026-03-18T03:54:51+00:00","breadcrumb":{"@id":"https:\/\/begamer.cz\/sk\/produkt\/scars-above-sk\/#breadcrumb"},"inLanguage":"sk-SK","potentialAction":[{"@type":"ReadAction","target":["https:\/\/begamer.cz\/sk\/produkt\/scars-above-sk\/"]}]},{"@type":"ImageObject","inLanguage":"sk-SK","@id":"https:\/\/begamer.cz\/sk\/produkt\/scars-above-sk\/#primaryimage","url":"https:\/\/begamer.cz\/wp-content\/uploads\/2026\/01\/scars-above-5.webp","contentUrl":"https:\/\/begamer.cz\/wp-content\/uploads\/2026\/01\/scars-above-5.webp","width":300,"height":400},{"@type":"BreadcrumbList","@id":"https:\/\/begamer.cz\/sk\/produkt\/scars-above-sk\/#breadcrumb","itemListElement":[{"@type":"ListItem","position":1,"name":"Domov","item":"https:\/\/begamer.cz\/sk\/"},{"@type":"ListItem","position":2,"name":"Obchod","item":"https:\/\/begamer.cz\/obchod\/"},{"@type":"ListItem","position":3,"name":"Scars Above"}]},{"@type":"WebSite","@id":"https:\/\/begamer.cz\/sk\/#website","url":"https:\/\/begamer.cz\/sk\/","name":"BeGamer.cz","description":"","publisher":{"@id":"https:\/\/begamer.cz\/sk\/#organization"},"potentialAction":[{"@type":"SearchAction","target":{"@type":"EntryPoint","urlTemplate":"https:\/\/begamer.cz\/sk\/?s={search_term_string}"},"query-input":{"@type":"PropertyValueSpecification","valueRequired":true,"valueName":"search_term_string"}}],"inLanguage":"sk-SK"},{"@type":"Organization","@id":"https:\/\/begamer.cz\/sk\/#organization","name":"BeGamer.cz","url":"https:\/\/begamer.cz\/sk\/","logo":{"@type":"ImageObject","inLanguage":"sk-SK","@id":"https:\/\/begamer.cz\/sk\/#\/schema\/logo\/image\/","url":"https:\/\/begamer.cz\/wp-content\/uploads\/2025\/07\/logo.svg","contentUrl":"https:\/\/begamer.cz\/wp-content\/uploads\/2025\/07\/logo.svg","caption":"BeGamer.cz"},"image":{"@id":"https:\/\/begamer.cz\/sk\/#\/schema\/logo\/image\/"}}]}},"acf":[],"_links":{"self":[{"href":"https:\/\/begamer.cz\/sk\/wp-json\/wp\/v2\/product\/95759","targetHints":{"allow":["GET"]}}],"collection":[{"href":"https:\/\/begamer.cz\/sk\/wp-json\/wp\/v2\/product"}],"about":[{"href":"https:\/\/begamer.cz\/sk\/wp-json\/wp\/v2\/types\/product"}],"replies":[{"embeddable":true,"href":"https:\/\/begamer.cz\/sk\/wp-json\/wp\/v2\/comments?post=95759"}],"wp:featuredmedia":[{"embeddable":true,"href":"https:\/\/begamer.cz\/sk\/wp-json\/wp\/v2\/media\/18495"}],"wp:attachment":[{"href":"https:\/\/begamer.cz\/sk\/wp-json\/wp\/v2\/media?parent=95759"}],"wp:term":[{"taxonomy":"product_brand","embeddable":true,"href":"https:\/\/begamer.cz\/sk\/wp-json\/wp\/v2\/product_brand?post=95759"},{"taxonomy":"product_cat","embeddable":true,"href":"https:\/\/begamer.cz\/sk\/wp-json\/wp\/v2\/product_cat?post=95759"},{"taxonomy":"product_tag","embeddable":true,"href":"https:\/\/begamer.cz\/sk\/wp-json\/wp\/v2\/product_tag?post=95759"}],"curies":[{"name":"wp","href":"https:\/\/api.w.org\/{rel}","templated":true}]}}