{"id":95756,"date":"2026-01-30T16:25:45","date_gmt":"2026-01-30T15:25:45","guid":{"rendered":"https:\/\/begamer.cz\/produkt\/minecraft-deluxe-collection-sk\/"},"modified":"2026-03-18T04:54:48","modified_gmt":"2026-03-18T03:54:48","slug":"minecraft-deluxe-collection-sk","status":"publish","type":"product","link":"https:\/\/begamer.cz\/sk\/produkt\/minecraft-deluxe-collection-sk\/","title":{"rendered":"Minecraft: Deluxe Collection"},"content":{"rendered":"<p>Vysk\u00fa\u0161ajte v\u0161etky r\u00f4zne sp\u00f4soby, ako presk\u00fama\u0165, pre\u017ei\u0165 a stava\u0165 v hre Minecraft s Minecraft: Deluxe Collection!<\/p>\n<p>Prezrite si nekone\u010dn\u00fd obsah vytvoren\u00fd komunitou na Minecraft Marketplace, objavte nov\u00e9 hern\u00e9 \u0161t\u00fdly prostredn\u00edctvom r\u00f4znych m\u00e1p a vyjadrite sa pomocou predmetov a em\u00f3ci\u00ed v Character Creator. Zozbierajte svojich priate\u013eov alebo sa pripravte na s\u00f3lov\u00fa misiu, ste pripraven\u00ed na v\u0161etky sp\u00f4soby, ako hra\u0165 Minecraft!<\/p>\n","protected":false},"excerpt":{"rendered":"<p>Minecraft: Deluxe Collection pon\u00faka dokonal\u00fd sandboxov\u00fd z\u00e1\u017eitok s z\u00e1kladnou hrou, exkluz\u00edvnymi skinmi, bal\u00ed\u010dkami text\u00far a bonusov\u00fdm obsahom. Presk\u00famajte, stavajte a pre\u017eite v nekone\u010dn\u00fdch svetoch s vylep\u0161en\u00fdmi mo\u017enos\u0165ami prisp\u00f4sobenia a kreativity. Ide\u00e1lne pre fan\u00fa\u0161ikov, ktor\u00ed h\u013eadaj\u00fa extra hodnotu a pohlcuj\u00facu hrate\u013enos\u0165.<\/p>\n","protected":false},"featured_media":18474,"comment_status":"open","ping_status":"closed","template":"","meta":{"_acf_changed":false},"product_brand":[],"product_cat":[457,469,471,398,438],"product_tag":[],"class_list":{"0":"post-95756","1":"product","2":"type-product","3":"status-publish","4":"has-post-thumbnail","6":"product_cat-adventury-xbox-series-x-s-sk","7":"product_cat-simulatory-xbox-series-x-s-sk","8":"product_cat-strategie-xbox-series-x-s-sk","9":"product_cat-xbox-hry-sk","10":"product_cat-xbox-series-x-s-sk","11":"pa_countries-at","12":"pa_countries-be","13":"pa_countries-bg","14":"pa_countries-cy","15":"pa_countries-cz","17":"pa_countries-de","18":"pa_countries-dk","19":"pa_countries-ee","20":"pa_countries-es","21":"pa_countries-fi","22":"pa_countries-fr","23":"pa_countries-gr","24":"pa_countries-hu","25":"pa_countries-ie","26":"pa_countries-it","27":"pa_countries-lt","28":"pa_countries-lu","29":"pa_countries-lv","30":"pa_countries-mt","31":"pa_countries-nl","32":"pa_countries-pl","33":"pa_countries-pt","34":"pa_countries-ro","35":"pa_countries-se","36":"pa_countries-si","37":"pa_countries-sk","38":"pa_developer-mojang-studios","40":"pa_game_type-bundle","42":"pa_genres-adventure","43":"pa_genres-simulator","44":"pa_genres-strategy","46":"pa_interface-cs-cz","47":"pa_interface-da-dk","48":"pa_interface-de-de","49":"pa_interface-en-gb","50":"pa_interface-en-us","51":"pa_interface-es-es","52":"pa_interface-es-mx","53":"pa_interface-fi-fi","54":"pa_interface-fr-fr","55":"pa_interface-hu-hu","56":"pa_interface-it-it","57":"pa_interface-ja-jp","58":"pa_interface-ko-kr","59":"pa_interface-nb-no","61":"pa_interface-nl-nl","62":"pa_interface-pl-pl","63":"pa_interface-pt-br","64":"pa_interface-pt-pt","65":"pa_interface-ru-ru","66":"pa_interface-sv-se","67":"pa_interface-tr-tr","68":"pa_interface-zh-cn","69":"pa_interface-zh-tw","70":"pa_modes-co-operative","71":"pa_modes-multiplayer","73":"pa_modes-single-player","74":"pa_pegi-13424","75":"pa_pegi-772","76":"pa_platform-xbox-one-xbox-series-x-s","78":"pa_publisher-mojang-studios","80":"pa_rating-773","81":"pa_rating-14441","82":"pa_region-europe","84":"pa_themes-action","87":"first","88":"outofstock","89":"virtual","90":"taxable","91":"purchasable","92":"product-type-simple"},"yoast_head":"<!-- This site is optimized with the Yoast SEO plugin v27.3 - https:\/\/yoast.com\/product\/yoast-seo-wordpress\/ -->\n<title>Minecraft: Deluxe Collection | BeGamer.cz<\/title>\n<meta name=\"robots\" content=\"index, follow, max-snippet:-1, max-image-preview:large, max-video-preview:-1\" \/>\n<link rel=\"canonical\" href=\"https:\/\/begamer.cz\/sk\/produkt\/minecraft-deluxe-collection-sk\/\" \/>\n<meta property=\"og:locale\" content=\"sk_SK\" \/>\n<meta property=\"og:type\" content=\"article\" \/>\n<meta property=\"og:title\" content=\"Minecraft: Deluxe Collection | BeGamer.cz\" \/>\n<meta property=\"og:description\" content=\"Minecraft: Deluxe Collection pon\u00faka dokonal\u00fd sandboxov\u00fd z\u00e1\u017eitok s z\u00e1kladnou hrou, exkluz\u00edvnymi skinmi, bal\u00ed\u010dkami text\u00far a bonusov\u00fdm obsahom. Presk\u00famajte, stavajte a pre\u017eite v nekone\u010dn\u00fdch svetoch s vylep\u0161en\u00fdmi mo\u017enos\u0165ami prisp\u00f4sobenia a kreativity. Ide\u00e1lne pre fan\u00fa\u0161ikov, ktor\u00ed h\u013eadaj\u00fa extra hodnotu a pohlcuj\u00facu hrate\u013enos\u0165.\" \/>\n<meta property=\"og:url\" content=\"https:\/\/begamer.cz\/sk\/produkt\/minecraft-deluxe-collection-sk\/\" \/>\n<meta property=\"og:site_name\" content=\"BeGamer.cz\" \/>\n<meta property=\"article:modified_time\" content=\"2026-03-18T03:54:48+00:00\" \/>\n<meta property=\"og:image\" content=\"https:\/\/begamer.cz\/wp-content\/uploads\/2026\/01\/minecraft-deluxe-collection-7.webp\" \/>\n\t<meta property=\"og:image:width\" content=\"300\" \/>\n\t<meta property=\"og:image:height\" content=\"400\" \/>\n\t<meta property=\"og:image:type\" content=\"image\/webp\" \/>\n<meta name=\"twitter:card\" content=\"summary_large_image\" \/>\n<script type=\"application\/ld+json\" class=\"yoast-schema-graph\">{\"@context\":\"https:\\\/\\\/schema.org\",\"@graph\":[{\"@type\":\"WebPage\",\"@id\":\"https:\\\/\\\/begamer.cz\\\/sk\\\/produkt\\\/minecraft-deluxe-collection-sk\\\/\",\"url\":\"https:\\\/\\\/begamer.cz\\\/sk\\\/produkt\\\/minecraft-deluxe-collection-sk\\\/\",\"name\":\"Minecraft: Deluxe Collection | BeGamer.cz\",\"isPartOf\":{\"@id\":\"https:\\\/\\\/begamer.cz\\\/sk\\\/#website\"},\"primaryImageOfPage\":{\"@id\":\"https:\\\/\\\/begamer.cz\\\/sk\\\/produkt\\\/minecraft-deluxe-collection-sk\\\/#primaryimage\"},\"image\":{\"@id\":\"https:\\\/\\\/begamer.cz\\\/sk\\\/produkt\\\/minecraft-deluxe-collection-sk\\\/#primaryimage\"},\"thumbnailUrl\":\"https:\\\/\\\/begamer.cz\\\/wp-content\\\/uploads\\\/2026\\\/01\\\/minecraft-deluxe-collection-7.webp\",\"datePublished\":\"2026-01-30T15:25:45+00:00\",\"dateModified\":\"2026-03-18T03:54:48+00:00\",\"breadcrumb\":{\"@id\":\"https:\\\/\\\/begamer.cz\\\/sk\\\/produkt\\\/minecraft-deluxe-collection-sk\\\/#breadcrumb\"},\"inLanguage\":\"sk-SK\",\"potentialAction\":[{\"@type\":\"ReadAction\",\"target\":[\"https:\\\/\\\/begamer.cz\\\/sk\\\/produkt\\\/minecraft-deluxe-collection-sk\\\/\"]}]},{\"@type\":\"ImageObject\",\"inLanguage\":\"sk-SK\",\"@id\":\"https:\\\/\\\/begamer.cz\\\/sk\\\/produkt\\\/minecraft-deluxe-collection-sk\\\/#primaryimage\",\"url\":\"https:\\\/\\\/begamer.cz\\\/wp-content\\\/uploads\\\/2026\\\/01\\\/minecraft-deluxe-collection-7.webp\",\"contentUrl\":\"https:\\\/\\\/begamer.cz\\\/wp-content\\\/uploads\\\/2026\\\/01\\\/minecraft-deluxe-collection-7.webp\",\"width\":300,\"height\":400},{\"@type\":\"BreadcrumbList\",\"@id\":\"https:\\\/\\\/begamer.cz\\\/sk\\\/produkt\\\/minecraft-deluxe-collection-sk\\\/#breadcrumb\",\"itemListElement\":[{\"@type\":\"ListItem\",\"position\":1,\"name\":\"Domov\",\"item\":\"https:\\\/\\\/begamer.cz\\\/sk\\\/\"},{\"@type\":\"ListItem\",\"position\":2,\"name\":\"Obchod\",\"item\":\"https:\\\/\\\/begamer.cz\\\/obchod\\\/\"},{\"@type\":\"ListItem\",\"position\":3,\"name\":\"Minecraft: Deluxe Collection\"}]},{\"@type\":\"WebSite\",\"@id\":\"https:\\\/\\\/begamer.cz\\\/sk\\\/#website\",\"url\":\"https:\\\/\\\/begamer.cz\\\/sk\\\/\",\"name\":\"BeGamer.cz\",\"description\":\"\",\"publisher\":{\"@id\":\"https:\\\/\\\/begamer.cz\\\/sk\\\/#organization\"},\"potentialAction\":[{\"@type\":\"SearchAction\",\"target\":{\"@type\":\"EntryPoint\",\"urlTemplate\":\"https:\\\/\\\/begamer.cz\\\/sk\\\/?s={search_term_string}\"},\"query-input\":{\"@type\":\"PropertyValueSpecification\",\"valueRequired\":true,\"valueName\":\"search_term_string\"}}],\"inLanguage\":\"sk-SK\"},{\"@type\":\"Organization\",\"@id\":\"https:\\\/\\\/begamer.cz\\\/sk\\\/#organization\",\"name\":\"BeGamer.cz\",\"url\":\"https:\\\/\\\/begamer.cz\\\/sk\\\/\",\"logo\":{\"@type\":\"ImageObject\",\"inLanguage\":\"sk-SK\",\"@id\":\"https:\\\/\\\/begamer.cz\\\/sk\\\/#\\\/schema\\\/logo\\\/image\\\/\",\"url\":\"https:\\\/\\\/begamer.cz\\\/wp-content\\\/uploads\\\/2025\\\/07\\\/logo.svg\",\"contentUrl\":\"https:\\\/\\\/begamer.cz\\\/wp-content\\\/uploads\\\/2025\\\/07\\\/logo.svg\",\"caption\":\"BeGamer.cz\"},\"image\":{\"@id\":\"https:\\\/\\\/begamer.cz\\\/sk\\\/#\\\/schema\\\/logo\\\/image\\\/\"}}]}<\/script>\n<!-- \/ Yoast SEO plugin. -->","yoast_head_json":{"title":"Minecraft: Deluxe Collection | BeGamer.cz","robots":{"index":"index","follow":"follow","max-snippet":"max-snippet:-1","max-image-preview":"max-image-preview:large","max-video-preview":"max-video-preview:-1"},"canonical":"https:\/\/begamer.cz\/sk\/produkt\/minecraft-deluxe-collection-sk\/","og_locale":"sk_SK","og_type":"article","og_title":"Minecraft: Deluxe Collection | BeGamer.cz","og_description":"Minecraft: Deluxe Collection pon\u00faka dokonal\u00fd sandboxov\u00fd z\u00e1\u017eitok s z\u00e1kladnou hrou, exkluz\u00edvnymi skinmi, bal\u00ed\u010dkami text\u00far a bonusov\u00fdm obsahom. Presk\u00famajte, stavajte a pre\u017eite v nekone\u010dn\u00fdch svetoch s vylep\u0161en\u00fdmi mo\u017enos\u0165ami prisp\u00f4sobenia a kreativity. Ide\u00e1lne pre fan\u00fa\u0161ikov, ktor\u00ed h\u013eadaj\u00fa extra hodnotu a pohlcuj\u00facu hrate\u013enos\u0165.","og_url":"https:\/\/begamer.cz\/sk\/produkt\/minecraft-deluxe-collection-sk\/","og_site_name":"BeGamer.cz","article_modified_time":"2026-03-18T03:54:48+00:00","og_image":[{"width":300,"height":400,"url":"https:\/\/begamer.cz\/wp-content\/uploads\/2026\/01\/minecraft-deluxe-collection-7.webp","type":"image\/webp"}],"twitter_card":"summary_large_image","schema":{"@context":"https:\/\/schema.org","@graph":[{"@type":"WebPage","@id":"https:\/\/begamer.cz\/sk\/produkt\/minecraft-deluxe-collection-sk\/","url":"https:\/\/begamer.cz\/sk\/produkt\/minecraft-deluxe-collection-sk\/","name":"Minecraft: Deluxe Collection | BeGamer.cz","isPartOf":{"@id":"https:\/\/begamer.cz\/sk\/#website"},"primaryImageOfPage":{"@id":"https:\/\/begamer.cz\/sk\/produkt\/minecraft-deluxe-collection-sk\/#primaryimage"},"image":{"@id":"https:\/\/begamer.cz\/sk\/produkt\/minecraft-deluxe-collection-sk\/#primaryimage"},"thumbnailUrl":"https:\/\/begamer.cz\/wp-content\/uploads\/2026\/01\/minecraft-deluxe-collection-7.webp","datePublished":"2026-01-30T15:25:45+00:00","dateModified":"2026-03-18T03:54:48+00:00","breadcrumb":{"@id":"https:\/\/begamer.cz\/sk\/produkt\/minecraft-deluxe-collection-sk\/#breadcrumb"},"inLanguage":"sk-SK","potentialAction":[{"@type":"ReadAction","target":["https:\/\/begamer.cz\/sk\/produkt\/minecraft-deluxe-collection-sk\/"]}]},{"@type":"ImageObject","inLanguage":"sk-SK","@id":"https:\/\/begamer.cz\/sk\/produkt\/minecraft-deluxe-collection-sk\/#primaryimage","url":"https:\/\/begamer.cz\/wp-content\/uploads\/2026\/01\/minecraft-deluxe-collection-7.webp","contentUrl":"https:\/\/begamer.cz\/wp-content\/uploads\/2026\/01\/minecraft-deluxe-collection-7.webp","width":300,"height":400},{"@type":"BreadcrumbList","@id":"https:\/\/begamer.cz\/sk\/produkt\/minecraft-deluxe-collection-sk\/#breadcrumb","itemListElement":[{"@type":"ListItem","position":1,"name":"Domov","item":"https:\/\/begamer.cz\/sk\/"},{"@type":"ListItem","position":2,"name":"Obchod","item":"https:\/\/begamer.cz\/obchod\/"},{"@type":"ListItem","position":3,"name":"Minecraft: Deluxe Collection"}]},{"@type":"WebSite","@id":"https:\/\/begamer.cz\/sk\/#website","url":"https:\/\/begamer.cz\/sk\/","name":"BeGamer.cz","description":"","publisher":{"@id":"https:\/\/begamer.cz\/sk\/#organization"},"potentialAction":[{"@type":"SearchAction","target":{"@type":"EntryPoint","urlTemplate":"https:\/\/begamer.cz\/sk\/?s={search_term_string}"},"query-input":{"@type":"PropertyValueSpecification","valueRequired":true,"valueName":"search_term_string"}}],"inLanguage":"sk-SK"},{"@type":"Organization","@id":"https:\/\/begamer.cz\/sk\/#organization","name":"BeGamer.cz","url":"https:\/\/begamer.cz\/sk\/","logo":{"@type":"ImageObject","inLanguage":"sk-SK","@id":"https:\/\/begamer.cz\/sk\/#\/schema\/logo\/image\/","url":"https:\/\/begamer.cz\/wp-content\/uploads\/2025\/07\/logo.svg","contentUrl":"https:\/\/begamer.cz\/wp-content\/uploads\/2025\/07\/logo.svg","caption":"BeGamer.cz"},"image":{"@id":"https:\/\/begamer.cz\/sk\/#\/schema\/logo\/image\/"}}]}},"acf":[],"_links":{"self":[{"href":"https:\/\/begamer.cz\/sk\/wp-json\/wp\/v2\/product\/95756","targetHints":{"allow":["GET"]}}],"collection":[{"href":"https:\/\/begamer.cz\/sk\/wp-json\/wp\/v2\/product"}],"about":[{"href":"https:\/\/begamer.cz\/sk\/wp-json\/wp\/v2\/types\/product"}],"replies":[{"embeddable":true,"href":"https:\/\/begamer.cz\/sk\/wp-json\/wp\/v2\/comments?post=95756"}],"wp:featuredmedia":[{"embeddable":true,"href":"https:\/\/begamer.cz\/sk\/wp-json\/wp\/v2\/media\/18474"}],"wp:attachment":[{"href":"https:\/\/begamer.cz\/sk\/wp-json\/wp\/v2\/media?parent=95756"}],"wp:term":[{"taxonomy":"product_brand","embeddable":true,"href":"https:\/\/begamer.cz\/sk\/wp-json\/wp\/v2\/product_brand?post=95756"},{"taxonomy":"product_cat","embeddable":true,"href":"https:\/\/begamer.cz\/sk\/wp-json\/wp\/v2\/product_cat?post=95756"},{"taxonomy":"product_tag","embeddable":true,"href":"https:\/\/begamer.cz\/sk\/wp-json\/wp\/v2\/product_tag?post=95756"}],"curies":[{"name":"wp","href":"https:\/\/api.w.org\/{rel}","templated":true}]}}