{"id":95714,"date":"2026-01-30T16:25:04","date_gmt":"2026-01-30T15:25:04","guid":{"rendered":"https:\/\/begamer.cz\/produkt\/star-wars-jedi-survivor-deluxe-edition-sk\/"},"modified":"2026-03-18T04:53:12","modified_gmt":"2026-03-18T03:53:12","slug":"star-wars-jedi-survivor-deluxe-edition-sk","status":"publish","type":"product","link":"https:\/\/begamer.cz\/sk\/produkt\/star-wars-jedi-survivor-deluxe-edition-sk\/","title":{"rendered":"Star Wars Jedi: Survivor \u2013 Deluxe Edition"},"content":{"rendered":"<h1>STAR WARS Jedi: Survivor\u2122 Deluxe Edition<\/h1>\n<\/p>\n<p><img loading=\"lazy\" decoding=\"async\" src=\"https:\/\/shared.akamai.steamstatic.com\/store_item_assets\/steam\/apps\/1774580\/extras\/fb06fc41b07424a241ef64d8a26ec619.avif?t=1748945254\" width=\"610\" height=\"636\"><\/p>\n<h2>Odomknite exkluz\u00edvne kozmetick\u00e9 predmety in\u0161pirovan\u00e9 Hanom Solom\u2122 a Lukom Skywalkerom\u2122, ako ich pozn\u00e1te zo STAR WARS: A New Hope, s hrou Star Wars Jedi: Survivor Deluxe Edition*.<\/h2>\n<ul>\n<li>\n<p>Kozmetick\u00fd bal\u00edk \u201eGalactic Hero\u201c obsahuje:<\/p>\n<ul>\n<li>\n<p>\u201eScoundrel\u201c kozmetick\u00fd<\/p>\n<\/li>\n<li>\n<p>Kozmetick\u00fd bal\u00ed\u010dek \u201eRugged\u201c BD-1<\/p>\n<\/li>\n<li>\n<p>S\u00faprava blasterov \u201eDL-44\u201c<\/p>\n<\/li>\n<\/ul>\n<p><\/p>\n<\/li>\n<li>\n<p>Kozmetick\u00fd bal\u00ed\u010dek \u201eNew Hero\u201c obsahuje:<\/p>\n<ul>\n<li>\n<p>Kozmetick\u00fd bal\u00ed\u010dek \u201eRebel Hero\u201c<\/p>\n<\/li>\n<li>\n<p>\u201eBD-Astro\u201c kozmetika BD-1<\/p>\n<\/li>\n<li>\n<p>S\u00faprava sveteln\u00fdch me\u010dov \u201eRebel Hero\u201c<\/p>\n<\/li>\n<\/ul>\n<\/li>\n<\/ul>\n<p><\/p>\n<h1>O hre<\/h1>\n<p>Pr\u00edbeh Cala Kestisa pokra\u010duje v hre Star Wars Jedi: Survivor\u2122, ak\u010dnej advent\u00fare z poh\u013eadu tretej osoby, ktor\u00e1 sa odohr\u00e1va v galaxii a ktor\u00fa vyvinula spolo\u010dnos\u0165 Respawn Entertainment v spolupr\u00e1ci s Lucasfilm Games. Tento pr\u00edbehovo orientovan\u00fd titul pre jedn\u00e9ho hr\u00e1\u010da nadv\u00e4zuje na udalosti hry Star Wars Jedi: Fallen Order\u2122 o 5 rokov nesk\u00f4r a sleduje Calov \u010doraz z\u00fafalej\u0161\u00ed boj, ke\u010f sa galaxia st\u00e1le viac pon\u00e1ra do tmy. Cal, ktor\u00fd bol Imp\u00e9riom vytla\u010den\u00fd na okraj galaxie, sa ocitne obklopen\u00fd nov\u00fdmi aj zn\u00e1mymi hrozbami. Ako jeden z posledn\u00fdch pre\u017eiv\u0161\u00edch rytierov Jedi je Cal n\u00faten\u00fd postavi\u0165 sa na odpor v najtemnej\u0161\u00edch \u010dasoch galaxie \u2013 ale ako \u010faleko je ochotn\u00fd z\u00e1js\u0165, aby ochr\u00e1nil seba, svoju pos\u00e1dku a dedi\u010dstvo r\u00e1du Jedi?<\/p>\n<p><img loading=\"lazy\" decoding=\"async\" src=\"https:\/\/shared.akamai.steamstatic.com\/store_item_assets\/steam\/apps\/1774580\/extras\/ef920d6d6fa8cad5cb8392aef3d0cd51.avif?t=1748945254\" width=\"610\" height=\"2256\"><\/p>\n","protected":false},"excerpt":{"rendered":"<p>Za\u017eite \u010fal\u0161iu kapitolu s\u00e1gy Star Wars s hrou STAR WARS JEDI: SURVIVOR \u2013 DELUXE EDITION. Bojujte proti temnej strane, presk\u00famajte nov\u00e9 svety a odomknite exkluz\u00edvny obsah, vr\u00e1tane skinov, zbran\u00ed a bonusov, ktor\u00e9 v\u00e1m spr\u00edjemnia dobrodru\u017estvo Jedi.<\/p>\n","protected":false},"featured_media":62431,"comment_status":"open","ping_status":"closed","template":"","meta":{"_acf_changed":false},"product_brand":[],"product_cat":[457,461,398,438],"product_tag":[],"class_list":{"0":"post-95714","1":"product","2":"type-product","3":"status-publish","4":"has-post-thumbnail","6":"product_cat-adventury-xbox-series-x-s-sk","7":"product_cat-dobrodruzne-xbox-series-x-s-sk","8":"product_cat-xbox-hry-sk","9":"product_cat-xbox-series-x-s-sk","10":"pa_audio-de-de","11":"pa_audio-en-gb","12":"pa_audio-en-us","13":"pa_audio-es-es","14":"pa_audio-es-mx","16":"pa_audio-fr-fr","17":"pa_audio-it-it","18":"pa_audio-ja-jp","19":"pa_audio-ko-kr","20":"pa_audio-pl-pl","21":"pa_audio-pt-br","22":"pa_countries-at","23":"pa_countries-be","24":"pa_countries-bg","25":"pa_countries-cy","26":"pa_countries-cz","28":"pa_countries-de","29":"pa_countries-dk","30":"pa_countries-ee","31":"pa_countries-es","32":"pa_countries-fi","33":"pa_countries-fr","34":"pa_countries-gr","35":"pa_countries-hr","36":"pa_countries-hu","37":"pa_countries-ie","38":"pa_countries-it","39":"pa_countries-lt","40":"pa_countries-lu","41":"pa_countries-lv","42":"pa_countries-mt","43":"pa_countries-nl","44":"pa_countries-pl","45":"pa_countries-pt","46":"pa_countries-ro","47":"pa_countries-se","48":"pa_countries-si","49":"pa_countries-sk","50":"pa_developer-respawn-entertainment","52":"pa_engine-unreal-engine-4","54":"pa_franchises-star-wars","56":"pa_game_type-main_game","58":"pa_genres-adventure","60":"pa_interface-de-de","61":"pa_interface-en-gb","62":"pa_interface-en-us","63":"pa_interface-es-es","64":"pa_interface-es-mx","65":"pa_interface-fr-fr","66":"pa_interface-it-it","67":"pa_interface-ja-jp","68":"pa_interface-ko-kr","69":"pa_interface-pl-pl","70":"pa_interface-pt-br","72":"pa_interface-zh-cn","73":"pa_interface-zh-tw","74":"pa_keywords-environmental-puzzles","75":"pa_keywords-soulslike","76":"pa_keywords-star-wars","78":"pa_modes-single-player","80":"pa_pegi-927","81":"pa_pegi-13428","82":"pa_platform-xbox-series-x-s","84":"pa_player_perspectives-third-person","86":"pa_publisher-electronic-arts","88":"pa_rating-14441","89":"pa_rating-773","90":"pa_region-europe","92":"pa_subtitles-de-de","94":"pa_subtitles-en-gb","95":"pa_subtitles-en-us","96":"pa_subtitles-es-es","97":"pa_subtitles-es-mx","98":"pa_subtitles-fr-fr","99":"pa_subtitles-it-it","100":"pa_subtitles-ja-jp","101":"pa_subtitles-ko-kr","102":"pa_subtitles-pl-pl","103":"pa_subtitles-pt-br","104":"pa_subtitles-zh-cn","105":"pa_subtitles-zh-tw","106":"pa_themes-action","107":"pa_themes-fantasy","109":"pa_themes-science-fiction","111":"first","112":"instock","113":"virtual","114":"taxable","115":"purchasable","116":"product-type-simple"},"yoast_head":"<!-- This site is optimized with the Yoast SEO plugin v27.3 - https:\/\/yoast.com\/product\/yoast-seo-wordpress\/ -->\n<title>Star Wars Jedi: Survivor - Deluxe Edition | BeGamer.cz<\/title>\n<meta name=\"robots\" content=\"index, follow, max-snippet:-1, max-image-preview:large, max-video-preview:-1\" \/>\n<link rel=\"canonical\" href=\"https:\/\/begamer.cz\/sk\/produkt\/star-wars-jedi-survivor-deluxe-edition-sk\/\" \/>\n<meta property=\"og:locale\" content=\"sk_SK\" \/>\n<meta property=\"og:type\" content=\"article\" \/>\n<meta property=\"og:title\" content=\"Star Wars Jedi: Survivor - Deluxe Edition | BeGamer.cz\" \/>\n<meta property=\"og:description\" content=\"Za\u017eite \u010fal\u0161iu kapitolu s\u00e1gy Star Wars s hrou STAR WARS JEDI: SURVIVOR \u2013 DELUXE EDITION. Bojujte proti temnej strane, presk\u00famajte nov\u00e9 svety a odomknite exkluz\u00edvny obsah, vr\u00e1tane skinov, zbran\u00ed a bonusov, ktor\u00e9 v\u00e1m spr\u00edjemnia dobrodru\u017estvo Jedi.\" \/>\n<meta property=\"og:url\" content=\"https:\/\/begamer.cz\/sk\/produkt\/star-wars-jedi-survivor-deluxe-edition-sk\/\" \/>\n<meta property=\"og:site_name\" content=\"BeGamer.cz\" \/>\n<meta property=\"article:modified_time\" content=\"2026-03-18T03:53:12+00:00\" \/>\n<meta property=\"og:image\" content=\"https:\/\/begamer.cz\/wp-content\/uploads\/2026\/01\/star-wars-jedi-survivor-deluxe-edition-7.webp\" \/>\n\t<meta property=\"og:image:width\" content=\"300\" \/>\n\t<meta property=\"og:image:height\" content=\"400\" \/>\n\t<meta property=\"og:image:type\" content=\"image\/webp\" \/>\n<meta name=\"twitter:card\" content=\"summary_large_image\" \/>\n<meta name=\"twitter:label1\" content=\"Predpokladan\u00fd \u010das \u010d\u00edtania\" \/>\n\t<meta name=\"twitter:data1\" content=\"1 min\u00fata\" \/>\n<script type=\"application\/ld+json\" class=\"yoast-schema-graph\">{\"@context\":\"https:\\\/\\\/schema.org\",\"@graph\":[{\"@type\":\"WebPage\",\"@id\":\"https:\\\/\\\/begamer.cz\\\/sk\\\/produkt\\\/star-wars-jedi-survivor-deluxe-edition-sk\\\/\",\"url\":\"https:\\\/\\\/begamer.cz\\\/sk\\\/produkt\\\/star-wars-jedi-survivor-deluxe-edition-sk\\\/\",\"name\":\"Star Wars Jedi: Survivor - Deluxe Edition | BeGamer.cz\",\"isPartOf\":{\"@id\":\"https:\\\/\\\/begamer.cz\\\/sk\\\/#website\"},\"primaryImageOfPage\":{\"@id\":\"https:\\\/\\\/begamer.cz\\\/sk\\\/produkt\\\/star-wars-jedi-survivor-deluxe-edition-sk\\\/#primaryimage\"},\"image\":{\"@id\":\"https:\\\/\\\/begamer.cz\\\/sk\\\/produkt\\\/star-wars-jedi-survivor-deluxe-edition-sk\\\/#primaryimage\"},\"thumbnailUrl\":\"https:\\\/\\\/begamer.cz\\\/wp-content\\\/uploads\\\/2026\\\/01\\\/star-wars-jedi-survivor-deluxe-edition-7.webp\",\"datePublished\":\"2026-01-30T15:25:04+00:00\",\"dateModified\":\"2026-03-18T03:53:12+00:00\",\"breadcrumb\":{\"@id\":\"https:\\\/\\\/begamer.cz\\\/sk\\\/produkt\\\/star-wars-jedi-survivor-deluxe-edition-sk\\\/#breadcrumb\"},\"inLanguage\":\"sk-SK\",\"potentialAction\":[{\"@type\":\"ReadAction\",\"target\":[\"https:\\\/\\\/begamer.cz\\\/sk\\\/produkt\\\/star-wars-jedi-survivor-deluxe-edition-sk\\\/\"]}]},{\"@type\":\"ImageObject\",\"inLanguage\":\"sk-SK\",\"@id\":\"https:\\\/\\\/begamer.cz\\\/sk\\\/produkt\\\/star-wars-jedi-survivor-deluxe-edition-sk\\\/#primaryimage\",\"url\":\"https:\\\/\\\/begamer.cz\\\/wp-content\\\/uploads\\\/2026\\\/01\\\/star-wars-jedi-survivor-deluxe-edition-7.webp\",\"contentUrl\":\"https:\\\/\\\/begamer.cz\\\/wp-content\\\/uploads\\\/2026\\\/01\\\/star-wars-jedi-survivor-deluxe-edition-7.webp\",\"width\":300,\"height\":400},{\"@type\":\"BreadcrumbList\",\"@id\":\"https:\\\/\\\/begamer.cz\\\/sk\\\/produkt\\\/star-wars-jedi-survivor-deluxe-edition-sk\\\/#breadcrumb\",\"itemListElement\":[{\"@type\":\"ListItem\",\"position\":1,\"name\":\"Domov\",\"item\":\"https:\\\/\\\/begamer.cz\\\/sk\\\/\"},{\"@type\":\"ListItem\",\"position\":2,\"name\":\"Obchod\",\"item\":\"https:\\\/\\\/begamer.cz\\\/obchod\\\/\"},{\"@type\":\"ListItem\",\"position\":3,\"name\":\"Star Wars Jedi: Survivor &#8211; Deluxe Edition\"}]},{\"@type\":\"WebSite\",\"@id\":\"https:\\\/\\\/begamer.cz\\\/sk\\\/#website\",\"url\":\"https:\\\/\\\/begamer.cz\\\/sk\\\/\",\"name\":\"BeGamer.cz\",\"description\":\"\",\"publisher\":{\"@id\":\"https:\\\/\\\/begamer.cz\\\/sk\\\/#organization\"},\"potentialAction\":[{\"@type\":\"SearchAction\",\"target\":{\"@type\":\"EntryPoint\",\"urlTemplate\":\"https:\\\/\\\/begamer.cz\\\/sk\\\/?s={search_term_string}\"},\"query-input\":{\"@type\":\"PropertyValueSpecification\",\"valueRequired\":true,\"valueName\":\"search_term_string\"}}],\"inLanguage\":\"sk-SK\"},{\"@type\":\"Organization\",\"@id\":\"https:\\\/\\\/begamer.cz\\\/sk\\\/#organization\",\"name\":\"BeGamer.cz\",\"url\":\"https:\\\/\\\/begamer.cz\\\/sk\\\/\",\"logo\":{\"@type\":\"ImageObject\",\"inLanguage\":\"sk-SK\",\"@id\":\"https:\\\/\\\/begamer.cz\\\/sk\\\/#\\\/schema\\\/logo\\\/image\\\/\",\"url\":\"https:\\\/\\\/begamer.cz\\\/wp-content\\\/uploads\\\/2025\\\/07\\\/logo.svg\",\"contentUrl\":\"https:\\\/\\\/begamer.cz\\\/wp-content\\\/uploads\\\/2025\\\/07\\\/logo.svg\",\"caption\":\"BeGamer.cz\"},\"image\":{\"@id\":\"https:\\\/\\\/begamer.cz\\\/sk\\\/#\\\/schema\\\/logo\\\/image\\\/\"}}]}<\/script>\n<!-- \/ Yoast SEO plugin. -->","yoast_head_json":{"title":"Star Wars Jedi: Survivor - Deluxe Edition | BeGamer.cz","robots":{"index":"index","follow":"follow","max-snippet":"max-snippet:-1","max-image-preview":"max-image-preview:large","max-video-preview":"max-video-preview:-1"},"canonical":"https:\/\/begamer.cz\/sk\/produkt\/star-wars-jedi-survivor-deluxe-edition-sk\/","og_locale":"sk_SK","og_type":"article","og_title":"Star Wars Jedi: Survivor - Deluxe Edition | BeGamer.cz","og_description":"Za\u017eite \u010fal\u0161iu kapitolu s\u00e1gy Star Wars s hrou STAR WARS JEDI: SURVIVOR \u2013 DELUXE EDITION. Bojujte proti temnej strane, presk\u00famajte nov\u00e9 svety a odomknite exkluz\u00edvny obsah, vr\u00e1tane skinov, zbran\u00ed a bonusov, ktor\u00e9 v\u00e1m spr\u00edjemnia dobrodru\u017estvo Jedi.","og_url":"https:\/\/begamer.cz\/sk\/produkt\/star-wars-jedi-survivor-deluxe-edition-sk\/","og_site_name":"BeGamer.cz","article_modified_time":"2026-03-18T03:53:12+00:00","og_image":[{"width":300,"height":400,"url":"https:\/\/begamer.cz\/wp-content\/uploads\/2026\/01\/star-wars-jedi-survivor-deluxe-edition-7.webp","type":"image\/webp"}],"twitter_card":"summary_large_image","twitter_misc":{"Predpokladan\u00fd \u010das \u010d\u00edtania":"1 min\u00fata"},"schema":{"@context":"https:\/\/schema.org","@graph":[{"@type":"WebPage","@id":"https:\/\/begamer.cz\/sk\/produkt\/star-wars-jedi-survivor-deluxe-edition-sk\/","url":"https:\/\/begamer.cz\/sk\/produkt\/star-wars-jedi-survivor-deluxe-edition-sk\/","name":"Star Wars Jedi: Survivor - Deluxe Edition | BeGamer.cz","isPartOf":{"@id":"https:\/\/begamer.cz\/sk\/#website"},"primaryImageOfPage":{"@id":"https:\/\/begamer.cz\/sk\/produkt\/star-wars-jedi-survivor-deluxe-edition-sk\/#primaryimage"},"image":{"@id":"https:\/\/begamer.cz\/sk\/produkt\/star-wars-jedi-survivor-deluxe-edition-sk\/#primaryimage"},"thumbnailUrl":"https:\/\/begamer.cz\/wp-content\/uploads\/2026\/01\/star-wars-jedi-survivor-deluxe-edition-7.webp","datePublished":"2026-01-30T15:25:04+00:00","dateModified":"2026-03-18T03:53:12+00:00","breadcrumb":{"@id":"https:\/\/begamer.cz\/sk\/produkt\/star-wars-jedi-survivor-deluxe-edition-sk\/#breadcrumb"},"inLanguage":"sk-SK","potentialAction":[{"@type":"ReadAction","target":["https:\/\/begamer.cz\/sk\/produkt\/star-wars-jedi-survivor-deluxe-edition-sk\/"]}]},{"@type":"ImageObject","inLanguage":"sk-SK","@id":"https:\/\/begamer.cz\/sk\/produkt\/star-wars-jedi-survivor-deluxe-edition-sk\/#primaryimage","url":"https:\/\/begamer.cz\/wp-content\/uploads\/2026\/01\/star-wars-jedi-survivor-deluxe-edition-7.webp","contentUrl":"https:\/\/begamer.cz\/wp-content\/uploads\/2026\/01\/star-wars-jedi-survivor-deluxe-edition-7.webp","width":300,"height":400},{"@type":"BreadcrumbList","@id":"https:\/\/begamer.cz\/sk\/produkt\/star-wars-jedi-survivor-deluxe-edition-sk\/#breadcrumb","itemListElement":[{"@type":"ListItem","position":1,"name":"Domov","item":"https:\/\/begamer.cz\/sk\/"},{"@type":"ListItem","position":2,"name":"Obchod","item":"https:\/\/begamer.cz\/obchod\/"},{"@type":"ListItem","position":3,"name":"Star Wars Jedi: Survivor &#8211; Deluxe Edition"}]},{"@type":"WebSite","@id":"https:\/\/begamer.cz\/sk\/#website","url":"https:\/\/begamer.cz\/sk\/","name":"BeGamer.cz","description":"","publisher":{"@id":"https:\/\/begamer.cz\/sk\/#organization"},"potentialAction":[{"@type":"SearchAction","target":{"@type":"EntryPoint","urlTemplate":"https:\/\/begamer.cz\/sk\/?s={search_term_string}"},"query-input":{"@type":"PropertyValueSpecification","valueRequired":true,"valueName":"search_term_string"}}],"inLanguage":"sk-SK"},{"@type":"Organization","@id":"https:\/\/begamer.cz\/sk\/#organization","name":"BeGamer.cz","url":"https:\/\/begamer.cz\/sk\/","logo":{"@type":"ImageObject","inLanguage":"sk-SK","@id":"https:\/\/begamer.cz\/sk\/#\/schema\/logo\/image\/","url":"https:\/\/begamer.cz\/wp-content\/uploads\/2025\/07\/logo.svg","contentUrl":"https:\/\/begamer.cz\/wp-content\/uploads\/2025\/07\/logo.svg","caption":"BeGamer.cz"},"image":{"@id":"https:\/\/begamer.cz\/sk\/#\/schema\/logo\/image\/"}}]}},"acf":[],"_links":{"self":[{"href":"https:\/\/begamer.cz\/sk\/wp-json\/wp\/v2\/product\/95714","targetHints":{"allow":["GET"]}}],"collection":[{"href":"https:\/\/begamer.cz\/sk\/wp-json\/wp\/v2\/product"}],"about":[{"href":"https:\/\/begamer.cz\/sk\/wp-json\/wp\/v2\/types\/product"}],"replies":[{"embeddable":true,"href":"https:\/\/begamer.cz\/sk\/wp-json\/wp\/v2\/comments?post=95714"}],"wp:featuredmedia":[{"embeddable":true,"href":"https:\/\/begamer.cz\/sk\/wp-json\/wp\/v2\/media\/62431"}],"wp:attachment":[{"href":"https:\/\/begamer.cz\/sk\/wp-json\/wp\/v2\/media?parent=95714"}],"wp:term":[{"taxonomy":"product_brand","embeddable":true,"href":"https:\/\/begamer.cz\/sk\/wp-json\/wp\/v2\/product_brand?post=95714"},{"taxonomy":"product_cat","embeddable":true,"href":"https:\/\/begamer.cz\/sk\/wp-json\/wp\/v2\/product_cat?post=95714"},{"taxonomy":"product_tag","embeddable":true,"href":"https:\/\/begamer.cz\/sk\/wp-json\/wp\/v2\/product_tag?post=95714"}],"curies":[{"name":"wp","href":"https:\/\/api.w.org\/{rel}","templated":true}]}}