{"id":95672,"date":"2026-01-30T16:24:19","date_gmt":"2026-01-30T15:24:19","guid":{"rendered":"https:\/\/begamer.cz\/produkt\/mahokenshi-the-samurai-deckbuilder-sk\/"},"modified":"2026-03-18T04:50:45","modified_gmt":"2026-03-18T03:50:45","slug":"mahokenshi-the-samurai-deckbuilder-sk","status":"publish","type":"product","link":"https:\/\/begamer.cz\/sk\/produkt\/mahokenshi-the-samurai-deckbuilder-sk\/","title":{"rendered":"Mahokenshi \u2013 The Samurai Deckbuilder"},"content":{"rendered":"<p class=\"bb_paragraph\"><span class=\"bb_img_ctn\"><img loading=\"lazy\" decoding=\"async\" class=\"bb_img\" src=\"https:\/\/shared.akamai.steamstatic.com\/store_item_assets\/steam\/apps\/1717640\/extras\/9fe2f4e3ec1afac6237ac400bbac8f6e.webp?t=1728483531\" width=\"616\" height=\"48\" \/><\/span><span class=\"bb_img_ctn\"><img loading=\"lazy\" decoding=\"async\" class=\"bb_img\" src=\"https:\/\/shared.akamai.steamstatic.com\/store_item_assets\/steam\/apps\/1717640\/extras\/6457f86057c4fb130585bdc41db1e979.webp?t=1728483531\" width=\"616\" height=\"48\" \/><\/span><\/p>\n<p class=\"bb_paragraph\"><span class=\"bb_img_ctn\"><video class=\"bb_img\" autoplay muted loop playsinline poster=\"https:\/\/shared.akamai.steamstatic.com\/store_item_assets\/steam\/apps\/1717640\/extras\/af76bfdb47292f407d05231738a7b558.poster.avif?t=1728483531\" width=\"600\" height=\"240\"><\/video><\/span>S me\u010dom a m\u00e1giou v ruk\u00e1ch je va\u0161ou povinnos\u0165ou chr\u00e1ni\u0165 vzn\u00e1\u0161aj\u00face sa Nebesk\u00e9 ostrovy pred mocn\u00fdmi protivn\u00edkmi, ktor\u00ed sa ich sna\u017eia zni\u010di\u0165. Vyz\u00fdvajte osud a vytvorte si bal\u00ed\u010dek kariet, s ktor\u00fdm poraz\u00edte nepriate\u013eov a spln\u00edte misie. Rozv\u00edjajte svoju postavu s ka\u017ed\u00fdm prejden\u00edm hry a sta\u0148te sa Mahokenshi, ktor\u00e9ho svet potrebuje.<\/p>\n<p class=\"bb_paragraph\">\n<p class=\"bb_paragraph\"><span class=\"bb_img_ctn\"><img loading=\"lazy\" decoding=\"async\" class=\"bb_img\" src=\"https:\/\/shared.akamai.steamstatic.com\/store_item_assets\/steam\/apps\/1717640\/extras\/3a4945887e307e7d259c4bf78be7d86b.webp?t=1728483531\" width=\"616\" height=\"48\" \/><\/span>Kde za\u010dnete svoju cestu? Budete poch\u00e1dza\u0165 z pevn\u00e9ho rodu Sapphire? Z pref\u00edkan\u00e9ho rodu Topaz? Z divok\u00e9ho rodu Ruby? Alebo z tajomn\u00e9ho rodu Jade? Ka\u017ed\u00fd rod \u010derp\u00e1 svoju silu z in\u00e9ho element\u00e1rneho ducha a umo\u017e\u0148uje v\u00e1m vytvori\u0165 r\u00f4zne hern\u00e9 \u0161t\u00fdly.<\/p>\n<p class=\"bb_paragraph\">\n<p class=\"bb_paragraph\"><span class=\"bb_img_ctn\"><video class=\"bb_img\" autoplay muted loop playsinline poster=\"https:\/\/shared.akamai.steamstatic.com\/store_item_assets\/steam\/apps\/1717640\/extras\/9098b74b3358703ca45cd7486d4aec14.poster.avif?t=1728483531\" width=\"600\" height=\"240\"><\/video><\/span><\/p>\n<p class=\"bb_paragraph\"><span class=\"bb_img_ctn\"><img loading=\"lazy\" decoding=\"async\" class=\"bb_img\" src=\"https:\/\/shared.akamai.steamstatic.com\/store_item_assets\/steam\/apps\/1717640\/extras\/4d200a24b461c50746c597dba96b3a72.webp?t=1728483531\" width=\"616\" height=\"48\" \/><\/span>Na objavovanie \u010dak\u00e1 viac ako 200 kr\u00e1sne ilustrovan\u00fdch kariet. Za\u010dnite so z\u00e1kladnou sadou kariet a vyberte si, ako si zostav\u00edte bal\u00ed\u010dek, ke\u010f poraz\u00edte siln\u00fdch nepriate\u013eov, odhal\u00edte poklady a n\u00e1jdete od\u013eahl\u00e9 miesta. Bu\u010fte opatrn\u00ed, preto\u017ee ka\u017ed\u00fd ter\u00e9n pon\u00faka in\u00e9 v\u00fdhody, tak\u017ee svoje kroky pl\u00e1nujte s oh\u013eadom na okolie. Rozv\u00edjajte svoj hern\u00fd \u0161t\u00fdl a strat\u00e9giu v ka\u017edej misii a vyu\u017eite siln\u00e9 str\u00e1nky svojho samurajsk\u00e9ho rodu na vytvorenie mocn\u00fdch kombin\u00e1ci\u00ed.<\/p>\n<p class=\"bb_paragraph\">\n<p class=\"bb_paragraph\"><span class=\"bb_img_ctn\"><video class=\"bb_img\" autoplay muted loop playsinline poster=\"https:\/\/shared.akamai.steamstatic.com\/store_item_assets\/steam\/apps\/1717640\/extras\/aa16fdc80cf29a1f73ae0dfe2835319e.poster.avif?t=1728483531\" width=\"600\" height=\"240\"><\/video><\/span><\/p>\n<p class=\"bb_paragraph\"><span class=\"bb_img_ctn\"><img loading=\"lazy\" decoding=\"async\" class=\"bb_img\" src=\"https:\/\/shared.akamai.steamstatic.com\/store_item_assets\/steam\/apps\/1717640\/extras\/b1eb3ae0e4ff8a8e9fdc83ff49fea8c5.webp?t=1728483531\" width=\"616\" height=\"48\" \/><\/span>Cestujte po \u0161irokej \u0161k\u00e1le \u017eiv\u00fdch a kr\u00e1sne navrhnut\u00fdch 3D m\u00e1p. Stretnite sa s r\u00f4znymi \u013eu\u010fmi z Nebesk\u00fdch ostrovov, zachr\u00e1\u0148te dediny, objavte sv\u00e4tyne a porazte smrtiacich d\u00e9monov. Pozrite sa, ako va\u0161e bitky o\u017e\u00edvaj\u00fa v\u010faka plne animovan\u00fdm post\u00e1vam. Vykon\u00e1vajte magick\u00e9 man\u00e9vre, ohniv\u00e9 \u00fatoky, siln\u00e9 obrann\u00e9 pohyby a r\u00fdchle proti\u00fatoky na ceste k obnoveniu mieru vo svete.<\/p>\n<p class=\"bb_paragraph\">\n<p class=\"bb_paragraph\"><span class=\"bb_img_ctn\"><video class=\"bb_img\" autoplay muted loop playsinline poster=\"https:\/\/shared.akamai.steamstatic.com\/store_item_assets\/steam\/apps\/1717640\/extras\/5c3cd4b0bff49c037d5c958886f337d9.poster.avif?t=1728483531\" width=\"600\" height=\"240\"><\/video><\/span><\/p>\n<p class=\"bb_paragraph\"><span class=\"bb_img_ctn\"><img loading=\"lazy\" decoding=\"async\" class=\"bb_img\" src=\"https:\/\/shared.akamai.steamstatic.com\/store_item_assets\/steam\/apps\/1717640\/extras\/b7ac71d8e2975fdf7619a180a45656c8.webp?t=1728483531\" width=\"616\" height=\"48\" \/><\/span><\/p>\n","protected":false},"excerpt":{"rendered":"<p>Za\u010dni svoju cestu za mocn\u00fdm samurajsk\u00fdm m\u00e1gom! V kombin\u00e1cii dobrodru\u017estva, strat\u00e9gie a budovania bal\u00ed\u010dka si vyber, ako bude\u0161 nasledova\u0165 cestu Mahoken. Presk\u00famaj Nebesk\u00e9 ostrovy, vytvor si bal\u00ed\u010dek, bojuj s n\u00e1ro\u010dn\u00fdmi d\u00e9monmi a chr\u00e1\u0148 krajinu pred silami korupcie.<\/p>\n","protected":false},"featured_media":62152,"comment_status":"open","ping_status":"closed","template":"","meta":{"_acf_changed":false},"product_brand":[],"product_cat":[9052,268,266,308,312,318],"product_tag":[],"class_list":{"0":"post-95672","1":"product","2":"type-product","3":"status-publish","4":"has-post-thumbnail","6":"product_cat-kartove-a-doskove-hry-3","7":"product_cat-pc-sk","8":"product_cat-pc-hry-sk","9":"product_cat-rpg-pc-hry-sk","10":"product_cat-steam-pc-sk","11":"product_cat-strategie-pc-hry-sk","12":"pa_audio-en-us","14":"pa_countries-ad","15":"pa_countries-ae","16":"pa_countries-af","17":"pa_countries-ag","18":"pa_countries-ai","19":"pa_countries-al","20":"pa_countries-am","21":"pa_countries-ao","22":"pa_countries-aq","23":"pa_countries-as","24":"pa_countries-at","25":"pa_countries-au","26":"pa_countries-aw","27":"pa_countries-ax","28":"pa_countries-az","29":"pa_countries-ba","30":"pa_countries-bb","31":"pa_countries-bd","32":"pa_countries-be","33":"pa_countries-bf","34":"pa_countries-bg","35":"pa_countries-bh","36":"pa_countries-bi","37":"pa_countries-bj","38":"pa_countries-bl","39":"pa_countries-bm","40":"pa_countries-bn","41":"pa_countries-bq","42":"pa_countries-bs","43":"pa_countries-bt","44":"pa_countries-bv","45":"pa_countries-bw","46":"pa_countries-bz","47":"pa_countries-ca","48":"pa_countries-cc","49":"pa_countries-cd","50":"pa_countries-cf","51":"pa_countries-cg","52":"pa_countries-ch","53":"pa_countries-ci","54":"pa_countries-ck","55":"pa_countries-cm","56":"pa_countries-cr","57":"pa_countries-cu","58":"pa_countries-cv","59":"pa_countries-cw","60":"pa_countries-cx","61":"pa_countries-cy","62":"pa_countries-cz","63":"pa_countries-de","64":"pa_countries-dj","65":"pa_countries-dk","66":"pa_countries-dm","67":"pa_countries-do","68":"pa_countries-dz","69":"pa_countries-ee","70":"pa_countries-eg","71":"pa_countries-eh","72":"pa_countries-er","73":"pa_countries-es","74":"pa_countries-et","75":"pa_countries-fi","76":"pa_countries-fj","77":"pa_countries-fm","78":"pa_countries-fo","79":"pa_countries-fr","80":"pa_countries-ga","81":"pa_countries-gb","82":"pa_countries-gd","83":"pa_countries-ge","84":"pa_countries-gg","85":"pa_countries-gh","86":"pa_countries-gi","87":"pa_countries-gl","88":"pa_countries-gm","89":"pa_countries-gn","90":"pa_countries-gp","91":"pa_countries-gq","92":"pa_countries-gr","93":"pa_countries-gs","94":"pa_countries-gt","95":"pa_countries-gu","96":"pa_countries-gw","97":"pa_countries-hk","98":"pa_countries-hm","99":"pa_countries-hn","100":"pa_countries-hr","101":"pa_countries-ht","102":"pa_countries-hu","103":"pa_countries-id","104":"pa_countries-ie","105":"pa_countries-il","106":"pa_countries-im","107":"pa_countries-in","108":"pa_countries-io","109":"pa_countries-iq","110":"pa_countries-ir","111":"pa_countries-is","112":"pa_countries-it","113":"pa_countries-je","114":"pa_countries-jm","115":"pa_countries-jo","116":"pa_countries-jp","117":"pa_countries-ke","118":"pa_countries-kg","119":"pa_countries-kh","120":"pa_countries-ki","121":"pa_countries-km","122":"pa_countries-kn","123":"pa_countries-kp","124":"pa_countries-kr","125":"pa_countries-kw","126":"pa_countries-ky","127":"pa_countries-kz","128":"pa_countries-la","129":"pa_countries-lb","130":"pa_countries-lc","131":"pa_countries-li","132":"pa_countries-lk","133":"pa_countries-lr","134":"pa_countries-ls","135":"pa_countries-lt","136":"pa_countries-lu","137":"pa_countries-lv","138":"pa_countries-ly","139":"pa_countries-ma","140":"pa_countries-mc","141":"pa_countries-md","142":"pa_countries-me","143":"pa_countries-mf","144":"pa_countries-mg","145":"pa_countries-mh","146":"pa_countries-mk","147":"pa_countries-ml","148":"pa_countries-mm","149":"pa_countries-mn","150":"pa_countries-mo","151":"pa_countries-mp","152":"pa_countries-mq","153":"pa_countries-mr","154":"pa_countries-ms","155":"pa_countries-mt","156":"pa_countries-mu","157":"pa_countries-mv","158":"pa_countries-mw","159":"pa_countries-mx","160":"pa_countries-my","161":"pa_countries-mz","162":"pa_countries-na","163":"pa_countries-nc","164":"pa_countries-ne","165":"pa_countries-nf","166":"pa_countries-ng","167":"pa_countries-ni","168":"pa_countries-nl","169":"pa_countries-no","170":"pa_countries-np","171":"pa_countries-nr","172":"pa_countries-nu","173":"pa_countries-nz","174":"pa_countries-om","175":"pa_countries-pa","176":"pa_countries-pf","177":"pa_countries-pg","178":"pa_countries-ph","179":"pa_countries-pk","180":"pa_countries-pl","181":"pa_countries-pm","182":"pa_countries-pn","183":"pa_countries-pr","184":"pa_countries-ps","185":"pa_countries-pt","186":"pa_countries-pw","187":"pa_countries-qa","188":"pa_countries-re","189":"pa_countries-ro","190":"pa_countries-rs","191":"pa_countries-rw","192":"pa_countries-sa","193":"pa_countries-sb","194":"pa_countries-sc","195":"pa_countries-sd","196":"pa_countries-se","197":"pa_countries-sg","198":"pa_countries-sh","199":"pa_countries-si","200":"pa_countries-sj","201":"pa_countries-sk","202":"pa_countries-sl","203":"pa_countries-sm","204":"pa_countries-sn","205":"pa_countries-so","206":"pa_countries-ss","208":"pa_countries-st","209":"pa_countries-sv","210":"pa_countries-sx","211":"pa_countries-sy","212":"pa_countries-sz","213":"pa_countries-tc","214":"pa_countries-td","215":"pa_countries-tf","216":"pa_countries-tg","217":"pa_countries-th","218":"pa_countries-tj","219":"pa_countries-tk","220":"pa_countries-tl","221":"pa_countries-tm","222":"pa_countries-tn","223":"pa_countries-to","224":"pa_countries-tt","225":"pa_countries-tv","226":"pa_countries-tw","227":"pa_countries-tz","228":"pa_countries-ua","229":"pa_countries-ug","230":"pa_countries-um","231":"pa_countries-us","232":"pa_countries-uz","233":"pa_countries-va","234":"pa_countries-vc","235":"pa_countries-vg","236":"pa_countries-vi","237":"pa_countries-vn","238":"pa_countries-vu","239":"pa_countries-wf","240":"pa_countries-ws","241":"pa_countries-xk","243":"pa_countries-ye","244":"pa_countries-yt","245":"pa_countries-za","246":"pa_countries-zm","247":"pa_countries-zw","248":"pa_developer-game-source-studio","250":"pa_engine-unity","252":"pa_game_type-main_game","254":"pa_genres-card-board-game","256":"pa_genres-indie","257":"pa_genres-role-playing-rpg","258":"pa_genres-strategy","259":"pa_genres-tactical","260":"pa_genres-turn-based-strategy-tbs","262":"pa_interface-de-de","263":"pa_interface-en-us","264":"pa_interface-es-es","265":"pa_interface-fr-fr","266":"pa_interface-it-it","267":"pa_interface-ja-jp","268":"pa_interface-ko-kr","269":"pa_interface-pl-pl","270":"pa_interface-pt-br","271":"pa_interface-pt-pt","273":"pa_interface-ru-ru","275":"pa_interface-zh-cn","276":"pa_interface-zh-tw","277":"pa_keywords-deck-building","278":"pa_keywords-martial-arts","279":"pa_keywords-samurai","280":"pa_modes-single-player","282":"pa_platform-pc-steam","284":"pa_player_perspectives-bird-view-isometric","286":"pa_publisher-iceberg-interactive","288":"pa_rating-14450","289":"pa_rating-872","290":"pa_region-global","292":"pa_subtitles-de-de","294":"pa_subtitles-en-us","295":"pa_subtitles-es-es","296":"pa_subtitles-fr-fr","297":"pa_subtitles-it-it","298":"pa_subtitles-ja-jp","299":"pa_subtitles-ko-kr","300":"pa_subtitles-pl-pl","301":"pa_subtitles-pt-br","302":"pa_subtitles-pt-pt","304":"pa_subtitles-ru-ru","305":"pa_subtitles-zh-cn","306":"pa_subtitles-zh-tw","307":"pa_themes-fantasy","310":"first","311":"instock","312":"virtual","313":"taxable","314":"purchasable","315":"product-type-simple"},"yoast_head":"<!-- This site is optimized with the Yoast SEO plugin v27.3 - https:\/\/yoast.com\/product\/yoast-seo-wordpress\/ -->\n<title>Mahokenshi - The Samurai Deckbuilder | BeGamer.cz<\/title>\n<meta name=\"robots\" content=\"index, follow, max-snippet:-1, max-image-preview:large, max-video-preview:-1\" \/>\n<link rel=\"canonical\" href=\"https:\/\/begamer.cz\/sk\/produkt\/mahokenshi-the-samurai-deckbuilder-sk\/\" \/>\n<meta property=\"og:locale\" content=\"sk_SK\" \/>\n<meta property=\"og:type\" content=\"article\" \/>\n<meta property=\"og:title\" content=\"Mahokenshi - The Samurai Deckbuilder | BeGamer.cz\" \/>\n<meta property=\"og:description\" content=\"Za\u010dni svoju cestu za mocn\u00fdm samurajsk\u00fdm m\u00e1gom! V kombin\u00e1cii dobrodru\u017estva, strat\u00e9gie a budovania bal\u00ed\u010dka si vyber, ako bude\u0161 nasledova\u0165 cestu Mahoken. Presk\u00famaj Nebesk\u00e9 ostrovy, vytvor si bal\u00ed\u010dek, bojuj s n\u00e1ro\u010dn\u00fdmi d\u00e9monmi a chr\u00e1\u0148 krajinu pred silami korupcie.\" \/>\n<meta property=\"og:url\" content=\"https:\/\/begamer.cz\/sk\/produkt\/mahokenshi-the-samurai-deckbuilder-sk\/\" \/>\n<meta property=\"og:site_name\" content=\"BeGamer.cz\" \/>\n<meta property=\"article:modified_time\" content=\"2026-03-18T03:50:45+00:00\" \/>\n<meta property=\"og:image\" content=\"https:\/\/begamer.cz\/wp-content\/uploads\/2026\/01\/mahokenshi-the-samurai-deckbuilder-5.webp\" \/>\n\t<meta property=\"og:image:width\" content=\"300\" \/>\n\t<meta property=\"og:image:height\" content=\"400\" \/>\n\t<meta property=\"og:image:type\" content=\"image\/webp\" \/>\n<meta name=\"twitter:card\" content=\"summary_large_image\" \/>\n<meta name=\"twitter:label1\" content=\"Predpokladan\u00fd \u010das \u010d\u00edtania\" \/>\n\t<meta name=\"twitter:data1\" content=\"1 min\u00fata\" \/>\n<script type=\"application\/ld+json\" class=\"yoast-schema-graph\">{\"@context\":\"https:\\\/\\\/schema.org\",\"@graph\":[{\"@type\":\"WebPage\",\"@id\":\"https:\\\/\\\/begamer.cz\\\/sk\\\/produkt\\\/mahokenshi-the-samurai-deckbuilder-sk\\\/\",\"url\":\"https:\\\/\\\/begamer.cz\\\/sk\\\/produkt\\\/mahokenshi-the-samurai-deckbuilder-sk\\\/\",\"name\":\"Mahokenshi - The Samurai Deckbuilder | BeGamer.cz\",\"isPartOf\":{\"@id\":\"https:\\\/\\\/begamer.cz\\\/sk\\\/#website\"},\"primaryImageOfPage\":{\"@id\":\"https:\\\/\\\/begamer.cz\\\/sk\\\/produkt\\\/mahokenshi-the-samurai-deckbuilder-sk\\\/#primaryimage\"},\"image\":{\"@id\":\"https:\\\/\\\/begamer.cz\\\/sk\\\/produkt\\\/mahokenshi-the-samurai-deckbuilder-sk\\\/#primaryimage\"},\"thumbnailUrl\":\"https:\\\/\\\/begamer.cz\\\/wp-content\\\/uploads\\\/2026\\\/01\\\/mahokenshi-the-samurai-deckbuilder-5.webp\",\"datePublished\":\"2026-01-30T15:24:19+00:00\",\"dateModified\":\"2026-03-18T03:50:45+00:00\",\"breadcrumb\":{\"@id\":\"https:\\\/\\\/begamer.cz\\\/sk\\\/produkt\\\/mahokenshi-the-samurai-deckbuilder-sk\\\/#breadcrumb\"},\"inLanguage\":\"sk-SK\",\"potentialAction\":[{\"@type\":\"ReadAction\",\"target\":[\"https:\\\/\\\/begamer.cz\\\/sk\\\/produkt\\\/mahokenshi-the-samurai-deckbuilder-sk\\\/\"]}]},{\"@type\":\"ImageObject\",\"inLanguage\":\"sk-SK\",\"@id\":\"https:\\\/\\\/begamer.cz\\\/sk\\\/produkt\\\/mahokenshi-the-samurai-deckbuilder-sk\\\/#primaryimage\",\"url\":\"https:\\\/\\\/begamer.cz\\\/wp-content\\\/uploads\\\/2026\\\/01\\\/mahokenshi-the-samurai-deckbuilder-5.webp\",\"contentUrl\":\"https:\\\/\\\/begamer.cz\\\/wp-content\\\/uploads\\\/2026\\\/01\\\/mahokenshi-the-samurai-deckbuilder-5.webp\",\"width\":300,\"height\":400},{\"@type\":\"BreadcrumbList\",\"@id\":\"https:\\\/\\\/begamer.cz\\\/sk\\\/produkt\\\/mahokenshi-the-samurai-deckbuilder-sk\\\/#breadcrumb\",\"itemListElement\":[{\"@type\":\"ListItem\",\"position\":1,\"name\":\"Domov\",\"item\":\"https:\\\/\\\/begamer.cz\\\/sk\\\/\"},{\"@type\":\"ListItem\",\"position\":2,\"name\":\"Obchod\",\"item\":\"https:\\\/\\\/begamer.cz\\\/obchod\\\/\"},{\"@type\":\"ListItem\",\"position\":3,\"name\":\"Mahokenshi &#8211; The Samurai Deckbuilder\"}]},{\"@type\":\"WebSite\",\"@id\":\"https:\\\/\\\/begamer.cz\\\/sk\\\/#website\",\"url\":\"https:\\\/\\\/begamer.cz\\\/sk\\\/\",\"name\":\"BeGamer.cz\",\"description\":\"\",\"publisher\":{\"@id\":\"https:\\\/\\\/begamer.cz\\\/sk\\\/#organization\"},\"potentialAction\":[{\"@type\":\"SearchAction\",\"target\":{\"@type\":\"EntryPoint\",\"urlTemplate\":\"https:\\\/\\\/begamer.cz\\\/sk\\\/?s={search_term_string}\"},\"query-input\":{\"@type\":\"PropertyValueSpecification\",\"valueRequired\":true,\"valueName\":\"search_term_string\"}}],\"inLanguage\":\"sk-SK\"},{\"@type\":\"Organization\",\"@id\":\"https:\\\/\\\/begamer.cz\\\/sk\\\/#organization\",\"name\":\"BeGamer.cz\",\"url\":\"https:\\\/\\\/begamer.cz\\\/sk\\\/\",\"logo\":{\"@type\":\"ImageObject\",\"inLanguage\":\"sk-SK\",\"@id\":\"https:\\\/\\\/begamer.cz\\\/sk\\\/#\\\/schema\\\/logo\\\/image\\\/\",\"url\":\"https:\\\/\\\/begamer.cz\\\/wp-content\\\/uploads\\\/2025\\\/07\\\/logo.svg\",\"contentUrl\":\"https:\\\/\\\/begamer.cz\\\/wp-content\\\/uploads\\\/2025\\\/07\\\/logo.svg\",\"caption\":\"BeGamer.cz\"},\"image\":{\"@id\":\"https:\\\/\\\/begamer.cz\\\/sk\\\/#\\\/schema\\\/logo\\\/image\\\/\"}}]}<\/script>\n<!-- \/ Yoast SEO plugin. -->","yoast_head_json":{"title":"Mahokenshi - The Samurai Deckbuilder | BeGamer.cz","robots":{"index":"index","follow":"follow","max-snippet":"max-snippet:-1","max-image-preview":"max-image-preview:large","max-video-preview":"max-video-preview:-1"},"canonical":"https:\/\/begamer.cz\/sk\/produkt\/mahokenshi-the-samurai-deckbuilder-sk\/","og_locale":"sk_SK","og_type":"article","og_title":"Mahokenshi - The Samurai Deckbuilder | BeGamer.cz","og_description":"Za\u010dni svoju cestu za mocn\u00fdm samurajsk\u00fdm m\u00e1gom! V kombin\u00e1cii dobrodru\u017estva, strat\u00e9gie a budovania bal\u00ed\u010dka si vyber, ako bude\u0161 nasledova\u0165 cestu Mahoken. Presk\u00famaj Nebesk\u00e9 ostrovy, vytvor si bal\u00ed\u010dek, bojuj s n\u00e1ro\u010dn\u00fdmi d\u00e9monmi a chr\u00e1\u0148 krajinu pred silami korupcie.","og_url":"https:\/\/begamer.cz\/sk\/produkt\/mahokenshi-the-samurai-deckbuilder-sk\/","og_site_name":"BeGamer.cz","article_modified_time":"2026-03-18T03:50:45+00:00","og_image":[{"width":300,"height":400,"url":"https:\/\/begamer.cz\/wp-content\/uploads\/2026\/01\/mahokenshi-the-samurai-deckbuilder-5.webp","type":"image\/webp"}],"twitter_card":"summary_large_image","twitter_misc":{"Predpokladan\u00fd \u010das \u010d\u00edtania":"1 min\u00fata"},"schema":{"@context":"https:\/\/schema.org","@graph":[{"@type":"WebPage","@id":"https:\/\/begamer.cz\/sk\/produkt\/mahokenshi-the-samurai-deckbuilder-sk\/","url":"https:\/\/begamer.cz\/sk\/produkt\/mahokenshi-the-samurai-deckbuilder-sk\/","name":"Mahokenshi - The Samurai Deckbuilder | BeGamer.cz","isPartOf":{"@id":"https:\/\/begamer.cz\/sk\/#website"},"primaryImageOfPage":{"@id":"https:\/\/begamer.cz\/sk\/produkt\/mahokenshi-the-samurai-deckbuilder-sk\/#primaryimage"},"image":{"@id":"https:\/\/begamer.cz\/sk\/produkt\/mahokenshi-the-samurai-deckbuilder-sk\/#primaryimage"},"thumbnailUrl":"https:\/\/begamer.cz\/wp-content\/uploads\/2026\/01\/mahokenshi-the-samurai-deckbuilder-5.webp","datePublished":"2026-01-30T15:24:19+00:00","dateModified":"2026-03-18T03:50:45+00:00","breadcrumb":{"@id":"https:\/\/begamer.cz\/sk\/produkt\/mahokenshi-the-samurai-deckbuilder-sk\/#breadcrumb"},"inLanguage":"sk-SK","potentialAction":[{"@type":"ReadAction","target":["https:\/\/begamer.cz\/sk\/produkt\/mahokenshi-the-samurai-deckbuilder-sk\/"]}]},{"@type":"ImageObject","inLanguage":"sk-SK","@id":"https:\/\/begamer.cz\/sk\/produkt\/mahokenshi-the-samurai-deckbuilder-sk\/#primaryimage","url":"https:\/\/begamer.cz\/wp-content\/uploads\/2026\/01\/mahokenshi-the-samurai-deckbuilder-5.webp","contentUrl":"https:\/\/begamer.cz\/wp-content\/uploads\/2026\/01\/mahokenshi-the-samurai-deckbuilder-5.webp","width":300,"height":400},{"@type":"BreadcrumbList","@id":"https:\/\/begamer.cz\/sk\/produkt\/mahokenshi-the-samurai-deckbuilder-sk\/#breadcrumb","itemListElement":[{"@type":"ListItem","position":1,"name":"Domov","item":"https:\/\/begamer.cz\/sk\/"},{"@type":"ListItem","position":2,"name":"Obchod","item":"https:\/\/begamer.cz\/obchod\/"},{"@type":"ListItem","position":3,"name":"Mahokenshi &#8211; The Samurai Deckbuilder"}]},{"@type":"WebSite","@id":"https:\/\/begamer.cz\/sk\/#website","url":"https:\/\/begamer.cz\/sk\/","name":"BeGamer.cz","description":"","publisher":{"@id":"https:\/\/begamer.cz\/sk\/#organization"},"potentialAction":[{"@type":"SearchAction","target":{"@type":"EntryPoint","urlTemplate":"https:\/\/begamer.cz\/sk\/?s={search_term_string}"},"query-input":{"@type":"PropertyValueSpecification","valueRequired":true,"valueName":"search_term_string"}}],"inLanguage":"sk-SK"},{"@type":"Organization","@id":"https:\/\/begamer.cz\/sk\/#organization","name":"BeGamer.cz","url":"https:\/\/begamer.cz\/sk\/","logo":{"@type":"ImageObject","inLanguage":"sk-SK","@id":"https:\/\/begamer.cz\/sk\/#\/schema\/logo\/image\/","url":"https:\/\/begamer.cz\/wp-content\/uploads\/2025\/07\/logo.svg","contentUrl":"https:\/\/begamer.cz\/wp-content\/uploads\/2025\/07\/logo.svg","caption":"BeGamer.cz"},"image":{"@id":"https:\/\/begamer.cz\/sk\/#\/schema\/logo\/image\/"}}]}},"acf":[],"_links":{"self":[{"href":"https:\/\/begamer.cz\/sk\/wp-json\/wp\/v2\/product\/95672","targetHints":{"allow":["GET"]}}],"collection":[{"href":"https:\/\/begamer.cz\/sk\/wp-json\/wp\/v2\/product"}],"about":[{"href":"https:\/\/begamer.cz\/sk\/wp-json\/wp\/v2\/types\/product"}],"replies":[{"embeddable":true,"href":"https:\/\/begamer.cz\/sk\/wp-json\/wp\/v2\/comments?post=95672"}],"wp:featuredmedia":[{"embeddable":true,"href":"https:\/\/begamer.cz\/sk\/wp-json\/wp\/v2\/media\/62152"}],"wp:attachment":[{"href":"https:\/\/begamer.cz\/sk\/wp-json\/wp\/v2\/media?parent=95672"}],"wp:term":[{"taxonomy":"product_brand","embeddable":true,"href":"https:\/\/begamer.cz\/sk\/wp-json\/wp\/v2\/product_brand?post=95672"},{"taxonomy":"product_cat","embeddable":true,"href":"https:\/\/begamer.cz\/sk\/wp-json\/wp\/v2\/product_cat?post=95672"},{"taxonomy":"product_tag","embeddable":true,"href":"https:\/\/begamer.cz\/sk\/wp-json\/wp\/v2\/product_tag?post=95672"}],"curies":[{"name":"wp","href":"https:\/\/api.w.org\/{rel}","templated":true}]}}