{"id":95636,"date":"2026-01-30T16:23:33","date_gmt":"2026-01-30T15:23:33","guid":{"rendered":"https:\/\/begamer.cz\/produkt\/world-ship-simulator-sk\/"},"modified":"2026-03-18T04:47:08","modified_gmt":"2026-03-18T03:47:08","slug":"world-ship-simulator-sk","status":"publish","type":"product","link":"https:\/\/begamer.cz\/sk\/produkt\/world-ship-simulator-sk\/","title":{"rendered":"World Ship Simulator"},"content":{"rendered":"<p>V hre World Ship Simulator, ktor\u00e1 sa odohr\u00e1va vo fikt\u00edvnom prostred\u00ed in\u0161pirovanom pr\u00edstavmi a pamiatkami z cel\u00e9ho sveta, m\u00f4\u017eete ako kapit\u00e1n ve\u013ekolep\u00fdch lod\u00ed br\u00e1zdi\u0165 otvoren\u00e9 more v rozsiahlom otvorenom svete a za\u010da\u0165 svoju kari\u00e9ru v n\u00e1mornom priemysle.  <br \/>Za\u010dnite od skromn\u00fdch za\u010diatkov s jednou lo\u010fou a \u00faspe\u0161ne dokon\u010dite v\u00fdber \u00faloh, ktor\u00e9 v\u00e1m prines\u00fa sk\u00fasenosti potrebn\u00e9 na prijatie n\u00e1ro\u010dnej\u0161\u00edch z\u00e1kaziek s v\u00e4\u010d\u0161\u00edmi odmenami. Pou\u017eite svoje \u0165a\u017eko zaroben\u00e9 peniaze na opravu svojej lode a n\u00e1kup nov\u00fdch lod\u00ed a postupne vybudujte \u00faspe\u0161n\u00fa lodn\u00fa spolo\u010dnos\u0165.<\/p>\n<h2 class=\"bb_tag\">Funkcie <\/h2>\n<p><\/p>\n<ul class=\"bb_ul\">\n<li>\u0160es\u0165 lod\u00ed, ktor\u00e9 m\u00f4\u017eete velite\u013eova\u0165<\/li>\n<li>S\u0165ahovanie a zdie\u013eanie lod\u00ed s podporou Steam Workshop<\/li>\n<li>Otvoren\u00fd svet bez obrazoviek na\u010d\u00edtavania medzi pr\u00edstavmi<\/li>\n<li>Kari\u00e9rny re\u017eim, ktor\u00fd hr\u00e1\u010dom umo\u017en\u00ed plni\u0165 \u00falohy, aby zarobili peniaze a z\u00edskali sk\u00fasenosti<\/li>\n<li>Meniace sa poveternostn\u00e9 podmienky vr\u00e1tane b\u00farok a hmly, ktor\u00e9 ovplyv\u0148uj\u00fa v\u00fd\u0161ku v\u013an na mori<\/li>\n<li>Manipulujte s \u010dasom, aby dlh\u00e9 cesty cez oce\u00e1n ubehli ove\u013ea r\u00fdchlej\u0161ie<\/li>\n<li>Pos\u00e1dka na palube lode<\/li>\n<li>Nechajte svoju lo\u010f v pr\u00edstave, aby ste mohli prij\u00edma\u0165 misie<\/li>\n<\/ul>\n<p><span class=\"bb_img_ctn\"><img loading=\"lazy\" decoding=\"async\" class=\"bb_img\" src=\"https:\/\/shared.akamai.steamstatic.com\/store_item_assets\/steam\/apps\/403980\/extras\/7c53862f8e711ecb1b25591050342feb.avif?t=1726150481\" width=\"600\" height=\"160\" \/><\/span><br \/>T\u00e1to extravagantn\u00e1 r\u00fdchlostn\u00e1 lo\u010f, ktor\u00e1 pon\u00faka kombin\u00e1ciu r\u00fdchlosti a luxusu, stoj\u00ed za svoju cenu. Niektor\u00e9 z va\u0161ich najlep\u0161\u00edch momentov na tejto lodi bud\u00fa plavby po mori bez starost\u00ed.<\/p>\n<p><span class=\"bb_img_ctn\"><img loading=\"lazy\" decoding=\"async\" class=\"bb_img\" src=\"https:\/\/shared.akamai.steamstatic.com\/store_item_assets\/steam\/apps\/403980\/extras\/987c1bedf20d9ff78995222e0268e4c9.avif?t=1726150481\" width=\"600\" height=\"160\" \/><\/span><br \/>Pr\u00edstavn\u00e1 lo\u010f je nepostr\u00e1date\u013en\u00e1 v r\u00f4znych \u00faloh\u00e1ch v pr\u00edstave, od eskortovania ve\u013ek\u00fdch kontajnerov\u00fdch lod\u00ed po pres\u00favanie naviga\u010dn\u00fdch zna\u010diek \u2013 vo va\u0161om robustnom a spo\u013eahlivom remork\u00e9ri budete v\u017edy \u017eiadan\u00ed!<br \/><span class=\"bb_img_ctn\"><img loading=\"lazy\" decoding=\"async\" class=\"bb_img\" src=\"https:\/\/shared.akamai.steamstatic.com\/store_item_assets\/steam\/apps\/403980\/extras\/a2d62c9c76eb309ab3181c40a17b4a38.avif?t=1726150481\" width=\"600\" height=\"160\" \/><\/span><br \/>Tento obrovsk\u00fd n\u00e1kladn\u00fd \u010dln je mon\u0161trom mor\u00ed a jeho \u00falohou je prepravova\u0165 sypk\u00fd n\u00e1klad, ako je obilie a uhlie, po celom svete. Mo\u017eno nie je najr\u00fdchlej\u0161ou lo\u010fou na oce\u00e1ne, ale bez nej by logistick\u00e1 preprava medzi krajinami bola ve\u013emi \u0165a\u017ek\u00e1.<\/p>\n","protected":false},"excerpt":{"rendered":"<p>Dej sa odohr\u00e1va vo fikt\u00edvnom prostred\u00ed in\u0161pirovanom pr\u00edstavmi z cel\u00e9ho sveta. Ovl\u00e1daj vzn\u00e1\u0161adlo, n\u00e1kladn\u00fa lo\u010f, jachtu a \u010fal\u0161ie ve\u013ekolep\u00e9 plavidl\u00e1 v rozsiahlom otvorenom svete.<\/p>\n","protected":false},"featured_media":61807,"comment_status":"open","ping_status":"closed","template":"","meta":{"_acf_changed":false},"product_brand":[],"product_cat":[268,266,314,312],"product_tag":[],"class_list":{"0":"post-95636","1":"product","2":"type-product","3":"status-publish","4":"has-post-thumbnail","6":"product_cat-pc-sk","7":"product_cat-pc-hry-sk","8":"product_cat-simulatory-pc-hry-sk","9":"product_cat-steam-pc-sk","10":"pa_game_type-main_game","12":"pa_genres-simulator","14":"pa_interface-en-us","16":"pa_modes-single-player","18":"pa_platform-pc-steam","20":"pa_publisher-excalibur-games","22":"pa_rating-773","23":"pa_rating-14441","24":"pa_region-global","27":"first","28":"instock","29":"virtual","30":"taxable","31":"purchasable","32":"product-type-simple"},"yoast_head":"<!-- This site is optimized with the Yoast SEO plugin v27.4 - https:\/\/yoast.com\/product\/yoast-seo-wordpress\/ -->\n<title>World Ship Simulator | BeGamer.cz<\/title>\n<meta name=\"robots\" content=\"index, follow, max-snippet:-1, max-image-preview:large, max-video-preview:-1\" \/>\n<link rel=\"canonical\" href=\"https:\/\/begamer.cz\/sk\/produkt\/world-ship-simulator-sk\/\" \/>\n<meta property=\"og:locale\" content=\"sk_SK\" \/>\n<meta property=\"og:type\" content=\"article\" \/>\n<meta property=\"og:title\" content=\"World Ship Simulator | BeGamer.cz\" \/>\n<meta property=\"og:description\" content=\"Dej sa odohr\u00e1va vo fikt\u00edvnom prostred\u00ed in\u0161pirovanom pr\u00edstavmi z cel\u00e9ho sveta. Ovl\u00e1daj vzn\u00e1\u0161adlo, n\u00e1kladn\u00fa lo\u010f, jachtu a \u010fal\u0161ie ve\u013ekolep\u00e9 plavidl\u00e1 v rozsiahlom otvorenom svete.\" \/>\n<meta property=\"og:url\" content=\"https:\/\/begamer.cz\/sk\/produkt\/world-ship-simulator-sk\/\" \/>\n<meta property=\"og:site_name\" content=\"BeGamer.cz\" \/>\n<meta property=\"article:modified_time\" content=\"2026-03-18T03:47:08+00:00\" \/>\n<meta property=\"og:image\" content=\"https:\/\/begamer.cz\/wp-content\/uploads\/2026\/01\/world-ship-simulator-5.webp\" \/>\n\t<meta property=\"og:image:width\" content=\"300\" \/>\n\t<meta property=\"og:image:height\" content=\"400\" \/>\n\t<meta property=\"og:image:type\" content=\"image\/webp\" \/>\n<meta name=\"twitter:card\" content=\"summary_large_image\" \/>\n<meta name=\"twitter:label1\" content=\"Predpokladan\u00fd \u010das \u010d\u00edtania\" \/>\n\t<meta name=\"twitter:data1\" content=\"2 min\u00faty\" \/>\n<script type=\"application\/ld+json\" class=\"yoast-schema-graph\">{\"@context\":\"https:\\\/\\\/schema.org\",\"@graph\":[{\"@type\":\"WebPage\",\"@id\":\"https:\\\/\\\/begamer.cz\\\/sk\\\/produkt\\\/world-ship-simulator-sk\\\/\",\"url\":\"https:\\\/\\\/begamer.cz\\\/sk\\\/produkt\\\/world-ship-simulator-sk\\\/\",\"name\":\"World Ship Simulator | BeGamer.cz\",\"isPartOf\":{\"@id\":\"https:\\\/\\\/begamer.cz\\\/sk\\\/#website\"},\"primaryImageOfPage\":{\"@id\":\"https:\\\/\\\/begamer.cz\\\/sk\\\/produkt\\\/world-ship-simulator-sk\\\/#primaryimage\"},\"image\":{\"@id\":\"https:\\\/\\\/begamer.cz\\\/sk\\\/produkt\\\/world-ship-simulator-sk\\\/#primaryimage\"},\"thumbnailUrl\":\"https:\\\/\\\/begamer.cz\\\/wp-content\\\/uploads\\\/2026\\\/01\\\/world-ship-simulator-5.webp\",\"datePublished\":\"2026-01-30T15:23:33+00:00\",\"dateModified\":\"2026-03-18T03:47:08+00:00\",\"breadcrumb\":{\"@id\":\"https:\\\/\\\/begamer.cz\\\/sk\\\/produkt\\\/world-ship-simulator-sk\\\/#breadcrumb\"},\"inLanguage\":\"sk-SK\",\"potentialAction\":[{\"@type\":\"ReadAction\",\"target\":[\"https:\\\/\\\/begamer.cz\\\/sk\\\/produkt\\\/world-ship-simulator-sk\\\/\"]}]},{\"@type\":\"ImageObject\",\"inLanguage\":\"sk-SK\",\"@id\":\"https:\\\/\\\/begamer.cz\\\/sk\\\/produkt\\\/world-ship-simulator-sk\\\/#primaryimage\",\"url\":\"https:\\\/\\\/begamer.cz\\\/wp-content\\\/uploads\\\/2026\\\/01\\\/world-ship-simulator-5.webp\",\"contentUrl\":\"https:\\\/\\\/begamer.cz\\\/wp-content\\\/uploads\\\/2026\\\/01\\\/world-ship-simulator-5.webp\",\"width\":300,\"height\":400},{\"@type\":\"BreadcrumbList\",\"@id\":\"https:\\\/\\\/begamer.cz\\\/sk\\\/produkt\\\/world-ship-simulator-sk\\\/#breadcrumb\",\"itemListElement\":[{\"@type\":\"ListItem\",\"position\":1,\"name\":\"Domov\",\"item\":\"https:\\\/\\\/begamer.cz\\\/sk\\\/\"},{\"@type\":\"ListItem\",\"position\":2,\"name\":\"Obchod\",\"item\":\"https:\\\/\\\/begamer.cz\\\/obchod\\\/\"},{\"@type\":\"ListItem\",\"position\":3,\"name\":\"World Ship Simulator\"}]},{\"@type\":\"WebSite\",\"@id\":\"https:\\\/\\\/begamer.cz\\\/sk\\\/#website\",\"url\":\"https:\\\/\\\/begamer.cz\\\/sk\\\/\",\"name\":\"BeGamer.cz\",\"description\":\"\",\"publisher\":{\"@id\":\"https:\\\/\\\/begamer.cz\\\/sk\\\/#organization\"},\"potentialAction\":[{\"@type\":\"SearchAction\",\"target\":{\"@type\":\"EntryPoint\",\"urlTemplate\":\"https:\\\/\\\/begamer.cz\\\/sk\\\/?s={search_term_string}\"},\"query-input\":{\"@type\":\"PropertyValueSpecification\",\"valueRequired\":true,\"valueName\":\"search_term_string\"}}],\"inLanguage\":\"sk-SK\"},{\"@type\":\"Organization\",\"@id\":\"https:\\\/\\\/begamer.cz\\\/sk\\\/#organization\",\"name\":\"BeGamer.cz\",\"url\":\"https:\\\/\\\/begamer.cz\\\/sk\\\/\",\"logo\":{\"@type\":\"ImageObject\",\"inLanguage\":\"sk-SK\",\"@id\":\"https:\\\/\\\/begamer.cz\\\/sk\\\/#\\\/schema\\\/logo\\\/image\\\/\",\"url\":\"https:\\\/\\\/begamer.cz\\\/wp-content\\\/uploads\\\/2025\\\/07\\\/logo.svg\",\"contentUrl\":\"https:\\\/\\\/begamer.cz\\\/wp-content\\\/uploads\\\/2025\\\/07\\\/logo.svg\",\"caption\":\"BeGamer.cz\"},\"image\":{\"@id\":\"https:\\\/\\\/begamer.cz\\\/sk\\\/#\\\/schema\\\/logo\\\/image\\\/\"}}]}<\/script>\n<!-- \/ Yoast SEO plugin. -->","yoast_head_json":{"title":"World Ship Simulator | BeGamer.cz","robots":{"index":"index","follow":"follow","max-snippet":"max-snippet:-1","max-image-preview":"max-image-preview:large","max-video-preview":"max-video-preview:-1"},"canonical":"https:\/\/begamer.cz\/sk\/produkt\/world-ship-simulator-sk\/","og_locale":"sk_SK","og_type":"article","og_title":"World Ship Simulator | BeGamer.cz","og_description":"Dej sa odohr\u00e1va vo fikt\u00edvnom prostred\u00ed in\u0161pirovanom pr\u00edstavmi z cel\u00e9ho sveta. Ovl\u00e1daj vzn\u00e1\u0161adlo, n\u00e1kladn\u00fa lo\u010f, jachtu a \u010fal\u0161ie ve\u013ekolep\u00e9 plavidl\u00e1 v rozsiahlom otvorenom svete.","og_url":"https:\/\/begamer.cz\/sk\/produkt\/world-ship-simulator-sk\/","og_site_name":"BeGamer.cz","article_modified_time":"2026-03-18T03:47:08+00:00","og_image":[{"width":300,"height":400,"url":"https:\/\/begamer.cz\/wp-content\/uploads\/2026\/01\/world-ship-simulator-5.webp","type":"image\/webp"}],"twitter_card":"summary_large_image","twitter_misc":{"Predpokladan\u00fd \u010das \u010d\u00edtania":"2 min\u00faty"},"schema":{"@context":"https:\/\/schema.org","@graph":[{"@type":"WebPage","@id":"https:\/\/begamer.cz\/sk\/produkt\/world-ship-simulator-sk\/","url":"https:\/\/begamer.cz\/sk\/produkt\/world-ship-simulator-sk\/","name":"World Ship Simulator | BeGamer.cz","isPartOf":{"@id":"https:\/\/begamer.cz\/sk\/#website"},"primaryImageOfPage":{"@id":"https:\/\/begamer.cz\/sk\/produkt\/world-ship-simulator-sk\/#primaryimage"},"image":{"@id":"https:\/\/begamer.cz\/sk\/produkt\/world-ship-simulator-sk\/#primaryimage"},"thumbnailUrl":"https:\/\/begamer.cz\/wp-content\/uploads\/2026\/01\/world-ship-simulator-5.webp","datePublished":"2026-01-30T15:23:33+00:00","dateModified":"2026-03-18T03:47:08+00:00","breadcrumb":{"@id":"https:\/\/begamer.cz\/sk\/produkt\/world-ship-simulator-sk\/#breadcrumb"},"inLanguage":"sk-SK","potentialAction":[{"@type":"ReadAction","target":["https:\/\/begamer.cz\/sk\/produkt\/world-ship-simulator-sk\/"]}]},{"@type":"ImageObject","inLanguage":"sk-SK","@id":"https:\/\/begamer.cz\/sk\/produkt\/world-ship-simulator-sk\/#primaryimage","url":"https:\/\/begamer.cz\/wp-content\/uploads\/2026\/01\/world-ship-simulator-5.webp","contentUrl":"https:\/\/begamer.cz\/wp-content\/uploads\/2026\/01\/world-ship-simulator-5.webp","width":300,"height":400},{"@type":"BreadcrumbList","@id":"https:\/\/begamer.cz\/sk\/produkt\/world-ship-simulator-sk\/#breadcrumb","itemListElement":[{"@type":"ListItem","position":1,"name":"Domov","item":"https:\/\/begamer.cz\/sk\/"},{"@type":"ListItem","position":2,"name":"Obchod","item":"https:\/\/begamer.cz\/obchod\/"},{"@type":"ListItem","position":3,"name":"World Ship Simulator"}]},{"@type":"WebSite","@id":"https:\/\/begamer.cz\/sk\/#website","url":"https:\/\/begamer.cz\/sk\/","name":"BeGamer.cz","description":"","publisher":{"@id":"https:\/\/begamer.cz\/sk\/#organization"},"potentialAction":[{"@type":"SearchAction","target":{"@type":"EntryPoint","urlTemplate":"https:\/\/begamer.cz\/sk\/?s={search_term_string}"},"query-input":{"@type":"PropertyValueSpecification","valueRequired":true,"valueName":"search_term_string"}}],"inLanguage":"sk-SK"},{"@type":"Organization","@id":"https:\/\/begamer.cz\/sk\/#organization","name":"BeGamer.cz","url":"https:\/\/begamer.cz\/sk\/","logo":{"@type":"ImageObject","inLanguage":"sk-SK","@id":"https:\/\/begamer.cz\/sk\/#\/schema\/logo\/image\/","url":"https:\/\/begamer.cz\/wp-content\/uploads\/2025\/07\/logo.svg","contentUrl":"https:\/\/begamer.cz\/wp-content\/uploads\/2025\/07\/logo.svg","caption":"BeGamer.cz"},"image":{"@id":"https:\/\/begamer.cz\/sk\/#\/schema\/logo\/image\/"}}]}},"acf":[],"_links":{"self":[{"href":"https:\/\/begamer.cz\/sk\/wp-json\/wp\/v2\/product\/95636","targetHints":{"allow":["GET"]}}],"collection":[{"href":"https:\/\/begamer.cz\/sk\/wp-json\/wp\/v2\/product"}],"about":[{"href":"https:\/\/begamer.cz\/sk\/wp-json\/wp\/v2\/types\/product"}],"replies":[{"embeddable":true,"href":"https:\/\/begamer.cz\/sk\/wp-json\/wp\/v2\/comments?post=95636"}],"wp:featuredmedia":[{"embeddable":true,"href":"https:\/\/begamer.cz\/sk\/wp-json\/wp\/v2\/media\/61807"}],"wp:attachment":[{"href":"https:\/\/begamer.cz\/sk\/wp-json\/wp\/v2\/media?parent=95636"}],"wp:term":[{"taxonomy":"product_brand","embeddable":true,"href":"https:\/\/begamer.cz\/sk\/wp-json\/wp\/v2\/product_brand?post=95636"},{"taxonomy":"product_cat","embeddable":true,"href":"https:\/\/begamer.cz\/sk\/wp-json\/wp\/v2\/product_cat?post=95636"},{"taxonomy":"product_tag","embeddable":true,"href":"https:\/\/begamer.cz\/sk\/wp-json\/wp\/v2\/product_tag?post=95636"}],"curies":[{"name":"wp","href":"https:\/\/api.w.org\/{rel}","templated":true}]}}