{"id":95612,"date":"2026-01-30T16:23:09","date_gmt":"2026-01-30T15:23:09","guid":{"rendered":"https:\/\/begamer.cz\/produkt\/risen-sk\/"},"modified":"2026-03-18T04:44:34","modified_gmt":"2026-03-18T03:44:34","slug":"risen-sk","status":"publish","type":"product","link":"https:\/\/begamer.cz\/sk\/produkt\/risen-sk\/","title":{"rendered":"Risen"},"content":{"rendered":"<p>Ostrov Faranga potrebuje nov\u00e9ho hrdinu, teba!<\/p>\n<p>Ponor sa do drsn\u00e9ho, surov\u00e9ho a atmosf\u00e9rick\u00e9ho fantasy sveta, v ktorom m\u00e1 ka\u017ed\u00e1 akcia svoje d\u00f4sledky. V epickom svete Risen, plnom tajomn\u00fdch zemetrasen\u00ed, desiv\u00fdch mon\u0161tier a nepredstavite\u013en\u00fdch pokladov, si vybojuj svoju cestu me\u010dom, nau\u010d sa umenie boja s palicou alebo sa sta\u0148 mocn\u00fdm m\u00e1gom.<\/p>\n<ul class=\"bb_ul\">\n<li>Nekone\u010dn\u00e9 ved\u013eaj\u0161ie \u00falohy a stvorenia, ktor\u00e9 m\u00f4\u017eete objavova\u0165.<\/li>\n<li>Viac ako 60 hod\u00edn pohlcuj\u00facej hry v otvorenom svete.<\/li>\n<li>Zme\u0148te osud ostrova svojimi \u010dinmi.<\/li>\n<\/ul>\n","protected":false},"excerpt":{"rendered":"<p>Ponorte sa do drsn\u00e9ho, surov\u00e9ho a atmosf\u00e9rick\u00e9ho fantasy sveta, v ktorom m\u00e1 ka\u017ed\u00e1 akcia svoje n\u00e1sledky. V epickom svete Risen, plnom tajomn\u00fdch zemetrasen\u00ed, desiv\u00fdch mon\u0161tier a nepredstavite\u013en\u00fdch pokladov, si vybojujte svoju cestu me\u010dom, nau\u010dte sa umenie boja s palicou alebo sa sta\u0148te mocn\u00fdm m\u00e1gom.<\/p>\n","protected":false},"featured_media":61666,"comment_status":"open","ping_status":"closed","template":"","meta":{"_acf_changed":false},"product_brand":[],"product_cat":[420,431,398,400],"product_tag":[],"class_list":{"0":"post-95612","1":"product","2":"type-product","3":"status-publish","4":"has-post-thumbnail","6":"product_cat-akcne-xbox-one","7":"product_cat-rpg-xbox-one-sk","8":"product_cat-xbox-hry-sk","9":"product_cat-xbox-one-sk","10":"pa_audio-de-de","11":"pa_audio-en-us","12":"pa_audio-fr-fr","13":"pa_audio-nl-nl","15":"pa_audio-ru-ru","17":"pa_developer-piranha-bytes","19":"pa_engine-genome","21":"pa_game_type-main_game","23":"pa_genres-hack-and-slash-beat-em-up","25":"pa_genres-role-playing-rpg","27":"pa_interface-de-de","28":"pa_interface-en-us","29":"pa_interface-es-es","30":"pa_interface-fr-fr","31":"pa_interface-it-it","32":"pa_interface-nl-nl","34":"pa_interface-pl-pl","35":"pa_interface-ru-ru","37":"pa_keywords-achievements","38":"pa_keywords-action-adventure","39":"pa_keywords-amnesia","40":"pa_keywords-boar","41":"pa_keywords-bow-and-arrow","42":"pa_keywords-castaway","43":"pa_keywords-crafting","44":"pa_keywords-day-night-cycle","45":"pa_keywords-dual-wielding","47":"pa_keywords-gamersgate","48":"pa_keywords-games-on-demand","50":"pa_keywords-guild","51":"pa_keywords-lock-picking","52":"pa_keywords-magic","53":"pa_keywords-moral-decisions","54":"pa_keywords-polygonal-3d","55":"pa_keywords-reptilian-humanoid","56":"pa_keywords-runes","57":"pa_keywords-sex-work","58":"pa_keywords-side-quests","59":"pa_keywords-spiritual-successor","60":"pa_keywords-steam","61":"pa_keywords-steam-trading-cards","62":"pa_keywords-sword-sorcery","63":"pa_keywords-teleportation","64":"pa_keywords-trainer","65":"pa_keywords-traps","66":"pa_keywords-treasure-chest","67":"pa_modes-single-player","69":"pa_pegi-13432","70":"pa_pegi-956","71":"pa_platform-xbox-one","73":"pa_player_perspectives-third-person","75":"pa_publisher-deep-silver","77":"pa_rating-1028","78":"pa_rating-14467","79":"pa_region-europe","81":"pa_subtitles-de-de","83":"pa_subtitles-en-us","84":"pa_subtitles-es-es","85":"pa_subtitles-fr-fr","86":"pa_subtitles-it-it","87":"pa_subtitles-nl-nl","89":"pa_subtitles-pl-pl","90":"pa_subtitles-ru-ru","91":"pa_themes-action","92":"pa_themes-fantasy","94":"pa_themes-open-world","97":"first","98":"instock","99":"virtual","100":"taxable","101":"purchasable","102":"product-type-simple"},"yoast_head":"<!-- This site is optimized with the Yoast SEO plugin v27.3 - https:\/\/yoast.com\/product\/yoast-seo-wordpress\/ -->\n<title>Risen | BeGamer.cz<\/title>\n<meta name=\"robots\" content=\"index, follow, max-snippet:-1, max-image-preview:large, max-video-preview:-1\" \/>\n<link rel=\"canonical\" href=\"https:\/\/begamer.cz\/sk\/produkt\/risen-sk\/\" \/>\n<meta property=\"og:locale\" content=\"sk_SK\" \/>\n<meta property=\"og:type\" content=\"article\" \/>\n<meta property=\"og:title\" content=\"Risen | BeGamer.cz\" \/>\n<meta property=\"og:description\" content=\"Ponorte sa do drsn\u00e9ho, surov\u00e9ho a atmosf\u00e9rick\u00e9ho fantasy sveta, v ktorom m\u00e1 ka\u017ed\u00e1 akcia svoje n\u00e1sledky. V epickom svete Risen, plnom tajomn\u00fdch zemetrasen\u00ed, desiv\u00fdch mon\u0161tier a nepredstavite\u013en\u00fdch pokladov, si vybojujte svoju cestu me\u010dom, nau\u010dte sa umenie boja s palicou alebo sa sta\u0148te mocn\u00fdm m\u00e1gom.\" \/>\n<meta property=\"og:url\" content=\"https:\/\/begamer.cz\/sk\/produkt\/risen-sk\/\" \/>\n<meta property=\"og:site_name\" content=\"BeGamer.cz\" \/>\n<meta property=\"article:modified_time\" content=\"2026-03-18T03:44:34+00:00\" \/>\n<meta property=\"og:image\" content=\"https:\/\/begamer.cz\/wp-content\/uploads\/2026\/01\/risen-5.webp\" \/>\n\t<meta property=\"og:image:width\" content=\"300\" \/>\n\t<meta property=\"og:image:height\" content=\"400\" \/>\n\t<meta property=\"og:image:type\" content=\"image\/webp\" \/>\n<meta name=\"twitter:card\" content=\"summary_large_image\" \/>\n<script type=\"application\/ld+json\" class=\"yoast-schema-graph\">{\"@context\":\"https:\\\/\\\/schema.org\",\"@graph\":[{\"@type\":\"WebPage\",\"@id\":\"https:\\\/\\\/begamer.cz\\\/sk\\\/produkt\\\/risen-sk\\\/\",\"url\":\"https:\\\/\\\/begamer.cz\\\/sk\\\/produkt\\\/risen-sk\\\/\",\"name\":\"Risen | BeGamer.cz\",\"isPartOf\":{\"@id\":\"https:\\\/\\\/begamer.cz\\\/sk\\\/#website\"},\"primaryImageOfPage\":{\"@id\":\"https:\\\/\\\/begamer.cz\\\/sk\\\/produkt\\\/risen-sk\\\/#primaryimage\"},\"image\":{\"@id\":\"https:\\\/\\\/begamer.cz\\\/sk\\\/produkt\\\/risen-sk\\\/#primaryimage\"},\"thumbnailUrl\":\"https:\\\/\\\/begamer.cz\\\/wp-content\\\/uploads\\\/2026\\\/01\\\/risen-5.webp\",\"datePublished\":\"2026-01-30T15:23:09+00:00\",\"dateModified\":\"2026-03-18T03:44:34+00:00\",\"breadcrumb\":{\"@id\":\"https:\\\/\\\/begamer.cz\\\/sk\\\/produkt\\\/risen-sk\\\/#breadcrumb\"},\"inLanguage\":\"sk-SK\",\"potentialAction\":[{\"@type\":\"ReadAction\",\"target\":[\"https:\\\/\\\/begamer.cz\\\/sk\\\/produkt\\\/risen-sk\\\/\"]}]},{\"@type\":\"ImageObject\",\"inLanguage\":\"sk-SK\",\"@id\":\"https:\\\/\\\/begamer.cz\\\/sk\\\/produkt\\\/risen-sk\\\/#primaryimage\",\"url\":\"https:\\\/\\\/begamer.cz\\\/wp-content\\\/uploads\\\/2026\\\/01\\\/risen-5.webp\",\"contentUrl\":\"https:\\\/\\\/begamer.cz\\\/wp-content\\\/uploads\\\/2026\\\/01\\\/risen-5.webp\",\"width\":300,\"height\":400},{\"@type\":\"BreadcrumbList\",\"@id\":\"https:\\\/\\\/begamer.cz\\\/sk\\\/produkt\\\/risen-sk\\\/#breadcrumb\",\"itemListElement\":[{\"@type\":\"ListItem\",\"position\":1,\"name\":\"Domov\",\"item\":\"https:\\\/\\\/begamer.cz\\\/sk\\\/\"},{\"@type\":\"ListItem\",\"position\":2,\"name\":\"Obchod\",\"item\":\"https:\\\/\\\/begamer.cz\\\/obchod\\\/\"},{\"@type\":\"ListItem\",\"position\":3,\"name\":\"Risen\"}]},{\"@type\":\"WebSite\",\"@id\":\"https:\\\/\\\/begamer.cz\\\/sk\\\/#website\",\"url\":\"https:\\\/\\\/begamer.cz\\\/sk\\\/\",\"name\":\"BeGamer.cz\",\"description\":\"\",\"publisher\":{\"@id\":\"https:\\\/\\\/begamer.cz\\\/sk\\\/#organization\"},\"potentialAction\":[{\"@type\":\"SearchAction\",\"target\":{\"@type\":\"EntryPoint\",\"urlTemplate\":\"https:\\\/\\\/begamer.cz\\\/sk\\\/?s={search_term_string}\"},\"query-input\":{\"@type\":\"PropertyValueSpecification\",\"valueRequired\":true,\"valueName\":\"search_term_string\"}}],\"inLanguage\":\"sk-SK\"},{\"@type\":\"Organization\",\"@id\":\"https:\\\/\\\/begamer.cz\\\/sk\\\/#organization\",\"name\":\"BeGamer.cz\",\"url\":\"https:\\\/\\\/begamer.cz\\\/sk\\\/\",\"logo\":{\"@type\":\"ImageObject\",\"inLanguage\":\"sk-SK\",\"@id\":\"https:\\\/\\\/begamer.cz\\\/sk\\\/#\\\/schema\\\/logo\\\/image\\\/\",\"url\":\"https:\\\/\\\/begamer.cz\\\/wp-content\\\/uploads\\\/2025\\\/07\\\/logo.svg\",\"contentUrl\":\"https:\\\/\\\/begamer.cz\\\/wp-content\\\/uploads\\\/2025\\\/07\\\/logo.svg\",\"caption\":\"BeGamer.cz\"},\"image\":{\"@id\":\"https:\\\/\\\/begamer.cz\\\/sk\\\/#\\\/schema\\\/logo\\\/image\\\/\"}}]}<\/script>\n<!-- \/ Yoast SEO plugin. -->","yoast_head_json":{"title":"Risen | BeGamer.cz","robots":{"index":"index","follow":"follow","max-snippet":"max-snippet:-1","max-image-preview":"max-image-preview:large","max-video-preview":"max-video-preview:-1"},"canonical":"https:\/\/begamer.cz\/sk\/produkt\/risen-sk\/","og_locale":"sk_SK","og_type":"article","og_title":"Risen | BeGamer.cz","og_description":"Ponorte sa do drsn\u00e9ho, surov\u00e9ho a atmosf\u00e9rick\u00e9ho fantasy sveta, v ktorom m\u00e1 ka\u017ed\u00e1 akcia svoje n\u00e1sledky. V epickom svete Risen, plnom tajomn\u00fdch zemetrasen\u00ed, desiv\u00fdch mon\u0161tier a nepredstavite\u013en\u00fdch pokladov, si vybojujte svoju cestu me\u010dom, nau\u010dte sa umenie boja s palicou alebo sa sta\u0148te mocn\u00fdm m\u00e1gom.","og_url":"https:\/\/begamer.cz\/sk\/produkt\/risen-sk\/","og_site_name":"BeGamer.cz","article_modified_time":"2026-03-18T03:44:34+00:00","og_image":[{"width":300,"height":400,"url":"https:\/\/begamer.cz\/wp-content\/uploads\/2026\/01\/risen-5.webp","type":"image\/webp"}],"twitter_card":"summary_large_image","schema":{"@context":"https:\/\/schema.org","@graph":[{"@type":"WebPage","@id":"https:\/\/begamer.cz\/sk\/produkt\/risen-sk\/","url":"https:\/\/begamer.cz\/sk\/produkt\/risen-sk\/","name":"Risen | BeGamer.cz","isPartOf":{"@id":"https:\/\/begamer.cz\/sk\/#website"},"primaryImageOfPage":{"@id":"https:\/\/begamer.cz\/sk\/produkt\/risen-sk\/#primaryimage"},"image":{"@id":"https:\/\/begamer.cz\/sk\/produkt\/risen-sk\/#primaryimage"},"thumbnailUrl":"https:\/\/begamer.cz\/wp-content\/uploads\/2026\/01\/risen-5.webp","datePublished":"2026-01-30T15:23:09+00:00","dateModified":"2026-03-18T03:44:34+00:00","breadcrumb":{"@id":"https:\/\/begamer.cz\/sk\/produkt\/risen-sk\/#breadcrumb"},"inLanguage":"sk-SK","potentialAction":[{"@type":"ReadAction","target":["https:\/\/begamer.cz\/sk\/produkt\/risen-sk\/"]}]},{"@type":"ImageObject","inLanguage":"sk-SK","@id":"https:\/\/begamer.cz\/sk\/produkt\/risen-sk\/#primaryimage","url":"https:\/\/begamer.cz\/wp-content\/uploads\/2026\/01\/risen-5.webp","contentUrl":"https:\/\/begamer.cz\/wp-content\/uploads\/2026\/01\/risen-5.webp","width":300,"height":400},{"@type":"BreadcrumbList","@id":"https:\/\/begamer.cz\/sk\/produkt\/risen-sk\/#breadcrumb","itemListElement":[{"@type":"ListItem","position":1,"name":"Domov","item":"https:\/\/begamer.cz\/sk\/"},{"@type":"ListItem","position":2,"name":"Obchod","item":"https:\/\/begamer.cz\/obchod\/"},{"@type":"ListItem","position":3,"name":"Risen"}]},{"@type":"WebSite","@id":"https:\/\/begamer.cz\/sk\/#website","url":"https:\/\/begamer.cz\/sk\/","name":"BeGamer.cz","description":"","publisher":{"@id":"https:\/\/begamer.cz\/sk\/#organization"},"potentialAction":[{"@type":"SearchAction","target":{"@type":"EntryPoint","urlTemplate":"https:\/\/begamer.cz\/sk\/?s={search_term_string}"},"query-input":{"@type":"PropertyValueSpecification","valueRequired":true,"valueName":"search_term_string"}}],"inLanguage":"sk-SK"},{"@type":"Organization","@id":"https:\/\/begamer.cz\/sk\/#organization","name":"BeGamer.cz","url":"https:\/\/begamer.cz\/sk\/","logo":{"@type":"ImageObject","inLanguage":"sk-SK","@id":"https:\/\/begamer.cz\/sk\/#\/schema\/logo\/image\/","url":"https:\/\/begamer.cz\/wp-content\/uploads\/2025\/07\/logo.svg","contentUrl":"https:\/\/begamer.cz\/wp-content\/uploads\/2025\/07\/logo.svg","caption":"BeGamer.cz"},"image":{"@id":"https:\/\/begamer.cz\/sk\/#\/schema\/logo\/image\/"}}]}},"acf":[],"_links":{"self":[{"href":"https:\/\/begamer.cz\/sk\/wp-json\/wp\/v2\/product\/95612","targetHints":{"allow":["GET"]}}],"collection":[{"href":"https:\/\/begamer.cz\/sk\/wp-json\/wp\/v2\/product"}],"about":[{"href":"https:\/\/begamer.cz\/sk\/wp-json\/wp\/v2\/types\/product"}],"replies":[{"embeddable":true,"href":"https:\/\/begamer.cz\/sk\/wp-json\/wp\/v2\/comments?post=95612"}],"wp:featuredmedia":[{"embeddable":true,"href":"https:\/\/begamer.cz\/sk\/wp-json\/wp\/v2\/media\/61666"}],"wp:attachment":[{"href":"https:\/\/begamer.cz\/sk\/wp-json\/wp\/v2\/media?parent=95612"}],"wp:term":[{"taxonomy":"product_brand","embeddable":true,"href":"https:\/\/begamer.cz\/sk\/wp-json\/wp\/v2\/product_brand?post=95612"},{"taxonomy":"product_cat","embeddable":true,"href":"https:\/\/begamer.cz\/sk\/wp-json\/wp\/v2\/product_cat?post=95612"},{"taxonomy":"product_tag","embeddable":true,"href":"https:\/\/begamer.cz\/sk\/wp-json\/wp\/v2\/product_tag?post=95612"}],"curies":[{"name":"wp","href":"https:\/\/api.w.org\/{rel}","templated":true}]}}