{"id":95549,"date":"2026-01-30T16:22:09","date_gmt":"2026-01-30T15:22:09","guid":{"rendered":"https:\/\/begamer.cz\/produkt\/risk-of-rain-2-survivors-of-the-void-sk\/"},"modified":"2026-03-18T04:41:28","modified_gmt":"2026-03-18T03:41:28","slug":"risk-of-rain-2-survivors-of-the-void-sk","status":"publish","type":"product","link":"https:\/\/begamer.cz\/sk\/produkt\/risk-of-rain-2-survivors-of-the-void-sk\/","title":{"rendered":"Risk of Rain 2: Survivors of the Void"},"content":{"rendered":"<p><span class=\"bb_img_ctn\"><img decoding=\"async\" class=\"bb_img\" src=\"https:\/\/shared.akamai.steamstatic.com\/store_item_assets\/steam\/apps\/1607890\/extras\/65bc3bb857aa6d4874d61b9b6f296d34.avif?t=1699645162\" width=615 height=346 \/><\/span><\/p>\n<p><span class=\"bb_img_ctn\"><img decoding=\"async\" class=\"bb_img\" src=\"https:\/\/shared.akamai.steamstatic.com\/store_item_assets\/steam\/apps\/1607890\/extras\/ecf1a0f364086be65da8bfab37f3ace9.avif?t=1699645162\" width=615 height=100 \/><\/span><\/p>\n<p>Br\u00e1na do Pr\u00e1zdnoty sa otvorila! Zhubn\u00e1 sila, ktor\u00fa obsahovala, pohltila Petrichor V a ponorila plan\u00e9tu do tmy. Po tis\u00edce rokov sa Pr\u00e1zdnotn\u00e9 bytosti stali dominantn\u00fdmi t\u00fdm, \u017ee pren\u00e1\u0161ali artefakty z n\u00e1\u0161ho sveta do svojho. Teraz sa sna\u017eia prida\u0165 v\u00e1s do svojej zbierky.<\/p>\n<p>Zoberte so sebou na dobrodru\u017estvo svojich priate\u013eov! Len jeden hr\u00e1\u010d mus\u00ed vlastni\u0165 Survivors of the Void, aby sa mon\u0161tr\u00e1, \u00farovne a predmety mohli objavi\u0165 v hre pre cel\u00fa lobby. Hr\u00e1\u010di bez Survivors of the Void nebud\u00fa m\u00f4c\u0165 vybra\u0165 dvoch nov\u00fdch pre\u017eiv\u0161\u00edch ani trvalo odomkn\u00fa\u0165 nov\u00e9 predmety, denn\u00edky alebo in\u00fd obsah.<\/p>\n<p><span class=\"bb_img_ctn\"><video class=\"bb_img\" autoplay muted loop playsinline crossorigin=\"anonymous\" poster=\"https:\/\/shared.akamai.steamstatic.com\/store_item_assets\/steam\/apps\/1607890\/extras\/9b979ac9cb6271e6b3371080ed55b000.poster.avif?t=1699645162\" width=615 height=200 ><source src=\"https:\/\/shared.akamai.steamstatic.com\/store_item_assets\/steam\/apps\/1607890\/extras\/9b979ac9cb6271e6b3371080ed55b000.webm?t=1699645162\" type=\"video\/webm; codecs=vp9\"><\/video><\/span><\/p>\n<p><span class=\"bb_img_ctn\"><img decoding=\"async\" class=\"bb_img\" src=\"https:\/\/shared.akamai.steamstatic.com\/store_item_assets\/steam\/apps\/1607890\/extras\/86f9c908e6209f8d2d4e77f443412b74.avif?t=1699645162\" width=615 height=100 \/><\/span><\/p>\n<p>Vyu\u017eite svoju v\u00fdhodu na vyv\u00fd\u0161enom mieste. Vyp\u00fa\u0161\u0165ajte ni\u010div\u00e9 v\u00fdstrely z celej mapy pomocou zameriava\u010da Railgunner z poh\u013eadu prvej osoby. Na\u010dasujte si preb\u00edjanie, mierte na slab\u00e9 miesta a menite bojisko. Railgunner je ultim\u00e1tny zabijak bossov. Namiesto likvidovania hord eliminuje svoj cie\u013e jedn\u00fdm v\u00fdstrelom.<\/p>\n<p>Ovl\u00e1dnutie polohovania a pohybu Railgunner odomkne jej skuto\u010dn\u00fd potenci\u00e1l. Hodte Concussion Device, aby ste dosiahli v\u00fdh\u013ead alebo sa dostali z n\u00e1ro\u010dnej situ\u00e1cie. Railgunner je okam\u017eite odomknut\u00e1 pre majite\u013eov Survivors of the Void.<\/p>\n<p><span class=\"bb_img_ctn\"><video class=\"bb_img\" autoplay muted loop playsinline crossorigin=\"anonymous\" poster=\"https:\/\/shared.akamai.steamstatic.com\/store_item_assets\/steam\/apps\/1607890\/extras\/f3698acd6cc93f2e2cec5ca32beca75f.poster.avif?t=1699645162\" width=615 height=200 ><source src=\"https:\/\/shared.akamai.steamstatic.com\/store_item_assets\/steam\/apps\/1607890\/extras\/f3698acd6cc93f2e2cec5ca32beca75f.webm?t=1699645162\" type=\"video\/webm; codecs=vp9\"><\/video><\/span><\/p>\n<p><span class=\"bb_img_ctn\"><img decoding=\"async\" class=\"bb_img\" src=\"https:\/\/shared.akamai.steamstatic.com\/store_item_assets\/steam\/apps\/1607890\/extras\/9a35675a8c2cb5178e393983d3344ecd.avif?t=1699645162\" width=615 height=100 \/><\/span><\/p>\n<p>Obr\u00e1\u0165te korupciu vo svoj prospech a vyu\u017eite silu Voidu. Zkorumpovan\u00fd komando je rozpolcen\u00fd medzi ovl\u00e1dan\u00edm svojich nov\u00fdch s\u00edl a t\u00fdm, \u017ee ho pohltia. Void Fiend je druh\u00fd nov\u00fd pre\u017eiv\u0161\u00ed v Survivors of the Void. Ako v\u00e1s korupcia prem\u00e1ha, schopnosti sa na kr\u00e1tku dobu premenia na silnej\u0161ie \u00fatoky.<\/p>\n<p>Topte nepriate\u013eov z\u00e1plavou l\u00fa\u010dov a rakiet a zvl\u00e1dnite nov\u00e9 mo\u017enosti pohybu. Na\u010dasujte si svoju skazenos\u0165, vyu\u017eite pr\u00e1zdnotu a uvo\u013enite Void Fienda. Odomknite Void Fienda prekonan\u00edm novej hrozby v Survivors of the Void.<\/p>\n<p><span class=\"bb_img_ctn\"><video class=\"bb_img\" autoplay muted loop playsinline crossorigin=\"anonymous\" poster=\"https:\/\/shared.akamai.steamstatic.com\/store_item_assets\/steam\/apps\/1607890\/extras\/714f720e8e2e025e8952a7105ad8afc1.poster.avif?t=1699645162\" width=615 height=200 ><source src=\"https:\/\/shared.akamai.steamstatic.com\/store_item_assets\/steam\/apps\/1607890\/extras\/714f720e8e2e025e8952a7105ad8afc1.webm?t=1699645162\" type=\"video\/webm; codecs=vp9\"><\/video><\/span><\/p>\n<p><span class=\"bb_img_ctn\"><img decoding=\"async\" class=\"bb_img\" src=\"https:\/\/shared.akamai.steamstatic.com\/store_item_assets\/steam\/apps\/1607890\/extras\/fe757a68609c024c93f184b24a30deae.avif?t=1699645162\" width=615 height=100 \/><\/span><\/p>\n<p>Skazte zn\u00e1me predmety a odomknite nov\u00e9 sily! Z\u00edskan\u00edm jedn\u00e9ho z 14 predmetov Void sa natrvalo zmenia v\u0161etky norm\u00e1lne verzie dan\u00e9ho predmetu. Skazenos\u0165 prin\u00e1\u0161a silu, ale aj zmeny. Zist\u00edte, \u017ee mnoho predmetov teraz rob\u00ed opak toho, \u010do robili predt\u00fdm. Elektrizuj\u00faca hudba ukulele Void sa zameriava na jednotliv\u00fdch nepriate\u013eov namiesto davov. Niektor\u00e9 predmety robia nie\u010do \u00faplne in\u00e9!<\/p>\n<p>Odomknite 5 kusov v\u00fdstroja, 4 lun\u00e1rne predmety a 18 \u0161tandardn\u00fdch predmetov v Survivors of the Void.<\/p>\n<p><span class=\"bb_img_ctn\"><video class=\"bb_img\" autoplay muted loop playsinline crossorigin=\"anonymous\" poster=\"https:\/\/shared.akamai.steamstatic.com\/store_item_assets\/steam\/apps\/1607890\/extras\/96b0cc2391d5eef24d3a219bc26a4cdd.poster.avif?t=1699645162\" width=615 height=200 ><source src=\"https:\/\/shared.akamai.steamstatic.com\/store_item_assets\/steam\/apps\/1607890\/extras\/96b0cc2391d5eef24d3a219bc26a4cdd.webm?t=1699645162\" type=\"video\/webm; codecs=vp9\"><\/video><\/span><\/p>\n<p><span class=\"bb_img_ctn\"><img decoding=\"async\" class=\"bb_img\" src=\"https:\/\/shared.akamai.steamstatic.com\/store_item_assets\/steam\/apps\/1607890\/extras\/308c694bf51df4841c96dc924cc3a07a.avif?t=1699645162\" width=615 height=100 \/><\/span><\/p>\n<p>Viac tvorov z Providence je na slobode a nie s\u00fa nad\u0161en\u00ed touto hrozbou pre ich svet. \u017delatinov\u00fd Gup sa vr\u00e1til a priniesol so sebou nov\u00fdch priate\u013eov z \u010falek\u00fdch kon\u010d\u00edn Petrichoru V. D\u00e1vajte si pozor na t\u00fato rozko\u0161n\u00fa oran\u017eov\u00fa ohavnos\u0165, ak sa pribl\u00ed\u017eite pr\u00edli\u0161 bl\u00edzko, pravdepodobne v\u00e1s odraz\u00ed z \u00fatesu.<\/p>\n<p>Najsilnej\u0161ie stvorenia poch\u00e1dzaj\u00fa z Voidu. Va\u0161a schopnos\u0165 dosiahnu\u0165 Void ich ohrozuje. Toto zasahovanie nezostane bez odpovede. Kon\u0161trukcie s obrovskou silou a skazenou mys\u013eou boli vyslan\u00e9, aby v\u00e1s zajali. Odha\u013ete zdroj ich sily a ak to dok\u00e1\u017eete, bojujte proti nim. Na Petrichor V<\/p>\n<p><span class=\"bb_img_ctn\"><video class=\"bb_img\" autoplay muted loop playsinline crossorigin=\"anonymous\" poster=\"https:\/\/shared.akamai.steamstatic.com\/store_item_assets\/steam\/apps\/1607890\/extras\/63a2e79925e36adb812c09f66fade119.poster.avif?t=1699645162\" width=615 height=200 ><source src=\"https:\/\/shared.akamai.steamstatic.com\/store_item_assets\/steam\/apps\/1607890\/extras\/63a2e79925e36adb812c09f66fade119.webm?t=1699645162\" type=\"video\/webm; codecs=vp9\"><\/video><\/span><\/p>\n<p><span class=\"bb_img_ctn\"><img decoding=\"async\" class=\"bb_img\" src=\"https:\/\/shared.akamai.steamstatic.com\/store_item_assets\/steam\/apps\/1607890\/extras\/9d22045cc100a63e84e2703b6cc8170a.avif?t=1699645162\" width=615 height=100 \/><\/span><\/p>\n<p>boli objaven\u00e9 nezn\u00e1me miesta! Prejdite nov\u00e9 \u00farovne, odha\u013ete ich tajomstv\u00e1 a infiltrujte sa do Pr\u00e1zdnoty. Presk\u00famajte n\u00e1dhern\u00e9 vodop\u00e1dy Aphelian Sanctuary, vd\u00fdchnite ostr\u00fa v\u00f4\u0148u Sulfur Pools a u\u017eite si n\u00e1hodn\u00e9 kor\u010du\u013eovanie v Siphoned Forest.<\/p>\n<p><span class=\"bb_img_ctn\"><video class=\"bb_img\" autoplay muted loop playsinline crossorigin=\"anonymous\" poster=\"https:\/\/shared.akamai.steamstatic.com\/store_item_assets\/steam\/apps\/1607890\/extras\/eb9d242470b75cdbd0277cecd6147287.poster.avif?t=1699645162\" width=615 height=200 ><source src=\"https:\/\/shared.akamai.steamstatic.com\/store_item_assets\/steam\/apps\/1607890\/extras\/eb9d242470b75cdbd0277cecd6147287.webm?t=1699645162\" type=\"video\/webm; codecs=vp9\"><\/video><\/span><\/p>\n","protected":false},"excerpt":{"rendered":"<p>Priv\u00edtajte The Void, ktor\u00fd nahrad\u00ed Petrichor V v prvom roz\u0161\u00edren\u00ed hry Risk of Rain 2! Nov\u00ed pre\u017eiv\u0161\u00ed, mon\u0161tr\u00e1, \u00farovne a nov\u00e1 trieda predmetov v\u00e1m pom\u00f4\u017eu posla\u0165 krabov sp\u00e4\u0165 do ich dimenzie.<\/p>\n","protected":false},"featured_media":18096,"comment_status":"open","ping_status":"closed","template":"","meta":{"_acf_changed":false},"product_brand":[],"product_cat":[270,290,268,266,312,9064],"product_tag":[],"class_list":{"0":"post-95549","1":"product","2":"type-product","3":"status-publish","4":"has-post-thumbnail","6":"product_cat-adventury-pc-hry-sk","7":"product_cat-indie-hry-pc-sk","8":"product_cat-pc-sk","9":"product_cat-pc-hry-sk","10":"product_cat-steam-pc-sk","11":"product_cat-strielacky-3","12":"pa_countries-ad","13":"pa_countries-ae","14":"pa_countries-af","15":"pa_countries-ag","16":"pa_countries-ai","17":"pa_countries-al","18":"pa_countries-am","19":"pa_countries-ao","20":"pa_countries-aq","21":"pa_countries-ar","22":"pa_countries-as","23":"pa_countries-at","24":"pa_countries-au","25":"pa_countries-aw","26":"pa_countries-ax","27":"pa_countries-az","28":"pa_countries-ba","29":"pa_countries-bb","30":"pa_countries-bd","31":"pa_countries-be","32":"pa_countries-bf","33":"pa_countries-bg","34":"pa_countries-bh","35":"pa_countries-bi","36":"pa_countries-bj","37":"pa_countries-bl","38":"pa_countries-bm","39":"pa_countries-bn","40":"pa_countries-bo","41":"pa_countries-bq","42":"pa_countries-br","43":"pa_countries-bs","44":"pa_countries-bt","45":"pa_countries-bv","46":"pa_countries-bw","47":"pa_countries-bz","48":"pa_countries-ca","49":"pa_countries-cc","50":"pa_countries-cd","51":"pa_countries-cf","52":"pa_countries-cg","53":"pa_countries-ch","54":"pa_countries-ci","55":"pa_countries-ck","56":"pa_countries-cl","57":"pa_countries-cm","58":"pa_countries-cn","59":"pa_countries-co","60":"pa_countries-cr","61":"pa_countries-cu","62":"pa_countries-cv","63":"pa_countries-cw","64":"pa_countries-cx","65":"pa_countries-cy","66":"pa_countries-cz","67":"pa_countries-de","68":"pa_countries-dj","69":"pa_countries-dk","70":"pa_countries-dm","71":"pa_countries-do","72":"pa_countries-dz","73":"pa_countries-ec","74":"pa_countries-ee","75":"pa_countries-eg","76":"pa_countries-eh","77":"pa_countries-er","78":"pa_countries-es","79":"pa_countries-et","80":"pa_countries-fi","81":"pa_countries-fj","82":"pa_countries-fk","83":"pa_countries-fm","84":"pa_countries-fo","85":"pa_countries-fr","86":"pa_countries-ga","87":"pa_countries-gb","88":"pa_countries-gd","89":"pa_countries-ge","90":"pa_countries-gf","91":"pa_countries-gg","92":"pa_countries-gh","93":"pa_countries-gi","94":"pa_countries-gl","95":"pa_countries-gm","96":"pa_countries-gn","97":"pa_countries-gp","98":"pa_countries-gq","99":"pa_countries-gr","100":"pa_countries-gs","101":"pa_countries-gt","102":"pa_countries-gu","103":"pa_countries-gw","104":"pa_countries-gy","105":"pa_countries-hk","106":"pa_countries-hm","107":"pa_countries-hn","108":"pa_countries-hr","109":"pa_countries-ht","110":"pa_countries-hu","111":"pa_countries-id","112":"pa_countries-ie","113":"pa_countries-il","114":"pa_countries-im","115":"pa_countries-in","116":"pa_countries-io","117":"pa_countries-iq","118":"pa_countries-ir","119":"pa_countries-is","120":"pa_countries-it","121":"pa_countries-je","122":"pa_countries-jm","123":"pa_countries-jo","124":"pa_countries-jp","125":"pa_countries-ke","126":"pa_countries-kg","127":"pa_countries-kh","128":"pa_countries-ki","129":"pa_countries-km","130":"pa_countries-kn","131":"pa_countries-kp","132":"pa_countries-kr","133":"pa_countries-kw","134":"pa_countries-ky","135":"pa_countries-kz","136":"pa_countries-la","137":"pa_countries-lb","138":"pa_countries-lc","139":"pa_countries-li","140":"pa_countries-lk","141":"pa_countries-lr","142":"pa_countries-ls","143":"pa_countries-lt","144":"pa_countries-lu","145":"pa_countries-lv","146":"pa_countries-ly","147":"pa_countries-ma","148":"pa_countries-mc","149":"pa_countries-md","150":"pa_countries-me","151":"pa_countries-mf","152":"pa_countries-mg","153":"pa_countries-mh","154":"pa_countries-mk","155":"pa_countries-ml","156":"pa_countries-mm","157":"pa_countries-mn","158":"pa_countries-mo","159":"pa_countries-mp","160":"pa_countries-mq","161":"pa_countries-mr","162":"pa_countries-ms","163":"pa_countries-mt","164":"pa_countries-mu","165":"pa_countries-mv","166":"pa_countries-mw","167":"pa_countries-mx","168":"pa_countries-my","169":"pa_countries-mz","170":"pa_countries-na","171":"pa_countries-nc","172":"pa_countries-ne","173":"pa_countries-nf","174":"pa_countries-ng","175":"pa_countries-ni","176":"pa_countries-nl","177":"pa_countries-no","178":"pa_countries-np","179":"pa_countries-nr","180":"pa_countries-nu","181":"pa_countries-nz","182":"pa_countries-om","183":"pa_countries-pa","184":"pa_countries-pe","185":"pa_countries-pf","186":"pa_countries-pg","187":"pa_countries-ph","188":"pa_countries-pk","189":"pa_countries-pl","190":"pa_countries-pm","191":"pa_countries-pn","192":"pa_countries-pr","193":"pa_countries-ps","194":"pa_countries-pt","195":"pa_countries-pw","196":"pa_countries-py","197":"pa_countries-qa","198":"pa_countries-re","199":"pa_countries-ro","200":"pa_countries-rs","201":"pa_countries-rw","202":"pa_countries-sa","203":"pa_countries-sb","204":"pa_countries-sc","205":"pa_countries-sd","206":"pa_countries-se","207":"pa_countries-sg","208":"pa_countries-sh","209":"pa_countries-si","210":"pa_countries-sj","211":"pa_countries-sk","212":"pa_countries-sl","213":"pa_countries-sm","214":"pa_countries-sn","215":"pa_countries-so","216":"pa_countries-sr","217":"pa_countries-ss","219":"pa_countries-st","220":"pa_countries-sv","221":"pa_countries-sx","222":"pa_countries-sy","223":"pa_countries-sz","224":"pa_countries-tc","225":"pa_countries-td","226":"pa_countries-tf","227":"pa_countries-tg","228":"pa_countries-th","229":"pa_countries-tj","230":"pa_countries-tk","231":"pa_countries-tl","232":"pa_countries-tm","233":"pa_countries-tn","234":"pa_countries-to","235":"pa_countries-tr","236":"pa_countries-tt","237":"pa_countries-tv","238":"pa_countries-tw","239":"pa_countries-tz","240":"pa_countries-ua","241":"pa_countries-ug","242":"pa_countries-um","243":"pa_countries-us","244":"pa_countries-uy","245":"pa_countries-uz","246":"pa_countries-va","247":"pa_countries-vc","248":"pa_countries-ve","249":"pa_countries-vg","250":"pa_countries-vi","251":"pa_countries-vn","252":"pa_countries-vu","253":"pa_countries-wf","254":"pa_countries-ws","255":"pa_countries-xk","256":"pa_countries-ye","257":"pa_countries-yt","258":"pa_countries-za","259":"pa_countries-zm","260":"pa_countries-zw","261":"pa_developer-hopoo-games","262":"pa_developer-hopoo-games-2","263":"pa_engine-unity","265":"pa_game_type-dlc","267":"pa_genres-adventure","268":"pa_genres-indie","270":"pa_genres-shooter","271":"pa_interface-de-de","272":"pa_interface-en-us","273":"pa_interface-es-es","274":"pa_interface-fr-fr","275":"pa_interface-it-it","276":"pa_interface-ja-jp","277":"pa_interface-ko-kr","278":"pa_interface-pt-br","279":"pa_interface-ru-ru","281":"pa_interface-tr-tr","282":"pa_interface-zh-cn","283":"pa_keywords-bullet-hell","284":"pa_keywords-looter-shooter","285":"pa_keywords-roguelike","286":"pa_keywords-roguelite","288":"pa_modes-co-operative","289":"pa_modes-multiplayer","291":"pa_modes-single-player","292":"pa_pegi-13428","293":"pa_pegi-927","294":"pa_platform-pc-steam","296":"pa_player_perspectives-third-person","298":"pa_publisher-gearbox-publishing","300":"pa_rating-14441","301":"pa_rating-773","302":"pa_region-global","304":"pa_themes-action","305":"pa_themes-science-fiction","306":"pa_themes-survival","309":"first","310":"instock","311":"virtual","312":"taxable","313":"purchasable","314":"product-type-simple"},"yoast_head":"<!-- This site is optimized with the Yoast SEO plugin v27.4 - https:\/\/yoast.com\/product\/yoast-seo-wordpress\/ -->\n<title>Risk of Rain 2: Survivors of the Void | BeGamer.cz<\/title>\n<meta name=\"robots\" content=\"index, follow, max-snippet:-1, max-image-preview:large, max-video-preview:-1\" \/>\n<link rel=\"canonical\" href=\"https:\/\/begamer.cz\/sk\/produkt\/risk-of-rain-2-survivors-of-the-void-sk\/\" \/>\n<meta property=\"og:locale\" content=\"sk_SK\" \/>\n<meta property=\"og:type\" content=\"article\" \/>\n<meta property=\"og:title\" content=\"Risk of Rain 2: Survivors of the Void | BeGamer.cz\" \/>\n<meta property=\"og:description\" content=\"Priv\u00edtajte The Void, ktor\u00fd nahrad\u00ed Petrichor V v prvom roz\u0161\u00edren\u00ed hry Risk of Rain 2! Nov\u00ed pre\u017eiv\u0161\u00ed, mon\u0161tr\u00e1, \u00farovne a nov\u00e1 trieda predmetov v\u00e1m pom\u00f4\u017eu posla\u0165 krabov sp\u00e4\u0165 do ich dimenzie.\" \/>\n<meta property=\"og:url\" content=\"https:\/\/begamer.cz\/sk\/produkt\/risk-of-rain-2-survivors-of-the-void-sk\/\" \/>\n<meta property=\"og:site_name\" content=\"BeGamer.cz\" \/>\n<meta property=\"article:modified_time\" content=\"2026-03-18T03:41:28+00:00\" \/>\n<meta property=\"og:image\" content=\"https:\/\/begamer.cz\/wp-content\/uploads\/2026\/01\/risk-of-rain-2-survivors-of-the-void-7.webp\" \/>\n\t<meta property=\"og:image:width\" content=\"300\" \/>\n\t<meta property=\"og:image:height\" content=\"400\" \/>\n\t<meta property=\"og:image:type\" content=\"image\/webp\" \/>\n<meta name=\"twitter:card\" content=\"summary_large_image\" \/>\n<meta name=\"twitter:label1\" content=\"Predpokladan\u00fd \u010das \u010d\u00edtania\" \/>\n\t<meta name=\"twitter:data1\" content=\"3 min\u00faty\" \/>\n<script type=\"application\/ld+json\" class=\"yoast-schema-graph\">{\"@context\":\"https:\\\/\\\/schema.org\",\"@graph\":[{\"@type\":\"WebPage\",\"@id\":\"https:\\\/\\\/begamer.cz\\\/sk\\\/produkt\\\/risk-of-rain-2-survivors-of-the-void-sk\\\/\",\"url\":\"https:\\\/\\\/begamer.cz\\\/sk\\\/produkt\\\/risk-of-rain-2-survivors-of-the-void-sk\\\/\",\"name\":\"Risk of Rain 2: Survivors of the Void | BeGamer.cz\",\"isPartOf\":{\"@id\":\"https:\\\/\\\/begamer.cz\\\/sk\\\/#website\"},\"primaryImageOfPage\":{\"@id\":\"https:\\\/\\\/begamer.cz\\\/sk\\\/produkt\\\/risk-of-rain-2-survivors-of-the-void-sk\\\/#primaryimage\"},\"image\":{\"@id\":\"https:\\\/\\\/begamer.cz\\\/sk\\\/produkt\\\/risk-of-rain-2-survivors-of-the-void-sk\\\/#primaryimage\"},\"thumbnailUrl\":\"https:\\\/\\\/begamer.cz\\\/wp-content\\\/uploads\\\/2026\\\/01\\\/risk-of-rain-2-survivors-of-the-void-7.webp\",\"datePublished\":\"2026-01-30T15:22:09+00:00\",\"dateModified\":\"2026-03-18T03:41:28+00:00\",\"breadcrumb\":{\"@id\":\"https:\\\/\\\/begamer.cz\\\/sk\\\/produkt\\\/risk-of-rain-2-survivors-of-the-void-sk\\\/#breadcrumb\"},\"inLanguage\":\"sk-SK\",\"potentialAction\":[{\"@type\":\"ReadAction\",\"target\":[\"https:\\\/\\\/begamer.cz\\\/sk\\\/produkt\\\/risk-of-rain-2-survivors-of-the-void-sk\\\/\"]}]},{\"@type\":\"ImageObject\",\"inLanguage\":\"sk-SK\",\"@id\":\"https:\\\/\\\/begamer.cz\\\/sk\\\/produkt\\\/risk-of-rain-2-survivors-of-the-void-sk\\\/#primaryimage\",\"url\":\"https:\\\/\\\/begamer.cz\\\/wp-content\\\/uploads\\\/2026\\\/01\\\/risk-of-rain-2-survivors-of-the-void-7.webp\",\"contentUrl\":\"https:\\\/\\\/begamer.cz\\\/wp-content\\\/uploads\\\/2026\\\/01\\\/risk-of-rain-2-survivors-of-the-void-7.webp\",\"width\":300,\"height\":400},{\"@type\":\"BreadcrumbList\",\"@id\":\"https:\\\/\\\/begamer.cz\\\/sk\\\/produkt\\\/risk-of-rain-2-survivors-of-the-void-sk\\\/#breadcrumb\",\"itemListElement\":[{\"@type\":\"ListItem\",\"position\":1,\"name\":\"Domov\",\"item\":\"https:\\\/\\\/begamer.cz\\\/sk\\\/\"},{\"@type\":\"ListItem\",\"position\":2,\"name\":\"Obchod\",\"item\":\"https:\\\/\\\/begamer.cz\\\/obchod\\\/\"},{\"@type\":\"ListItem\",\"position\":3,\"name\":\"Risk of Rain 2: Survivors of the Void\"}]},{\"@type\":\"WebSite\",\"@id\":\"https:\\\/\\\/begamer.cz\\\/sk\\\/#website\",\"url\":\"https:\\\/\\\/begamer.cz\\\/sk\\\/\",\"name\":\"BeGamer.cz\",\"description\":\"\",\"publisher\":{\"@id\":\"https:\\\/\\\/begamer.cz\\\/sk\\\/#organization\"},\"potentialAction\":[{\"@type\":\"SearchAction\",\"target\":{\"@type\":\"EntryPoint\",\"urlTemplate\":\"https:\\\/\\\/begamer.cz\\\/sk\\\/?s={search_term_string}\"},\"query-input\":{\"@type\":\"PropertyValueSpecification\",\"valueRequired\":true,\"valueName\":\"search_term_string\"}}],\"inLanguage\":\"sk-SK\"},{\"@type\":\"Organization\",\"@id\":\"https:\\\/\\\/begamer.cz\\\/sk\\\/#organization\",\"name\":\"BeGamer.cz\",\"url\":\"https:\\\/\\\/begamer.cz\\\/sk\\\/\",\"logo\":{\"@type\":\"ImageObject\",\"inLanguage\":\"sk-SK\",\"@id\":\"https:\\\/\\\/begamer.cz\\\/sk\\\/#\\\/schema\\\/logo\\\/image\\\/\",\"url\":\"https:\\\/\\\/begamer.cz\\\/wp-content\\\/uploads\\\/2025\\\/07\\\/logo.svg\",\"contentUrl\":\"https:\\\/\\\/begamer.cz\\\/wp-content\\\/uploads\\\/2025\\\/07\\\/logo.svg\",\"caption\":\"BeGamer.cz\"},\"image\":{\"@id\":\"https:\\\/\\\/begamer.cz\\\/sk\\\/#\\\/schema\\\/logo\\\/image\\\/\"}}]}<\/script>\n<!-- \/ Yoast SEO plugin. -->","yoast_head_json":{"title":"Risk of Rain 2: Survivors of the Void | BeGamer.cz","robots":{"index":"index","follow":"follow","max-snippet":"max-snippet:-1","max-image-preview":"max-image-preview:large","max-video-preview":"max-video-preview:-1"},"canonical":"https:\/\/begamer.cz\/sk\/produkt\/risk-of-rain-2-survivors-of-the-void-sk\/","og_locale":"sk_SK","og_type":"article","og_title":"Risk of Rain 2: Survivors of the Void | BeGamer.cz","og_description":"Priv\u00edtajte The Void, ktor\u00fd nahrad\u00ed Petrichor V v prvom roz\u0161\u00edren\u00ed hry Risk of Rain 2! Nov\u00ed pre\u017eiv\u0161\u00ed, mon\u0161tr\u00e1, \u00farovne a nov\u00e1 trieda predmetov v\u00e1m pom\u00f4\u017eu posla\u0165 krabov sp\u00e4\u0165 do ich dimenzie.","og_url":"https:\/\/begamer.cz\/sk\/produkt\/risk-of-rain-2-survivors-of-the-void-sk\/","og_site_name":"BeGamer.cz","article_modified_time":"2026-03-18T03:41:28+00:00","og_image":[{"width":300,"height":400,"url":"https:\/\/begamer.cz\/wp-content\/uploads\/2026\/01\/risk-of-rain-2-survivors-of-the-void-7.webp","type":"image\/webp"}],"twitter_card":"summary_large_image","twitter_misc":{"Predpokladan\u00fd \u010das \u010d\u00edtania":"3 min\u00faty"},"schema":{"@context":"https:\/\/schema.org","@graph":[{"@type":"WebPage","@id":"https:\/\/begamer.cz\/sk\/produkt\/risk-of-rain-2-survivors-of-the-void-sk\/","url":"https:\/\/begamer.cz\/sk\/produkt\/risk-of-rain-2-survivors-of-the-void-sk\/","name":"Risk of Rain 2: Survivors of the Void | BeGamer.cz","isPartOf":{"@id":"https:\/\/begamer.cz\/sk\/#website"},"primaryImageOfPage":{"@id":"https:\/\/begamer.cz\/sk\/produkt\/risk-of-rain-2-survivors-of-the-void-sk\/#primaryimage"},"image":{"@id":"https:\/\/begamer.cz\/sk\/produkt\/risk-of-rain-2-survivors-of-the-void-sk\/#primaryimage"},"thumbnailUrl":"https:\/\/begamer.cz\/wp-content\/uploads\/2026\/01\/risk-of-rain-2-survivors-of-the-void-7.webp","datePublished":"2026-01-30T15:22:09+00:00","dateModified":"2026-03-18T03:41:28+00:00","breadcrumb":{"@id":"https:\/\/begamer.cz\/sk\/produkt\/risk-of-rain-2-survivors-of-the-void-sk\/#breadcrumb"},"inLanguage":"sk-SK","potentialAction":[{"@type":"ReadAction","target":["https:\/\/begamer.cz\/sk\/produkt\/risk-of-rain-2-survivors-of-the-void-sk\/"]}]},{"@type":"ImageObject","inLanguage":"sk-SK","@id":"https:\/\/begamer.cz\/sk\/produkt\/risk-of-rain-2-survivors-of-the-void-sk\/#primaryimage","url":"https:\/\/begamer.cz\/wp-content\/uploads\/2026\/01\/risk-of-rain-2-survivors-of-the-void-7.webp","contentUrl":"https:\/\/begamer.cz\/wp-content\/uploads\/2026\/01\/risk-of-rain-2-survivors-of-the-void-7.webp","width":300,"height":400},{"@type":"BreadcrumbList","@id":"https:\/\/begamer.cz\/sk\/produkt\/risk-of-rain-2-survivors-of-the-void-sk\/#breadcrumb","itemListElement":[{"@type":"ListItem","position":1,"name":"Domov","item":"https:\/\/begamer.cz\/sk\/"},{"@type":"ListItem","position":2,"name":"Obchod","item":"https:\/\/begamer.cz\/obchod\/"},{"@type":"ListItem","position":3,"name":"Risk of Rain 2: Survivors of the Void"}]},{"@type":"WebSite","@id":"https:\/\/begamer.cz\/sk\/#website","url":"https:\/\/begamer.cz\/sk\/","name":"BeGamer.cz","description":"","publisher":{"@id":"https:\/\/begamer.cz\/sk\/#organization"},"potentialAction":[{"@type":"SearchAction","target":{"@type":"EntryPoint","urlTemplate":"https:\/\/begamer.cz\/sk\/?s={search_term_string}"},"query-input":{"@type":"PropertyValueSpecification","valueRequired":true,"valueName":"search_term_string"}}],"inLanguage":"sk-SK"},{"@type":"Organization","@id":"https:\/\/begamer.cz\/sk\/#organization","name":"BeGamer.cz","url":"https:\/\/begamer.cz\/sk\/","logo":{"@type":"ImageObject","inLanguage":"sk-SK","@id":"https:\/\/begamer.cz\/sk\/#\/schema\/logo\/image\/","url":"https:\/\/begamer.cz\/wp-content\/uploads\/2025\/07\/logo.svg","contentUrl":"https:\/\/begamer.cz\/wp-content\/uploads\/2025\/07\/logo.svg","caption":"BeGamer.cz"},"image":{"@id":"https:\/\/begamer.cz\/sk\/#\/schema\/logo\/image\/"}}]}},"acf":[],"_links":{"self":[{"href":"https:\/\/begamer.cz\/sk\/wp-json\/wp\/v2\/product\/95549","targetHints":{"allow":["GET"]}}],"collection":[{"href":"https:\/\/begamer.cz\/sk\/wp-json\/wp\/v2\/product"}],"about":[{"href":"https:\/\/begamer.cz\/sk\/wp-json\/wp\/v2\/types\/product"}],"replies":[{"embeddable":true,"href":"https:\/\/begamer.cz\/sk\/wp-json\/wp\/v2\/comments?post=95549"}],"wp:featuredmedia":[{"embeddable":true,"href":"https:\/\/begamer.cz\/sk\/wp-json\/wp\/v2\/media\/18096"}],"wp:attachment":[{"href":"https:\/\/begamer.cz\/sk\/wp-json\/wp\/v2\/media?parent=95549"}],"wp:term":[{"taxonomy":"product_brand","embeddable":true,"href":"https:\/\/begamer.cz\/sk\/wp-json\/wp\/v2\/product_brand?post=95549"},{"taxonomy":"product_cat","embeddable":true,"href":"https:\/\/begamer.cz\/sk\/wp-json\/wp\/v2\/product_cat?post=95549"},{"taxonomy":"product_tag","embeddable":true,"href":"https:\/\/begamer.cz\/sk\/wp-json\/wp\/v2\/product_tag?post=95549"}],"curies":[{"name":"wp","href":"https:\/\/api.w.org\/{rel}","templated":true}]}}