{"id":95465,"date":"2026-01-30T16:20:47","date_gmt":"2026-01-30T15:20:47","guid":{"rendered":"https:\/\/begamer.cz\/produkt\/the-elder-scrolls-v-skyrim-special-edition-sk\/"},"modified":"2026-03-18T04:34:15","modified_gmt":"2026-03-18T03:34:15","slug":"the-elder-scrolls-v-skyrim-special-edition-sk","status":"publish","type":"product","link":"https:\/\/begamer.cz\/sk\/produkt\/the-elder-scrolls-v-skyrim-special-edition-sk\/","title":{"rendered":"The Elder Scrolls V: Skyrim \u2013 Special Edition"},"content":{"rendered":"<h1>The Elder Scrolls V: Skyrim Anniversary Edition<\/h1>\n<p><span class=\"bb_img_ctn\"><img decoding=\"async\" class=\"bb_img\" src=\"https:\/\/shared.akamai.steamstatic.com\/store_item_assets\/steam\/apps\/489830\/extras\/d2f1779802fdecb0e40ecab090d95a1c.avif?t=1753715778\" width=616 height=352 \/><\/span><\/p>\n<p>Anniversary Edition obsahuje obsah za cel\u00e9 desa\u0165ro\u010die: kriticky ocenen\u00fa z\u00e1kladn\u00fa hru a doplnky Skyrim Special Edition, plus obsah Creation Club vydan\u00fd 11. novembra 2021 alebo sk\u00f4r \u2013 vr\u00e1tane \u00faloh, dungeonov, bossov, zbran\u00ed, k\u00faziel a \u010fal\u0161ieho.<\/p>\n<p><\/p>\n<h1>Creation Kit<\/h1>\n<\/p>\n<p><\/p>\n<h1>O hre<\/h1>\n<p>Hra The Elder Scrolls V: Skyrim Special Edition, ktor\u00e1 z\u00edskala viac ako 200 ocenen\u00ed Hra roka, o\u017eivuje epick\u00fa fant\u00e1ziu v ohromuj\u00facich detailoch. \u0160peci\u00e1lna ed\u00edcia obsahuje kriticky uzn\u00e1van\u00fa hru a doplnky s \u00faplne nov\u00fdmi funkciami, ako s\u00fa remastrovan\u00e9 grafika a efekty, volumetrick\u00e9 bo\u017esk\u00e9 l\u00fa\u010de, dynamick\u00e1 h\u013abka ostrosti, odrazy na obrazovke a \u010fal\u0161ie.<\/p>\n<p>Skyrim Special Edition prin\u00e1\u0161a silu Bethesda Game Studios Creations aj na PC a konzoly. Nov\u00e9 \u00falohy, prostredia, postavy, dial\u00f3gy, brnenia, zbrane a \u010fal\u0161ie \u2013 s Creations nie s\u00fa \u017eiadne obmedzenia toho, \u010do m\u00f4\u017eete za\u017ei\u0165.<\/p>\n","protected":false},"excerpt":{"rendered":"<p>Hra The Elder Scrolls V: Skyrim Special Edition, ktor\u00e1 z\u00edskala viac ako 200 ocenen\u00ed Hra roka, o\u017eivuje epick\u00fa fant\u00e1ziu v ohromuj\u00facich detailoch. \u0160peci\u00e1lna ed\u00edcia obsahuje kriticky uzn\u00e1van\u00fa hru a doplnky s \u00faplne nov\u00fdmi funkciami.<\/p>\n","protected":false},"featured_media":17517,"comment_status":"open","ping_status":"closed","template":"","meta":{"_acf_changed":false},"product_brand":[],"product_cat":[419,431,398,400],"product_tag":[],"class_list":{"0":"post-95465","1":"product","2":"type-product","3":"status-publish","4":"has-post-thumbnail","6":"product_cat-adventury-xbox-one-sk","7":"product_cat-rpg-xbox-one-sk","8":"product_cat-xbox-hry-sk","9":"product_cat-xbox-one-sk","10":"pa_audio-de-de","11":"pa_audio-en-us","12":"pa_audio-es-es","13":"pa_audio-fr-fr","14":"pa_audio-it-it","15":"pa_audio-ja-jp","16":"pa_audio-pl-pl","18":"pa_audio-ru-ru","20":"pa_countries-at","21":"pa_countries-be","22":"pa_countries-bg","23":"pa_countries-cy","24":"pa_countries-cz","26":"pa_countries-de","27":"pa_countries-dk","28":"pa_countries-ee","29":"pa_countries-es","30":"pa_countries-fi","31":"pa_countries-fr","32":"pa_countries-gr","33":"pa_countries-hu","34":"pa_countries-ie","35":"pa_countries-it","36":"pa_countries-lt","37":"pa_countries-lu","38":"pa_countries-lv","39":"pa_countries-mt","40":"pa_countries-nl","41":"pa_countries-pl","42":"pa_countries-pt","43":"pa_countries-ro","44":"pa_countries-se","45":"pa_countries-si","46":"pa_countries-sk","48":"pa_developer-bethesda-game-studios","50":"pa_engine-creation-engine","52":"pa_franchises-the-elder-scrolls","54":"pa_game_type-remaster","56":"pa_genres-adventure","58":"pa_genres-role-playing-rpg","60":"pa_interface-de-de","61":"pa_interface-en-us","62":"pa_interface-es-es","63":"pa_interface-fr-fr","64":"pa_interface-it-it","65":"pa_interface-ja-jp","67":"pa_interface-pl-pl","68":"pa_interface-ru-ru","70":"pa_interface-zh-tw","71":"pa_keywords-4k-ultra-hd","73":"pa_keywords-exploration","74":"pa_keywords-mod-support","75":"pa_keywords-xbox-one-x-enhanced","77":"pa_modes-single-player","79":"pa_pegi-13426","80":"pa_pegi-794","81":"pa_platform-xbox-one","83":"pa_player_perspectives-first-person","85":"pa_player_perspectives-third-person","87":"pa_publisher-bethesda-softworks","89":"pa_rating-14506","90":"pa_rating-1334","91":"pa_region-europe","93":"pa_subtitles-de-de","95":"pa_subtitles-en-us","96":"pa_subtitles-es-es","97":"pa_subtitles-fr-fr","98":"pa_subtitles-it-it","99":"pa_subtitles-ja-jp","100":"pa_subtitles-pl-pl","101":"pa_subtitles-ru-ru","103":"pa_subtitles-zh-tw","104":"pa_themes-action","105":"pa_themes-fantasy","107":"pa_themes-historical","109":"pa_themes-open-world","110":"pa_themes-sandbox","112":"first","113":"instock","114":"virtual","115":"taxable","116":"purchasable","117":"product-type-simple"},"yoast_head":"<!-- This site is optimized with the Yoast SEO plugin v27.3 - https:\/\/yoast.com\/product\/yoast-seo-wordpress\/ -->\n<title>The Elder Scrolls V: Skyrim - Special Edition | BeGamer.cz<\/title>\n<meta name=\"robots\" content=\"index, follow, max-snippet:-1, max-image-preview:large, max-video-preview:-1\" \/>\n<link rel=\"canonical\" href=\"https:\/\/begamer.cz\/sk\/produkt\/the-elder-scrolls-v-skyrim-special-edition-sk\/\" \/>\n<meta property=\"og:locale\" content=\"sk_SK\" \/>\n<meta property=\"og:type\" content=\"article\" \/>\n<meta property=\"og:title\" content=\"The Elder Scrolls V: Skyrim - Special Edition | BeGamer.cz\" \/>\n<meta property=\"og:description\" content=\"Hra The Elder Scrolls V: Skyrim Special Edition, ktor\u00e1 z\u00edskala viac ako 200 ocenen\u00ed Hra roka, o\u017eivuje epick\u00fa fant\u00e1ziu v ohromuj\u00facich detailoch. \u0160peci\u00e1lna ed\u00edcia obsahuje kriticky uzn\u00e1van\u00fa hru a doplnky s \u00faplne nov\u00fdmi funkciami.\" \/>\n<meta property=\"og:url\" content=\"https:\/\/begamer.cz\/sk\/produkt\/the-elder-scrolls-v-skyrim-special-edition-sk\/\" \/>\n<meta property=\"og:site_name\" content=\"BeGamer.cz\" \/>\n<meta property=\"article:modified_time\" content=\"2026-03-18T03:34:15+00:00\" \/>\n<meta property=\"og:image\" content=\"https:\/\/begamer.cz\/wp-content\/uploads\/2026\/01\/the-elder-scrolls-v-skyrim-special-edition-5.webp\" \/>\n\t<meta property=\"og:image:width\" content=\"300\" \/>\n\t<meta property=\"og:image:height\" content=\"400\" \/>\n\t<meta property=\"og:image:type\" content=\"image\/webp\" \/>\n<meta name=\"twitter:card\" content=\"summary_large_image\" \/>\n<meta name=\"twitter:label1\" content=\"Predpokladan\u00fd \u010das \u010d\u00edtania\" \/>\n\t<meta name=\"twitter:data1\" content=\"1 min\u00fata\" \/>\n<script type=\"application\/ld+json\" class=\"yoast-schema-graph\">{\"@context\":\"https:\\\/\\\/schema.org\",\"@graph\":[{\"@type\":\"WebPage\",\"@id\":\"https:\\\/\\\/begamer.cz\\\/sk\\\/produkt\\\/the-elder-scrolls-v-skyrim-special-edition-sk\\\/\",\"url\":\"https:\\\/\\\/begamer.cz\\\/sk\\\/produkt\\\/the-elder-scrolls-v-skyrim-special-edition-sk\\\/\",\"name\":\"The Elder Scrolls V: Skyrim - Special Edition | BeGamer.cz\",\"isPartOf\":{\"@id\":\"https:\\\/\\\/begamer.cz\\\/sk\\\/#website\"},\"primaryImageOfPage\":{\"@id\":\"https:\\\/\\\/begamer.cz\\\/sk\\\/produkt\\\/the-elder-scrolls-v-skyrim-special-edition-sk\\\/#primaryimage\"},\"image\":{\"@id\":\"https:\\\/\\\/begamer.cz\\\/sk\\\/produkt\\\/the-elder-scrolls-v-skyrim-special-edition-sk\\\/#primaryimage\"},\"thumbnailUrl\":\"https:\\\/\\\/begamer.cz\\\/wp-content\\\/uploads\\\/2026\\\/01\\\/the-elder-scrolls-v-skyrim-special-edition-5.webp\",\"datePublished\":\"2026-01-30T15:20:47+00:00\",\"dateModified\":\"2026-03-18T03:34:15+00:00\",\"breadcrumb\":{\"@id\":\"https:\\\/\\\/begamer.cz\\\/sk\\\/produkt\\\/the-elder-scrolls-v-skyrim-special-edition-sk\\\/#breadcrumb\"},\"inLanguage\":\"sk-SK\",\"potentialAction\":[{\"@type\":\"ReadAction\",\"target\":[\"https:\\\/\\\/begamer.cz\\\/sk\\\/produkt\\\/the-elder-scrolls-v-skyrim-special-edition-sk\\\/\"]}]},{\"@type\":\"ImageObject\",\"inLanguage\":\"sk-SK\",\"@id\":\"https:\\\/\\\/begamer.cz\\\/sk\\\/produkt\\\/the-elder-scrolls-v-skyrim-special-edition-sk\\\/#primaryimage\",\"url\":\"https:\\\/\\\/begamer.cz\\\/wp-content\\\/uploads\\\/2026\\\/01\\\/the-elder-scrolls-v-skyrim-special-edition-5.webp\",\"contentUrl\":\"https:\\\/\\\/begamer.cz\\\/wp-content\\\/uploads\\\/2026\\\/01\\\/the-elder-scrolls-v-skyrim-special-edition-5.webp\",\"width\":300,\"height\":400},{\"@type\":\"BreadcrumbList\",\"@id\":\"https:\\\/\\\/begamer.cz\\\/sk\\\/produkt\\\/the-elder-scrolls-v-skyrim-special-edition-sk\\\/#breadcrumb\",\"itemListElement\":[{\"@type\":\"ListItem\",\"position\":1,\"name\":\"Domov\",\"item\":\"https:\\\/\\\/begamer.cz\\\/sk\\\/\"},{\"@type\":\"ListItem\",\"position\":2,\"name\":\"Obchod\",\"item\":\"https:\\\/\\\/begamer.cz\\\/obchod\\\/\"},{\"@type\":\"ListItem\",\"position\":3,\"name\":\"The Elder Scrolls V: Skyrim \u2013 Special Edition\"}]},{\"@type\":\"WebSite\",\"@id\":\"https:\\\/\\\/begamer.cz\\\/sk\\\/#website\",\"url\":\"https:\\\/\\\/begamer.cz\\\/sk\\\/\",\"name\":\"BeGamer.cz\",\"description\":\"\",\"publisher\":{\"@id\":\"https:\\\/\\\/begamer.cz\\\/sk\\\/#organization\"},\"potentialAction\":[{\"@type\":\"SearchAction\",\"target\":{\"@type\":\"EntryPoint\",\"urlTemplate\":\"https:\\\/\\\/begamer.cz\\\/sk\\\/?s={search_term_string}\"},\"query-input\":{\"@type\":\"PropertyValueSpecification\",\"valueRequired\":true,\"valueName\":\"search_term_string\"}}],\"inLanguage\":\"sk-SK\"},{\"@type\":\"Organization\",\"@id\":\"https:\\\/\\\/begamer.cz\\\/sk\\\/#organization\",\"name\":\"BeGamer.cz\",\"url\":\"https:\\\/\\\/begamer.cz\\\/sk\\\/\",\"logo\":{\"@type\":\"ImageObject\",\"inLanguage\":\"sk-SK\",\"@id\":\"https:\\\/\\\/begamer.cz\\\/sk\\\/#\\\/schema\\\/logo\\\/image\\\/\",\"url\":\"https:\\\/\\\/begamer.cz\\\/wp-content\\\/uploads\\\/2025\\\/07\\\/logo.svg\",\"contentUrl\":\"https:\\\/\\\/begamer.cz\\\/wp-content\\\/uploads\\\/2025\\\/07\\\/logo.svg\",\"caption\":\"BeGamer.cz\"},\"image\":{\"@id\":\"https:\\\/\\\/begamer.cz\\\/sk\\\/#\\\/schema\\\/logo\\\/image\\\/\"}}]}<\/script>\n<!-- \/ Yoast SEO plugin. -->","yoast_head_json":{"title":"The Elder Scrolls V: Skyrim - Special Edition | BeGamer.cz","robots":{"index":"index","follow":"follow","max-snippet":"max-snippet:-1","max-image-preview":"max-image-preview:large","max-video-preview":"max-video-preview:-1"},"canonical":"https:\/\/begamer.cz\/sk\/produkt\/the-elder-scrolls-v-skyrim-special-edition-sk\/","og_locale":"sk_SK","og_type":"article","og_title":"The Elder Scrolls V: Skyrim - Special Edition | BeGamer.cz","og_description":"Hra The Elder Scrolls V: Skyrim Special Edition, ktor\u00e1 z\u00edskala viac ako 200 ocenen\u00ed Hra roka, o\u017eivuje epick\u00fa fant\u00e1ziu v ohromuj\u00facich detailoch. \u0160peci\u00e1lna ed\u00edcia obsahuje kriticky uzn\u00e1van\u00fa hru a doplnky s \u00faplne nov\u00fdmi funkciami.","og_url":"https:\/\/begamer.cz\/sk\/produkt\/the-elder-scrolls-v-skyrim-special-edition-sk\/","og_site_name":"BeGamer.cz","article_modified_time":"2026-03-18T03:34:15+00:00","og_image":[{"width":300,"height":400,"url":"https:\/\/begamer.cz\/wp-content\/uploads\/2026\/01\/the-elder-scrolls-v-skyrim-special-edition-5.webp","type":"image\/webp"}],"twitter_card":"summary_large_image","twitter_misc":{"Predpokladan\u00fd \u010das \u010d\u00edtania":"1 min\u00fata"},"schema":{"@context":"https:\/\/schema.org","@graph":[{"@type":"WebPage","@id":"https:\/\/begamer.cz\/sk\/produkt\/the-elder-scrolls-v-skyrim-special-edition-sk\/","url":"https:\/\/begamer.cz\/sk\/produkt\/the-elder-scrolls-v-skyrim-special-edition-sk\/","name":"The Elder Scrolls V: Skyrim - Special Edition | BeGamer.cz","isPartOf":{"@id":"https:\/\/begamer.cz\/sk\/#website"},"primaryImageOfPage":{"@id":"https:\/\/begamer.cz\/sk\/produkt\/the-elder-scrolls-v-skyrim-special-edition-sk\/#primaryimage"},"image":{"@id":"https:\/\/begamer.cz\/sk\/produkt\/the-elder-scrolls-v-skyrim-special-edition-sk\/#primaryimage"},"thumbnailUrl":"https:\/\/begamer.cz\/wp-content\/uploads\/2026\/01\/the-elder-scrolls-v-skyrim-special-edition-5.webp","datePublished":"2026-01-30T15:20:47+00:00","dateModified":"2026-03-18T03:34:15+00:00","breadcrumb":{"@id":"https:\/\/begamer.cz\/sk\/produkt\/the-elder-scrolls-v-skyrim-special-edition-sk\/#breadcrumb"},"inLanguage":"sk-SK","potentialAction":[{"@type":"ReadAction","target":["https:\/\/begamer.cz\/sk\/produkt\/the-elder-scrolls-v-skyrim-special-edition-sk\/"]}]},{"@type":"ImageObject","inLanguage":"sk-SK","@id":"https:\/\/begamer.cz\/sk\/produkt\/the-elder-scrolls-v-skyrim-special-edition-sk\/#primaryimage","url":"https:\/\/begamer.cz\/wp-content\/uploads\/2026\/01\/the-elder-scrolls-v-skyrim-special-edition-5.webp","contentUrl":"https:\/\/begamer.cz\/wp-content\/uploads\/2026\/01\/the-elder-scrolls-v-skyrim-special-edition-5.webp","width":300,"height":400},{"@type":"BreadcrumbList","@id":"https:\/\/begamer.cz\/sk\/produkt\/the-elder-scrolls-v-skyrim-special-edition-sk\/#breadcrumb","itemListElement":[{"@type":"ListItem","position":1,"name":"Domov","item":"https:\/\/begamer.cz\/sk\/"},{"@type":"ListItem","position":2,"name":"Obchod","item":"https:\/\/begamer.cz\/obchod\/"},{"@type":"ListItem","position":3,"name":"The Elder Scrolls V: Skyrim \u2013 Special Edition"}]},{"@type":"WebSite","@id":"https:\/\/begamer.cz\/sk\/#website","url":"https:\/\/begamer.cz\/sk\/","name":"BeGamer.cz","description":"","publisher":{"@id":"https:\/\/begamer.cz\/sk\/#organization"},"potentialAction":[{"@type":"SearchAction","target":{"@type":"EntryPoint","urlTemplate":"https:\/\/begamer.cz\/sk\/?s={search_term_string}"},"query-input":{"@type":"PropertyValueSpecification","valueRequired":true,"valueName":"search_term_string"}}],"inLanguage":"sk-SK"},{"@type":"Organization","@id":"https:\/\/begamer.cz\/sk\/#organization","name":"BeGamer.cz","url":"https:\/\/begamer.cz\/sk\/","logo":{"@type":"ImageObject","inLanguage":"sk-SK","@id":"https:\/\/begamer.cz\/sk\/#\/schema\/logo\/image\/","url":"https:\/\/begamer.cz\/wp-content\/uploads\/2025\/07\/logo.svg","contentUrl":"https:\/\/begamer.cz\/wp-content\/uploads\/2025\/07\/logo.svg","caption":"BeGamer.cz"},"image":{"@id":"https:\/\/begamer.cz\/sk\/#\/schema\/logo\/image\/"}}]}},"acf":[],"_links":{"self":[{"href":"https:\/\/begamer.cz\/sk\/wp-json\/wp\/v2\/product\/95465","targetHints":{"allow":["GET"]}}],"collection":[{"href":"https:\/\/begamer.cz\/sk\/wp-json\/wp\/v2\/product"}],"about":[{"href":"https:\/\/begamer.cz\/sk\/wp-json\/wp\/v2\/types\/product"}],"replies":[{"embeddable":true,"href":"https:\/\/begamer.cz\/sk\/wp-json\/wp\/v2\/comments?post=95465"}],"wp:featuredmedia":[{"embeddable":true,"href":"https:\/\/begamer.cz\/sk\/wp-json\/wp\/v2\/media\/17517"}],"wp:attachment":[{"href":"https:\/\/begamer.cz\/sk\/wp-json\/wp\/v2\/media?parent=95465"}],"wp:term":[{"taxonomy":"product_brand","embeddable":true,"href":"https:\/\/begamer.cz\/sk\/wp-json\/wp\/v2\/product_brand?post=95465"},{"taxonomy":"product_cat","embeddable":true,"href":"https:\/\/begamer.cz\/sk\/wp-json\/wp\/v2\/product_cat?post=95465"},{"taxonomy":"product_tag","embeddable":true,"href":"https:\/\/begamer.cz\/sk\/wp-json\/wp\/v2\/product_tag?post=95465"}],"curies":[{"name":"wp","href":"https:\/\/api.w.org\/{rel}","templated":true}]}}