{"id":95447,"date":"2026-01-30T16:20:33","date_gmt":"2026-01-30T15:20:33","guid":{"rendered":"https:\/\/begamer.cz\/produkt\/turnip-boy-commits-tax-evasion-sk\/"},"modified":"2026-03-18T04:33:48","modified_gmt":"2026-03-18T03:33:48","slug":"turnip-boy-commits-tax-evasion-sk","status":"publish","type":"product","link":"https:\/\/begamer.cz\/sk\/produkt\/turnip-boy-commits-tax-evasion-sk\/","title":{"rendered":"Turnip Boy Commits Tax Evasion"},"content":{"rendered":"<h1>O hre<\/h1>\n<p class=\"bb_paragraph\" ><span class=\"bb_img_ctn\"><img decoding=\"async\" class=\"bb_img\" src=\"https:\/\/shared.akamai.steamstatic.com\/store_item_assets\/steam\/apps\/1205450\/extras\/f73d66889a9a9a041e3761bb125219f1.avif?t=1758380512\" width=617 height=150 \/><\/span><br \/><span class=\"bb_img_ctn\"><video class=\"bb_img\" autoplay muted loop playsinline crossorigin=\"anonymous\" poster=\"https:\/\/shared.akamai.steamstatic.com\/store_item_assets\/steam\/apps\/1205450\/extras\/f55ea5d04892660344a388a7712d73bd.poster.avif?t=1758380512\" width=600 height=200 ><source src=\"https:\/\/shared.akamai.steamstatic.com\/store_item_assets\/steam\/apps\/1205450\/extras\/f55ea5d04892660344a388a7712d73bd.webm?t=1758380512\" type=\"video\/webm; codecs=vp9\"><\/video><\/span><strong>Prevezmi kontrolu nad roztomilou re\u010fkovkou, ktor\u00e1 je absol\u00fatnou hrozbou pre spolo\u010dnos\u0165.<\/strong> Potom, \u010do si nezaplatil dane a bol si vys\u0165ahovan\u00fd zo svojho domu, mus\u00ed\u0161 sa vyda\u0165 na epick\u00fa v\u00fdpravu, aby si splatil svoj obrovsk\u00fd dlh starostovi Onionovi. Rie\u0161 rastlinn\u00e9 h\u00e1danky, stret\u00e1vaj sa s excentrickou zeleninou a ovoc\u00edm a bojuj proti ve\u013ek\u00fdm aj mal\u00fdm zvierat\u00e1m. Po\u010das cesty odha\u013e, \u010do kaz\u00ed t\u00fato z\u00e1hradn\u00fa komunitu, a povsta\u0148, aby si zvrhol skorumpovan\u00fa zeleninov\u00fa vl\u00e1du! <\/p>\n<p class=\"bb_paragraph\" >\n<p class=\"bb_paragraph\" ><span class=\"bb_img_ctn\"><img decoding=\"async\" class=\"bb_img\" src=\"https:\/\/shared.akamai.steamstatic.com\/store_item_assets\/steam\/apps\/1205450\/extras\/c65e6c71be336e57a80f6fb574c6eceb.avif?t=1758380512\" width=617 height=151 \/><\/span><\/p>\n<p class=\"bb_paragraph\" >\n<h2 class=\"bb_tag\" ><strong>&#8211; Vzru\u0161uj\u00face dobrodru\u017estvo pre jedn\u00e9ho hr\u00e1\u010da pln\u00e9 da\u0148ov\u00fdch \u00fanikov, drobn\u00fdch zlo\u010dinov a \u010fal\u0161\u00edch vec\u00ed.<\/strong><br \/><span class=\"bb_img_ctn\"><video class=\"bb_img\" autoplay muted loop playsinline crossorigin=\"anonymous\" poster=\"https:\/\/shared.akamai.steamstatic.com\/store_item_assets\/steam\/apps\/1205450\/extras\/dde4d7a71143ff9b4622209701c4025a.poster.avif?t=1758380512\" width=600 height=200 ><source src=\"https:\/\/shared.akamai.steamstatic.com\/store_item_assets\/steam\/apps\/1205450\/extras\/dde4d7a71143ff9b4622209701c4025a.webm?t=1758380512\" type=\"video\/webm; codecs=vp9\"><\/video><\/span><\/h2>\n<h2 class=\"bb_tag\" ><strong>&#8211; Ve\u013ek\u00e9 mno\u017estvo podiv\u00ednskych post\u00e1v zalo\u017een\u00fdch na potravin\u00e1ch, z ktor\u00fdch ka\u017ed\u00e1 m\u00e1 svoj vlastn\u00fd pr\u00edbeh a probl\u00e9my.<\/strong><br \/><span class=\"bb_img_ctn\"><video class=\"bb_img\" autoplay muted loop playsinline crossorigin=\"anonymous\" poster=\"https:\/\/shared.akamai.steamstatic.com\/store_item_assets\/steam\/apps\/1205450\/extras\/e1ee88e1862e83bcbd37cc6773295b3a.poster.avif?t=1758380512\" width=600 height=200 ><source src=\"https:\/\/shared.akamai.steamstatic.com\/store_item_assets\/steam\/apps\/1205450\/extras\/e1ee88e1862e83bcbd37cc6773295b3a.webm?t=1758380512\" type=\"video\/webm; codecs=vp9\"><\/video><\/span><\/h2>\n<h2 class=\"bb_tag\" ><strong>&#8211; Tuny da\u0148ov\u00fdch dokumentov, ktor\u00e9 m\u00f4\u017eete roztrha\u0165, \u010d\u00edm zma\u017eete svoje papierov\u00e9 stopy a potenci\u00e1lne zni\u010d\u00edte vl\u00e1du!<\/strong><\/h2>\n<p class=\"bb_paragraph\" ><span class=\"bb_img_ctn\"><video class=\"bb_img\" autoplay muted loop playsinline crossorigin=\"anonymous\" poster=\"https:\/\/shared.akamai.steamstatic.com\/store_item_assets\/steam\/apps\/1205450\/extras\/a3f7c1ea5aec23d57b29061c563397e8.poster.avif?t=1758380512\" width=600 height=200 ><source src=\"https:\/\/shared.akamai.steamstatic.com\/store_item_assets\/steam\/apps\/1205450\/extras\/a3f7c1ea5aec23d57b29061c563397e8.webm?t=1758380512\" type=\"video\/webm; codecs=vp9\"><\/video><\/span> <\/p>\n","protected":false},"excerpt":{"rendered":"<p>Hrajte za roztomil\u00fa, ale probl\u00e9mov\u00fa re\u010fkovku. Vyhnite sa plateniu dan\u00ed, rie\u0161te rastlinn\u00e9 h\u00e1danky, zbierajte \u00farodu a bojujte s obrovsk\u00fdmi be\u0161tiami v snahe zvrhn\u00fa\u0165 skorumpovan\u00fa zeleninov\u00fa vl\u00e1du!<\/p>\n","protected":false},"featured_media":17445,"comment_status":"open","ping_status":"closed","template":"","meta":{"_acf_changed":false},"product_brand":[],"product_cat":[270,290,268,266,308,312],"product_tag":[],"class_list":{"0":"post-95447","1":"product","2":"type-product","3":"status-publish","4":"has-post-thumbnail","6":"product_cat-adventury-pc-hry-sk","7":"product_cat-indie-hry-pc-sk","8":"product_cat-pc-sk","9":"product_cat-pc-hry-sk","10":"product_cat-rpg-pc-hry-sk","11":"product_cat-steam-pc-sk","12":"pa_countries-ad","13":"pa_countries-ae","14":"pa_countries-af","15":"pa_countries-ag","16":"pa_countries-ai","17":"pa_countries-al","18":"pa_countries-am","19":"pa_countries-ao","20":"pa_countries-aq","21":"pa_countries-ar","22":"pa_countries-as","23":"pa_countries-at","24":"pa_countries-au","25":"pa_countries-aw","26":"pa_countries-ax","27":"pa_countries-az","28":"pa_countries-ba","29":"pa_countries-bb","30":"pa_countries-bd","31":"pa_countries-be","32":"pa_countries-bf","33":"pa_countries-bg","34":"pa_countries-bh","35":"pa_countries-bi","36":"pa_countries-bj","37":"pa_countries-bl","38":"pa_countries-bm","39":"pa_countries-bn","40":"pa_countries-bo","41":"pa_countries-bq","42":"pa_countries-br","43":"pa_countries-bs","44":"pa_countries-bt","45":"pa_countries-bv","46":"pa_countries-bw","47":"pa_countries-bz","48":"pa_countries-ca","49":"pa_countries-cc","50":"pa_countries-cd","51":"pa_countries-cf","52":"pa_countries-cg","53":"pa_countries-ch","54":"pa_countries-ci","55":"pa_countries-ck","56":"pa_countries-cl","57":"pa_countries-cm","58":"pa_countries-cn","59":"pa_countries-co","60":"pa_countries-cr","61":"pa_countries-cu","62":"pa_countries-cv","63":"pa_countries-cw","64":"pa_countries-cx","65":"pa_countries-cy","66":"pa_countries-cz","67":"pa_countries-de","68":"pa_countries-dj","69":"pa_countries-dk","70":"pa_countries-dm","71":"pa_countries-do","72":"pa_countries-dz","73":"pa_countries-ec","74":"pa_countries-ee","75":"pa_countries-eg","76":"pa_countries-eh","77":"pa_countries-er","78":"pa_countries-es","79":"pa_countries-et","80":"pa_countries-fi","81":"pa_countries-fj","82":"pa_countries-fk","83":"pa_countries-fm","84":"pa_countries-fo","85":"pa_countries-fr","86":"pa_countries-ga","87":"pa_countries-gb","88":"pa_countries-gd","89":"pa_countries-ge","90":"pa_countries-gf","91":"pa_countries-gg","92":"pa_countries-gh","93":"pa_countries-gi","94":"pa_countries-gl","95":"pa_countries-gm","96":"pa_countries-gn","97":"pa_countries-gp","98":"pa_countries-gq","99":"pa_countries-gr","100":"pa_countries-gs","101":"pa_countries-gt","102":"pa_countries-gu","103":"pa_countries-gw","104":"pa_countries-gy","105":"pa_countries-hk","106":"pa_countries-hm","107":"pa_countries-hn","108":"pa_countries-hr","109":"pa_countries-ht","110":"pa_countries-hu","111":"pa_countries-id","112":"pa_countries-ie","113":"pa_countries-il","114":"pa_countries-im","115":"pa_countries-in","116":"pa_countries-io","117":"pa_countries-iq","118":"pa_countries-ir","119":"pa_countries-is","120":"pa_countries-it","121":"pa_countries-je","122":"pa_countries-jm","123":"pa_countries-jo","124":"pa_countries-jp","125":"pa_countries-ke","126":"pa_countries-kg","127":"pa_countries-kh","128":"pa_countries-ki","129":"pa_countries-km","130":"pa_countries-kn","131":"pa_countries-kp","132":"pa_countries-kr","133":"pa_countries-kw","134":"pa_countries-ky","135":"pa_countries-kz","136":"pa_countries-la","137":"pa_countries-lb","138":"pa_countries-lc","139":"pa_countries-li","140":"pa_countries-lk","141":"pa_countries-lr","142":"pa_countries-ls","143":"pa_countries-lt","144":"pa_countries-lu","145":"pa_countries-lv","146":"pa_countries-ly","147":"pa_countries-ma","148":"pa_countries-mc","149":"pa_countries-md","150":"pa_countries-me","151":"pa_countries-mf","152":"pa_countries-mg","153":"pa_countries-mh","154":"pa_countries-mk","155":"pa_countries-ml","156":"pa_countries-mm","157":"pa_countries-mn","158":"pa_countries-mo","159":"pa_countries-mp","160":"pa_countries-mq","161":"pa_countries-mr","162":"pa_countries-ms","163":"pa_countries-mt","164":"pa_countries-mu","165":"pa_countries-mv","166":"pa_countries-mw","167":"pa_countries-mx","168":"pa_countries-my","169":"pa_countries-mz","170":"pa_countries-na","171":"pa_countries-nc","172":"pa_countries-ne","173":"pa_countries-nf","174":"pa_countries-ng","175":"pa_countries-ni","176":"pa_countries-nl","177":"pa_countries-no","178":"pa_countries-np","179":"pa_countries-nr","180":"pa_countries-nu","181":"pa_countries-nz","182":"pa_countries-om","183":"pa_countries-pa","184":"pa_countries-pe","185":"pa_countries-pf","186":"pa_countries-pg","187":"pa_countries-ph","188":"pa_countries-pk","189":"pa_countries-pl","190":"pa_countries-pm","191":"pa_countries-pn","192":"pa_countries-pr","193":"pa_countries-ps","194":"pa_countries-pt","195":"pa_countries-pw","196":"pa_countries-py","197":"pa_countries-qa","198":"pa_countries-re","199":"pa_countries-ro","200":"pa_countries-rs","201":"pa_countries-rw","202":"pa_countries-sa","203":"pa_countries-sb","204":"pa_countries-sc","205":"pa_countries-sd","206":"pa_countries-se","207":"pa_countries-sg","208":"pa_countries-sh","209":"pa_countries-si","210":"pa_countries-sj","211":"pa_countries-sk","212":"pa_countries-sl","213":"pa_countries-sm","214":"pa_countries-sn","215":"pa_countries-so","216":"pa_countries-sr","217":"pa_countries-ss","219":"pa_countries-st","220":"pa_countries-sv","221":"pa_countries-sx","222":"pa_countries-sy","223":"pa_countries-sz","224":"pa_countries-tc","225":"pa_countries-td","226":"pa_countries-tf","227":"pa_countries-tg","228":"pa_countries-th","229":"pa_countries-tj","230":"pa_countries-tk","231":"pa_countries-tl","232":"pa_countries-tm","233":"pa_countries-tn","234":"pa_countries-to","235":"pa_countries-tr","236":"pa_countries-tt","237":"pa_countries-tv","238":"pa_countries-tw","239":"pa_countries-tz","240":"pa_countries-ua","241":"pa_countries-ug","242":"pa_countries-um","243":"pa_countries-us","244":"pa_countries-uy","245":"pa_countries-uz","246":"pa_countries-va","247":"pa_countries-vc","248":"pa_countries-ve","249":"pa_countries-vg","250":"pa_countries-vi","251":"pa_countries-vn","252":"pa_countries-vu","253":"pa_countries-wf","254":"pa_countries-ws","255":"pa_countries-xk","256":"pa_countries-ye","257":"pa_countries-yt","258":"pa_countries-za","259":"pa_countries-zm","260":"pa_countries-zw","261":"pa_developer-snoozy-kazoo-2","262":"pa_developer-snoozy-kazoo","263":"pa_engine-unity","265":"pa_game_type-main_game","267":"pa_genres-adventure","268":"pa_genres-indie","269":"pa_genres-puzzle","271":"pa_genres-role-playing-rpg","272":"pa_interface-de-de","273":"pa_interface-en-gb","274":"pa_interface-en-us","275":"pa_interface-es-es","276":"pa_interface-es-mx","277":"pa_interface-fr-fr","278":"pa_interface-it-it","279":"pa_interface-ja-jp","280":"pa_interface-ko-kr","281":"pa_interface-pt-br","282":"pa_interface-pt-pt","284":"pa_interface-ru-ru","285":"pa_interface-zh-cn","286":"pa_interface-zh-tw","287":"pa_keywords-cute","289":"pa_keywords-steam-achievements","290":"pa_keywords-zelda-like","291":"pa_modes-single-player","293":"pa_pegi-13424","294":"pa_pegi-772","295":"pa_platform-pc-steam","297":"pa_player_perspectives-bird-view-isometric","299":"pa_publisher-graffiti-games","301":"pa_rating-14510","302":"pa_rating-1357","303":"pa_region-global","305":"pa_subtitles-de-de","307":"pa_subtitles-en-gb","308":"pa_subtitles-en-us","309":"pa_subtitles-es-mx","310":"pa_subtitles-fr-fr","311":"pa_subtitles-it-it","312":"pa_subtitles-ja-jp","313":"pa_subtitles-ko-kr","314":"pa_subtitles-pt-br","315":"pa_subtitles-ru-ru","316":"pa_subtitles-zh-cn","317":"pa_subtitles-zh-tw","318":"pa_themes-action","319":"pa_themes-comedy","321":"pa_themes-fantasy","323":"first","324":"instock","325":"virtual","326":"taxable","327":"purchasable","328":"product-type-simple"},"yoast_head":"<!-- This site is optimized with the Yoast SEO plugin v27.3 - https:\/\/yoast.com\/product\/yoast-seo-wordpress\/ -->\n<title>Turnip Boy Commits Tax Evasion | BeGamer.cz<\/title>\n<meta name=\"robots\" content=\"index, follow, max-snippet:-1, max-image-preview:large, max-video-preview:-1\" \/>\n<link rel=\"canonical\" href=\"https:\/\/begamer.cz\/sk\/produkt\/turnip-boy-commits-tax-evasion-sk\/\" \/>\n<meta property=\"og:locale\" content=\"sk_SK\" \/>\n<meta property=\"og:type\" content=\"article\" \/>\n<meta property=\"og:title\" content=\"Turnip Boy Commits Tax Evasion | BeGamer.cz\" \/>\n<meta property=\"og:description\" content=\"Hrajte za roztomil\u00fa, ale probl\u00e9mov\u00fa re\u010fkovku. Vyhnite sa plateniu dan\u00ed, rie\u0161te rastlinn\u00e9 h\u00e1danky, zbierajte \u00farodu a bojujte s obrovsk\u00fdmi be\u0161tiami v snahe zvrhn\u00fa\u0165 skorumpovan\u00fa zeleninov\u00fa vl\u00e1du!\" \/>\n<meta property=\"og:url\" content=\"https:\/\/begamer.cz\/sk\/produkt\/turnip-boy-commits-tax-evasion-sk\/\" \/>\n<meta property=\"og:site_name\" content=\"BeGamer.cz\" \/>\n<meta property=\"article:modified_time\" content=\"2026-03-18T03:33:48+00:00\" \/>\n<meta property=\"og:image\" content=\"https:\/\/begamer.cz\/wp-content\/uploads\/2026\/01\/turnip-boy-commits-tax-evasion-12.webp\" \/>\n\t<meta property=\"og:image:width\" content=\"300\" \/>\n\t<meta property=\"og:image:height\" content=\"400\" \/>\n\t<meta property=\"og:image:type\" content=\"image\/webp\" \/>\n<meta name=\"twitter:card\" content=\"summary_large_image\" \/>\n<meta name=\"twitter:label1\" content=\"Predpokladan\u00fd \u010das \u010d\u00edtania\" \/>\n\t<meta name=\"twitter:data1\" content=\"1 min\u00fata\" \/>\n<script type=\"application\/ld+json\" class=\"yoast-schema-graph\">{\"@context\":\"https:\\\/\\\/schema.org\",\"@graph\":[{\"@type\":\"WebPage\",\"@id\":\"https:\\\/\\\/begamer.cz\\\/sk\\\/produkt\\\/turnip-boy-commits-tax-evasion-sk\\\/\",\"url\":\"https:\\\/\\\/begamer.cz\\\/sk\\\/produkt\\\/turnip-boy-commits-tax-evasion-sk\\\/\",\"name\":\"Turnip Boy Commits Tax Evasion | BeGamer.cz\",\"isPartOf\":{\"@id\":\"https:\\\/\\\/begamer.cz\\\/sk\\\/#website\"},\"primaryImageOfPage\":{\"@id\":\"https:\\\/\\\/begamer.cz\\\/sk\\\/produkt\\\/turnip-boy-commits-tax-evasion-sk\\\/#primaryimage\"},\"image\":{\"@id\":\"https:\\\/\\\/begamer.cz\\\/sk\\\/produkt\\\/turnip-boy-commits-tax-evasion-sk\\\/#primaryimage\"},\"thumbnailUrl\":\"https:\\\/\\\/begamer.cz\\\/wp-content\\\/uploads\\\/2026\\\/01\\\/turnip-boy-commits-tax-evasion-12.webp\",\"datePublished\":\"2026-01-30T15:20:33+00:00\",\"dateModified\":\"2026-03-18T03:33:48+00:00\",\"breadcrumb\":{\"@id\":\"https:\\\/\\\/begamer.cz\\\/sk\\\/produkt\\\/turnip-boy-commits-tax-evasion-sk\\\/#breadcrumb\"},\"inLanguage\":\"sk-SK\",\"potentialAction\":[{\"@type\":\"ReadAction\",\"target\":[\"https:\\\/\\\/begamer.cz\\\/sk\\\/produkt\\\/turnip-boy-commits-tax-evasion-sk\\\/\"]}]},{\"@type\":\"ImageObject\",\"inLanguage\":\"sk-SK\",\"@id\":\"https:\\\/\\\/begamer.cz\\\/sk\\\/produkt\\\/turnip-boy-commits-tax-evasion-sk\\\/#primaryimage\",\"url\":\"https:\\\/\\\/begamer.cz\\\/wp-content\\\/uploads\\\/2026\\\/01\\\/turnip-boy-commits-tax-evasion-12.webp\",\"contentUrl\":\"https:\\\/\\\/begamer.cz\\\/wp-content\\\/uploads\\\/2026\\\/01\\\/turnip-boy-commits-tax-evasion-12.webp\",\"width\":300,\"height\":400},{\"@type\":\"BreadcrumbList\",\"@id\":\"https:\\\/\\\/begamer.cz\\\/sk\\\/produkt\\\/turnip-boy-commits-tax-evasion-sk\\\/#breadcrumb\",\"itemListElement\":[{\"@type\":\"ListItem\",\"position\":1,\"name\":\"Domov\",\"item\":\"https:\\\/\\\/begamer.cz\\\/sk\\\/\"},{\"@type\":\"ListItem\",\"position\":2,\"name\":\"Obchod\",\"item\":\"https:\\\/\\\/begamer.cz\\\/obchod\\\/\"},{\"@type\":\"ListItem\",\"position\":3,\"name\":\"Turnip Boy Commits Tax Evasion\"}]},{\"@type\":\"WebSite\",\"@id\":\"https:\\\/\\\/begamer.cz\\\/sk\\\/#website\",\"url\":\"https:\\\/\\\/begamer.cz\\\/sk\\\/\",\"name\":\"BeGamer.cz\",\"description\":\"\",\"publisher\":{\"@id\":\"https:\\\/\\\/begamer.cz\\\/sk\\\/#organization\"},\"potentialAction\":[{\"@type\":\"SearchAction\",\"target\":{\"@type\":\"EntryPoint\",\"urlTemplate\":\"https:\\\/\\\/begamer.cz\\\/sk\\\/?s={search_term_string}\"},\"query-input\":{\"@type\":\"PropertyValueSpecification\",\"valueRequired\":true,\"valueName\":\"search_term_string\"}}],\"inLanguage\":\"sk-SK\"},{\"@type\":\"Organization\",\"@id\":\"https:\\\/\\\/begamer.cz\\\/sk\\\/#organization\",\"name\":\"BeGamer.cz\",\"url\":\"https:\\\/\\\/begamer.cz\\\/sk\\\/\",\"logo\":{\"@type\":\"ImageObject\",\"inLanguage\":\"sk-SK\",\"@id\":\"https:\\\/\\\/begamer.cz\\\/sk\\\/#\\\/schema\\\/logo\\\/image\\\/\",\"url\":\"https:\\\/\\\/begamer.cz\\\/wp-content\\\/uploads\\\/2025\\\/07\\\/logo.svg\",\"contentUrl\":\"https:\\\/\\\/begamer.cz\\\/wp-content\\\/uploads\\\/2025\\\/07\\\/logo.svg\",\"caption\":\"BeGamer.cz\"},\"image\":{\"@id\":\"https:\\\/\\\/begamer.cz\\\/sk\\\/#\\\/schema\\\/logo\\\/image\\\/\"}}]}<\/script>\n<!-- \/ Yoast SEO plugin. -->","yoast_head_json":{"title":"Turnip Boy Commits Tax Evasion | BeGamer.cz","robots":{"index":"index","follow":"follow","max-snippet":"max-snippet:-1","max-image-preview":"max-image-preview:large","max-video-preview":"max-video-preview:-1"},"canonical":"https:\/\/begamer.cz\/sk\/produkt\/turnip-boy-commits-tax-evasion-sk\/","og_locale":"sk_SK","og_type":"article","og_title":"Turnip Boy Commits Tax Evasion | BeGamer.cz","og_description":"Hrajte za roztomil\u00fa, ale probl\u00e9mov\u00fa re\u010fkovku. Vyhnite sa plateniu dan\u00ed, rie\u0161te rastlinn\u00e9 h\u00e1danky, zbierajte \u00farodu a bojujte s obrovsk\u00fdmi be\u0161tiami v snahe zvrhn\u00fa\u0165 skorumpovan\u00fa zeleninov\u00fa vl\u00e1du!","og_url":"https:\/\/begamer.cz\/sk\/produkt\/turnip-boy-commits-tax-evasion-sk\/","og_site_name":"BeGamer.cz","article_modified_time":"2026-03-18T03:33:48+00:00","og_image":[{"width":300,"height":400,"url":"https:\/\/begamer.cz\/wp-content\/uploads\/2026\/01\/turnip-boy-commits-tax-evasion-12.webp","type":"image\/webp"}],"twitter_card":"summary_large_image","twitter_misc":{"Predpokladan\u00fd \u010das \u010d\u00edtania":"1 min\u00fata"},"schema":{"@context":"https:\/\/schema.org","@graph":[{"@type":"WebPage","@id":"https:\/\/begamer.cz\/sk\/produkt\/turnip-boy-commits-tax-evasion-sk\/","url":"https:\/\/begamer.cz\/sk\/produkt\/turnip-boy-commits-tax-evasion-sk\/","name":"Turnip Boy Commits Tax Evasion | BeGamer.cz","isPartOf":{"@id":"https:\/\/begamer.cz\/sk\/#website"},"primaryImageOfPage":{"@id":"https:\/\/begamer.cz\/sk\/produkt\/turnip-boy-commits-tax-evasion-sk\/#primaryimage"},"image":{"@id":"https:\/\/begamer.cz\/sk\/produkt\/turnip-boy-commits-tax-evasion-sk\/#primaryimage"},"thumbnailUrl":"https:\/\/begamer.cz\/wp-content\/uploads\/2026\/01\/turnip-boy-commits-tax-evasion-12.webp","datePublished":"2026-01-30T15:20:33+00:00","dateModified":"2026-03-18T03:33:48+00:00","breadcrumb":{"@id":"https:\/\/begamer.cz\/sk\/produkt\/turnip-boy-commits-tax-evasion-sk\/#breadcrumb"},"inLanguage":"sk-SK","potentialAction":[{"@type":"ReadAction","target":["https:\/\/begamer.cz\/sk\/produkt\/turnip-boy-commits-tax-evasion-sk\/"]}]},{"@type":"ImageObject","inLanguage":"sk-SK","@id":"https:\/\/begamer.cz\/sk\/produkt\/turnip-boy-commits-tax-evasion-sk\/#primaryimage","url":"https:\/\/begamer.cz\/wp-content\/uploads\/2026\/01\/turnip-boy-commits-tax-evasion-12.webp","contentUrl":"https:\/\/begamer.cz\/wp-content\/uploads\/2026\/01\/turnip-boy-commits-tax-evasion-12.webp","width":300,"height":400},{"@type":"BreadcrumbList","@id":"https:\/\/begamer.cz\/sk\/produkt\/turnip-boy-commits-tax-evasion-sk\/#breadcrumb","itemListElement":[{"@type":"ListItem","position":1,"name":"Domov","item":"https:\/\/begamer.cz\/sk\/"},{"@type":"ListItem","position":2,"name":"Obchod","item":"https:\/\/begamer.cz\/obchod\/"},{"@type":"ListItem","position":3,"name":"Turnip Boy Commits Tax Evasion"}]},{"@type":"WebSite","@id":"https:\/\/begamer.cz\/sk\/#website","url":"https:\/\/begamer.cz\/sk\/","name":"BeGamer.cz","description":"","publisher":{"@id":"https:\/\/begamer.cz\/sk\/#organization"},"potentialAction":[{"@type":"SearchAction","target":{"@type":"EntryPoint","urlTemplate":"https:\/\/begamer.cz\/sk\/?s={search_term_string}"},"query-input":{"@type":"PropertyValueSpecification","valueRequired":true,"valueName":"search_term_string"}}],"inLanguage":"sk-SK"},{"@type":"Organization","@id":"https:\/\/begamer.cz\/sk\/#organization","name":"BeGamer.cz","url":"https:\/\/begamer.cz\/sk\/","logo":{"@type":"ImageObject","inLanguage":"sk-SK","@id":"https:\/\/begamer.cz\/sk\/#\/schema\/logo\/image\/","url":"https:\/\/begamer.cz\/wp-content\/uploads\/2025\/07\/logo.svg","contentUrl":"https:\/\/begamer.cz\/wp-content\/uploads\/2025\/07\/logo.svg","caption":"BeGamer.cz"},"image":{"@id":"https:\/\/begamer.cz\/sk\/#\/schema\/logo\/image\/"}}]}},"acf":[],"_links":{"self":[{"href":"https:\/\/begamer.cz\/sk\/wp-json\/wp\/v2\/product\/95447","targetHints":{"allow":["GET"]}}],"collection":[{"href":"https:\/\/begamer.cz\/sk\/wp-json\/wp\/v2\/product"}],"about":[{"href":"https:\/\/begamer.cz\/sk\/wp-json\/wp\/v2\/types\/product"}],"replies":[{"embeddable":true,"href":"https:\/\/begamer.cz\/sk\/wp-json\/wp\/v2\/comments?post=95447"}],"wp:featuredmedia":[{"embeddable":true,"href":"https:\/\/begamer.cz\/sk\/wp-json\/wp\/v2\/media\/17445"}],"wp:attachment":[{"href":"https:\/\/begamer.cz\/sk\/wp-json\/wp\/v2\/media?parent=95447"}],"wp:term":[{"taxonomy":"product_brand","embeddable":true,"href":"https:\/\/begamer.cz\/sk\/wp-json\/wp\/v2\/product_brand?post=95447"},{"taxonomy":"product_cat","embeddable":true,"href":"https:\/\/begamer.cz\/sk\/wp-json\/wp\/v2\/product_cat?post=95447"},{"taxonomy":"product_tag","embeddable":true,"href":"https:\/\/begamer.cz\/sk\/wp-json\/wp\/v2\/product_tag?post=95447"}],"curies":[{"name":"wp","href":"https:\/\/api.w.org\/{rel}","templated":true}]}}