{"id":95444,"date":"2026-01-30T16:20:29","date_gmt":"2026-01-30T15:20:29","guid":{"rendered":"https:\/\/begamer.cz\/produkt\/company-of-heroes-2-sk\/"},"modified":"2026-03-18T04:33:39","modified_gmt":"2026-03-18T03:33:39","slug":"company-of-heroes-2-sk","status":"publish","type":"product","link":"https:\/\/begamer.cz\/sk\/produkt\/company-of-heroes-2-sk\/","title":{"rendered":"Company of Heroes 2"},"content":{"rendered":"<p>S\u00e9ria Company of Heroes 2, poh\u00e1\u0148an\u00e1 Essence Engine 3.0, pon\u00faka nieko\u013eko unik\u00e1tnych mechanizmov, ktor\u00e9 odme\u0148uj\u00fa prem\u00fd\u0161\u013eav\u00fdch hr\u00e1\u010dov. Od syst\u00e9mu TrueSight\u2122, ktor\u00fd emuluje zorn\u00e9 pole jednotiek, a\u017e po syst\u00e9m krytia, ktor\u00fd podporuje inteligentn\u00e9 umiest\u0148ovanie jednotiek \u2013 nehovoriac o kombinovanom pr\u00edstupe zbran\u00ed a hre s tvrd\u00fdmi a m\u00e4kk\u00fdmi protikladmi, ktor\u00e9 v\u00e1s don\u00fatia dvakr\u00e1t si rozmyslie\u0165, \u010di sa pok\u00fasite zni\u010di\u0165 tank s jednoduchou \u010datou strelcov \u2013 ka\u017ed\u00e1 hra pon\u00faka hr\u00e1\u010dom nepretr\u017eit\u00fd pr\u00fad zmyslupln\u00fdch taktick\u00fdch rozhodnut\u00ed, ktor\u00e9 m\u00f4\u017eu zvr\u00e1ti\u0165 priebeh vojny.<br \/><span class=\"bb_img_ctn\"><img decoding=\"async\" class=\"bb_img\" src=\"https:\/\/shared.akamai.steamstatic.com\/store_item_assets\/steam\/apps\/231430\/extras\/d4cd6a3f91f625303375b157ae7aafba.webp?t=1750947634\" width=1 height=1 \/><\/span><\/p>\n<h2 class=\"bb_tag\" ><strong>VYBERTE SI SVOJU BITKU<\/strong><\/h2>\n<p><strong>Pozn\u00e1mka:<\/strong> samostatn\u00e9 multiplayerov\u00e9 hry v\u00e1m umo\u017e\u0148uj\u00fa <u>hra\u0165 na akejko\u013evek mape proti komuko\u013evek,<\/u> kto vlastn\u00ed ak\u00fdko\u013evek produkt COH2.<\/p>\n<p><strong>Z\u00e1kladn\u00e1 hra Company of Heroes 2<\/strong> v\u00e1m poskytuje pr\u00edstup k dvom multiplayerov\u00fdm arm\u00e1dam z v\u00fdchodn\u00e9ho frontu: \u010cervenej arm\u00e1de (SOV) a Wehrmacht Ostheer (GER). Obsahuje tie\u017e drsn\u00fa singleplayerov\u00fa kampa\u0148, ktor\u00e1 v\u00e1m d\u00e1 \u0161ancu zozn\u00e1mi\u0165 sa so z\u00e1kladn\u00fdmi princ\u00edpmi s\u00e9rie. Vst\u00fapte do ko\u017ee sovietskeho velite\u013ea \u010cervenej arm\u00e1dy, zakopan\u00e9ho v brut\u00e1lnej vojne na fronte, aby oslobodil Matku Rusko od nepriate\u013esk\u00fdch \u00fato\u010dn\u00edkov! Prisp\u00f4sobte svoju taktiku tak, aby zoh\u013ead\u0148ovala krut\u00e9 poveternostn\u00e9 podmienky, a vyu\u017eite silu Sovietskeho imp\u00e9ria, ke\u010f si raz\u00edte cestu do Berl\u00edna.<\/p>\n<p><strong>Company of Heroes 2: The Western Front Armies<\/strong> prid\u00e1va do zoznamu hrate\u013en\u00fdch arm\u00e1d pre viacer\u00fdch hr\u00e1\u010dov dve nov\u00e9 frakcie z z\u00e1padn\u00e9ho frontu: Oberkommando West (OKW) a US Forces (USF). K\u00fdm prv\u00e1 z nich v\u00e1m d\u00e1va na staros\u0165 agres\u00edvnu a mocn\u00fa arm\u00e1du s ve\u013emi \u0161pecializovan\u00fdmi a elitn\u00fdmi jednotkami \u2013 av\u0161ak v ve\u013emi obmedzenom po\u010dte \u2013, druh\u00e1 zav\u00e1dza expedi\u010dn\u00fd zbor, ktor\u00fd umo\u017e\u0148uje r\u00f4zne pr\u00edstupy a ve\u013emi siln\u00fa kombinovan\u00fa taktiku zbran\u00ed, ale ktor\u00fd nevyhnutne trochu zaost\u00e1va v oblasti \u0165a\u017ekej v\u00fdzbroje.<\/p>\n<p><strong>Company of Heroes 2: Ardennes Assault<\/strong> pon\u00faka p\u00fatav\u00fa kampa\u0148 pre jedn\u00e9ho hr\u00e1\u010da pre frakciu USF, ktor\u00e1 sa to\u010d\u00ed okolo bitky v Arden\u00e1ch. Zapojte sa do dynamickej neline\u00e1rnej kampane v ardennej krajine, ktor\u00e1 pozost\u00e1va z 18 scen\u00e1rov, vyberte si medzi tromi ikonick\u00fdmi jednotkami, prisp\u00f4sobte ich schopnosti a zn\u00e1\u0161ajte d\u00f4sledky svojich \u010dinov, ke\u010f\u017ee celkov\u00fd stav jednotky pretrv\u00e1va medzi misiami.<\/p>\n<p><strong>Company of Heroes 2: The British Forces<\/strong> je najnov\u0161\u00edm dielom v s\u00e9rii a predstavuje t\u00fato ikonick\u00fa spojeneck\u00fa arm\u00e1du z druhej svetovej vojny (UKF). Za\u017eite jedine\u010dn\u00fd technologick\u00fd strom, ktor\u00fd hr\u00e1\u010da vyz\u00fdva, aby vyva\u017eoval neust\u00e1ly kompromis medzi mobilitou a obranou. Prekvapte svojich s\u00faperov svojimi v\u00fdvojov\u00fdmi vo\u013ebami a otvorenou konfigur\u00e1ciou hry. Vychutnajte si arm\u00e1du s charakterom a charakteristick\u00fdmi jednotkami a schopnos\u0165ami, od plame\u0148ometn\u00e9ho tanku Churchill Crocodile po klz\u00e1k RAF.<br \/><span class=\"bb_img_ctn\"><img decoding=\"async\" class=\"bb_img\" src=\"https:\/\/shared.akamai.steamstatic.com\/store_item_assets\/steam\/apps\/231430\/extras\/d4cd6a3f91f625303375b157ae7aafba.webp?t=1750947634\" width=1 height=1 \/><\/span><\/p>\n<h2 class=\"bb_tag\" ><strong>K\u013d\u00da\u010cOV\u00c9 VLASTNOSTI<\/strong><\/h2>\n<ul class=\"bb_ul\">\n<li>OCENEN\u00c1 FRANCH\u00cdZA<br \/>Pokra\u010dovanie najvy\u0161\u0161ie hodnotenej strategickej hry v\u0161etk\u00fdch \u010dias sa vracia s inovat\u00edvnym vojensk\u00fdm z\u00e1\u017eitkom, ktor\u00fd op\u00e4\u0165 redefinuje \u017e\u00e1ner strat\u00e9gi\u00ed.<\/li>\n<li>ESSENCE ENGINE 3.0<br \/>\u0160pi\u010dkov\u00e1 technol\u00f3gia, ktor\u00e1 zvy\u0161uje grafick\u00fa kvalitu a presnos\u0165 smrtiacich bojov s bezprecedentn\u00fdm syst\u00e9mom TrueSight\u2122, ultrarealistick\u00fdm dynamick\u00fdm po\u010das\u00edm ColdTech\u2122, ktor\u00e9 nav\u017edy men\u00ed strategick\u00e9 boje, a vylep\u0161en\u00fdm ni\u010den\u00edm prostredia.<\/li>\n<li>TACTICAL WARFARE<br \/>Rozv\u00edjajte a vyu\u017e\u00edvajte svoje nov\u00e9 velite\u013esk\u00e9 schopnosti a za\u017eite zbl\u00edzka brut\u00e1lnos\u0165 bojov na fronte prostredn\u00edctvom nov\u00fdch dynamick\u00fdch bojov\u00fdch takt\u00edk.<\/li>\n<li>INTENZ\u00cdVNE ONLINE BOJE<br \/>Pon\u00faka skvel\u00fd kompetit\u00edvny a kooperat\u00edvny multiplayer, ktor\u00fd fan\u00fa\u0161ikovia o\u010dak\u00e1vaj\u00fa od tejto vysoko kvalitnej a kriticky uzn\u00e1vanej s\u00e9rie.<\/li>\n<\/ul>\n<p><span class=\"bb_img_ctn\"><img decoding=\"async\" class=\"bb_img\" src=\"https:\/\/shared.akamai.steamstatic.com\/store_item_assets\/steam\/apps\/231430\/extras\/d4cd6a3f91f625303375b157ae7aafba.webp?t=1750947634\" width=1 height=1 \/><\/span><\/p>\n<h2 class=\"bb_tag\" ><strong>POROVNANIE MULTIPLAYEROV\u00ddCH ARM\u00c1D<\/strong><\/h2>\n<p>Zistite, ktor\u00e1 multiplayerov\u00e1 arm\u00e1da (a s\u00favisiaca hra\/samostatn\u00e1 hra) vyhovuje v\u00e1\u0161mu \u0161t\u00fdlu hry.<br \/><span class=\"bb_img_ctn\"><img decoding=\"async\" class=\"bb_img\" src=\"https:\/\/shared.akamai.steamstatic.com\/store_item_assets\/steam\/apps\/231430\/extras\/9c6a999b9ac5847168036eacf6fb136e.avif?t=1750947634\" width=600 height=1728 \/><\/span><\/p>\n","protected":false},"excerpt":{"rendered":"<p>Za\u017eite dokonal\u00fa platformu RTS z druhej svetovej vojny s hrou COH2 a jej samostatn\u00fdmi roz\u0161\u00edreniami. Tento bal\u00edk obsahuje z\u00e1kladn\u00fa hru, ktor\u00fa m\u00f4\u017eete n\u00e1sledne vylep\u0161i\u0165 zak\u00fapen\u00edm roz\u0161\u00edren\u00ed The Western Front Armies, Ardennes Assault a\/alebo The British Forces. Viac inform\u00e1ci\u00ed n\u00e1jdete v \u010dasti \u201eO tejto hre\u201c ni\u017e\u0161ie.<\/p>\n","protected":false},"featured_media":17403,"comment_status":"open","ping_status":"closed","template":"","meta":{"_acf_changed":false},"product_brand":[],"product_cat":[268,266,314,312,318],"product_tag":[],"class_list":{"0":"post-95444","1":"product","2":"type-product","3":"status-publish","4":"has-post-thumbnail","6":"product_cat-pc-sk","7":"product_cat-pc-hry-sk","8":"product_cat-simulatory-pc-hry-sk","9":"product_cat-steam-pc-sk","10":"product_cat-strategie-pc-hry-sk","11":"pa_audio-de-de","12":"pa_audio-en-us","13":"pa_audio-es-es","14":"pa_audio-fr-fr","15":"pa_audio-pl-pl","17":"pa_audio-ru-ru","19":"pa_countries-at","20":"pa_countries-be","21":"pa_countries-bg","22":"pa_countries-cy","23":"pa_countries-cz","25":"pa_countries-de","26":"pa_countries-dk","27":"pa_countries-ee","28":"pa_countries-es","29":"pa_countries-fi","30":"pa_countries-fr","31":"pa_countries-gr","32":"pa_countries-hr","33":"pa_countries-hu","34":"pa_countries-ie","35":"pa_countries-it","36":"pa_countries-lt","37":"pa_countries-lu","38":"pa_countries-lv","39":"pa_countries-mt","40":"pa_countries-nl","41":"pa_countries-pl","42":"pa_countries-pt","43":"pa_countries-ro","44":"pa_countries-se","45":"pa_countries-si","46":"pa_countries-sk","48":"pa_developer-feral-interactive","50":"pa_developer-relic-entertainment","52":"pa_engine-essence-engine-3","54":"pa_game_type-main_game","56":"pa_genres-real-time-strategy-rts","58":"pa_genres-simulator","59":"pa_genres-strategy","61":"pa_interface-cs-cz","62":"pa_interface-de-de","63":"pa_interface-en-us","64":"pa_interface-es-es","65":"pa_interface-fr-fr","66":"pa_interface-it-it","68":"pa_interface-pl-pl","69":"pa_interface-ru-ru","71":"pa_keywords-communism","72":"pa_keywords-cover-system","73":"pa_keywords-death","75":"pa_keywords-guerilla-warfare","76":"pa_keywords-micromanagement","77":"pa_keywords-military","78":"pa_keywords-nazis","79":"pa_keywords-panzer-iv","80":"pa_keywords-snow","82":"pa_keywords-stat-tracking","83":"pa_keywords-steam","84":"pa_keywords-steam-achievements","85":"pa_keywords-steam-leaderboards","86":"pa_keywords-steam-pre-purchase-rewards","87":"pa_keywords-steam-trading-cards","88":"pa_keywords-steam-workshop","89":"pa_keywords-tank","90":"pa_keywords-twitch-integration","91":"pa_keywords-voice-acting","92":"pa_keywords-war","93":"pa_keywords-world-war-ii-ww2","94":"pa_modes-co-operative","96":"pa_modes-multiplayer","98":"pa_modes-single-player","99":"pa_pegi-794","100":"pa_pegi-13426","101":"pa_platform-pc-steam","103":"pa_player_perspectives-bird-view-isometric","105":"pa_publisher-feral-interactive","107":"pa_publisher-sega","109":"pa_rating-773","110":"pa_rating-14441","111":"pa_region-europe","113":"pa_subtitles-cs-cz","114":"pa_subtitles-de-de","116":"pa_subtitles-en-us","117":"pa_subtitles-es-es","118":"pa_subtitles-fr-fr","119":"pa_subtitles-it-it","120":"pa_subtitles-pl-pl","121":"pa_subtitles-ru-ru","123":"pa_themes-warfare","126":"first","127":"outofstock","128":"virtual","129":"taxable","130":"purchasable","131":"product-type-simple"},"yoast_head":"<!-- This site is optimized with the Yoast SEO plugin v27.3 - https:\/\/yoast.com\/product\/yoast-seo-wordpress\/ -->\n<title>Company of Heroes 2 | BeGamer.cz<\/title>\n<meta name=\"robots\" content=\"index, follow, max-snippet:-1, max-image-preview:large, max-video-preview:-1\" \/>\n<link rel=\"canonical\" href=\"https:\/\/begamer.cz\/sk\/produkt\/company-of-heroes-2-sk\/\" \/>\n<meta property=\"og:locale\" content=\"sk_SK\" \/>\n<meta property=\"og:type\" content=\"article\" \/>\n<meta property=\"og:title\" content=\"Company of Heroes 2 | BeGamer.cz\" \/>\n<meta property=\"og:description\" content=\"Za\u017eite dokonal\u00fa platformu RTS z druhej svetovej vojny s hrou COH2 a jej samostatn\u00fdmi roz\u0161\u00edreniami. Tento bal\u00edk obsahuje z\u00e1kladn\u00fa hru, ktor\u00fa m\u00f4\u017eete n\u00e1sledne vylep\u0161i\u0165 zak\u00fapen\u00edm roz\u0161\u00edren\u00ed The Western Front Armies, Ardennes Assault a\/alebo The British Forces. Viac inform\u00e1ci\u00ed n\u00e1jdete v \u010dasti \u201eO tejto hre\u201c ni\u017e\u0161ie.\" \/>\n<meta property=\"og:url\" content=\"https:\/\/begamer.cz\/sk\/produkt\/company-of-heroes-2-sk\/\" \/>\n<meta property=\"og:site_name\" content=\"BeGamer.cz\" \/>\n<meta property=\"article:modified_time\" content=\"2026-03-18T03:33:39+00:00\" \/>\n<meta property=\"og:image\" content=\"https:\/\/begamer.cz\/wp-content\/uploads\/2026\/01\/company-of-heroes-2-5.webp\" \/>\n\t<meta property=\"og:image:width\" content=\"300\" \/>\n\t<meta property=\"og:image:height\" content=\"400\" \/>\n\t<meta property=\"og:image:type\" content=\"image\/webp\" \/>\n<meta name=\"twitter:card\" content=\"summary_large_image\" \/>\n<meta name=\"twitter:label1\" content=\"Predpokladan\u00fd \u010das \u010d\u00edtania\" \/>\n\t<meta name=\"twitter:data1\" content=\"3 min\u00faty\" \/>\n<script type=\"application\/ld+json\" class=\"yoast-schema-graph\">{\"@context\":\"https:\\\/\\\/schema.org\",\"@graph\":[{\"@type\":\"WebPage\",\"@id\":\"https:\\\/\\\/begamer.cz\\\/sk\\\/produkt\\\/company-of-heroes-2-sk\\\/\",\"url\":\"https:\\\/\\\/begamer.cz\\\/sk\\\/produkt\\\/company-of-heroes-2-sk\\\/\",\"name\":\"Company of Heroes 2 | BeGamer.cz\",\"isPartOf\":{\"@id\":\"https:\\\/\\\/begamer.cz\\\/sk\\\/#website\"},\"primaryImageOfPage\":{\"@id\":\"https:\\\/\\\/begamer.cz\\\/sk\\\/produkt\\\/company-of-heroes-2-sk\\\/#primaryimage\"},\"image\":{\"@id\":\"https:\\\/\\\/begamer.cz\\\/sk\\\/produkt\\\/company-of-heroes-2-sk\\\/#primaryimage\"},\"thumbnailUrl\":\"https:\\\/\\\/begamer.cz\\\/wp-content\\\/uploads\\\/2026\\\/01\\\/company-of-heroes-2-5.webp\",\"datePublished\":\"2026-01-30T15:20:29+00:00\",\"dateModified\":\"2026-03-18T03:33:39+00:00\",\"breadcrumb\":{\"@id\":\"https:\\\/\\\/begamer.cz\\\/sk\\\/produkt\\\/company-of-heroes-2-sk\\\/#breadcrumb\"},\"inLanguage\":\"sk-SK\",\"potentialAction\":[{\"@type\":\"ReadAction\",\"target\":[\"https:\\\/\\\/begamer.cz\\\/sk\\\/produkt\\\/company-of-heroes-2-sk\\\/\"]}]},{\"@type\":\"ImageObject\",\"inLanguage\":\"sk-SK\",\"@id\":\"https:\\\/\\\/begamer.cz\\\/sk\\\/produkt\\\/company-of-heroes-2-sk\\\/#primaryimage\",\"url\":\"https:\\\/\\\/begamer.cz\\\/wp-content\\\/uploads\\\/2026\\\/01\\\/company-of-heroes-2-5.webp\",\"contentUrl\":\"https:\\\/\\\/begamer.cz\\\/wp-content\\\/uploads\\\/2026\\\/01\\\/company-of-heroes-2-5.webp\",\"width\":300,\"height\":400},{\"@type\":\"BreadcrumbList\",\"@id\":\"https:\\\/\\\/begamer.cz\\\/sk\\\/produkt\\\/company-of-heroes-2-sk\\\/#breadcrumb\",\"itemListElement\":[{\"@type\":\"ListItem\",\"position\":1,\"name\":\"Domov\",\"item\":\"https:\\\/\\\/begamer.cz\\\/sk\\\/\"},{\"@type\":\"ListItem\",\"position\":2,\"name\":\"Obchod\",\"item\":\"https:\\\/\\\/begamer.cz\\\/obchod\\\/\"},{\"@type\":\"ListItem\",\"position\":3,\"name\":\"Company of Heroes 2\"}]},{\"@type\":\"WebSite\",\"@id\":\"https:\\\/\\\/begamer.cz\\\/sk\\\/#website\",\"url\":\"https:\\\/\\\/begamer.cz\\\/sk\\\/\",\"name\":\"BeGamer.cz\",\"description\":\"\",\"publisher\":{\"@id\":\"https:\\\/\\\/begamer.cz\\\/sk\\\/#organization\"},\"potentialAction\":[{\"@type\":\"SearchAction\",\"target\":{\"@type\":\"EntryPoint\",\"urlTemplate\":\"https:\\\/\\\/begamer.cz\\\/sk\\\/?s={search_term_string}\"},\"query-input\":{\"@type\":\"PropertyValueSpecification\",\"valueRequired\":true,\"valueName\":\"search_term_string\"}}],\"inLanguage\":\"sk-SK\"},{\"@type\":\"Organization\",\"@id\":\"https:\\\/\\\/begamer.cz\\\/sk\\\/#organization\",\"name\":\"BeGamer.cz\",\"url\":\"https:\\\/\\\/begamer.cz\\\/sk\\\/\",\"logo\":{\"@type\":\"ImageObject\",\"inLanguage\":\"sk-SK\",\"@id\":\"https:\\\/\\\/begamer.cz\\\/sk\\\/#\\\/schema\\\/logo\\\/image\\\/\",\"url\":\"https:\\\/\\\/begamer.cz\\\/wp-content\\\/uploads\\\/2025\\\/07\\\/logo.svg\",\"contentUrl\":\"https:\\\/\\\/begamer.cz\\\/wp-content\\\/uploads\\\/2025\\\/07\\\/logo.svg\",\"caption\":\"BeGamer.cz\"},\"image\":{\"@id\":\"https:\\\/\\\/begamer.cz\\\/sk\\\/#\\\/schema\\\/logo\\\/image\\\/\"}}]}<\/script>\n<!-- \/ Yoast SEO plugin. -->","yoast_head_json":{"title":"Company of Heroes 2 | BeGamer.cz","robots":{"index":"index","follow":"follow","max-snippet":"max-snippet:-1","max-image-preview":"max-image-preview:large","max-video-preview":"max-video-preview:-1"},"canonical":"https:\/\/begamer.cz\/sk\/produkt\/company-of-heroes-2-sk\/","og_locale":"sk_SK","og_type":"article","og_title":"Company of Heroes 2 | BeGamer.cz","og_description":"Za\u017eite dokonal\u00fa platformu RTS z druhej svetovej vojny s hrou COH2 a jej samostatn\u00fdmi roz\u0161\u00edreniami. Tento bal\u00edk obsahuje z\u00e1kladn\u00fa hru, ktor\u00fa m\u00f4\u017eete n\u00e1sledne vylep\u0161i\u0165 zak\u00fapen\u00edm roz\u0161\u00edren\u00ed The Western Front Armies, Ardennes Assault a\/alebo The British Forces. Viac inform\u00e1ci\u00ed n\u00e1jdete v \u010dasti \u201eO tejto hre\u201c ni\u017e\u0161ie.","og_url":"https:\/\/begamer.cz\/sk\/produkt\/company-of-heroes-2-sk\/","og_site_name":"BeGamer.cz","article_modified_time":"2026-03-18T03:33:39+00:00","og_image":[{"width":300,"height":400,"url":"https:\/\/begamer.cz\/wp-content\/uploads\/2026\/01\/company-of-heroes-2-5.webp","type":"image\/webp"}],"twitter_card":"summary_large_image","twitter_misc":{"Predpokladan\u00fd \u010das \u010d\u00edtania":"3 min\u00faty"},"schema":{"@context":"https:\/\/schema.org","@graph":[{"@type":"WebPage","@id":"https:\/\/begamer.cz\/sk\/produkt\/company-of-heroes-2-sk\/","url":"https:\/\/begamer.cz\/sk\/produkt\/company-of-heroes-2-sk\/","name":"Company of Heroes 2 | BeGamer.cz","isPartOf":{"@id":"https:\/\/begamer.cz\/sk\/#website"},"primaryImageOfPage":{"@id":"https:\/\/begamer.cz\/sk\/produkt\/company-of-heroes-2-sk\/#primaryimage"},"image":{"@id":"https:\/\/begamer.cz\/sk\/produkt\/company-of-heroes-2-sk\/#primaryimage"},"thumbnailUrl":"https:\/\/begamer.cz\/wp-content\/uploads\/2026\/01\/company-of-heroes-2-5.webp","datePublished":"2026-01-30T15:20:29+00:00","dateModified":"2026-03-18T03:33:39+00:00","breadcrumb":{"@id":"https:\/\/begamer.cz\/sk\/produkt\/company-of-heroes-2-sk\/#breadcrumb"},"inLanguage":"sk-SK","potentialAction":[{"@type":"ReadAction","target":["https:\/\/begamer.cz\/sk\/produkt\/company-of-heroes-2-sk\/"]}]},{"@type":"ImageObject","inLanguage":"sk-SK","@id":"https:\/\/begamer.cz\/sk\/produkt\/company-of-heroes-2-sk\/#primaryimage","url":"https:\/\/begamer.cz\/wp-content\/uploads\/2026\/01\/company-of-heroes-2-5.webp","contentUrl":"https:\/\/begamer.cz\/wp-content\/uploads\/2026\/01\/company-of-heroes-2-5.webp","width":300,"height":400},{"@type":"BreadcrumbList","@id":"https:\/\/begamer.cz\/sk\/produkt\/company-of-heroes-2-sk\/#breadcrumb","itemListElement":[{"@type":"ListItem","position":1,"name":"Domov","item":"https:\/\/begamer.cz\/sk\/"},{"@type":"ListItem","position":2,"name":"Obchod","item":"https:\/\/begamer.cz\/obchod\/"},{"@type":"ListItem","position":3,"name":"Company of Heroes 2"}]},{"@type":"WebSite","@id":"https:\/\/begamer.cz\/sk\/#website","url":"https:\/\/begamer.cz\/sk\/","name":"BeGamer.cz","description":"","publisher":{"@id":"https:\/\/begamer.cz\/sk\/#organization"},"potentialAction":[{"@type":"SearchAction","target":{"@type":"EntryPoint","urlTemplate":"https:\/\/begamer.cz\/sk\/?s={search_term_string}"},"query-input":{"@type":"PropertyValueSpecification","valueRequired":true,"valueName":"search_term_string"}}],"inLanguage":"sk-SK"},{"@type":"Organization","@id":"https:\/\/begamer.cz\/sk\/#organization","name":"BeGamer.cz","url":"https:\/\/begamer.cz\/sk\/","logo":{"@type":"ImageObject","inLanguage":"sk-SK","@id":"https:\/\/begamer.cz\/sk\/#\/schema\/logo\/image\/","url":"https:\/\/begamer.cz\/wp-content\/uploads\/2025\/07\/logo.svg","contentUrl":"https:\/\/begamer.cz\/wp-content\/uploads\/2025\/07\/logo.svg","caption":"BeGamer.cz"},"image":{"@id":"https:\/\/begamer.cz\/sk\/#\/schema\/logo\/image\/"}}]}},"acf":[],"_links":{"self":[{"href":"https:\/\/begamer.cz\/sk\/wp-json\/wp\/v2\/product\/95444","targetHints":{"allow":["GET"]}}],"collection":[{"href":"https:\/\/begamer.cz\/sk\/wp-json\/wp\/v2\/product"}],"about":[{"href":"https:\/\/begamer.cz\/sk\/wp-json\/wp\/v2\/types\/product"}],"replies":[{"embeddable":true,"href":"https:\/\/begamer.cz\/sk\/wp-json\/wp\/v2\/comments?post=95444"}],"wp:featuredmedia":[{"embeddable":true,"href":"https:\/\/begamer.cz\/sk\/wp-json\/wp\/v2\/media\/17403"}],"wp:attachment":[{"href":"https:\/\/begamer.cz\/sk\/wp-json\/wp\/v2\/media?parent=95444"}],"wp:term":[{"taxonomy":"product_brand","embeddable":true,"href":"https:\/\/begamer.cz\/sk\/wp-json\/wp\/v2\/product_brand?post=95444"},{"taxonomy":"product_cat","embeddable":true,"href":"https:\/\/begamer.cz\/sk\/wp-json\/wp\/v2\/product_cat?post=95444"},{"taxonomy":"product_tag","embeddable":true,"href":"https:\/\/begamer.cz\/sk\/wp-json\/wp\/v2\/product_tag?post=95444"}],"curies":[{"name":"wp","href":"https:\/\/api.w.org\/{rel}","templated":true}]}}