{"id":95420,"date":"2026-01-30T16:20:08","date_gmt":"2026-01-30T15:20:08","guid":{"rendered":"https:\/\/begamer.cz\/produkt\/the-lego-ninjago-movie-video-game-sk\/"},"modified":"2026-03-18T04:32:45","modified_gmt":"2026-03-18T03:32:45","slug":"the-lego-ninjago-movie-video-game-sk","status":"publish","type":"product","link":"https:\/\/begamer.cz\/sk\/produkt\/the-lego-ninjago-movie-video-game-sk\/","title":{"rendered":"The LEGO Ninjago Movie Video Game"},"content":{"rendered":"<p>Objavte svojho vn\u00fatorn\u00e9ho ninju s \u00faplne novou videohrou LEGO NINJAGO Movie! Hrajte za svojich ob\u013e\u00faben\u00fdch ninjov Lloyda, Jaya, Kaiho, Colea, Zanea, Nya a Majstra Wu a br\u00e1\u0148te ich domovsk\u00fd ostrov Ninjago pred zl\u00fdm Lordom Garmadonom a jeho \u017eralo\u010dou arm\u00e1dou. Ovl\u00e1dnite umenie Ninjagility behom po sten\u00e1ch, sk\u00e1kan\u00edm do v\u00fd\u0161ky a bojom s nepriate\u013emi Ninjaga, aby ste post\u00fapili v rebr\u00ed\u010dku a vylep\u0161ili bojov\u00e9 zru\u010dnosti ninjov. Len vo videohre LEGO NINJAGO Movie za\u017eijete film v 8 ak\u010dn\u00fdch lok\u00e1ci\u00e1ch, z ktor\u00fdch ka\u017ed\u00e1 m\u00e1 svoje vlastn\u00e9 jedine\u010dn\u00e9 Challenge Dojo. A s Battle Maps m\u00f4\u017eete hra\u0165 proti priate\u013eom a rodine v s\u00fa\u0165a\u017eiach a\u017e pre \u0161tyroch hr\u00e1\u010dov!<\/p>\n","protected":false},"excerpt":{"rendered":"<p>Objavte v sebe ninju s \u00faplne novou videohrou LEGO NINJAGO Movie! Hrajte za svojich ob\u013e\u00faben\u00fdch ninjov a br\u00e1\u0148te Ninjago pred zl\u00fdm Lordom Garmadonom. Ovl\u00e1dnite umenie Ninjagility behom po sten\u00e1ch a vysok\u00fdmi skokmi a bojujte s nepriate\u013emi, aby ste post\u00fapili v rebr\u00ed\u010dku a vylep\u0161ili bojov\u00e9 zru\u010dnosti ninjov.<\/p>\n","protected":false},"featured_media":61363,"comment_status":"open","ping_status":"closed","template":"","meta":{"_acf_changed":false},"product_brand":[],"product_cat":[270,272,268,266,312,9064],"product_tag":[],"class_list":{"0":"post-95420","1":"product","2":"type-product","3":"status-publish","4":"has-post-thumbnail","6":"product_cat-adventury-pc-hry-sk","7":"product_cat-akcni-pc-sk","8":"product_cat-pc-sk","9":"product_cat-pc-hry-sk","10":"product_cat-steam-pc-sk","11":"product_cat-strielacky-3","12":"pa_audio-de-de","13":"pa_audio-en-gb","14":"pa_audio-en-us","15":"pa_audio-es-es","16":"pa_audio-es-mx","18":"pa_audio-fr-fr","19":"pa_audio-it-it","20":"pa_audio-pl-pl","21":"pa_audio-pt-br","22":"pa_countries-ad","23":"pa_countries-ae","24":"pa_countries-af","25":"pa_countries-ag","26":"pa_countries-ai","27":"pa_countries-al","28":"pa_countries-am","29":"pa_countries-ao","30":"pa_countries-aq","31":"pa_countries-ar","32":"pa_countries-as","33":"pa_countries-at","34":"pa_countries-au","35":"pa_countries-aw","36":"pa_countries-ax","37":"pa_countries-az","38":"pa_countries-ba","39":"pa_countries-bb","40":"pa_countries-bd","41":"pa_countries-be","42":"pa_countries-bf","43":"pa_countries-bg","44":"pa_countries-bh","45":"pa_countries-bi","46":"pa_countries-bj","47":"pa_countries-bl","48":"pa_countries-bm","49":"pa_countries-bn","50":"pa_countries-bo","51":"pa_countries-bq","52":"pa_countries-br","53":"pa_countries-bs","54":"pa_countries-bt","55":"pa_countries-bv","56":"pa_countries-bw","57":"pa_countries-bz","58":"pa_countries-ca","59":"pa_countries-cc","60":"pa_countries-cd","61":"pa_countries-cf","62":"pa_countries-cg","63":"pa_countries-ch","64":"pa_countries-ci","65":"pa_countries-ck","66":"pa_countries-cl","67":"pa_countries-cm","68":"pa_countries-cn","69":"pa_countries-co","70":"pa_countries-cr","71":"pa_countries-cu","72":"pa_countries-cv","73":"pa_countries-cw","74":"pa_countries-cx","75":"pa_countries-cy","76":"pa_countries-cz","77":"pa_countries-de","78":"pa_countries-dj","79":"pa_countries-dk","80":"pa_countries-dm","81":"pa_countries-do","82":"pa_countries-dz","83":"pa_countries-ec","84":"pa_countries-ee","85":"pa_countries-eg","86":"pa_countries-eh","87":"pa_countries-er","88":"pa_countries-es","89":"pa_countries-et","90":"pa_countries-fi","91":"pa_countries-fj","92":"pa_countries-fk","93":"pa_countries-fm","94":"pa_countries-fo","95":"pa_countries-fr","96":"pa_countries-ga","97":"pa_countries-gb","98":"pa_countries-gd","99":"pa_countries-ge","100":"pa_countries-gf","101":"pa_countries-gg","102":"pa_countries-gh","103":"pa_countries-gi","104":"pa_countries-gl","105":"pa_countries-gm","106":"pa_countries-gn","107":"pa_countries-gp","108":"pa_countries-gq","109":"pa_countries-gr","110":"pa_countries-gs","111":"pa_countries-gt","112":"pa_countries-gu","113":"pa_countries-gw","114":"pa_countries-gy","115":"pa_countries-hk","116":"pa_countries-hm","117":"pa_countries-hn","118":"pa_countries-hr","119":"pa_countries-ht","120":"pa_countries-hu","121":"pa_countries-id","122":"pa_countries-ie","123":"pa_countries-il","124":"pa_countries-im","125":"pa_countries-in","126":"pa_countries-io","127":"pa_countries-iq","128":"pa_countries-ir","129":"pa_countries-is","130":"pa_countries-it","131":"pa_countries-je","132":"pa_countries-jm","133":"pa_countries-jo","134":"pa_countries-jp","135":"pa_countries-ke","136":"pa_countries-kg","137":"pa_countries-kh","138":"pa_countries-ki","139":"pa_countries-km","140":"pa_countries-kn","141":"pa_countries-kp","142":"pa_countries-kr","143":"pa_countries-kw","144":"pa_countries-ky","145":"pa_countries-kz","146":"pa_countries-la","147":"pa_countries-lb","148":"pa_countries-lc","149":"pa_countries-li","150":"pa_countries-lk","151":"pa_countries-lr","152":"pa_countries-ls","153":"pa_countries-lt","154":"pa_countries-lu","155":"pa_countries-lv","156":"pa_countries-ly","157":"pa_countries-ma","158":"pa_countries-mc","159":"pa_countries-md","160":"pa_countries-me","161":"pa_countries-mf","162":"pa_countries-mg","163":"pa_countries-mh","164":"pa_countries-mk","165":"pa_countries-ml","166":"pa_countries-mm","167":"pa_countries-mn","168":"pa_countries-mo","169":"pa_countries-mp","170":"pa_countries-mq","171":"pa_countries-mr","172":"pa_countries-ms","173":"pa_countries-mt","174":"pa_countries-mu","175":"pa_countries-mv","176":"pa_countries-mw","177":"pa_countries-mx","178":"pa_countries-my","179":"pa_countries-mz","180":"pa_countries-na","181":"pa_countries-nc","182":"pa_countries-ne","183":"pa_countries-nf","184":"pa_countries-ng","185":"pa_countries-ni","186":"pa_countries-nl","187":"pa_countries-no","188":"pa_countries-np","189":"pa_countries-nr","190":"pa_countries-nu","191":"pa_countries-nz","192":"pa_countries-om","193":"pa_countries-pa","194":"pa_countries-pe","195":"pa_countries-pf","196":"pa_countries-pg","197":"pa_countries-ph","198":"pa_countries-pk","199":"pa_countries-pl","200":"pa_countries-pm","201":"pa_countries-pn","202":"pa_countries-pr","203":"pa_countries-ps","204":"pa_countries-pt","205":"pa_countries-pw","206":"pa_countries-py","207":"pa_countries-qa","208":"pa_countries-re","209":"pa_countries-ro","210":"pa_countries-rs","211":"pa_countries-rw","212":"pa_countries-sa","213":"pa_countries-sb","214":"pa_countries-sc","215":"pa_countries-sd","216":"pa_countries-se","217":"pa_countries-sg","218":"pa_countries-sh","219":"pa_countries-si","220":"pa_countries-sj","221":"pa_countries-sk","222":"pa_countries-sl","223":"pa_countries-sm","224":"pa_countries-sn","225":"pa_countries-so","226":"pa_countries-sr","227":"pa_countries-ss","229":"pa_countries-st","230":"pa_countries-sv","231":"pa_countries-sx","232":"pa_countries-sy","233":"pa_countries-sz","234":"pa_countries-tc","235":"pa_countries-td","236":"pa_countries-tf","237":"pa_countries-tg","238":"pa_countries-th","239":"pa_countries-tj","240":"pa_countries-tk","241":"pa_countries-tl","242":"pa_countries-tm","243":"pa_countries-tn","244":"pa_countries-to","245":"pa_countries-tr","246":"pa_countries-tt","247":"pa_countries-tv","248":"pa_countries-tw","249":"pa_countries-tz","250":"pa_countries-ua","251":"pa_countries-ug","252":"pa_countries-um","253":"pa_countries-us","254":"pa_countries-uy","255":"pa_countries-uz","256":"pa_countries-va","257":"pa_countries-vc","258":"pa_countries-ve","259":"pa_countries-vg","260":"pa_countries-vi","261":"pa_countries-vn","262":"pa_countries-vu","263":"pa_countries-wf","264":"pa_countries-ws","265":"pa_countries-xk","266":"pa_countries-ye","267":"pa_countries-yt","268":"pa_countries-za","269":"pa_countries-zm","270":"pa_countries-zw","271":"pa_developer-travellers-tales","273":"pa_franchises-lego","274":"pa_franchises-lego-ninjago","276":"pa_game_type-main_game","278":"pa_genres-adventure","279":"pa_genres-hack-and-slash-beat-em-up","281":"pa_genres-shooter","282":"pa_interface-ar","283":"pa_interface-da-dk","285":"pa_interface-de-de","286":"pa_interface-en-gb","287":"pa_interface-en-us","288":"pa_interface-es-es","289":"pa_interface-es-mx","290":"pa_interface-fr-fr","291":"pa_interface-it-it","292":"pa_interface-ko-kr","293":"pa_interface-nl-nl","294":"pa_interface-pl-pl","295":"pa_interface-pt-br","296":"pa_interface-ru-ru","297":"pa_interface-zh-tw","298":"pa_keywords-androids","299":"pa_keywords-based-on-brand","300":"pa_keywords-based-on-movie","302":"pa_keywords-demon","303":"pa_keywords-demons","304":"pa_keywords-dragon","305":"pa_keywords-genie","306":"pa_keywords-lego-bricks","307":"pa_keywords-martial-arts","308":"pa_keywords-ninja","309":"pa_keywords-pirates","310":"pa_keywords-previously-on-xbox-gamepass","311":"pa_keywords-reptilian-humanoid","312":"pa_keywords-samurai","313":"pa_keywords-snake","314":"pa_modes-co-operative","315":"pa_modes-multiplayer","317":"pa_modes-single-player","318":"pa_pegi-13424","319":"pa_pegi-772","320":"pa_platform-pc-steam","322":"pa_player_perspectives-third-person","324":"pa_publisher-warner-bros-interactive-entertainment","326":"pa_rating-14454","327":"pa_rating-928","328":"pa_region-global","330":"pa_subtitles-ar","331":"pa_subtitles-da-dk","333":"pa_subtitles-de-de","334":"pa_subtitles-en-gb","335":"pa_subtitles-en-us","336":"pa_subtitles-es-es","337":"pa_subtitles-es-mx","338":"pa_subtitles-fr-fr","339":"pa_subtitles-it-it","340":"pa_subtitles-ko-kr","341":"pa_subtitles-nl-nl","342":"pa_subtitles-pl-pl","343":"pa_subtitles-pt-br","344":"pa_subtitles-ru-ru","345":"pa_subtitles-zh-tw","346":"pa_themes-action","347":"pa_themes-comedy","350":"first","351":"outofstock","352":"virtual","353":"taxable","354":"purchasable","355":"product-type-simple"},"yoast_head":"<!-- This site is optimized with the Yoast SEO plugin v27.3 - https:\/\/yoast.com\/product\/yoast-seo-wordpress\/ -->\n<title>The LEGO Ninjago Movie Video Game | BeGamer.cz<\/title>\n<meta name=\"robots\" content=\"index, follow, max-snippet:-1, max-image-preview:large, max-video-preview:-1\" \/>\n<link rel=\"canonical\" href=\"https:\/\/begamer.cz\/sk\/produkt\/the-lego-ninjago-movie-video-game-sk\/\" \/>\n<meta property=\"og:locale\" content=\"sk_SK\" \/>\n<meta property=\"og:type\" content=\"article\" \/>\n<meta property=\"og:title\" content=\"The LEGO Ninjago Movie Video Game | BeGamer.cz\" \/>\n<meta property=\"og:description\" content=\"Objavte v sebe ninju s \u00faplne novou videohrou LEGO NINJAGO Movie! Hrajte za svojich ob\u013e\u00faben\u00fdch ninjov a br\u00e1\u0148te Ninjago pred zl\u00fdm Lordom Garmadonom. Ovl\u00e1dnite umenie Ninjagility behom po sten\u00e1ch a vysok\u00fdmi skokmi a bojujte s nepriate\u013emi, aby ste post\u00fapili v rebr\u00ed\u010dku a vylep\u0161ili bojov\u00e9 zru\u010dnosti ninjov.\" \/>\n<meta property=\"og:url\" content=\"https:\/\/begamer.cz\/sk\/produkt\/the-lego-ninjago-movie-video-game-sk\/\" \/>\n<meta property=\"og:site_name\" content=\"BeGamer.cz\" \/>\n<meta property=\"article:modified_time\" content=\"2026-03-18T03:32:45+00:00\" \/>\n<meta property=\"og:image\" content=\"https:\/\/begamer.cz\/wp-content\/uploads\/2026\/01\/the-lego-ninjago-movie-video-game-11.webp\" \/>\n\t<meta property=\"og:image:width\" content=\"300\" \/>\n\t<meta property=\"og:image:height\" content=\"400\" \/>\n\t<meta property=\"og:image:type\" content=\"image\/webp\" \/>\n<meta name=\"twitter:card\" content=\"summary_large_image\" \/>\n<meta name=\"twitter:label1\" content=\"Predpokladan\u00fd \u010das \u010d\u00edtania\" \/>\n\t<meta name=\"twitter:data1\" content=\"1 min\u00fata\" \/>\n<script type=\"application\/ld+json\" class=\"yoast-schema-graph\">{\"@context\":\"https:\\\/\\\/schema.org\",\"@graph\":[{\"@type\":\"WebPage\",\"@id\":\"https:\\\/\\\/begamer.cz\\\/sk\\\/produkt\\\/the-lego-ninjago-movie-video-game-sk\\\/\",\"url\":\"https:\\\/\\\/begamer.cz\\\/sk\\\/produkt\\\/the-lego-ninjago-movie-video-game-sk\\\/\",\"name\":\"The LEGO Ninjago Movie Video Game | BeGamer.cz\",\"isPartOf\":{\"@id\":\"https:\\\/\\\/begamer.cz\\\/sk\\\/#website\"},\"primaryImageOfPage\":{\"@id\":\"https:\\\/\\\/begamer.cz\\\/sk\\\/produkt\\\/the-lego-ninjago-movie-video-game-sk\\\/#primaryimage\"},\"image\":{\"@id\":\"https:\\\/\\\/begamer.cz\\\/sk\\\/produkt\\\/the-lego-ninjago-movie-video-game-sk\\\/#primaryimage\"},\"thumbnailUrl\":\"https:\\\/\\\/begamer.cz\\\/wp-content\\\/uploads\\\/2026\\\/01\\\/the-lego-ninjago-movie-video-game-11.webp\",\"datePublished\":\"2026-01-30T15:20:08+00:00\",\"dateModified\":\"2026-03-18T03:32:45+00:00\",\"breadcrumb\":{\"@id\":\"https:\\\/\\\/begamer.cz\\\/sk\\\/produkt\\\/the-lego-ninjago-movie-video-game-sk\\\/#breadcrumb\"},\"inLanguage\":\"sk-SK\",\"potentialAction\":[{\"@type\":\"ReadAction\",\"target\":[\"https:\\\/\\\/begamer.cz\\\/sk\\\/produkt\\\/the-lego-ninjago-movie-video-game-sk\\\/\"]}]},{\"@type\":\"ImageObject\",\"inLanguage\":\"sk-SK\",\"@id\":\"https:\\\/\\\/begamer.cz\\\/sk\\\/produkt\\\/the-lego-ninjago-movie-video-game-sk\\\/#primaryimage\",\"url\":\"https:\\\/\\\/begamer.cz\\\/wp-content\\\/uploads\\\/2026\\\/01\\\/the-lego-ninjago-movie-video-game-11.webp\",\"contentUrl\":\"https:\\\/\\\/begamer.cz\\\/wp-content\\\/uploads\\\/2026\\\/01\\\/the-lego-ninjago-movie-video-game-11.webp\",\"width\":300,\"height\":400},{\"@type\":\"BreadcrumbList\",\"@id\":\"https:\\\/\\\/begamer.cz\\\/sk\\\/produkt\\\/the-lego-ninjago-movie-video-game-sk\\\/#breadcrumb\",\"itemListElement\":[{\"@type\":\"ListItem\",\"position\":1,\"name\":\"Domov\",\"item\":\"https:\\\/\\\/begamer.cz\\\/sk\\\/\"},{\"@type\":\"ListItem\",\"position\":2,\"name\":\"Obchod\",\"item\":\"https:\\\/\\\/begamer.cz\\\/obchod\\\/\"},{\"@type\":\"ListItem\",\"position\":3,\"name\":\"The LEGO Ninjago Movie Video Game\"}]},{\"@type\":\"WebSite\",\"@id\":\"https:\\\/\\\/begamer.cz\\\/sk\\\/#website\",\"url\":\"https:\\\/\\\/begamer.cz\\\/sk\\\/\",\"name\":\"BeGamer.cz\",\"description\":\"\",\"publisher\":{\"@id\":\"https:\\\/\\\/begamer.cz\\\/sk\\\/#organization\"},\"potentialAction\":[{\"@type\":\"SearchAction\",\"target\":{\"@type\":\"EntryPoint\",\"urlTemplate\":\"https:\\\/\\\/begamer.cz\\\/sk\\\/?s={search_term_string}\"},\"query-input\":{\"@type\":\"PropertyValueSpecification\",\"valueRequired\":true,\"valueName\":\"search_term_string\"}}],\"inLanguage\":\"sk-SK\"},{\"@type\":\"Organization\",\"@id\":\"https:\\\/\\\/begamer.cz\\\/sk\\\/#organization\",\"name\":\"BeGamer.cz\",\"url\":\"https:\\\/\\\/begamer.cz\\\/sk\\\/\",\"logo\":{\"@type\":\"ImageObject\",\"inLanguage\":\"sk-SK\",\"@id\":\"https:\\\/\\\/begamer.cz\\\/sk\\\/#\\\/schema\\\/logo\\\/image\\\/\",\"url\":\"https:\\\/\\\/begamer.cz\\\/wp-content\\\/uploads\\\/2025\\\/07\\\/logo.svg\",\"contentUrl\":\"https:\\\/\\\/begamer.cz\\\/wp-content\\\/uploads\\\/2025\\\/07\\\/logo.svg\",\"caption\":\"BeGamer.cz\"},\"image\":{\"@id\":\"https:\\\/\\\/begamer.cz\\\/sk\\\/#\\\/schema\\\/logo\\\/image\\\/\"}}]}<\/script>\n<!-- \/ Yoast SEO plugin. -->","yoast_head_json":{"title":"The LEGO Ninjago Movie Video Game | BeGamer.cz","robots":{"index":"index","follow":"follow","max-snippet":"max-snippet:-1","max-image-preview":"max-image-preview:large","max-video-preview":"max-video-preview:-1"},"canonical":"https:\/\/begamer.cz\/sk\/produkt\/the-lego-ninjago-movie-video-game-sk\/","og_locale":"sk_SK","og_type":"article","og_title":"The LEGO Ninjago Movie Video Game | BeGamer.cz","og_description":"Objavte v sebe ninju s \u00faplne novou videohrou LEGO NINJAGO Movie! Hrajte za svojich ob\u013e\u00faben\u00fdch ninjov a br\u00e1\u0148te Ninjago pred zl\u00fdm Lordom Garmadonom. Ovl\u00e1dnite umenie Ninjagility behom po sten\u00e1ch a vysok\u00fdmi skokmi a bojujte s nepriate\u013emi, aby ste post\u00fapili v rebr\u00ed\u010dku a vylep\u0161ili bojov\u00e9 zru\u010dnosti ninjov.","og_url":"https:\/\/begamer.cz\/sk\/produkt\/the-lego-ninjago-movie-video-game-sk\/","og_site_name":"BeGamer.cz","article_modified_time":"2026-03-18T03:32:45+00:00","og_image":[{"width":300,"height":400,"url":"https:\/\/begamer.cz\/wp-content\/uploads\/2026\/01\/the-lego-ninjago-movie-video-game-11.webp","type":"image\/webp"}],"twitter_card":"summary_large_image","twitter_misc":{"Predpokladan\u00fd \u010das \u010d\u00edtania":"1 min\u00fata"},"schema":{"@context":"https:\/\/schema.org","@graph":[{"@type":"WebPage","@id":"https:\/\/begamer.cz\/sk\/produkt\/the-lego-ninjago-movie-video-game-sk\/","url":"https:\/\/begamer.cz\/sk\/produkt\/the-lego-ninjago-movie-video-game-sk\/","name":"The LEGO Ninjago Movie Video Game | BeGamer.cz","isPartOf":{"@id":"https:\/\/begamer.cz\/sk\/#website"},"primaryImageOfPage":{"@id":"https:\/\/begamer.cz\/sk\/produkt\/the-lego-ninjago-movie-video-game-sk\/#primaryimage"},"image":{"@id":"https:\/\/begamer.cz\/sk\/produkt\/the-lego-ninjago-movie-video-game-sk\/#primaryimage"},"thumbnailUrl":"https:\/\/begamer.cz\/wp-content\/uploads\/2026\/01\/the-lego-ninjago-movie-video-game-11.webp","datePublished":"2026-01-30T15:20:08+00:00","dateModified":"2026-03-18T03:32:45+00:00","breadcrumb":{"@id":"https:\/\/begamer.cz\/sk\/produkt\/the-lego-ninjago-movie-video-game-sk\/#breadcrumb"},"inLanguage":"sk-SK","potentialAction":[{"@type":"ReadAction","target":["https:\/\/begamer.cz\/sk\/produkt\/the-lego-ninjago-movie-video-game-sk\/"]}]},{"@type":"ImageObject","inLanguage":"sk-SK","@id":"https:\/\/begamer.cz\/sk\/produkt\/the-lego-ninjago-movie-video-game-sk\/#primaryimage","url":"https:\/\/begamer.cz\/wp-content\/uploads\/2026\/01\/the-lego-ninjago-movie-video-game-11.webp","contentUrl":"https:\/\/begamer.cz\/wp-content\/uploads\/2026\/01\/the-lego-ninjago-movie-video-game-11.webp","width":300,"height":400},{"@type":"BreadcrumbList","@id":"https:\/\/begamer.cz\/sk\/produkt\/the-lego-ninjago-movie-video-game-sk\/#breadcrumb","itemListElement":[{"@type":"ListItem","position":1,"name":"Domov","item":"https:\/\/begamer.cz\/sk\/"},{"@type":"ListItem","position":2,"name":"Obchod","item":"https:\/\/begamer.cz\/obchod\/"},{"@type":"ListItem","position":3,"name":"The LEGO Ninjago Movie Video Game"}]},{"@type":"WebSite","@id":"https:\/\/begamer.cz\/sk\/#website","url":"https:\/\/begamer.cz\/sk\/","name":"BeGamer.cz","description":"","publisher":{"@id":"https:\/\/begamer.cz\/sk\/#organization"},"potentialAction":[{"@type":"SearchAction","target":{"@type":"EntryPoint","urlTemplate":"https:\/\/begamer.cz\/sk\/?s={search_term_string}"},"query-input":{"@type":"PropertyValueSpecification","valueRequired":true,"valueName":"search_term_string"}}],"inLanguage":"sk-SK"},{"@type":"Organization","@id":"https:\/\/begamer.cz\/sk\/#organization","name":"BeGamer.cz","url":"https:\/\/begamer.cz\/sk\/","logo":{"@type":"ImageObject","inLanguage":"sk-SK","@id":"https:\/\/begamer.cz\/sk\/#\/schema\/logo\/image\/","url":"https:\/\/begamer.cz\/wp-content\/uploads\/2025\/07\/logo.svg","contentUrl":"https:\/\/begamer.cz\/wp-content\/uploads\/2025\/07\/logo.svg","caption":"BeGamer.cz"},"image":{"@id":"https:\/\/begamer.cz\/sk\/#\/schema\/logo\/image\/"}}]}},"acf":[],"_links":{"self":[{"href":"https:\/\/begamer.cz\/sk\/wp-json\/wp\/v2\/product\/95420","targetHints":{"allow":["GET"]}}],"collection":[{"href":"https:\/\/begamer.cz\/sk\/wp-json\/wp\/v2\/product"}],"about":[{"href":"https:\/\/begamer.cz\/sk\/wp-json\/wp\/v2\/types\/product"}],"replies":[{"embeddable":true,"href":"https:\/\/begamer.cz\/sk\/wp-json\/wp\/v2\/comments?post=95420"}],"wp:featuredmedia":[{"embeddable":true,"href":"https:\/\/begamer.cz\/sk\/wp-json\/wp\/v2\/media\/61363"}],"wp:attachment":[{"href":"https:\/\/begamer.cz\/sk\/wp-json\/wp\/v2\/media?parent=95420"}],"wp:term":[{"taxonomy":"product_brand","embeddable":true,"href":"https:\/\/begamer.cz\/sk\/wp-json\/wp\/v2\/product_brand?post=95420"},{"taxonomy":"product_cat","embeddable":true,"href":"https:\/\/begamer.cz\/sk\/wp-json\/wp\/v2\/product_cat?post=95420"},{"taxonomy":"product_tag","embeddable":true,"href":"https:\/\/begamer.cz\/sk\/wp-json\/wp\/v2\/product_tag?post=95420"}],"curies":[{"name":"wp","href":"https:\/\/api.w.org\/{rel}","templated":true}]}}