{"id":95399,"date":"2026-01-30T16:19:52","date_gmt":"2026-01-30T15:19:52","guid":{"rendered":"https:\/\/begamer.cz\/produkt\/far-cry-new-dawn-credits-pack-small-sk\/"},"modified":"2026-03-18T04:31:16","modified_gmt":"2026-03-18T03:31:16","slug":"far-cry-new-dawn-credits-pack-small-sk","status":"publish","type":"product","link":"https:\/\/begamer.cz\/sk\/produkt\/far-cry-new-dawn-credits-pack-small-sk\/","title":{"rendered":"Far Cry New Dawn Credits Pack Small"},"content":{"rendered":"<div>\n<h2>Far Cry New Dawn Bal\u00ed\u010dek kreditov Small<\/h2>\n<p>Odomknite nov\u00fd potenci\u00e1l v nap\u00ednavom postapokalyptickom prostred\u00ed hry Far Cry New Dawn s bal\u00ed\u010dkom kreditov Small. Tento bal\u00ed\u010dek v\u00e1m poskytuje cenn\u00e9 mno\u017estvo kreditov v hre, v\u010faka ktor\u00fdm m\u00f4\u017eete r\u00fdchlo vylep\u0161i\u0165 svoj arzen\u00e1l, v\u00fdbavu a celkov\u00fa bojov\u00fa efektivitu.<\/p>\n<h2>K\u013e\u00fa\u010dov\u00e9 vlastnosti a v\u00fdhody<\/h2>\n<ul>\n<li><strong>R\u00fdchle zv\u00fd\u0161enie kreditov<\/strong> \u2013 Z\u00edskajte r\u00fdchlo extra menu, aby ste ur\u00fdchlili svoj postup v hre.<\/li>\n<li><strong>Vylep\u0161ite svoje zbrane a vybavenie<\/strong> \u2013 k\u00fapte si v\u00fdkonn\u00e9 zbrane, pasce, vozidl\u00e1 a nevyhnutn\u00e9 n\u00e1stroje na pre\u017eitie.<\/li>\n<li><strong>Vylep\u0161ite svoj celkov\u00fd z\u00e1\u017eitok<\/strong> \u2013 Zv\u00fd\u0161te svoje \u0161ance na prekonanie nepriate\u013esk\u00fdch s\u00edl a prosperovanie v otvorenom svete.<\/li>\n<\/ul>\n<h2>Pre\u010do si vybra\u0165 bal\u00ed\u010dek kreditov Small?<\/h2>\n<p>Ak chcete ur\u00fdchli\u0165 svoje dobrodru\u017estvo bez zd\u013ahav\u00e9ho zbierania zdrojov, tento mal\u00fd bal\u00edk kreditov je ide\u00e1lnou vo\u013ebou. Umo\u017en\u00ed v\u00e1m r\u00fdchlo sa vybavi\u0165 a \u010deli\u0165 v\u0161etk\u00fdm v\u00fdzvam, ktor\u00e9 pon\u00faka \u017eiv\u00fd svet Hope County.<\/p>\n<p>Vst\u00fapte do sveta pln\u00e9ho nebezpe\u010denstva, pr\u00edle\u017eitost\u00ed a nekone\u010dn\u00e9ho vzru\u0161enia. Vyu\u017eite ka\u017ed\u00fd kredit m\u00fadro, aby ste maximalizovali svoje pre\u017eitie a z\u00e1bavu po\u010das svojej cesty vo Far Cry New Dawn.<\/p>\n<p><small>Niektor\u00e9 texty boli prelo\u017een\u00e9 strojovo.<\/small><\/div>\n","protected":false},"excerpt":{"rendered":"<p>Bal\u00ed\u010dek Far Cry New Dawn Credits Pack Small poskytuje r\u00fdchle zv\u00fd\u0161enie hernej meny na n\u00e1kup zbran\u00ed, v\u00fdstroja a vylep\u0161en\u00ed. Je ide\u00e1lny pre hr\u00e1\u010dov, ktor\u00ed chc\u00fa ur\u00fdchli\u0165 svoj postup v pulzuj\u00facom postapokalyptickom svete Hope County.<\/p>\n","protected":false},"featured_media":109616,"comment_status":"open","ping_status":"closed","template":"","meta":{"_acf_changed":false},"product_brand":[],"product_cat":[340,462,378,326,328,362,398,438],"product_tag":[],"class_list":{"0":"post-95399","1":"product","2":"type-product","3":"status-publish","4":"has-post-thumbnail","6":"product_cat-darcekove-karty-ps4","7":"product_cat-darcekove-karty-xbox-series-x-s-sk","8":"product_cat-darcekove-karty-ps5","9":"product_cat-playstation-hry-sk","10":"product_cat-ps4-sk","11":"product_cat-ps5-sk","12":"product_cat-xbox-hry-sk","13":"product_cat-xbox-series-x-s-sk","14":"pa_game_type-gift_card","16":"pa_platform-xbox-one","18":"pa_region-global","21":"first","22":"outofstock","23":"virtual","24":"taxable","25":"purchasable","26":"product-type-simple"},"yoast_head":"<!-- This site is optimized with the Yoast SEO plugin v27.3 - https:\/\/yoast.com\/product\/yoast-seo-wordpress\/ -->\n<title>Far Cry New Dawn Credits Pack Small | BeGamer.cz<\/title>\n<meta name=\"robots\" content=\"index, follow, max-snippet:-1, max-image-preview:large, max-video-preview:-1\" \/>\n<link rel=\"canonical\" href=\"https:\/\/begamer.cz\/sk\/produkt\/far-cry-new-dawn-credits-pack-small-sk\/\" \/>\n<meta property=\"og:locale\" content=\"sk_SK\" \/>\n<meta property=\"og:type\" content=\"article\" \/>\n<meta property=\"og:title\" content=\"Far Cry New Dawn Credits Pack Small | BeGamer.cz\" \/>\n<meta property=\"og:description\" content=\"Bal\u00ed\u010dek Far Cry New Dawn Credits Pack Small poskytuje r\u00fdchle zv\u00fd\u0161enie hernej meny na n\u00e1kup zbran\u00ed, v\u00fdstroja a vylep\u0161en\u00ed. Je ide\u00e1lny pre hr\u00e1\u010dov, ktor\u00ed chc\u00fa ur\u00fdchli\u0165 svoj postup v pulzuj\u00facom postapokalyptickom svete Hope County.\" \/>\n<meta property=\"og:url\" content=\"https:\/\/begamer.cz\/sk\/produkt\/far-cry-new-dawn-credits-pack-small-sk\/\" \/>\n<meta property=\"og:site_name\" content=\"BeGamer.cz\" \/>\n<meta property=\"article:modified_time\" content=\"2026-03-18T03:31:16+00:00\" \/>\n<meta property=\"og:image\" content=\"https:\/\/begamer.cz\/wp-content\/uploads\/2026\/01\/far-cry-new-dawn-credits-pack-small.webp\" \/>\n\t<meta property=\"og:image:width\" content=\"300\" \/>\n\t<meta property=\"og:image:height\" content=\"400\" \/>\n\t<meta property=\"og:image:type\" content=\"image\/webp\" \/>\n<meta name=\"twitter:card\" content=\"summary_large_image\" \/>\n<meta name=\"twitter:label1\" content=\"Predpokladan\u00fd \u010das \u010d\u00edtania\" \/>\n\t<meta name=\"twitter:data1\" content=\"1 min\u00fata\" \/>\n<script type=\"application\/ld+json\" class=\"yoast-schema-graph\">{\"@context\":\"https:\\\/\\\/schema.org\",\"@graph\":[{\"@type\":\"WebPage\",\"@id\":\"https:\\\/\\\/begamer.cz\\\/sk\\\/produkt\\\/far-cry-new-dawn-credits-pack-small-sk\\\/\",\"url\":\"https:\\\/\\\/begamer.cz\\\/sk\\\/produkt\\\/far-cry-new-dawn-credits-pack-small-sk\\\/\",\"name\":\"Far Cry New Dawn Credits Pack Small | BeGamer.cz\",\"isPartOf\":{\"@id\":\"https:\\\/\\\/begamer.cz\\\/sk\\\/#website\"},\"primaryImageOfPage\":{\"@id\":\"https:\\\/\\\/begamer.cz\\\/sk\\\/produkt\\\/far-cry-new-dawn-credits-pack-small-sk\\\/#primaryimage\"},\"image\":{\"@id\":\"https:\\\/\\\/begamer.cz\\\/sk\\\/produkt\\\/far-cry-new-dawn-credits-pack-small-sk\\\/#primaryimage\"},\"thumbnailUrl\":\"https:\\\/\\\/begamer.cz\\\/wp-content\\\/uploads\\\/2026\\\/01\\\/far-cry-new-dawn-credits-pack-small.webp\",\"datePublished\":\"2026-01-30T15:19:52+00:00\",\"dateModified\":\"2026-03-18T03:31:16+00:00\",\"breadcrumb\":{\"@id\":\"https:\\\/\\\/begamer.cz\\\/sk\\\/produkt\\\/far-cry-new-dawn-credits-pack-small-sk\\\/#breadcrumb\"},\"inLanguage\":\"sk-SK\",\"potentialAction\":[{\"@type\":\"ReadAction\",\"target\":[\"https:\\\/\\\/begamer.cz\\\/sk\\\/produkt\\\/far-cry-new-dawn-credits-pack-small-sk\\\/\"]}]},{\"@type\":\"ImageObject\",\"inLanguage\":\"sk-SK\",\"@id\":\"https:\\\/\\\/begamer.cz\\\/sk\\\/produkt\\\/far-cry-new-dawn-credits-pack-small-sk\\\/#primaryimage\",\"url\":\"https:\\\/\\\/begamer.cz\\\/wp-content\\\/uploads\\\/2026\\\/01\\\/far-cry-new-dawn-credits-pack-small.webp\",\"contentUrl\":\"https:\\\/\\\/begamer.cz\\\/wp-content\\\/uploads\\\/2026\\\/01\\\/far-cry-new-dawn-credits-pack-small.webp\",\"width\":300,\"height\":400},{\"@type\":\"BreadcrumbList\",\"@id\":\"https:\\\/\\\/begamer.cz\\\/sk\\\/produkt\\\/far-cry-new-dawn-credits-pack-small-sk\\\/#breadcrumb\",\"itemListElement\":[{\"@type\":\"ListItem\",\"position\":1,\"name\":\"Domov\",\"item\":\"https:\\\/\\\/begamer.cz\\\/sk\\\/\"},{\"@type\":\"ListItem\",\"position\":2,\"name\":\"Obchod\",\"item\":\"https:\\\/\\\/begamer.cz\\\/obchod\\\/\"},{\"@type\":\"ListItem\",\"position\":3,\"name\":\"Far Cry New Dawn Credits Pack Small\"}]},{\"@type\":\"WebSite\",\"@id\":\"https:\\\/\\\/begamer.cz\\\/sk\\\/#website\",\"url\":\"https:\\\/\\\/begamer.cz\\\/sk\\\/\",\"name\":\"BeGamer.cz\",\"description\":\"\",\"publisher\":{\"@id\":\"https:\\\/\\\/begamer.cz\\\/sk\\\/#organization\"},\"potentialAction\":[{\"@type\":\"SearchAction\",\"target\":{\"@type\":\"EntryPoint\",\"urlTemplate\":\"https:\\\/\\\/begamer.cz\\\/sk\\\/?s={search_term_string}\"},\"query-input\":{\"@type\":\"PropertyValueSpecification\",\"valueRequired\":true,\"valueName\":\"search_term_string\"}}],\"inLanguage\":\"sk-SK\"},{\"@type\":\"Organization\",\"@id\":\"https:\\\/\\\/begamer.cz\\\/sk\\\/#organization\",\"name\":\"BeGamer.cz\",\"url\":\"https:\\\/\\\/begamer.cz\\\/sk\\\/\",\"logo\":{\"@type\":\"ImageObject\",\"inLanguage\":\"sk-SK\",\"@id\":\"https:\\\/\\\/begamer.cz\\\/sk\\\/#\\\/schema\\\/logo\\\/image\\\/\",\"url\":\"https:\\\/\\\/begamer.cz\\\/wp-content\\\/uploads\\\/2025\\\/07\\\/logo.svg\",\"contentUrl\":\"https:\\\/\\\/begamer.cz\\\/wp-content\\\/uploads\\\/2025\\\/07\\\/logo.svg\",\"caption\":\"BeGamer.cz\"},\"image\":{\"@id\":\"https:\\\/\\\/begamer.cz\\\/sk\\\/#\\\/schema\\\/logo\\\/image\\\/\"}}]}<\/script>\n<!-- \/ Yoast SEO plugin. -->","yoast_head_json":{"title":"Far Cry New Dawn Credits Pack Small | BeGamer.cz","robots":{"index":"index","follow":"follow","max-snippet":"max-snippet:-1","max-image-preview":"max-image-preview:large","max-video-preview":"max-video-preview:-1"},"canonical":"https:\/\/begamer.cz\/sk\/produkt\/far-cry-new-dawn-credits-pack-small-sk\/","og_locale":"sk_SK","og_type":"article","og_title":"Far Cry New Dawn Credits Pack Small | BeGamer.cz","og_description":"Bal\u00ed\u010dek Far Cry New Dawn Credits Pack Small poskytuje r\u00fdchle zv\u00fd\u0161enie hernej meny na n\u00e1kup zbran\u00ed, v\u00fdstroja a vylep\u0161en\u00ed. Je ide\u00e1lny pre hr\u00e1\u010dov, ktor\u00ed chc\u00fa ur\u00fdchli\u0165 svoj postup v pulzuj\u00facom postapokalyptickom svete Hope County.","og_url":"https:\/\/begamer.cz\/sk\/produkt\/far-cry-new-dawn-credits-pack-small-sk\/","og_site_name":"BeGamer.cz","article_modified_time":"2026-03-18T03:31:16+00:00","og_image":[{"width":300,"height":400,"url":"https:\/\/begamer.cz\/wp-content\/uploads\/2026\/01\/far-cry-new-dawn-credits-pack-small.webp","type":"image\/webp"}],"twitter_card":"summary_large_image","twitter_misc":{"Predpokladan\u00fd \u010das \u010d\u00edtania":"1 min\u00fata"},"schema":{"@context":"https:\/\/schema.org","@graph":[{"@type":"WebPage","@id":"https:\/\/begamer.cz\/sk\/produkt\/far-cry-new-dawn-credits-pack-small-sk\/","url":"https:\/\/begamer.cz\/sk\/produkt\/far-cry-new-dawn-credits-pack-small-sk\/","name":"Far Cry New Dawn Credits Pack Small | BeGamer.cz","isPartOf":{"@id":"https:\/\/begamer.cz\/sk\/#website"},"primaryImageOfPage":{"@id":"https:\/\/begamer.cz\/sk\/produkt\/far-cry-new-dawn-credits-pack-small-sk\/#primaryimage"},"image":{"@id":"https:\/\/begamer.cz\/sk\/produkt\/far-cry-new-dawn-credits-pack-small-sk\/#primaryimage"},"thumbnailUrl":"https:\/\/begamer.cz\/wp-content\/uploads\/2026\/01\/far-cry-new-dawn-credits-pack-small.webp","datePublished":"2026-01-30T15:19:52+00:00","dateModified":"2026-03-18T03:31:16+00:00","breadcrumb":{"@id":"https:\/\/begamer.cz\/sk\/produkt\/far-cry-new-dawn-credits-pack-small-sk\/#breadcrumb"},"inLanguage":"sk-SK","potentialAction":[{"@type":"ReadAction","target":["https:\/\/begamer.cz\/sk\/produkt\/far-cry-new-dawn-credits-pack-small-sk\/"]}]},{"@type":"ImageObject","inLanguage":"sk-SK","@id":"https:\/\/begamer.cz\/sk\/produkt\/far-cry-new-dawn-credits-pack-small-sk\/#primaryimage","url":"https:\/\/begamer.cz\/wp-content\/uploads\/2026\/01\/far-cry-new-dawn-credits-pack-small.webp","contentUrl":"https:\/\/begamer.cz\/wp-content\/uploads\/2026\/01\/far-cry-new-dawn-credits-pack-small.webp","width":300,"height":400},{"@type":"BreadcrumbList","@id":"https:\/\/begamer.cz\/sk\/produkt\/far-cry-new-dawn-credits-pack-small-sk\/#breadcrumb","itemListElement":[{"@type":"ListItem","position":1,"name":"Domov","item":"https:\/\/begamer.cz\/sk\/"},{"@type":"ListItem","position":2,"name":"Obchod","item":"https:\/\/begamer.cz\/obchod\/"},{"@type":"ListItem","position":3,"name":"Far Cry New Dawn Credits Pack Small"}]},{"@type":"WebSite","@id":"https:\/\/begamer.cz\/sk\/#website","url":"https:\/\/begamer.cz\/sk\/","name":"BeGamer.cz","description":"","publisher":{"@id":"https:\/\/begamer.cz\/sk\/#organization"},"potentialAction":[{"@type":"SearchAction","target":{"@type":"EntryPoint","urlTemplate":"https:\/\/begamer.cz\/sk\/?s={search_term_string}"},"query-input":{"@type":"PropertyValueSpecification","valueRequired":true,"valueName":"search_term_string"}}],"inLanguage":"sk-SK"},{"@type":"Organization","@id":"https:\/\/begamer.cz\/sk\/#organization","name":"BeGamer.cz","url":"https:\/\/begamer.cz\/sk\/","logo":{"@type":"ImageObject","inLanguage":"sk-SK","@id":"https:\/\/begamer.cz\/sk\/#\/schema\/logo\/image\/","url":"https:\/\/begamer.cz\/wp-content\/uploads\/2025\/07\/logo.svg","contentUrl":"https:\/\/begamer.cz\/wp-content\/uploads\/2025\/07\/logo.svg","caption":"BeGamer.cz"},"image":{"@id":"https:\/\/begamer.cz\/sk\/#\/schema\/logo\/image\/"}}]}},"acf":[],"_links":{"self":[{"href":"https:\/\/begamer.cz\/sk\/wp-json\/wp\/v2\/product\/95399","targetHints":{"allow":["GET"]}}],"collection":[{"href":"https:\/\/begamer.cz\/sk\/wp-json\/wp\/v2\/product"}],"about":[{"href":"https:\/\/begamer.cz\/sk\/wp-json\/wp\/v2\/types\/product"}],"replies":[{"embeddable":true,"href":"https:\/\/begamer.cz\/sk\/wp-json\/wp\/v2\/comments?post=95399"}],"wp:featuredmedia":[{"embeddable":true,"href":"https:\/\/begamer.cz\/sk\/wp-json\/wp\/v2\/media\/109616"}],"wp:attachment":[{"href":"https:\/\/begamer.cz\/sk\/wp-json\/wp\/v2\/media?parent=95399"}],"wp:term":[{"taxonomy":"product_brand","embeddable":true,"href":"https:\/\/begamer.cz\/sk\/wp-json\/wp\/v2\/product_brand?post=95399"},{"taxonomy":"product_cat","embeddable":true,"href":"https:\/\/begamer.cz\/sk\/wp-json\/wp\/v2\/product_cat?post=95399"},{"taxonomy":"product_tag","embeddable":true,"href":"https:\/\/begamer.cz\/sk\/wp-json\/wp\/v2\/product_tag?post=95399"}],"curies":[{"name":"wp","href":"https:\/\/api.w.org\/{rel}","templated":true}]}}