{"id":95384,"date":"2026-01-30T16:19:35","date_gmt":"2026-01-30T15:19:35","guid":{"rendered":"https:\/\/begamer.cz\/produkt\/shadow-warrior-2-sk\/"},"modified":"2026-03-18T04:28:21","modified_gmt":"2026-03-18T03:28:21","slug":"shadow-warrior-2-sk","status":"publish","type":"product","link":"https:\/\/begamer.cz\/sk\/produkt\/shadow-warrior-2-sk\/","title":{"rendered":"Shadow Warrior 2"},"content":{"rendered":"<h1>O hre<\/h1>\n<p class=\"bb_paragraph\" >Shadow Warrior 2 je ohromuj\u00faci v\u00fdvoj netradi\u010dnej first-person strie\u013ea\u010dky od Flying Wild Hog, ktor\u00e1 nadv\u00e4zuje na \u010fal\u0161ie ne\u0161\u0165astn\u00e9 dobrodru\u017estv\u00e1 b\u00fdval\u00e9ho korpor\u00e1tneho \u0161\u00f3guna Lo Wanga. Teraz, ke\u010f pre\u017e\u00edva ako samot\u00e1rsky \u017eoldnier na okraji skazen\u00e9ho sveta, mus\u00ed tento ob\u00e1van\u00fd bojovn\u00edk op\u00e4\u0165 pou\u017ei\u0165 ni\u010div\u00fa kombin\u00e1ciu zbran\u00ed, me\u010dov, m\u00e1gie a vtipu, aby porazil d\u00e9monick\u00e9 l\u00e9gie, ktor\u00e9 ovl\u00e1dli svet. Bojujte po boku spojencov online v kooperat\u00edvnej hre pre \u0161tyroch hr\u00e1\u010dov alebo sa vydajte na cestu sami v spektakul\u00e1rnych procedur\u00e1lne generovan\u00fdch krajin\u00e1ch, aby ste splnili odv\u00e1\u017ene misie a nazbierali nov\u00e9 mocn\u00e9 zbrane, brnenia a tajomn\u00e9 legend\u00e1rne relikvie.<\/p>\n<p class=\"bb_paragraph\" >\n<h2 class=\"bb_tag\" >PR\u00cdBEH<\/h2>\n<p class=\"bb_paragraph\" >Uplynulo p\u00e4\u0165 rokov, odkedy Lo Wang rozbil spojenectvo medzi svoj\u00edm podvodn\u00fdm b\u00fdval\u00fdm \u0161\u00e9fom a starobyl\u00fdmi bohmi r\u00ed\u0161e tie\u0148ov. Napriek u\u0161\u013eachtil\u00fdm z\u00e1merom Lo Wangove snahy zni\u010di\u0165 temnotu skazili svet a vytvorili podivn\u00fd a divok\u00fd nov\u00fd poriadok, v ktorom \u013eudia a d\u00e9moni \u017eij\u00fa bok po boku. <\/p>\n<p class=\"bb_paragraph\" >\n<p class=\"bb_paragraph\" >Kedysi ob\u00e1van\u00fd bojovn\u00edk teraz \u017eije v nestabiln\u00fdch divok\u00fdch kon\u010din\u00e1ch mimo dosahu svojich nepriate\u013eov a ne\u00f3nov\u00e9ho svitu kybernetickej metropoly Zilla, kde si zar\u00e1ba na skromn\u00e9 \u017eivobytie ako n\u00e1jomn\u00fd zabijak pre miestne klany Yakuza. Ke\u010f sa jednoduch\u00e1 misia pokaz\u00ed, Lo Wang sa dostane do nestabiln\u00e9ho konfliktu medzi brilantn\u00fdm mlad\u00fdm vedcom, svoj\u00edm \u00fahlavn\u00fdm nepriate\u013eom Orochi Zillom a d\u00e9monick\u00fdmi silami, ktor\u00e9 sa usadili v na\u0161om svete. Hrdina s ostr\u00fdm jazykom mus\u00ed op\u00e4\u0165 pou\u017ei\u0165 smrtiace me\u010de, ohromuj\u00facu palebn\u00fa silu a archaick\u00fa m\u00e1giu, aby o\u010distil svet od zla.<\/p>\n<p class=\"bb_paragraph\" >\n<h2 class=\"bb_tag\" >VLASTNOSTI<\/h2>\n<p class=\"bb_paragraph\" >\n<p class=\"bb_paragraph\" ><strong>\u010cepele a gu\u013eky:<\/strong> Lo Wang prin\u00e1\u0161a svoju vlastn\u00fa brut\u00e1lnu zna\u010dku s roz\u0161\u00edrenou \u0161k\u00e1lou viac ako 70 smrtiacich \u010depel\u00ed a v\u00fdbu\u0161n\u00fdch streln\u00fdch zbran\u00ed, aby prekonal d\u00e9monick\u00fa opoz\u00edciu. Sta\u0148te sa v\u00edrom ocele a krvi s ostr\u00fdmi katanami, kr\u00e1tkymi me\u010dmi, polmesa\u010dn\u00fdmi \u010depe\u013eami a ru\u010dn\u00fdmi paz\u00farmi alebo rozp\u00fatajte pekeln\u00fa symf\u00f3niu ozdobn\u00fdch streln\u00fdch zbran\u00ed, aby ste zdecimovali svojich nepriate\u013eov.<\/p>\n<p class=\"bb_paragraph\" >\n<p class=\"bb_paragraph\" ><strong>Kooperat\u00edvna hra pre \u0161tyroch hr\u00e1\u010dov:<\/strong> Prebojujte sa rozsiahlou kampa\u0148ou sami alebo sa spojte s \u010fal\u0161\u00edmi tromi hr\u00e1\u010dmi a vytvorte online kooperat\u00edvny re\u017eim kampane. Zvl\u00e1dnite n\u00e1ro\u010dn\u00e9 prim\u00e1rne misie alebo vzru\u0161uj\u00face ved\u013eaj\u0161ie \u00falohy a z\u00e1rove\u0148 si zachovajte svoj vlastn\u00fd ninja \u0161t\u00fdl s prisp\u00f4sobite\u013enou zbrojou, predmetmi a cennou koris\u0165ou zo svojich v\u00ed\u0165azstiev.<\/p>\n<p class=\"bb_paragraph\" >\n<p class=\"bb_paragraph\" ><strong>Procedur\u00e1lne prostredia:<\/strong> Rozpor medzi \u013eudsk\u00fdm a d\u00e9monick\u00fdm svetom vytvoril medzidimenzion\u00e1lnu herniu, ktor\u00e1 m\u00e1 za n\u00e1sledok neust\u00e1le zmeny vo svete Shadow Warrior 2. Procedur\u00e1lne generovan\u00e9 krajiny a cesty prin\u00e1\u0161aj\u00fa nov\u00e9 zvraty a obraty do kedysi zn\u00e1meho ter\u00e9nu a rutinn\u00fdch misi\u00ed. <\/p>\n<p class=\"bb_paragraph\" >\n<p class=\"bb_paragraph\" ><strong>Brut\u00e1lny syst\u00e9m po\u0161kodenia:<\/strong> Vyberte si zbra\u0148 na z\u00e1klade aktu\u00e1lnej situ\u00e1cie a potom rozlo\u017ete v\u0161etko, \u010do v\u00e1m stoj\u00ed v ceste, pomocou pokro\u010dil\u00e9ho syst\u00e9mu krvav\u00fdch efektov. Pou\u017eite presn\u00e9 \u00fadery \u010depe\u013eou na oddelenie kon\u010dat\u00edn a hl\u00e1v alebo prejdite na \u0165a\u017ek\u00e9 zbrane a vyv\u0155tajte dieru priamo cez kolos\u00e1lne be\u0161tie.<\/p>\n<p class=\"bb_paragraph\" >\n<p class=\"bb_paragraph\" ><strong>Syst\u00e9m vlastn\u00fdch vylep\u0161en\u00ed:<\/strong> Vylep\u0161ujte zbrane vo svojom arzen\u00e1li a\u017e tromi kame\u0148mi naraz, aby ste zlep\u0161ili ich v\u00fdkon alebo ich posilnili ni\u010div\u00fdmi element\u00e1rnymi efektmi. Zbierajte karmu, amulety a brnenia, aby ste posilnili Lo Wangovu silu a posunuli jeho smrtiace umenie na vy\u0161\u0161\u00ed level.<\/p>\n<p class=\"bb_paragraph\" >\n<h2 class=\"bb_tag\" >S\u00e9ria Shadow Warrior<\/h2>\n<p class=\"bb_paragraph\" >\n<p class=\"bb_paragraph\" >S\u00e9ria Shadow Warrior za\u010dala v 90. rokoch hrou Shadow Warrior Classic, ktor\u00fa remastroval a na Steame vydal Devolver Digital a 3D Realms pod n\u00e1zvom Shadow Warrior Classic Redux. V roku 2013 potom Flying Wild Hog a Devolver Digital vydali odv\u00e1\u017enu reimagin\u00e1ciu legendy Lo Wanga v podobe modernej klasiky Shadow Warrior.<\/p>\n","protected":false},"excerpt":{"rendered":"<p>Shadow Warrior 2 je ohromuj\u00faci v\u00fdvoj netradi\u010dnej first-person strie\u013ea\u010dky od Flying Wild Hog, v ktorej hlavn\u00fa \u00falohu hr\u00e1 drsn\u00fd bojovn\u00edk Lo Wang, ktor\u00fd mus\u00ed op\u00e4\u0165 pou\u017ei\u0165 ni\u010div\u00fa kombin\u00e1ciu zbran\u00ed, me\u010dov, m\u00e1gie a vtipu, aby porazil d\u00e9monick\u00e9 l\u00e9gie, ktor\u00e9 ovl\u00e1dli svet.<\/p>\n","protected":false},"featured_media":61186,"comment_status":"open","ping_status":"closed","template":"","meta":{"_acf_changed":false},"product_brand":[],"product_cat":[270,294,268,266,308,312,9064],"product_tag":[],"class_list":{"0":"post-95384","1":"product","2":"type-product","3":"status-publish","4":"has-post-thumbnail","6":"product_cat-adventury-pc-hry-sk","7":"product_cat-logicke-pc-hry-sk","8":"product_cat-pc-sk","9":"product_cat-pc-hry-sk","10":"product_cat-rpg-pc-hry-sk","11":"product_cat-steam-pc-sk","12":"product_cat-strielacky-3","13":"pa_audio-en-us","15":"pa_countries-ad","16":"pa_countries-ae","17":"pa_countries-af","18":"pa_countries-ag","19":"pa_countries-ai","20":"pa_countries-al","21":"pa_countries-am","22":"pa_countries-ao","23":"pa_countries-aq","24":"pa_countries-ar","25":"pa_countries-as","26":"pa_countries-at","27":"pa_countries-au","28":"pa_countries-aw","29":"pa_countries-ax","30":"pa_countries-az","31":"pa_countries-ba","32":"pa_countries-bb","33":"pa_countries-bd","34":"pa_countries-be","35":"pa_countries-bf","36":"pa_countries-bg","37":"pa_countries-bh","38":"pa_countries-bi","39":"pa_countries-bj","40":"pa_countries-bl","41":"pa_countries-bm","42":"pa_countries-bn","43":"pa_countries-bo","44":"pa_countries-bq","45":"pa_countries-br","46":"pa_countries-bs","47":"pa_countries-bt","48":"pa_countries-bv","49":"pa_countries-bw","50":"pa_countries-bz","51":"pa_countries-ca","52":"pa_countries-cc","53":"pa_countries-cd","54":"pa_countries-cf","55":"pa_countries-cg","56":"pa_countries-ch","57":"pa_countries-ci","58":"pa_countries-ck","59":"pa_countries-cl","60":"pa_countries-cm","61":"pa_countries-cn","62":"pa_countries-co","63":"pa_countries-cr","64":"pa_countries-cu","65":"pa_countries-cv","66":"pa_countries-cw","67":"pa_countries-cx","68":"pa_countries-cy","69":"pa_countries-cz","70":"pa_countries-de","71":"pa_countries-dj","72":"pa_countries-dk","73":"pa_countries-dm","74":"pa_countries-do","75":"pa_countries-dz","76":"pa_countries-ec","77":"pa_countries-ee","78":"pa_countries-eg","79":"pa_countries-eh","80":"pa_countries-er","81":"pa_countries-es","82":"pa_countries-et","83":"pa_countries-fi","84":"pa_countries-fj","85":"pa_countries-fk","86":"pa_countries-fm","87":"pa_countries-fo","88":"pa_countries-fr","89":"pa_countries-ga","90":"pa_countries-gb","91":"pa_countries-gd","92":"pa_countries-ge","93":"pa_countries-gf","94":"pa_countries-gg","95":"pa_countries-gh","96":"pa_countries-gi","97":"pa_countries-gl","98":"pa_countries-gm","99":"pa_countries-gn","100":"pa_countries-gp","101":"pa_countries-gq","102":"pa_countries-gr","103":"pa_countries-gs","104":"pa_countries-gt","105":"pa_countries-gu","106":"pa_countries-gw","107":"pa_countries-gy","108":"pa_countries-hk","109":"pa_countries-hm","110":"pa_countries-hn","111":"pa_countries-hr","112":"pa_countries-ht","113":"pa_countries-hu","114":"pa_countries-id","115":"pa_countries-ie","116":"pa_countries-il","117":"pa_countries-im","118":"pa_countries-in","119":"pa_countries-io","120":"pa_countries-iq","121":"pa_countries-ir","122":"pa_countries-is","123":"pa_countries-it","124":"pa_countries-je","125":"pa_countries-jm","126":"pa_countries-jo","127":"pa_countries-jp","128":"pa_countries-ke","129":"pa_countries-kg","130":"pa_countries-kh","131":"pa_countries-ki","132":"pa_countries-km","133":"pa_countries-kn","134":"pa_countries-kp","135":"pa_countries-kr","136":"pa_countries-kw","137":"pa_countries-ky","138":"pa_countries-kz","139":"pa_countries-la","140":"pa_countries-lb","141":"pa_countries-lc","142":"pa_countries-li","143":"pa_countries-lk","144":"pa_countries-lr","145":"pa_countries-ls","146":"pa_countries-lt","147":"pa_countries-lu","148":"pa_countries-lv","149":"pa_countries-ly","150":"pa_countries-ma","151":"pa_countries-mc","152":"pa_countries-md","153":"pa_countries-me","154":"pa_countries-mf","155":"pa_countries-mg","156":"pa_countries-mh","157":"pa_countries-mk","158":"pa_countries-ml","159":"pa_countries-mm","160":"pa_countries-mn","161":"pa_countries-mo","162":"pa_countries-mp","163":"pa_countries-mq","164":"pa_countries-mr","165":"pa_countries-ms","166":"pa_countries-mt","167":"pa_countries-mu","168":"pa_countries-mv","169":"pa_countries-mw","170":"pa_countries-mx","171":"pa_countries-my","172":"pa_countries-mz","173":"pa_countries-na","174":"pa_countries-nc","175":"pa_countries-ne","176":"pa_countries-nf","177":"pa_countries-ng","178":"pa_countries-ni","179":"pa_countries-nl","180":"pa_countries-no","181":"pa_countries-np","182":"pa_countries-nr","183":"pa_countries-nu","184":"pa_countries-nz","185":"pa_countries-om","186":"pa_countries-pa","187":"pa_countries-pe","188":"pa_countries-pf","189":"pa_countries-pg","190":"pa_countries-ph","191":"pa_countries-pk","192":"pa_countries-pl","193":"pa_countries-pm","194":"pa_countries-pn","195":"pa_countries-pr","196":"pa_countries-ps","197":"pa_countries-pt","198":"pa_countries-pw","199":"pa_countries-py","200":"pa_countries-qa","201":"pa_countries-re","202":"pa_countries-ro","203":"pa_countries-rs","204":"pa_countries-rw","205":"pa_countries-sa","206":"pa_countries-sb","207":"pa_countries-sc","208":"pa_countries-sd","209":"pa_countries-se","210":"pa_countries-sg","211":"pa_countries-sh","212":"pa_countries-si","213":"pa_countries-sj","214":"pa_countries-sk","215":"pa_countries-sl","216":"pa_countries-sm","217":"pa_countries-sn","218":"pa_countries-so","219":"pa_countries-sr","220":"pa_countries-ss","222":"pa_countries-st","223":"pa_countries-sv","224":"pa_countries-sx","225":"pa_countries-sy","226":"pa_countries-sz","227":"pa_countries-tc","228":"pa_countries-td","229":"pa_countries-tf","230":"pa_countries-tg","231":"pa_countries-th","232":"pa_countries-tj","233":"pa_countries-tk","234":"pa_countries-tl","235":"pa_countries-tm","236":"pa_countries-tn","237":"pa_countries-to","238":"pa_countries-tr","239":"pa_countries-tt","240":"pa_countries-tv","241":"pa_countries-tw","242":"pa_countries-tz","243":"pa_countries-ua","244":"pa_countries-ug","245":"pa_countries-um","246":"pa_countries-us","247":"pa_countries-uy","248":"pa_countries-uz","249":"pa_countries-va","250":"pa_countries-vc","251":"pa_countries-ve","252":"pa_countries-vg","253":"pa_countries-vi","254":"pa_countries-vn","255":"pa_countries-vu","256":"pa_countries-wf","257":"pa_countries-ws","258":"pa_countries-xk","259":"pa_countries-ye","260":"pa_countries-yt","261":"pa_countries-za","262":"pa_countries-zm","263":"pa_countries-zw","264":"pa_developer-flying-wild-hog","266":"pa_engine-road-hog-engine","268":"pa_game_type-main_game","270":"pa_genres-adventure","271":"pa_genres-puzzle","273":"pa_genres-role-playing-rpg","274":"pa_genres-shooter","275":"pa_interface-de-de","276":"pa_interface-en-us","277":"pa_interface-es-es","278":"pa_interface-es-mx","279":"pa_interface-fr-fr","280":"pa_interface-pl-pl","281":"pa_interface-pt-br","282":"pa_interface-ru-ru","284":"pa_interface-zh-cn","285":"pa_keywords-4-player-co-op","286":"pa_keywords-backtracking","287":"pa_keywords-betrayal","288":"pa_keywords-bink-video","289":"pa_keywords-bloody","290":"pa_keywords-boss-fight","291":"pa_keywords-cartoon-cutscene","292":"pa_keywords-comic-book","293":"pa_keywords-corpse","294":"pa_keywords-darkness","295":"pa_keywords-death","296":"pa_keywords-deliberately-retro","297":"pa_keywords-difficulty-level","298":"pa_keywords-digital-distribution","299":"pa_keywords-easter-egg","300":"pa_keywords-explosion","301":"pa_keywords-extreme-violence","302":"pa_keywords-fake-in-game-advertising","303":"pa_keywords-game-reference","304":"pa_keywords-helicopter","305":"pa_keywords-in-game-achievement-menu","306":"pa_keywords-internet-culture-reference","307":"pa_keywords-magic","308":"pa_keywords-martial-arts","309":"pa_keywords-melee","311":"pa_keywords-monsters","312":"pa_keywords-motion-blur","313":"pa_keywords-ninja","314":"pa_keywords-nudity","315":"pa_keywords-one-man-army","316":"pa_keywords-parallel-worlds","317":"pa_keywords-pax-east-2016","318":"pa_keywords-pax-south-2017","319":"pa_keywords-pax-west-2016","320":"pa_keywords-photo-mode","321":"pa_keywords-pixel-art","322":"pa_keywords-platform-exclusive","323":"pa_keywords-playstation-experience-2016","324":"pa_keywords-polygonal-3d","325":"pa_keywords-pop-culture-reference","326":"pa_keywords-portals","327":"pa_keywords-procedural-generation","328":"pa_keywords-profanity","329":"pa_keywords-qr-codes","330":"pa_keywords-rabbit","331":"pa_keywords-ranking-system","332":"pa_keywords-robots","333":"pa_keywords-samurai","334":"pa_keywords-secret-area","335":"pa_keywords-self-referential-humo","336":"pa_keywords-sequel","337":"pa_keywords-sexual-content","338":"pa_keywords-shielded-enemies","339":"pa_keywords-singing","340":"pa_keywords-single-player-only","341":"pa_keywords-snow","342":"pa_keywords-snowman","343":"pa_keywords-sprinting-mechanics","344":"pa_keywords-stat-tracking","345":"pa_keywords-steam","346":"pa_keywords-steam-achievements","347":"pa_keywords-steam-cloud","348":"pa_keywords-steam-trading-cards","349":"pa_keywords-swordplay","350":"pa_keywords-teleportation","351":"pa_keywords-throwing-weapons","352":"pa_keywords-upgradeable-weapons","353":"pa_keywords-useable-vehicles","354":"pa_keywords-videotape","355":"pa_keywords-vision-obstruction","356":"pa_keywords-voice-acting","357":"pa_keywords-walking-through-walls","358":"pa_keywords-wasd-movement","359":"pa_keywords-xbox-controller-support-for-pc","360":"pa_modes-co-operative","361":"pa_modes-multiplayer","363":"pa_modes-single-player","364":"pa_pegi-13426","365":"pa_pegi-794","366":"pa_platform-pc-steam","368":"pa_player_perspectives-first-person","370":"pa_publisher-devolver-digital","372":"pa_rating-14460","373":"pa_rating-957","374":"pa_region-global","376":"pa_subtitles-de-de","378":"pa_subtitles-en-us","379":"pa_subtitles-es-es","380":"pa_subtitles-es-mx","381":"pa_subtitles-fr-fr","382":"pa_subtitles-pl-pl","383":"pa_subtitles-pt-br","384":"pa_subtitles-ru-ru","385":"pa_subtitles-zh-cn","386":"pa_themes-action","387":"pa_themes-comedy","388":"pa_themes-horror","390":"pa_themes-science-fiction","392":"first","393":"instock","394":"virtual","395":"taxable","396":"purchasable","397":"product-type-simple"},"yoast_head":"<!-- This site is optimized with the Yoast SEO plugin v27.3 - https:\/\/yoast.com\/product\/yoast-seo-wordpress\/ -->\n<title>Shadow Warrior 2 | BeGamer.cz<\/title>\n<meta name=\"robots\" content=\"index, follow, max-snippet:-1, max-image-preview:large, max-video-preview:-1\" \/>\n<link rel=\"canonical\" href=\"https:\/\/begamer.cz\/sk\/produkt\/shadow-warrior-2-sk\/\" \/>\n<meta property=\"og:locale\" content=\"sk_SK\" \/>\n<meta property=\"og:type\" content=\"article\" \/>\n<meta property=\"og:title\" content=\"Shadow Warrior 2 | BeGamer.cz\" \/>\n<meta property=\"og:description\" content=\"Shadow Warrior 2 je ohromuj\u00faci v\u00fdvoj netradi\u010dnej first-person strie\u013ea\u010dky od Flying Wild Hog, v ktorej hlavn\u00fa \u00falohu hr\u00e1 drsn\u00fd bojovn\u00edk Lo Wang, ktor\u00fd mus\u00ed op\u00e4\u0165 pou\u017ei\u0165 ni\u010div\u00fa kombin\u00e1ciu zbran\u00ed, me\u010dov, m\u00e1gie a vtipu, aby porazil d\u00e9monick\u00e9 l\u00e9gie, ktor\u00e9 ovl\u00e1dli svet.\" \/>\n<meta property=\"og:url\" content=\"https:\/\/begamer.cz\/sk\/produkt\/shadow-warrior-2-sk\/\" \/>\n<meta property=\"og:site_name\" content=\"BeGamer.cz\" \/>\n<meta property=\"article:modified_time\" content=\"2026-03-18T03:28:21+00:00\" \/>\n<meta property=\"og:image\" content=\"https:\/\/begamer.cz\/wp-content\/uploads\/2026\/01\/shadow-warrior-2-6.webp\" \/>\n\t<meta property=\"og:image:width\" content=\"300\" \/>\n\t<meta property=\"og:image:height\" content=\"400\" \/>\n\t<meta property=\"og:image:type\" content=\"image\/webp\" \/>\n<meta name=\"twitter:card\" content=\"summary_large_image\" \/>\n<meta name=\"twitter:label1\" content=\"Predpokladan\u00fd \u010das \u010d\u00edtania\" \/>\n\t<meta name=\"twitter:data1\" content=\"3 min\u00faty\" \/>\n<script type=\"application\/ld+json\" class=\"yoast-schema-graph\">{\"@context\":\"https:\\\/\\\/schema.org\",\"@graph\":[{\"@type\":\"WebPage\",\"@id\":\"https:\\\/\\\/begamer.cz\\\/sk\\\/produkt\\\/shadow-warrior-2-sk\\\/\",\"url\":\"https:\\\/\\\/begamer.cz\\\/sk\\\/produkt\\\/shadow-warrior-2-sk\\\/\",\"name\":\"Shadow Warrior 2 | BeGamer.cz\",\"isPartOf\":{\"@id\":\"https:\\\/\\\/begamer.cz\\\/sk\\\/#website\"},\"primaryImageOfPage\":{\"@id\":\"https:\\\/\\\/begamer.cz\\\/sk\\\/produkt\\\/shadow-warrior-2-sk\\\/#primaryimage\"},\"image\":{\"@id\":\"https:\\\/\\\/begamer.cz\\\/sk\\\/produkt\\\/shadow-warrior-2-sk\\\/#primaryimage\"},\"thumbnailUrl\":\"https:\\\/\\\/begamer.cz\\\/wp-content\\\/uploads\\\/2026\\\/01\\\/shadow-warrior-2-6.webp\",\"datePublished\":\"2026-01-30T15:19:35+00:00\",\"dateModified\":\"2026-03-18T03:28:21+00:00\",\"breadcrumb\":{\"@id\":\"https:\\\/\\\/begamer.cz\\\/sk\\\/produkt\\\/shadow-warrior-2-sk\\\/#breadcrumb\"},\"inLanguage\":\"sk-SK\",\"potentialAction\":[{\"@type\":\"ReadAction\",\"target\":[\"https:\\\/\\\/begamer.cz\\\/sk\\\/produkt\\\/shadow-warrior-2-sk\\\/\"]}]},{\"@type\":\"ImageObject\",\"inLanguage\":\"sk-SK\",\"@id\":\"https:\\\/\\\/begamer.cz\\\/sk\\\/produkt\\\/shadow-warrior-2-sk\\\/#primaryimage\",\"url\":\"https:\\\/\\\/begamer.cz\\\/wp-content\\\/uploads\\\/2026\\\/01\\\/shadow-warrior-2-6.webp\",\"contentUrl\":\"https:\\\/\\\/begamer.cz\\\/wp-content\\\/uploads\\\/2026\\\/01\\\/shadow-warrior-2-6.webp\",\"width\":300,\"height\":400},{\"@type\":\"BreadcrumbList\",\"@id\":\"https:\\\/\\\/begamer.cz\\\/sk\\\/produkt\\\/shadow-warrior-2-sk\\\/#breadcrumb\",\"itemListElement\":[{\"@type\":\"ListItem\",\"position\":1,\"name\":\"Domov\",\"item\":\"https:\\\/\\\/begamer.cz\\\/sk\\\/\"},{\"@type\":\"ListItem\",\"position\":2,\"name\":\"Obchod\",\"item\":\"https:\\\/\\\/begamer.cz\\\/obchod\\\/\"},{\"@type\":\"ListItem\",\"position\":3,\"name\":\"Shadow Warrior 2\"}]},{\"@type\":\"WebSite\",\"@id\":\"https:\\\/\\\/begamer.cz\\\/sk\\\/#website\",\"url\":\"https:\\\/\\\/begamer.cz\\\/sk\\\/\",\"name\":\"BeGamer.cz\",\"description\":\"\",\"publisher\":{\"@id\":\"https:\\\/\\\/begamer.cz\\\/sk\\\/#organization\"},\"potentialAction\":[{\"@type\":\"SearchAction\",\"target\":{\"@type\":\"EntryPoint\",\"urlTemplate\":\"https:\\\/\\\/begamer.cz\\\/sk\\\/?s={search_term_string}\"},\"query-input\":{\"@type\":\"PropertyValueSpecification\",\"valueRequired\":true,\"valueName\":\"search_term_string\"}}],\"inLanguage\":\"sk-SK\"},{\"@type\":\"Organization\",\"@id\":\"https:\\\/\\\/begamer.cz\\\/sk\\\/#organization\",\"name\":\"BeGamer.cz\",\"url\":\"https:\\\/\\\/begamer.cz\\\/sk\\\/\",\"logo\":{\"@type\":\"ImageObject\",\"inLanguage\":\"sk-SK\",\"@id\":\"https:\\\/\\\/begamer.cz\\\/sk\\\/#\\\/schema\\\/logo\\\/image\\\/\",\"url\":\"https:\\\/\\\/begamer.cz\\\/wp-content\\\/uploads\\\/2025\\\/07\\\/logo.svg\",\"contentUrl\":\"https:\\\/\\\/begamer.cz\\\/wp-content\\\/uploads\\\/2025\\\/07\\\/logo.svg\",\"caption\":\"BeGamer.cz\"},\"image\":{\"@id\":\"https:\\\/\\\/begamer.cz\\\/sk\\\/#\\\/schema\\\/logo\\\/image\\\/\"}}]}<\/script>\n<!-- \/ Yoast SEO plugin. -->","yoast_head_json":{"title":"Shadow Warrior 2 | BeGamer.cz","robots":{"index":"index","follow":"follow","max-snippet":"max-snippet:-1","max-image-preview":"max-image-preview:large","max-video-preview":"max-video-preview:-1"},"canonical":"https:\/\/begamer.cz\/sk\/produkt\/shadow-warrior-2-sk\/","og_locale":"sk_SK","og_type":"article","og_title":"Shadow Warrior 2 | BeGamer.cz","og_description":"Shadow Warrior 2 je ohromuj\u00faci v\u00fdvoj netradi\u010dnej first-person strie\u013ea\u010dky od Flying Wild Hog, v ktorej hlavn\u00fa \u00falohu hr\u00e1 drsn\u00fd bojovn\u00edk Lo Wang, ktor\u00fd mus\u00ed op\u00e4\u0165 pou\u017ei\u0165 ni\u010div\u00fa kombin\u00e1ciu zbran\u00ed, me\u010dov, m\u00e1gie a vtipu, aby porazil d\u00e9monick\u00e9 l\u00e9gie, ktor\u00e9 ovl\u00e1dli svet.","og_url":"https:\/\/begamer.cz\/sk\/produkt\/shadow-warrior-2-sk\/","og_site_name":"BeGamer.cz","article_modified_time":"2026-03-18T03:28:21+00:00","og_image":[{"width":300,"height":400,"url":"https:\/\/begamer.cz\/wp-content\/uploads\/2026\/01\/shadow-warrior-2-6.webp","type":"image\/webp"}],"twitter_card":"summary_large_image","twitter_misc":{"Predpokladan\u00fd \u010das \u010d\u00edtania":"3 min\u00faty"},"schema":{"@context":"https:\/\/schema.org","@graph":[{"@type":"WebPage","@id":"https:\/\/begamer.cz\/sk\/produkt\/shadow-warrior-2-sk\/","url":"https:\/\/begamer.cz\/sk\/produkt\/shadow-warrior-2-sk\/","name":"Shadow Warrior 2 | BeGamer.cz","isPartOf":{"@id":"https:\/\/begamer.cz\/sk\/#website"},"primaryImageOfPage":{"@id":"https:\/\/begamer.cz\/sk\/produkt\/shadow-warrior-2-sk\/#primaryimage"},"image":{"@id":"https:\/\/begamer.cz\/sk\/produkt\/shadow-warrior-2-sk\/#primaryimage"},"thumbnailUrl":"https:\/\/begamer.cz\/wp-content\/uploads\/2026\/01\/shadow-warrior-2-6.webp","datePublished":"2026-01-30T15:19:35+00:00","dateModified":"2026-03-18T03:28:21+00:00","breadcrumb":{"@id":"https:\/\/begamer.cz\/sk\/produkt\/shadow-warrior-2-sk\/#breadcrumb"},"inLanguage":"sk-SK","potentialAction":[{"@type":"ReadAction","target":["https:\/\/begamer.cz\/sk\/produkt\/shadow-warrior-2-sk\/"]}]},{"@type":"ImageObject","inLanguage":"sk-SK","@id":"https:\/\/begamer.cz\/sk\/produkt\/shadow-warrior-2-sk\/#primaryimage","url":"https:\/\/begamer.cz\/wp-content\/uploads\/2026\/01\/shadow-warrior-2-6.webp","contentUrl":"https:\/\/begamer.cz\/wp-content\/uploads\/2026\/01\/shadow-warrior-2-6.webp","width":300,"height":400},{"@type":"BreadcrumbList","@id":"https:\/\/begamer.cz\/sk\/produkt\/shadow-warrior-2-sk\/#breadcrumb","itemListElement":[{"@type":"ListItem","position":1,"name":"Domov","item":"https:\/\/begamer.cz\/sk\/"},{"@type":"ListItem","position":2,"name":"Obchod","item":"https:\/\/begamer.cz\/obchod\/"},{"@type":"ListItem","position":3,"name":"Shadow Warrior 2"}]},{"@type":"WebSite","@id":"https:\/\/begamer.cz\/sk\/#website","url":"https:\/\/begamer.cz\/sk\/","name":"BeGamer.cz","description":"","publisher":{"@id":"https:\/\/begamer.cz\/sk\/#organization"},"potentialAction":[{"@type":"SearchAction","target":{"@type":"EntryPoint","urlTemplate":"https:\/\/begamer.cz\/sk\/?s={search_term_string}"},"query-input":{"@type":"PropertyValueSpecification","valueRequired":true,"valueName":"search_term_string"}}],"inLanguage":"sk-SK"},{"@type":"Organization","@id":"https:\/\/begamer.cz\/sk\/#organization","name":"BeGamer.cz","url":"https:\/\/begamer.cz\/sk\/","logo":{"@type":"ImageObject","inLanguage":"sk-SK","@id":"https:\/\/begamer.cz\/sk\/#\/schema\/logo\/image\/","url":"https:\/\/begamer.cz\/wp-content\/uploads\/2025\/07\/logo.svg","contentUrl":"https:\/\/begamer.cz\/wp-content\/uploads\/2025\/07\/logo.svg","caption":"BeGamer.cz"},"image":{"@id":"https:\/\/begamer.cz\/sk\/#\/schema\/logo\/image\/"}}]}},"acf":[],"_links":{"self":[{"href":"https:\/\/begamer.cz\/sk\/wp-json\/wp\/v2\/product\/95384","targetHints":{"allow":["GET"]}}],"collection":[{"href":"https:\/\/begamer.cz\/sk\/wp-json\/wp\/v2\/product"}],"about":[{"href":"https:\/\/begamer.cz\/sk\/wp-json\/wp\/v2\/types\/product"}],"replies":[{"embeddable":true,"href":"https:\/\/begamer.cz\/sk\/wp-json\/wp\/v2\/comments?post=95384"}],"wp:featuredmedia":[{"embeddable":true,"href":"https:\/\/begamer.cz\/sk\/wp-json\/wp\/v2\/media\/61186"}],"wp:attachment":[{"href":"https:\/\/begamer.cz\/sk\/wp-json\/wp\/v2\/media?parent=95384"}],"wp:term":[{"taxonomy":"product_brand","embeddable":true,"href":"https:\/\/begamer.cz\/sk\/wp-json\/wp\/v2\/product_brand?post=95384"},{"taxonomy":"product_cat","embeddable":true,"href":"https:\/\/begamer.cz\/sk\/wp-json\/wp\/v2\/product_cat?post=95384"},{"taxonomy":"product_tag","embeddable":true,"href":"https:\/\/begamer.cz\/sk\/wp-json\/wp\/v2\/product_tag?post=95384"}],"curies":[{"name":"wp","href":"https:\/\/api.w.org\/{rel}","templated":true}]}}