{"id":95360,"date":"2026-01-30T16:19:09","date_gmt":"2026-01-30T15:19:09","guid":{"rendered":"https:\/\/begamer.cz\/produkt\/gungrave-g-o-r-e-sk\/"},"modified":"2026-03-18T04:27:03","modified_gmt":"2026-03-18T03:27:03","slug":"gungrave-g-o-r-e-sk","status":"publish","type":"product","link":"https:\/\/begamer.cz\/sk\/produkt\/gungrave-g-o-r-e-sk\/","title":{"rendered":"Gungrave G.O.R.E"},"content":{"rendered":"<p>V hre Gungrave G.O.R.E sa v\u017eijete do \u00falohy drsn\u00e9ho antihrdinu so zbra\u0148ou v ruke, ktor\u00fd kos\u00ed nepriate\u013eov v krvavom balete guliek, a za\u017eijete pr\u00edbeh pomsty, l\u00e1sky a lojality v kr\u00e1snej ak\u010dnej strie\u013ea\u010dke z poh\u013eadu tretej osoby, ktor\u00e1 kombinuje to najlep\u0161ie, \u010do m\u00e1 v\u00fdchodn\u00fd a z\u00e1padn\u00fd hern\u00fd dizajn pon\u00faknu\u0165.<\/p>\n<p><strong>G.O.R.E<\/strong><br \/>Ako tituln\u00fd Gunslinger of Resurrection sa stanete drsn\u00fdm antihrdinom svojich snov, ultim\u00e1tnou zab\u00edjaj\u00facou ma\u0161inou, ktor\u00e1 nemilosrdne brut\u00e1lne likviduje svojich nepriate\u013eov. Kry\u0165 sa a ustupova\u0165 nie je pre Graveho mo\u017enos\u0165ou, on v\u017edy ide naplno vpred, najlep\u0161ie priamo cez svojich nepriate\u013eov.<br \/><span class=\"bb_img_ctn\"><video class=\"bb_img\" autoplay muted loop playsinline poster=\"https:\/\/shared.akamai.steamstatic.com\/store_item_assets\/steam\/apps\/1630110\/extras\/13129cb31c15272912bb8c9f9c05faf8.poster.avif?t=1728053351\" width=622 height=216 ><source src=\"https:\/\/shared.akamai.steamstatic.com\/store_item_assets\/steam\/apps\/1630110\/extras\/13129cb31c15272912bb8c9f9c05faf8.webm?t=1728053351\" type=\"video\/webm; codecs=vp9\"><source src=\"https:\/\/shared.akamai.steamstatic.com\/store_item_assets\/steam\/apps\/1630110\/extras\/13129cb31c15272912bb8c9f9c05faf8.mp4?t=1728053351\" type=\"video\/mp4\"><\/video><\/span><\/p>\n<p><strong>Porazte svojich nepriate\u013eov \u0161t\u00fdlov\u00fdm bojom so<\/strong><br \/><strong>zbra\u0148ami <\/strong>\u0160t\u00fdlov\u00e1 strie\u013ea\u010dka z poh\u013eadu tretej osoby sa sp\u00e1ja s bojov\u00fdmi umeniami zbl\u00edzka, \u010d\u00edm vytv\u00e1ra plynul\u00fa akciu, ke\u010f svojich nepriate\u013eov drv\u00edte v krvavom balete guliek. Vyu\u017eite svoje pi\u0161tole Cerberus s neobmedzenou mun\u00edciou a transformovate\u013en\u00fa EVO-rakvu, aby ste mohli pou\u017e\u00edva\u0165 ni\u010div\u00e9 kombo \u00fadery a dosiahnu\u0165 maxim\u00e1lne po\u0161kodenie a \u0161t\u00fdl.<br \/><span class=\"bb_img_ctn\"><video class=\"bb_img\" autoplay muted loop playsinline poster=\"https:\/\/shared.akamai.steamstatic.com\/store_item_assets\/steam\/apps\/1630110\/extras\/c6d6f915b3d9d408cdd787afca176753.poster.avif?t=1728053351\" width=622 height=216 ><source src=\"https:\/\/shared.akamai.steamstatic.com\/store_item_assets\/steam\/apps\/1630110\/extras\/c6d6f915b3d9d408cdd787afca176753.webm?t=1728053351\" type=\"video\/webm; codecs=vp9\"><source src=\"https:\/\/shared.akamai.steamstatic.com\/store_item_assets\/steam\/apps\/1630110\/extras\/c6d6f915b3d9d408cdd787afca176753.mp4?t=1728053351\" type=\"video\/mp4\"><\/video><\/span><\/p>\n<p><strong>Nech je pomsta<\/strong><br \/>Pripravte sa na divok\u00fa jazdu, epick\u00fd a emot\u00edvny pr\u00edbeh pomsty, l\u00e1sky a lojality s viac ako 12 hodinami hrania v re\u017eime pr\u00edbehu, pre fan\u00fa\u0161ikov Gungrave aj nov\u00e1\u010dikov.<br \/><span class=\"bb_img_ctn\"><video class=\"bb_img\" autoplay muted loop playsinline poster=\"https:\/\/shared.akamai.steamstatic.com\/store_item_assets\/steam\/apps\/1630110\/extras\/869c3f2bebfdfd45536fcc747128d30e.poster.avif?t=1728053351\" width=622 height=216 ><source src=\"https:\/\/shared.akamai.steamstatic.com\/store_item_assets\/steam\/apps\/1630110\/extras\/869c3f2bebfdfd45536fcc747128d30e.webm?t=1728053351\" type=\"video\/webm; codecs=vp9\"><source src=\"https:\/\/shared.akamai.steamstatic.com\/store_item_assets\/steam\/apps\/1630110\/extras\/869c3f2bebfdfd45536fcc747128d30e.mp4?t=1728053351\" type=\"video\/mp4\"><\/video><\/span><\/p>\n<p><strong>Vychutnajte si scen\u00e9riu<\/strong><br \/>Vyberte sa na epick\u00e9 dobrodru\u017estvo po juhov\u00fdchodnej \u00c1zii, zalo\u017een\u00e9 na skuto\u010dn\u00fdch miestach s temn\u00fdm, futuristick\u00fdm n\u00e1dychom.<br \/><span class=\"bb_img_ctn\"><video class=\"bb_img\" autoplay muted loop playsinline poster=\"https:\/\/shared.akamai.steamstatic.com\/store_item_assets\/steam\/apps\/1630110\/extras\/2193401f8a77a7a882891ecbf981decb.poster.avif?t=1728053351\" width=624 height=216 ><source src=\"https:\/\/shared.akamai.steamstatic.com\/store_item_assets\/steam\/apps\/1630110\/extras\/2193401f8a77a7a882891ecbf981decb.webm?t=1728053351\" type=\"video\/webm; codecs=vp9\"><source src=\"https:\/\/shared.akamai.steamstatic.com\/store_item_assets\/steam\/apps\/1630110\/extras\/2193401f8a77a7a882891ecbf981decb.mp4?t=1728053351\" type=\"video\/mp4\"><\/video><\/span><\/p>\n","protected":false},"excerpt":{"rendered":"<p>Gungrave G.O.R.E je \u0161t\u00fdlov\u00e1 ak\u010dn\u00e1 strie\u013ea\u010dka z poh\u013eadu tretej osoby od juhok\u00f3rejsk\u00e9ho \u0161t\u00fadia IGGYMOB, v ktorej sa v\u017eijete do role Gravea, pi\u0161to\u013en\u00edka vzkriesenia a drsn\u00e9ho antihrdinu va\u0161ich snov, ktor\u00fd kos\u00ed mno\u017estvo nepriate\u013eov v krvavom balete guliek.<\/p>\n","protected":false},"featured_media":61081,"comment_status":"open","ping_status":"closed","template":"","meta":{"_acf_changed":false},"product_brand":[],"product_cat":[458,460,398,400,438],"product_tag":[],"class_list":{"0":"post-95360","1":"product","2":"type-product","3":"status-publish","4":"has-post-thumbnail","6":"product_cat-akcne-xbox-series-x-s-sk","7":"product_cat-bojove-xbox-series-x-s-sk","8":"product_cat-xbox-hry-sk","9":"product_cat-xbox-one-sk","10":"product_cat-xbox-series-x-s-sk","11":"pa_audio-en-us","12":"pa_audio-ja-jp","13":"pa_audio-ko-kr","15":"pa_countries-at","16":"pa_countries-be","17":"pa_countries-bg","18":"pa_countries-cy","19":"pa_countries-cz","21":"pa_countries-de","22":"pa_countries-dk","23":"pa_countries-ee","24":"pa_countries-es","25":"pa_countries-fi","26":"pa_countries-fr","27":"pa_countries-gr","28":"pa_countries-hu","29":"pa_countries-ie","30":"pa_countries-it","31":"pa_countries-lt","32":"pa_countries-lu","33":"pa_countries-lv","34":"pa_countries-mt","35":"pa_countries-nl","36":"pa_countries-pl","37":"pa_countries-pt","38":"pa_countries-ro","39":"pa_countries-se","40":"pa_countries-si","41":"pa_countries-sk","42":"pa_developer-iggymob","44":"pa_engine-unreal-engine-4","46":"pa_franchises-gungrave","48":"pa_game_type-main_game","50":"pa_genres-adventure","51":"pa_genres-fighting","53":"pa_genres-shooter","54":"pa_genres-simulator","55":"pa_genres-strategy","56":"pa_interface-de-de","57":"pa_interface-en-us","58":"pa_interface-es-es","59":"pa_interface-es-mx","60":"pa_interface-fr-fr","61":"pa_interface-it-it","62":"pa_interface-ja-jp","63":"pa_interface-ko-kr","64":"pa_interface-pl-pl","65":"pa_interface-pt-br","66":"pa_interface-ru-ru","68":"pa_interface-zh-cn","69":"pa_interface-zh-tw","70":"pa_modes-single-player","72":"pa_pegi-13432","73":"pa_pegi-956","74":"pa_platform-xbox-series-x-s-xbox-one-windows","76":"pa_player_perspectives-third-person","78":"pa_publisher-red-entertainment","80":"pa_rating-4369","81":"pa_rating-14659","82":"pa_region-europe","84":"pa_subtitles-de-de","86":"pa_subtitles-en-us","87":"pa_subtitles-es-es","88":"pa_subtitles-fr-fr","89":"pa_subtitles-it-it","90":"pa_subtitles-ja-jp","91":"pa_subtitles-ko-kr","92":"pa_subtitles-pl-pl","93":"pa_subtitles-pt-br","94":"pa_subtitles-ru-ru","95":"pa_subtitles-zh-cn","96":"pa_subtitles-zh-tw","97":"pa_themes-action","98":"pa_themes-fantasy","99":"pa_themes-horror","101":"pa_themes-science-fiction","103":"first","104":"instock","105":"virtual","106":"taxable","107":"purchasable","108":"product-type-simple"},"yoast_head":"<!-- This site is optimized with the Yoast SEO plugin v27.3 - https:\/\/yoast.com\/product\/yoast-seo-wordpress\/ -->\n<title>Gungrave G.O.R.E | BeGamer.cz<\/title>\n<meta name=\"robots\" content=\"index, follow, max-snippet:-1, max-image-preview:large, max-video-preview:-1\" \/>\n<link rel=\"canonical\" href=\"https:\/\/begamer.cz\/sk\/produkt\/gungrave-g-o-r-e-sk\/\" \/>\n<meta property=\"og:locale\" content=\"sk_SK\" \/>\n<meta property=\"og:type\" content=\"article\" \/>\n<meta property=\"og:title\" content=\"Gungrave G.O.R.E | BeGamer.cz\" \/>\n<meta property=\"og:description\" content=\"Gungrave G.O.R.E je \u0161t\u00fdlov\u00e1 ak\u010dn\u00e1 strie\u013ea\u010dka z poh\u013eadu tretej osoby od juhok\u00f3rejsk\u00e9ho \u0161t\u00fadia IGGYMOB, v ktorej sa v\u017eijete do role Gravea, pi\u0161to\u013en\u00edka vzkriesenia a drsn\u00e9ho antihrdinu va\u0161ich snov, ktor\u00fd kos\u00ed mno\u017estvo nepriate\u013eov v krvavom balete guliek.\" \/>\n<meta property=\"og:url\" content=\"https:\/\/begamer.cz\/sk\/produkt\/gungrave-g-o-r-e-sk\/\" \/>\n<meta property=\"og:site_name\" content=\"BeGamer.cz\" \/>\n<meta property=\"article:modified_time\" content=\"2026-03-18T03:27:03+00:00\" \/>\n<meta property=\"og:image\" content=\"https:\/\/begamer.cz\/wp-content\/uploads\/2026\/01\/gungrave-gore-6.webp\" \/>\n\t<meta property=\"og:image:width\" content=\"300\" \/>\n\t<meta property=\"og:image:height\" content=\"400\" \/>\n\t<meta property=\"og:image:type\" content=\"image\/webp\" \/>\n<meta name=\"twitter:card\" content=\"summary_large_image\" \/>\n<meta name=\"twitter:label1\" content=\"Predpokladan\u00fd \u010das \u010d\u00edtania\" \/>\n\t<meta name=\"twitter:data1\" content=\"1 min\u00fata\" \/>\n<script type=\"application\/ld+json\" class=\"yoast-schema-graph\">{\"@context\":\"https:\\\/\\\/schema.org\",\"@graph\":[{\"@type\":\"WebPage\",\"@id\":\"https:\\\/\\\/begamer.cz\\\/sk\\\/produkt\\\/gungrave-g-o-r-e-sk\\\/\",\"url\":\"https:\\\/\\\/begamer.cz\\\/sk\\\/produkt\\\/gungrave-g-o-r-e-sk\\\/\",\"name\":\"Gungrave G.O.R.E | BeGamer.cz\",\"isPartOf\":{\"@id\":\"https:\\\/\\\/begamer.cz\\\/sk\\\/#website\"},\"primaryImageOfPage\":{\"@id\":\"https:\\\/\\\/begamer.cz\\\/sk\\\/produkt\\\/gungrave-g-o-r-e-sk\\\/#primaryimage\"},\"image\":{\"@id\":\"https:\\\/\\\/begamer.cz\\\/sk\\\/produkt\\\/gungrave-g-o-r-e-sk\\\/#primaryimage\"},\"thumbnailUrl\":\"https:\\\/\\\/begamer.cz\\\/wp-content\\\/uploads\\\/2026\\\/01\\\/gungrave-gore-6.webp\",\"datePublished\":\"2026-01-30T15:19:09+00:00\",\"dateModified\":\"2026-03-18T03:27:03+00:00\",\"breadcrumb\":{\"@id\":\"https:\\\/\\\/begamer.cz\\\/sk\\\/produkt\\\/gungrave-g-o-r-e-sk\\\/#breadcrumb\"},\"inLanguage\":\"sk-SK\",\"potentialAction\":[{\"@type\":\"ReadAction\",\"target\":[\"https:\\\/\\\/begamer.cz\\\/sk\\\/produkt\\\/gungrave-g-o-r-e-sk\\\/\"]}]},{\"@type\":\"ImageObject\",\"inLanguage\":\"sk-SK\",\"@id\":\"https:\\\/\\\/begamer.cz\\\/sk\\\/produkt\\\/gungrave-g-o-r-e-sk\\\/#primaryimage\",\"url\":\"https:\\\/\\\/begamer.cz\\\/wp-content\\\/uploads\\\/2026\\\/01\\\/gungrave-gore-6.webp\",\"contentUrl\":\"https:\\\/\\\/begamer.cz\\\/wp-content\\\/uploads\\\/2026\\\/01\\\/gungrave-gore-6.webp\",\"width\":300,\"height\":400},{\"@type\":\"BreadcrumbList\",\"@id\":\"https:\\\/\\\/begamer.cz\\\/sk\\\/produkt\\\/gungrave-g-o-r-e-sk\\\/#breadcrumb\",\"itemListElement\":[{\"@type\":\"ListItem\",\"position\":1,\"name\":\"Domov\",\"item\":\"https:\\\/\\\/begamer.cz\\\/sk\\\/\"},{\"@type\":\"ListItem\",\"position\":2,\"name\":\"Obchod\",\"item\":\"https:\\\/\\\/begamer.cz\\\/obchod\\\/\"},{\"@type\":\"ListItem\",\"position\":3,\"name\":\"Gungrave G.O.R.E\"}]},{\"@type\":\"WebSite\",\"@id\":\"https:\\\/\\\/begamer.cz\\\/sk\\\/#website\",\"url\":\"https:\\\/\\\/begamer.cz\\\/sk\\\/\",\"name\":\"BeGamer.cz\",\"description\":\"\",\"publisher\":{\"@id\":\"https:\\\/\\\/begamer.cz\\\/sk\\\/#organization\"},\"potentialAction\":[{\"@type\":\"SearchAction\",\"target\":{\"@type\":\"EntryPoint\",\"urlTemplate\":\"https:\\\/\\\/begamer.cz\\\/sk\\\/?s={search_term_string}\"},\"query-input\":{\"@type\":\"PropertyValueSpecification\",\"valueRequired\":true,\"valueName\":\"search_term_string\"}}],\"inLanguage\":\"sk-SK\"},{\"@type\":\"Organization\",\"@id\":\"https:\\\/\\\/begamer.cz\\\/sk\\\/#organization\",\"name\":\"BeGamer.cz\",\"url\":\"https:\\\/\\\/begamer.cz\\\/sk\\\/\",\"logo\":{\"@type\":\"ImageObject\",\"inLanguage\":\"sk-SK\",\"@id\":\"https:\\\/\\\/begamer.cz\\\/sk\\\/#\\\/schema\\\/logo\\\/image\\\/\",\"url\":\"https:\\\/\\\/begamer.cz\\\/wp-content\\\/uploads\\\/2025\\\/07\\\/logo.svg\",\"contentUrl\":\"https:\\\/\\\/begamer.cz\\\/wp-content\\\/uploads\\\/2025\\\/07\\\/logo.svg\",\"caption\":\"BeGamer.cz\"},\"image\":{\"@id\":\"https:\\\/\\\/begamer.cz\\\/sk\\\/#\\\/schema\\\/logo\\\/image\\\/\"}}]}<\/script>\n<!-- \/ Yoast SEO plugin. -->","yoast_head_json":{"title":"Gungrave G.O.R.E | BeGamer.cz","robots":{"index":"index","follow":"follow","max-snippet":"max-snippet:-1","max-image-preview":"max-image-preview:large","max-video-preview":"max-video-preview:-1"},"canonical":"https:\/\/begamer.cz\/sk\/produkt\/gungrave-g-o-r-e-sk\/","og_locale":"sk_SK","og_type":"article","og_title":"Gungrave G.O.R.E | BeGamer.cz","og_description":"Gungrave G.O.R.E je \u0161t\u00fdlov\u00e1 ak\u010dn\u00e1 strie\u013ea\u010dka z poh\u013eadu tretej osoby od juhok\u00f3rejsk\u00e9ho \u0161t\u00fadia IGGYMOB, v ktorej sa v\u017eijete do role Gravea, pi\u0161to\u013en\u00edka vzkriesenia a drsn\u00e9ho antihrdinu va\u0161ich snov, ktor\u00fd kos\u00ed mno\u017estvo nepriate\u013eov v krvavom balete guliek.","og_url":"https:\/\/begamer.cz\/sk\/produkt\/gungrave-g-o-r-e-sk\/","og_site_name":"BeGamer.cz","article_modified_time":"2026-03-18T03:27:03+00:00","og_image":[{"width":300,"height":400,"url":"https:\/\/begamer.cz\/wp-content\/uploads\/2026\/01\/gungrave-gore-6.webp","type":"image\/webp"}],"twitter_card":"summary_large_image","twitter_misc":{"Predpokladan\u00fd \u010das \u010d\u00edtania":"1 min\u00fata"},"schema":{"@context":"https:\/\/schema.org","@graph":[{"@type":"WebPage","@id":"https:\/\/begamer.cz\/sk\/produkt\/gungrave-g-o-r-e-sk\/","url":"https:\/\/begamer.cz\/sk\/produkt\/gungrave-g-o-r-e-sk\/","name":"Gungrave G.O.R.E | BeGamer.cz","isPartOf":{"@id":"https:\/\/begamer.cz\/sk\/#website"},"primaryImageOfPage":{"@id":"https:\/\/begamer.cz\/sk\/produkt\/gungrave-g-o-r-e-sk\/#primaryimage"},"image":{"@id":"https:\/\/begamer.cz\/sk\/produkt\/gungrave-g-o-r-e-sk\/#primaryimage"},"thumbnailUrl":"https:\/\/begamer.cz\/wp-content\/uploads\/2026\/01\/gungrave-gore-6.webp","datePublished":"2026-01-30T15:19:09+00:00","dateModified":"2026-03-18T03:27:03+00:00","breadcrumb":{"@id":"https:\/\/begamer.cz\/sk\/produkt\/gungrave-g-o-r-e-sk\/#breadcrumb"},"inLanguage":"sk-SK","potentialAction":[{"@type":"ReadAction","target":["https:\/\/begamer.cz\/sk\/produkt\/gungrave-g-o-r-e-sk\/"]}]},{"@type":"ImageObject","inLanguage":"sk-SK","@id":"https:\/\/begamer.cz\/sk\/produkt\/gungrave-g-o-r-e-sk\/#primaryimage","url":"https:\/\/begamer.cz\/wp-content\/uploads\/2026\/01\/gungrave-gore-6.webp","contentUrl":"https:\/\/begamer.cz\/wp-content\/uploads\/2026\/01\/gungrave-gore-6.webp","width":300,"height":400},{"@type":"BreadcrumbList","@id":"https:\/\/begamer.cz\/sk\/produkt\/gungrave-g-o-r-e-sk\/#breadcrumb","itemListElement":[{"@type":"ListItem","position":1,"name":"Domov","item":"https:\/\/begamer.cz\/sk\/"},{"@type":"ListItem","position":2,"name":"Obchod","item":"https:\/\/begamer.cz\/obchod\/"},{"@type":"ListItem","position":3,"name":"Gungrave G.O.R.E"}]},{"@type":"WebSite","@id":"https:\/\/begamer.cz\/sk\/#website","url":"https:\/\/begamer.cz\/sk\/","name":"BeGamer.cz","description":"","publisher":{"@id":"https:\/\/begamer.cz\/sk\/#organization"},"potentialAction":[{"@type":"SearchAction","target":{"@type":"EntryPoint","urlTemplate":"https:\/\/begamer.cz\/sk\/?s={search_term_string}"},"query-input":{"@type":"PropertyValueSpecification","valueRequired":true,"valueName":"search_term_string"}}],"inLanguage":"sk-SK"},{"@type":"Organization","@id":"https:\/\/begamer.cz\/sk\/#organization","name":"BeGamer.cz","url":"https:\/\/begamer.cz\/sk\/","logo":{"@type":"ImageObject","inLanguage":"sk-SK","@id":"https:\/\/begamer.cz\/sk\/#\/schema\/logo\/image\/","url":"https:\/\/begamer.cz\/wp-content\/uploads\/2025\/07\/logo.svg","contentUrl":"https:\/\/begamer.cz\/wp-content\/uploads\/2025\/07\/logo.svg","caption":"BeGamer.cz"},"image":{"@id":"https:\/\/begamer.cz\/sk\/#\/schema\/logo\/image\/"}}]}},"acf":[],"_links":{"self":[{"href":"https:\/\/begamer.cz\/sk\/wp-json\/wp\/v2\/product\/95360","targetHints":{"allow":["GET"]}}],"collection":[{"href":"https:\/\/begamer.cz\/sk\/wp-json\/wp\/v2\/product"}],"about":[{"href":"https:\/\/begamer.cz\/sk\/wp-json\/wp\/v2\/types\/product"}],"replies":[{"embeddable":true,"href":"https:\/\/begamer.cz\/sk\/wp-json\/wp\/v2\/comments?post=95360"}],"wp:featuredmedia":[{"embeddable":true,"href":"https:\/\/begamer.cz\/sk\/wp-json\/wp\/v2\/media\/61081"}],"wp:attachment":[{"href":"https:\/\/begamer.cz\/sk\/wp-json\/wp\/v2\/media?parent=95360"}],"wp:term":[{"taxonomy":"product_brand","embeddable":true,"href":"https:\/\/begamer.cz\/sk\/wp-json\/wp\/v2\/product_brand?post=95360"},{"taxonomy":"product_cat","embeddable":true,"href":"https:\/\/begamer.cz\/sk\/wp-json\/wp\/v2\/product_cat?post=95360"},{"taxonomy":"product_tag","embeddable":true,"href":"https:\/\/begamer.cz\/sk\/wp-json\/wp\/v2\/product_tag?post=95360"}],"curies":[{"name":"wp","href":"https:\/\/api.w.org\/{rel}","templated":true}]}}