{"id":95354,"date":"2026-01-30T16:19:02","date_gmt":"2026-01-30T15:19:02","guid":{"rendered":"https:\/\/begamer.cz\/produkt\/goat-simulator-3-pre-udder-edition-sk\/"},"modified":"2026-03-18T04:26:30","modified_gmt":"2026-03-18T03:26:30","slug":"goat-simulator-3-pre-udder-edition-sk","status":"publish","type":"product","link":"https:\/\/begamer.cz\/sk\/produkt\/goat-simulator-3-pre-udder-edition-sk\/","title":{"rendered":"Goat Simulator 3: Pre-Udder Edition"},"content":{"rendered":"<p>Objednajte si \u0161tandardn\u00fa ed\u00edciu v predpredaji a z\u00edskate vlastn\u00fa hern\u00fa postavu Pre-udder. Je to presne to, \u010do si mysl\u00edte.<br \/>\nZozbierajte svoje st\u00e1do a vyrazte do Goat Simulator 3, \u00faplne nov\u00e9ho, tot\u00e1lne realistick\u00e9ho sandboxov\u00e9ho farm\u00e1rskeho z\u00e1\u017eitku, ktor\u00fd v\u00e1s vr\u00e1ti do kop\u00fdt nie\u010d\u00ed ob\u013e\u00fabenej \u017eenskej protagonistky.<br \/>\n\u00c1no, je to tak \u2013 rob\u00edme to znova. Baa bolo zv\u00fd\u0161en\u00e9 a k Pilgorovi sa pridali aj \u010fal\u0161ie kozy. M\u00f4\u017eete pozva\u0165 a\u017e troch priate\u013eov do lok\u00e1lnej alebo online kooper\u00e1cie, vytvori\u0165 masaker ako t\u00edm alebo s\u00fa\u0165a\u017ei\u0165 v minihrach a potom u\u017e viac nebu\u0165 priate\u013emi.<br \/>\nPripravte sa na \u010fal\u0161ie kolo chaosu. L\u00edzajte, hlavi\u010dkujte a ni\u010d\u00edte si cestu cez \u00faplne nov\u00fd otvoren\u00fd svet v najv\u00e4\u010d\u0161ej strate \u010dasu od Goat Simulator! Nebudeme v\u00e1m hovori\u0165, ako hra\u0165 (okrem tutori\u00e1lu), ale len v\u00e1m poskytneme prostriedky, aby ste sa stali kozami svojich snov.<\/p>\n","protected":false},"excerpt":{"rendered":"<p>Goat Simulator 3: Pre-Udder Edition pon\u00faka z\u00e1bavn\u00fd otvoren\u00fd svet pln\u00fd koz\u00edch eskap\u00e1d s nov\u00fdmi mapami, neuverite\u013enou fyzikou a bl\u00e1zniv\u00fdmi misiami. Presk\u00famajte \u017eiv\u00e9 prostredie, sp\u00f4sobte hrav\u00fd chaos a odomknite si v tejto ultim\u00e1tnej kozlej chaotickom z\u00e1\u017eitku netradi\u010dn\u00e9 kozie schopnosti. Ide\u00e1lne pre hr\u00e1\u010dov, ktor\u00ed miluj\u00fa z\u00e1bavu!<\/p>\n","protected":false},"featured_media":61042,"comment_status":"open","ping_status":"closed","template":"","meta":{"_acf_changed":false},"product_brand":[],"product_cat":[270,268,9072,266,314],"product_tag":[],"class_list":{"0":"post-95354","1":"product","2":"type-product","3":"status-publish","4":"has-post-thumbnail","6":"product_cat-adventury-pc-hry-sk","7":"product_cat-pc-sk","8":"product_cat-pc-epic-games-store","9":"product_cat-pc-hry-sk","10":"product_cat-simulatory-pc-hry-sk","11":"pa_developer-coffee-stain-studios","13":"pa_game_type-main_game","15":"pa_genres-adventure","17":"pa_modes-co-operative","18":"pa_modes-multiplayer","20":"pa_modes-single-player","21":"pa_pegi-927","22":"pa_pegi-13428","23":"pa_platform-pc-epic-games-store","25":"pa_publisher-coffee-stain-publishing","27":"pa_rating-14441","28":"pa_rating-773","29":"pa_region-europe","31":"pa_themes-comedy","34":"first","35":"instock","36":"virtual","37":"taxable","38":"purchasable","39":"product-type-simple"},"yoast_head":"<!-- This site is optimized with the Yoast SEO plugin v27.3 - https:\/\/yoast.com\/product\/yoast-seo-wordpress\/ -->\n<title>Goat Simulator 3: Pre-Udder Edition | BeGamer.cz<\/title>\n<meta name=\"robots\" content=\"index, follow, max-snippet:-1, max-image-preview:large, max-video-preview:-1\" \/>\n<link rel=\"canonical\" href=\"https:\/\/begamer.cz\/sk\/produkt\/goat-simulator-3-pre-udder-edition-sk\/\" \/>\n<meta property=\"og:locale\" content=\"sk_SK\" \/>\n<meta property=\"og:type\" content=\"article\" \/>\n<meta property=\"og:title\" content=\"Goat Simulator 3: Pre-Udder Edition | BeGamer.cz\" \/>\n<meta property=\"og:description\" content=\"Goat Simulator 3: Pre-Udder Edition pon\u00faka z\u00e1bavn\u00fd otvoren\u00fd svet pln\u00fd koz\u00edch eskap\u00e1d s nov\u00fdmi mapami, neuverite\u013enou fyzikou a bl\u00e1zniv\u00fdmi misiami. Presk\u00famajte \u017eiv\u00e9 prostredie, sp\u00f4sobte hrav\u00fd chaos a odomknite si v tejto ultim\u00e1tnej kozlej chaotickom z\u00e1\u017eitku netradi\u010dn\u00e9 kozie schopnosti. Ide\u00e1lne pre hr\u00e1\u010dov, ktor\u00ed miluj\u00fa z\u00e1bavu!\" \/>\n<meta property=\"og:url\" content=\"https:\/\/begamer.cz\/sk\/produkt\/goat-simulator-3-pre-udder-edition-sk\/\" \/>\n<meta property=\"og:site_name\" content=\"BeGamer.cz\" \/>\n<meta property=\"article:modified_time\" content=\"2026-03-18T03:26:30+00:00\" \/>\n<meta property=\"og:image\" content=\"https:\/\/begamer.cz\/wp-content\/uploads\/2026\/01\/goat-simulator-3-pre-udder-edition.webp\" \/>\n\t<meta property=\"og:image:width\" content=\"300\" \/>\n\t<meta property=\"og:image:height\" content=\"400\" \/>\n\t<meta property=\"og:image:type\" content=\"image\/webp\" \/>\n<meta name=\"twitter:card\" content=\"summary_large_image\" \/>\n<meta name=\"twitter:label1\" content=\"Predpokladan\u00fd \u010das \u010d\u00edtania\" \/>\n\t<meta name=\"twitter:data1\" content=\"1 min\u00fata\" \/>\n<script type=\"application\/ld+json\" class=\"yoast-schema-graph\">{\"@context\":\"https:\\\/\\\/schema.org\",\"@graph\":[{\"@type\":\"WebPage\",\"@id\":\"https:\\\/\\\/begamer.cz\\\/sk\\\/produkt\\\/goat-simulator-3-pre-udder-edition-sk\\\/\",\"url\":\"https:\\\/\\\/begamer.cz\\\/sk\\\/produkt\\\/goat-simulator-3-pre-udder-edition-sk\\\/\",\"name\":\"Goat Simulator 3: Pre-Udder Edition | BeGamer.cz\",\"isPartOf\":{\"@id\":\"https:\\\/\\\/begamer.cz\\\/sk\\\/#website\"},\"primaryImageOfPage\":{\"@id\":\"https:\\\/\\\/begamer.cz\\\/sk\\\/produkt\\\/goat-simulator-3-pre-udder-edition-sk\\\/#primaryimage\"},\"image\":{\"@id\":\"https:\\\/\\\/begamer.cz\\\/sk\\\/produkt\\\/goat-simulator-3-pre-udder-edition-sk\\\/#primaryimage\"},\"thumbnailUrl\":\"https:\\\/\\\/begamer.cz\\\/wp-content\\\/uploads\\\/2026\\\/01\\\/goat-simulator-3-pre-udder-edition.webp\",\"datePublished\":\"2026-01-30T15:19:02+00:00\",\"dateModified\":\"2026-03-18T03:26:30+00:00\",\"breadcrumb\":{\"@id\":\"https:\\\/\\\/begamer.cz\\\/sk\\\/produkt\\\/goat-simulator-3-pre-udder-edition-sk\\\/#breadcrumb\"},\"inLanguage\":\"sk-SK\",\"potentialAction\":[{\"@type\":\"ReadAction\",\"target\":[\"https:\\\/\\\/begamer.cz\\\/sk\\\/produkt\\\/goat-simulator-3-pre-udder-edition-sk\\\/\"]}]},{\"@type\":\"ImageObject\",\"inLanguage\":\"sk-SK\",\"@id\":\"https:\\\/\\\/begamer.cz\\\/sk\\\/produkt\\\/goat-simulator-3-pre-udder-edition-sk\\\/#primaryimage\",\"url\":\"https:\\\/\\\/begamer.cz\\\/wp-content\\\/uploads\\\/2026\\\/01\\\/goat-simulator-3-pre-udder-edition.webp\",\"contentUrl\":\"https:\\\/\\\/begamer.cz\\\/wp-content\\\/uploads\\\/2026\\\/01\\\/goat-simulator-3-pre-udder-edition.webp\",\"width\":300,\"height\":400},{\"@type\":\"BreadcrumbList\",\"@id\":\"https:\\\/\\\/begamer.cz\\\/sk\\\/produkt\\\/goat-simulator-3-pre-udder-edition-sk\\\/#breadcrumb\",\"itemListElement\":[{\"@type\":\"ListItem\",\"position\":1,\"name\":\"Domov\",\"item\":\"https:\\\/\\\/begamer.cz\\\/sk\\\/\"},{\"@type\":\"ListItem\",\"position\":2,\"name\":\"Obchod\",\"item\":\"https:\\\/\\\/begamer.cz\\\/obchod\\\/\"},{\"@type\":\"ListItem\",\"position\":3,\"name\":\"Goat Simulator 3: Pre-Udder Edition\"}]},{\"@type\":\"WebSite\",\"@id\":\"https:\\\/\\\/begamer.cz\\\/sk\\\/#website\",\"url\":\"https:\\\/\\\/begamer.cz\\\/sk\\\/\",\"name\":\"BeGamer.cz\",\"description\":\"\",\"publisher\":{\"@id\":\"https:\\\/\\\/begamer.cz\\\/sk\\\/#organization\"},\"potentialAction\":[{\"@type\":\"SearchAction\",\"target\":{\"@type\":\"EntryPoint\",\"urlTemplate\":\"https:\\\/\\\/begamer.cz\\\/sk\\\/?s={search_term_string}\"},\"query-input\":{\"@type\":\"PropertyValueSpecification\",\"valueRequired\":true,\"valueName\":\"search_term_string\"}}],\"inLanguage\":\"sk-SK\"},{\"@type\":\"Organization\",\"@id\":\"https:\\\/\\\/begamer.cz\\\/sk\\\/#organization\",\"name\":\"BeGamer.cz\",\"url\":\"https:\\\/\\\/begamer.cz\\\/sk\\\/\",\"logo\":{\"@type\":\"ImageObject\",\"inLanguage\":\"sk-SK\",\"@id\":\"https:\\\/\\\/begamer.cz\\\/sk\\\/#\\\/schema\\\/logo\\\/image\\\/\",\"url\":\"https:\\\/\\\/begamer.cz\\\/wp-content\\\/uploads\\\/2025\\\/07\\\/logo.svg\",\"contentUrl\":\"https:\\\/\\\/begamer.cz\\\/wp-content\\\/uploads\\\/2025\\\/07\\\/logo.svg\",\"caption\":\"BeGamer.cz\"},\"image\":{\"@id\":\"https:\\\/\\\/begamer.cz\\\/sk\\\/#\\\/schema\\\/logo\\\/image\\\/\"}}]}<\/script>\n<!-- \/ Yoast SEO plugin. -->","yoast_head_json":{"title":"Goat Simulator 3: Pre-Udder Edition | BeGamer.cz","robots":{"index":"index","follow":"follow","max-snippet":"max-snippet:-1","max-image-preview":"max-image-preview:large","max-video-preview":"max-video-preview:-1"},"canonical":"https:\/\/begamer.cz\/sk\/produkt\/goat-simulator-3-pre-udder-edition-sk\/","og_locale":"sk_SK","og_type":"article","og_title":"Goat Simulator 3: Pre-Udder Edition | BeGamer.cz","og_description":"Goat Simulator 3: Pre-Udder Edition pon\u00faka z\u00e1bavn\u00fd otvoren\u00fd svet pln\u00fd koz\u00edch eskap\u00e1d s nov\u00fdmi mapami, neuverite\u013enou fyzikou a bl\u00e1zniv\u00fdmi misiami. Presk\u00famajte \u017eiv\u00e9 prostredie, sp\u00f4sobte hrav\u00fd chaos a odomknite si v tejto ultim\u00e1tnej kozlej chaotickom z\u00e1\u017eitku netradi\u010dn\u00e9 kozie schopnosti. Ide\u00e1lne pre hr\u00e1\u010dov, ktor\u00ed miluj\u00fa z\u00e1bavu!","og_url":"https:\/\/begamer.cz\/sk\/produkt\/goat-simulator-3-pre-udder-edition-sk\/","og_site_name":"BeGamer.cz","article_modified_time":"2026-03-18T03:26:30+00:00","og_image":[{"width":300,"height":400,"url":"https:\/\/begamer.cz\/wp-content\/uploads\/2026\/01\/goat-simulator-3-pre-udder-edition.webp","type":"image\/webp"}],"twitter_card":"summary_large_image","twitter_misc":{"Predpokladan\u00fd \u010das \u010d\u00edtania":"1 min\u00fata"},"schema":{"@context":"https:\/\/schema.org","@graph":[{"@type":"WebPage","@id":"https:\/\/begamer.cz\/sk\/produkt\/goat-simulator-3-pre-udder-edition-sk\/","url":"https:\/\/begamer.cz\/sk\/produkt\/goat-simulator-3-pre-udder-edition-sk\/","name":"Goat Simulator 3: Pre-Udder Edition | BeGamer.cz","isPartOf":{"@id":"https:\/\/begamer.cz\/sk\/#website"},"primaryImageOfPage":{"@id":"https:\/\/begamer.cz\/sk\/produkt\/goat-simulator-3-pre-udder-edition-sk\/#primaryimage"},"image":{"@id":"https:\/\/begamer.cz\/sk\/produkt\/goat-simulator-3-pre-udder-edition-sk\/#primaryimage"},"thumbnailUrl":"https:\/\/begamer.cz\/wp-content\/uploads\/2026\/01\/goat-simulator-3-pre-udder-edition.webp","datePublished":"2026-01-30T15:19:02+00:00","dateModified":"2026-03-18T03:26:30+00:00","breadcrumb":{"@id":"https:\/\/begamer.cz\/sk\/produkt\/goat-simulator-3-pre-udder-edition-sk\/#breadcrumb"},"inLanguage":"sk-SK","potentialAction":[{"@type":"ReadAction","target":["https:\/\/begamer.cz\/sk\/produkt\/goat-simulator-3-pre-udder-edition-sk\/"]}]},{"@type":"ImageObject","inLanguage":"sk-SK","@id":"https:\/\/begamer.cz\/sk\/produkt\/goat-simulator-3-pre-udder-edition-sk\/#primaryimage","url":"https:\/\/begamer.cz\/wp-content\/uploads\/2026\/01\/goat-simulator-3-pre-udder-edition.webp","contentUrl":"https:\/\/begamer.cz\/wp-content\/uploads\/2026\/01\/goat-simulator-3-pre-udder-edition.webp","width":300,"height":400},{"@type":"BreadcrumbList","@id":"https:\/\/begamer.cz\/sk\/produkt\/goat-simulator-3-pre-udder-edition-sk\/#breadcrumb","itemListElement":[{"@type":"ListItem","position":1,"name":"Domov","item":"https:\/\/begamer.cz\/sk\/"},{"@type":"ListItem","position":2,"name":"Obchod","item":"https:\/\/begamer.cz\/obchod\/"},{"@type":"ListItem","position":3,"name":"Goat Simulator 3: Pre-Udder Edition"}]},{"@type":"WebSite","@id":"https:\/\/begamer.cz\/sk\/#website","url":"https:\/\/begamer.cz\/sk\/","name":"BeGamer.cz","description":"","publisher":{"@id":"https:\/\/begamer.cz\/sk\/#organization"},"potentialAction":[{"@type":"SearchAction","target":{"@type":"EntryPoint","urlTemplate":"https:\/\/begamer.cz\/sk\/?s={search_term_string}"},"query-input":{"@type":"PropertyValueSpecification","valueRequired":true,"valueName":"search_term_string"}}],"inLanguage":"sk-SK"},{"@type":"Organization","@id":"https:\/\/begamer.cz\/sk\/#organization","name":"BeGamer.cz","url":"https:\/\/begamer.cz\/sk\/","logo":{"@type":"ImageObject","inLanguage":"sk-SK","@id":"https:\/\/begamer.cz\/sk\/#\/schema\/logo\/image\/","url":"https:\/\/begamer.cz\/wp-content\/uploads\/2025\/07\/logo.svg","contentUrl":"https:\/\/begamer.cz\/wp-content\/uploads\/2025\/07\/logo.svg","caption":"BeGamer.cz"},"image":{"@id":"https:\/\/begamer.cz\/sk\/#\/schema\/logo\/image\/"}}]}},"acf":[],"_links":{"self":[{"href":"https:\/\/begamer.cz\/sk\/wp-json\/wp\/v2\/product\/95354","targetHints":{"allow":["GET"]}}],"collection":[{"href":"https:\/\/begamer.cz\/sk\/wp-json\/wp\/v2\/product"}],"about":[{"href":"https:\/\/begamer.cz\/sk\/wp-json\/wp\/v2\/types\/product"}],"replies":[{"embeddable":true,"href":"https:\/\/begamer.cz\/sk\/wp-json\/wp\/v2\/comments?post=95354"}],"wp:featuredmedia":[{"embeddable":true,"href":"https:\/\/begamer.cz\/sk\/wp-json\/wp\/v2\/media\/61042"}],"wp:attachment":[{"href":"https:\/\/begamer.cz\/sk\/wp-json\/wp\/v2\/media?parent=95354"}],"wp:term":[{"taxonomy":"product_brand","embeddable":true,"href":"https:\/\/begamer.cz\/sk\/wp-json\/wp\/v2\/product_brand?post=95354"},{"taxonomy":"product_cat","embeddable":true,"href":"https:\/\/begamer.cz\/sk\/wp-json\/wp\/v2\/product_cat?post=95354"},{"taxonomy":"product_tag","embeddable":true,"href":"https:\/\/begamer.cz\/sk\/wp-json\/wp\/v2\/product_tag?post=95354"}],"curies":[{"name":"wp","href":"https:\/\/api.w.org\/{rel}","templated":true}]}}