{"id":95336,"date":"2026-01-30T16:18:45","date_gmt":"2026-01-30T15:18:45","guid":{"rendered":"https:\/\/begamer.cz\/produkt\/need-for-speed-unbound-sk\/"},"modified":"2026-03-18T04:24:14","modified_gmt":"2026-03-18T03:24:14","slug":"need-for-speed-unbound-sk","status":"publish","type":"product","link":"https:\/\/begamer.cz\/sk\/produkt\/need-for-speed-unbound-sk\/","title":{"rendered":"Need for Speed: Unbound"},"content":{"rendered":"<h1>O hre<\/h1>\n<p><span class=\"bb_img_ctn\"><img decoding=\"async\" class=\"bb_img\" src=\"https:\/\/shared.akamai.steamstatic.com\/store_item_assets\/steam\/apps\/1846380\/extras\/07fe3c4756134e3a0987faa018235486.avif?t=1748950270\" width=610 height=940 \/><\/span><\/p>\n<p>S\u00fa\u0165a\u017ete s \u010dasom, prekab\u00e1\u0165te policajtov a z\u00fa\u010dastnite sa t\u00fd\u017edenn\u00fdch kvalifik\u00e1ci\u00ed, aby ste sa dostali do The Grand, najv\u00e4\u010d\u0161ej pouli\u010dnej preteckej v\u00fdzvy v Lakeshore. Napl\u0148te svoju gar\u00e1\u017e prec\u00edzne vyladen\u00fdmi vozidlami na mieru a roz\u017eiarte ulice svoj\u00edm \u0161t\u00fdlom, exkluz\u00edvnymi doplnkami a \u017eiv\u00fdm glob\u00e1lnym soundtrackom, ktor\u00fd dun\u00ed v ka\u017edom k\u00fate sveta.<\/p>\n<p>Aktualiz\u00e1cie hry prich\u00e1dzaj\u00fa vo forme zv\u00e4zkov, ke\u010f\u017ee hra sa po prv\u00fdkr\u00e1t st\u00e1va ultim\u00e1tnym z\u00e1\u017eitkom NFS na jednom mieste.<\/p>\n<p><strong>ZV\u00c4ZKY<\/strong><\/p>\n<ul class=\"bb_ul\">\n<li><strong>VOL. 9: LOCKDOWN<\/strong> \u2014 Jazdi alebo zomri so svojou partiou. Vl\u00e1m sa do Lockups pomocou prvej motorky NFS a z\u00edska\u0161 Hot rides vo vn\u00fatri, plus pr\u00edchod plne prisp\u00f4sobite\u013en\u00e9ho Subaru Impreza WRX STI &#x27;99 a Honda Integra Type R &#x27;98<\/li>\n<li><strong>VOL. 8: Cops vs. Racers<\/strong> \u2014 Za\u017eite znovu p\u00f4vodn\u00e9 vzru\u0161enie z nah\u00e1\u0148a\u010dky s n\u00e1vratom re\u017eimu Hot Pursuit, Pursuit Tech a \u00faplne nov\u00fdm Cop Progression, plus pr\u00edchodom plne prisp\u00f4sobite\u013en\u00e9ho Porsche 959 S &#x27;87 a Lotus Evija &#x27;23.<\/li>\n<li><strong>VOL. 7: Drift &amp; Drag<\/strong> \u2014 Objavte nov\u00e9 pocity z klasick\u00fdch zru\u010dnost\u00ed s op\u00e4tovn\u00fdm zaveden\u00edm re\u017eimov Drift a Drag a League progression, a pr\u00edchodom plne prisp\u00f4sobite\u013en\u00fdch modelov Ford Mustang Dark Horse &#x27;24 a BMW M3 Competition Touring &#x27;23.<\/li>\n<li><strong>VOL. 6: Head to Head<\/strong> \u2014 Vrhni sa priamo do s\u00fa\u0165a\u017ee s nov\u00fdm \u0161pecializovan\u00fdm re\u017eimom PVP s t\u00fd\u017edenn\u00fdmi playlistami a poraz svojich s\u00faperov s pr\u00edchodom 3 plne prisp\u00f4sobite\u013en\u00fdch \u00e1ut Audi.<\/li>\n<li><strong>VOL. 5<\/strong> \u2014 Uk\u00e1\u017ete, \u017ee ste dosiahli vrchol sc\u00e9ny<\/li>\n<li><strong>VOL. 4<\/strong> \u2014 Osl\u00e1vte 75 rokov Porsche<\/li>\n<li><strong>VOL. 3<\/strong> \u2014 Spolupracujte, aby ste zdolali n\u00e1ro\u010dn\u00e9 kaskad\u00e9rske v\u00fdzvy<\/li>\n<li><strong>VOL. 2<\/strong> \u2014 Vr\u00e1\u0165te sa do mesta, ktor\u00e9 sa men\u00ed<\/li>\n<\/ul>\n","protected":false},"excerpt":{"rendered":"<p>Z\u00e1vod do vrcholu, rozhodne neprepadni. Prekab\u00e1\u0165 policajtov a zapoj sa do t\u00fd\u017edenn\u00fdch kvalifik\u00e1ci\u00ed na The Grand: ultim\u00e1tny pouli\u010dn\u00fd z\u00e1vod. Napl\u0148 svoju gar\u00e1\u017e prec\u00edzne vyladen\u00fdmi vozidlami na mieru a roz\u017eiari ulice svoj\u00edm \u0161t\u00fdlom.<\/p>\n","protected":false},"featured_media":60892,"comment_status":"open","ping_status":"closed","template":"","meta":{"_acf_changed":false},"product_brand":[],"product_cat":[398,438,472],"product_tag":[],"class_list":{"0":"post-95336","1":"product","2":"type-product","3":"status-publish","4":"has-post-thumbnail","6":"product_cat-xbox-hry-sk","7":"product_cat-xbox-series-x-s-sk","8":"product_cat-zavodne-xbox-series-x-s-sk","9":"pa_audio-de-de","10":"pa_audio-en-us","11":"pa_audio-es-es","12":"pa_audio-fr-fr","13":"pa_audio-it-it","14":"pa_audio-ja-jp","16":"pa_audio-pl-pl","18":"pa_audio-zh-cn","19":"pa_countries-at","20":"pa_countries-be","21":"pa_countries-bg","22":"pa_countries-cy","23":"pa_countries-cz","25":"pa_countries-de","26":"pa_countries-dk","27":"pa_countries-ee","28":"pa_countries-es","29":"pa_countries-fi","30":"pa_countries-fr","31":"pa_countries-gr","32":"pa_countries-hu","33":"pa_countries-ie","34":"pa_countries-it","35":"pa_countries-lt","36":"pa_countries-lu","37":"pa_countries-lv","38":"pa_countries-mt","39":"pa_countries-nl","40":"pa_countries-pl","41":"pa_countries-pt","42":"pa_countries-ro","43":"pa_countries-se","44":"pa_countries-si","45":"pa_countries-sk","47":"pa_developer-criterion-games","49":"pa_engine-frostbite","51":"pa_franchises-need-for-speed","53":"pa_game_type-main_game","55":"pa_genres-racing","57":"pa_interface-ar","58":"pa_interface-de-de","59":"pa_interface-en-us","60":"pa_interface-es-es","61":"pa_interface-fr-fr","62":"pa_interface-it-it","63":"pa_interface-ja-jp","64":"pa_interface-ko-kr","66":"pa_interface-pl-pl","67":"pa_interface-pt-br","69":"pa_interface-zh-cn","70":"pa_interface-zh-tw","71":"pa_keywords-anime","73":"pa_keywords-character-customization","74":"pa_keywords-street-racing","76":"pa_modes-multiplayer","78":"pa_modes-single-player","80":"pa_pegi-927","81":"pa_pegi-13428","82":"pa_platform-xbox-series-x-s","84":"pa_player_perspectives-third-person","86":"pa_publisher-electronic-arts","88":"pa_rating-14467","89":"pa_rating-1028","90":"pa_region-europe","92":"pa_subtitles-ar","93":"pa_subtitles-de-de","95":"pa_subtitles-en-us","96":"pa_subtitles-es-es","97":"pa_subtitles-fr-fr","98":"pa_subtitles-it-it","99":"pa_subtitles-ja-jp","100":"pa_subtitles-ko-kr","101":"pa_subtitles-pl-pl","103":"pa_subtitles-zh-cn","104":"pa_subtitles-zh-tw","105":"pa_themes-action","108":"first","109":"instock","110":"virtual","111":"taxable","112":"purchasable","113":"product-type-simple"},"yoast_head":"<!-- This site is optimized with the Yoast SEO plugin v27.3 - https:\/\/yoast.com\/product\/yoast-seo-wordpress\/ -->\n<title>Need for Speed: Unbound | BeGamer.cz<\/title>\n<meta name=\"robots\" content=\"index, follow, max-snippet:-1, max-image-preview:large, max-video-preview:-1\" \/>\n<link rel=\"canonical\" href=\"https:\/\/begamer.cz\/sk\/produkt\/need-for-speed-unbound-sk\/\" \/>\n<meta property=\"og:locale\" content=\"sk_SK\" \/>\n<meta property=\"og:type\" content=\"article\" \/>\n<meta property=\"og:title\" content=\"Need for Speed: Unbound | BeGamer.cz\" \/>\n<meta property=\"og:description\" content=\"Z\u00e1vod do vrcholu, rozhodne neprepadni. Prekab\u00e1\u0165 policajtov a zapoj sa do t\u00fd\u017edenn\u00fdch kvalifik\u00e1ci\u00ed na The Grand: ultim\u00e1tny pouli\u010dn\u00fd z\u00e1vod. Napl\u0148 svoju gar\u00e1\u017e prec\u00edzne vyladen\u00fdmi vozidlami na mieru a roz\u017eiari ulice svoj\u00edm \u0161t\u00fdlom.\" \/>\n<meta property=\"og:url\" content=\"https:\/\/begamer.cz\/sk\/produkt\/need-for-speed-unbound-sk\/\" \/>\n<meta property=\"og:site_name\" content=\"BeGamer.cz\" \/>\n<meta property=\"article:modified_time\" content=\"2026-03-18T03:24:14+00:00\" \/>\n<meta property=\"og:image\" content=\"https:\/\/begamer.cz\/wp-content\/uploads\/2026\/01\/need-for-speed-unbound-5.webp\" \/>\n\t<meta property=\"og:image:width\" content=\"300\" \/>\n\t<meta property=\"og:image:height\" content=\"400\" \/>\n\t<meta property=\"og:image:type\" content=\"image\/webp\" \/>\n<meta name=\"twitter:card\" content=\"summary_large_image\" \/>\n<meta name=\"twitter:label1\" content=\"Predpokladan\u00fd \u010das \u010d\u00edtania\" \/>\n\t<meta name=\"twitter:data1\" content=\"2 min\u00faty\" \/>\n<script type=\"application\/ld+json\" class=\"yoast-schema-graph\">{\"@context\":\"https:\\\/\\\/schema.org\",\"@graph\":[{\"@type\":\"WebPage\",\"@id\":\"https:\\\/\\\/begamer.cz\\\/sk\\\/produkt\\\/need-for-speed-unbound-sk\\\/\",\"url\":\"https:\\\/\\\/begamer.cz\\\/sk\\\/produkt\\\/need-for-speed-unbound-sk\\\/\",\"name\":\"Need for Speed: Unbound | BeGamer.cz\",\"isPartOf\":{\"@id\":\"https:\\\/\\\/begamer.cz\\\/sk\\\/#website\"},\"primaryImageOfPage\":{\"@id\":\"https:\\\/\\\/begamer.cz\\\/sk\\\/produkt\\\/need-for-speed-unbound-sk\\\/#primaryimage\"},\"image\":{\"@id\":\"https:\\\/\\\/begamer.cz\\\/sk\\\/produkt\\\/need-for-speed-unbound-sk\\\/#primaryimage\"},\"thumbnailUrl\":\"https:\\\/\\\/begamer.cz\\\/wp-content\\\/uploads\\\/2026\\\/01\\\/need-for-speed-unbound-5.webp\",\"datePublished\":\"2026-01-30T15:18:45+00:00\",\"dateModified\":\"2026-03-18T03:24:14+00:00\",\"breadcrumb\":{\"@id\":\"https:\\\/\\\/begamer.cz\\\/sk\\\/produkt\\\/need-for-speed-unbound-sk\\\/#breadcrumb\"},\"inLanguage\":\"sk-SK\",\"potentialAction\":[{\"@type\":\"ReadAction\",\"target\":[\"https:\\\/\\\/begamer.cz\\\/sk\\\/produkt\\\/need-for-speed-unbound-sk\\\/\"]}]},{\"@type\":\"ImageObject\",\"inLanguage\":\"sk-SK\",\"@id\":\"https:\\\/\\\/begamer.cz\\\/sk\\\/produkt\\\/need-for-speed-unbound-sk\\\/#primaryimage\",\"url\":\"https:\\\/\\\/begamer.cz\\\/wp-content\\\/uploads\\\/2026\\\/01\\\/need-for-speed-unbound-5.webp\",\"contentUrl\":\"https:\\\/\\\/begamer.cz\\\/wp-content\\\/uploads\\\/2026\\\/01\\\/need-for-speed-unbound-5.webp\",\"width\":300,\"height\":400},{\"@type\":\"BreadcrumbList\",\"@id\":\"https:\\\/\\\/begamer.cz\\\/sk\\\/produkt\\\/need-for-speed-unbound-sk\\\/#breadcrumb\",\"itemListElement\":[{\"@type\":\"ListItem\",\"position\":1,\"name\":\"Domov\",\"item\":\"https:\\\/\\\/begamer.cz\\\/sk\\\/\"},{\"@type\":\"ListItem\",\"position\":2,\"name\":\"Obchod\",\"item\":\"https:\\\/\\\/begamer.cz\\\/obchod\\\/\"},{\"@type\":\"ListItem\",\"position\":3,\"name\":\"Need for Speed: Unbound\"}]},{\"@type\":\"WebSite\",\"@id\":\"https:\\\/\\\/begamer.cz\\\/sk\\\/#website\",\"url\":\"https:\\\/\\\/begamer.cz\\\/sk\\\/\",\"name\":\"BeGamer.cz\",\"description\":\"\",\"publisher\":{\"@id\":\"https:\\\/\\\/begamer.cz\\\/sk\\\/#organization\"},\"potentialAction\":[{\"@type\":\"SearchAction\",\"target\":{\"@type\":\"EntryPoint\",\"urlTemplate\":\"https:\\\/\\\/begamer.cz\\\/sk\\\/?s={search_term_string}\"},\"query-input\":{\"@type\":\"PropertyValueSpecification\",\"valueRequired\":true,\"valueName\":\"search_term_string\"}}],\"inLanguage\":\"sk-SK\"},{\"@type\":\"Organization\",\"@id\":\"https:\\\/\\\/begamer.cz\\\/sk\\\/#organization\",\"name\":\"BeGamer.cz\",\"url\":\"https:\\\/\\\/begamer.cz\\\/sk\\\/\",\"logo\":{\"@type\":\"ImageObject\",\"inLanguage\":\"sk-SK\",\"@id\":\"https:\\\/\\\/begamer.cz\\\/sk\\\/#\\\/schema\\\/logo\\\/image\\\/\",\"url\":\"https:\\\/\\\/begamer.cz\\\/wp-content\\\/uploads\\\/2025\\\/07\\\/logo.svg\",\"contentUrl\":\"https:\\\/\\\/begamer.cz\\\/wp-content\\\/uploads\\\/2025\\\/07\\\/logo.svg\",\"caption\":\"BeGamer.cz\"},\"image\":{\"@id\":\"https:\\\/\\\/begamer.cz\\\/sk\\\/#\\\/schema\\\/logo\\\/image\\\/\"}}]}<\/script>\n<!-- \/ Yoast SEO plugin. -->","yoast_head_json":{"title":"Need for Speed: Unbound | BeGamer.cz","robots":{"index":"index","follow":"follow","max-snippet":"max-snippet:-1","max-image-preview":"max-image-preview:large","max-video-preview":"max-video-preview:-1"},"canonical":"https:\/\/begamer.cz\/sk\/produkt\/need-for-speed-unbound-sk\/","og_locale":"sk_SK","og_type":"article","og_title":"Need for Speed: Unbound | BeGamer.cz","og_description":"Z\u00e1vod do vrcholu, rozhodne neprepadni. Prekab\u00e1\u0165 policajtov a zapoj sa do t\u00fd\u017edenn\u00fdch kvalifik\u00e1ci\u00ed na The Grand: ultim\u00e1tny pouli\u010dn\u00fd z\u00e1vod. Napl\u0148 svoju gar\u00e1\u017e prec\u00edzne vyladen\u00fdmi vozidlami na mieru a roz\u017eiari ulice svoj\u00edm \u0161t\u00fdlom.","og_url":"https:\/\/begamer.cz\/sk\/produkt\/need-for-speed-unbound-sk\/","og_site_name":"BeGamer.cz","article_modified_time":"2026-03-18T03:24:14+00:00","og_image":[{"width":300,"height":400,"url":"https:\/\/begamer.cz\/wp-content\/uploads\/2026\/01\/need-for-speed-unbound-5.webp","type":"image\/webp"}],"twitter_card":"summary_large_image","twitter_misc":{"Predpokladan\u00fd \u010das \u010d\u00edtania":"2 min\u00faty"},"schema":{"@context":"https:\/\/schema.org","@graph":[{"@type":"WebPage","@id":"https:\/\/begamer.cz\/sk\/produkt\/need-for-speed-unbound-sk\/","url":"https:\/\/begamer.cz\/sk\/produkt\/need-for-speed-unbound-sk\/","name":"Need for Speed: Unbound | BeGamer.cz","isPartOf":{"@id":"https:\/\/begamer.cz\/sk\/#website"},"primaryImageOfPage":{"@id":"https:\/\/begamer.cz\/sk\/produkt\/need-for-speed-unbound-sk\/#primaryimage"},"image":{"@id":"https:\/\/begamer.cz\/sk\/produkt\/need-for-speed-unbound-sk\/#primaryimage"},"thumbnailUrl":"https:\/\/begamer.cz\/wp-content\/uploads\/2026\/01\/need-for-speed-unbound-5.webp","datePublished":"2026-01-30T15:18:45+00:00","dateModified":"2026-03-18T03:24:14+00:00","breadcrumb":{"@id":"https:\/\/begamer.cz\/sk\/produkt\/need-for-speed-unbound-sk\/#breadcrumb"},"inLanguage":"sk-SK","potentialAction":[{"@type":"ReadAction","target":["https:\/\/begamer.cz\/sk\/produkt\/need-for-speed-unbound-sk\/"]}]},{"@type":"ImageObject","inLanguage":"sk-SK","@id":"https:\/\/begamer.cz\/sk\/produkt\/need-for-speed-unbound-sk\/#primaryimage","url":"https:\/\/begamer.cz\/wp-content\/uploads\/2026\/01\/need-for-speed-unbound-5.webp","contentUrl":"https:\/\/begamer.cz\/wp-content\/uploads\/2026\/01\/need-for-speed-unbound-5.webp","width":300,"height":400},{"@type":"BreadcrumbList","@id":"https:\/\/begamer.cz\/sk\/produkt\/need-for-speed-unbound-sk\/#breadcrumb","itemListElement":[{"@type":"ListItem","position":1,"name":"Domov","item":"https:\/\/begamer.cz\/sk\/"},{"@type":"ListItem","position":2,"name":"Obchod","item":"https:\/\/begamer.cz\/obchod\/"},{"@type":"ListItem","position":3,"name":"Need for Speed: Unbound"}]},{"@type":"WebSite","@id":"https:\/\/begamer.cz\/sk\/#website","url":"https:\/\/begamer.cz\/sk\/","name":"BeGamer.cz","description":"","publisher":{"@id":"https:\/\/begamer.cz\/sk\/#organization"},"potentialAction":[{"@type":"SearchAction","target":{"@type":"EntryPoint","urlTemplate":"https:\/\/begamer.cz\/sk\/?s={search_term_string}"},"query-input":{"@type":"PropertyValueSpecification","valueRequired":true,"valueName":"search_term_string"}}],"inLanguage":"sk-SK"},{"@type":"Organization","@id":"https:\/\/begamer.cz\/sk\/#organization","name":"BeGamer.cz","url":"https:\/\/begamer.cz\/sk\/","logo":{"@type":"ImageObject","inLanguage":"sk-SK","@id":"https:\/\/begamer.cz\/sk\/#\/schema\/logo\/image\/","url":"https:\/\/begamer.cz\/wp-content\/uploads\/2025\/07\/logo.svg","contentUrl":"https:\/\/begamer.cz\/wp-content\/uploads\/2025\/07\/logo.svg","caption":"BeGamer.cz"},"image":{"@id":"https:\/\/begamer.cz\/sk\/#\/schema\/logo\/image\/"}}]}},"acf":[],"_links":{"self":[{"href":"https:\/\/begamer.cz\/sk\/wp-json\/wp\/v2\/product\/95336","targetHints":{"allow":["GET"]}}],"collection":[{"href":"https:\/\/begamer.cz\/sk\/wp-json\/wp\/v2\/product"}],"about":[{"href":"https:\/\/begamer.cz\/sk\/wp-json\/wp\/v2\/types\/product"}],"replies":[{"embeddable":true,"href":"https:\/\/begamer.cz\/sk\/wp-json\/wp\/v2\/comments?post=95336"}],"wp:featuredmedia":[{"embeddable":true,"href":"https:\/\/begamer.cz\/sk\/wp-json\/wp\/v2\/media\/60892"}],"wp:attachment":[{"href":"https:\/\/begamer.cz\/sk\/wp-json\/wp\/v2\/media?parent=95336"}],"wp:term":[{"taxonomy":"product_brand","embeddable":true,"href":"https:\/\/begamer.cz\/sk\/wp-json\/wp\/v2\/product_brand?post=95336"},{"taxonomy":"product_cat","embeddable":true,"href":"https:\/\/begamer.cz\/sk\/wp-json\/wp\/v2\/product_cat?post=95336"},{"taxonomy":"product_tag","embeddable":true,"href":"https:\/\/begamer.cz\/sk\/wp-json\/wp\/v2\/product_tag?post=95336"}],"curies":[{"name":"wp","href":"https:\/\/api.w.org\/{rel}","templated":true}]}}