{"id":95309,"date":"2026-01-30T16:18:15","date_gmt":"2026-01-30T15:18:15","guid":{"rendered":"https:\/\/begamer.cz\/produkt\/the-chant-sk-1769786297\/"},"modified":"2026-03-18T04:23:25","modified_gmt":"2026-03-18T03:23:25","slug":"the-chant-sk-2","status":"publish","type":"product","link":"https:\/\/begamer.cz\/sk\/produkt\/the-chant-sk-2\/","title":{"rendered":"The Chant"},"content":{"rendered":"<p><strong>DUCHOVN\u00c1 NO\u010cN\u00c1 MORA<\/strong><\/p>\n<p>Hra pre jedn\u00e9ho hr\u00e1\u010da, hororov\u00e1 ak\u010dn\u00e1 advent\u00fara z poh\u013eadu tretej osoby, ktor\u00e1 sa odohr\u00e1va na od\u013eahlom ostrove, kde sa nach\u00e1dza duchovn\u00e9 \u00fato\u010disko. Pokojn\u00fd v\u00edkend sa \u010doskoro zmen\u00ed na hr\u00f4zu, ke\u010f skupina spev\u00e1kov otvor\u00ed The Gloom, psychedelick\u00fa dimenziu teroru, ktor\u00e1 sa \u017eiv\u00ed negat\u00edvnou energiou. Interagujte s opakuj\u00facimi sa postavami, rozplietajte zlo\u017eit\u00fa hist\u00f3riu ostrova a sta\u0148te sa svedkom desiv\u00fdch odhalen\u00ed o vesm\u00edre. Len vy m\u00f4\u017eete bojova\u0165 proti t\u00fdmto tvorom, presved\u010di\u0165 pre\u017eiv\u0161\u00edch a odhali\u0165 dedi\u010dstvo kultu z 70. rokov, aby ste zvr\u00e1tili ritu\u00e1l.<\/p>\n<p><strong>PRESK\u00daMAJTE OSTROV PLN\u00dd KOSMICKEJ HR\u00d4ZY<\/strong><\/p>\n<p>Interagujte s ostatn\u00fdmi \u010dlenmi \u00fato\u010diska, ktor\u00ed sa pomaly st\u00e1vaj\u00fa obe\u0165ami svojej vlastnej negat\u00edvnej energie. Pre\u017eite proti mno\u017estvu prismatick\u00fdch tvorov a kultistov uvo\u013enen\u00fdch z The Gloom, zatia\u013e \u010do sklad\u00e1te dohromady podivn\u00fa hist\u00f3riu ostrova.<\/p>\n<p><span class=\"bb_img_ctn\"><video class=\"bb_img\" autoplay muted loop playsinline poster=\"https:\/\/shared.akamai.steamstatic.com\/store_item_assets\/steam\/apps\/1577250\/extras\/a013eebc73bf5627841e99d4d0f90b49.poster.avif?t=1736492763\" width=600 height=338 ><source src=\"https:\/\/shared.akamai.steamstatic.com\/store_item_assets\/steam\/apps\/1577250\/extras\/a013eebc73bf5627841e99d4d0f90b49.webm?t=1736492763\" type=\"video\/webm; codecs=vp9\"><source src=\"https:\/\/shared.akamai.steamstatic.com\/store_item_assets\/steam\/apps\/1577250\/extras\/a013eebc73bf5627841e99d4d0f90b49.mp4?t=1736492763\" type=\"video\/mp4\"><\/video><\/span><\/p>\n<p><strong>BOJOVA\u0164 ALEBO UTEKA\u0164<\/strong><\/p>\n<p>Mus\u00edte si vybra\u0165 svoje boje a bojova\u0165 o pre\u017eitie s duchovn\u00fdmi zbra\u0148ami a schopnos\u0165ami. Zbierajte, vyr\u00e1bajte a spravujte svoje zdroje, aby ste vyu\u017eili svoje \u0161ance v boji zbl\u00edzka \u2013 alebo pod\u013eahnite panike a ute\u010dte.<\/p>\n<p><span class=\"bb_img_ctn\"><video class=\"bb_img\" autoplay muted loop playsinline poster=\"https:\/\/shared.akamai.steamstatic.com\/store_item_assets\/steam\/apps\/1577250\/extras\/dedc334a9363728630ed9cc4be89a3a4.poster.avif?t=1736492763\" width=600 height=338 ><source src=\"https:\/\/shared.akamai.steamstatic.com\/store_item_assets\/steam\/apps\/1577250\/extras\/dedc334a9363728630ed9cc4be89a3a4.webm?t=1736492763\" type=\"video\/webm; codecs=vp9\"><source src=\"https:\/\/shared.akamai.steamstatic.com\/store_item_assets\/steam\/apps\/1577250\/extras\/dedc334a9363728630ed9cc4be89a3a4.mp4?t=1736492763\" type=\"video\/mp4\"><\/video><\/span><\/p>\n<p><strong>MYSE\u013d, TELO<\/strong>, <strong>DUCH<\/strong><\/p>\n<p>Rovnov\u00e1ha je v\u0161etko. Oce\u013e svoju myse\u013e proti hr\u00f4ze a panike; chr\u00e1\u0148 svoje telo pred fyzick\u00fdmi hrozbami; pozdvihni svojho ducha, aby si meditoval a z\u00edskal pr\u00edstup k nadprirodzen\u00fdm schopnostiam.<\/p>\n<p><span class=\"bb_img_ctn\"><video class=\"bb_img\" autoplay muted loop playsinline poster=\"https:\/\/shared.akamai.steamstatic.com\/store_item_assets\/steam\/apps\/1577250\/extras\/856a133e5f87f8a880afdd1daaaf8721.poster.avif?t=1736492763\" width=600 height=338 ><source src=\"https:\/\/shared.akamai.steamstatic.com\/store_item_assets\/steam\/apps\/1577250\/extras\/856a133e5f87f8a880afdd1daaaf8721.webm?t=1736492763\" type=\"video\/webm; codecs=vp9\"><source src=\"https:\/\/shared.akamai.steamstatic.com\/store_item_assets\/steam\/apps\/1577250\/extras\/856a133e5f87f8a880afdd1daaaf8721.mp4?t=1736492763\" type=\"video\/mp4\"><\/video><\/span><\/p>\n<p><strong>MODERN\u00dd PSYCHEDELICK\u00dd HOROR<\/strong><\/p>\n<p>In\u0161pirovan\u00fd psychedelick\u00fdm hororom 70. rokov, za\u017ei krajinu farebn\u00e9ho osvetlenia a elektronick\u00e9ho rockov\u00e9ho soundtracku, zlo\u017een\u00e9ho ocenen\u00fdm Paulom Ruskayom.<\/p>\n<p><strong>V HLAVN\u00ddCH<\/strong><\/p>\n<p><strong>\u00daLOH\u00c1CH<\/strong> \u2022    Siobhan Williams v \u00falohe Jess<br \/>\u2022    Kira Clavell v \u00falohe Kim<br \/>\u2022    Nicole Anthony v \u00falohe Maya<br \/>\u2022    Praneet Akilla v \u00falohe Sonny<br \/>\u2022    Emily Tennant v \u00falohe Hannah<br \/>\u2022    Adam Millard v \u00falohe Tyler<\/p>\n","protected":false},"excerpt":{"rendered":"<p>Hororov\u00e1 ak\u010dn\u00e1 advent\u00fara pre jedn\u00e9ho hr\u00e1\u010da z poh\u013eadu tretej osoby, ktor\u00e1 sa odohr\u00e1va na od\u013eahlom duchovnom ostrove. Ak chcete pre\u017ei\u0165, mus\u00edte vyr\u00e1ba\u0165, bojova\u0165 a unikn\u00fa\u0165 psychedelick\u00fdm hr\u00f4zam, ktor\u00e9 sa rozp\u00fatali, ke\u010f sa duchovn\u00fd ritu\u00e1l nepodaril a prebudil dimenziu kozmick\u00e9ho teroru.<\/p>\n","protected":false},"featured_media":17307,"comment_status":"open","ping_status":"closed","template":"","meta":{"_acf_changed":false},"product_brand":[],"product_cat":[457,461,398,438],"product_tag":[],"class_list":{"0":"post-95309","1":"product","2":"type-product","3":"status-publish","4":"has-post-thumbnail","6":"product_cat-adventury-xbox-series-x-s-sk","7":"product_cat-dobrodruzne-xbox-series-x-s-sk","8":"product_cat-xbox-hry-sk","9":"product_cat-xbox-series-x-s-sk","10":"pa_audio-de-de","11":"pa_audio-en-us","12":"pa_audio-es-es","13":"pa_audio-es-mx","15":"pa_audio-fr-fr","16":"pa_audio-it-it","17":"pa_audio-ja-jp","18":"pa_audio-pl-pl","19":"pa_audio-ru-ru","20":"pa_countries-at","21":"pa_countries-be","22":"pa_countries-bg","23":"pa_countries-cy","24":"pa_countries-cz","26":"pa_countries-de","27":"pa_countries-dk","28":"pa_countries-ee","29":"pa_countries-es","30":"pa_countries-fi","31":"pa_countries-fr","32":"pa_countries-gr","33":"pa_countries-hr","34":"pa_countries-hu","35":"pa_countries-ie","36":"pa_countries-it","37":"pa_countries-lt","38":"pa_countries-lu","39":"pa_countries-lv","40":"pa_countries-mt","41":"pa_countries-nl","42":"pa_countries-pl","43":"pa_countries-pt","44":"pa_countries-ro","45":"pa_countries-se","46":"pa_countries-si","47":"pa_countries-sk","48":"pa_developer-brass-token","49":"pa_developer-brass-token-2","50":"pa_engine-unreal-engine-5","52":"pa_game_type-main_game","54":"pa_genres-adventure","56":"pa_interface-de-de","57":"pa_interface-en-us","58":"pa_interface-es-es","59":"pa_interface-es-mx","60":"pa_interface-fr-fr","61":"pa_interface-it-it","62":"pa_interface-ja-jp","63":"pa_interface-ko-kr","64":"pa_interface-pl-pl","65":"pa_interface-pt-br","66":"pa_interface-ru-ru","68":"pa_interface-tr-tr","69":"pa_interface-zh-cn","70":"pa_interface-zh-tw","71":"pa_keywords-combat","72":"pa_keywords-cosmic-horror","73":"pa_keywords-cult","74":"pa_keywords-psychedelic","75":"pa_keywords-steam-achievements","76":"pa_keywords-steam-cloud","78":"pa_keywords-steam-families","79":"pa_modes-single-player","81":"pa_pegi-956","82":"pa_pegi-13432","83":"pa_platform-xbox-series-x-s","85":"pa_player_perspectives-third-person","87":"pa_publisher-prime-matter","89":"pa_rating-14510","90":"pa_rating-1357","91":"pa_region-europe","93":"pa_subtitles-de-de","95":"pa_subtitles-en-us","96":"pa_subtitles-es-es","97":"pa_subtitles-es-mx","98":"pa_subtitles-fr-fr","99":"pa_subtitles-it-it","100":"pa_subtitles-ja-jp","101":"pa_subtitles-ko-kr","102":"pa_subtitles-pl-pl","103":"pa_subtitles-pt-br","104":"pa_subtitles-ru-ru","105":"pa_subtitles-tr-tr","106":"pa_subtitles-zh-cn","107":"pa_subtitles-zh-tw","108":"pa_themes-action","109":"pa_themes-horror","111":"pa_themes-survival","113":"first","114":"instock","115":"virtual","116":"taxable","117":"purchasable","118":"product-type-simple"},"yoast_head":"<!-- This site is optimized with the Yoast SEO plugin v27.3 - https:\/\/yoast.com\/product\/yoast-seo-wordpress\/ -->\n<title>The Chant | BeGamer.cz<\/title>\n<meta name=\"robots\" content=\"index, follow, max-snippet:-1, max-image-preview:large, max-video-preview:-1\" \/>\n<link rel=\"canonical\" href=\"https:\/\/begamer.cz\/sk\/produkt\/the-chant-sk-2\/\" \/>\n<meta property=\"og:locale\" content=\"sk_SK\" \/>\n<meta property=\"og:type\" content=\"article\" \/>\n<meta property=\"og:title\" content=\"The Chant | BeGamer.cz\" \/>\n<meta property=\"og:description\" content=\"Hororov\u00e1 ak\u010dn\u00e1 advent\u00fara pre jedn\u00e9ho hr\u00e1\u010da z poh\u013eadu tretej osoby, ktor\u00e1 sa odohr\u00e1va na od\u013eahlom duchovnom ostrove. Ak chcete pre\u017ei\u0165, mus\u00edte vyr\u00e1ba\u0165, bojova\u0165 a unikn\u00fa\u0165 psychedelick\u00fdm hr\u00f4zam, ktor\u00e9 sa rozp\u00fatali, ke\u010f sa duchovn\u00fd ritu\u00e1l nepodaril a prebudil dimenziu kozmick\u00e9ho teroru.\" \/>\n<meta property=\"og:url\" content=\"https:\/\/begamer.cz\/sk\/produkt\/the-chant-sk-2\/\" \/>\n<meta property=\"og:site_name\" content=\"BeGamer.cz\" \/>\n<meta property=\"article:modified_time\" content=\"2026-03-18T03:23:25+00:00\" \/>\n<meta property=\"og:image\" content=\"https:\/\/begamer.cz\/wp-content\/uploads\/2026\/01\/the-chant-10.webp\" \/>\n\t<meta property=\"og:image:width\" content=\"300\" \/>\n\t<meta property=\"og:image:height\" content=\"400\" \/>\n\t<meta property=\"og:image:type\" content=\"image\/webp\" \/>\n<meta name=\"twitter:card\" content=\"summary_large_image\" \/>\n<meta name=\"twitter:label1\" content=\"Predpokladan\u00fd \u010das \u010d\u00edtania\" \/>\n\t<meta name=\"twitter:data1\" content=\"2 min\u00faty\" \/>\n<script type=\"application\/ld+json\" class=\"yoast-schema-graph\">{\"@context\":\"https:\\\/\\\/schema.org\",\"@graph\":[{\"@type\":\"WebPage\",\"@id\":\"https:\\\/\\\/begamer.cz\\\/sk\\\/produkt\\\/the-chant-sk-2\\\/\",\"url\":\"https:\\\/\\\/begamer.cz\\\/sk\\\/produkt\\\/the-chant-sk-2\\\/\",\"name\":\"The Chant | BeGamer.cz\",\"isPartOf\":{\"@id\":\"https:\\\/\\\/begamer.cz\\\/sk\\\/#website\"},\"primaryImageOfPage\":{\"@id\":\"https:\\\/\\\/begamer.cz\\\/sk\\\/produkt\\\/the-chant-sk-2\\\/#primaryimage\"},\"image\":{\"@id\":\"https:\\\/\\\/begamer.cz\\\/sk\\\/produkt\\\/the-chant-sk-2\\\/#primaryimage\"},\"thumbnailUrl\":\"https:\\\/\\\/begamer.cz\\\/wp-content\\\/uploads\\\/2026\\\/01\\\/the-chant-10.webp\",\"datePublished\":\"2026-01-30T15:18:15+00:00\",\"dateModified\":\"2026-03-18T03:23:25+00:00\",\"breadcrumb\":{\"@id\":\"https:\\\/\\\/begamer.cz\\\/sk\\\/produkt\\\/the-chant-sk-2\\\/#breadcrumb\"},\"inLanguage\":\"sk-SK\",\"potentialAction\":[{\"@type\":\"ReadAction\",\"target\":[\"https:\\\/\\\/begamer.cz\\\/sk\\\/produkt\\\/the-chant-sk-2\\\/\"]}]},{\"@type\":\"ImageObject\",\"inLanguage\":\"sk-SK\",\"@id\":\"https:\\\/\\\/begamer.cz\\\/sk\\\/produkt\\\/the-chant-sk-2\\\/#primaryimage\",\"url\":\"https:\\\/\\\/begamer.cz\\\/wp-content\\\/uploads\\\/2026\\\/01\\\/the-chant-10.webp\",\"contentUrl\":\"https:\\\/\\\/begamer.cz\\\/wp-content\\\/uploads\\\/2026\\\/01\\\/the-chant-10.webp\",\"width\":300,\"height\":400},{\"@type\":\"BreadcrumbList\",\"@id\":\"https:\\\/\\\/begamer.cz\\\/sk\\\/produkt\\\/the-chant-sk-2\\\/#breadcrumb\",\"itemListElement\":[{\"@type\":\"ListItem\",\"position\":1,\"name\":\"Domov\",\"item\":\"https:\\\/\\\/begamer.cz\\\/sk\\\/\"},{\"@type\":\"ListItem\",\"position\":2,\"name\":\"Obchod\",\"item\":\"https:\\\/\\\/begamer.cz\\\/obchod\\\/\"},{\"@type\":\"ListItem\",\"position\":3,\"name\":\"The Chant\"}]},{\"@type\":\"WebSite\",\"@id\":\"https:\\\/\\\/begamer.cz\\\/sk\\\/#website\",\"url\":\"https:\\\/\\\/begamer.cz\\\/sk\\\/\",\"name\":\"BeGamer.cz\",\"description\":\"\",\"publisher\":{\"@id\":\"https:\\\/\\\/begamer.cz\\\/sk\\\/#organization\"},\"potentialAction\":[{\"@type\":\"SearchAction\",\"target\":{\"@type\":\"EntryPoint\",\"urlTemplate\":\"https:\\\/\\\/begamer.cz\\\/sk\\\/?s={search_term_string}\"},\"query-input\":{\"@type\":\"PropertyValueSpecification\",\"valueRequired\":true,\"valueName\":\"search_term_string\"}}],\"inLanguage\":\"sk-SK\"},{\"@type\":\"Organization\",\"@id\":\"https:\\\/\\\/begamer.cz\\\/sk\\\/#organization\",\"name\":\"BeGamer.cz\",\"url\":\"https:\\\/\\\/begamer.cz\\\/sk\\\/\",\"logo\":{\"@type\":\"ImageObject\",\"inLanguage\":\"sk-SK\",\"@id\":\"https:\\\/\\\/begamer.cz\\\/sk\\\/#\\\/schema\\\/logo\\\/image\\\/\",\"url\":\"https:\\\/\\\/begamer.cz\\\/wp-content\\\/uploads\\\/2025\\\/07\\\/logo.svg\",\"contentUrl\":\"https:\\\/\\\/begamer.cz\\\/wp-content\\\/uploads\\\/2025\\\/07\\\/logo.svg\",\"caption\":\"BeGamer.cz\"},\"image\":{\"@id\":\"https:\\\/\\\/begamer.cz\\\/sk\\\/#\\\/schema\\\/logo\\\/image\\\/\"}}]}<\/script>\n<!-- \/ Yoast SEO plugin. -->","yoast_head_json":{"title":"The Chant | BeGamer.cz","robots":{"index":"index","follow":"follow","max-snippet":"max-snippet:-1","max-image-preview":"max-image-preview:large","max-video-preview":"max-video-preview:-1"},"canonical":"https:\/\/begamer.cz\/sk\/produkt\/the-chant-sk-2\/","og_locale":"sk_SK","og_type":"article","og_title":"The Chant | BeGamer.cz","og_description":"Hororov\u00e1 ak\u010dn\u00e1 advent\u00fara pre jedn\u00e9ho hr\u00e1\u010da z poh\u013eadu tretej osoby, ktor\u00e1 sa odohr\u00e1va na od\u013eahlom duchovnom ostrove. Ak chcete pre\u017ei\u0165, mus\u00edte vyr\u00e1ba\u0165, bojova\u0165 a unikn\u00fa\u0165 psychedelick\u00fdm hr\u00f4zam, ktor\u00e9 sa rozp\u00fatali, ke\u010f sa duchovn\u00fd ritu\u00e1l nepodaril a prebudil dimenziu kozmick\u00e9ho teroru.","og_url":"https:\/\/begamer.cz\/sk\/produkt\/the-chant-sk-2\/","og_site_name":"BeGamer.cz","article_modified_time":"2026-03-18T03:23:25+00:00","og_image":[{"width":300,"height":400,"url":"https:\/\/begamer.cz\/wp-content\/uploads\/2026\/01\/the-chant-10.webp","type":"image\/webp"}],"twitter_card":"summary_large_image","twitter_misc":{"Predpokladan\u00fd \u010das \u010d\u00edtania":"2 min\u00faty"},"schema":{"@context":"https:\/\/schema.org","@graph":[{"@type":"WebPage","@id":"https:\/\/begamer.cz\/sk\/produkt\/the-chant-sk-2\/","url":"https:\/\/begamer.cz\/sk\/produkt\/the-chant-sk-2\/","name":"The Chant | BeGamer.cz","isPartOf":{"@id":"https:\/\/begamer.cz\/sk\/#website"},"primaryImageOfPage":{"@id":"https:\/\/begamer.cz\/sk\/produkt\/the-chant-sk-2\/#primaryimage"},"image":{"@id":"https:\/\/begamer.cz\/sk\/produkt\/the-chant-sk-2\/#primaryimage"},"thumbnailUrl":"https:\/\/begamer.cz\/wp-content\/uploads\/2026\/01\/the-chant-10.webp","datePublished":"2026-01-30T15:18:15+00:00","dateModified":"2026-03-18T03:23:25+00:00","breadcrumb":{"@id":"https:\/\/begamer.cz\/sk\/produkt\/the-chant-sk-2\/#breadcrumb"},"inLanguage":"sk-SK","potentialAction":[{"@type":"ReadAction","target":["https:\/\/begamer.cz\/sk\/produkt\/the-chant-sk-2\/"]}]},{"@type":"ImageObject","inLanguage":"sk-SK","@id":"https:\/\/begamer.cz\/sk\/produkt\/the-chant-sk-2\/#primaryimage","url":"https:\/\/begamer.cz\/wp-content\/uploads\/2026\/01\/the-chant-10.webp","contentUrl":"https:\/\/begamer.cz\/wp-content\/uploads\/2026\/01\/the-chant-10.webp","width":300,"height":400},{"@type":"BreadcrumbList","@id":"https:\/\/begamer.cz\/sk\/produkt\/the-chant-sk-2\/#breadcrumb","itemListElement":[{"@type":"ListItem","position":1,"name":"Domov","item":"https:\/\/begamer.cz\/sk\/"},{"@type":"ListItem","position":2,"name":"Obchod","item":"https:\/\/begamer.cz\/obchod\/"},{"@type":"ListItem","position":3,"name":"The Chant"}]},{"@type":"WebSite","@id":"https:\/\/begamer.cz\/sk\/#website","url":"https:\/\/begamer.cz\/sk\/","name":"BeGamer.cz","description":"","publisher":{"@id":"https:\/\/begamer.cz\/sk\/#organization"},"potentialAction":[{"@type":"SearchAction","target":{"@type":"EntryPoint","urlTemplate":"https:\/\/begamer.cz\/sk\/?s={search_term_string}"},"query-input":{"@type":"PropertyValueSpecification","valueRequired":true,"valueName":"search_term_string"}}],"inLanguage":"sk-SK"},{"@type":"Organization","@id":"https:\/\/begamer.cz\/sk\/#organization","name":"BeGamer.cz","url":"https:\/\/begamer.cz\/sk\/","logo":{"@type":"ImageObject","inLanguage":"sk-SK","@id":"https:\/\/begamer.cz\/sk\/#\/schema\/logo\/image\/","url":"https:\/\/begamer.cz\/wp-content\/uploads\/2025\/07\/logo.svg","contentUrl":"https:\/\/begamer.cz\/wp-content\/uploads\/2025\/07\/logo.svg","caption":"BeGamer.cz"},"image":{"@id":"https:\/\/begamer.cz\/sk\/#\/schema\/logo\/image\/"}}]}},"acf":[],"_links":{"self":[{"href":"https:\/\/begamer.cz\/sk\/wp-json\/wp\/v2\/product\/95309","targetHints":{"allow":["GET"]}}],"collection":[{"href":"https:\/\/begamer.cz\/sk\/wp-json\/wp\/v2\/product"}],"about":[{"href":"https:\/\/begamer.cz\/sk\/wp-json\/wp\/v2\/types\/product"}],"replies":[{"embeddable":true,"href":"https:\/\/begamer.cz\/sk\/wp-json\/wp\/v2\/comments?post=95309"}],"wp:featuredmedia":[{"embeddable":true,"href":"https:\/\/begamer.cz\/sk\/wp-json\/wp\/v2\/media\/17307"}],"wp:attachment":[{"href":"https:\/\/begamer.cz\/sk\/wp-json\/wp\/v2\/media?parent=95309"}],"wp:term":[{"taxonomy":"product_brand","embeddable":true,"href":"https:\/\/begamer.cz\/sk\/wp-json\/wp\/v2\/product_brand?post=95309"},{"taxonomy":"product_cat","embeddable":true,"href":"https:\/\/begamer.cz\/sk\/wp-json\/wp\/v2\/product_cat?post=95309"},{"taxonomy":"product_tag","embeddable":true,"href":"https:\/\/begamer.cz\/sk\/wp-json\/wp\/v2\/product_tag?post=95309"}],"curies":[{"name":"wp","href":"https:\/\/api.w.org\/{rel}","templated":true}]}}