{"id":95303,"date":"2026-01-30T16:18:07","date_gmt":"2026-01-30T15:18:07","guid":{"rendered":"https:\/\/begamer.cz\/produkt\/oddballers-sk\/"},"modified":"2026-03-18T04:23:13","modified_gmt":"2026-03-18T03:23:13","slug":"oddballers-sk","status":"publish","type":"product","link":"https:\/\/begamer.cz\/sk\/produkt\/oddballers-sk\/","title":{"rendered":"OddBallers"},"content":{"rendered":"<p>Pou\u017eite brut\u00e1lne nespravodliv\u00e9 taktiky, aby ste zm\u00e1tli svojich s\u00faperov v tejto bl\u00e1znivej multiplayerovej p\u00e1rty hre! <\/p>\n<p>\u2022 Zahrajte si nov\u00fd typ tvrd\u00e9ho vyb\u00edjanej<br \/>\n<br \/>Vyh\u00fdbajte sa, blokujte a chytajte v\u0161etko, \u010do m\u00f4\u017eete, aby ste to hodili do tv\u00e1re svojim nepriate\u013eom. A vyu\u017eite prostredie, aby ste porazili s\u00faperov.<\/p>\n<p>\u2022 Prijmi absurditu<br \/>\n<br \/>Ka\u017ed\u00e1 ar\u00e9na m\u00e1 svoje vlastn\u00e9 pravidl\u00e1 a pon\u00faka r\u00f4zne bl\u00e1zniv\u00e9 minihry, kde sa m\u00f4\u017ee sta\u0165 \u010doko\u013evek! Od hier typu \u201eposledn\u00fd zost\u00e1vaj\u00faci\u201c a\u017e po e\u0161te \u0161ialenej\u0161ie.<\/p>\n<p>\u2022 Vyzvi svojich priate\u013eov<br \/>\n<br \/>Hraj s a\u017e \u0161iestimi hr\u00e1\u010dmi vo svojej ob\u00fdva\u010dke alebo sa zapoj do online z\u00e1pasov a s\u00fa\u0165a\u017e proti piatim \u010fal\u0161\u00edm s\u00faperom.<\/p>\n<p>\u2022 Prisp\u00f4sobte si svoju postavu<br \/>\n<br \/>Prisp\u00f4sobte si svoju postavu od hlavy po p\u00e4ty pomocou stoviek vtipn\u00fdch oble\u010den\u00ed, \u00fa\u010desov a \u010fal\u0161\u00edch doplnkov.<\/p>\n<p>Hrajte online so svojimi priate\u013emi na akejko\u013evek platforme v\u010faka cross-play!<\/p>\n<p>Hra podporuje iba 4 s\u00fa\u010dasn\u00e9 ovl\u00e1da\u010de Xbox. Ak chcete hra\u0165 lok\u00e1lne s viac ako 4 hr\u00e1\u010dmi, pridajte ovl\u00e1da\u010de PlayStation.<\/p>\n","protected":false},"excerpt":{"rendered":"<p>OddBallers je r\u00fdchla multiplayerov\u00e1 p\u00e1rty hra, v ktorej sa bizarn\u00e9 postavy stret\u00e1vaj\u00fa v chaotick\u00fdch z\u00e1pasoch zalo\u017een\u00fdch na fyzik\u00e1lnych z\u00e1konoch. Pou\u017eite jedine\u010dn\u00e9 zbrane a vylep\u0161enia, aby ste porazili s\u00faperov v \u017eiv\u00fdch ar\u00e9nach. Z\u00e1bavn\u00e1, nepredv\u00eddate\u013en\u00e1 a ide\u00e1lna pre priate\u013eov, ktor\u00ed h\u013eadaj\u00fa divok\u00fa s\u00fa\u0165a\u017en\u00fa z\u00e1bavu.<\/p>\n","protected":false},"featured_media":60721,"comment_status":"open","ping_status":"closed","template":"","meta":{"_acf_changed":false},"product_brand":[],"product_cat":[210,179,200,224,226],"product_tag":[],"class_list":{"0":"post-95303","1":"product","2":"type-product","3":"status-publish","4":"has-post-thumbnail","6":"product_cat-dobrodruzne-nintendo-switch-sk","7":"product_cat-nintendo-hry-sk","8":"product_cat-nintendo-switch-sk","9":"product_cat-simulatory-nintendo-switch-sk","10":"product_cat-sportove-nintendo-switch-sk","11":"pa_audio-en-us","13":"pa_countries-at","14":"pa_countries-be","15":"pa_countries-bg","16":"pa_countries-cy","17":"pa_countries-cz","19":"pa_countries-de","20":"pa_countries-dk","21":"pa_countries-ee","22":"pa_countries-es","23":"pa_countries-fi","24":"pa_countries-fr","25":"pa_countries-gr","26":"pa_countries-hr","27":"pa_countries-hu","28":"pa_countries-ie","29":"pa_countries-it","30":"pa_countries-lt","31":"pa_countries-lu","32":"pa_countries-lv","33":"pa_countries-mt","34":"pa_countries-nl","35":"pa_countries-pl","36":"pa_countries-pt","37":"pa_countries-ro","38":"pa_countries-se","39":"pa_countries-si","40":"pa_countries-sk","41":"pa_developer-game-swing","43":"pa_engine-unity","45":"pa_game_type-main_game","47":"pa_genres-adventure","48":"pa_genres-indie","49":"pa_genres-simulator","50":"pa_genres-sport","52":"pa_interface-da-dk","54":"pa_interface-de-de","55":"pa_interface-en-us","56":"pa_interface-es-es","57":"pa_interface-es-mx","58":"pa_interface-fr-fr","59":"pa_interface-it-it","60":"pa_interface-ja-jp","61":"pa_interface-ko-kr","62":"pa_interface-nl-nl","63":"pa_interface-pl-pl","64":"pa_interface-pt-br","65":"pa_interface-pt-pt","66":"pa_interface-ru-ru","67":"pa_interface-tr-tr","68":"pa_interface-zh-cn","69":"pa_interface-zh-tw","70":"pa_modes-co-operative","71":"pa_modes-multiplayer","73":"pa_modes-single-player","74":"pa_pegi-13424","75":"pa_pegi-772","76":"pa_platform-nintendo-switch","78":"pa_player_perspectives-bird-view-isometric","80":"pa_publisher-game-swing","82":"pa_rating-14441","83":"pa_rating-773","84":"pa_region-europe","86":"pa_themes-action","87":"pa_themes-party","90":"first","91":"instock","92":"virtual","93":"taxable","94":"purchasable","95":"product-type-simple"},"yoast_head":"<!-- This site is optimized with the Yoast SEO plugin v27.3 - https:\/\/yoast.com\/product\/yoast-seo-wordpress\/ -->\n<title>OddBallers | BeGamer.cz<\/title>\n<meta name=\"robots\" content=\"index, follow, max-snippet:-1, max-image-preview:large, max-video-preview:-1\" \/>\n<link rel=\"canonical\" href=\"https:\/\/begamer.cz\/sk\/produkt\/oddballers-sk\/\" \/>\n<meta property=\"og:locale\" content=\"sk_SK\" \/>\n<meta property=\"og:type\" content=\"article\" \/>\n<meta property=\"og:title\" content=\"OddBallers | BeGamer.cz\" \/>\n<meta property=\"og:description\" content=\"OddBallers je r\u00fdchla multiplayerov\u00e1 p\u00e1rty hra, v ktorej sa bizarn\u00e9 postavy stret\u00e1vaj\u00fa v chaotick\u00fdch z\u00e1pasoch zalo\u017een\u00fdch na fyzik\u00e1lnych z\u00e1konoch. Pou\u017eite jedine\u010dn\u00e9 zbrane a vylep\u0161enia, aby ste porazili s\u00faperov v \u017eiv\u00fdch ar\u00e9nach. Z\u00e1bavn\u00e1, nepredv\u00eddate\u013en\u00e1 a ide\u00e1lna pre priate\u013eov, ktor\u00ed h\u013eadaj\u00fa divok\u00fa s\u00fa\u0165a\u017en\u00fa z\u00e1bavu.\" \/>\n<meta property=\"og:url\" content=\"https:\/\/begamer.cz\/sk\/produkt\/oddballers-sk\/\" \/>\n<meta property=\"og:site_name\" content=\"BeGamer.cz\" \/>\n<meta property=\"article:modified_time\" content=\"2026-03-18T03:23:13+00:00\" \/>\n<meta property=\"og:image\" content=\"https:\/\/begamer.cz\/wp-content\/uploads\/2026\/01\/oddballers-6.webp\" \/>\n\t<meta property=\"og:image:width\" content=\"300\" \/>\n\t<meta property=\"og:image:height\" content=\"400\" \/>\n\t<meta property=\"og:image:type\" content=\"image\/webp\" \/>\n<meta name=\"twitter:card\" content=\"summary_large_image\" \/>\n<meta name=\"twitter:label1\" content=\"Predpokladan\u00fd \u010das \u010d\u00edtania\" \/>\n\t<meta name=\"twitter:data1\" content=\"1 min\u00fata\" \/>\n<script type=\"application\/ld+json\" class=\"yoast-schema-graph\">{\"@context\":\"https:\\\/\\\/schema.org\",\"@graph\":[{\"@type\":\"WebPage\",\"@id\":\"https:\\\/\\\/begamer.cz\\\/sk\\\/produkt\\\/oddballers-sk\\\/\",\"url\":\"https:\\\/\\\/begamer.cz\\\/sk\\\/produkt\\\/oddballers-sk\\\/\",\"name\":\"OddBallers | BeGamer.cz\",\"isPartOf\":{\"@id\":\"https:\\\/\\\/begamer.cz\\\/sk\\\/#website\"},\"primaryImageOfPage\":{\"@id\":\"https:\\\/\\\/begamer.cz\\\/sk\\\/produkt\\\/oddballers-sk\\\/#primaryimage\"},\"image\":{\"@id\":\"https:\\\/\\\/begamer.cz\\\/sk\\\/produkt\\\/oddballers-sk\\\/#primaryimage\"},\"thumbnailUrl\":\"https:\\\/\\\/begamer.cz\\\/wp-content\\\/uploads\\\/2026\\\/01\\\/oddballers-6.webp\",\"datePublished\":\"2026-01-30T15:18:07+00:00\",\"dateModified\":\"2026-03-18T03:23:13+00:00\",\"breadcrumb\":{\"@id\":\"https:\\\/\\\/begamer.cz\\\/sk\\\/produkt\\\/oddballers-sk\\\/#breadcrumb\"},\"inLanguage\":\"sk-SK\",\"potentialAction\":[{\"@type\":\"ReadAction\",\"target\":[\"https:\\\/\\\/begamer.cz\\\/sk\\\/produkt\\\/oddballers-sk\\\/\"]}]},{\"@type\":\"ImageObject\",\"inLanguage\":\"sk-SK\",\"@id\":\"https:\\\/\\\/begamer.cz\\\/sk\\\/produkt\\\/oddballers-sk\\\/#primaryimage\",\"url\":\"https:\\\/\\\/begamer.cz\\\/wp-content\\\/uploads\\\/2026\\\/01\\\/oddballers-6.webp\",\"contentUrl\":\"https:\\\/\\\/begamer.cz\\\/wp-content\\\/uploads\\\/2026\\\/01\\\/oddballers-6.webp\",\"width\":300,\"height\":400},{\"@type\":\"BreadcrumbList\",\"@id\":\"https:\\\/\\\/begamer.cz\\\/sk\\\/produkt\\\/oddballers-sk\\\/#breadcrumb\",\"itemListElement\":[{\"@type\":\"ListItem\",\"position\":1,\"name\":\"Domov\",\"item\":\"https:\\\/\\\/begamer.cz\\\/sk\\\/\"},{\"@type\":\"ListItem\",\"position\":2,\"name\":\"Obchod\",\"item\":\"https:\\\/\\\/begamer.cz\\\/obchod\\\/\"},{\"@type\":\"ListItem\",\"position\":3,\"name\":\"OddBallers\"}]},{\"@type\":\"WebSite\",\"@id\":\"https:\\\/\\\/begamer.cz\\\/sk\\\/#website\",\"url\":\"https:\\\/\\\/begamer.cz\\\/sk\\\/\",\"name\":\"BeGamer.cz\",\"description\":\"\",\"publisher\":{\"@id\":\"https:\\\/\\\/begamer.cz\\\/sk\\\/#organization\"},\"potentialAction\":[{\"@type\":\"SearchAction\",\"target\":{\"@type\":\"EntryPoint\",\"urlTemplate\":\"https:\\\/\\\/begamer.cz\\\/sk\\\/?s={search_term_string}\"},\"query-input\":{\"@type\":\"PropertyValueSpecification\",\"valueRequired\":true,\"valueName\":\"search_term_string\"}}],\"inLanguage\":\"sk-SK\"},{\"@type\":\"Organization\",\"@id\":\"https:\\\/\\\/begamer.cz\\\/sk\\\/#organization\",\"name\":\"BeGamer.cz\",\"url\":\"https:\\\/\\\/begamer.cz\\\/sk\\\/\",\"logo\":{\"@type\":\"ImageObject\",\"inLanguage\":\"sk-SK\",\"@id\":\"https:\\\/\\\/begamer.cz\\\/sk\\\/#\\\/schema\\\/logo\\\/image\\\/\",\"url\":\"https:\\\/\\\/begamer.cz\\\/wp-content\\\/uploads\\\/2025\\\/07\\\/logo.svg\",\"contentUrl\":\"https:\\\/\\\/begamer.cz\\\/wp-content\\\/uploads\\\/2025\\\/07\\\/logo.svg\",\"caption\":\"BeGamer.cz\"},\"image\":{\"@id\":\"https:\\\/\\\/begamer.cz\\\/sk\\\/#\\\/schema\\\/logo\\\/image\\\/\"}}]}<\/script>\n<!-- \/ Yoast SEO plugin. -->","yoast_head_json":{"title":"OddBallers | BeGamer.cz","robots":{"index":"index","follow":"follow","max-snippet":"max-snippet:-1","max-image-preview":"max-image-preview:large","max-video-preview":"max-video-preview:-1"},"canonical":"https:\/\/begamer.cz\/sk\/produkt\/oddballers-sk\/","og_locale":"sk_SK","og_type":"article","og_title":"OddBallers | BeGamer.cz","og_description":"OddBallers je r\u00fdchla multiplayerov\u00e1 p\u00e1rty hra, v ktorej sa bizarn\u00e9 postavy stret\u00e1vaj\u00fa v chaotick\u00fdch z\u00e1pasoch zalo\u017een\u00fdch na fyzik\u00e1lnych z\u00e1konoch. Pou\u017eite jedine\u010dn\u00e9 zbrane a vylep\u0161enia, aby ste porazili s\u00faperov v \u017eiv\u00fdch ar\u00e9nach. Z\u00e1bavn\u00e1, nepredv\u00eddate\u013en\u00e1 a ide\u00e1lna pre priate\u013eov, ktor\u00ed h\u013eadaj\u00fa divok\u00fa s\u00fa\u0165a\u017en\u00fa z\u00e1bavu.","og_url":"https:\/\/begamer.cz\/sk\/produkt\/oddballers-sk\/","og_site_name":"BeGamer.cz","article_modified_time":"2026-03-18T03:23:13+00:00","og_image":[{"width":300,"height":400,"url":"https:\/\/begamer.cz\/wp-content\/uploads\/2026\/01\/oddballers-6.webp","type":"image\/webp"}],"twitter_card":"summary_large_image","twitter_misc":{"Predpokladan\u00fd \u010das \u010d\u00edtania":"1 min\u00fata"},"schema":{"@context":"https:\/\/schema.org","@graph":[{"@type":"WebPage","@id":"https:\/\/begamer.cz\/sk\/produkt\/oddballers-sk\/","url":"https:\/\/begamer.cz\/sk\/produkt\/oddballers-sk\/","name":"OddBallers | BeGamer.cz","isPartOf":{"@id":"https:\/\/begamer.cz\/sk\/#website"},"primaryImageOfPage":{"@id":"https:\/\/begamer.cz\/sk\/produkt\/oddballers-sk\/#primaryimage"},"image":{"@id":"https:\/\/begamer.cz\/sk\/produkt\/oddballers-sk\/#primaryimage"},"thumbnailUrl":"https:\/\/begamer.cz\/wp-content\/uploads\/2026\/01\/oddballers-6.webp","datePublished":"2026-01-30T15:18:07+00:00","dateModified":"2026-03-18T03:23:13+00:00","breadcrumb":{"@id":"https:\/\/begamer.cz\/sk\/produkt\/oddballers-sk\/#breadcrumb"},"inLanguage":"sk-SK","potentialAction":[{"@type":"ReadAction","target":["https:\/\/begamer.cz\/sk\/produkt\/oddballers-sk\/"]}]},{"@type":"ImageObject","inLanguage":"sk-SK","@id":"https:\/\/begamer.cz\/sk\/produkt\/oddballers-sk\/#primaryimage","url":"https:\/\/begamer.cz\/wp-content\/uploads\/2026\/01\/oddballers-6.webp","contentUrl":"https:\/\/begamer.cz\/wp-content\/uploads\/2026\/01\/oddballers-6.webp","width":300,"height":400},{"@type":"BreadcrumbList","@id":"https:\/\/begamer.cz\/sk\/produkt\/oddballers-sk\/#breadcrumb","itemListElement":[{"@type":"ListItem","position":1,"name":"Domov","item":"https:\/\/begamer.cz\/sk\/"},{"@type":"ListItem","position":2,"name":"Obchod","item":"https:\/\/begamer.cz\/obchod\/"},{"@type":"ListItem","position":3,"name":"OddBallers"}]},{"@type":"WebSite","@id":"https:\/\/begamer.cz\/sk\/#website","url":"https:\/\/begamer.cz\/sk\/","name":"BeGamer.cz","description":"","publisher":{"@id":"https:\/\/begamer.cz\/sk\/#organization"},"potentialAction":[{"@type":"SearchAction","target":{"@type":"EntryPoint","urlTemplate":"https:\/\/begamer.cz\/sk\/?s={search_term_string}"},"query-input":{"@type":"PropertyValueSpecification","valueRequired":true,"valueName":"search_term_string"}}],"inLanguage":"sk-SK"},{"@type":"Organization","@id":"https:\/\/begamer.cz\/sk\/#organization","name":"BeGamer.cz","url":"https:\/\/begamer.cz\/sk\/","logo":{"@type":"ImageObject","inLanguage":"sk-SK","@id":"https:\/\/begamer.cz\/sk\/#\/schema\/logo\/image\/","url":"https:\/\/begamer.cz\/wp-content\/uploads\/2025\/07\/logo.svg","contentUrl":"https:\/\/begamer.cz\/wp-content\/uploads\/2025\/07\/logo.svg","caption":"BeGamer.cz"},"image":{"@id":"https:\/\/begamer.cz\/sk\/#\/schema\/logo\/image\/"}}]}},"acf":[],"_links":{"self":[{"href":"https:\/\/begamer.cz\/sk\/wp-json\/wp\/v2\/product\/95303","targetHints":{"allow":["GET"]}}],"collection":[{"href":"https:\/\/begamer.cz\/sk\/wp-json\/wp\/v2\/product"}],"about":[{"href":"https:\/\/begamer.cz\/sk\/wp-json\/wp\/v2\/types\/product"}],"replies":[{"embeddable":true,"href":"https:\/\/begamer.cz\/sk\/wp-json\/wp\/v2\/comments?post=95303"}],"wp:featuredmedia":[{"embeddable":true,"href":"https:\/\/begamer.cz\/sk\/wp-json\/wp\/v2\/media\/60721"}],"wp:attachment":[{"href":"https:\/\/begamer.cz\/sk\/wp-json\/wp\/v2\/media?parent=95303"}],"wp:term":[{"taxonomy":"product_brand","embeddable":true,"href":"https:\/\/begamer.cz\/sk\/wp-json\/wp\/v2\/product_brand?post=95303"},{"taxonomy":"product_cat","embeddable":true,"href":"https:\/\/begamer.cz\/sk\/wp-json\/wp\/v2\/product_cat?post=95303"},{"taxonomy":"product_tag","embeddable":true,"href":"https:\/\/begamer.cz\/sk\/wp-json\/wp\/v2\/product_tag?post=95303"}],"curies":[{"name":"wp","href":"https:\/\/api.w.org\/{rel}","templated":true}]}}