{"id":95264,"date":"2026-01-30T16:17:23","date_gmt":"2026-01-30T15:17:23","guid":{"rendered":"https:\/\/begamer.cz\/produkt\/olliolli-world-sk\/"},"modified":"2026-03-18T04:20:52","modified_gmt":"2026-03-18T03:20:52","slug":"olliolli-world-sk","status":"publish","type":"product","link":"https:\/\/begamer.cz\/sk\/produkt\/olliolli-world-sk\/","title":{"rendered":"OlliOlli World"},"content":{"rendered":"<p class=\"bb_paragraph\" >OlliOlli World je odv\u00e1\u017ena nov\u00e1 ak\u010dn\u00e1 plo\u0161inovka so skateboardom, ktor\u00e1 sr\u0161\u00ed osobnos\u0165ou. Preletujte a prech\u00e1dzajte \u017eiv\u00fdm a pulzuj\u00facim svetom Radlandie, stret\u00e1vajte farebn\u00e9 postavy, zatia\u013e \u010do br\u00fasite, rob\u00edte triky a sk\u00e1\u010dete, aby ste objavili mystick\u00fdch bohov skateboardingu na svojej ceste za Gnarvanou.<\/p>\n<p class=\"bb_paragraph\" >Prejdite n\u00e1dhern\u00fdm a podivn\u00fdm svetom, pl\u0148te misie, v\u00fdzvy a nadv\u00e4zujte nov\u00e9 priate\u013estv\u00e1. Prisp\u00f4sobte vzh\u013ead, triky a \u0161t\u00fdl svojej postavy, zatia\u013e \u010do objavujete \u00farovne s viacer\u00fdmi cestami, ktor\u00e9 poskytuj\u00fa mno\u017estvo pr\u00edle\u017eitost\u00ed na vyjadrenie sa hr\u00e1\u010da.  Za\u017eite pr\u00edstupnos\u0165, h\u013abku a slobodu hr\u00e1\u010da, ke\u010f sa ponor\u00edte do charakteristick\u00e9ho hern\u00e9ho \u0161t\u00fdlu OlliOlli World.<\/p>\n<p class=\"bb_paragraph\" >OlliOlli World je tret\u00edm dielom v kriticky uzn\u00e1vanej s\u00e9rii OlliOlli od Roll7, nez\u00e1visl\u00e9ho \u0161t\u00fadia, ktor\u00e9 z\u00edskalo ocenenie BAFTA a viacero \u010fal\u0161\u00edch ocenen\u00ed.<\/p>\n<h2 class=\"bb_tag\" ><strong>K\u013d\u00da\u010cOV\u00c9 VLASTNOSTI<\/strong><span class=\"bb_img_ctn\"><video class=\"bb_img\" autoplay muted loop playsinline crossorigin=\"anonymous\" poster=\"https:\/\/shared.akamai.steamstatic.com\/store_item_assets\/steam\/apps\/1190170\/extras\/31f13f3211855d4d9d35fad8e39bb8bb.poster.avif?t=1749136439\" width=600 height=300 ><source src=\"https:\/\/shared.akamai.steamstatic.com\/store_item_assets\/steam\/apps\/1190170\/extras\/31f13f3211855d4d9d35fad8e39bb8bb.webm?t=1749136439\" type=\"video\/webm; codecs=vp9\"><\/video><\/span><\/h2>\n<p class=\"bb_paragraph\" >Vyberte sa na cestu cez bujn\u00fa skateboardov\u00fa ut\u00f3piu, ktor\u00e1 je pln\u00e1 excentrick\u00fdch post\u00e1v a \u017eiv\u00fdch lokal\u00edt, ktor\u00e9 volaj\u00fa po presk\u00faman\u00ed. N\u00e1jdite si svoje miesto v Inflatable Alley alebo sa vyberte do Los Vulgas, aby ste objavili nov\u00e9 cesty, nov\u00e9 ved\u013eaj\u0161ie \u00falohy, skvel\u00e9 odmeny a epick\u00e9 pr\u00edle\u017eitosti na triky. V\u0161etko dokonale dop\u013a\u0148a ru\u010dne vybran\u00e1 kompil\u00e1cia skladieb IDM a Electronica.<br \/><span class=\"bb_img_ctn\"><video class=\"bb_img\" autoplay muted loop playsinline crossorigin=\"anonymous\" poster=\"https:\/\/shared.akamai.steamstatic.com\/store_item_assets\/steam\/apps\/1190170\/extras\/4cba4acc2c07c7248e0ccfd73635adf4.poster.avif?t=1749136439\" width=600 height=300 ><source src=\"https:\/\/shared.akamai.steamstatic.com\/store_item_assets\/steam\/apps\/1190170\/extras\/4cba4acc2c07c7248e0ccfd73635adf4.webm?t=1749136439\" type=\"video\/webm; codecs=vp9\"><\/video><\/span><\/p>\n<p class=\"bb_paragraph\" >Super presn\u00e9 ovl\u00e1danie v kombin\u00e1cii s vysoko prepracovanou hrate\u013enos\u0165ou zaru\u010duje hladk\u00fa jazdu. Nie ste profesion\u00e1l? Nebojte sa \u2013 OlliOlli World v\u00e1s priv\u00edta s otvorenou n\u00e1ru\u010dou a umo\u017en\u00ed nov\u00fdm hr\u00e1\u010dom br\u00e1zdi\u0165 ulice a predv\u00e1dza\u0165 \u00fa\u017easn\u00e9 triky bez strachu, \u017ee spadn\u00fa na obrubn\u00edk.<span class=\"bb_img_ctn\"><video class=\"bb_img\" autoplay muted loop playsinline crossorigin=\"anonymous\" poster=\"https:\/\/shared.akamai.steamstatic.com\/store_item_assets\/steam\/apps\/1190170\/extras\/30388e2c6931c1a7ed6a48f441be8a0b.poster.avif?t=1749136439\" width=600 height=300 ><source src=\"https:\/\/shared.akamai.steamstatic.com\/store_item_assets\/steam\/apps\/1190170\/extras\/30388e2c6931c1a7ed6a48f441be8a0b.webm?t=1749136439\" type=\"video\/webm; codecs=vp9\"><\/video><\/span><\/p>\n<p class=\"bb_paragraph\" >Prejdite sa epick\u00fdm rajom skateboardistov Radlandia a preuk\u00e1\u017ete svoje zru\u010dnosti, aby ste odomkli \u0161peci\u00e1lne odmeny, ktor\u00e9 v\u00e1m umo\u017enia prisp\u00f4sobi\u0165 vzh\u013ead, triky a \u0161t\u00fdl va\u0161ej postavy. Chcete jazdi\u0165 na skateboarde v \u017eabk\u00e1ch&#8230; tak do toho. Chcete nosi\u0165 overal s mot\u00fd\u013eom&#8230; dobre, nebudeme v\u00e1s s\u00fadi\u0165. V OlliOlli World plat\u00ed, \u017ee pokia\u013e ste na doske, v\u0161etko je dovolen\u00e9!<\/p>\n","protected":false},"excerpt":{"rendered":"<p>OlliOlli World je odv\u00e1\u017ena nov\u00e1 ak\u010dn\u00e1 plo\u0161inovka so skateboardom, ktor\u00e1 sr\u0161\u00ed osobnos\u0165ou. Preletujte a prech\u00e1dzajte \u017eiv\u00fdm a pulzuj\u00facim svetom Radlandie, stret\u00e1vajte farebn\u00e9 postavy, zatia\u013e \u010do br\u00fasite, predv\u00e1dzate triky a sk\u00e1\u010dete, aby ste objavili mystick\u00fdch bohov skateboardingu na svojej ceste za Gnarvanou.<\/p>\n","protected":false},"featured_media":60625,"comment_status":"open","ping_status":"closed","template":"","meta":{"_acf_changed":false},"product_brand":[],"product_cat":[204,206,179,200,226],"product_tag":[],"class_list":{"0":"post-95264","1":"product","2":"type-product","3":"status-publish","4":"has-post-thumbnail","6":"product_cat-akcne-nintendo-switch-sk","7":"product_cat-arkady-nintendo-switch-sk","8":"product_cat-nintendo-hry-sk","9":"product_cat-nintendo-switch-sk","10":"product_cat-sportove-nintendo-switch-sk","11":"pa_audio-en-gb","13":"pa_audio-en-us","15":"pa_countries-at","16":"pa_countries-be","17":"pa_countries-bg","18":"pa_countries-cy","19":"pa_countries-cz","21":"pa_countries-de","22":"pa_countries-dk","23":"pa_countries-ee","24":"pa_countries-es","25":"pa_countries-fi","26":"pa_countries-fr","27":"pa_countries-gr","28":"pa_countries-hr","29":"pa_countries-hu","30":"pa_countries-ie","31":"pa_countries-it","32":"pa_countries-lt","33":"pa_countries-lu","34":"pa_countries-lv","35":"pa_countries-mt","36":"pa_countries-nl","37":"pa_countries-pl","38":"pa_countries-pt","39":"pa_countries-ro","40":"pa_countries-se","41":"pa_countries-si","42":"pa_countries-sk","44":"pa_developer-roll7","46":"pa_engine-unity","48":"pa_game_type-main_game","50":"pa_genres-arcade","52":"pa_genres-indie","53":"pa_genres-platform","55":"pa_genres-sport","56":"pa_interface-de-de","57":"pa_interface-en-gb","58":"pa_interface-en-us","59":"pa_interface-es-es","60":"pa_interface-fr-fr","61":"pa_interface-it-it","62":"pa_interface-ja-jp","63":"pa_interface-ko-kr","64":"pa_interface-pl-pl","65":"pa_interface-pt-br","66":"pa_interface-pt-pt","68":"pa_interface-ru-ru","70":"pa_interface-zh-cn","71":"pa_interface-zh-tw","72":"pa_keywords-cartoon-graphics","73":"pa_keywords-skating","74":"pa_modes-single-player","76":"pa_pegi-13430","77":"pa_pegi-943","78":"pa_platform-nintendo-switch","80":"pa_player_perspectives-third-person","82":"pa_publisher-private-division","84":"pa_publisher-take-two-interactive","86":"pa_rating-1318","87":"pa_rating-14502","88":"pa_region-europe","90":"pa_subtitles-de-de","92":"pa_subtitles-en-gb","93":"pa_subtitles-en-us","94":"pa_subtitles-es-es","95":"pa_subtitles-fr-fr","96":"pa_subtitles-it-it","97":"pa_subtitles-ja-jp","98":"pa_subtitles-ko-kr","99":"pa_subtitles-pl-pl","100":"pa_subtitles-pt-br","101":"pa_subtitles-ru-ru","103":"pa_subtitles-zh-cn","104":"pa_subtitles-zh-tw","105":"pa_themes-action","108":"first","109":"instock","110":"virtual","111":"taxable","112":"purchasable","113":"product-type-simple"},"yoast_head":"<!-- This site is optimized with the Yoast SEO plugin v27.4 - https:\/\/yoast.com\/product\/yoast-seo-wordpress\/ -->\n<title>OlliOlli World | BeGamer.cz<\/title>\n<meta name=\"robots\" content=\"index, follow, max-snippet:-1, max-image-preview:large, max-video-preview:-1\" \/>\n<link rel=\"canonical\" href=\"https:\/\/begamer.cz\/sk\/produkt\/olliolli-world-sk\/\" \/>\n<meta property=\"og:locale\" content=\"sk_SK\" \/>\n<meta property=\"og:type\" content=\"article\" \/>\n<meta property=\"og:title\" content=\"OlliOlli World | BeGamer.cz\" \/>\n<meta property=\"og:description\" content=\"OlliOlli World je odv\u00e1\u017ena nov\u00e1 ak\u010dn\u00e1 plo\u0161inovka so skateboardom, ktor\u00e1 sr\u0161\u00ed osobnos\u0165ou. Preletujte a prech\u00e1dzajte \u017eiv\u00fdm a pulzuj\u00facim svetom Radlandie, stret\u00e1vajte farebn\u00e9 postavy, zatia\u013e \u010do br\u00fasite, predv\u00e1dzate triky a sk\u00e1\u010dete, aby ste objavili mystick\u00fdch bohov skateboardingu na svojej ceste za Gnarvanou.\" \/>\n<meta property=\"og:url\" content=\"https:\/\/begamer.cz\/sk\/produkt\/olliolli-world-sk\/\" \/>\n<meta property=\"og:site_name\" content=\"BeGamer.cz\" \/>\n<meta property=\"article:modified_time\" content=\"2026-03-18T03:20:52+00:00\" \/>\n<meta property=\"og:image\" content=\"https:\/\/begamer.cz\/wp-content\/uploads\/2026\/01\/olliolli-world-6.webp\" \/>\n\t<meta property=\"og:image:width\" content=\"300\" \/>\n\t<meta property=\"og:image:height\" content=\"400\" \/>\n\t<meta property=\"og:image:type\" content=\"image\/webp\" \/>\n<meta name=\"twitter:card\" content=\"summary_large_image\" \/>\n<meta name=\"twitter:label1\" content=\"Predpokladan\u00fd \u010das \u010d\u00edtania\" \/>\n\t<meta name=\"twitter:data1\" content=\"2 min\u00faty\" \/>\n<script type=\"application\/ld+json\" class=\"yoast-schema-graph\">{\"@context\":\"https:\\\/\\\/schema.org\",\"@graph\":[{\"@type\":\"WebPage\",\"@id\":\"https:\\\/\\\/begamer.cz\\\/sk\\\/produkt\\\/olliolli-world-sk\\\/\",\"url\":\"https:\\\/\\\/begamer.cz\\\/sk\\\/produkt\\\/olliolli-world-sk\\\/\",\"name\":\"OlliOlli World | BeGamer.cz\",\"isPartOf\":{\"@id\":\"https:\\\/\\\/begamer.cz\\\/sk\\\/#website\"},\"primaryImageOfPage\":{\"@id\":\"https:\\\/\\\/begamer.cz\\\/sk\\\/produkt\\\/olliolli-world-sk\\\/#primaryimage\"},\"image\":{\"@id\":\"https:\\\/\\\/begamer.cz\\\/sk\\\/produkt\\\/olliolli-world-sk\\\/#primaryimage\"},\"thumbnailUrl\":\"https:\\\/\\\/begamer.cz\\\/wp-content\\\/uploads\\\/2026\\\/01\\\/olliolli-world-6.webp\",\"datePublished\":\"2026-01-30T15:17:23+00:00\",\"dateModified\":\"2026-03-18T03:20:52+00:00\",\"breadcrumb\":{\"@id\":\"https:\\\/\\\/begamer.cz\\\/sk\\\/produkt\\\/olliolli-world-sk\\\/#breadcrumb\"},\"inLanguage\":\"sk-SK\",\"potentialAction\":[{\"@type\":\"ReadAction\",\"target\":[\"https:\\\/\\\/begamer.cz\\\/sk\\\/produkt\\\/olliolli-world-sk\\\/\"]}]},{\"@type\":\"ImageObject\",\"inLanguage\":\"sk-SK\",\"@id\":\"https:\\\/\\\/begamer.cz\\\/sk\\\/produkt\\\/olliolli-world-sk\\\/#primaryimage\",\"url\":\"https:\\\/\\\/begamer.cz\\\/wp-content\\\/uploads\\\/2026\\\/01\\\/olliolli-world-6.webp\",\"contentUrl\":\"https:\\\/\\\/begamer.cz\\\/wp-content\\\/uploads\\\/2026\\\/01\\\/olliolli-world-6.webp\",\"width\":300,\"height\":400},{\"@type\":\"BreadcrumbList\",\"@id\":\"https:\\\/\\\/begamer.cz\\\/sk\\\/produkt\\\/olliolli-world-sk\\\/#breadcrumb\",\"itemListElement\":[{\"@type\":\"ListItem\",\"position\":1,\"name\":\"Domov\",\"item\":\"https:\\\/\\\/begamer.cz\\\/sk\\\/\"},{\"@type\":\"ListItem\",\"position\":2,\"name\":\"Obchod\",\"item\":\"https:\\\/\\\/begamer.cz\\\/obchod\\\/\"},{\"@type\":\"ListItem\",\"position\":3,\"name\":\"OlliOlli World\"}]},{\"@type\":\"WebSite\",\"@id\":\"https:\\\/\\\/begamer.cz\\\/sk\\\/#website\",\"url\":\"https:\\\/\\\/begamer.cz\\\/sk\\\/\",\"name\":\"BeGamer.cz\",\"description\":\"\",\"publisher\":{\"@id\":\"https:\\\/\\\/begamer.cz\\\/sk\\\/#organization\"},\"potentialAction\":[{\"@type\":\"SearchAction\",\"target\":{\"@type\":\"EntryPoint\",\"urlTemplate\":\"https:\\\/\\\/begamer.cz\\\/sk\\\/?s={search_term_string}\"},\"query-input\":{\"@type\":\"PropertyValueSpecification\",\"valueRequired\":true,\"valueName\":\"search_term_string\"}}],\"inLanguage\":\"sk-SK\"},{\"@type\":\"Organization\",\"@id\":\"https:\\\/\\\/begamer.cz\\\/sk\\\/#organization\",\"name\":\"BeGamer.cz\",\"url\":\"https:\\\/\\\/begamer.cz\\\/sk\\\/\",\"logo\":{\"@type\":\"ImageObject\",\"inLanguage\":\"sk-SK\",\"@id\":\"https:\\\/\\\/begamer.cz\\\/sk\\\/#\\\/schema\\\/logo\\\/image\\\/\",\"url\":\"https:\\\/\\\/begamer.cz\\\/wp-content\\\/uploads\\\/2025\\\/07\\\/logo.svg\",\"contentUrl\":\"https:\\\/\\\/begamer.cz\\\/wp-content\\\/uploads\\\/2025\\\/07\\\/logo.svg\",\"caption\":\"BeGamer.cz\"},\"image\":{\"@id\":\"https:\\\/\\\/begamer.cz\\\/sk\\\/#\\\/schema\\\/logo\\\/image\\\/\"}}]}<\/script>\n<!-- \/ Yoast SEO plugin. -->","yoast_head_json":{"title":"OlliOlli World | BeGamer.cz","robots":{"index":"index","follow":"follow","max-snippet":"max-snippet:-1","max-image-preview":"max-image-preview:large","max-video-preview":"max-video-preview:-1"},"canonical":"https:\/\/begamer.cz\/sk\/produkt\/olliolli-world-sk\/","og_locale":"sk_SK","og_type":"article","og_title":"OlliOlli World | BeGamer.cz","og_description":"OlliOlli World je odv\u00e1\u017ena nov\u00e1 ak\u010dn\u00e1 plo\u0161inovka so skateboardom, ktor\u00e1 sr\u0161\u00ed osobnos\u0165ou. Preletujte a prech\u00e1dzajte \u017eiv\u00fdm a pulzuj\u00facim svetom Radlandie, stret\u00e1vajte farebn\u00e9 postavy, zatia\u013e \u010do br\u00fasite, predv\u00e1dzate triky a sk\u00e1\u010dete, aby ste objavili mystick\u00fdch bohov skateboardingu na svojej ceste za Gnarvanou.","og_url":"https:\/\/begamer.cz\/sk\/produkt\/olliolli-world-sk\/","og_site_name":"BeGamer.cz","article_modified_time":"2026-03-18T03:20:52+00:00","og_image":[{"width":300,"height":400,"url":"https:\/\/begamer.cz\/wp-content\/uploads\/2026\/01\/olliolli-world-6.webp","type":"image\/webp"}],"twitter_card":"summary_large_image","twitter_misc":{"Predpokladan\u00fd \u010das \u010d\u00edtania":"2 min\u00faty"},"schema":{"@context":"https:\/\/schema.org","@graph":[{"@type":"WebPage","@id":"https:\/\/begamer.cz\/sk\/produkt\/olliolli-world-sk\/","url":"https:\/\/begamer.cz\/sk\/produkt\/olliolli-world-sk\/","name":"OlliOlli World | BeGamer.cz","isPartOf":{"@id":"https:\/\/begamer.cz\/sk\/#website"},"primaryImageOfPage":{"@id":"https:\/\/begamer.cz\/sk\/produkt\/olliolli-world-sk\/#primaryimage"},"image":{"@id":"https:\/\/begamer.cz\/sk\/produkt\/olliolli-world-sk\/#primaryimage"},"thumbnailUrl":"https:\/\/begamer.cz\/wp-content\/uploads\/2026\/01\/olliolli-world-6.webp","datePublished":"2026-01-30T15:17:23+00:00","dateModified":"2026-03-18T03:20:52+00:00","breadcrumb":{"@id":"https:\/\/begamer.cz\/sk\/produkt\/olliolli-world-sk\/#breadcrumb"},"inLanguage":"sk-SK","potentialAction":[{"@type":"ReadAction","target":["https:\/\/begamer.cz\/sk\/produkt\/olliolli-world-sk\/"]}]},{"@type":"ImageObject","inLanguage":"sk-SK","@id":"https:\/\/begamer.cz\/sk\/produkt\/olliolli-world-sk\/#primaryimage","url":"https:\/\/begamer.cz\/wp-content\/uploads\/2026\/01\/olliolli-world-6.webp","contentUrl":"https:\/\/begamer.cz\/wp-content\/uploads\/2026\/01\/olliolli-world-6.webp","width":300,"height":400},{"@type":"BreadcrumbList","@id":"https:\/\/begamer.cz\/sk\/produkt\/olliolli-world-sk\/#breadcrumb","itemListElement":[{"@type":"ListItem","position":1,"name":"Domov","item":"https:\/\/begamer.cz\/sk\/"},{"@type":"ListItem","position":2,"name":"Obchod","item":"https:\/\/begamer.cz\/obchod\/"},{"@type":"ListItem","position":3,"name":"OlliOlli World"}]},{"@type":"WebSite","@id":"https:\/\/begamer.cz\/sk\/#website","url":"https:\/\/begamer.cz\/sk\/","name":"BeGamer.cz","description":"","publisher":{"@id":"https:\/\/begamer.cz\/sk\/#organization"},"potentialAction":[{"@type":"SearchAction","target":{"@type":"EntryPoint","urlTemplate":"https:\/\/begamer.cz\/sk\/?s={search_term_string}"},"query-input":{"@type":"PropertyValueSpecification","valueRequired":true,"valueName":"search_term_string"}}],"inLanguage":"sk-SK"},{"@type":"Organization","@id":"https:\/\/begamer.cz\/sk\/#organization","name":"BeGamer.cz","url":"https:\/\/begamer.cz\/sk\/","logo":{"@type":"ImageObject","inLanguage":"sk-SK","@id":"https:\/\/begamer.cz\/sk\/#\/schema\/logo\/image\/","url":"https:\/\/begamer.cz\/wp-content\/uploads\/2025\/07\/logo.svg","contentUrl":"https:\/\/begamer.cz\/wp-content\/uploads\/2025\/07\/logo.svg","caption":"BeGamer.cz"},"image":{"@id":"https:\/\/begamer.cz\/sk\/#\/schema\/logo\/image\/"}}]}},"acf":[],"_links":{"self":[{"href":"https:\/\/begamer.cz\/sk\/wp-json\/wp\/v2\/product\/95264","targetHints":{"allow":["GET"]}}],"collection":[{"href":"https:\/\/begamer.cz\/sk\/wp-json\/wp\/v2\/product"}],"about":[{"href":"https:\/\/begamer.cz\/sk\/wp-json\/wp\/v2\/types\/product"}],"replies":[{"embeddable":true,"href":"https:\/\/begamer.cz\/sk\/wp-json\/wp\/v2\/comments?post=95264"}],"wp:featuredmedia":[{"embeddable":true,"href":"https:\/\/begamer.cz\/sk\/wp-json\/wp\/v2\/media\/60625"}],"wp:attachment":[{"href":"https:\/\/begamer.cz\/sk\/wp-json\/wp\/v2\/media?parent=95264"}],"wp:term":[{"taxonomy":"product_brand","embeddable":true,"href":"https:\/\/begamer.cz\/sk\/wp-json\/wp\/v2\/product_brand?post=95264"},{"taxonomy":"product_cat","embeddable":true,"href":"https:\/\/begamer.cz\/sk\/wp-json\/wp\/v2\/product_cat?post=95264"},{"taxonomy":"product_tag","embeddable":true,"href":"https:\/\/begamer.cz\/sk\/wp-json\/wp\/v2\/product_tag?post=95264"}],"curies":[{"name":"wp","href":"https:\/\/api.w.org\/{rel}","templated":true}]}}