{"id":95195,"date":"2026-01-30T16:16:12","date_gmt":"2026-01-30T15:16:12","guid":{"rendered":"https:\/\/begamer.cz\/produkt\/resident-evil-village-gold-edition-sk\/"},"modified":"2026-03-18T04:11:54","modified_gmt":"2026-03-18T03:11:54","slug":"resident-evil-village-gold-edition-sk","status":"publish","type":"product","link":"https:\/\/begamer.cz\/sk\/produkt\/resident-evil-village-gold-edition-sk\/","title":{"rendered":"Resident Evil Village: Gold Edition"},"content":{"rendered":"<h1>Resident Evil Village Gold Edition<\/h1>\n<\/p>\n<p><img loading=\"lazy\" decoding=\"async\" src=\"https:\/\/shared.akamai.steamstatic.com\/store_item_assets\/steam\/apps\/1196590\/extras\/8f52076247ba06b065d5d279bc10dd62.avif?t=1741142800\" width=\"600\" height=\"194\"><\/p>\n<p>Za\u017eite survival horor ako nikdy predt\u00fdm v \u00f4smom ve\u013ekom pokra\u010dovan\u00ed sl\u00e1vnej s\u00e9rie Resident Evil \u2013 Resident Evil Village. Gold Edition obsahuje<\/p>\n<p>:- Hru Resident Evil: Village &#8211;<br \/>Dodato\u010dn\u00fd obsah<br \/>Winters&#x27; Expansion &#8211; DLC<\/p>\n<p>Trauma Pack Pozn\u00e1mka: Odblokovanie Village of Shadows zahrnut\u00e9 v Trauma Pack umo\u017e\u0148uje pr\u00edstup k obsahu, ktor\u00fd je inak odblokovate\u013en\u00fd prostredn\u00edctvom postupu v hre.<\/p>\n<p>Dej sa odohr\u00e1va nieko\u013eko rokov po desiv\u00fdch udalostiach v kriticky ocenenom Resident Evil 7 biohazard. Zcela nov\u00fd pr\u00edbeh za\u010d\u00edna s Ethanom Wintersom a jeho \u017eenou Miou, ktor\u00ed \u017eij\u00fa pokojne na novom mieste, osloboden\u00ed od svojich minul\u00fdch no\u010dn\u00fdch m\u00f4r. Pr\u00e1ve ke\u010f si buduj\u00fa nov\u00fd spolo\u010dn\u00fd \u017eivot, op\u00e4\u0165 ich postihne trag\u00e9dia.<\/p>\n<p>Vlastnosti<br \/>\u2022 Akcia z poh\u013eadu prvej osoby \u2013 Hr\u00e1\u010di sa v\u017eij\u00fa do role Ethana Wintersa a za\u017eij\u00fa ka\u017ed\u00fd boj zbl\u00edzka a desiv\u00e9 prenasledovanie z poh\u013eadu prvej osoby.<br \/>\u2022 Zn\u00e1mych tv\u00e1re a nov\u00ed nepriatelia \u2013 Chris Redfield bol v s\u00e9rii Resident Evil typicky hrdinom, ale jeho v\u00fdskyt v hre Resident Evil Village ho zdanlivo zahaluje do temn\u00fdch mot\u00edvov. Mno\u017estvo nov\u00fdch nepriate\u013eov ob\u00fdvaj\u00facich tajomn\u00fa dedinu bude ne\u00fanavne prenasledova\u0165 Ethana a br\u00e1ni\u0165 mu v ka\u017edom kroku, ke\u010f sa pok\u00fa\u0161a pochopi\u0165 nov\u00fd no\u010dn\u00fd mor, v ktorom sa ocitol.<br \/>\u2022 \u017div\u00e1, d\u00fdchaj\u00faca dedina \u2013 Dedina nie je len tajomn\u00fdm pozad\u00edm pre desiv\u00e9 udalosti, ktor\u00e9 sa odohr\u00e1vaj\u00fa v hre, ale je sama osebe postavou s tajomstvami, ktor\u00e9 Ethan mus\u00ed odhali\u0165, a hr\u00f4zami, pred ktor\u00fdmi mus\u00ed unikn\u00fa\u0165.<\/p>\n<h1>O hre<\/h1>\n<p>Za\u017eite survival horor ako nikdy predt\u00fdm v \u00f4smom ve\u013ekom pokra\u010dovan\u00ed sl\u00e1vnej s\u00e9rie Resident Evil \u2013 <em>Resident Evil Village<\/em>.<\/p>\n<p>Dej sa odohr\u00e1va nieko\u013eko rokov po desiv\u00fdch udalostiach v kriticky ocenenom <em>Resident Evil 7 biohazard<\/em> a \u00faplne nov\u00fd pr\u00edbeh za\u010d\u00edna s Ethanom Wintersom a jeho \u017eenou Miou, ktor\u00ed \u017eij\u00fa pokojne na novom mieste, osloboden\u00ed od svojich minul\u00fdch no\u010dn\u00fdch m\u00f4r. Pr\u00e1ve ke\u010f si buduj\u00fa nov\u00fd spolo\u010dn\u00fd \u017eivot, op\u00e4\u0165 ich postihne trag\u00e9dia.<\/p>\n<ul>\n<li>\n<p><strong>Ak\u010dn\u00e1 hra z poh\u013eadu prvej osoby<\/strong> \u2013 Hr\u00e1\u010di sa v\u017eij\u00fa do role Ethana Wintersa a za\u017eij\u00fa ka\u017ed\u00fd boj zbl\u00edzka a desiv\u00e9 prenasledovanie z poh\u013eadu prvej osoby.<\/p>\n<\/li>\n<li>\n<p><strong>Zn\u00e1me tv\u00e1re a nov\u00ed nepriatelia<\/strong> \u2013 Chris Redfield bol v s\u00e9rii Resident Evil typick\u00fdm hrdinom, ale jeho \u00fa\u010das\u0165 v hre Resident Evil Village ho zdanlivo zahalila do temn\u00fdch mot\u00edvov. Mno\u017estvo nov\u00fdch nepriate\u013eov ob\u00fdvaj\u00facich dedinu bude ne\u00fanavne prenasledova\u0165 Ethana a br\u00e1ni\u0165 mu v ka\u017edom kroku, ke\u010f sa pok\u00fa\u0161a pochopi\u0165 nov\u00fd no\u010dn\u00fd mor, v ktorom sa ocitol.<\/p>\n<\/li>\n<\/ul>\n","protected":false},"excerpt":{"rendered":"<p>Za\u017eite survival horor ako nikdy predt\u00fdm v \u00f4smom ve\u013ekom pokra\u010dovan\u00ed s\u00e9rie Resident Evil \u2013 Resident Evil Village. V\u010faka detailnej grafike, intenz\u00edvnej akcii z poh\u013eadu prvej osoby a majstrovsk\u00e9mu rozpr\u00e1vaniu pr\u00edbehu je hr\u00f4za realistickej\u0161ia ako kedyko\u013evek predt\u00fdm.<\/p>\n","protected":false},"featured_media":16686,"comment_status":"open","ping_status":"closed","template":"","meta":{"_acf_changed":false},"product_brand":[],"product_cat":[458,461,464,398,438],"product_tag":[],"class_list":{"0":"post-95195","1":"product","2":"type-product","3":"status-publish","4":"has-post-thumbnail","6":"product_cat-akcne-xbox-series-x-s-sk","7":"product_cat-dobrodruzne-xbox-series-x-s-sk","8":"product_cat-horor-xbox-series-x-s-sk","9":"product_cat-xbox-hry-sk","10":"product_cat-xbox-series-x-s-sk","11":"pa_audio-de-de","12":"pa_audio-en-gb","13":"pa_audio-en-us","14":"pa_audio-es-es","15":"pa_audio-fr-fr","16":"pa_audio-it-it","17":"pa_audio-ja-jp","18":"pa_audio-pt-br","19":"pa_audio-ru-ru","21":"pa_audio-zh-cn","22":"pa_countries-at","23":"pa_countries-be","24":"pa_countries-bg","25":"pa_countries-cy","26":"pa_countries-cz","28":"pa_countries-de","29":"pa_countries-dk","30":"pa_countries-ee","31":"pa_countries-es","32":"pa_countries-fi","33":"pa_countries-fr","34":"pa_countries-gr","35":"pa_countries-hu","36":"pa_countries-ie","37":"pa_countries-it","38":"pa_countries-lt","39":"pa_countries-lu","40":"pa_countries-lv","41":"pa_countries-mt","42":"pa_countries-nl","43":"pa_countries-pl","44":"pa_countries-pt","45":"pa_countries-ro","46":"pa_countries-se","47":"pa_countries-si","48":"pa_countries-sk","49":"pa_developer-capcom","51":"pa_engine-re-engine","53":"pa_franchises-resident-evil","55":"pa_game_type-bundle","57":"pa_genres-adventure","59":"pa_genres-shooter","60":"pa_interface-ar","61":"pa_interface-de-de","62":"pa_interface-en-gb","63":"pa_interface-en-us","64":"pa_interface-es-es","65":"pa_interface-es-mx","66":"pa_interface-fr-fr","67":"pa_interface-it-it","68":"pa_interface-ja-jp","69":"pa_interface-ko-kr","70":"pa_interface-pt-pt","72":"pa_interface-ru-ru","73":"pa_interface-th-th","74":"pa_interface-zh-cn","75":"pa_interface-zh-tw","76":"pa_keywords-backtracking","77":"pa_keywords-crafting","78":"pa_keywords-exploration","79":"pa_keywords-resource-management","80":"pa_keywords-shooting","81":"pa_keywords-zombies","83":"pa_modes-single-player","85":"pa_pegi-13426","86":"pa_pegi-794","87":"pa_platform-xbox-one-xbox-series-x-s","89":"pa_player_perspectives-first-person","91":"pa_player_perspectives-third-person","92":"pa_publisher-capcom","94":"pa_rating-1100","95":"pa_rating-14480","96":"pa_region-europe","98":"pa_subtitles-ar","99":"pa_subtitles-de-de","100":"pa_subtitles-en-gb","101":"pa_subtitles-en-us","102":"pa_subtitles-es-es","103":"pa_subtitles-es-mx","104":"pa_subtitles-fr-fr","105":"pa_subtitles-it-it","106":"pa_subtitles-ja-jp","107":"pa_subtitles-ko-kr","108":"pa_subtitles-pt-pt","110":"pa_subtitles-ru-ru","111":"pa_subtitles-th-th","112":"pa_subtitles-zh-cn","113":"pa_subtitles-zh-tw","114":"pa_themes-action","115":"pa_themes-horror","117":"pa_themes-survival","119":"first","120":"instock","121":"virtual","122":"taxable","123":"purchasable","124":"product-type-simple"},"yoast_head":"<!-- This site is optimized with the Yoast SEO plugin v27.3 - https:\/\/yoast.com\/product\/yoast-seo-wordpress\/ -->\n<title>Resident Evil Village: Gold Edition | BeGamer.cz<\/title>\n<meta name=\"robots\" content=\"index, follow, max-snippet:-1, max-image-preview:large, max-video-preview:-1\" \/>\n<link rel=\"canonical\" href=\"https:\/\/begamer.cz\/sk\/produkt\/resident-evil-village-gold-edition-sk\/\" \/>\n<meta property=\"og:locale\" content=\"sk_SK\" \/>\n<meta property=\"og:type\" content=\"article\" \/>\n<meta property=\"og:title\" content=\"Resident Evil Village: Gold Edition | BeGamer.cz\" \/>\n<meta property=\"og:description\" content=\"Za\u017eite survival horor ako nikdy predt\u00fdm v \u00f4smom ve\u013ekom pokra\u010dovan\u00ed s\u00e9rie Resident Evil \u2013 Resident Evil Village. V\u010faka detailnej grafike, intenz\u00edvnej akcii z poh\u013eadu prvej osoby a majstrovsk\u00e9mu rozpr\u00e1vaniu pr\u00edbehu je hr\u00f4za realistickej\u0161ia ako kedyko\u013evek predt\u00fdm.\" \/>\n<meta property=\"og:url\" content=\"https:\/\/begamer.cz\/sk\/produkt\/resident-evil-village-gold-edition-sk\/\" \/>\n<meta property=\"og:site_name\" content=\"BeGamer.cz\" \/>\n<meta property=\"article:modified_time\" content=\"2026-03-18T03:11:54+00:00\" \/>\n<meta property=\"og:image\" content=\"https:\/\/begamer.cz\/wp-content\/uploads\/2026\/01\/resident-evil-village-gold-edition-12.webp\" \/>\n\t<meta property=\"og:image:width\" content=\"300\" \/>\n\t<meta property=\"og:image:height\" content=\"400\" \/>\n\t<meta property=\"og:image:type\" content=\"image\/webp\" \/>\n<meta name=\"twitter:card\" content=\"summary_large_image\" \/>\n<meta name=\"twitter:label1\" content=\"Predpokladan\u00fd \u010das \u010d\u00edtania\" \/>\n\t<meta name=\"twitter:data1\" content=\"2 min\u00faty\" \/>\n<script type=\"application\/ld+json\" class=\"yoast-schema-graph\">{\"@context\":\"https:\\\/\\\/schema.org\",\"@graph\":[{\"@type\":\"WebPage\",\"@id\":\"https:\\\/\\\/begamer.cz\\\/sk\\\/produkt\\\/resident-evil-village-gold-edition-sk\\\/\",\"url\":\"https:\\\/\\\/begamer.cz\\\/sk\\\/produkt\\\/resident-evil-village-gold-edition-sk\\\/\",\"name\":\"Resident Evil Village: Gold Edition | BeGamer.cz\",\"isPartOf\":{\"@id\":\"https:\\\/\\\/begamer.cz\\\/sk\\\/#website\"},\"primaryImageOfPage\":{\"@id\":\"https:\\\/\\\/begamer.cz\\\/sk\\\/produkt\\\/resident-evil-village-gold-edition-sk\\\/#primaryimage\"},\"image\":{\"@id\":\"https:\\\/\\\/begamer.cz\\\/sk\\\/produkt\\\/resident-evil-village-gold-edition-sk\\\/#primaryimage\"},\"thumbnailUrl\":\"https:\\\/\\\/begamer.cz\\\/wp-content\\\/uploads\\\/2026\\\/01\\\/resident-evil-village-gold-edition-12.webp\",\"datePublished\":\"2026-01-30T15:16:12+00:00\",\"dateModified\":\"2026-03-18T03:11:54+00:00\",\"breadcrumb\":{\"@id\":\"https:\\\/\\\/begamer.cz\\\/sk\\\/produkt\\\/resident-evil-village-gold-edition-sk\\\/#breadcrumb\"},\"inLanguage\":\"sk-SK\",\"potentialAction\":[{\"@type\":\"ReadAction\",\"target\":[\"https:\\\/\\\/begamer.cz\\\/sk\\\/produkt\\\/resident-evil-village-gold-edition-sk\\\/\"]}]},{\"@type\":\"ImageObject\",\"inLanguage\":\"sk-SK\",\"@id\":\"https:\\\/\\\/begamer.cz\\\/sk\\\/produkt\\\/resident-evil-village-gold-edition-sk\\\/#primaryimage\",\"url\":\"https:\\\/\\\/begamer.cz\\\/wp-content\\\/uploads\\\/2026\\\/01\\\/resident-evil-village-gold-edition-12.webp\",\"contentUrl\":\"https:\\\/\\\/begamer.cz\\\/wp-content\\\/uploads\\\/2026\\\/01\\\/resident-evil-village-gold-edition-12.webp\",\"width\":300,\"height\":400},{\"@type\":\"BreadcrumbList\",\"@id\":\"https:\\\/\\\/begamer.cz\\\/sk\\\/produkt\\\/resident-evil-village-gold-edition-sk\\\/#breadcrumb\",\"itemListElement\":[{\"@type\":\"ListItem\",\"position\":1,\"name\":\"Domov\",\"item\":\"https:\\\/\\\/begamer.cz\\\/sk\\\/\"},{\"@type\":\"ListItem\",\"position\":2,\"name\":\"Obchod\",\"item\":\"https:\\\/\\\/begamer.cz\\\/obchod\\\/\"},{\"@type\":\"ListItem\",\"position\":3,\"name\":\"Resident Evil Village: Gold Edition\"}]},{\"@type\":\"WebSite\",\"@id\":\"https:\\\/\\\/begamer.cz\\\/sk\\\/#website\",\"url\":\"https:\\\/\\\/begamer.cz\\\/sk\\\/\",\"name\":\"BeGamer.cz\",\"description\":\"\",\"publisher\":{\"@id\":\"https:\\\/\\\/begamer.cz\\\/sk\\\/#organization\"},\"potentialAction\":[{\"@type\":\"SearchAction\",\"target\":{\"@type\":\"EntryPoint\",\"urlTemplate\":\"https:\\\/\\\/begamer.cz\\\/sk\\\/?s={search_term_string}\"},\"query-input\":{\"@type\":\"PropertyValueSpecification\",\"valueRequired\":true,\"valueName\":\"search_term_string\"}}],\"inLanguage\":\"sk-SK\"},{\"@type\":\"Organization\",\"@id\":\"https:\\\/\\\/begamer.cz\\\/sk\\\/#organization\",\"name\":\"BeGamer.cz\",\"url\":\"https:\\\/\\\/begamer.cz\\\/sk\\\/\",\"logo\":{\"@type\":\"ImageObject\",\"inLanguage\":\"sk-SK\",\"@id\":\"https:\\\/\\\/begamer.cz\\\/sk\\\/#\\\/schema\\\/logo\\\/image\\\/\",\"url\":\"https:\\\/\\\/begamer.cz\\\/wp-content\\\/uploads\\\/2025\\\/07\\\/logo.svg\",\"contentUrl\":\"https:\\\/\\\/begamer.cz\\\/wp-content\\\/uploads\\\/2025\\\/07\\\/logo.svg\",\"caption\":\"BeGamer.cz\"},\"image\":{\"@id\":\"https:\\\/\\\/begamer.cz\\\/sk\\\/#\\\/schema\\\/logo\\\/image\\\/\"}}]}<\/script>\n<!-- \/ Yoast SEO plugin. -->","yoast_head_json":{"title":"Resident Evil Village: Gold Edition | BeGamer.cz","robots":{"index":"index","follow":"follow","max-snippet":"max-snippet:-1","max-image-preview":"max-image-preview:large","max-video-preview":"max-video-preview:-1"},"canonical":"https:\/\/begamer.cz\/sk\/produkt\/resident-evil-village-gold-edition-sk\/","og_locale":"sk_SK","og_type":"article","og_title":"Resident Evil Village: Gold Edition | BeGamer.cz","og_description":"Za\u017eite survival horor ako nikdy predt\u00fdm v \u00f4smom ve\u013ekom pokra\u010dovan\u00ed s\u00e9rie Resident Evil \u2013 Resident Evil Village. V\u010faka detailnej grafike, intenz\u00edvnej akcii z poh\u013eadu prvej osoby a majstrovsk\u00e9mu rozpr\u00e1vaniu pr\u00edbehu je hr\u00f4za realistickej\u0161ia ako kedyko\u013evek predt\u00fdm.","og_url":"https:\/\/begamer.cz\/sk\/produkt\/resident-evil-village-gold-edition-sk\/","og_site_name":"BeGamer.cz","article_modified_time":"2026-03-18T03:11:54+00:00","og_image":[{"width":300,"height":400,"url":"https:\/\/begamer.cz\/wp-content\/uploads\/2026\/01\/resident-evil-village-gold-edition-12.webp","type":"image\/webp"}],"twitter_card":"summary_large_image","twitter_misc":{"Predpokladan\u00fd \u010das \u010d\u00edtania":"2 min\u00faty"},"schema":{"@context":"https:\/\/schema.org","@graph":[{"@type":"WebPage","@id":"https:\/\/begamer.cz\/sk\/produkt\/resident-evil-village-gold-edition-sk\/","url":"https:\/\/begamer.cz\/sk\/produkt\/resident-evil-village-gold-edition-sk\/","name":"Resident Evil Village: Gold Edition | BeGamer.cz","isPartOf":{"@id":"https:\/\/begamer.cz\/sk\/#website"},"primaryImageOfPage":{"@id":"https:\/\/begamer.cz\/sk\/produkt\/resident-evil-village-gold-edition-sk\/#primaryimage"},"image":{"@id":"https:\/\/begamer.cz\/sk\/produkt\/resident-evil-village-gold-edition-sk\/#primaryimage"},"thumbnailUrl":"https:\/\/begamer.cz\/wp-content\/uploads\/2026\/01\/resident-evil-village-gold-edition-12.webp","datePublished":"2026-01-30T15:16:12+00:00","dateModified":"2026-03-18T03:11:54+00:00","breadcrumb":{"@id":"https:\/\/begamer.cz\/sk\/produkt\/resident-evil-village-gold-edition-sk\/#breadcrumb"},"inLanguage":"sk-SK","potentialAction":[{"@type":"ReadAction","target":["https:\/\/begamer.cz\/sk\/produkt\/resident-evil-village-gold-edition-sk\/"]}]},{"@type":"ImageObject","inLanguage":"sk-SK","@id":"https:\/\/begamer.cz\/sk\/produkt\/resident-evil-village-gold-edition-sk\/#primaryimage","url":"https:\/\/begamer.cz\/wp-content\/uploads\/2026\/01\/resident-evil-village-gold-edition-12.webp","contentUrl":"https:\/\/begamer.cz\/wp-content\/uploads\/2026\/01\/resident-evil-village-gold-edition-12.webp","width":300,"height":400},{"@type":"BreadcrumbList","@id":"https:\/\/begamer.cz\/sk\/produkt\/resident-evil-village-gold-edition-sk\/#breadcrumb","itemListElement":[{"@type":"ListItem","position":1,"name":"Domov","item":"https:\/\/begamer.cz\/sk\/"},{"@type":"ListItem","position":2,"name":"Obchod","item":"https:\/\/begamer.cz\/obchod\/"},{"@type":"ListItem","position":3,"name":"Resident Evil Village: Gold Edition"}]},{"@type":"WebSite","@id":"https:\/\/begamer.cz\/sk\/#website","url":"https:\/\/begamer.cz\/sk\/","name":"BeGamer.cz","description":"","publisher":{"@id":"https:\/\/begamer.cz\/sk\/#organization"},"potentialAction":[{"@type":"SearchAction","target":{"@type":"EntryPoint","urlTemplate":"https:\/\/begamer.cz\/sk\/?s={search_term_string}"},"query-input":{"@type":"PropertyValueSpecification","valueRequired":true,"valueName":"search_term_string"}}],"inLanguage":"sk-SK"},{"@type":"Organization","@id":"https:\/\/begamer.cz\/sk\/#organization","name":"BeGamer.cz","url":"https:\/\/begamer.cz\/sk\/","logo":{"@type":"ImageObject","inLanguage":"sk-SK","@id":"https:\/\/begamer.cz\/sk\/#\/schema\/logo\/image\/","url":"https:\/\/begamer.cz\/wp-content\/uploads\/2025\/07\/logo.svg","contentUrl":"https:\/\/begamer.cz\/wp-content\/uploads\/2025\/07\/logo.svg","caption":"BeGamer.cz"},"image":{"@id":"https:\/\/begamer.cz\/sk\/#\/schema\/logo\/image\/"}}]}},"acf":[],"_links":{"self":[{"href":"https:\/\/begamer.cz\/sk\/wp-json\/wp\/v2\/product\/95195","targetHints":{"allow":["GET"]}}],"collection":[{"href":"https:\/\/begamer.cz\/sk\/wp-json\/wp\/v2\/product"}],"about":[{"href":"https:\/\/begamer.cz\/sk\/wp-json\/wp\/v2\/types\/product"}],"replies":[{"embeddable":true,"href":"https:\/\/begamer.cz\/sk\/wp-json\/wp\/v2\/comments?post=95195"}],"wp:featuredmedia":[{"embeddable":true,"href":"https:\/\/begamer.cz\/sk\/wp-json\/wp\/v2\/media\/16686"}],"wp:attachment":[{"href":"https:\/\/begamer.cz\/sk\/wp-json\/wp\/v2\/media?parent=95195"}],"wp:term":[{"taxonomy":"product_brand","embeddable":true,"href":"https:\/\/begamer.cz\/sk\/wp-json\/wp\/v2\/product_brand?post=95195"},{"taxonomy":"product_cat","embeddable":true,"href":"https:\/\/begamer.cz\/sk\/wp-json\/wp\/v2\/product_cat?post=95195"},{"taxonomy":"product_tag","embeddable":true,"href":"https:\/\/begamer.cz\/sk\/wp-json\/wp\/v2\/product_tag?post=95195"}],"curies":[{"name":"wp","href":"https:\/\/api.w.org\/{rel}","templated":true}]}}