{"id":95192,"date":"2026-01-30T16:16:10","date_gmt":"2026-01-30T15:16:10","guid":{"rendered":"https:\/\/begamer.cz\/produkt\/resident-evil-village-winters-expansion-sk\/"},"modified":"2026-03-18T04:11:23","modified_gmt":"2026-03-18T03:11:23","slug":"resident-evil-village-winters-expansion-sk","status":"publish","type":"product","link":"https:\/\/begamer.cz\/sk\/produkt\/resident-evil-village-winters-expansion-sk\/","title":{"rendered":"Resident Evil Village: Winters\u2018 Expansion"},"content":{"rendered":"<p>Pozn\u00e1mka: Tento obsah je tie\u017e k dispoz\u00edcii ako s\u00fa\u010das\u0165 hry Resident Evil: Village Gold Edition. D\u00e1vajte pozor, aby ste nek\u00fapili duplicitn\u00fd obsah.<\/p>\n<p>Vysk\u00fa\u0161ajte \u00faplne nov\u00fd dodato\u010dn\u00fd obsah pre ocenen\u00e9 modern\u00e9 hororov\u00e9 majstrovsk\u00e9 dielo Resident Evil: Village:<\/p>\n<p>&#8211; Re\u017eim tretej osoby: Zahrajte si hlavn\u00fd pr\u00edbeh z \u00faplne novej perspekt\u00edvy.<br \/>\n<br \/>&#8211; Dodato\u010dn\u00e9 \u00falohy \u017eoldnierov: Do boja sa zap\u00e1jaj\u00fa tri nov\u00e9 postavy, vr\u00e1tane so\u0161nej Lady Dimitrescu, ktor\u00fa m\u00f4\u017eete ovl\u00e1da\u0165 po prv\u00fdkr\u00e1t.<br \/>\n<br \/>&#8211; Shadows of Rose: nov\u00fd scen\u00e1r s dospelou Rose, Ethanovou milovanou dc\u00e9rou, ktorej \u00fanos ako die\u0165a od\u0161tartoval p\u00f4vodn\u00fd pr\u00edbeh Village.<\/p>\n","protected":false},"excerpt":{"rendered":"<p>Za\u017eite \u00faplne nov\u00fd dodato\u010dn\u00fd obsah pre ocenen\u00e9 modern\u00e9 hororov\u00e9 majstrovsk\u00e9 dielo Resident Evil: Village: re\u017eim tretej osoby, dodato\u010dn\u00e9 \u00falohy pre \u017eoldnierov a Shadows of Rose.<\/p>\n","protected":false},"featured_media":16644,"comment_status":"open","ping_status":"closed","template":"","meta":{"_acf_changed":false},"product_brand":[],"product_cat":[458,464,398,438],"product_tag":[],"class_list":{"0":"post-95192","1":"product","2":"type-product","3":"status-publish","4":"has-post-thumbnail","6":"product_cat-akcne-xbox-series-x-s-sk","7":"product_cat-horor-xbox-series-x-s-sk","8":"product_cat-xbox-hry-sk","9":"product_cat-xbox-series-x-s-sk","10":"pa_audio-de-de","11":"pa_audio-en-us","12":"pa_audio-es-es","13":"pa_audio-fr-fr","14":"pa_audio-it-it","15":"pa_audio-ja-jp","16":"pa_audio-pt-br","17":"pa_audio-ru-ru","19":"pa_audio-zh-cn","20":"pa_countries-at","21":"pa_countries-be","22":"pa_countries-bg","23":"pa_countries-cy","24":"pa_countries-cz","26":"pa_countries-de","27":"pa_countries-dk","28":"pa_countries-ee","29":"pa_countries-es","30":"pa_countries-fi","31":"pa_countries-fr","32":"pa_countries-gr","33":"pa_countries-hr","34":"pa_countries-hu","35":"pa_countries-ie","36":"pa_countries-it","37":"pa_countries-lt","38":"pa_countries-lu","39":"pa_countries-lv","40":"pa_countries-mt","41":"pa_countries-nl","42":"pa_countries-pl","43":"pa_countries-pt","44":"pa_countries-ro","45":"pa_countries-se","46":"pa_countries-si","47":"pa_countries-sk","48":"pa_developer-capcom","50":"pa_franchises-resident-evil","52":"pa_game_type-dlc","54":"pa_genres-shooter","56":"pa_interface-ar","57":"pa_interface-de-de","58":"pa_interface-en-us","59":"pa_interface-es-es","60":"pa_interface-fr-fr","61":"pa_interface-it-it","62":"pa_interface-ja-jp","63":"pa_interface-ko-kr","64":"pa_interface-pt-br","65":"pa_interface-ru-ru","66":"pa_interface-th-th","68":"pa_interface-zh-cn","69":"pa_interface-zh-tw","70":"pa_keywords-zombies","72":"pa_modes-single-player","74":"pa_pegi-13426","75":"pa_pegi-794","76":"pa_platform-xbox-one-xbox-series-x-s","78":"pa_player_perspectives-first-person","80":"pa_player_perspectives-third-person","81":"pa_publisher-capcom","83":"pa_rating-1505","84":"pa_rating-14531","85":"pa_region-europe","87":"pa_subtitles-ar","88":"pa_subtitles-de-de","90":"pa_subtitles-en-us","91":"pa_subtitles-es-es","92":"pa_subtitles-fr-fr","93":"pa_subtitles-it-it","94":"pa_subtitles-ja-jp","95":"pa_subtitles-ko-kr","96":"pa_subtitles-pt-br","97":"pa_subtitles-ru-ru","98":"pa_subtitles-th-th","99":"pa_subtitles-zh-cn","100":"pa_subtitles-zh-tw","101":"pa_themes-action","102":"pa_themes-horror","104":"pa_themes-survival","106":"first","107":"instock","108":"virtual","109":"taxable","110":"purchasable","111":"product-type-simple"},"yoast_head":"<!-- This site is optimized with the Yoast SEO plugin v27.3 - https:\/\/yoast.com\/product\/yoast-seo-wordpress\/ -->\n<title>Resident Evil Village: Winters&#039; Expansion | BeGamer.cz<\/title>\n<meta name=\"robots\" content=\"index, follow, max-snippet:-1, max-image-preview:large, max-video-preview:-1\" \/>\n<link rel=\"canonical\" href=\"https:\/\/begamer.cz\/sk\/produkt\/resident-evil-village-winters-expansion-sk\/\" \/>\n<meta property=\"og:locale\" content=\"sk_SK\" \/>\n<meta property=\"og:type\" content=\"article\" \/>\n<meta property=\"og:title\" content=\"Resident Evil Village: Winters&#039; Expansion | BeGamer.cz\" \/>\n<meta property=\"og:description\" content=\"Za\u017eite \u00faplne nov\u00fd dodato\u010dn\u00fd obsah pre ocenen\u00e9 modern\u00e9 hororov\u00e9 majstrovsk\u00e9 dielo Resident Evil: Village: re\u017eim tretej osoby, dodato\u010dn\u00e9 \u00falohy pre \u017eoldnierov a Shadows of Rose.\" \/>\n<meta property=\"og:url\" content=\"https:\/\/begamer.cz\/sk\/produkt\/resident-evil-village-winters-expansion-sk\/\" \/>\n<meta property=\"og:site_name\" content=\"BeGamer.cz\" \/>\n<meta property=\"article:modified_time\" content=\"2026-03-18T03:11:23+00:00\" \/>\n<meta property=\"og:image\" content=\"https:\/\/begamer.cz\/wp-content\/uploads\/2026\/01\/resident-evil-village-winters-expansion-10.webp\" \/>\n\t<meta property=\"og:image:width\" content=\"300\" \/>\n\t<meta property=\"og:image:height\" content=\"400\" \/>\n\t<meta property=\"og:image:type\" content=\"image\/webp\" \/>\n<meta name=\"twitter:card\" content=\"summary_large_image\" \/>\n<meta name=\"twitter:label1\" content=\"Predpokladan\u00fd \u010das \u010d\u00edtania\" \/>\n\t<meta name=\"twitter:data1\" content=\"1 min\u00fata\" \/>\n<script type=\"application\/ld+json\" class=\"yoast-schema-graph\">{\"@context\":\"https:\\\/\\\/schema.org\",\"@graph\":[{\"@type\":\"WebPage\",\"@id\":\"https:\\\/\\\/begamer.cz\\\/sk\\\/produkt\\\/resident-evil-village-winters-expansion-sk\\\/\",\"url\":\"https:\\\/\\\/begamer.cz\\\/sk\\\/produkt\\\/resident-evil-village-winters-expansion-sk\\\/\",\"name\":\"Resident Evil Village: Winters' Expansion | BeGamer.cz\",\"isPartOf\":{\"@id\":\"https:\\\/\\\/begamer.cz\\\/sk\\\/#website\"},\"primaryImageOfPage\":{\"@id\":\"https:\\\/\\\/begamer.cz\\\/sk\\\/produkt\\\/resident-evil-village-winters-expansion-sk\\\/#primaryimage\"},\"image\":{\"@id\":\"https:\\\/\\\/begamer.cz\\\/sk\\\/produkt\\\/resident-evil-village-winters-expansion-sk\\\/#primaryimage\"},\"thumbnailUrl\":\"https:\\\/\\\/begamer.cz\\\/wp-content\\\/uploads\\\/2026\\\/01\\\/resident-evil-village-winters-expansion-10.webp\",\"datePublished\":\"2026-01-30T15:16:10+00:00\",\"dateModified\":\"2026-03-18T03:11:23+00:00\",\"breadcrumb\":{\"@id\":\"https:\\\/\\\/begamer.cz\\\/sk\\\/produkt\\\/resident-evil-village-winters-expansion-sk\\\/#breadcrumb\"},\"inLanguage\":\"sk-SK\",\"potentialAction\":[{\"@type\":\"ReadAction\",\"target\":[\"https:\\\/\\\/begamer.cz\\\/sk\\\/produkt\\\/resident-evil-village-winters-expansion-sk\\\/\"]}]},{\"@type\":\"ImageObject\",\"inLanguage\":\"sk-SK\",\"@id\":\"https:\\\/\\\/begamer.cz\\\/sk\\\/produkt\\\/resident-evil-village-winters-expansion-sk\\\/#primaryimage\",\"url\":\"https:\\\/\\\/begamer.cz\\\/wp-content\\\/uploads\\\/2026\\\/01\\\/resident-evil-village-winters-expansion-10.webp\",\"contentUrl\":\"https:\\\/\\\/begamer.cz\\\/wp-content\\\/uploads\\\/2026\\\/01\\\/resident-evil-village-winters-expansion-10.webp\",\"width\":300,\"height\":400},{\"@type\":\"BreadcrumbList\",\"@id\":\"https:\\\/\\\/begamer.cz\\\/sk\\\/produkt\\\/resident-evil-village-winters-expansion-sk\\\/#breadcrumb\",\"itemListElement\":[{\"@type\":\"ListItem\",\"position\":1,\"name\":\"Domov\",\"item\":\"https:\\\/\\\/begamer.cz\\\/sk\\\/\"},{\"@type\":\"ListItem\",\"position\":2,\"name\":\"Obchod\",\"item\":\"https:\\\/\\\/begamer.cz\\\/obchod\\\/\"},{\"@type\":\"ListItem\",\"position\":3,\"name\":\"Resident Evil Village: Winters&#8216; Expansion\"}]},{\"@type\":\"WebSite\",\"@id\":\"https:\\\/\\\/begamer.cz\\\/sk\\\/#website\",\"url\":\"https:\\\/\\\/begamer.cz\\\/sk\\\/\",\"name\":\"BeGamer.cz\",\"description\":\"\",\"publisher\":{\"@id\":\"https:\\\/\\\/begamer.cz\\\/sk\\\/#organization\"},\"potentialAction\":[{\"@type\":\"SearchAction\",\"target\":{\"@type\":\"EntryPoint\",\"urlTemplate\":\"https:\\\/\\\/begamer.cz\\\/sk\\\/?s={search_term_string}\"},\"query-input\":{\"@type\":\"PropertyValueSpecification\",\"valueRequired\":true,\"valueName\":\"search_term_string\"}}],\"inLanguage\":\"sk-SK\"},{\"@type\":\"Organization\",\"@id\":\"https:\\\/\\\/begamer.cz\\\/sk\\\/#organization\",\"name\":\"BeGamer.cz\",\"url\":\"https:\\\/\\\/begamer.cz\\\/sk\\\/\",\"logo\":{\"@type\":\"ImageObject\",\"inLanguage\":\"sk-SK\",\"@id\":\"https:\\\/\\\/begamer.cz\\\/sk\\\/#\\\/schema\\\/logo\\\/image\\\/\",\"url\":\"https:\\\/\\\/begamer.cz\\\/wp-content\\\/uploads\\\/2025\\\/07\\\/logo.svg\",\"contentUrl\":\"https:\\\/\\\/begamer.cz\\\/wp-content\\\/uploads\\\/2025\\\/07\\\/logo.svg\",\"caption\":\"BeGamer.cz\"},\"image\":{\"@id\":\"https:\\\/\\\/begamer.cz\\\/sk\\\/#\\\/schema\\\/logo\\\/image\\\/\"}}]}<\/script>\n<!-- \/ Yoast SEO plugin. -->","yoast_head_json":{"title":"Resident Evil Village: Winters' Expansion | BeGamer.cz","robots":{"index":"index","follow":"follow","max-snippet":"max-snippet:-1","max-image-preview":"max-image-preview:large","max-video-preview":"max-video-preview:-1"},"canonical":"https:\/\/begamer.cz\/sk\/produkt\/resident-evil-village-winters-expansion-sk\/","og_locale":"sk_SK","og_type":"article","og_title":"Resident Evil Village: Winters' Expansion | BeGamer.cz","og_description":"Za\u017eite \u00faplne nov\u00fd dodato\u010dn\u00fd obsah pre ocenen\u00e9 modern\u00e9 hororov\u00e9 majstrovsk\u00e9 dielo Resident Evil: Village: re\u017eim tretej osoby, dodato\u010dn\u00e9 \u00falohy pre \u017eoldnierov a Shadows of Rose.","og_url":"https:\/\/begamer.cz\/sk\/produkt\/resident-evil-village-winters-expansion-sk\/","og_site_name":"BeGamer.cz","article_modified_time":"2026-03-18T03:11:23+00:00","og_image":[{"width":300,"height":400,"url":"https:\/\/begamer.cz\/wp-content\/uploads\/2026\/01\/resident-evil-village-winters-expansion-10.webp","type":"image\/webp"}],"twitter_card":"summary_large_image","twitter_misc":{"Predpokladan\u00fd \u010das \u010d\u00edtania":"1 min\u00fata"},"schema":{"@context":"https:\/\/schema.org","@graph":[{"@type":"WebPage","@id":"https:\/\/begamer.cz\/sk\/produkt\/resident-evil-village-winters-expansion-sk\/","url":"https:\/\/begamer.cz\/sk\/produkt\/resident-evil-village-winters-expansion-sk\/","name":"Resident Evil Village: Winters' Expansion | BeGamer.cz","isPartOf":{"@id":"https:\/\/begamer.cz\/sk\/#website"},"primaryImageOfPage":{"@id":"https:\/\/begamer.cz\/sk\/produkt\/resident-evil-village-winters-expansion-sk\/#primaryimage"},"image":{"@id":"https:\/\/begamer.cz\/sk\/produkt\/resident-evil-village-winters-expansion-sk\/#primaryimage"},"thumbnailUrl":"https:\/\/begamer.cz\/wp-content\/uploads\/2026\/01\/resident-evil-village-winters-expansion-10.webp","datePublished":"2026-01-30T15:16:10+00:00","dateModified":"2026-03-18T03:11:23+00:00","breadcrumb":{"@id":"https:\/\/begamer.cz\/sk\/produkt\/resident-evil-village-winters-expansion-sk\/#breadcrumb"},"inLanguage":"sk-SK","potentialAction":[{"@type":"ReadAction","target":["https:\/\/begamer.cz\/sk\/produkt\/resident-evil-village-winters-expansion-sk\/"]}]},{"@type":"ImageObject","inLanguage":"sk-SK","@id":"https:\/\/begamer.cz\/sk\/produkt\/resident-evil-village-winters-expansion-sk\/#primaryimage","url":"https:\/\/begamer.cz\/wp-content\/uploads\/2026\/01\/resident-evil-village-winters-expansion-10.webp","contentUrl":"https:\/\/begamer.cz\/wp-content\/uploads\/2026\/01\/resident-evil-village-winters-expansion-10.webp","width":300,"height":400},{"@type":"BreadcrumbList","@id":"https:\/\/begamer.cz\/sk\/produkt\/resident-evil-village-winters-expansion-sk\/#breadcrumb","itemListElement":[{"@type":"ListItem","position":1,"name":"Domov","item":"https:\/\/begamer.cz\/sk\/"},{"@type":"ListItem","position":2,"name":"Obchod","item":"https:\/\/begamer.cz\/obchod\/"},{"@type":"ListItem","position":3,"name":"Resident Evil Village: Winters&#8216; Expansion"}]},{"@type":"WebSite","@id":"https:\/\/begamer.cz\/sk\/#website","url":"https:\/\/begamer.cz\/sk\/","name":"BeGamer.cz","description":"","publisher":{"@id":"https:\/\/begamer.cz\/sk\/#organization"},"potentialAction":[{"@type":"SearchAction","target":{"@type":"EntryPoint","urlTemplate":"https:\/\/begamer.cz\/sk\/?s={search_term_string}"},"query-input":{"@type":"PropertyValueSpecification","valueRequired":true,"valueName":"search_term_string"}}],"inLanguage":"sk-SK"},{"@type":"Organization","@id":"https:\/\/begamer.cz\/sk\/#organization","name":"BeGamer.cz","url":"https:\/\/begamer.cz\/sk\/","logo":{"@type":"ImageObject","inLanguage":"sk-SK","@id":"https:\/\/begamer.cz\/sk\/#\/schema\/logo\/image\/","url":"https:\/\/begamer.cz\/wp-content\/uploads\/2025\/07\/logo.svg","contentUrl":"https:\/\/begamer.cz\/wp-content\/uploads\/2025\/07\/logo.svg","caption":"BeGamer.cz"},"image":{"@id":"https:\/\/begamer.cz\/sk\/#\/schema\/logo\/image\/"}}]}},"acf":[],"_links":{"self":[{"href":"https:\/\/begamer.cz\/sk\/wp-json\/wp\/v2\/product\/95192","targetHints":{"allow":["GET"]}}],"collection":[{"href":"https:\/\/begamer.cz\/sk\/wp-json\/wp\/v2\/product"}],"about":[{"href":"https:\/\/begamer.cz\/sk\/wp-json\/wp\/v2\/types\/product"}],"replies":[{"embeddable":true,"href":"https:\/\/begamer.cz\/sk\/wp-json\/wp\/v2\/comments?post=95192"}],"wp:featuredmedia":[{"embeddable":true,"href":"https:\/\/begamer.cz\/sk\/wp-json\/wp\/v2\/media\/16644"}],"wp:attachment":[{"href":"https:\/\/begamer.cz\/sk\/wp-json\/wp\/v2\/media?parent=95192"}],"wp:term":[{"taxonomy":"product_brand","embeddable":true,"href":"https:\/\/begamer.cz\/sk\/wp-json\/wp\/v2\/product_brand?post=95192"},{"taxonomy":"product_cat","embeddable":true,"href":"https:\/\/begamer.cz\/sk\/wp-json\/wp\/v2\/product_cat?post=95192"},{"taxonomy":"product_tag","embeddable":true,"href":"https:\/\/begamer.cz\/sk\/wp-json\/wp\/v2\/product_tag?post=95192"}],"curies":[{"name":"wp","href":"https:\/\/api.w.org\/{rel}","templated":true}]}}