{"id":95123,"date":"2026-01-30T16:14:42","date_gmt":"2026-01-30T15:14:42","guid":{"rendered":"https:\/\/begamer.cz\/produkt\/gotham-knights-sk-1769786084\/"},"modified":"2026-03-18T04:07:05","modified_gmt":"2026-03-18T03:07:05","slug":"gotham-knights-sk-2","status":"publish","type":"product","link":"https:\/\/begamer.cz\/sk\/produkt\/gotham-knights-sk-2\/","title":{"rendered":"Gotham Knights"},"content":{"rendered":"<h1>O hre<\/h1>\n<p>Batman je m\u0155tvy. Ulice Gotham City ovl\u00e1dol nov\u00fd rozsiahly zlo\u010dineck\u00fd podsvetie. Teraz je na Batmanovej rodine \u2013 Batgirl, Nightwing, Red Hood a Robin \u2013 aby chr\u00e1nili Gotham, priniesli n\u00e1dej jeho obyvate\u013eom, discipl\u00ednu jeho policajtom a strach jeho zlo\u010dincom.<br \/>Od rie\u0161enia z\u00e1had, ktor\u00e9 sp\u00e1jaj\u00fa najtemnej\u0161ie kapitoly v hist\u00f3rii mesta, a\u017e po por\u00e1\u017eku notoricky zn\u00e1mych zloduchov v epick\u00fdch konfront\u00e1ci\u00e1ch.<\/p>\n<p>Gotham Knights je ak\u010dn\u00e1 RPG hra s otvoren\u00fdm svetom, ktor\u00e1 sa odohr\u00e1va v doteraz najdynamickej\u0161om a najinterakt\u00edvnej\u0161om Gotham City. Hliadkujte v piatich r\u00f4znych \u0161tvrtiach Gothamu v re\u017eime pre jedn\u00e9ho hr\u00e1\u010da alebo v kooperat\u00edvnom re\u017eime a zasahujte proti zlo\u010dineckej \u010dinnosti, kdeko\u013evek ju n\u00e1jdete.<\/p>\n<p>Va\u0161e dedi\u010dstvo za\u010d\u00edna teraz. Vst\u00fapte do sveta rytierov.<\/p>\n","protected":false},"excerpt":{"rendered":"<p>Gotham Knights je ak\u010dn\u00e1 RPG hra, v ktorej hr\u00e1\u010di ovl\u00e1daj\u00fa Batgirl, Nightwing, Red Hood alebo Robin, aby chr\u00e1nili Gotham City po smrti Batmana. Spojte sa v kooperat\u00edvnom re\u017eime, presk\u00famajte dynamick\u00fd otvoren\u00fd svet, pl\u0148te misie a \u010delite ikonick\u00fdm zloduchom v tomto vzru\u0161uj\u00facom superhrdinskom dobrodru\u017estve.<\/p>\n","protected":false},"featured_media":16148,"comment_status":"open","ping_status":"closed","template":"","meta":{"_acf_changed":false},"product_brand":[],"product_cat":[272,280,268,266,308,312],"product_tag":[],"class_list":{"0":"post-95123","1":"product","2":"type-product","3":"status-publish","4":"has-post-thumbnail","6":"product_cat-akcni-pc-sk","7":"product_cat-dobrodruzne-pc-hry-sk","8":"product_cat-pc-sk","9":"product_cat-pc-hry-sk","10":"product_cat-rpg-pc-hry-sk","11":"product_cat-steam-pc-sk","12":"pa_audio-de-de","13":"pa_audio-en-us","14":"pa_audio-es-es","15":"pa_audio-es-mx","17":"pa_audio-fr-fr","18":"pa_audio-it-it","19":"pa_audio-pt-br","20":"pa_countries-at","21":"pa_countries-be","22":"pa_countries-bg","23":"pa_countries-cy","24":"pa_countries-cz","26":"pa_countries-de","27":"pa_countries-dk","28":"pa_countries-ee","29":"pa_countries-es","30":"pa_countries-fi","31":"pa_countries-fr","32":"pa_countries-gr","33":"pa_countries-hr","34":"pa_countries-hu","35":"pa_countries-ie","36":"pa_countries-it","37":"pa_countries-lt","38":"pa_countries-lu","39":"pa_countries-lv","40":"pa_countries-mt","41":"pa_countries-nl","42":"pa_countries-pl","43":"pa_countries-pt","44":"pa_countries-ro","45":"pa_countries-se","46":"pa_countries-si","47":"pa_countries-sk","48":"pa_developer-wb-games-montreal","50":"pa_engine-unreal-engine-4","52":"pa_franchises-batman","53":"pa_franchises-dc-comics","55":"pa_game_type-main_game","57":"pa_genres-adventure","58":"pa_genres-hack-and-slash-beat-em-up","60":"pa_genres-role-playing-rpg","61":"pa_interface-ar","62":"pa_interface-de-de","63":"pa_interface-en-us","64":"pa_interface-es-es","65":"pa_interface-es-mx","66":"pa_interface-fr-fr","67":"pa_interface-it-it","68":"pa_interface-ja-jp","69":"pa_interface-ko-kr","70":"pa_interface-pl-pl","71":"pa_interface-pt-br","73":"pa_interface-zh-cn","74":"pa_interface-zh-tw","75":"pa_keywords-batman","76":"pa_keywords-multiple-protagonists","78":"pa_keywords-superhero","79":"pa_keywords-superpowers","80":"pa_modes-co-operative","81":"pa_modes-multiplayer","83":"pa_modes-single-player","84":"pa_pegi-956","85":"pa_pegi-13432","86":"pa_platform-pc-steam","88":"pa_player_perspectives-third-person","90":"pa_publisher-wb-games","92":"pa_rating-2115","93":"pa_rating-14566","94":"pa_region-europe","96":"pa_subtitles-ar","97":"pa_subtitles-de-de","99":"pa_subtitles-en-us","100":"pa_subtitles-es-es","101":"pa_subtitles-es-mx","102":"pa_subtitles-fr-fr","103":"pa_subtitles-it-it","104":"pa_subtitles-ja-jp","105":"pa_subtitles-ko-kr","106":"pa_subtitles-pl-pl","107":"pa_subtitles-pt-br","108":"pa_subtitles-zh-cn","109":"pa_subtitles-zh-tw","110":"pa_themes-action","111":"pa_themes-mystery","113":"pa_themes-open-world","115":"first","116":"instock","117":"virtual","118":"taxable","119":"purchasable","120":"product-type-simple"},"yoast_head":"<!-- This site is optimized with the Yoast SEO plugin v27.3 - https:\/\/yoast.com\/product\/yoast-seo-wordpress\/ -->\n<title>Gotham Knights | BeGamer.cz<\/title>\n<meta name=\"robots\" content=\"index, follow, max-snippet:-1, max-image-preview:large, max-video-preview:-1\" \/>\n<link rel=\"canonical\" href=\"https:\/\/begamer.cz\/sk\/produkt\/gotham-knights-sk-2\/\" \/>\n<meta property=\"og:locale\" content=\"sk_SK\" \/>\n<meta property=\"og:type\" content=\"article\" \/>\n<meta property=\"og:title\" content=\"Gotham Knights | BeGamer.cz\" \/>\n<meta property=\"og:description\" content=\"Gotham Knights je ak\u010dn\u00e1 RPG hra, v ktorej hr\u00e1\u010di ovl\u00e1daj\u00fa Batgirl, Nightwing, Red Hood alebo Robin, aby chr\u00e1nili Gotham City po smrti Batmana. Spojte sa v kooperat\u00edvnom re\u017eime, presk\u00famajte dynamick\u00fd otvoren\u00fd svet, pl\u0148te misie a \u010delite ikonick\u00fdm zloduchom v tomto vzru\u0161uj\u00facom superhrdinskom dobrodru\u017estve.\" \/>\n<meta property=\"og:url\" content=\"https:\/\/begamer.cz\/sk\/produkt\/gotham-knights-sk-2\/\" \/>\n<meta property=\"og:site_name\" content=\"BeGamer.cz\" \/>\n<meta property=\"article:modified_time\" content=\"2026-03-18T03:07:05+00:00\" \/>\n<meta property=\"og:image\" content=\"https:\/\/begamer.cz\/wp-content\/uploads\/2026\/01\/gotham-knights-4.webp\" \/>\n\t<meta property=\"og:image:width\" content=\"300\" \/>\n\t<meta property=\"og:image:height\" content=\"400\" \/>\n\t<meta property=\"og:image:type\" content=\"image\/webp\" \/>\n<meta name=\"twitter:card\" content=\"summary_large_image\" \/>\n<meta name=\"twitter:label1\" content=\"Predpokladan\u00fd \u010das \u010d\u00edtania\" \/>\n\t<meta name=\"twitter:data1\" content=\"1 min\u00fata\" \/>\n<script type=\"application\/ld+json\" class=\"yoast-schema-graph\">{\"@context\":\"https:\\\/\\\/schema.org\",\"@graph\":[{\"@type\":\"WebPage\",\"@id\":\"https:\\\/\\\/begamer.cz\\\/sk\\\/produkt\\\/gotham-knights-sk-2\\\/\",\"url\":\"https:\\\/\\\/begamer.cz\\\/sk\\\/produkt\\\/gotham-knights-sk-2\\\/\",\"name\":\"Gotham Knights | BeGamer.cz\",\"isPartOf\":{\"@id\":\"https:\\\/\\\/begamer.cz\\\/sk\\\/#website\"},\"primaryImageOfPage\":{\"@id\":\"https:\\\/\\\/begamer.cz\\\/sk\\\/produkt\\\/gotham-knights-sk-2\\\/#primaryimage\"},\"image\":{\"@id\":\"https:\\\/\\\/begamer.cz\\\/sk\\\/produkt\\\/gotham-knights-sk-2\\\/#primaryimage\"},\"thumbnailUrl\":\"https:\\\/\\\/begamer.cz\\\/wp-content\\\/uploads\\\/2026\\\/01\\\/gotham-knights-4.webp\",\"datePublished\":\"2026-01-30T15:14:42+00:00\",\"dateModified\":\"2026-03-18T03:07:05+00:00\",\"breadcrumb\":{\"@id\":\"https:\\\/\\\/begamer.cz\\\/sk\\\/produkt\\\/gotham-knights-sk-2\\\/#breadcrumb\"},\"inLanguage\":\"sk-SK\",\"potentialAction\":[{\"@type\":\"ReadAction\",\"target\":[\"https:\\\/\\\/begamer.cz\\\/sk\\\/produkt\\\/gotham-knights-sk-2\\\/\"]}]},{\"@type\":\"ImageObject\",\"inLanguage\":\"sk-SK\",\"@id\":\"https:\\\/\\\/begamer.cz\\\/sk\\\/produkt\\\/gotham-knights-sk-2\\\/#primaryimage\",\"url\":\"https:\\\/\\\/begamer.cz\\\/wp-content\\\/uploads\\\/2026\\\/01\\\/gotham-knights-4.webp\",\"contentUrl\":\"https:\\\/\\\/begamer.cz\\\/wp-content\\\/uploads\\\/2026\\\/01\\\/gotham-knights-4.webp\",\"width\":300,\"height\":400},{\"@type\":\"BreadcrumbList\",\"@id\":\"https:\\\/\\\/begamer.cz\\\/sk\\\/produkt\\\/gotham-knights-sk-2\\\/#breadcrumb\",\"itemListElement\":[{\"@type\":\"ListItem\",\"position\":1,\"name\":\"Domov\",\"item\":\"https:\\\/\\\/begamer.cz\\\/sk\\\/\"},{\"@type\":\"ListItem\",\"position\":2,\"name\":\"Obchod\",\"item\":\"https:\\\/\\\/begamer.cz\\\/obchod\\\/\"},{\"@type\":\"ListItem\",\"position\":3,\"name\":\"Gotham Knights\"}]},{\"@type\":\"WebSite\",\"@id\":\"https:\\\/\\\/begamer.cz\\\/sk\\\/#website\",\"url\":\"https:\\\/\\\/begamer.cz\\\/sk\\\/\",\"name\":\"BeGamer.cz\",\"description\":\"\",\"publisher\":{\"@id\":\"https:\\\/\\\/begamer.cz\\\/sk\\\/#organization\"},\"potentialAction\":[{\"@type\":\"SearchAction\",\"target\":{\"@type\":\"EntryPoint\",\"urlTemplate\":\"https:\\\/\\\/begamer.cz\\\/sk\\\/?s={search_term_string}\"},\"query-input\":{\"@type\":\"PropertyValueSpecification\",\"valueRequired\":true,\"valueName\":\"search_term_string\"}}],\"inLanguage\":\"sk-SK\"},{\"@type\":\"Organization\",\"@id\":\"https:\\\/\\\/begamer.cz\\\/sk\\\/#organization\",\"name\":\"BeGamer.cz\",\"url\":\"https:\\\/\\\/begamer.cz\\\/sk\\\/\",\"logo\":{\"@type\":\"ImageObject\",\"inLanguage\":\"sk-SK\",\"@id\":\"https:\\\/\\\/begamer.cz\\\/sk\\\/#\\\/schema\\\/logo\\\/image\\\/\",\"url\":\"https:\\\/\\\/begamer.cz\\\/wp-content\\\/uploads\\\/2025\\\/07\\\/logo.svg\",\"contentUrl\":\"https:\\\/\\\/begamer.cz\\\/wp-content\\\/uploads\\\/2025\\\/07\\\/logo.svg\",\"caption\":\"BeGamer.cz\"},\"image\":{\"@id\":\"https:\\\/\\\/begamer.cz\\\/sk\\\/#\\\/schema\\\/logo\\\/image\\\/\"}}]}<\/script>\n<!-- \/ Yoast SEO plugin. -->","yoast_head_json":{"title":"Gotham Knights | BeGamer.cz","robots":{"index":"index","follow":"follow","max-snippet":"max-snippet:-1","max-image-preview":"max-image-preview:large","max-video-preview":"max-video-preview:-1"},"canonical":"https:\/\/begamer.cz\/sk\/produkt\/gotham-knights-sk-2\/","og_locale":"sk_SK","og_type":"article","og_title":"Gotham Knights | BeGamer.cz","og_description":"Gotham Knights je ak\u010dn\u00e1 RPG hra, v ktorej hr\u00e1\u010di ovl\u00e1daj\u00fa Batgirl, Nightwing, Red Hood alebo Robin, aby chr\u00e1nili Gotham City po smrti Batmana. Spojte sa v kooperat\u00edvnom re\u017eime, presk\u00famajte dynamick\u00fd otvoren\u00fd svet, pl\u0148te misie a \u010delite ikonick\u00fdm zloduchom v tomto vzru\u0161uj\u00facom superhrdinskom dobrodru\u017estve.","og_url":"https:\/\/begamer.cz\/sk\/produkt\/gotham-knights-sk-2\/","og_site_name":"BeGamer.cz","article_modified_time":"2026-03-18T03:07:05+00:00","og_image":[{"width":300,"height":400,"url":"https:\/\/begamer.cz\/wp-content\/uploads\/2026\/01\/gotham-knights-4.webp","type":"image\/webp"}],"twitter_card":"summary_large_image","twitter_misc":{"Predpokladan\u00fd \u010das \u010d\u00edtania":"1 min\u00fata"},"schema":{"@context":"https:\/\/schema.org","@graph":[{"@type":"WebPage","@id":"https:\/\/begamer.cz\/sk\/produkt\/gotham-knights-sk-2\/","url":"https:\/\/begamer.cz\/sk\/produkt\/gotham-knights-sk-2\/","name":"Gotham Knights | BeGamer.cz","isPartOf":{"@id":"https:\/\/begamer.cz\/sk\/#website"},"primaryImageOfPage":{"@id":"https:\/\/begamer.cz\/sk\/produkt\/gotham-knights-sk-2\/#primaryimage"},"image":{"@id":"https:\/\/begamer.cz\/sk\/produkt\/gotham-knights-sk-2\/#primaryimage"},"thumbnailUrl":"https:\/\/begamer.cz\/wp-content\/uploads\/2026\/01\/gotham-knights-4.webp","datePublished":"2026-01-30T15:14:42+00:00","dateModified":"2026-03-18T03:07:05+00:00","breadcrumb":{"@id":"https:\/\/begamer.cz\/sk\/produkt\/gotham-knights-sk-2\/#breadcrumb"},"inLanguage":"sk-SK","potentialAction":[{"@type":"ReadAction","target":["https:\/\/begamer.cz\/sk\/produkt\/gotham-knights-sk-2\/"]}]},{"@type":"ImageObject","inLanguage":"sk-SK","@id":"https:\/\/begamer.cz\/sk\/produkt\/gotham-knights-sk-2\/#primaryimage","url":"https:\/\/begamer.cz\/wp-content\/uploads\/2026\/01\/gotham-knights-4.webp","contentUrl":"https:\/\/begamer.cz\/wp-content\/uploads\/2026\/01\/gotham-knights-4.webp","width":300,"height":400},{"@type":"BreadcrumbList","@id":"https:\/\/begamer.cz\/sk\/produkt\/gotham-knights-sk-2\/#breadcrumb","itemListElement":[{"@type":"ListItem","position":1,"name":"Domov","item":"https:\/\/begamer.cz\/sk\/"},{"@type":"ListItem","position":2,"name":"Obchod","item":"https:\/\/begamer.cz\/obchod\/"},{"@type":"ListItem","position":3,"name":"Gotham Knights"}]},{"@type":"WebSite","@id":"https:\/\/begamer.cz\/sk\/#website","url":"https:\/\/begamer.cz\/sk\/","name":"BeGamer.cz","description":"","publisher":{"@id":"https:\/\/begamer.cz\/sk\/#organization"},"potentialAction":[{"@type":"SearchAction","target":{"@type":"EntryPoint","urlTemplate":"https:\/\/begamer.cz\/sk\/?s={search_term_string}"},"query-input":{"@type":"PropertyValueSpecification","valueRequired":true,"valueName":"search_term_string"}}],"inLanguage":"sk-SK"},{"@type":"Organization","@id":"https:\/\/begamer.cz\/sk\/#organization","name":"BeGamer.cz","url":"https:\/\/begamer.cz\/sk\/","logo":{"@type":"ImageObject","inLanguage":"sk-SK","@id":"https:\/\/begamer.cz\/sk\/#\/schema\/logo\/image\/","url":"https:\/\/begamer.cz\/wp-content\/uploads\/2025\/07\/logo.svg","contentUrl":"https:\/\/begamer.cz\/wp-content\/uploads\/2025\/07\/logo.svg","caption":"BeGamer.cz"},"image":{"@id":"https:\/\/begamer.cz\/sk\/#\/schema\/logo\/image\/"}}]}},"acf":[],"_links":{"self":[{"href":"https:\/\/begamer.cz\/sk\/wp-json\/wp\/v2\/product\/95123","targetHints":{"allow":["GET"]}}],"collection":[{"href":"https:\/\/begamer.cz\/sk\/wp-json\/wp\/v2\/product"}],"about":[{"href":"https:\/\/begamer.cz\/sk\/wp-json\/wp\/v2\/types\/product"}],"replies":[{"embeddable":true,"href":"https:\/\/begamer.cz\/sk\/wp-json\/wp\/v2\/comments?post=95123"}],"wp:featuredmedia":[{"embeddable":true,"href":"https:\/\/begamer.cz\/sk\/wp-json\/wp\/v2\/media\/16148"}],"wp:attachment":[{"href":"https:\/\/begamer.cz\/sk\/wp-json\/wp\/v2\/media?parent=95123"}],"wp:term":[{"taxonomy":"product_brand","embeddable":true,"href":"https:\/\/begamer.cz\/sk\/wp-json\/wp\/v2\/product_brand?post=95123"},{"taxonomy":"product_cat","embeddable":true,"href":"https:\/\/begamer.cz\/sk\/wp-json\/wp\/v2\/product_cat?post=95123"},{"taxonomy":"product_tag","embeddable":true,"href":"https:\/\/begamer.cz\/sk\/wp-json\/wp\/v2\/product_tag?post=95123"}],"curies":[{"name":"wp","href":"https:\/\/api.w.org\/{rel}","templated":true}]}}