{"id":95045,"date":"2026-01-30T16:13:23","date_gmt":"2026-01-30T15:13:23","guid":{"rendered":"https:\/\/begamer.cz\/produkt\/professional-farmer-2014-sk\/"},"modified":"2026-03-18T04:02:57","modified_gmt":"2026-03-18T03:02:57","slug":"professional-farmer-2014-sk","status":"publish","type":"product","link":"https:\/\/begamer.cz\/sk\/produkt\/professional-farmer-2014-sk\/","title":{"rendered":"Professional Farmer 2014"},"content":{"rendered":"<h1>O hre<\/h1>\n<p><strong>Traktory a po\u013enohospod\u00e1rske stroje Rozbehnite svoju farmu<\/strong> PC<\/p>\n<p>simul\u00e1tor \u201eProfessional Farmer 2014\u201c prenesie hr\u00e1\u010da na vidiek a poskytne hobby farm\u00e1rom pln\u00fa kontrolu v pohodl\u00ed ich domova. Riadenie farmy, obr\u00e1banie pol\u00ed, pestovanie plod\u00edn, chov zvierat a n\u00e1kup a predaj produktov s\u00fa len niektor\u00e9 z hlavn\u00fdch hern\u00fdch prvkov, ktor\u00e9 tento simul\u00e1tor pon\u00faka.<\/p>\n<p>Hr\u00e1\u010d za\u010d\u00edna s mal\u00fdm majetkom a svoju kari\u00e9ru za\u010d\u00ednaj\u00faceho farm\u00e1ra postupne roz\u0161iruje o nov\u00e9 polia, traktory, stroje a zvierat\u00e1. M\u00f4\u017ee sa bu\u010f \u0161pecializova\u0165, alebo vyu\u017ei\u0165 v\u0161etky mo\u017enosti, ktor\u00e9 po\u013enohospod\u00e1rstvo pon\u00faka. K\u013e\u00fa\u010dom k \u00faspechu je dobr\u00e9 pl\u00e1novanie pod\u013ea ro\u010dn\u00fdch obdob\u00ed, odborn\u00e9 znalosti, ktor\u00e9 z\u00edskate v priebehu hry, zru\u010dnosti a star\u00e1 dobr\u00e1 tvrd\u00e1 pr\u00e1ca. Ako farm\u00e1r sa hr\u00e1\u010d nau\u010d\u00ed \u017ei\u0165 s pr\u00edrodn\u00fdmi silami, prija\u0165 po\u010dasie a reagova\u0165 tak, aby dosiahol \u010do najlep\u0161\u00ed v\u00fdnos z pol\u00ed, staral sa o zvierat\u00e1 a pripravil rozpo\u010det na nov\u00e9 invest\u00edcie. Na obr\u00e1banie farmy a riadenie v\u0161etk\u00fdch pr\u00e1c je k dispoz\u00edcii mnoho traktorov a po\u013enohospod\u00e1rskych strojov (kombajny, po\u013en\u00e9 seka\u010dky, pr\u00edpojn\u00e9 \u010dasti a pr\u00edvesy at\u010f.) od renomovan\u00fdch v\u00fdrobcov.  Iba dobr\u00e9 pl\u00e1novanie a tvrd\u00e1 pr\u00e1ca premenia \u00fahor na \u00farodn\u00fa a plodn\u00fa p\u00f4du. Samozrejme, v\u0161etky stroje m\u00f4\u017eete riadi\u0165 a ovl\u00e1da\u0165 sami, \u010di u\u017e ide o prip\u00e1janie pluhu, dop\u013a\u0148anie paliva do traktora alebo vykl\u00e1dku \u00farody.<\/p>\n<p>&quot;Hra \u201eProfessional Farmer 2014\u201c pon\u00faka \u0161irok\u00fa \u0161k\u00e1lu plod\u00edn v z\u00e1vislosti od prostredia a podnebia, s ktor\u00fdmi m\u00f4\u017ee farm\u00e1r obr\u00e1ba\u0165 polia r\u00f4znorod\u00fdm a efekt\u00edvnym sp\u00f4sobom s vysok\u00fdm v\u00fdnosom. Aj striedanie plod\u00edn hr\u00e1 d\u00f4le\u017eit\u00fa \u00falohu pri pl\u00e1novan\u00ed! Integrovan\u00e9 ro\u010dn\u00e9 obdobia ovplyv\u0148uj\u00fa hru a poskytuj\u00fa hr\u00e1\u010dovi neust\u00e1ly pr\u00fad \u00faloh a pr\u00e1ce. Miestny<\/p>\n<p>farm\u00e1rsky trh je va\u0161\u00edm prv\u00fdm krokom k \u00faspechu! Po kr\u00e1tkom \u010dase by ste mali vzia\u0165 na\u0161e dom\u00e1ce a zozbieran\u00e9 produkty na trh a zarobi\u0165 si prv\u00e9 peniaze ich predajom. Ako budete pred\u00e1va\u0165 viac, \u010doskoro uvid\u00edte vo va\u0161ej flotile viac a v\u00e4\u010d\u0161\u00edch strojov a budete m\u00f4c\u0165 pestova\u0165 v\u00e4\u010d\u0161ie mno\u017estv\u00e1 produktov. Postupne budete m\u00f4c\u0165 dokonca stava\u0165 nov\u00e9 budovy a z\u00edskava\u0165 nov\u00e9 polia.<\/p>\n<h2 class=\"bb_tag\" >Funkcie<\/h2>\n<ul class=\"bb_ul\">\n<li>Po prv\u00fdkr\u00e1t v simul\u00e1tore farm\u00e1r\u010denia: r\u00f4zne ro\u010dn\u00e9 obdobia a ro\u010dn\u00e9 pl\u00e1novanie<\/li>\n<li>Nespo\u010detn\u00e9 mno\u017estvo origin\u00e1lnych traktorov<\/li>\n<li>Re\u017eim kampane obsahuje mno\u017estvo misi\u00ed, ktor\u00e9 v\u00e1m zaru\u010dia hodiny z\u00e1bavy. M\u00e1 v\u0161etko, od kr\u00e1tkych \u00faloh a\u017e po rozsiahle misie<\/li>\n<li>Re\u017eim Sandbox umo\u017e\u0148uje hobby farm\u00e1rovi u\u017e\u00edva\u0165 si hru bez obmedzen\u00ed \u2013 bez \u010dasov\u00e9ho tlaku alebo zoznamov \u00faloh<\/li>\n<\/ul>\n","protected":false},"excerpt":{"rendered":"<p>Traktory a po\u013enohospod\u00e1rske stroje Rozbehnite svoju farmu PC simul\u00e1tor \u201eProfessional Farmer 2014\u201c prenesie hr\u00e1\u010da na vidiek a poskytne hobby farm\u00e1rom pln\u00fa kontrolu v pohodl\u00ed ich domova.<\/p>\n","protected":false},"featured_media":59875,"comment_status":"open","ping_status":"closed","template":"","meta":{"_acf_changed":false},"product_brand":[],"product_cat":[268,266,314,312],"product_tag":[],"class_list":{"0":"post-95045","1":"product","2":"type-product","3":"status-publish","4":"has-post-thumbnail","6":"product_cat-pc-sk","7":"product_cat-pc-hry-sk","8":"product_cat-simulatory-pc-hry-sk","9":"product_cat-steam-pc-sk","10":"pa_game_type-main_game","12":"pa_genres-simulator","14":"pa_interface-de-de","15":"pa_interface-en-us","16":"pa_interface-es-es","17":"pa_interface-fr-fr","18":"pa_interface-it-it","19":"pa_interface-nb-no","21":"pa_interface-nl-nl","22":"pa_interface-pl-pl","23":"pa_interface-ru-ru","24":"pa_interface-sv-se","25":"pa_keywords-management","27":"pa_modes-single-player","29":"pa_platform-pc-steam","31":"pa_publisher-united-independent-entertainment-gmbh","33":"pa_rating-14441","34":"pa_rating-773","35":"pa_region-global","38":"first","39":"instock","40":"virtual","41":"taxable","42":"purchasable","43":"product-type-simple"},"yoast_head":"<!-- This site is optimized with the Yoast SEO plugin v27.4 - https:\/\/yoast.com\/product\/yoast-seo-wordpress\/ -->\n<title>Professional Farmer 2014 | BeGamer.cz<\/title>\n<meta name=\"robots\" content=\"index, follow, max-snippet:-1, max-image-preview:large, max-video-preview:-1\" \/>\n<link rel=\"canonical\" href=\"https:\/\/begamer.cz\/sk\/produkt\/professional-farmer-2014-sk\/\" \/>\n<meta property=\"og:locale\" content=\"sk_SK\" \/>\n<meta property=\"og:type\" content=\"article\" \/>\n<meta property=\"og:title\" content=\"Professional Farmer 2014 | BeGamer.cz\" \/>\n<meta property=\"og:description\" content=\"Traktory a po\u013enohospod\u00e1rske stroje Rozbehnite svoju farmu PC simul\u00e1tor \u201eProfessional Farmer 2014\u201c prenesie hr\u00e1\u010da na vidiek a poskytne hobby farm\u00e1rom pln\u00fa kontrolu v pohodl\u00ed ich domova.\" \/>\n<meta property=\"og:url\" content=\"https:\/\/begamer.cz\/sk\/produkt\/professional-farmer-2014-sk\/\" \/>\n<meta property=\"og:site_name\" content=\"BeGamer.cz\" \/>\n<meta property=\"article:modified_time\" content=\"2026-03-18T03:02:57+00:00\" \/>\n<meta property=\"og:image\" content=\"https:\/\/begamer.cz\/wp-content\/uploads\/2026\/01\/professional-farmer-2014-5.webp\" \/>\n\t<meta property=\"og:image:width\" content=\"300\" \/>\n\t<meta property=\"og:image:height\" content=\"400\" \/>\n\t<meta property=\"og:image:type\" content=\"image\/webp\" \/>\n<meta name=\"twitter:card\" content=\"summary_large_image\" \/>\n<meta name=\"twitter:label1\" content=\"Predpokladan\u00fd \u010das \u010d\u00edtania\" \/>\n\t<meta name=\"twitter:data1\" content=\"2 min\u00faty\" \/>\n<script type=\"application\/ld+json\" class=\"yoast-schema-graph\">{\"@context\":\"https:\\\/\\\/schema.org\",\"@graph\":[{\"@type\":\"WebPage\",\"@id\":\"https:\\\/\\\/begamer.cz\\\/sk\\\/produkt\\\/professional-farmer-2014-sk\\\/\",\"url\":\"https:\\\/\\\/begamer.cz\\\/sk\\\/produkt\\\/professional-farmer-2014-sk\\\/\",\"name\":\"Professional Farmer 2014 | BeGamer.cz\",\"isPartOf\":{\"@id\":\"https:\\\/\\\/begamer.cz\\\/sk\\\/#website\"},\"primaryImageOfPage\":{\"@id\":\"https:\\\/\\\/begamer.cz\\\/sk\\\/produkt\\\/professional-farmer-2014-sk\\\/#primaryimage\"},\"image\":{\"@id\":\"https:\\\/\\\/begamer.cz\\\/sk\\\/produkt\\\/professional-farmer-2014-sk\\\/#primaryimage\"},\"thumbnailUrl\":\"https:\\\/\\\/begamer.cz\\\/wp-content\\\/uploads\\\/2026\\\/01\\\/professional-farmer-2014-5.webp\",\"datePublished\":\"2026-01-30T15:13:23+00:00\",\"dateModified\":\"2026-03-18T03:02:57+00:00\",\"breadcrumb\":{\"@id\":\"https:\\\/\\\/begamer.cz\\\/sk\\\/produkt\\\/professional-farmer-2014-sk\\\/#breadcrumb\"},\"inLanguage\":\"sk-SK\",\"potentialAction\":[{\"@type\":\"ReadAction\",\"target\":[\"https:\\\/\\\/begamer.cz\\\/sk\\\/produkt\\\/professional-farmer-2014-sk\\\/\"]}]},{\"@type\":\"ImageObject\",\"inLanguage\":\"sk-SK\",\"@id\":\"https:\\\/\\\/begamer.cz\\\/sk\\\/produkt\\\/professional-farmer-2014-sk\\\/#primaryimage\",\"url\":\"https:\\\/\\\/begamer.cz\\\/wp-content\\\/uploads\\\/2026\\\/01\\\/professional-farmer-2014-5.webp\",\"contentUrl\":\"https:\\\/\\\/begamer.cz\\\/wp-content\\\/uploads\\\/2026\\\/01\\\/professional-farmer-2014-5.webp\",\"width\":300,\"height\":400},{\"@type\":\"BreadcrumbList\",\"@id\":\"https:\\\/\\\/begamer.cz\\\/sk\\\/produkt\\\/professional-farmer-2014-sk\\\/#breadcrumb\",\"itemListElement\":[{\"@type\":\"ListItem\",\"position\":1,\"name\":\"Domov\",\"item\":\"https:\\\/\\\/begamer.cz\\\/sk\\\/\"},{\"@type\":\"ListItem\",\"position\":2,\"name\":\"Obchod\",\"item\":\"https:\\\/\\\/begamer.cz\\\/obchod\\\/\"},{\"@type\":\"ListItem\",\"position\":3,\"name\":\"Professional Farmer 2014\"}]},{\"@type\":\"WebSite\",\"@id\":\"https:\\\/\\\/begamer.cz\\\/sk\\\/#website\",\"url\":\"https:\\\/\\\/begamer.cz\\\/sk\\\/\",\"name\":\"BeGamer.cz\",\"description\":\"\",\"publisher\":{\"@id\":\"https:\\\/\\\/begamer.cz\\\/sk\\\/#organization\"},\"potentialAction\":[{\"@type\":\"SearchAction\",\"target\":{\"@type\":\"EntryPoint\",\"urlTemplate\":\"https:\\\/\\\/begamer.cz\\\/sk\\\/?s={search_term_string}\"},\"query-input\":{\"@type\":\"PropertyValueSpecification\",\"valueRequired\":true,\"valueName\":\"search_term_string\"}}],\"inLanguage\":\"sk-SK\"},{\"@type\":\"Organization\",\"@id\":\"https:\\\/\\\/begamer.cz\\\/sk\\\/#organization\",\"name\":\"BeGamer.cz\",\"url\":\"https:\\\/\\\/begamer.cz\\\/sk\\\/\",\"logo\":{\"@type\":\"ImageObject\",\"inLanguage\":\"sk-SK\",\"@id\":\"https:\\\/\\\/begamer.cz\\\/sk\\\/#\\\/schema\\\/logo\\\/image\\\/\",\"url\":\"https:\\\/\\\/begamer.cz\\\/wp-content\\\/uploads\\\/2025\\\/07\\\/logo.svg\",\"contentUrl\":\"https:\\\/\\\/begamer.cz\\\/wp-content\\\/uploads\\\/2025\\\/07\\\/logo.svg\",\"caption\":\"BeGamer.cz\"},\"image\":{\"@id\":\"https:\\\/\\\/begamer.cz\\\/sk\\\/#\\\/schema\\\/logo\\\/image\\\/\"}}]}<\/script>\n<!-- \/ Yoast SEO plugin. -->","yoast_head_json":{"title":"Professional Farmer 2014 | BeGamer.cz","robots":{"index":"index","follow":"follow","max-snippet":"max-snippet:-1","max-image-preview":"max-image-preview:large","max-video-preview":"max-video-preview:-1"},"canonical":"https:\/\/begamer.cz\/sk\/produkt\/professional-farmer-2014-sk\/","og_locale":"sk_SK","og_type":"article","og_title":"Professional Farmer 2014 | BeGamer.cz","og_description":"Traktory a po\u013enohospod\u00e1rske stroje Rozbehnite svoju farmu PC simul\u00e1tor \u201eProfessional Farmer 2014\u201c prenesie hr\u00e1\u010da na vidiek a poskytne hobby farm\u00e1rom pln\u00fa kontrolu v pohodl\u00ed ich domova.","og_url":"https:\/\/begamer.cz\/sk\/produkt\/professional-farmer-2014-sk\/","og_site_name":"BeGamer.cz","article_modified_time":"2026-03-18T03:02:57+00:00","og_image":[{"width":300,"height":400,"url":"https:\/\/begamer.cz\/wp-content\/uploads\/2026\/01\/professional-farmer-2014-5.webp","type":"image\/webp"}],"twitter_card":"summary_large_image","twitter_misc":{"Predpokladan\u00fd \u010das \u010d\u00edtania":"2 min\u00faty"},"schema":{"@context":"https:\/\/schema.org","@graph":[{"@type":"WebPage","@id":"https:\/\/begamer.cz\/sk\/produkt\/professional-farmer-2014-sk\/","url":"https:\/\/begamer.cz\/sk\/produkt\/professional-farmer-2014-sk\/","name":"Professional Farmer 2014 | BeGamer.cz","isPartOf":{"@id":"https:\/\/begamer.cz\/sk\/#website"},"primaryImageOfPage":{"@id":"https:\/\/begamer.cz\/sk\/produkt\/professional-farmer-2014-sk\/#primaryimage"},"image":{"@id":"https:\/\/begamer.cz\/sk\/produkt\/professional-farmer-2014-sk\/#primaryimage"},"thumbnailUrl":"https:\/\/begamer.cz\/wp-content\/uploads\/2026\/01\/professional-farmer-2014-5.webp","datePublished":"2026-01-30T15:13:23+00:00","dateModified":"2026-03-18T03:02:57+00:00","breadcrumb":{"@id":"https:\/\/begamer.cz\/sk\/produkt\/professional-farmer-2014-sk\/#breadcrumb"},"inLanguage":"sk-SK","potentialAction":[{"@type":"ReadAction","target":["https:\/\/begamer.cz\/sk\/produkt\/professional-farmer-2014-sk\/"]}]},{"@type":"ImageObject","inLanguage":"sk-SK","@id":"https:\/\/begamer.cz\/sk\/produkt\/professional-farmer-2014-sk\/#primaryimage","url":"https:\/\/begamer.cz\/wp-content\/uploads\/2026\/01\/professional-farmer-2014-5.webp","contentUrl":"https:\/\/begamer.cz\/wp-content\/uploads\/2026\/01\/professional-farmer-2014-5.webp","width":300,"height":400},{"@type":"BreadcrumbList","@id":"https:\/\/begamer.cz\/sk\/produkt\/professional-farmer-2014-sk\/#breadcrumb","itemListElement":[{"@type":"ListItem","position":1,"name":"Domov","item":"https:\/\/begamer.cz\/sk\/"},{"@type":"ListItem","position":2,"name":"Obchod","item":"https:\/\/begamer.cz\/obchod\/"},{"@type":"ListItem","position":3,"name":"Professional Farmer 2014"}]},{"@type":"WebSite","@id":"https:\/\/begamer.cz\/sk\/#website","url":"https:\/\/begamer.cz\/sk\/","name":"BeGamer.cz","description":"","publisher":{"@id":"https:\/\/begamer.cz\/sk\/#organization"},"potentialAction":[{"@type":"SearchAction","target":{"@type":"EntryPoint","urlTemplate":"https:\/\/begamer.cz\/sk\/?s={search_term_string}"},"query-input":{"@type":"PropertyValueSpecification","valueRequired":true,"valueName":"search_term_string"}}],"inLanguage":"sk-SK"},{"@type":"Organization","@id":"https:\/\/begamer.cz\/sk\/#organization","name":"BeGamer.cz","url":"https:\/\/begamer.cz\/sk\/","logo":{"@type":"ImageObject","inLanguage":"sk-SK","@id":"https:\/\/begamer.cz\/sk\/#\/schema\/logo\/image\/","url":"https:\/\/begamer.cz\/wp-content\/uploads\/2025\/07\/logo.svg","contentUrl":"https:\/\/begamer.cz\/wp-content\/uploads\/2025\/07\/logo.svg","caption":"BeGamer.cz"},"image":{"@id":"https:\/\/begamer.cz\/sk\/#\/schema\/logo\/image\/"}}]}},"acf":[],"_links":{"self":[{"href":"https:\/\/begamer.cz\/sk\/wp-json\/wp\/v2\/product\/95045","targetHints":{"allow":["GET"]}}],"collection":[{"href":"https:\/\/begamer.cz\/sk\/wp-json\/wp\/v2\/product"}],"about":[{"href":"https:\/\/begamer.cz\/sk\/wp-json\/wp\/v2\/types\/product"}],"replies":[{"embeddable":true,"href":"https:\/\/begamer.cz\/sk\/wp-json\/wp\/v2\/comments?post=95045"}],"wp:featuredmedia":[{"embeddable":true,"href":"https:\/\/begamer.cz\/sk\/wp-json\/wp\/v2\/media\/59875"}],"wp:attachment":[{"href":"https:\/\/begamer.cz\/sk\/wp-json\/wp\/v2\/media?parent=95045"}],"wp:term":[{"taxonomy":"product_brand","embeddable":true,"href":"https:\/\/begamer.cz\/sk\/wp-json\/wp\/v2\/product_brand?post=95045"},{"taxonomy":"product_cat","embeddable":true,"href":"https:\/\/begamer.cz\/sk\/wp-json\/wp\/v2\/product_cat?post=95045"},{"taxonomy":"product_tag","embeddable":true,"href":"https:\/\/begamer.cz\/sk\/wp-json\/wp\/v2\/product_tag?post=95045"}],"curies":[{"name":"wp","href":"https:\/\/api.w.org\/{rel}","templated":true}]}}