{"id":95027,"date":"2026-01-30T16:13:04","date_gmt":"2026-01-30T15:13:04","guid":{"rendered":"https:\/\/begamer.cz\/produkt\/fantastic-pinball-thrills-sk\/"},"modified":"2026-03-18T04:00:08","modified_gmt":"2026-03-18T03:00:08","slug":"fantastic-pinball-thrills-sk","status":"publish","type":"product","link":"https:\/\/begamer.cz\/sk\/produkt\/fantastic-pinball-thrills-sk\/","title":{"rendered":"Fantastic Pinball Thrills"},"content":{"rendered":"<p>Ste pripraven\u00ed na ultim\u00e1tnu pinballov\u00fa v\u00fdzvu? Autenticky detailn\u00e9 pinballov\u00e9 stoly v\u00e1s poz\u00fdvaj\u00fa na kolo vzru\u0161uj\u00facej ark\u00e1dovej akcie. Modern\u00e1 technol\u00f3gia zaru\u010duje \u0161pi\u010dkov\u00fa, najmodernej\u0161iu fyzik\u00e1lnu simul\u00e1ciu. Obdivujte vynikaj\u00faci realizmus, a\u017e po odrazy, na 6 jedine\u010dn\u00fdch tematick\u00fdch stoloch s r\u00f4znymi kamerov\u00fdmi uhlami, ktor\u00e9 poskytuj\u00fa dokonal\u00fd pinballov\u00fd z\u00e1\u017eitok.<\/p>\n<h2 class=\"bb_tag\" >Funkcie<\/h2>\n<ul class=\"bb_ul\">\n<li>6 jedine\u010dn\u00fdch pinballov\u00fdch stolov: \u201eFly Away\u201c, \u201eRacing\u201c, \u201eIn Space\u201c, \u201eCastle\u201c, \u201eBreak the Speed\u201c, \u201eOktoberfest\u201c<\/li>\n<li>\u0160pi\u010dkov\u00e9 simul\u00e1cie ramp, n\u00e1razn\u00edkov a prep\u00edna\u010dov<\/li>\n<li>Fantastick\u00e1 fyzika pinballu<\/li>\n<li>Viac uhlov kamery zaru\u010duje \u00faplne pohlcuj\u00faci pocit z pinballu<\/li>\n<li>Autentick\u00e1 atmosf\u00e9ra vr\u00e1tane realistick\u00fdch odrazov a zvukov\u00fdch efektov<\/li>\n<li>Podpora gamepadu<\/li>\n<\/ul>\n","protected":false},"excerpt":{"rendered":"<p>Ste pripraven\u00ed na ultim\u00e1tnu pinballov\u00fa v\u00fdzvu? Autenticky detailn\u00e9 pinballov\u00e9 stoly v\u00e1s poz\u00fdvaj\u00fa na kolo vzru\u0161uj\u00facej ark\u00e1dovej akcie. Modern\u00e1 technol\u00f3gia zaru\u010duje \u0161pi\u010dkov\u00fa, najmodernej\u0161iu fyzik\u00e1lnu simul\u00e1ciu.<\/p>\n","protected":false},"featured_media":59737,"comment_status":"open","ping_status":"closed","template":"","meta":{"_acf_changed":false},"product_brand":[],"product_cat":[274,268,266,312],"product_tag":[],"class_list":{"0":"post-95027","1":"product","2":"type-product","3":"status-publish","4":"has-post-thumbnail","6":"product_cat-arkady-pc-hry-sk","7":"product_cat-pc-sk","8":"product_cat-pc-hry-sk","9":"product_cat-steam-pc-sk","10":"pa_game_type-main_game","12":"pa_genres-pinball","14":"pa_interface-de-de","16":"pa_interface-en-us","17":"pa_modes-single-player","19":"pa_platform-pc-steam","21":"pa_publisher-united-independent-entertainment-gmbh","23":"pa_rating-773","24":"pa_rating-14441","25":"pa_region-global","28":"first","29":"instock","30":"virtual","31":"taxable","32":"purchasable","33":"product-type-simple"},"yoast_head":"<!-- This site is optimized with the Yoast SEO plugin v27.4 - https:\/\/yoast.com\/product\/yoast-seo-wordpress\/ -->\n<title>Fantastic Pinball Thrills | BeGamer.cz<\/title>\n<meta name=\"robots\" content=\"index, follow, max-snippet:-1, max-image-preview:large, max-video-preview:-1\" \/>\n<link rel=\"canonical\" href=\"https:\/\/begamer.cz\/sk\/produkt\/fantastic-pinball-thrills-sk\/\" \/>\n<meta property=\"og:locale\" content=\"sk_SK\" \/>\n<meta property=\"og:type\" content=\"article\" \/>\n<meta property=\"og:title\" content=\"Fantastic Pinball Thrills | BeGamer.cz\" \/>\n<meta property=\"og:description\" content=\"Ste pripraven\u00ed na ultim\u00e1tnu pinballov\u00fa v\u00fdzvu? Autenticky detailn\u00e9 pinballov\u00e9 stoly v\u00e1s poz\u00fdvaj\u00fa na kolo vzru\u0161uj\u00facej ark\u00e1dovej akcie. Modern\u00e1 technol\u00f3gia zaru\u010duje \u0161pi\u010dkov\u00fa, najmodernej\u0161iu fyzik\u00e1lnu simul\u00e1ciu.\" \/>\n<meta property=\"og:url\" content=\"https:\/\/begamer.cz\/sk\/produkt\/fantastic-pinball-thrills-sk\/\" \/>\n<meta property=\"og:site_name\" content=\"BeGamer.cz\" \/>\n<meta property=\"article:modified_time\" content=\"2026-03-18T03:00:08+00:00\" \/>\n<meta property=\"og:image\" content=\"https:\/\/begamer.cz\/wp-content\/uploads\/2026\/01\/fantastic-pinball-thrills-5.webp\" \/>\n\t<meta property=\"og:image:width\" content=\"300\" \/>\n\t<meta property=\"og:image:height\" content=\"400\" \/>\n\t<meta property=\"og:image:type\" content=\"image\/webp\" \/>\n<meta name=\"twitter:card\" content=\"summary_large_image\" \/>\n<meta name=\"twitter:label1\" content=\"Predpokladan\u00fd \u010das \u010d\u00edtania\" \/>\n\t<meta name=\"twitter:data1\" content=\"1 min\u00fata\" \/>\n<script type=\"application\/ld+json\" class=\"yoast-schema-graph\">{\"@context\":\"https:\\\/\\\/schema.org\",\"@graph\":[{\"@type\":\"WebPage\",\"@id\":\"https:\\\/\\\/begamer.cz\\\/sk\\\/produkt\\\/fantastic-pinball-thrills-sk\\\/\",\"url\":\"https:\\\/\\\/begamer.cz\\\/sk\\\/produkt\\\/fantastic-pinball-thrills-sk\\\/\",\"name\":\"Fantastic Pinball Thrills | BeGamer.cz\",\"isPartOf\":{\"@id\":\"https:\\\/\\\/begamer.cz\\\/sk\\\/#website\"},\"primaryImageOfPage\":{\"@id\":\"https:\\\/\\\/begamer.cz\\\/sk\\\/produkt\\\/fantastic-pinball-thrills-sk\\\/#primaryimage\"},\"image\":{\"@id\":\"https:\\\/\\\/begamer.cz\\\/sk\\\/produkt\\\/fantastic-pinball-thrills-sk\\\/#primaryimage\"},\"thumbnailUrl\":\"https:\\\/\\\/begamer.cz\\\/wp-content\\\/uploads\\\/2026\\\/01\\\/fantastic-pinball-thrills-5.webp\",\"datePublished\":\"2026-01-30T15:13:04+00:00\",\"dateModified\":\"2026-03-18T03:00:08+00:00\",\"breadcrumb\":{\"@id\":\"https:\\\/\\\/begamer.cz\\\/sk\\\/produkt\\\/fantastic-pinball-thrills-sk\\\/#breadcrumb\"},\"inLanguage\":\"sk-SK\",\"potentialAction\":[{\"@type\":\"ReadAction\",\"target\":[\"https:\\\/\\\/begamer.cz\\\/sk\\\/produkt\\\/fantastic-pinball-thrills-sk\\\/\"]}]},{\"@type\":\"ImageObject\",\"inLanguage\":\"sk-SK\",\"@id\":\"https:\\\/\\\/begamer.cz\\\/sk\\\/produkt\\\/fantastic-pinball-thrills-sk\\\/#primaryimage\",\"url\":\"https:\\\/\\\/begamer.cz\\\/wp-content\\\/uploads\\\/2026\\\/01\\\/fantastic-pinball-thrills-5.webp\",\"contentUrl\":\"https:\\\/\\\/begamer.cz\\\/wp-content\\\/uploads\\\/2026\\\/01\\\/fantastic-pinball-thrills-5.webp\",\"width\":300,\"height\":400},{\"@type\":\"BreadcrumbList\",\"@id\":\"https:\\\/\\\/begamer.cz\\\/sk\\\/produkt\\\/fantastic-pinball-thrills-sk\\\/#breadcrumb\",\"itemListElement\":[{\"@type\":\"ListItem\",\"position\":1,\"name\":\"Domov\",\"item\":\"https:\\\/\\\/begamer.cz\\\/sk\\\/\"},{\"@type\":\"ListItem\",\"position\":2,\"name\":\"Obchod\",\"item\":\"https:\\\/\\\/begamer.cz\\\/obchod\\\/\"},{\"@type\":\"ListItem\",\"position\":3,\"name\":\"Fantastic Pinball Thrills\"}]},{\"@type\":\"WebSite\",\"@id\":\"https:\\\/\\\/begamer.cz\\\/sk\\\/#website\",\"url\":\"https:\\\/\\\/begamer.cz\\\/sk\\\/\",\"name\":\"BeGamer.cz\",\"description\":\"\",\"publisher\":{\"@id\":\"https:\\\/\\\/begamer.cz\\\/sk\\\/#organization\"},\"potentialAction\":[{\"@type\":\"SearchAction\",\"target\":{\"@type\":\"EntryPoint\",\"urlTemplate\":\"https:\\\/\\\/begamer.cz\\\/sk\\\/?s={search_term_string}\"},\"query-input\":{\"@type\":\"PropertyValueSpecification\",\"valueRequired\":true,\"valueName\":\"search_term_string\"}}],\"inLanguage\":\"sk-SK\"},{\"@type\":\"Organization\",\"@id\":\"https:\\\/\\\/begamer.cz\\\/sk\\\/#organization\",\"name\":\"BeGamer.cz\",\"url\":\"https:\\\/\\\/begamer.cz\\\/sk\\\/\",\"logo\":{\"@type\":\"ImageObject\",\"inLanguage\":\"sk-SK\",\"@id\":\"https:\\\/\\\/begamer.cz\\\/sk\\\/#\\\/schema\\\/logo\\\/image\\\/\",\"url\":\"https:\\\/\\\/begamer.cz\\\/wp-content\\\/uploads\\\/2025\\\/07\\\/logo.svg\",\"contentUrl\":\"https:\\\/\\\/begamer.cz\\\/wp-content\\\/uploads\\\/2025\\\/07\\\/logo.svg\",\"caption\":\"BeGamer.cz\"},\"image\":{\"@id\":\"https:\\\/\\\/begamer.cz\\\/sk\\\/#\\\/schema\\\/logo\\\/image\\\/\"}}]}<\/script>\n<!-- \/ Yoast SEO plugin. -->","yoast_head_json":{"title":"Fantastic Pinball Thrills | BeGamer.cz","robots":{"index":"index","follow":"follow","max-snippet":"max-snippet:-1","max-image-preview":"max-image-preview:large","max-video-preview":"max-video-preview:-1"},"canonical":"https:\/\/begamer.cz\/sk\/produkt\/fantastic-pinball-thrills-sk\/","og_locale":"sk_SK","og_type":"article","og_title":"Fantastic Pinball Thrills | BeGamer.cz","og_description":"Ste pripraven\u00ed na ultim\u00e1tnu pinballov\u00fa v\u00fdzvu? Autenticky detailn\u00e9 pinballov\u00e9 stoly v\u00e1s poz\u00fdvaj\u00fa na kolo vzru\u0161uj\u00facej ark\u00e1dovej akcie. Modern\u00e1 technol\u00f3gia zaru\u010duje \u0161pi\u010dkov\u00fa, najmodernej\u0161iu fyzik\u00e1lnu simul\u00e1ciu.","og_url":"https:\/\/begamer.cz\/sk\/produkt\/fantastic-pinball-thrills-sk\/","og_site_name":"BeGamer.cz","article_modified_time":"2026-03-18T03:00:08+00:00","og_image":[{"width":300,"height":400,"url":"https:\/\/begamer.cz\/wp-content\/uploads\/2026\/01\/fantastic-pinball-thrills-5.webp","type":"image\/webp"}],"twitter_card":"summary_large_image","twitter_misc":{"Predpokladan\u00fd \u010das \u010d\u00edtania":"1 min\u00fata"},"schema":{"@context":"https:\/\/schema.org","@graph":[{"@type":"WebPage","@id":"https:\/\/begamer.cz\/sk\/produkt\/fantastic-pinball-thrills-sk\/","url":"https:\/\/begamer.cz\/sk\/produkt\/fantastic-pinball-thrills-sk\/","name":"Fantastic Pinball Thrills | BeGamer.cz","isPartOf":{"@id":"https:\/\/begamer.cz\/sk\/#website"},"primaryImageOfPage":{"@id":"https:\/\/begamer.cz\/sk\/produkt\/fantastic-pinball-thrills-sk\/#primaryimage"},"image":{"@id":"https:\/\/begamer.cz\/sk\/produkt\/fantastic-pinball-thrills-sk\/#primaryimage"},"thumbnailUrl":"https:\/\/begamer.cz\/wp-content\/uploads\/2026\/01\/fantastic-pinball-thrills-5.webp","datePublished":"2026-01-30T15:13:04+00:00","dateModified":"2026-03-18T03:00:08+00:00","breadcrumb":{"@id":"https:\/\/begamer.cz\/sk\/produkt\/fantastic-pinball-thrills-sk\/#breadcrumb"},"inLanguage":"sk-SK","potentialAction":[{"@type":"ReadAction","target":["https:\/\/begamer.cz\/sk\/produkt\/fantastic-pinball-thrills-sk\/"]}]},{"@type":"ImageObject","inLanguage":"sk-SK","@id":"https:\/\/begamer.cz\/sk\/produkt\/fantastic-pinball-thrills-sk\/#primaryimage","url":"https:\/\/begamer.cz\/wp-content\/uploads\/2026\/01\/fantastic-pinball-thrills-5.webp","contentUrl":"https:\/\/begamer.cz\/wp-content\/uploads\/2026\/01\/fantastic-pinball-thrills-5.webp","width":300,"height":400},{"@type":"BreadcrumbList","@id":"https:\/\/begamer.cz\/sk\/produkt\/fantastic-pinball-thrills-sk\/#breadcrumb","itemListElement":[{"@type":"ListItem","position":1,"name":"Domov","item":"https:\/\/begamer.cz\/sk\/"},{"@type":"ListItem","position":2,"name":"Obchod","item":"https:\/\/begamer.cz\/obchod\/"},{"@type":"ListItem","position":3,"name":"Fantastic Pinball Thrills"}]},{"@type":"WebSite","@id":"https:\/\/begamer.cz\/sk\/#website","url":"https:\/\/begamer.cz\/sk\/","name":"BeGamer.cz","description":"","publisher":{"@id":"https:\/\/begamer.cz\/sk\/#organization"},"potentialAction":[{"@type":"SearchAction","target":{"@type":"EntryPoint","urlTemplate":"https:\/\/begamer.cz\/sk\/?s={search_term_string}"},"query-input":{"@type":"PropertyValueSpecification","valueRequired":true,"valueName":"search_term_string"}}],"inLanguage":"sk-SK"},{"@type":"Organization","@id":"https:\/\/begamer.cz\/sk\/#organization","name":"BeGamer.cz","url":"https:\/\/begamer.cz\/sk\/","logo":{"@type":"ImageObject","inLanguage":"sk-SK","@id":"https:\/\/begamer.cz\/sk\/#\/schema\/logo\/image\/","url":"https:\/\/begamer.cz\/wp-content\/uploads\/2025\/07\/logo.svg","contentUrl":"https:\/\/begamer.cz\/wp-content\/uploads\/2025\/07\/logo.svg","caption":"BeGamer.cz"},"image":{"@id":"https:\/\/begamer.cz\/sk\/#\/schema\/logo\/image\/"}}]}},"acf":[],"_links":{"self":[{"href":"https:\/\/begamer.cz\/sk\/wp-json\/wp\/v2\/product\/95027","targetHints":{"allow":["GET"]}}],"collection":[{"href":"https:\/\/begamer.cz\/sk\/wp-json\/wp\/v2\/product"}],"about":[{"href":"https:\/\/begamer.cz\/sk\/wp-json\/wp\/v2\/types\/product"}],"replies":[{"embeddable":true,"href":"https:\/\/begamer.cz\/sk\/wp-json\/wp\/v2\/comments?post=95027"}],"wp:featuredmedia":[{"embeddable":true,"href":"https:\/\/begamer.cz\/sk\/wp-json\/wp\/v2\/media\/59737"}],"wp:attachment":[{"href":"https:\/\/begamer.cz\/sk\/wp-json\/wp\/v2\/media?parent=95027"}],"wp:term":[{"taxonomy":"product_brand","embeddable":true,"href":"https:\/\/begamer.cz\/sk\/wp-json\/wp\/v2\/product_brand?post=95027"},{"taxonomy":"product_cat","embeddable":true,"href":"https:\/\/begamer.cz\/sk\/wp-json\/wp\/v2\/product_cat?post=95027"},{"taxonomy":"product_tag","embeddable":true,"href":"https:\/\/begamer.cz\/sk\/wp-json\/wp\/v2\/product_tag?post=95027"}],"curies":[{"name":"wp","href":"https:\/\/api.w.org\/{rel}","templated":true}]}}