{"id":94826,"date":"2026-01-30T16:10:07","date_gmt":"2026-01-30T15:10:07","guid":{"rendered":"https:\/\/begamer.cz\/produkt\/plants-vs-zombies-battle-for-neighborville-1200-rainbow-stars-sk\/"},"modified":"2026-03-18T03:49:24","modified_gmt":"2026-03-18T02:49:24","slug":"plants-vs-zombies-battle-for-neighborville-1200-rainbow-stars-sk","status":"publish","type":"product","link":"https:\/\/begamer.cz\/sk\/produkt\/plants-vs-zombies-battle-for-neighborville-1200-rainbow-stars-sk\/","title":{"rendered":"Plants vs. Zombies: Battle for Neighborville 1200 Rainbow Stars"},"content":{"rendered":"<div>\n<h2>Plants vs. Zombies: Battle for Neighborville \u2013 1200 d\u00fahov\u00fdch hviezd<\/h2>\n<p>Vst\u00fapte do \u017eiv\u00e9ho sveta, kde sa rastliny a zombie stret\u00e1vaj\u00fa v epick\u00fdch, nepretr\u017eit\u00fdch s\u00fabojoch. S 1200 d\u00fahov\u00fdmi hviezdami z\u00edskate pr\u00edstup k rozsiahlej zbierke zdrojov, v\u010faka ktor\u00fdm odomknete nov\u00e9 skiny, zru\u010dnosti a vybavenie, ktor\u00e9 vylep\u0161ia v\u00e1\u0161 hern\u00fd z\u00e1\u017eitok.<\/p>\n<h2>K\u013e\u00fa\u010dov\u00e9 vlastnosti<\/h2>\n<ul>\n<li><strong>Strategick\u00fd boj:<\/strong> Vyberte si z r\u00f4znych jedine\u010dn\u00fdch tried post\u00e1v, z ktor\u00fdch ka\u017ed\u00e1 m\u00e1 odli\u0161n\u00e9 schopnosti, aby vyhovovala r\u00f4znym \u0161t\u00fdlom hry a taktick\u00fdm pr\u00edstupom.<\/li>\n<li><strong>Vzru\u0161enie z multiplayeru:<\/strong> Spojte sa alebo s\u00fa\u0165a\u017ete s hr\u00e1\u010dmi z cel\u00e9ho sveta v r\u00f4znych kooperat\u00edvnych a kompetit\u00edvnych re\u017eimoch.<\/li>\n<li><strong>Prisp\u00f4sobenie a vylep\u0161enia:<\/strong> Pou\u017eite svoje Rainbow Stars na odomknutie mocn\u00fdch zbran\u00ed, \u017eiv\u00fdch skinov a nov\u00fdch schopnost\u00ed, aby ste si prisp\u00f4sobili svoj pr\u00edstup k boju.<\/li>\n<li><strong>Svet, ktor\u00fd m\u00f4\u017eete presk\u00fama\u0165:<\/strong> Bojujte na viacer\u00fdch dynamick\u00fdch miestach, z ktor\u00fdch ka\u017ed\u00e9 je pln\u00e9 interakt\u00edvnych prvkov a strategick\u00fdch v\u00fdziev.<\/li>\n<\/ul>\n<p>\u010ci u\u017e ste fan\u00fa\u0161ikom strategick\u00fdch strie\u013ea\u010diek alebo h\u013ead\u00e1te z\u00e1bavn\u00fd a p\u00fatav\u00fd online z\u00e1\u017eitok, Plants vs. Zombies: Battle for Neighborville pon\u00faka intenz\u00edvnu multiplayerov\u00fa akciu s humoristick\u00fdm n\u00e1dychom.<\/p>\n<p>Pripravte sa na nespo\u010detn\u00e9 hodiny z\u00e1bavy, intenz\u00edvnych bojov a strategickej hry. Rozv\u00edjajte svoje zru\u010dnosti, vylep\u0161ujte svoje postavy a ovl\u00e1dnite bojisko!<\/p>\n<p><small>Niektor\u00e9 texty boli prelo\u017een\u00e9 strojovo.<\/small><\/div>\n","protected":false},"excerpt":{"rendered":"<p>Ponorte sa do nap\u00ednav\u00fdch bitiek v hre Plants vs. Zombies: Battle for Neighborville s 1200 d\u00fahov\u00fdmi hviezdami! Vylep\u0161ite svoje schopnosti a u\u017eite si hodiny z\u00e1bavy v tejto r\u00fdchlej multiplayerovej ak\u010dnej hre plnej strategick\u00fdch bojov.<\/p>\n","protected":false},"featured_media":109563,"comment_status":"open","ping_status":"closed","template":"","meta":{"_acf_changed":false},"product_brand":[],"product_cat":[462,15311,15308,398,438],"product_tag":[],"class_list":{"0":"post-94826","1":"product","2":"type-product","3":"status-publish","4":"has-post-thumbnail","6":"product_cat-darcekove-karty-xbox-series-x-s-sk","7":"product_cat-darcekove-karty-vsetky","8":"product_cat-xbox-darcekove-karty","9":"product_cat-xbox-hry-sk","10":"product_cat-xbox-series-x-s-sk","11":"pa_game_type-gift_card","13":"pa_platform-xbox-one","15":"pa_region-global","18":"first","19":"instock","20":"virtual","21":"taxable","22":"purchasable","23":"product-type-simple"},"yoast_head":"<!-- This site is optimized with the Yoast SEO plugin v27.4 - https:\/\/yoast.com\/product\/yoast-seo-wordpress\/ -->\n<title>Plants vs. Zombies: Battle for Neighborville 1200 Rainbow Stars | BeGamer.cz<\/title>\n<meta name=\"robots\" content=\"index, follow, max-snippet:-1, max-image-preview:large, max-video-preview:-1\" \/>\n<link rel=\"canonical\" href=\"https:\/\/begamer.cz\/sk\/produkt\/plants-vs-zombies-battle-for-neighborville-1200-rainbow-stars-sk\/\" \/>\n<meta property=\"og:locale\" content=\"sk_SK\" \/>\n<meta property=\"og:type\" content=\"article\" \/>\n<meta property=\"og:title\" content=\"Plants vs. Zombies: Battle for Neighborville 1200 Rainbow Stars | BeGamer.cz\" \/>\n<meta property=\"og:description\" content=\"Ponorte sa do nap\u00ednav\u00fdch bitiek v hre Plants vs. Zombies: Battle for Neighborville s 1200 d\u00fahov\u00fdmi hviezdami! Vylep\u0161ite svoje schopnosti a u\u017eite si hodiny z\u00e1bavy v tejto r\u00fdchlej multiplayerovej ak\u010dnej hre plnej strategick\u00fdch bojov.\" \/>\n<meta property=\"og:url\" content=\"https:\/\/begamer.cz\/sk\/produkt\/plants-vs-zombies-battle-for-neighborville-1200-rainbow-stars-sk\/\" \/>\n<meta property=\"og:site_name\" content=\"BeGamer.cz\" \/>\n<meta property=\"article:modified_time\" content=\"2026-03-18T02:49:24+00:00\" \/>\n<meta name=\"twitter:card\" content=\"summary_large_image\" \/>\n<meta name=\"twitter:label1\" content=\"Predpokladan\u00fd \u010das \u010d\u00edtania\" \/>\n\t<meta name=\"twitter:data1\" content=\"1 min\u00fata\" \/>\n<script type=\"application\/ld+json\" class=\"yoast-schema-graph\">{\"@context\":\"https:\\\/\\\/schema.org\",\"@graph\":[{\"@type\":\"WebPage\",\"@id\":\"https:\\\/\\\/begamer.cz\\\/sk\\\/produkt\\\/plants-vs-zombies-battle-for-neighborville-1200-rainbow-stars-sk\\\/\",\"url\":\"https:\\\/\\\/begamer.cz\\\/sk\\\/produkt\\\/plants-vs-zombies-battle-for-neighborville-1200-rainbow-stars-sk\\\/\",\"name\":\"Plants vs. Zombies: Battle for Neighborville 1200 Rainbow Stars | BeGamer.cz\",\"isPartOf\":{\"@id\":\"https:\\\/\\\/begamer.cz\\\/sk\\\/#website\"},\"primaryImageOfPage\":{\"@id\":\"https:\\\/\\\/begamer.cz\\\/sk\\\/produkt\\\/plants-vs-zombies-battle-for-neighborville-1200-rainbow-stars-sk\\\/#primaryimage\"},\"image\":{\"@id\":\"https:\\\/\\\/begamer.cz\\\/sk\\\/produkt\\\/plants-vs-zombies-battle-for-neighborville-1200-rainbow-stars-sk\\\/#primaryimage\"},\"thumbnailUrl\":\"https:\\\/\\\/begamer.cz\\\/wp-content\\\/uploads\\\/2026\\\/01\\\/plants-vs-zombies-battle-for-neighborville-1200-rainbow-stars.webp\",\"datePublished\":\"2026-01-30T15:10:07+00:00\",\"dateModified\":\"2026-03-18T02:49:24+00:00\",\"breadcrumb\":{\"@id\":\"https:\\\/\\\/begamer.cz\\\/sk\\\/produkt\\\/plants-vs-zombies-battle-for-neighborville-1200-rainbow-stars-sk\\\/#breadcrumb\"},\"inLanguage\":\"sk-SK\",\"potentialAction\":[{\"@type\":\"ReadAction\",\"target\":[\"https:\\\/\\\/begamer.cz\\\/sk\\\/produkt\\\/plants-vs-zombies-battle-for-neighborville-1200-rainbow-stars-sk\\\/\"]}]},{\"@type\":\"ImageObject\",\"inLanguage\":\"sk-SK\",\"@id\":\"https:\\\/\\\/begamer.cz\\\/sk\\\/produkt\\\/plants-vs-zombies-battle-for-neighborville-1200-rainbow-stars-sk\\\/#primaryimage\",\"url\":\"https:\\\/\\\/begamer.cz\\\/wp-content\\\/uploads\\\/2026\\\/01\\\/plants-vs-zombies-battle-for-neighborville-1200-rainbow-stars.webp\",\"contentUrl\":\"https:\\\/\\\/begamer.cz\\\/wp-content\\\/uploads\\\/2026\\\/01\\\/plants-vs-zombies-battle-for-neighborville-1200-rainbow-stars.webp\",\"width\":283,\"height\":378},{\"@type\":\"BreadcrumbList\",\"@id\":\"https:\\\/\\\/begamer.cz\\\/sk\\\/produkt\\\/plants-vs-zombies-battle-for-neighborville-1200-rainbow-stars-sk\\\/#breadcrumb\",\"itemListElement\":[{\"@type\":\"ListItem\",\"position\":1,\"name\":\"Domov\",\"item\":\"https:\\\/\\\/begamer.cz\\\/sk\\\/\"},{\"@type\":\"ListItem\",\"position\":2,\"name\":\"Obchod\",\"item\":\"https:\\\/\\\/begamer.cz\\\/obchod\\\/\"},{\"@type\":\"ListItem\",\"position\":3,\"name\":\"Plants vs. Zombies: Battle for Neighborville 1200 Rainbow Stars\"}]},{\"@type\":\"WebSite\",\"@id\":\"https:\\\/\\\/begamer.cz\\\/sk\\\/#website\",\"url\":\"https:\\\/\\\/begamer.cz\\\/sk\\\/\",\"name\":\"BeGamer.cz\",\"description\":\"\",\"publisher\":{\"@id\":\"https:\\\/\\\/begamer.cz\\\/sk\\\/#organization\"},\"potentialAction\":[{\"@type\":\"SearchAction\",\"target\":{\"@type\":\"EntryPoint\",\"urlTemplate\":\"https:\\\/\\\/begamer.cz\\\/sk\\\/?s={search_term_string}\"},\"query-input\":{\"@type\":\"PropertyValueSpecification\",\"valueRequired\":true,\"valueName\":\"search_term_string\"}}],\"inLanguage\":\"sk-SK\"},{\"@type\":\"Organization\",\"@id\":\"https:\\\/\\\/begamer.cz\\\/sk\\\/#organization\",\"name\":\"BeGamer.cz\",\"url\":\"https:\\\/\\\/begamer.cz\\\/sk\\\/\",\"logo\":{\"@type\":\"ImageObject\",\"inLanguage\":\"sk-SK\",\"@id\":\"https:\\\/\\\/begamer.cz\\\/sk\\\/#\\\/schema\\\/logo\\\/image\\\/\",\"url\":\"https:\\\/\\\/begamer.cz\\\/wp-content\\\/uploads\\\/2025\\\/07\\\/logo.svg\",\"contentUrl\":\"https:\\\/\\\/begamer.cz\\\/wp-content\\\/uploads\\\/2025\\\/07\\\/logo.svg\",\"caption\":\"BeGamer.cz\"},\"image\":{\"@id\":\"https:\\\/\\\/begamer.cz\\\/sk\\\/#\\\/schema\\\/logo\\\/image\\\/\"}}]}<\/script>\n<!-- \/ Yoast SEO plugin. -->","yoast_head_json":{"title":"Plants vs. Zombies: Battle for Neighborville 1200 Rainbow Stars | BeGamer.cz","robots":{"index":"index","follow":"follow","max-snippet":"max-snippet:-1","max-image-preview":"max-image-preview:large","max-video-preview":"max-video-preview:-1"},"canonical":"https:\/\/begamer.cz\/sk\/produkt\/plants-vs-zombies-battle-for-neighborville-1200-rainbow-stars-sk\/","og_locale":"sk_SK","og_type":"article","og_title":"Plants vs. Zombies: Battle for Neighborville 1200 Rainbow Stars | BeGamer.cz","og_description":"Ponorte sa do nap\u00ednav\u00fdch bitiek v hre Plants vs. Zombies: Battle for Neighborville s 1200 d\u00fahov\u00fdmi hviezdami! Vylep\u0161ite svoje schopnosti a u\u017eite si hodiny z\u00e1bavy v tejto r\u00fdchlej multiplayerovej ak\u010dnej hre plnej strategick\u00fdch bojov.","og_url":"https:\/\/begamer.cz\/sk\/produkt\/plants-vs-zombies-battle-for-neighborville-1200-rainbow-stars-sk\/","og_site_name":"BeGamer.cz","article_modified_time":"2026-03-18T02:49:24+00:00","twitter_card":"summary_large_image","twitter_misc":{"Predpokladan\u00fd \u010das \u010d\u00edtania":"1 min\u00fata"},"schema":{"@context":"https:\/\/schema.org","@graph":[{"@type":"WebPage","@id":"https:\/\/begamer.cz\/sk\/produkt\/plants-vs-zombies-battle-for-neighborville-1200-rainbow-stars-sk\/","url":"https:\/\/begamer.cz\/sk\/produkt\/plants-vs-zombies-battle-for-neighborville-1200-rainbow-stars-sk\/","name":"Plants vs. Zombies: Battle for Neighborville 1200 Rainbow Stars | BeGamer.cz","isPartOf":{"@id":"https:\/\/begamer.cz\/sk\/#website"},"primaryImageOfPage":{"@id":"https:\/\/begamer.cz\/sk\/produkt\/plants-vs-zombies-battle-for-neighborville-1200-rainbow-stars-sk\/#primaryimage"},"image":{"@id":"https:\/\/begamer.cz\/sk\/produkt\/plants-vs-zombies-battle-for-neighborville-1200-rainbow-stars-sk\/#primaryimage"},"thumbnailUrl":"https:\/\/begamer.cz\/wp-content\/uploads\/2026\/01\/plants-vs-zombies-battle-for-neighborville-1200-rainbow-stars.webp","datePublished":"2026-01-30T15:10:07+00:00","dateModified":"2026-03-18T02:49:24+00:00","breadcrumb":{"@id":"https:\/\/begamer.cz\/sk\/produkt\/plants-vs-zombies-battle-for-neighborville-1200-rainbow-stars-sk\/#breadcrumb"},"inLanguage":"sk-SK","potentialAction":[{"@type":"ReadAction","target":["https:\/\/begamer.cz\/sk\/produkt\/plants-vs-zombies-battle-for-neighborville-1200-rainbow-stars-sk\/"]}]},{"@type":"ImageObject","inLanguage":"sk-SK","@id":"https:\/\/begamer.cz\/sk\/produkt\/plants-vs-zombies-battle-for-neighborville-1200-rainbow-stars-sk\/#primaryimage","url":"https:\/\/begamer.cz\/wp-content\/uploads\/2026\/01\/plants-vs-zombies-battle-for-neighborville-1200-rainbow-stars.webp","contentUrl":"https:\/\/begamer.cz\/wp-content\/uploads\/2026\/01\/plants-vs-zombies-battle-for-neighborville-1200-rainbow-stars.webp","width":283,"height":378},{"@type":"BreadcrumbList","@id":"https:\/\/begamer.cz\/sk\/produkt\/plants-vs-zombies-battle-for-neighborville-1200-rainbow-stars-sk\/#breadcrumb","itemListElement":[{"@type":"ListItem","position":1,"name":"Domov","item":"https:\/\/begamer.cz\/sk\/"},{"@type":"ListItem","position":2,"name":"Obchod","item":"https:\/\/begamer.cz\/obchod\/"},{"@type":"ListItem","position":3,"name":"Plants vs. Zombies: Battle for Neighborville 1200 Rainbow Stars"}]},{"@type":"WebSite","@id":"https:\/\/begamer.cz\/sk\/#website","url":"https:\/\/begamer.cz\/sk\/","name":"BeGamer.cz","description":"","publisher":{"@id":"https:\/\/begamer.cz\/sk\/#organization"},"potentialAction":[{"@type":"SearchAction","target":{"@type":"EntryPoint","urlTemplate":"https:\/\/begamer.cz\/sk\/?s={search_term_string}"},"query-input":{"@type":"PropertyValueSpecification","valueRequired":true,"valueName":"search_term_string"}}],"inLanguage":"sk-SK"},{"@type":"Organization","@id":"https:\/\/begamer.cz\/sk\/#organization","name":"BeGamer.cz","url":"https:\/\/begamer.cz\/sk\/","logo":{"@type":"ImageObject","inLanguage":"sk-SK","@id":"https:\/\/begamer.cz\/sk\/#\/schema\/logo\/image\/","url":"https:\/\/begamer.cz\/wp-content\/uploads\/2025\/07\/logo.svg","contentUrl":"https:\/\/begamer.cz\/wp-content\/uploads\/2025\/07\/logo.svg","caption":"BeGamer.cz"},"image":{"@id":"https:\/\/begamer.cz\/sk\/#\/schema\/logo\/image\/"}}]}},"acf":[],"_links":{"self":[{"href":"https:\/\/begamer.cz\/sk\/wp-json\/wp\/v2\/product\/94826","targetHints":{"allow":["GET"]}}],"collection":[{"href":"https:\/\/begamer.cz\/sk\/wp-json\/wp\/v2\/product"}],"about":[{"href":"https:\/\/begamer.cz\/sk\/wp-json\/wp\/v2\/types\/product"}],"replies":[{"embeddable":true,"href":"https:\/\/begamer.cz\/sk\/wp-json\/wp\/v2\/comments?post=94826"}],"wp:featuredmedia":[{"embeddable":true,"href":"https:\/\/begamer.cz\/sk\/wp-json\/wp\/v2\/media\/109563"}],"wp:attachment":[{"href":"https:\/\/begamer.cz\/sk\/wp-json\/wp\/v2\/media?parent=94826"}],"wp:term":[{"taxonomy":"product_brand","embeddable":true,"href":"https:\/\/begamer.cz\/sk\/wp-json\/wp\/v2\/product_brand?post=94826"},{"taxonomy":"product_cat","embeddable":true,"href":"https:\/\/begamer.cz\/sk\/wp-json\/wp\/v2\/product_cat?post=94826"},{"taxonomy":"product_tag","embeddable":true,"href":"https:\/\/begamer.cz\/sk\/wp-json\/wp\/v2\/product_tag?post=94826"}],"curies":[{"name":"wp","href":"https:\/\/api.w.org\/{rel}","templated":true}]}}