{"id":94820,"date":"2026-01-30T16:09:57","date_gmt":"2026-01-30T15:09:57","guid":{"rendered":"https:\/\/begamer.cz\/produkt\/tom-clancys-the-division-2-warlords-of-new-york-sk\/"},"modified":"2026-03-18T03:49:15","modified_gmt":"2026-03-18T02:49:15","slug":"tom-clancys-the-division-2-warlords-of-new-york-sk","status":"publish","type":"product","link":"https:\/\/begamer.cz\/sk\/produkt\/tom-clancys-the-division-2-warlords-of-new-york-sk\/","title":{"rendered":"Tom Clancy\u2019s The Division 2: Warlords of New York"},"content":{"rendered":"<p>New York je v ohrozen\u00ed. Aaron Keener, b\u00fdval\u00fd agent Div\u00edzie, ktor\u00fd sa dal na zlo\u010dineck\u00fa dr\u00e1hu, prevzal kontrolu nad doln\u00fdm Manhattanom s podporou \u0161tyroch oddan\u00fdch a vysoko kvalifikovan\u00fdch poru\u010d\u00edkov. Vy\u0161kolen\u00ed Div\u00edziou, ale odmietaj\u00faci jej ide\u00e1ly, s\u00fa teraz najvy\u0161\u0161ou autoritou v meste a najsilnej\u0161ou silou, s akou sa agenti kedy stretli.<\/p>\n<p>Hrajte v re\u017eime pre jedn\u00e9ho hr\u00e1\u010da alebo online kooperat\u00edvne:<br \/>\n<br \/>&#8211; Nov\u00fd nap\u00ednav\u00fd pr\u00edbeh, v ktorom lov\u00edte svojho<br \/>nepriate\u013ea<br \/>\n&#8211; Zv\u00fd\u0161enie \u00farovne na 30, v\u010faka \u010domu m\u00f4\u017eete ihne\u010f sko\u010di\u0165 do kampane Warlords of New York<br \/>\n<br \/>&#8211; Nov\u00fd otvoren\u00fd svet v New Yorku<br \/>\n&#8211; Vylep\u0161en\u00fd syst\u00e9m postupu s \u00farov\u0148ou zv\u00fd\u0161enou na 40<br \/>\n&#8211; Nov\u00e9 taktick\u00e9 mo\u017enosti: exotick\u00e9 predmety, v\u00fdbava a zru\u010dnosti<br \/>\n<br \/>&#8211; Roz\u0161\u00edren\u00e1 kone\u010dn\u00e1 f\u00e1za hry, vr\u00e1tane tematick\u00fdch trojmesa\u010dn\u00fdch sez\u00f3n<\/p>\n<p>Tom<\/p>\n<p>Clancy\u2019s The Division 2 Warlords of New York je pr\u00edbehov\u00e9 roz\u0161\u00edrenie hry Tom Clancy\u2019s The Division 2 a na jeho spustenie je potrebn\u00e1 z\u00e1kladn\u00e1 hra.<\/p>\n","protected":false},"excerpt":{"rendered":"<p>Vydajte sa na intenz\u00edvne p\u00e1tranie po Manhattane. The Division 2 \u2013 Warlords of New York je pr\u00edbehov\u00e9 roz\u0161\u00edrenie hry The Division 2.<\/p>\n","protected":false},"featured_media":59152,"comment_status":"open","ping_status":"closed","template":"","meta":{"_acf_changed":false},"product_brand":[],"product_cat":[419,431,9068,398,400],"product_tag":[],"class_list":{"0":"post-94820","1":"product","2":"type-product","3":"status-publish","4":"has-post-thumbnail","6":"product_cat-adventury-xbox-one-sk","7":"product_cat-rpg-xbox-one-sk","8":"product_cat-strielacky-7","9":"product_cat-xbox-hry-sk","10":"product_cat-xbox-one-sk","11":"pa_audio-ar","13":"pa_audio-de-de","14":"pa_audio-en-us","15":"pa_audio-es-es","16":"pa_audio-fr-fr","17":"pa_audio-it-it","18":"pa_audio-ja-jp","19":"pa_audio-pt-br","20":"pa_audio-ru-ru","21":"pa_countries-at","22":"pa_countries-be","23":"pa_countries-bg","24":"pa_countries-cy","25":"pa_countries-cz","27":"pa_countries-de","28":"pa_countries-dk","29":"pa_countries-ee","30":"pa_countries-es","31":"pa_countries-fi","32":"pa_countries-fr","33":"pa_countries-gr","34":"pa_countries-hu","35":"pa_countries-ie","36":"pa_countries-it","37":"pa_countries-lt","38":"pa_countries-lu","39":"pa_countries-lv","40":"pa_countries-mt","41":"pa_countries-nl","42":"pa_countries-pl","43":"pa_countries-pt","44":"pa_countries-ro","45":"pa_countries-se","46":"pa_countries-si","47":"pa_countries-sk","48":"pa_developer-massive-entertainment","50":"pa_franchises-tom-clancys","52":"pa_game_type-dlc","54":"pa_genres-adventure","55":"pa_genres-role-playing-rpg","57":"pa_genres-shooter","58":"pa_interface-ar","59":"pa_interface-de-de","60":"pa_interface-en-us","61":"pa_interface-es-es","62":"pa_interface-fr-fr","63":"pa_interface-it-it","64":"pa_interface-ja-jp","65":"pa_interface-ko-kr","66":"pa_interface-pl-pl","67":"pa_interface-pt-br","68":"pa_interface-ru-ru","70":"pa_interface-zh-cn","71":"pa_interface-zh-tw","72":"pa_keywords-you-can-pet-the-dog","74":"pa_modes-co-operative","75":"pa_modes-massively-multiplayer-online-mmo","77":"pa_modes-multiplayer","78":"pa_modes-single-player","79":"pa_pegi-794","80":"pa_pegi-13426","81":"pa_platform-xbox-one","83":"pa_player_perspectives-third-person","85":"pa_publisher-ubisoft-entertainment","87":"pa_rating-1753","88":"pa_rating-14548","89":"pa_region-europe","91":"pa_subtitles-ar","92":"pa_subtitles-de-de","94":"pa_subtitles-en-us","95":"pa_subtitles-es-es","96":"pa_subtitles-fr-fr","97":"pa_subtitles-it-it","98":"pa_subtitles-ja-jp","99":"pa_subtitles-ko-kr","100":"pa_subtitles-pl-pl","101":"pa_subtitles-pt-br","102":"pa_subtitles-ru-ru","103":"pa_subtitles-zh-cn","104":"pa_subtitles-zh-tw","105":"pa_themes-action","106":"pa_themes-open-world","107":"pa_themes-science-fiction","110":"first","111":"outofstock","112":"virtual","113":"taxable","114":"purchasable","115":"product-type-simple"},"yoast_head":"<!-- This site is optimized with the Yoast SEO plugin v27.3 - https:\/\/yoast.com\/product\/yoast-seo-wordpress\/ -->\n<title>Tom Clancy&#039;s The Division 2: Warlords of New York | BeGamer.cz<\/title>\n<meta name=\"robots\" content=\"index, follow, max-snippet:-1, max-image-preview:large, max-video-preview:-1\" \/>\n<link rel=\"canonical\" href=\"https:\/\/begamer.cz\/sk\/produkt\/tom-clancys-the-division-2-warlords-of-new-york-sk\/\" \/>\n<meta property=\"og:locale\" content=\"sk_SK\" \/>\n<meta property=\"og:type\" content=\"article\" \/>\n<meta property=\"og:title\" content=\"Tom Clancy&#039;s The Division 2: Warlords of New York | BeGamer.cz\" \/>\n<meta property=\"og:description\" content=\"Vydajte sa na intenz\u00edvne p\u00e1tranie po Manhattane. The Division 2 \u2013 Warlords of New York je pr\u00edbehov\u00e9 roz\u0161\u00edrenie hry The Division 2.\" \/>\n<meta property=\"og:url\" content=\"https:\/\/begamer.cz\/sk\/produkt\/tom-clancys-the-division-2-warlords-of-new-york-sk\/\" \/>\n<meta property=\"og:site_name\" content=\"BeGamer.cz\" \/>\n<meta property=\"article:modified_time\" content=\"2026-03-18T02:49:15+00:00\" \/>\n<meta property=\"og:image\" content=\"https:\/\/begamer.cz\/wp-content\/uploads\/2026\/01\/tom-clancys-the-division-2-warlords-of-new-york-7.webp\" \/>\n\t<meta property=\"og:image:width\" content=\"300\" \/>\n\t<meta property=\"og:image:height\" content=\"400\" \/>\n\t<meta property=\"og:image:type\" content=\"image\/webp\" \/>\n<meta name=\"twitter:card\" content=\"summary_large_image\" \/>\n<meta name=\"twitter:label1\" content=\"Predpokladan\u00fd \u010das \u010d\u00edtania\" \/>\n\t<meta name=\"twitter:data1\" content=\"1 min\u00fata\" \/>\n<script type=\"application\/ld+json\" class=\"yoast-schema-graph\">{\"@context\":\"https:\\\/\\\/schema.org\",\"@graph\":[{\"@type\":\"WebPage\",\"@id\":\"https:\\\/\\\/begamer.cz\\\/sk\\\/produkt\\\/tom-clancys-the-division-2-warlords-of-new-york-sk\\\/\",\"url\":\"https:\\\/\\\/begamer.cz\\\/sk\\\/produkt\\\/tom-clancys-the-division-2-warlords-of-new-york-sk\\\/\",\"name\":\"Tom Clancy's The Division 2: Warlords of New York | BeGamer.cz\",\"isPartOf\":{\"@id\":\"https:\\\/\\\/begamer.cz\\\/sk\\\/#website\"},\"primaryImageOfPage\":{\"@id\":\"https:\\\/\\\/begamer.cz\\\/sk\\\/produkt\\\/tom-clancys-the-division-2-warlords-of-new-york-sk\\\/#primaryimage\"},\"image\":{\"@id\":\"https:\\\/\\\/begamer.cz\\\/sk\\\/produkt\\\/tom-clancys-the-division-2-warlords-of-new-york-sk\\\/#primaryimage\"},\"thumbnailUrl\":\"https:\\\/\\\/begamer.cz\\\/wp-content\\\/uploads\\\/2026\\\/01\\\/tom-clancys-the-division-2-warlords-of-new-york-7.webp\",\"datePublished\":\"2026-01-30T15:09:57+00:00\",\"dateModified\":\"2026-03-18T02:49:15+00:00\",\"breadcrumb\":{\"@id\":\"https:\\\/\\\/begamer.cz\\\/sk\\\/produkt\\\/tom-clancys-the-division-2-warlords-of-new-york-sk\\\/#breadcrumb\"},\"inLanguage\":\"sk-SK\",\"potentialAction\":[{\"@type\":\"ReadAction\",\"target\":[\"https:\\\/\\\/begamer.cz\\\/sk\\\/produkt\\\/tom-clancys-the-division-2-warlords-of-new-york-sk\\\/\"]}]},{\"@type\":\"ImageObject\",\"inLanguage\":\"sk-SK\",\"@id\":\"https:\\\/\\\/begamer.cz\\\/sk\\\/produkt\\\/tom-clancys-the-division-2-warlords-of-new-york-sk\\\/#primaryimage\",\"url\":\"https:\\\/\\\/begamer.cz\\\/wp-content\\\/uploads\\\/2026\\\/01\\\/tom-clancys-the-division-2-warlords-of-new-york-7.webp\",\"contentUrl\":\"https:\\\/\\\/begamer.cz\\\/wp-content\\\/uploads\\\/2026\\\/01\\\/tom-clancys-the-division-2-warlords-of-new-york-7.webp\",\"width\":300,\"height\":400},{\"@type\":\"BreadcrumbList\",\"@id\":\"https:\\\/\\\/begamer.cz\\\/sk\\\/produkt\\\/tom-clancys-the-division-2-warlords-of-new-york-sk\\\/#breadcrumb\",\"itemListElement\":[{\"@type\":\"ListItem\",\"position\":1,\"name\":\"Domov\",\"item\":\"https:\\\/\\\/begamer.cz\\\/sk\\\/\"},{\"@type\":\"ListItem\",\"position\":2,\"name\":\"Obchod\",\"item\":\"https:\\\/\\\/begamer.cz\\\/obchod\\\/\"},{\"@type\":\"ListItem\",\"position\":3,\"name\":\"Tom Clancy\u2019s The Division 2: Warlords of New York\"}]},{\"@type\":\"WebSite\",\"@id\":\"https:\\\/\\\/begamer.cz\\\/sk\\\/#website\",\"url\":\"https:\\\/\\\/begamer.cz\\\/sk\\\/\",\"name\":\"BeGamer.cz\",\"description\":\"\",\"publisher\":{\"@id\":\"https:\\\/\\\/begamer.cz\\\/sk\\\/#organization\"},\"potentialAction\":[{\"@type\":\"SearchAction\",\"target\":{\"@type\":\"EntryPoint\",\"urlTemplate\":\"https:\\\/\\\/begamer.cz\\\/sk\\\/?s={search_term_string}\"},\"query-input\":{\"@type\":\"PropertyValueSpecification\",\"valueRequired\":true,\"valueName\":\"search_term_string\"}}],\"inLanguage\":\"sk-SK\"},{\"@type\":\"Organization\",\"@id\":\"https:\\\/\\\/begamer.cz\\\/sk\\\/#organization\",\"name\":\"BeGamer.cz\",\"url\":\"https:\\\/\\\/begamer.cz\\\/sk\\\/\",\"logo\":{\"@type\":\"ImageObject\",\"inLanguage\":\"sk-SK\",\"@id\":\"https:\\\/\\\/begamer.cz\\\/sk\\\/#\\\/schema\\\/logo\\\/image\\\/\",\"url\":\"https:\\\/\\\/begamer.cz\\\/wp-content\\\/uploads\\\/2025\\\/07\\\/logo.svg\",\"contentUrl\":\"https:\\\/\\\/begamer.cz\\\/wp-content\\\/uploads\\\/2025\\\/07\\\/logo.svg\",\"caption\":\"BeGamer.cz\"},\"image\":{\"@id\":\"https:\\\/\\\/begamer.cz\\\/sk\\\/#\\\/schema\\\/logo\\\/image\\\/\"}}]}<\/script>\n<!-- \/ Yoast SEO plugin. -->","yoast_head_json":{"title":"Tom Clancy's The Division 2: Warlords of New York | BeGamer.cz","robots":{"index":"index","follow":"follow","max-snippet":"max-snippet:-1","max-image-preview":"max-image-preview:large","max-video-preview":"max-video-preview:-1"},"canonical":"https:\/\/begamer.cz\/sk\/produkt\/tom-clancys-the-division-2-warlords-of-new-york-sk\/","og_locale":"sk_SK","og_type":"article","og_title":"Tom Clancy's The Division 2: Warlords of New York | BeGamer.cz","og_description":"Vydajte sa na intenz\u00edvne p\u00e1tranie po Manhattane. The Division 2 \u2013 Warlords of New York je pr\u00edbehov\u00e9 roz\u0161\u00edrenie hry The Division 2.","og_url":"https:\/\/begamer.cz\/sk\/produkt\/tom-clancys-the-division-2-warlords-of-new-york-sk\/","og_site_name":"BeGamer.cz","article_modified_time":"2026-03-18T02:49:15+00:00","og_image":[{"width":300,"height":400,"url":"https:\/\/begamer.cz\/wp-content\/uploads\/2026\/01\/tom-clancys-the-division-2-warlords-of-new-york-7.webp","type":"image\/webp"}],"twitter_card":"summary_large_image","twitter_misc":{"Predpokladan\u00fd \u010das \u010d\u00edtania":"1 min\u00fata"},"schema":{"@context":"https:\/\/schema.org","@graph":[{"@type":"WebPage","@id":"https:\/\/begamer.cz\/sk\/produkt\/tom-clancys-the-division-2-warlords-of-new-york-sk\/","url":"https:\/\/begamer.cz\/sk\/produkt\/tom-clancys-the-division-2-warlords-of-new-york-sk\/","name":"Tom Clancy's The Division 2: Warlords of New York | BeGamer.cz","isPartOf":{"@id":"https:\/\/begamer.cz\/sk\/#website"},"primaryImageOfPage":{"@id":"https:\/\/begamer.cz\/sk\/produkt\/tom-clancys-the-division-2-warlords-of-new-york-sk\/#primaryimage"},"image":{"@id":"https:\/\/begamer.cz\/sk\/produkt\/tom-clancys-the-division-2-warlords-of-new-york-sk\/#primaryimage"},"thumbnailUrl":"https:\/\/begamer.cz\/wp-content\/uploads\/2026\/01\/tom-clancys-the-division-2-warlords-of-new-york-7.webp","datePublished":"2026-01-30T15:09:57+00:00","dateModified":"2026-03-18T02:49:15+00:00","breadcrumb":{"@id":"https:\/\/begamer.cz\/sk\/produkt\/tom-clancys-the-division-2-warlords-of-new-york-sk\/#breadcrumb"},"inLanguage":"sk-SK","potentialAction":[{"@type":"ReadAction","target":["https:\/\/begamer.cz\/sk\/produkt\/tom-clancys-the-division-2-warlords-of-new-york-sk\/"]}]},{"@type":"ImageObject","inLanguage":"sk-SK","@id":"https:\/\/begamer.cz\/sk\/produkt\/tom-clancys-the-division-2-warlords-of-new-york-sk\/#primaryimage","url":"https:\/\/begamer.cz\/wp-content\/uploads\/2026\/01\/tom-clancys-the-division-2-warlords-of-new-york-7.webp","contentUrl":"https:\/\/begamer.cz\/wp-content\/uploads\/2026\/01\/tom-clancys-the-division-2-warlords-of-new-york-7.webp","width":300,"height":400},{"@type":"BreadcrumbList","@id":"https:\/\/begamer.cz\/sk\/produkt\/tom-clancys-the-division-2-warlords-of-new-york-sk\/#breadcrumb","itemListElement":[{"@type":"ListItem","position":1,"name":"Domov","item":"https:\/\/begamer.cz\/sk\/"},{"@type":"ListItem","position":2,"name":"Obchod","item":"https:\/\/begamer.cz\/obchod\/"},{"@type":"ListItem","position":3,"name":"Tom Clancy\u2019s The Division 2: Warlords of New York"}]},{"@type":"WebSite","@id":"https:\/\/begamer.cz\/sk\/#website","url":"https:\/\/begamer.cz\/sk\/","name":"BeGamer.cz","description":"","publisher":{"@id":"https:\/\/begamer.cz\/sk\/#organization"},"potentialAction":[{"@type":"SearchAction","target":{"@type":"EntryPoint","urlTemplate":"https:\/\/begamer.cz\/sk\/?s={search_term_string}"},"query-input":{"@type":"PropertyValueSpecification","valueRequired":true,"valueName":"search_term_string"}}],"inLanguage":"sk-SK"},{"@type":"Organization","@id":"https:\/\/begamer.cz\/sk\/#organization","name":"BeGamer.cz","url":"https:\/\/begamer.cz\/sk\/","logo":{"@type":"ImageObject","inLanguage":"sk-SK","@id":"https:\/\/begamer.cz\/sk\/#\/schema\/logo\/image\/","url":"https:\/\/begamer.cz\/wp-content\/uploads\/2025\/07\/logo.svg","contentUrl":"https:\/\/begamer.cz\/wp-content\/uploads\/2025\/07\/logo.svg","caption":"BeGamer.cz"},"image":{"@id":"https:\/\/begamer.cz\/sk\/#\/schema\/logo\/image\/"}}]}},"acf":[],"_links":{"self":[{"href":"https:\/\/begamer.cz\/sk\/wp-json\/wp\/v2\/product\/94820","targetHints":{"allow":["GET"]}}],"collection":[{"href":"https:\/\/begamer.cz\/sk\/wp-json\/wp\/v2\/product"}],"about":[{"href":"https:\/\/begamer.cz\/sk\/wp-json\/wp\/v2\/types\/product"}],"replies":[{"embeddable":true,"href":"https:\/\/begamer.cz\/sk\/wp-json\/wp\/v2\/comments?post=94820"}],"wp:featuredmedia":[{"embeddable":true,"href":"https:\/\/begamer.cz\/sk\/wp-json\/wp\/v2\/media\/59152"}],"wp:attachment":[{"href":"https:\/\/begamer.cz\/sk\/wp-json\/wp\/v2\/media?parent=94820"}],"wp:term":[{"taxonomy":"product_brand","embeddable":true,"href":"https:\/\/begamer.cz\/sk\/wp-json\/wp\/v2\/product_brand?post=94820"},{"taxonomy":"product_cat","embeddable":true,"href":"https:\/\/begamer.cz\/sk\/wp-json\/wp\/v2\/product_cat?post=94820"},{"taxonomy":"product_tag","embeddable":true,"href":"https:\/\/begamer.cz\/sk\/wp-json\/wp\/v2\/product_tag?post=94820"}],"curies":[{"name":"wp","href":"https:\/\/api.w.org\/{rel}","templated":true}]}}