{"id":94802,"date":"2026-01-30T16:09:46","date_gmt":"2026-01-30T15:09:46","guid":{"rendered":"https:\/\/begamer.cz\/produkt\/overcooked-2-sk\/"},"modified":"2026-03-18T03:49:01","modified_gmt":"2026-03-18T02:49:01","slug":"overcooked-2-sk","status":"publish","type":"product","link":"https:\/\/begamer.cz\/sk\/produkt\/overcooked-2-sk\/","title":{"rendered":"Overcooked! 2"},"content":{"rendered":"<h1>O hre<\/h1>\n<p>Overcooked sa vracia s \u00faplne novou porciou chaotick\u00e9ho varenia! Vr\u00e1\u0165te sa do Cibu\u013eov\u00e9ho kr\u00e1\u013eovstva a zostavte si t\u00edm kuch\u00e1rov v klasickej kooperat\u00edvnej hre na gau\u010di alebo online hre pre a\u017e \u0161tyroch hr\u00e1\u010dov. Dr\u017ete si z\u00e1stery&#8230; je \u010das zachr\u00e1ni\u0165 svet (op\u00e4\u0165!).<br \/><strong><i><br \/>Z panvice do oh\u0148a&#8230;<\/i><\/strong><\/p>\n<p>Zachr\u00e1nili ste svet pred Ever Peckish. Teraz sa objavila nov\u00e1 hrozba a je \u010das vr\u00e1ti\u0165 sa do kuchyne, aby ste odrazili hlad The Unbread!<\/p>\n<p><span class=\"bb_img_ctn\"><img loading=\"lazy\" decoding=\"async\" class=\"bb_img\" src=\"https:\/\/shared.akamai.steamstatic.com\/store_item_assets\/steam\/apps\/728880\/extras\/3d3491ec1087415744cff486d3379fb8.avif?t=1758210340\" width=\"616\" height=\"220\" \/><\/span><\/p>\n<h2 class=\"bb_tag\">ONLINE\/LOK\u00c1LNE MULTIPLAYER \u0160IALENSTVO<\/h2>\n<p> Budete musie\u0165 spolupracova\u0165 (alebo s\u00fa\u0165a\u017ei\u0165 proti sebe), aby ste dosiahli najvy\u0161\u0161ie sk\u00f3re v chaotickom lok\u00e1lnom a online multiplayeri.<\/p>\n<p><span class=\"bb_img_ctn\"><img loading=\"lazy\" decoding=\"async\" class=\"bb_img\" src=\"https:\/\/shared.akamai.steamstatic.com\/store_item_assets\/steam\/apps\/728880\/extras\/d98d28836b05602cc865145294ed362f.avif?t=1758210340\" width=\"616\" height=\"220\" \/><\/span><\/p>\n<h2 class=\"bb_tag\">POTESTE SVOJE O\u010cI<\/h2>\n<p> Cestujte po \u00faplne novej mape sveta po s\u00fa\u0161i, mori a vzduchu. Vysk\u00fa\u0161ajte si varenie v nov\u00fdch t\u00e9mach, od sushi re\u0161taur\u00e1ci\u00ed, \u0161k\u00f4l m\u00e1gie, ban\u00ed a\u017e po cudzie plan\u00e9ty!<\/p>\n<p><span class=\"bb_img_ctn\"><img loading=\"lazy\" decoding=\"async\" class=\"bb_img\" src=\"https:\/\/shared.akamai.steamstatic.com\/store_item_assets\/steam\/apps\/728880\/extras\/399ba9126bbbd9d154d9f828d5cb6ed0.avif?t=1758210340\" width=\"616\" height=\"220\" \/><\/span><\/p>\n<h2 class=\"bb_tag\">NAJEDTE SA DO SYTA! <\/h2>\n<p> Cestujte po krajine a pripravujte r\u00f4zne nov\u00e9 recepty, ktor\u00e9 ur\u010dite uspokoja v\u0161etky chute, vr\u00e1tane sushi, kol\u00e1\u010dov, hamburgerov a pizze.<\/p>\n<p><span class=\"bb_img_ctn\"><img loading=\"lazy\" decoding=\"async\" class=\"bb_img\" src=\"https:\/\/shared.akamai.steamstatic.com\/store_item_assets\/steam\/apps\/728880\/extras\/5b321dfd7e70929feb1f8c8e028cc2a9.avif?t=1758210340\" width=\"616\" height=\"220\" \/><\/span><\/p>\n<h2 class=\"bb_tag\">ZACHOVAJTE KLUD!<\/h2>\n<p> Cestujte cez teleporty, cez pohybliv\u00e9 plo\u0161iny a u\u0161etrite \u010das h\u00e1dzan\u00edm ingredienci\u00ed cez dynamick\u00e9 kuchyne, ktor\u00e9 sa menia a vyv\u00edjaj\u00fa. Niektor\u00e9 kuchyne dokonca prenes\u00fa va\u0161ich kuch\u00e1rov na nov\u00e9 miesta.<\/p>\n<p><span class=\"bb_img_ctn\"><img loading=\"lazy\" decoding=\"async\" class=\"bb_img\" src=\"https:\/\/shared.akamai.steamstatic.com\/store_item_assets\/steam\/apps\/728880\/extras\/16860652e826118442e14d61259d548b.avif?t=1758210340\" width=\"616\" height=\"220\" \/><\/span><\/p>\n","protected":false},"excerpt":{"rendered":"<p>Overcooked sa vracia s \u00faplne novou porciou chaotick\u00e9ho varenia! Vr\u00e1\u0165te sa do Cibu\u013eov\u00e9ho kr\u00e1\u013eovstva a zostavte si t\u00edm kuch\u00e1rov v klasickej kooperat\u00edvnej hre na gau\u010di alebo online hre pre a\u017e \u0161tyroch hr\u00e1\u010dov. Dr\u017ete si z\u00e1stery&#8230; je \u010das op\u00e4\u0165 zachr\u00e1ni\u0165 svet!<\/p>\n","protected":false},"featured_media":33131,"comment_status":"open","ping_status":"closed","template":"","meta":{"_acf_changed":false},"product_brand":[],"product_cat":[206,179,200,228,9042],"product_tag":[],"class_list":{"0":"post-94802","1":"product","2":"type-product","3":"status-publish","4":"has-post-thumbnail","6":"product_cat-arkady-nintendo-switch-sk","7":"product_cat-nintendo-hry-sk","8":"product_cat-nintendo-switch-sk","9":"product_cat-strategie-nintendo-switch-sk","10":"product_cat-takticke","11":"pa_countries-at","12":"pa_countries-be","13":"pa_countries-bg","14":"pa_countries-cy","15":"pa_countries-cz","17":"pa_countries-de","18":"pa_countries-dk","19":"pa_countries-ee","20":"pa_countries-es","21":"pa_countries-fi","22":"pa_countries-fr","23":"pa_countries-gr","24":"pa_countries-hr","25":"pa_countries-hu","26":"pa_countries-ie","27":"pa_countries-it","28":"pa_countries-lt","29":"pa_countries-lu","30":"pa_countries-lv","31":"pa_countries-mt","32":"pa_countries-nl","33":"pa_countries-pl","34":"pa_countries-pt","35":"pa_countries-ro","36":"pa_countries-se","37":"pa_countries-si","38":"pa_countries-sk","39":"pa_developer-ghost-town-games","41":"pa_game_type-main_game","43":"pa_genres-arcade","45":"pa_genres-indie","46":"pa_genres-simulator","47":"pa_genres-strategy","48":"pa_genres-tactical","49":"pa_interface-de-de","50":"pa_interface-en-gb","51":"pa_interface-en-us","52":"pa_interface-es-es","53":"pa_interface-fr-fr","54":"pa_interface-it-it","55":"pa_interface-ja-jp","56":"pa_interface-ko-kr","57":"pa_interface-pl-pl","58":"pa_interface-pt-br","59":"pa_interface-ru-ru","61":"pa_interface-zh-cn","62":"pa_interface-zh-tw","63":"pa_keywords-cooking","64":"pa_keywords-you-can-pet-the-dog","66":"pa_modes-co-operative","67":"pa_modes-multiplayer","68":"pa_modes-single-player","69":"pa_modes-split-screen","71":"pa_pegi-13430","72":"pa_pegi-943","73":"pa_platform-nintendo-switch","75":"pa_player_perspectives-bird-view-isometric","77":"pa_publisher-team17","79":"pa_rating-872","80":"pa_rating-14450","81":"pa_region-europe","83":"pa_subtitles-de-de","85":"pa_subtitles-en-us","86":"pa_subtitles-es-es","87":"pa_subtitles-fr-fr","88":"pa_subtitles-it-it","89":"pa_subtitles-ja-jp","90":"pa_subtitles-ko-kr","91":"pa_subtitles-pl-pl","92":"pa_subtitles-pt-br","93":"pa_subtitles-ru-ru","94":"pa_subtitles-zh-cn","95":"pa_subtitles-zh-tw","96":"pa_themes-action","97":"pa_themes-comedy","98":"pa_themes-kids","99":"pa_themes-party","102":"first","103":"instock","104":"virtual","105":"taxable","106":"purchasable","107":"product-type-simple"},"yoast_head":"<!-- This site is optimized with the Yoast SEO plugin v27.3 - https:\/\/yoast.com\/product\/yoast-seo-wordpress\/ -->\n<title>Overcooked! 2 | BeGamer.cz<\/title>\n<meta name=\"robots\" content=\"index, follow, max-snippet:-1, max-image-preview:large, max-video-preview:-1\" \/>\n<link rel=\"canonical\" href=\"https:\/\/begamer.cz\/sk\/produkt\/overcooked-2-sk\/\" \/>\n<meta property=\"og:locale\" content=\"sk_SK\" \/>\n<meta property=\"og:type\" content=\"article\" \/>\n<meta property=\"og:title\" content=\"Overcooked! 2 | BeGamer.cz\" \/>\n<meta property=\"og:description\" content=\"Overcooked sa vracia s \u00faplne novou porciou chaotick\u00e9ho varenia! Vr\u00e1\u0165te sa do Cibu\u013eov\u00e9ho kr\u00e1\u013eovstva a zostavte si t\u00edm kuch\u00e1rov v klasickej kooperat\u00edvnej hre na gau\u010di alebo online hre pre a\u017e \u0161tyroch hr\u00e1\u010dov. Dr\u017ete si z\u00e1stery... je \u010das op\u00e4\u0165 zachr\u00e1ni\u0165 svet!\" \/>\n<meta property=\"og:url\" content=\"https:\/\/begamer.cz\/sk\/produkt\/overcooked-2-sk\/\" \/>\n<meta property=\"og:site_name\" content=\"BeGamer.cz\" \/>\n<meta property=\"article:modified_time\" content=\"2026-03-18T02:49:01+00:00\" \/>\n<meta property=\"og:image\" content=\"https:\/\/begamer.cz\/wp-content\/uploads\/2026\/01\/overcooked-2-4.webp\" \/>\n\t<meta property=\"og:image:width\" content=\"300\" \/>\n\t<meta property=\"og:image:height\" content=\"400\" \/>\n\t<meta property=\"og:image:type\" content=\"image\/webp\" \/>\n<meta name=\"twitter:card\" content=\"summary_large_image\" \/>\n<meta name=\"twitter:label1\" content=\"Predpokladan\u00fd \u010das \u010d\u00edtania\" \/>\n\t<meta name=\"twitter:data1\" content=\"1 min\u00fata\" \/>\n<script type=\"application\/ld+json\" class=\"yoast-schema-graph\">{\"@context\":\"https:\\\/\\\/schema.org\",\"@graph\":[{\"@type\":\"WebPage\",\"@id\":\"https:\\\/\\\/begamer.cz\\\/sk\\\/produkt\\\/overcooked-2-sk\\\/\",\"url\":\"https:\\\/\\\/begamer.cz\\\/sk\\\/produkt\\\/overcooked-2-sk\\\/\",\"name\":\"Overcooked! 2 | BeGamer.cz\",\"isPartOf\":{\"@id\":\"https:\\\/\\\/begamer.cz\\\/sk\\\/#website\"},\"primaryImageOfPage\":{\"@id\":\"https:\\\/\\\/begamer.cz\\\/sk\\\/produkt\\\/overcooked-2-sk\\\/#primaryimage\"},\"image\":{\"@id\":\"https:\\\/\\\/begamer.cz\\\/sk\\\/produkt\\\/overcooked-2-sk\\\/#primaryimage\"},\"thumbnailUrl\":\"https:\\\/\\\/begamer.cz\\\/wp-content\\\/uploads\\\/2026\\\/01\\\/overcooked-2-4.webp\",\"datePublished\":\"2026-01-30T15:09:46+00:00\",\"dateModified\":\"2026-03-18T02:49:01+00:00\",\"breadcrumb\":{\"@id\":\"https:\\\/\\\/begamer.cz\\\/sk\\\/produkt\\\/overcooked-2-sk\\\/#breadcrumb\"},\"inLanguage\":\"sk-SK\",\"potentialAction\":[{\"@type\":\"ReadAction\",\"target\":[\"https:\\\/\\\/begamer.cz\\\/sk\\\/produkt\\\/overcooked-2-sk\\\/\"]}]},{\"@type\":\"ImageObject\",\"inLanguage\":\"sk-SK\",\"@id\":\"https:\\\/\\\/begamer.cz\\\/sk\\\/produkt\\\/overcooked-2-sk\\\/#primaryimage\",\"url\":\"https:\\\/\\\/begamer.cz\\\/wp-content\\\/uploads\\\/2026\\\/01\\\/overcooked-2-4.webp\",\"contentUrl\":\"https:\\\/\\\/begamer.cz\\\/wp-content\\\/uploads\\\/2026\\\/01\\\/overcooked-2-4.webp\",\"width\":300,\"height\":400},{\"@type\":\"BreadcrumbList\",\"@id\":\"https:\\\/\\\/begamer.cz\\\/sk\\\/produkt\\\/overcooked-2-sk\\\/#breadcrumb\",\"itemListElement\":[{\"@type\":\"ListItem\",\"position\":1,\"name\":\"Domov\",\"item\":\"https:\\\/\\\/begamer.cz\\\/sk\\\/\"},{\"@type\":\"ListItem\",\"position\":2,\"name\":\"Obchod\",\"item\":\"https:\\\/\\\/begamer.cz\\\/obchod\\\/\"},{\"@type\":\"ListItem\",\"position\":3,\"name\":\"Overcooked! 2\"}]},{\"@type\":\"WebSite\",\"@id\":\"https:\\\/\\\/begamer.cz\\\/sk\\\/#website\",\"url\":\"https:\\\/\\\/begamer.cz\\\/sk\\\/\",\"name\":\"BeGamer.cz\",\"description\":\"\",\"publisher\":{\"@id\":\"https:\\\/\\\/begamer.cz\\\/sk\\\/#organization\"},\"potentialAction\":[{\"@type\":\"SearchAction\",\"target\":{\"@type\":\"EntryPoint\",\"urlTemplate\":\"https:\\\/\\\/begamer.cz\\\/sk\\\/?s={search_term_string}\"},\"query-input\":{\"@type\":\"PropertyValueSpecification\",\"valueRequired\":true,\"valueName\":\"search_term_string\"}}],\"inLanguage\":\"sk-SK\"},{\"@type\":\"Organization\",\"@id\":\"https:\\\/\\\/begamer.cz\\\/sk\\\/#organization\",\"name\":\"BeGamer.cz\",\"url\":\"https:\\\/\\\/begamer.cz\\\/sk\\\/\",\"logo\":{\"@type\":\"ImageObject\",\"inLanguage\":\"sk-SK\",\"@id\":\"https:\\\/\\\/begamer.cz\\\/sk\\\/#\\\/schema\\\/logo\\\/image\\\/\",\"url\":\"https:\\\/\\\/begamer.cz\\\/wp-content\\\/uploads\\\/2025\\\/07\\\/logo.svg\",\"contentUrl\":\"https:\\\/\\\/begamer.cz\\\/wp-content\\\/uploads\\\/2025\\\/07\\\/logo.svg\",\"caption\":\"BeGamer.cz\"},\"image\":{\"@id\":\"https:\\\/\\\/begamer.cz\\\/sk\\\/#\\\/schema\\\/logo\\\/image\\\/\"}}]}<\/script>\n<!-- \/ Yoast SEO plugin. -->","yoast_head_json":{"title":"Overcooked! 2 | BeGamer.cz","robots":{"index":"index","follow":"follow","max-snippet":"max-snippet:-1","max-image-preview":"max-image-preview:large","max-video-preview":"max-video-preview:-1"},"canonical":"https:\/\/begamer.cz\/sk\/produkt\/overcooked-2-sk\/","og_locale":"sk_SK","og_type":"article","og_title":"Overcooked! 2 | BeGamer.cz","og_description":"Overcooked sa vracia s \u00faplne novou porciou chaotick\u00e9ho varenia! Vr\u00e1\u0165te sa do Cibu\u013eov\u00e9ho kr\u00e1\u013eovstva a zostavte si t\u00edm kuch\u00e1rov v klasickej kooperat\u00edvnej hre na gau\u010di alebo online hre pre a\u017e \u0161tyroch hr\u00e1\u010dov. Dr\u017ete si z\u00e1stery... je \u010das op\u00e4\u0165 zachr\u00e1ni\u0165 svet!","og_url":"https:\/\/begamer.cz\/sk\/produkt\/overcooked-2-sk\/","og_site_name":"BeGamer.cz","article_modified_time":"2026-03-18T02:49:01+00:00","og_image":[{"width":300,"height":400,"url":"https:\/\/begamer.cz\/wp-content\/uploads\/2026\/01\/overcooked-2-4.webp","type":"image\/webp"}],"twitter_card":"summary_large_image","twitter_misc":{"Predpokladan\u00fd \u010das \u010d\u00edtania":"1 min\u00fata"},"schema":{"@context":"https:\/\/schema.org","@graph":[{"@type":"WebPage","@id":"https:\/\/begamer.cz\/sk\/produkt\/overcooked-2-sk\/","url":"https:\/\/begamer.cz\/sk\/produkt\/overcooked-2-sk\/","name":"Overcooked! 2 | BeGamer.cz","isPartOf":{"@id":"https:\/\/begamer.cz\/sk\/#website"},"primaryImageOfPage":{"@id":"https:\/\/begamer.cz\/sk\/produkt\/overcooked-2-sk\/#primaryimage"},"image":{"@id":"https:\/\/begamer.cz\/sk\/produkt\/overcooked-2-sk\/#primaryimage"},"thumbnailUrl":"https:\/\/begamer.cz\/wp-content\/uploads\/2026\/01\/overcooked-2-4.webp","datePublished":"2026-01-30T15:09:46+00:00","dateModified":"2026-03-18T02:49:01+00:00","breadcrumb":{"@id":"https:\/\/begamer.cz\/sk\/produkt\/overcooked-2-sk\/#breadcrumb"},"inLanguage":"sk-SK","potentialAction":[{"@type":"ReadAction","target":["https:\/\/begamer.cz\/sk\/produkt\/overcooked-2-sk\/"]}]},{"@type":"ImageObject","inLanguage":"sk-SK","@id":"https:\/\/begamer.cz\/sk\/produkt\/overcooked-2-sk\/#primaryimage","url":"https:\/\/begamer.cz\/wp-content\/uploads\/2026\/01\/overcooked-2-4.webp","contentUrl":"https:\/\/begamer.cz\/wp-content\/uploads\/2026\/01\/overcooked-2-4.webp","width":300,"height":400},{"@type":"BreadcrumbList","@id":"https:\/\/begamer.cz\/sk\/produkt\/overcooked-2-sk\/#breadcrumb","itemListElement":[{"@type":"ListItem","position":1,"name":"Domov","item":"https:\/\/begamer.cz\/sk\/"},{"@type":"ListItem","position":2,"name":"Obchod","item":"https:\/\/begamer.cz\/obchod\/"},{"@type":"ListItem","position":3,"name":"Overcooked! 2"}]},{"@type":"WebSite","@id":"https:\/\/begamer.cz\/sk\/#website","url":"https:\/\/begamer.cz\/sk\/","name":"BeGamer.cz","description":"","publisher":{"@id":"https:\/\/begamer.cz\/sk\/#organization"},"potentialAction":[{"@type":"SearchAction","target":{"@type":"EntryPoint","urlTemplate":"https:\/\/begamer.cz\/sk\/?s={search_term_string}"},"query-input":{"@type":"PropertyValueSpecification","valueRequired":true,"valueName":"search_term_string"}}],"inLanguage":"sk-SK"},{"@type":"Organization","@id":"https:\/\/begamer.cz\/sk\/#organization","name":"BeGamer.cz","url":"https:\/\/begamer.cz\/sk\/","logo":{"@type":"ImageObject","inLanguage":"sk-SK","@id":"https:\/\/begamer.cz\/sk\/#\/schema\/logo\/image\/","url":"https:\/\/begamer.cz\/wp-content\/uploads\/2025\/07\/logo.svg","contentUrl":"https:\/\/begamer.cz\/wp-content\/uploads\/2025\/07\/logo.svg","caption":"BeGamer.cz"},"image":{"@id":"https:\/\/begamer.cz\/sk\/#\/schema\/logo\/image\/"}}]}},"acf":[],"_links":{"self":[{"href":"https:\/\/begamer.cz\/sk\/wp-json\/wp\/v2\/product\/94802","targetHints":{"allow":["GET"]}}],"collection":[{"href":"https:\/\/begamer.cz\/sk\/wp-json\/wp\/v2\/product"}],"about":[{"href":"https:\/\/begamer.cz\/sk\/wp-json\/wp\/v2\/types\/product"}],"replies":[{"embeddable":true,"href":"https:\/\/begamer.cz\/sk\/wp-json\/wp\/v2\/comments?post=94802"}],"wp:featuredmedia":[{"embeddable":true,"href":"https:\/\/begamer.cz\/sk\/wp-json\/wp\/v2\/media\/33131"}],"wp:attachment":[{"href":"https:\/\/begamer.cz\/sk\/wp-json\/wp\/v2\/media?parent=94802"}],"wp:term":[{"taxonomy":"product_brand","embeddable":true,"href":"https:\/\/begamer.cz\/sk\/wp-json\/wp\/v2\/product_brand?post=94802"},{"taxonomy":"product_cat","embeddable":true,"href":"https:\/\/begamer.cz\/sk\/wp-json\/wp\/v2\/product_cat?post=94802"},{"taxonomy":"product_tag","embeddable":true,"href":"https:\/\/begamer.cz\/sk\/wp-json\/wp\/v2\/product_tag?post=94802"}],"curies":[{"name":"wp","href":"https:\/\/api.w.org\/{rel}","templated":true}]}}