{"id":94760,"date":"2026-01-30T16:09:07","date_gmt":"2026-01-30T15:09:07","guid":{"rendered":"https:\/\/begamer.cz\/produkt\/harvest-life-sk\/"},"modified":"2026-03-18T03:47:00","modified_gmt":"2026-03-18T02:47:00","slug":"harvest-life-sk","status":"publish","type":"product","link":"https:\/\/begamer.cz\/sk\/produkt\/harvest-life-sk\/","title":{"rendered":"Harvest life"},"content":{"rendered":"<p>Oble\u010dte si gumov\u00e9 \u010di\u017emy a vezmite vidly! Toto v\u00e1m pon\u00faka t\u00e1to farm\u00e1rska simul\u00e1cia: Spravujte a roz\u0161irujte svoju vlastn\u00fa udr\u017eate\u013en\u00fa ekologick\u00fa farmu!<\/p>\n<p>V z\u00e1vislosti od <strong>po\u010dasia <\/strong>a po\u017eiadaviek miestnych obyvate\u013eov sa star\u00e1te o svoje polia a sad\u00edte r\u00f4zne plodiny, ktor\u00e9 nesk\u00f4r zber\u00e1te. Mus\u00edte sa ve\u013emi dobre stara\u0165 o svoje <strong>kur\u010dat\u00e1, kravy, o\u0161\u00edpan\u00e9 at\u010f<\/strong>., aby ste dosiahli zisk predajom svojich produktov vo vlastnom <strong>farm\u00e1rskom obchode<\/strong>. V\u00fdnosy pou\u017eite na obnovu a roz\u0161irovanie svojej zanedbanej farmy a naj\u00edmajte usilovn\u00fdch zamestnancov, aby ste st\u00edhali st\u00e1le narastaj\u00face pracovn\u00e9 za\u0165a\u017eenie.<\/p>\n<p>A sk\u00f4r \u010di nesk\u00f4r v\u00e1s \u010dak\u00e1 aj <strong>romantika<\/strong>. Uk\u00e1\u017ete svojej l\u00e1ske, ak\u00fd ste skuto\u010dne ekologick\u00fd farm\u00e1r, a zvl\u00e1dnite romantick\u00e9 rande, aby ste si z\u00edskali jej\/jeho l\u00e1sku. V noci je obloha pln\u00e1 sv\u00e4toj\u00e1nskych mu\u0161iek \u2013 len pre v\u00e1s dvoch!<\/p>\n<p>A akoby v\u00e1\u0161 nov\u00fd \u017eivot za\u010d\u00ednaj\u00faceho farm\u00e1ra nebol u\u017e dos\u0165 vzru\u0161uj\u00faci, v lese, kde \u010d\u00edhaj\u00fa vlci a medvede, v\u00e1s \u010dak\u00e1 mnoho <strong>dobrodru\u017estiev<\/strong>. Podar\u00ed sa v\u00e1m prejs\u0165 s ko\u010diarom bezpe\u010dne cez les? Ale ani na farme v\u00e1m nebud\u00fa ch\u00fdba\u0165 v\u00fdzvy, \u010di u\u017e ide o probl\u00e9mov\u00fd bzu\u010diaci \u00fa\u013e alebo h\u013eadanie straten\u00e9ho psa v stra\u0161ideln\u00fdch katakomb\u00e1ch.<\/p>\n<p>Za\u010dnite farm\u00e1r\u010di\u0165 spolo\u010dne!<\/p>\n<h2 class=\"bb_tag\">Z\u00e1bavn\u00e1 farm\u00e1rska simul\u00e1cia<\/h2>\n<p>Vytvorte si vlastn\u00fa farmu a \u00faspe\u0161ne ju roz\u0161irujte o nov\u00e9 budovy, ktor\u00e9 odomykaj\u00fa nov\u00e9 funkcie.<br \/><span class=\"bb_img_ctn\"><img loading=\"lazy\" decoding=\"async\" class=\"bb_img\" src=\"https:\/\/shared.akamai.steamstatic.com\/store_item_assets\/steam\/apps\/649790\/extras\/c5677dadd375a99846209219431382ef.avif?t=1728462576\" width=\"616\" height=\"150\" \/><\/span><\/p>\n<h2 class=\"bb_tag\">Ekologick\u00e9 po\u013enohospod\u00e1rstvo<\/h2>\n<p>Pestujte ovocie, zeleninu, mlieko, vajcia alebo med a pred\u00e1vajte svoje produkty so ziskom. Chovajte o\u0161\u00edpan\u00e9, dobytok, kur\u010dat\u00e1, v\u010dely at\u010f.<br \/><span class=\"bb_img_ctn\"><img loading=\"lazy\" decoding=\"async\" class=\"bb_img\" src=\"https:\/\/shared.akamai.steamstatic.com\/store_item_assets\/steam\/apps\/649790\/extras\/e65d1c696af841c43f96bd2680635cf9.avif?t=1728462576\" width=\"616\" height=\"150\" \/><\/span><\/p>\n<h2 class=\"bb_tag\">Vzru\u0161uj\u00face dobrodru\u017estv\u00e1 a v\u00fdzvy<\/h2>\n<p>Zvl\u00e1dnite r\u00f4zne n\u00e1ro\u010dn\u00e9 \u00falohy a dobrodru\u017estv\u00e1 na farme aj v lese, kde \u010d\u00edhaj\u00fa vlci a medvede.<br \/><span class=\"bb_img_ctn\"><img loading=\"lazy\" decoding=\"async\" class=\"bb_img\" src=\"https:\/\/shared.akamai.steamstatic.com\/store_item_assets\/steam\/apps\/649790\/extras\/4f884f828c05d19021c1e61f7c3660a9.avif?t=1728462576\" width=\"616\" height=\"150\" \/><\/span><\/p>\n<h2 class=\"bb_tag\">Vzru\u0161uj\u00face minihry<\/h2>\n<p>\u010cel ne\u010dakan\u00fdm nebezpe\u010denstv\u00e1m a rie\u0161 r\u00f4znorod\u00e9 minihry s obratnos\u0165ou.<br \/><span class=\"bb_img_ctn\"><img loading=\"lazy\" decoding=\"async\" class=\"bb_img\" src=\"https:\/\/shared.akamai.steamstatic.com\/store_item_assets\/steam\/apps\/649790\/extras\/3a438b56048e4664b4f1611f95954afc.avif?t=1728462576\" width=\"616\" height=\"150\" \/><\/span><\/p>\n<h2 class=\"bb_tag\">Syst\u00e9m \u00farovn\u00ed<\/h2>\n<p>Neust\u00e1le zdokona\u013eujte svoje zru\u010dnosti a sta\u0148te sa najzn\u00e1mej\u0161\u00edm farm\u00e1rom \u0161iroko-\u010faleko.<br \/><span class=\"bb_img_ctn\"><img loading=\"lazy\" decoding=\"async\" class=\"bb_img\" src=\"https:\/\/shared.akamai.steamstatic.com\/store_item_assets\/steam\/apps\/649790\/extras\/309642c4a59acc032f366c4c9c3360b0.avif?t=1728462576\" width=\"616\" height=\"150\" \/><\/span><\/p>\n<h2 class=\"bb_tag\">Skuto\u010dn\u00e1 l\u00e1ska<\/h2>\n<p>Za\u017eite doj\u00edmav\u00fd pr\u00edbeh o pravej l\u00e1ske vr\u00e1tane randenia a svadby.<br \/><span class=\"bb_img_ctn\"><img loading=\"lazy\" decoding=\"async\" class=\"bb_img\" src=\"https:\/\/shared.akamai.steamstatic.com\/store_item_assets\/steam\/apps\/649790\/extras\/28a1a91d3777ea097071a767e778dfe7.avif?t=1728462576\" width=\"616\" height=\"150\" \/><\/span><\/p>\n","protected":false},"excerpt":{"rendered":"<p>Preuk\u00e1\u017ete svoje schopnosti ako za\u010d\u00ednaj\u00faci ekologick\u00fd farm\u00e1r a z\u00e1rove\u0148 dobrodruh na \u010diasto\u010dn\u00fd \u00fav\u00e4zok. A potom v\u00e1s mo\u017eno \u010dak\u00e1 romantick\u00fd \u0161\u0165astn\u00fd koniec.<\/p>\n","protected":false},"featured_media":58963,"comment_status":"open","ping_status":"closed","template":"","meta":{"_acf_changed":false},"product_brand":[],"product_cat":[210,179,200,224,228],"product_tag":[],"class_list":{"0":"post-94760","1":"product","2":"type-product","3":"status-publish","4":"has-post-thumbnail","6":"product_cat-dobrodruzne-nintendo-switch-sk","7":"product_cat-nintendo-hry-sk","8":"product_cat-nintendo-switch-sk","9":"product_cat-simulatory-nintendo-switch-sk","10":"product_cat-strategie-nintendo-switch-sk","11":"pa_developer-rokapublish","13":"pa_game_type-main_game","15":"pa_genres-adventure","16":"pa_genres-arcade","18":"pa_genres-indie","19":"pa_genres-simulator","20":"pa_genres-strategy","21":"pa_interface-de-de","22":"pa_interface-en-gb","23":"pa_interface-en-us","24":"pa_interface-es-es","25":"pa_interface-es-mx","26":"pa_interface-fr-fr","27":"pa_interface-it-it","28":"pa_interface-ja-jp","29":"pa_interface-nl-nl","30":"pa_interface-pt-pt","32":"pa_interface-ru-ru","33":"pa_interface-zh-cn","34":"pa_interface-zh-tw","35":"pa_modes-single-player","37":"pa_pegi-13424","38":"pa_pegi-772","39":"pa_platform-nintendo-switch","41":"pa_publisher-rokapublish","43":"pa_rating-14441","44":"pa_rating-773","45":"pa_region-europe","47":"pa_subtitles-de-de","48":"pa_subtitles-en-us","49":"pa_subtitles-es-es","50":"pa_subtitles-fr-fr","51":"pa_subtitles-it-it","52":"pa_subtitles-ja-jp","53":"pa_subtitles-nl-nl","55":"pa_subtitles-ru-ru","56":"pa_subtitles-zh-cn","57":"pa_subtitles-zh-tw","58":"pa_themes-kids","61":"first","62":"instock","63":"virtual","64":"taxable","65":"purchasable","66":"product-type-simple"},"yoast_head":"<!-- This site is optimized with the Yoast SEO plugin v27.3 - https:\/\/yoast.com\/product\/yoast-seo-wordpress\/ -->\n<title>Harvest life | BeGamer.cz<\/title>\n<meta name=\"robots\" content=\"index, follow, max-snippet:-1, max-image-preview:large, max-video-preview:-1\" \/>\n<link rel=\"canonical\" href=\"https:\/\/begamer.cz\/sk\/produkt\/harvest-life-sk\/\" \/>\n<meta property=\"og:locale\" content=\"sk_SK\" \/>\n<meta property=\"og:type\" content=\"article\" \/>\n<meta property=\"og:title\" content=\"Harvest life | BeGamer.cz\" \/>\n<meta property=\"og:description\" content=\"Preuk\u00e1\u017ete svoje schopnosti ako za\u010d\u00ednaj\u00faci ekologick\u00fd farm\u00e1r a z\u00e1rove\u0148 dobrodruh na \u010diasto\u010dn\u00fd \u00fav\u00e4zok. A potom v\u00e1s mo\u017eno \u010dak\u00e1 romantick\u00fd \u0161\u0165astn\u00fd koniec.\" \/>\n<meta property=\"og:url\" content=\"https:\/\/begamer.cz\/sk\/produkt\/harvest-life-sk\/\" \/>\n<meta property=\"og:site_name\" content=\"BeGamer.cz\" \/>\n<meta property=\"article:modified_time\" content=\"2026-03-18T02:47:00+00:00\" \/>\n<meta property=\"og:image\" content=\"https:\/\/begamer.cz\/wp-content\/uploads\/2026\/01\/harvest-life-5.webp\" \/>\n\t<meta property=\"og:image:width\" content=\"300\" \/>\n\t<meta property=\"og:image:height\" content=\"400\" \/>\n\t<meta property=\"og:image:type\" content=\"image\/webp\" \/>\n<meta name=\"twitter:card\" content=\"summary_large_image\" \/>\n<meta name=\"twitter:label1\" content=\"Predpokladan\u00fd \u010das \u010d\u00edtania\" \/>\n\t<meta name=\"twitter:data1\" content=\"2 min\u00faty\" \/>\n<script type=\"application\/ld+json\" class=\"yoast-schema-graph\">{\"@context\":\"https:\\\/\\\/schema.org\",\"@graph\":[{\"@type\":\"WebPage\",\"@id\":\"https:\\\/\\\/begamer.cz\\\/sk\\\/produkt\\\/harvest-life-sk\\\/\",\"url\":\"https:\\\/\\\/begamer.cz\\\/sk\\\/produkt\\\/harvest-life-sk\\\/\",\"name\":\"Harvest life | BeGamer.cz\",\"isPartOf\":{\"@id\":\"https:\\\/\\\/begamer.cz\\\/sk\\\/#website\"},\"primaryImageOfPage\":{\"@id\":\"https:\\\/\\\/begamer.cz\\\/sk\\\/produkt\\\/harvest-life-sk\\\/#primaryimage\"},\"image\":{\"@id\":\"https:\\\/\\\/begamer.cz\\\/sk\\\/produkt\\\/harvest-life-sk\\\/#primaryimage\"},\"thumbnailUrl\":\"https:\\\/\\\/begamer.cz\\\/wp-content\\\/uploads\\\/2026\\\/01\\\/harvest-life-5.webp\",\"datePublished\":\"2026-01-30T15:09:07+00:00\",\"dateModified\":\"2026-03-18T02:47:00+00:00\",\"breadcrumb\":{\"@id\":\"https:\\\/\\\/begamer.cz\\\/sk\\\/produkt\\\/harvest-life-sk\\\/#breadcrumb\"},\"inLanguage\":\"sk-SK\",\"potentialAction\":[{\"@type\":\"ReadAction\",\"target\":[\"https:\\\/\\\/begamer.cz\\\/sk\\\/produkt\\\/harvest-life-sk\\\/\"]}]},{\"@type\":\"ImageObject\",\"inLanguage\":\"sk-SK\",\"@id\":\"https:\\\/\\\/begamer.cz\\\/sk\\\/produkt\\\/harvest-life-sk\\\/#primaryimage\",\"url\":\"https:\\\/\\\/begamer.cz\\\/wp-content\\\/uploads\\\/2026\\\/01\\\/harvest-life-5.webp\",\"contentUrl\":\"https:\\\/\\\/begamer.cz\\\/wp-content\\\/uploads\\\/2026\\\/01\\\/harvest-life-5.webp\",\"width\":300,\"height\":400},{\"@type\":\"BreadcrumbList\",\"@id\":\"https:\\\/\\\/begamer.cz\\\/sk\\\/produkt\\\/harvest-life-sk\\\/#breadcrumb\",\"itemListElement\":[{\"@type\":\"ListItem\",\"position\":1,\"name\":\"Domov\",\"item\":\"https:\\\/\\\/begamer.cz\\\/sk\\\/\"},{\"@type\":\"ListItem\",\"position\":2,\"name\":\"Obchod\",\"item\":\"https:\\\/\\\/begamer.cz\\\/obchod\\\/\"},{\"@type\":\"ListItem\",\"position\":3,\"name\":\"Harvest life\"}]},{\"@type\":\"WebSite\",\"@id\":\"https:\\\/\\\/begamer.cz\\\/sk\\\/#website\",\"url\":\"https:\\\/\\\/begamer.cz\\\/sk\\\/\",\"name\":\"BeGamer.cz\",\"description\":\"\",\"publisher\":{\"@id\":\"https:\\\/\\\/begamer.cz\\\/sk\\\/#organization\"},\"potentialAction\":[{\"@type\":\"SearchAction\",\"target\":{\"@type\":\"EntryPoint\",\"urlTemplate\":\"https:\\\/\\\/begamer.cz\\\/sk\\\/?s={search_term_string}\"},\"query-input\":{\"@type\":\"PropertyValueSpecification\",\"valueRequired\":true,\"valueName\":\"search_term_string\"}}],\"inLanguage\":\"sk-SK\"},{\"@type\":\"Organization\",\"@id\":\"https:\\\/\\\/begamer.cz\\\/sk\\\/#organization\",\"name\":\"BeGamer.cz\",\"url\":\"https:\\\/\\\/begamer.cz\\\/sk\\\/\",\"logo\":{\"@type\":\"ImageObject\",\"inLanguage\":\"sk-SK\",\"@id\":\"https:\\\/\\\/begamer.cz\\\/sk\\\/#\\\/schema\\\/logo\\\/image\\\/\",\"url\":\"https:\\\/\\\/begamer.cz\\\/wp-content\\\/uploads\\\/2025\\\/07\\\/logo.svg\",\"contentUrl\":\"https:\\\/\\\/begamer.cz\\\/wp-content\\\/uploads\\\/2025\\\/07\\\/logo.svg\",\"caption\":\"BeGamer.cz\"},\"image\":{\"@id\":\"https:\\\/\\\/begamer.cz\\\/sk\\\/#\\\/schema\\\/logo\\\/image\\\/\"}}]}<\/script>\n<!-- \/ Yoast SEO plugin. -->","yoast_head_json":{"title":"Harvest life | BeGamer.cz","robots":{"index":"index","follow":"follow","max-snippet":"max-snippet:-1","max-image-preview":"max-image-preview:large","max-video-preview":"max-video-preview:-1"},"canonical":"https:\/\/begamer.cz\/sk\/produkt\/harvest-life-sk\/","og_locale":"sk_SK","og_type":"article","og_title":"Harvest life | BeGamer.cz","og_description":"Preuk\u00e1\u017ete svoje schopnosti ako za\u010d\u00ednaj\u00faci ekologick\u00fd farm\u00e1r a z\u00e1rove\u0148 dobrodruh na \u010diasto\u010dn\u00fd \u00fav\u00e4zok. A potom v\u00e1s mo\u017eno \u010dak\u00e1 romantick\u00fd \u0161\u0165astn\u00fd koniec.","og_url":"https:\/\/begamer.cz\/sk\/produkt\/harvest-life-sk\/","og_site_name":"BeGamer.cz","article_modified_time":"2026-03-18T02:47:00+00:00","og_image":[{"width":300,"height":400,"url":"https:\/\/begamer.cz\/wp-content\/uploads\/2026\/01\/harvest-life-5.webp","type":"image\/webp"}],"twitter_card":"summary_large_image","twitter_misc":{"Predpokladan\u00fd \u010das \u010d\u00edtania":"2 min\u00faty"},"schema":{"@context":"https:\/\/schema.org","@graph":[{"@type":"WebPage","@id":"https:\/\/begamer.cz\/sk\/produkt\/harvest-life-sk\/","url":"https:\/\/begamer.cz\/sk\/produkt\/harvest-life-sk\/","name":"Harvest life | BeGamer.cz","isPartOf":{"@id":"https:\/\/begamer.cz\/sk\/#website"},"primaryImageOfPage":{"@id":"https:\/\/begamer.cz\/sk\/produkt\/harvest-life-sk\/#primaryimage"},"image":{"@id":"https:\/\/begamer.cz\/sk\/produkt\/harvest-life-sk\/#primaryimage"},"thumbnailUrl":"https:\/\/begamer.cz\/wp-content\/uploads\/2026\/01\/harvest-life-5.webp","datePublished":"2026-01-30T15:09:07+00:00","dateModified":"2026-03-18T02:47:00+00:00","breadcrumb":{"@id":"https:\/\/begamer.cz\/sk\/produkt\/harvest-life-sk\/#breadcrumb"},"inLanguage":"sk-SK","potentialAction":[{"@type":"ReadAction","target":["https:\/\/begamer.cz\/sk\/produkt\/harvest-life-sk\/"]}]},{"@type":"ImageObject","inLanguage":"sk-SK","@id":"https:\/\/begamer.cz\/sk\/produkt\/harvest-life-sk\/#primaryimage","url":"https:\/\/begamer.cz\/wp-content\/uploads\/2026\/01\/harvest-life-5.webp","contentUrl":"https:\/\/begamer.cz\/wp-content\/uploads\/2026\/01\/harvest-life-5.webp","width":300,"height":400},{"@type":"BreadcrumbList","@id":"https:\/\/begamer.cz\/sk\/produkt\/harvest-life-sk\/#breadcrumb","itemListElement":[{"@type":"ListItem","position":1,"name":"Domov","item":"https:\/\/begamer.cz\/sk\/"},{"@type":"ListItem","position":2,"name":"Obchod","item":"https:\/\/begamer.cz\/obchod\/"},{"@type":"ListItem","position":3,"name":"Harvest life"}]},{"@type":"WebSite","@id":"https:\/\/begamer.cz\/sk\/#website","url":"https:\/\/begamer.cz\/sk\/","name":"BeGamer.cz","description":"","publisher":{"@id":"https:\/\/begamer.cz\/sk\/#organization"},"potentialAction":[{"@type":"SearchAction","target":{"@type":"EntryPoint","urlTemplate":"https:\/\/begamer.cz\/sk\/?s={search_term_string}"},"query-input":{"@type":"PropertyValueSpecification","valueRequired":true,"valueName":"search_term_string"}}],"inLanguage":"sk-SK"},{"@type":"Organization","@id":"https:\/\/begamer.cz\/sk\/#organization","name":"BeGamer.cz","url":"https:\/\/begamer.cz\/sk\/","logo":{"@type":"ImageObject","inLanguage":"sk-SK","@id":"https:\/\/begamer.cz\/sk\/#\/schema\/logo\/image\/","url":"https:\/\/begamer.cz\/wp-content\/uploads\/2025\/07\/logo.svg","contentUrl":"https:\/\/begamer.cz\/wp-content\/uploads\/2025\/07\/logo.svg","caption":"BeGamer.cz"},"image":{"@id":"https:\/\/begamer.cz\/sk\/#\/schema\/logo\/image\/"}}]}},"acf":[],"_links":{"self":[{"href":"https:\/\/begamer.cz\/sk\/wp-json\/wp\/v2\/product\/94760","targetHints":{"allow":["GET"]}}],"collection":[{"href":"https:\/\/begamer.cz\/sk\/wp-json\/wp\/v2\/product"}],"about":[{"href":"https:\/\/begamer.cz\/sk\/wp-json\/wp\/v2\/types\/product"}],"replies":[{"embeddable":true,"href":"https:\/\/begamer.cz\/sk\/wp-json\/wp\/v2\/comments?post=94760"}],"wp:featuredmedia":[{"embeddable":true,"href":"https:\/\/begamer.cz\/sk\/wp-json\/wp\/v2\/media\/58963"}],"wp:attachment":[{"href":"https:\/\/begamer.cz\/sk\/wp-json\/wp\/v2\/media?parent=94760"}],"wp:term":[{"taxonomy":"product_brand","embeddable":true,"href":"https:\/\/begamer.cz\/sk\/wp-json\/wp\/v2\/product_brand?post=94760"},{"taxonomy":"product_cat","embeddable":true,"href":"https:\/\/begamer.cz\/sk\/wp-json\/wp\/v2\/product_cat?post=94760"},{"taxonomy":"product_tag","embeddable":true,"href":"https:\/\/begamer.cz\/sk\/wp-json\/wp\/v2\/product_tag?post=94760"}],"curies":[{"name":"wp","href":"https:\/\/api.w.org\/{rel}","templated":true}]}}