{"id":94730,"date":"2026-01-30T16:08:40","date_gmt":"2026-01-30T15:08:40","guid":{"rendered":"https:\/\/begamer.cz\/produkt\/dragon-ball-xenoverse-2-extra-pass-sk-1769785722\/"},"modified":"2026-03-18T03:44:20","modified_gmt":"2026-03-18T02:44:20","slug":"dragon-ball-xenoverse-2-extra-pass-sk-2","status":"publish","type":"product","link":"https:\/\/begamer.cz\/sk\/produkt\/dragon-ball-xenoverse-2-extra-pass-sk-2\/","title":{"rendered":"Dragon Ball: Xenoverse 2 \u2013 Extra Pass"},"content":{"rendered":"<p>Roz\u0161\u00edrte svoje z\u00e1\u017eitky s DRAGON BALL XENOVERSE 2 &#8211; Extra Pass a z\u00edskajte pr\u00edstup k 4 bal\u00ed\u010dkom obsahu. <\/p>\n<p>Tento Extra Pass obsahuje:<br \/>\n&#8211; 12 nov\u00fdch hrate\u013en\u00fdch post\u00e1v: Dabra, Buu (Gohan absorbovan\u00fd), Tapion, Android 13, Jiren, Fu, Android 17, Goku (Ultra Instinct), Super Baby Vegeta, Kefla a 2 postavy z nov\u00e9ho filmu Dragon Ball.<br \/>\n&#8211; Exkluz\u00edvne nov\u00e9<br \/>scen\u00e1re<br \/>\n&#8211;<br \/>Paraleln\u00e9<br \/>\u00falohy<br \/>\n&#8211;<br \/>Dodato\u010dn\u00e9 kost\u00fdmy<br \/>\n&#8211; Siln\u00e9 zru\u010dnosti<br \/>\n&#8211; Nov\u00e9 Super Souls<\/p>\n","protected":false},"excerpt":{"rendered":"<p>Dragon Ball Xenoverse 2 &#8211; Extra Pass pon\u00faka nov\u00e9 misie, postavy, kost\u00fdmy a doplnky, ktor\u00e9 roz\u0161\u00edria va\u0161e hern\u00e9 mo\u017enosti. Ponorte sa hlb\u0161ie do sveta Dragon Ball s nov\u00fdm obsahom, vylep\u0161en\u00fdmi bitkami a vzru\u0161uj\u00facimi v\u00fdzvami. Ide\u00e1lne pre fan\u00fa\u0161ikov, ktor\u00ed h\u013eadaj\u00fa viac akcie a mo\u017enost\u00ed prisp\u00f4sobenia.<\/p>\n","protected":false},"featured_media":13711,"comment_status":"open","ping_status":"closed","template":"","meta":{"_acf_changed":false},"product_brand":[],"product_cat":[270,280,268,266,312],"product_tag":[],"class_list":{"0":"post-94730","1":"product","2":"type-product","3":"status-publish","4":"has-post-thumbnail","6":"product_cat-adventury-pc-hry-sk","7":"product_cat-dobrodruzne-pc-hry-sk","8":"product_cat-pc-sk","9":"product_cat-pc-hry-sk","10":"product_cat-steam-pc-sk","11":"pa_audio-en-us","13":"pa_audio-ja-jp","15":"pa_countries-ad","16":"pa_countries-ae","17":"pa_countries-af","18":"pa_countries-ag","19":"pa_countries-ai","20":"pa_countries-al","21":"pa_countries-am","22":"pa_countries-ao","23":"pa_countries-aq","24":"pa_countries-ar","25":"pa_countries-as","26":"pa_countries-at","27":"pa_countries-au","28":"pa_countries-aw","29":"pa_countries-ax","30":"pa_countries-az","31":"pa_countries-ba","32":"pa_countries-bb","33":"pa_countries-bd","34":"pa_countries-be","35":"pa_countries-bf","36":"pa_countries-bg","37":"pa_countries-bh","38":"pa_countries-bi","39":"pa_countries-bj","40":"pa_countries-bl","41":"pa_countries-bm","42":"pa_countries-bo","43":"pa_countries-bq","44":"pa_countries-br","45":"pa_countries-bs","46":"pa_countries-bt","47":"pa_countries-bv","48":"pa_countries-bw","49":"pa_countries-bz","50":"pa_countries-ca","51":"pa_countries-cc","52":"pa_countries-cd","53":"pa_countries-cf","54":"pa_countries-cg","55":"pa_countries-ch","56":"pa_countries-ci","57":"pa_countries-ck","58":"pa_countries-cl","59":"pa_countries-cm","60":"pa_countries-cn","61":"pa_countries-co","62":"pa_countries-cr","63":"pa_countries-cu","64":"pa_countries-cv","65":"pa_countries-cw","66":"pa_countries-cx","67":"pa_countries-cy","68":"pa_countries-cz","69":"pa_countries-de","70":"pa_countries-dj","71":"pa_countries-dk","72":"pa_countries-dm","73":"pa_countries-do","74":"pa_countries-dz","75":"pa_countries-ec","76":"pa_countries-ee","77":"pa_countries-eg","78":"pa_countries-eh","79":"pa_countries-er","80":"pa_countries-es","81":"pa_countries-et","82":"pa_countries-fi","83":"pa_countries-fj","84":"pa_countries-fk","85":"pa_countries-fm","86":"pa_countries-fo","87":"pa_countries-fr","88":"pa_countries-ga","89":"pa_countries-gb","90":"pa_countries-gd","91":"pa_countries-ge","92":"pa_countries-gf","93":"pa_countries-gg","94":"pa_countries-gh","95":"pa_countries-gi","96":"pa_countries-gl","97":"pa_countries-gm","98":"pa_countries-gn","99":"pa_countries-gp","100":"pa_countries-gq","101":"pa_countries-gr","102":"pa_countries-gs","103":"pa_countries-gt","104":"pa_countries-gu","105":"pa_countries-gw","106":"pa_countries-gy","107":"pa_countries-hk","108":"pa_countries-hm","109":"pa_countries-hn","110":"pa_countries-hr","111":"pa_countries-ht","112":"pa_countries-hu","113":"pa_countries-id","114":"pa_countries-ie","115":"pa_countries-il","116":"pa_countries-im","117":"pa_countries-io","118":"pa_countries-iq","119":"pa_countries-ir","120":"pa_countries-is","121":"pa_countries-it","122":"pa_countries-je","123":"pa_countries-jm","124":"pa_countries-jo","125":"pa_countries-ke","126":"pa_countries-kg","127":"pa_countries-ki","128":"pa_countries-km","129":"pa_countries-kn","130":"pa_countries-kp","131":"pa_countries-kr","132":"pa_countries-kw","133":"pa_countries-ky","134":"pa_countries-kz","135":"pa_countries-lb","136":"pa_countries-lc","137":"pa_countries-li","138":"pa_countries-lk","139":"pa_countries-lr","140":"pa_countries-ls","141":"pa_countries-lt","142":"pa_countries-lu","143":"pa_countries-lv","144":"pa_countries-ly","145":"pa_countries-ma","146":"pa_countries-mc","147":"pa_countries-md","148":"pa_countries-me","149":"pa_countries-mf","150":"pa_countries-mg","151":"pa_countries-mh","152":"pa_countries-mk","153":"pa_countries-ml","154":"pa_countries-mm","155":"pa_countries-mo","156":"pa_countries-mp","157":"pa_countries-mq","158":"pa_countries-mr","159":"pa_countries-ms","160":"pa_countries-mt","161":"pa_countries-mu","162":"pa_countries-mv","163":"pa_countries-mw","164":"pa_countries-mx","165":"pa_countries-my","166":"pa_countries-mz","167":"pa_countries-na","168":"pa_countries-nc","169":"pa_countries-ne","170":"pa_countries-nf","171":"pa_countries-ng","172":"pa_countries-ni","173":"pa_countries-nl","174":"pa_countries-no","175":"pa_countries-np","176":"pa_countries-nr","177":"pa_countries-nu","178":"pa_countries-nz","179":"pa_countries-om","180":"pa_countries-pa","181":"pa_countries-pe","182":"pa_countries-pf","183":"pa_countries-pg","184":"pa_countries-ph","185":"pa_countries-pl","186":"pa_countries-pm","187":"pa_countries-pn","188":"pa_countries-pr","189":"pa_countries-ps","190":"pa_countries-pt","191":"pa_countries-pw","192":"pa_countries-py","193":"pa_countries-qa","194":"pa_countries-re","195":"pa_countries-ro","196":"pa_countries-rs","197":"pa_countries-rw","198":"pa_countries-sa","199":"pa_countries-sb","200":"pa_countries-sc","201":"pa_countries-sd","202":"pa_countries-se","203":"pa_countries-sg","204":"pa_countries-sh","205":"pa_countries-si","206":"pa_countries-sj","207":"pa_countries-sk","208":"pa_countries-sl","209":"pa_countries-sm","210":"pa_countries-sn","211":"pa_countries-so","212":"pa_countries-sr","213":"pa_countries-ss","215":"pa_countries-st","216":"pa_countries-sv","217":"pa_countries-sx","218":"pa_countries-sy","219":"pa_countries-sz","220":"pa_countries-tc","221":"pa_countries-td","222":"pa_countries-tf","223":"pa_countries-tg","224":"pa_countries-th","225":"pa_countries-tj","226":"pa_countries-tk","227":"pa_countries-tl","228":"pa_countries-tm","229":"pa_countries-tn","230":"pa_countries-to","231":"pa_countries-tr","232":"pa_countries-tt","233":"pa_countries-tv","234":"pa_countries-tw","235":"pa_countries-tz","236":"pa_countries-ua","237":"pa_countries-ug","238":"pa_countries-um","239":"pa_countries-us","240":"pa_countries-uy","241":"pa_countries-uz","242":"pa_countries-va","243":"pa_countries-vc","244":"pa_countries-ve","245":"pa_countries-vg","246":"pa_countries-vi","247":"pa_countries-vu","248":"pa_countries-wf","249":"pa_countries-ws","250":"pa_countries-xk","252":"pa_countries-ye","253":"pa_countries-yt","254":"pa_countries-za","255":"pa_countries-zm","256":"pa_countries-zw","257":"pa_developer-bandai-namco-entertainment","259":"pa_franchises-dragon-ball","261":"pa_game_type-dlc","263":"pa_genres-adventure","265":"pa_interface-de-de","266":"pa_interface-en-us","267":"pa_interface-es-es","268":"pa_interface-fr-fr","269":"pa_interface-it-it","270":"pa_interface-ko-kr","271":"pa_interface-pl-pl","272":"pa_interface-pt-br","274":"pa_interface-ru-ru","276":"pa_interface-zh-cn","277":"pa_interface-zh-tw","278":"pa_pegi-927","279":"pa_pegi-13428","280":"pa_platform-pc-steam","282":"pa_publisher-bandai-namco-entertainment","284":"pa_rating-14441","285":"pa_rating-773","286":"pa_region-global","288":"pa_subtitles-de-de","290":"pa_subtitles-en-us","291":"pa_subtitles-es-es","292":"pa_subtitles-fr-fr","293":"pa_subtitles-it-it","294":"pa_subtitles-ko-kr","295":"pa_subtitles-pl-pl","296":"pa_subtitles-pt-br","297":"pa_subtitles-ru-ru","299":"pa_subtitles-zh-cn","300":"pa_subtitles-zh-tw","301":"pa_themes-action","304":"first","305":"instock","306":"virtual","307":"taxable","308":"purchasable","309":"product-type-simple"},"yoast_head":"<!-- This site is optimized with the Yoast SEO plugin v27.3 - https:\/\/yoast.com\/product\/yoast-seo-wordpress\/ -->\n<title>Dragon Ball: Xenoverse 2 - Extra Pass | BeGamer.cz<\/title>\n<meta name=\"robots\" content=\"index, follow, max-snippet:-1, max-image-preview:large, max-video-preview:-1\" \/>\n<link rel=\"canonical\" href=\"https:\/\/begamer.cz\/sk\/produkt\/dragon-ball-xenoverse-2-extra-pass-sk-2\/\" \/>\n<meta property=\"og:locale\" content=\"sk_SK\" \/>\n<meta property=\"og:type\" content=\"article\" \/>\n<meta property=\"og:title\" content=\"Dragon Ball: Xenoverse 2 - Extra Pass | BeGamer.cz\" \/>\n<meta property=\"og:description\" content=\"Dragon Ball Xenoverse 2 - Extra Pass pon\u00faka nov\u00e9 misie, postavy, kost\u00fdmy a doplnky, ktor\u00e9 roz\u0161\u00edria va\u0161e hern\u00e9 mo\u017enosti. Ponorte sa hlb\u0161ie do sveta Dragon Ball s nov\u00fdm obsahom, vylep\u0161en\u00fdmi bitkami a vzru\u0161uj\u00facimi v\u00fdzvami. Ide\u00e1lne pre fan\u00fa\u0161ikov, ktor\u00ed h\u013eadaj\u00fa viac akcie a mo\u017enost\u00ed prisp\u00f4sobenia.\" \/>\n<meta property=\"og:url\" content=\"https:\/\/begamer.cz\/sk\/produkt\/dragon-ball-xenoverse-2-extra-pass-sk-2\/\" \/>\n<meta property=\"og:site_name\" content=\"BeGamer.cz\" \/>\n<meta property=\"article:modified_time\" content=\"2026-03-18T02:44:20+00:00\" \/>\n<meta property=\"og:image\" content=\"https:\/\/begamer.cz\/wp-content\/uploads\/2026\/01\/dragon-ball-xenoverse-2-extra-pass-10.webp\" \/>\n\t<meta property=\"og:image:width\" content=\"300\" \/>\n\t<meta property=\"og:image:height\" content=\"400\" \/>\n\t<meta property=\"og:image:type\" content=\"image\/webp\" \/>\n<meta name=\"twitter:card\" content=\"summary_large_image\" \/>\n<script type=\"application\/ld+json\" class=\"yoast-schema-graph\">{\"@context\":\"https:\\\/\\\/schema.org\",\"@graph\":[{\"@type\":\"WebPage\",\"@id\":\"https:\\\/\\\/begamer.cz\\\/sk\\\/produkt\\\/dragon-ball-xenoverse-2-extra-pass-sk-2\\\/\",\"url\":\"https:\\\/\\\/begamer.cz\\\/sk\\\/produkt\\\/dragon-ball-xenoverse-2-extra-pass-sk-2\\\/\",\"name\":\"Dragon Ball: Xenoverse 2 - Extra Pass | BeGamer.cz\",\"isPartOf\":{\"@id\":\"https:\\\/\\\/begamer.cz\\\/sk\\\/#website\"},\"primaryImageOfPage\":{\"@id\":\"https:\\\/\\\/begamer.cz\\\/sk\\\/produkt\\\/dragon-ball-xenoverse-2-extra-pass-sk-2\\\/#primaryimage\"},\"image\":{\"@id\":\"https:\\\/\\\/begamer.cz\\\/sk\\\/produkt\\\/dragon-ball-xenoverse-2-extra-pass-sk-2\\\/#primaryimage\"},\"thumbnailUrl\":\"https:\\\/\\\/begamer.cz\\\/wp-content\\\/uploads\\\/2026\\\/01\\\/dragon-ball-xenoverse-2-extra-pass-10.webp\",\"datePublished\":\"2026-01-30T15:08:40+00:00\",\"dateModified\":\"2026-03-18T02:44:20+00:00\",\"breadcrumb\":{\"@id\":\"https:\\\/\\\/begamer.cz\\\/sk\\\/produkt\\\/dragon-ball-xenoverse-2-extra-pass-sk-2\\\/#breadcrumb\"},\"inLanguage\":\"sk-SK\",\"potentialAction\":[{\"@type\":\"ReadAction\",\"target\":[\"https:\\\/\\\/begamer.cz\\\/sk\\\/produkt\\\/dragon-ball-xenoverse-2-extra-pass-sk-2\\\/\"]}]},{\"@type\":\"ImageObject\",\"inLanguage\":\"sk-SK\",\"@id\":\"https:\\\/\\\/begamer.cz\\\/sk\\\/produkt\\\/dragon-ball-xenoverse-2-extra-pass-sk-2\\\/#primaryimage\",\"url\":\"https:\\\/\\\/begamer.cz\\\/wp-content\\\/uploads\\\/2026\\\/01\\\/dragon-ball-xenoverse-2-extra-pass-10.webp\",\"contentUrl\":\"https:\\\/\\\/begamer.cz\\\/wp-content\\\/uploads\\\/2026\\\/01\\\/dragon-ball-xenoverse-2-extra-pass-10.webp\",\"width\":300,\"height\":400},{\"@type\":\"BreadcrumbList\",\"@id\":\"https:\\\/\\\/begamer.cz\\\/sk\\\/produkt\\\/dragon-ball-xenoverse-2-extra-pass-sk-2\\\/#breadcrumb\",\"itemListElement\":[{\"@type\":\"ListItem\",\"position\":1,\"name\":\"Domov\",\"item\":\"https:\\\/\\\/begamer.cz\\\/sk\\\/\"},{\"@type\":\"ListItem\",\"position\":2,\"name\":\"Obchod\",\"item\":\"https:\\\/\\\/begamer.cz\\\/obchod\\\/\"},{\"@type\":\"ListItem\",\"position\":3,\"name\":\"Dragon Ball: Xenoverse 2 \u2013 Extra Pass\"}]},{\"@type\":\"WebSite\",\"@id\":\"https:\\\/\\\/begamer.cz\\\/sk\\\/#website\",\"url\":\"https:\\\/\\\/begamer.cz\\\/sk\\\/\",\"name\":\"BeGamer.cz\",\"description\":\"\",\"publisher\":{\"@id\":\"https:\\\/\\\/begamer.cz\\\/sk\\\/#organization\"},\"potentialAction\":[{\"@type\":\"SearchAction\",\"target\":{\"@type\":\"EntryPoint\",\"urlTemplate\":\"https:\\\/\\\/begamer.cz\\\/sk\\\/?s={search_term_string}\"},\"query-input\":{\"@type\":\"PropertyValueSpecification\",\"valueRequired\":true,\"valueName\":\"search_term_string\"}}],\"inLanguage\":\"sk-SK\"},{\"@type\":\"Organization\",\"@id\":\"https:\\\/\\\/begamer.cz\\\/sk\\\/#organization\",\"name\":\"BeGamer.cz\",\"url\":\"https:\\\/\\\/begamer.cz\\\/sk\\\/\",\"logo\":{\"@type\":\"ImageObject\",\"inLanguage\":\"sk-SK\",\"@id\":\"https:\\\/\\\/begamer.cz\\\/sk\\\/#\\\/schema\\\/logo\\\/image\\\/\",\"url\":\"https:\\\/\\\/begamer.cz\\\/wp-content\\\/uploads\\\/2025\\\/07\\\/logo.svg\",\"contentUrl\":\"https:\\\/\\\/begamer.cz\\\/wp-content\\\/uploads\\\/2025\\\/07\\\/logo.svg\",\"caption\":\"BeGamer.cz\"},\"image\":{\"@id\":\"https:\\\/\\\/begamer.cz\\\/sk\\\/#\\\/schema\\\/logo\\\/image\\\/\"}}]}<\/script>\n<!-- \/ Yoast SEO plugin. -->","yoast_head_json":{"title":"Dragon Ball: Xenoverse 2 - Extra Pass | BeGamer.cz","robots":{"index":"index","follow":"follow","max-snippet":"max-snippet:-1","max-image-preview":"max-image-preview:large","max-video-preview":"max-video-preview:-1"},"canonical":"https:\/\/begamer.cz\/sk\/produkt\/dragon-ball-xenoverse-2-extra-pass-sk-2\/","og_locale":"sk_SK","og_type":"article","og_title":"Dragon Ball: Xenoverse 2 - Extra Pass | BeGamer.cz","og_description":"Dragon Ball Xenoverse 2 - Extra Pass pon\u00faka nov\u00e9 misie, postavy, kost\u00fdmy a doplnky, ktor\u00e9 roz\u0161\u00edria va\u0161e hern\u00e9 mo\u017enosti. Ponorte sa hlb\u0161ie do sveta Dragon Ball s nov\u00fdm obsahom, vylep\u0161en\u00fdmi bitkami a vzru\u0161uj\u00facimi v\u00fdzvami. Ide\u00e1lne pre fan\u00fa\u0161ikov, ktor\u00ed h\u013eadaj\u00fa viac akcie a mo\u017enost\u00ed prisp\u00f4sobenia.","og_url":"https:\/\/begamer.cz\/sk\/produkt\/dragon-ball-xenoverse-2-extra-pass-sk-2\/","og_site_name":"BeGamer.cz","article_modified_time":"2026-03-18T02:44:20+00:00","og_image":[{"width":300,"height":400,"url":"https:\/\/begamer.cz\/wp-content\/uploads\/2026\/01\/dragon-ball-xenoverse-2-extra-pass-10.webp","type":"image\/webp"}],"twitter_card":"summary_large_image","schema":{"@context":"https:\/\/schema.org","@graph":[{"@type":"WebPage","@id":"https:\/\/begamer.cz\/sk\/produkt\/dragon-ball-xenoverse-2-extra-pass-sk-2\/","url":"https:\/\/begamer.cz\/sk\/produkt\/dragon-ball-xenoverse-2-extra-pass-sk-2\/","name":"Dragon Ball: Xenoverse 2 - Extra Pass | BeGamer.cz","isPartOf":{"@id":"https:\/\/begamer.cz\/sk\/#website"},"primaryImageOfPage":{"@id":"https:\/\/begamer.cz\/sk\/produkt\/dragon-ball-xenoverse-2-extra-pass-sk-2\/#primaryimage"},"image":{"@id":"https:\/\/begamer.cz\/sk\/produkt\/dragon-ball-xenoverse-2-extra-pass-sk-2\/#primaryimage"},"thumbnailUrl":"https:\/\/begamer.cz\/wp-content\/uploads\/2026\/01\/dragon-ball-xenoverse-2-extra-pass-10.webp","datePublished":"2026-01-30T15:08:40+00:00","dateModified":"2026-03-18T02:44:20+00:00","breadcrumb":{"@id":"https:\/\/begamer.cz\/sk\/produkt\/dragon-ball-xenoverse-2-extra-pass-sk-2\/#breadcrumb"},"inLanguage":"sk-SK","potentialAction":[{"@type":"ReadAction","target":["https:\/\/begamer.cz\/sk\/produkt\/dragon-ball-xenoverse-2-extra-pass-sk-2\/"]}]},{"@type":"ImageObject","inLanguage":"sk-SK","@id":"https:\/\/begamer.cz\/sk\/produkt\/dragon-ball-xenoverse-2-extra-pass-sk-2\/#primaryimage","url":"https:\/\/begamer.cz\/wp-content\/uploads\/2026\/01\/dragon-ball-xenoverse-2-extra-pass-10.webp","contentUrl":"https:\/\/begamer.cz\/wp-content\/uploads\/2026\/01\/dragon-ball-xenoverse-2-extra-pass-10.webp","width":300,"height":400},{"@type":"BreadcrumbList","@id":"https:\/\/begamer.cz\/sk\/produkt\/dragon-ball-xenoverse-2-extra-pass-sk-2\/#breadcrumb","itemListElement":[{"@type":"ListItem","position":1,"name":"Domov","item":"https:\/\/begamer.cz\/sk\/"},{"@type":"ListItem","position":2,"name":"Obchod","item":"https:\/\/begamer.cz\/obchod\/"},{"@type":"ListItem","position":3,"name":"Dragon Ball: Xenoverse 2 \u2013 Extra Pass"}]},{"@type":"WebSite","@id":"https:\/\/begamer.cz\/sk\/#website","url":"https:\/\/begamer.cz\/sk\/","name":"BeGamer.cz","description":"","publisher":{"@id":"https:\/\/begamer.cz\/sk\/#organization"},"potentialAction":[{"@type":"SearchAction","target":{"@type":"EntryPoint","urlTemplate":"https:\/\/begamer.cz\/sk\/?s={search_term_string}"},"query-input":{"@type":"PropertyValueSpecification","valueRequired":true,"valueName":"search_term_string"}}],"inLanguage":"sk-SK"},{"@type":"Organization","@id":"https:\/\/begamer.cz\/sk\/#organization","name":"BeGamer.cz","url":"https:\/\/begamer.cz\/sk\/","logo":{"@type":"ImageObject","inLanguage":"sk-SK","@id":"https:\/\/begamer.cz\/sk\/#\/schema\/logo\/image\/","url":"https:\/\/begamer.cz\/wp-content\/uploads\/2025\/07\/logo.svg","contentUrl":"https:\/\/begamer.cz\/wp-content\/uploads\/2025\/07\/logo.svg","caption":"BeGamer.cz"},"image":{"@id":"https:\/\/begamer.cz\/sk\/#\/schema\/logo\/image\/"}}]}},"acf":[],"_links":{"self":[{"href":"https:\/\/begamer.cz\/sk\/wp-json\/wp\/v2\/product\/94730","targetHints":{"allow":["GET"]}}],"collection":[{"href":"https:\/\/begamer.cz\/sk\/wp-json\/wp\/v2\/product"}],"about":[{"href":"https:\/\/begamer.cz\/sk\/wp-json\/wp\/v2\/types\/product"}],"replies":[{"embeddable":true,"href":"https:\/\/begamer.cz\/sk\/wp-json\/wp\/v2\/comments?post=94730"}],"wp:featuredmedia":[{"embeddable":true,"href":"https:\/\/begamer.cz\/sk\/wp-json\/wp\/v2\/media\/13711"}],"wp:attachment":[{"href":"https:\/\/begamer.cz\/sk\/wp-json\/wp\/v2\/media?parent=94730"}],"wp:term":[{"taxonomy":"product_brand","embeddable":true,"href":"https:\/\/begamer.cz\/sk\/wp-json\/wp\/v2\/product_brand?post=94730"},{"taxonomy":"product_cat","embeddable":true,"href":"https:\/\/begamer.cz\/sk\/wp-json\/wp\/v2\/product_cat?post=94730"},{"taxonomy":"product_tag","embeddable":true,"href":"https:\/\/begamer.cz\/sk\/wp-json\/wp\/v2\/product_tag?post=94730"}],"curies":[{"name":"wp","href":"https:\/\/api.w.org\/{rel}","templated":true}]}}