{"id":94691,"date":"2026-01-30T16:07:54","date_gmt":"2026-01-30T15:07:54","guid":{"rendered":"https:\/\/begamer.cz\/produkt\/kings-bounty-ii-lords-edition-sk\/"},"modified":"2026-03-18T03:42:14","modified_gmt":"2026-03-18T02:42:14","slug":"kings-bounty-ii-lords-edition-sk","status":"publish","type":"product","link":"https:\/\/begamer.cz\/sk\/produkt\/kings-bounty-ii-lords-edition-sk\/","title":{"rendered":"King\u2019s Bounty II: Lord\u2019s Edition"},"content":{"rendered":"<p>S\u00e9ria \u0165ahov\u00fdch taktick\u00fdch hier King&#x27;s Bounty sa vracia s hrou King&#x27;s Bounty 2! Okrem taktickej h\u013abky, ktor\u00fa fan\u00fa\u0161ikovia o\u010dak\u00e1vaj\u00fa od bojov, sa ponorte do fantasy sveta Antara s \u00faplne nov\u00fdm, neline\u00e1rnym pr\u00edbehom a hlbokou RPG mechanikou, ktor\u00e1 d\u00e1va v\u00e1hu ka\u017ed\u00e9mu v\u00e1\u0161mu rozhodnutiu.<\/p>\n<p>King&#x27;s Bounty II Lord&#x27;s Edition obsahuje hlavn\u00fa hru a nasleduj\u00faci obsah:<br \/>\n&#8211; Rod of Deception<br \/>\n&#8211; Frosthammer<br \/>\n&#8211; Staff of Harmony<br \/>\n&#8211; Tyrant&#x27;s Sword<br \/>\n&#8211; Armor of the Hollow<br \/>\n&#8211; Heroes &amp; Villains Premium Pack<\/p>\n","protected":false},"excerpt":{"rendered":"<p>King&#x27;s Bounty II: Lord&#x27;s Edition je fantasy RPG s \u0165ahov\u00fdmi taktick\u00fdmi bojmi, epick\u00fdm pr\u00edbehom a pohlcuj\u00facim prieskumom. Velite mocn\u00fdm hrdinom, vyhr\u00e1vajte strategick\u00e9 bitky a objavujte bohat\u00fd svet pln\u00fd \u00faloh a tajomstiev. Obsahuje bonusov\u00fd obsah a exkluz\u00edvne predmety v hre.<\/p>\n","protected":false},"featured_media":15537,"comment_status":"open","ping_status":"closed","template":"","meta":{"_acf_changed":false},"product_brand":[],"product_cat":[419,431,434,398,400],"product_tag":[],"class_list":{"0":"post-94691","1":"product","2":"type-product","3":"status-publish","4":"has-post-thumbnail","6":"product_cat-adventury-xbox-one-sk","7":"product_cat-rpg-xbox-one-sk","8":"product_cat-strategie-xbox-one-sk","9":"product_cat-xbox-hry-sk","10":"product_cat-xbox-one-sk","11":"pa_audio-en-us","12":"pa_audio-ru-ru","14":"pa_countries-at","15":"pa_countries-be","16":"pa_countries-bg","17":"pa_countries-cy","18":"pa_countries-cz","20":"pa_countries-de","21":"pa_countries-dk","22":"pa_countries-ee","23":"pa_countries-es","24":"pa_countries-fi","25":"pa_countries-fr","26":"pa_countries-gr","27":"pa_countries-hu","28":"pa_countries-ie","29":"pa_countries-it","30":"pa_countries-lt","31":"pa_countries-lu","32":"pa_countries-lv","33":"pa_countries-mt","34":"pa_countries-nl","35":"pa_countries-pl","36":"pa_countries-pt","37":"pa_countries-ro","38":"pa_countries-se","39":"pa_countries-si","40":"pa_countries-sk","41":"pa_developer-1c-entertainment","43":"pa_game_type-main_game","45":"pa_genres-adventure","46":"pa_genres-role-playing-rpg","47":"pa_genres-strategy","48":"pa_genres-turn-based-strategy-tbs","50":"pa_interface-cs-cz","51":"pa_interface-de-de","52":"pa_interface-en-us","53":"pa_interface-es-es","54":"pa_interface-fr-fr","55":"pa_interface-it-it","56":"pa_interface-ja-jp","57":"pa_interface-ko-kr","58":"pa_interface-pl-pl","59":"pa_interface-ru-ru","61":"pa_interface-zh-cn","62":"pa_interface-zh-tw","63":"pa_keywords-atmospheric","65":"pa_keywords-choices-matter","66":"pa_keywords-story-rich","67":"pa_modes-single-player","69":"pa_pegi-956","70":"pa_pegi-13432","71":"pa_platform-xbox-one","73":"pa_player_perspectives-third-person","75":"pa_publisher-1c-entertainment","77":"pa_publisher-prime-matter","78":"pa_rating-773","79":"pa_rating-14441","80":"pa_region-europe","82":"pa_subtitles-de-de","84":"pa_subtitles-en-us","85":"pa_subtitles-es-es","86":"pa_subtitles-fr-fr","87":"pa_subtitles-it-it","88":"pa_subtitles-pl-pl","89":"pa_subtitles-ru-ru","90":"pa_subtitles-zh-cn","91":"pa_themes-fantasy","92":"pa_themes-historical","93":"pa_themes-warfare","96":"first","97":"outofstock","98":"virtual","99":"taxable","100":"purchasable","101":"product-type-simple"},"yoast_head":"<!-- This site is optimized with the Yoast SEO plugin v27.3 - https:\/\/yoast.com\/product\/yoast-seo-wordpress\/ -->\n<title>King&#039;s Bounty II: Lord&#039;s Edition | BeGamer.cz<\/title>\n<meta name=\"robots\" content=\"index, follow, max-snippet:-1, max-image-preview:large, max-video-preview:-1\" \/>\n<link rel=\"canonical\" href=\"https:\/\/begamer.cz\/sk\/produkt\/kings-bounty-ii-lords-edition-sk\/\" \/>\n<meta property=\"og:locale\" content=\"sk_SK\" \/>\n<meta property=\"og:type\" content=\"article\" \/>\n<meta property=\"og:title\" content=\"King&#039;s Bounty II: Lord&#039;s Edition | BeGamer.cz\" \/>\n<meta property=\"og:description\" content=\"King&#x27;s Bounty II: Lord&#x27;s Edition je fantasy RPG s \u0165ahov\u00fdmi taktick\u00fdmi bojmi, epick\u00fdm pr\u00edbehom a pohlcuj\u00facim prieskumom. Velite mocn\u00fdm hrdinom, vyhr\u00e1vajte strategick\u00e9 bitky a objavujte bohat\u00fd svet pln\u00fd \u00faloh a tajomstiev. Obsahuje bonusov\u00fd obsah a exkluz\u00edvne predmety v hre.\" \/>\n<meta property=\"og:url\" content=\"https:\/\/begamer.cz\/sk\/produkt\/kings-bounty-ii-lords-edition-sk\/\" \/>\n<meta property=\"og:site_name\" content=\"BeGamer.cz\" \/>\n<meta property=\"article:modified_time\" content=\"2026-03-18T02:42:14+00:00\" \/>\n<meta property=\"og:image\" content=\"https:\/\/begamer.cz\/wp-content\/uploads\/2026\/01\/kings-bounty-ii-lords-edition-6.webp\" \/>\n\t<meta property=\"og:image:width\" content=\"300\" \/>\n\t<meta property=\"og:image:height\" content=\"400\" \/>\n\t<meta property=\"og:image:type\" content=\"image\/webp\" \/>\n<meta name=\"twitter:card\" content=\"summary_large_image\" \/>\n<meta name=\"twitter:label1\" content=\"Predpokladan\u00fd \u010das \u010d\u00edtania\" \/>\n\t<meta name=\"twitter:data1\" content=\"1 min\u00fata\" \/>\n<script type=\"application\/ld+json\" class=\"yoast-schema-graph\">{\"@context\":\"https:\\\/\\\/schema.org\",\"@graph\":[{\"@type\":\"WebPage\",\"@id\":\"https:\\\/\\\/begamer.cz\\\/sk\\\/produkt\\\/kings-bounty-ii-lords-edition-sk\\\/\",\"url\":\"https:\\\/\\\/begamer.cz\\\/sk\\\/produkt\\\/kings-bounty-ii-lords-edition-sk\\\/\",\"name\":\"King's Bounty II: Lord's Edition | BeGamer.cz\",\"isPartOf\":{\"@id\":\"https:\\\/\\\/begamer.cz\\\/sk\\\/#website\"},\"primaryImageOfPage\":{\"@id\":\"https:\\\/\\\/begamer.cz\\\/sk\\\/produkt\\\/kings-bounty-ii-lords-edition-sk\\\/#primaryimage\"},\"image\":{\"@id\":\"https:\\\/\\\/begamer.cz\\\/sk\\\/produkt\\\/kings-bounty-ii-lords-edition-sk\\\/#primaryimage\"},\"thumbnailUrl\":\"https:\\\/\\\/begamer.cz\\\/wp-content\\\/uploads\\\/2026\\\/01\\\/kings-bounty-ii-lords-edition-6.webp\",\"datePublished\":\"2026-01-30T15:07:54+00:00\",\"dateModified\":\"2026-03-18T02:42:14+00:00\",\"breadcrumb\":{\"@id\":\"https:\\\/\\\/begamer.cz\\\/sk\\\/produkt\\\/kings-bounty-ii-lords-edition-sk\\\/#breadcrumb\"},\"inLanguage\":\"sk-SK\",\"potentialAction\":[{\"@type\":\"ReadAction\",\"target\":[\"https:\\\/\\\/begamer.cz\\\/sk\\\/produkt\\\/kings-bounty-ii-lords-edition-sk\\\/\"]}]},{\"@type\":\"ImageObject\",\"inLanguage\":\"sk-SK\",\"@id\":\"https:\\\/\\\/begamer.cz\\\/sk\\\/produkt\\\/kings-bounty-ii-lords-edition-sk\\\/#primaryimage\",\"url\":\"https:\\\/\\\/begamer.cz\\\/wp-content\\\/uploads\\\/2026\\\/01\\\/kings-bounty-ii-lords-edition-6.webp\",\"contentUrl\":\"https:\\\/\\\/begamer.cz\\\/wp-content\\\/uploads\\\/2026\\\/01\\\/kings-bounty-ii-lords-edition-6.webp\",\"width\":300,\"height\":400},{\"@type\":\"BreadcrumbList\",\"@id\":\"https:\\\/\\\/begamer.cz\\\/sk\\\/produkt\\\/kings-bounty-ii-lords-edition-sk\\\/#breadcrumb\",\"itemListElement\":[{\"@type\":\"ListItem\",\"position\":1,\"name\":\"Domov\",\"item\":\"https:\\\/\\\/begamer.cz\\\/sk\\\/\"},{\"@type\":\"ListItem\",\"position\":2,\"name\":\"Obchod\",\"item\":\"https:\\\/\\\/begamer.cz\\\/obchod\\\/\"},{\"@type\":\"ListItem\",\"position\":3,\"name\":\"King&#8217;s Bounty II: Lord&#8217;s Edition\"}]},{\"@type\":\"WebSite\",\"@id\":\"https:\\\/\\\/begamer.cz\\\/sk\\\/#website\",\"url\":\"https:\\\/\\\/begamer.cz\\\/sk\\\/\",\"name\":\"BeGamer.cz\",\"description\":\"\",\"publisher\":{\"@id\":\"https:\\\/\\\/begamer.cz\\\/sk\\\/#organization\"},\"potentialAction\":[{\"@type\":\"SearchAction\",\"target\":{\"@type\":\"EntryPoint\",\"urlTemplate\":\"https:\\\/\\\/begamer.cz\\\/sk\\\/?s={search_term_string}\"},\"query-input\":{\"@type\":\"PropertyValueSpecification\",\"valueRequired\":true,\"valueName\":\"search_term_string\"}}],\"inLanguage\":\"sk-SK\"},{\"@type\":\"Organization\",\"@id\":\"https:\\\/\\\/begamer.cz\\\/sk\\\/#organization\",\"name\":\"BeGamer.cz\",\"url\":\"https:\\\/\\\/begamer.cz\\\/sk\\\/\",\"logo\":{\"@type\":\"ImageObject\",\"inLanguage\":\"sk-SK\",\"@id\":\"https:\\\/\\\/begamer.cz\\\/sk\\\/#\\\/schema\\\/logo\\\/image\\\/\",\"url\":\"https:\\\/\\\/begamer.cz\\\/wp-content\\\/uploads\\\/2025\\\/07\\\/logo.svg\",\"contentUrl\":\"https:\\\/\\\/begamer.cz\\\/wp-content\\\/uploads\\\/2025\\\/07\\\/logo.svg\",\"caption\":\"BeGamer.cz\"},\"image\":{\"@id\":\"https:\\\/\\\/begamer.cz\\\/sk\\\/#\\\/schema\\\/logo\\\/image\\\/\"}}]}<\/script>\n<!-- \/ Yoast SEO plugin. -->","yoast_head_json":{"title":"King's Bounty II: Lord's Edition | BeGamer.cz","robots":{"index":"index","follow":"follow","max-snippet":"max-snippet:-1","max-image-preview":"max-image-preview:large","max-video-preview":"max-video-preview:-1"},"canonical":"https:\/\/begamer.cz\/sk\/produkt\/kings-bounty-ii-lords-edition-sk\/","og_locale":"sk_SK","og_type":"article","og_title":"King's Bounty II: Lord's Edition | BeGamer.cz","og_description":"King&#x27;s Bounty II: Lord&#x27;s Edition je fantasy RPG s \u0165ahov\u00fdmi taktick\u00fdmi bojmi, epick\u00fdm pr\u00edbehom a pohlcuj\u00facim prieskumom. Velite mocn\u00fdm hrdinom, vyhr\u00e1vajte strategick\u00e9 bitky a objavujte bohat\u00fd svet pln\u00fd \u00faloh a tajomstiev. Obsahuje bonusov\u00fd obsah a exkluz\u00edvne predmety v hre.","og_url":"https:\/\/begamer.cz\/sk\/produkt\/kings-bounty-ii-lords-edition-sk\/","og_site_name":"BeGamer.cz","article_modified_time":"2026-03-18T02:42:14+00:00","og_image":[{"width":300,"height":400,"url":"https:\/\/begamer.cz\/wp-content\/uploads\/2026\/01\/kings-bounty-ii-lords-edition-6.webp","type":"image\/webp"}],"twitter_card":"summary_large_image","twitter_misc":{"Predpokladan\u00fd \u010das \u010d\u00edtania":"1 min\u00fata"},"schema":{"@context":"https:\/\/schema.org","@graph":[{"@type":"WebPage","@id":"https:\/\/begamer.cz\/sk\/produkt\/kings-bounty-ii-lords-edition-sk\/","url":"https:\/\/begamer.cz\/sk\/produkt\/kings-bounty-ii-lords-edition-sk\/","name":"King's Bounty II: Lord's Edition | BeGamer.cz","isPartOf":{"@id":"https:\/\/begamer.cz\/sk\/#website"},"primaryImageOfPage":{"@id":"https:\/\/begamer.cz\/sk\/produkt\/kings-bounty-ii-lords-edition-sk\/#primaryimage"},"image":{"@id":"https:\/\/begamer.cz\/sk\/produkt\/kings-bounty-ii-lords-edition-sk\/#primaryimage"},"thumbnailUrl":"https:\/\/begamer.cz\/wp-content\/uploads\/2026\/01\/kings-bounty-ii-lords-edition-6.webp","datePublished":"2026-01-30T15:07:54+00:00","dateModified":"2026-03-18T02:42:14+00:00","breadcrumb":{"@id":"https:\/\/begamer.cz\/sk\/produkt\/kings-bounty-ii-lords-edition-sk\/#breadcrumb"},"inLanguage":"sk-SK","potentialAction":[{"@type":"ReadAction","target":["https:\/\/begamer.cz\/sk\/produkt\/kings-bounty-ii-lords-edition-sk\/"]}]},{"@type":"ImageObject","inLanguage":"sk-SK","@id":"https:\/\/begamer.cz\/sk\/produkt\/kings-bounty-ii-lords-edition-sk\/#primaryimage","url":"https:\/\/begamer.cz\/wp-content\/uploads\/2026\/01\/kings-bounty-ii-lords-edition-6.webp","contentUrl":"https:\/\/begamer.cz\/wp-content\/uploads\/2026\/01\/kings-bounty-ii-lords-edition-6.webp","width":300,"height":400},{"@type":"BreadcrumbList","@id":"https:\/\/begamer.cz\/sk\/produkt\/kings-bounty-ii-lords-edition-sk\/#breadcrumb","itemListElement":[{"@type":"ListItem","position":1,"name":"Domov","item":"https:\/\/begamer.cz\/sk\/"},{"@type":"ListItem","position":2,"name":"Obchod","item":"https:\/\/begamer.cz\/obchod\/"},{"@type":"ListItem","position":3,"name":"King&#8217;s Bounty II: Lord&#8217;s Edition"}]},{"@type":"WebSite","@id":"https:\/\/begamer.cz\/sk\/#website","url":"https:\/\/begamer.cz\/sk\/","name":"BeGamer.cz","description":"","publisher":{"@id":"https:\/\/begamer.cz\/sk\/#organization"},"potentialAction":[{"@type":"SearchAction","target":{"@type":"EntryPoint","urlTemplate":"https:\/\/begamer.cz\/sk\/?s={search_term_string}"},"query-input":{"@type":"PropertyValueSpecification","valueRequired":true,"valueName":"search_term_string"}}],"inLanguage":"sk-SK"},{"@type":"Organization","@id":"https:\/\/begamer.cz\/sk\/#organization","name":"BeGamer.cz","url":"https:\/\/begamer.cz\/sk\/","logo":{"@type":"ImageObject","inLanguage":"sk-SK","@id":"https:\/\/begamer.cz\/sk\/#\/schema\/logo\/image\/","url":"https:\/\/begamer.cz\/wp-content\/uploads\/2025\/07\/logo.svg","contentUrl":"https:\/\/begamer.cz\/wp-content\/uploads\/2025\/07\/logo.svg","caption":"BeGamer.cz"},"image":{"@id":"https:\/\/begamer.cz\/sk\/#\/schema\/logo\/image\/"}}]}},"acf":[],"_links":{"self":[{"href":"https:\/\/begamer.cz\/sk\/wp-json\/wp\/v2\/product\/94691","targetHints":{"allow":["GET"]}}],"collection":[{"href":"https:\/\/begamer.cz\/sk\/wp-json\/wp\/v2\/product"}],"about":[{"href":"https:\/\/begamer.cz\/sk\/wp-json\/wp\/v2\/types\/product"}],"replies":[{"embeddable":true,"href":"https:\/\/begamer.cz\/sk\/wp-json\/wp\/v2\/comments?post=94691"}],"wp:featuredmedia":[{"embeddable":true,"href":"https:\/\/begamer.cz\/sk\/wp-json\/wp\/v2\/media\/15537"}],"wp:attachment":[{"href":"https:\/\/begamer.cz\/sk\/wp-json\/wp\/v2\/media?parent=94691"}],"wp:term":[{"taxonomy":"product_brand","embeddable":true,"href":"https:\/\/begamer.cz\/sk\/wp-json\/wp\/v2\/product_brand?post=94691"},{"taxonomy":"product_cat","embeddable":true,"href":"https:\/\/begamer.cz\/sk\/wp-json\/wp\/v2\/product_cat?post=94691"},{"taxonomy":"product_tag","embeddable":true,"href":"https:\/\/begamer.cz\/sk\/wp-json\/wp\/v2\/product_tag?post=94691"}],"curies":[{"name":"wp","href":"https:\/\/api.w.org\/{rel}","templated":true}]}}