{"id":94517,"date":"2026-01-30T16:04:37","date_gmt":"2026-01-30T15:04:37","guid":{"rendered":"https:\/\/begamer.cz\/produkt\/namco-museum-archives-volume-2-sk\/"},"modified":"2026-03-18T03:31:23","modified_gmt":"2026-03-18T02:31:23","slug":"namco-museum-archives-volume-2-sk","status":"publish","type":"product","link":"https:\/\/begamer.cz\/sk\/produkt\/namco-museum-archives-volume-2-sk\/","title":{"rendered":"Namco Museum Archives Volume 2"},"content":{"rendered":"<p>Vydajte sa na cestu spomienkami a pre\u017eite znovu \u010darovn\u00e9 \u010dasy \u00e9ry 8-bitov s kolekciou hitov Namco a d\u00e1vno straten\u00fdch pokladov v Namco Museum Archives Volume 2.<\/p>\n<p>\u25a0Obsahuje 11 titulov!<br \/>\n<br \/>Okrem 10 klasick\u00fdch titulov Namco, z ktor\u00fdch niektor\u00e9 neboli nikdy lokalizovan\u00e9 a vydan\u00e9 na z\u00e1pade, je ako bonus prilo\u017een\u00e1 8-bitov\u00e1 konzolov\u00e1 verzia hry \u201eGaplus\u201c!<br \/>\n(Obsiahnut\u00e9 tituly: Galaga, Battle City, Pac-Land, Dig Dug II, Super Xevious, Mappy-Land, Legacy of the Wizard, Rolling Thunder, Dragon Buster II, Mendel Palace a Gaplus)<\/p>\n<p>\u25a0Vybaven\u00e9 praktick\u00fdmi modern\u00fdmi funkciami!<br \/>\n<br \/>Praktick\u00e9 funkcie, ako napr\u00edklad \u201efunkcia ulo\u017eenia\u201c, ktor\u00e1 v\u00e1m umo\u017e\u0148uje kedyko\u013evek preru\u0161i\u0165 hru, a \u201efunkcia opakovania\u201c, ktor\u00e1 v\u00e1m umo\u017e\u0148uje za\u010da\u0165 od poslednej min\u00faty.<\/p>\n","protected":false},"excerpt":{"rendered":"<p>Vydajte sa na cestu spomienkami a pre\u017eite znovu \u010darovn\u00e9 \u010dasy \u00e9ry 8-bitov s kolekciou hitov Namco a d\u00e1vno straten\u00fdch pokladov v Namco Museum Archives Volume 2.<\/p>\n","protected":false},"featured_media":14297,"comment_status":"open","ping_status":"closed","template":"","meta":{"_acf_changed":false},"product_brand":[],"product_cat":[206,179,200],"product_tag":[],"class_list":{"0":"post-94517","1":"product","2":"type-product","3":"status-publish","4":"has-post-thumbnail","6":"product_cat-arkady-nintendo-switch-sk","7":"product_cat-nintendo-hry-sk","8":"product_cat-nintendo-switch-sk","9":"pa_developer-b-b-studio","10":"pa_developer-ltd","11":"pa_developer-m2-co","13":"pa_game_type-bundle","15":"pa_genres-arcade","17":"pa_interface-en-us","18":"pa_interface-ja-jp","20":"pa_keywords-pixel-graphics","21":"pa_keywords-retro","22":"pa_modes-single-player","24":"pa_pegi-13424","25":"pa_pegi-772","26":"pa_platform-nintendo-switch","28":"pa_player_perspectives-third-person","30":"pa_publisher-bandai-namco-entertainment","32":"pa_rating-14460","33":"pa_rating-957","34":"pa_region-europe","36":"pa_subtitles-en-us","38":"pa_themes-action","41":"first","42":"instock","43":"virtual","44":"taxable","45":"purchasable","46":"product-type-simple"},"yoast_head":"<!-- This site is optimized with the Yoast SEO plugin v27.3 - https:\/\/yoast.com\/product\/yoast-seo-wordpress\/ -->\n<title>Namco Museum Archives Volume 2 | BeGamer.cz<\/title>\n<meta name=\"robots\" content=\"index, follow, max-snippet:-1, max-image-preview:large, max-video-preview:-1\" \/>\n<link rel=\"canonical\" href=\"https:\/\/begamer.cz\/sk\/produkt\/namco-museum-archives-volume-2-sk\/\" \/>\n<meta property=\"og:locale\" content=\"sk_SK\" \/>\n<meta property=\"og:type\" content=\"article\" \/>\n<meta property=\"og:title\" content=\"Namco Museum Archives Volume 2 | BeGamer.cz\" \/>\n<meta property=\"og:description\" content=\"Vydajte sa na cestu spomienkami a pre\u017eite znovu \u010darovn\u00e9 \u010dasy \u00e9ry 8-bitov s kolekciou hitov Namco a d\u00e1vno straten\u00fdch pokladov v Namco Museum Archives Volume 2.\" \/>\n<meta property=\"og:url\" content=\"https:\/\/begamer.cz\/sk\/produkt\/namco-museum-archives-volume-2-sk\/\" \/>\n<meta property=\"og:site_name\" content=\"BeGamer.cz\" \/>\n<meta property=\"article:modified_time\" content=\"2026-03-18T02:31:23+00:00\" \/>\n<meta property=\"og:image\" content=\"https:\/\/begamer.cz\/wp-content\/uploads\/2026\/01\/namco-museum-archives-volume-2-5.webp\" \/>\n\t<meta property=\"og:image:width\" content=\"300\" \/>\n\t<meta property=\"og:image:height\" content=\"400\" \/>\n\t<meta property=\"og:image:type\" content=\"image\/webp\" \/>\n<meta name=\"twitter:card\" content=\"summary_large_image\" \/>\n<meta name=\"twitter:label1\" content=\"Predpokladan\u00fd \u010das \u010d\u00edtania\" \/>\n\t<meta name=\"twitter:data1\" content=\"1 min\u00fata\" \/>\n<script type=\"application\/ld+json\" class=\"yoast-schema-graph\">{\"@context\":\"https:\\\/\\\/schema.org\",\"@graph\":[{\"@type\":\"WebPage\",\"@id\":\"https:\\\/\\\/begamer.cz\\\/sk\\\/produkt\\\/namco-museum-archives-volume-2-sk\\\/\",\"url\":\"https:\\\/\\\/begamer.cz\\\/sk\\\/produkt\\\/namco-museum-archives-volume-2-sk\\\/\",\"name\":\"Namco Museum Archives Volume 2 | BeGamer.cz\",\"isPartOf\":{\"@id\":\"https:\\\/\\\/begamer.cz\\\/sk\\\/#website\"},\"primaryImageOfPage\":{\"@id\":\"https:\\\/\\\/begamer.cz\\\/sk\\\/produkt\\\/namco-museum-archives-volume-2-sk\\\/#primaryimage\"},\"image\":{\"@id\":\"https:\\\/\\\/begamer.cz\\\/sk\\\/produkt\\\/namco-museum-archives-volume-2-sk\\\/#primaryimage\"},\"thumbnailUrl\":\"https:\\\/\\\/begamer.cz\\\/wp-content\\\/uploads\\\/2026\\\/01\\\/namco-museum-archives-volume-2-5.webp\",\"datePublished\":\"2026-01-30T15:04:37+00:00\",\"dateModified\":\"2026-03-18T02:31:23+00:00\",\"breadcrumb\":{\"@id\":\"https:\\\/\\\/begamer.cz\\\/sk\\\/produkt\\\/namco-museum-archives-volume-2-sk\\\/#breadcrumb\"},\"inLanguage\":\"sk-SK\",\"potentialAction\":[{\"@type\":\"ReadAction\",\"target\":[\"https:\\\/\\\/begamer.cz\\\/sk\\\/produkt\\\/namco-museum-archives-volume-2-sk\\\/\"]}]},{\"@type\":\"ImageObject\",\"inLanguage\":\"sk-SK\",\"@id\":\"https:\\\/\\\/begamer.cz\\\/sk\\\/produkt\\\/namco-museum-archives-volume-2-sk\\\/#primaryimage\",\"url\":\"https:\\\/\\\/begamer.cz\\\/wp-content\\\/uploads\\\/2026\\\/01\\\/namco-museum-archives-volume-2-5.webp\",\"contentUrl\":\"https:\\\/\\\/begamer.cz\\\/wp-content\\\/uploads\\\/2026\\\/01\\\/namco-museum-archives-volume-2-5.webp\",\"width\":300,\"height\":400},{\"@type\":\"BreadcrumbList\",\"@id\":\"https:\\\/\\\/begamer.cz\\\/sk\\\/produkt\\\/namco-museum-archives-volume-2-sk\\\/#breadcrumb\",\"itemListElement\":[{\"@type\":\"ListItem\",\"position\":1,\"name\":\"Domov\",\"item\":\"https:\\\/\\\/begamer.cz\\\/sk\\\/\"},{\"@type\":\"ListItem\",\"position\":2,\"name\":\"Obchod\",\"item\":\"https:\\\/\\\/begamer.cz\\\/obchod\\\/\"},{\"@type\":\"ListItem\",\"position\":3,\"name\":\"Namco Museum Archives Volume 2\"}]},{\"@type\":\"WebSite\",\"@id\":\"https:\\\/\\\/begamer.cz\\\/sk\\\/#website\",\"url\":\"https:\\\/\\\/begamer.cz\\\/sk\\\/\",\"name\":\"BeGamer.cz\",\"description\":\"\",\"publisher\":{\"@id\":\"https:\\\/\\\/begamer.cz\\\/sk\\\/#organization\"},\"potentialAction\":[{\"@type\":\"SearchAction\",\"target\":{\"@type\":\"EntryPoint\",\"urlTemplate\":\"https:\\\/\\\/begamer.cz\\\/sk\\\/?s={search_term_string}\"},\"query-input\":{\"@type\":\"PropertyValueSpecification\",\"valueRequired\":true,\"valueName\":\"search_term_string\"}}],\"inLanguage\":\"sk-SK\"},{\"@type\":\"Organization\",\"@id\":\"https:\\\/\\\/begamer.cz\\\/sk\\\/#organization\",\"name\":\"BeGamer.cz\",\"url\":\"https:\\\/\\\/begamer.cz\\\/sk\\\/\",\"logo\":{\"@type\":\"ImageObject\",\"inLanguage\":\"sk-SK\",\"@id\":\"https:\\\/\\\/begamer.cz\\\/sk\\\/#\\\/schema\\\/logo\\\/image\\\/\",\"url\":\"https:\\\/\\\/begamer.cz\\\/wp-content\\\/uploads\\\/2025\\\/07\\\/logo.svg\",\"contentUrl\":\"https:\\\/\\\/begamer.cz\\\/wp-content\\\/uploads\\\/2025\\\/07\\\/logo.svg\",\"caption\":\"BeGamer.cz\"},\"image\":{\"@id\":\"https:\\\/\\\/begamer.cz\\\/sk\\\/#\\\/schema\\\/logo\\\/image\\\/\"}}]}<\/script>\n<!-- \/ Yoast SEO plugin. -->","yoast_head_json":{"title":"Namco Museum Archives Volume 2 | BeGamer.cz","robots":{"index":"index","follow":"follow","max-snippet":"max-snippet:-1","max-image-preview":"max-image-preview:large","max-video-preview":"max-video-preview:-1"},"canonical":"https:\/\/begamer.cz\/sk\/produkt\/namco-museum-archives-volume-2-sk\/","og_locale":"sk_SK","og_type":"article","og_title":"Namco Museum Archives Volume 2 | BeGamer.cz","og_description":"Vydajte sa na cestu spomienkami a pre\u017eite znovu \u010darovn\u00e9 \u010dasy \u00e9ry 8-bitov s kolekciou hitov Namco a d\u00e1vno straten\u00fdch pokladov v Namco Museum Archives Volume 2.","og_url":"https:\/\/begamer.cz\/sk\/produkt\/namco-museum-archives-volume-2-sk\/","og_site_name":"BeGamer.cz","article_modified_time":"2026-03-18T02:31:23+00:00","og_image":[{"width":300,"height":400,"url":"https:\/\/begamer.cz\/wp-content\/uploads\/2026\/01\/namco-museum-archives-volume-2-5.webp","type":"image\/webp"}],"twitter_card":"summary_large_image","twitter_misc":{"Predpokladan\u00fd \u010das \u010d\u00edtania":"1 min\u00fata"},"schema":{"@context":"https:\/\/schema.org","@graph":[{"@type":"WebPage","@id":"https:\/\/begamer.cz\/sk\/produkt\/namco-museum-archives-volume-2-sk\/","url":"https:\/\/begamer.cz\/sk\/produkt\/namco-museum-archives-volume-2-sk\/","name":"Namco Museum Archives Volume 2 | BeGamer.cz","isPartOf":{"@id":"https:\/\/begamer.cz\/sk\/#website"},"primaryImageOfPage":{"@id":"https:\/\/begamer.cz\/sk\/produkt\/namco-museum-archives-volume-2-sk\/#primaryimage"},"image":{"@id":"https:\/\/begamer.cz\/sk\/produkt\/namco-museum-archives-volume-2-sk\/#primaryimage"},"thumbnailUrl":"https:\/\/begamer.cz\/wp-content\/uploads\/2026\/01\/namco-museum-archives-volume-2-5.webp","datePublished":"2026-01-30T15:04:37+00:00","dateModified":"2026-03-18T02:31:23+00:00","breadcrumb":{"@id":"https:\/\/begamer.cz\/sk\/produkt\/namco-museum-archives-volume-2-sk\/#breadcrumb"},"inLanguage":"sk-SK","potentialAction":[{"@type":"ReadAction","target":["https:\/\/begamer.cz\/sk\/produkt\/namco-museum-archives-volume-2-sk\/"]}]},{"@type":"ImageObject","inLanguage":"sk-SK","@id":"https:\/\/begamer.cz\/sk\/produkt\/namco-museum-archives-volume-2-sk\/#primaryimage","url":"https:\/\/begamer.cz\/wp-content\/uploads\/2026\/01\/namco-museum-archives-volume-2-5.webp","contentUrl":"https:\/\/begamer.cz\/wp-content\/uploads\/2026\/01\/namco-museum-archives-volume-2-5.webp","width":300,"height":400},{"@type":"BreadcrumbList","@id":"https:\/\/begamer.cz\/sk\/produkt\/namco-museum-archives-volume-2-sk\/#breadcrumb","itemListElement":[{"@type":"ListItem","position":1,"name":"Domov","item":"https:\/\/begamer.cz\/sk\/"},{"@type":"ListItem","position":2,"name":"Obchod","item":"https:\/\/begamer.cz\/obchod\/"},{"@type":"ListItem","position":3,"name":"Namco Museum Archives Volume 2"}]},{"@type":"WebSite","@id":"https:\/\/begamer.cz\/sk\/#website","url":"https:\/\/begamer.cz\/sk\/","name":"BeGamer.cz","description":"","publisher":{"@id":"https:\/\/begamer.cz\/sk\/#organization"},"potentialAction":[{"@type":"SearchAction","target":{"@type":"EntryPoint","urlTemplate":"https:\/\/begamer.cz\/sk\/?s={search_term_string}"},"query-input":{"@type":"PropertyValueSpecification","valueRequired":true,"valueName":"search_term_string"}}],"inLanguage":"sk-SK"},{"@type":"Organization","@id":"https:\/\/begamer.cz\/sk\/#organization","name":"BeGamer.cz","url":"https:\/\/begamer.cz\/sk\/","logo":{"@type":"ImageObject","inLanguage":"sk-SK","@id":"https:\/\/begamer.cz\/sk\/#\/schema\/logo\/image\/","url":"https:\/\/begamer.cz\/wp-content\/uploads\/2025\/07\/logo.svg","contentUrl":"https:\/\/begamer.cz\/wp-content\/uploads\/2025\/07\/logo.svg","caption":"BeGamer.cz"},"image":{"@id":"https:\/\/begamer.cz\/sk\/#\/schema\/logo\/image\/"}}]}},"acf":[],"_links":{"self":[{"href":"https:\/\/begamer.cz\/sk\/wp-json\/wp\/v2\/product\/94517","targetHints":{"allow":["GET"]}}],"collection":[{"href":"https:\/\/begamer.cz\/sk\/wp-json\/wp\/v2\/product"}],"about":[{"href":"https:\/\/begamer.cz\/sk\/wp-json\/wp\/v2\/types\/product"}],"replies":[{"embeddable":true,"href":"https:\/\/begamer.cz\/sk\/wp-json\/wp\/v2\/comments?post=94517"}],"wp:featuredmedia":[{"embeddable":true,"href":"https:\/\/begamer.cz\/sk\/wp-json\/wp\/v2\/media\/14297"}],"wp:attachment":[{"href":"https:\/\/begamer.cz\/sk\/wp-json\/wp\/v2\/media?parent=94517"}],"wp:term":[{"taxonomy":"product_brand","embeddable":true,"href":"https:\/\/begamer.cz\/sk\/wp-json\/wp\/v2\/product_brand?post=94517"},{"taxonomy":"product_cat","embeddable":true,"href":"https:\/\/begamer.cz\/sk\/wp-json\/wp\/v2\/product_cat?post=94517"},{"taxonomy":"product_tag","embeddable":true,"href":"https:\/\/begamer.cz\/sk\/wp-json\/wp\/v2\/product_tag?post=94517"}],"curies":[{"name":"wp","href":"https:\/\/api.w.org\/{rel}","templated":true}]}}