{"id":94511,"date":"2026-01-30T16:04:31","date_gmt":"2026-01-30T15:04:31","guid":{"rendered":"https:\/\/begamer.cz\/produkt\/mr-driller-drill-land-sk\/"},"modified":"2026-03-18T03:31:19","modified_gmt":"2026-03-18T02:31:19","slug":"mr-driller-drill-land-sk","status":"publish","type":"product","link":"https:\/\/begamer.cz\/sk\/produkt\/mr-driller-drill-land-sk\/","title":{"rendered":"Mr. Driller: Drill Land"},"content":{"rendered":"<p>Japonsk\u00e1 exkluzivita vydan\u00e1 v roku 2002 pre GameCube.<br \/>\nHru bolo mo\u017en\u00e9 prepoji\u0165 s hrou Mr. Driller Ace pre Game Boy Advance, \u010fal\u0161ou japonskou exkluzivitou, a prenies\u0165 tak dom\u00e1ce zvieratk\u00e1 do GameCube a odomkn\u00fa\u0165 power-upy na zak\u00fapenie.<\/p>\n<p>Remastrovan\u00e1 verzia hry bola celosvetovo vydan\u00e1 v roku 2020 na Nintendo Switch a PC.<\/p>\n<p>Mr. Driller: Drill Land je pokra\u010dovan\u00edm hry Mr. Driller. Z\u00e1kladn\u00fd cie\u013e je rovnak\u00fd ako v origin\u00e1li \u2013 hr\u00e1\u010di musia kopa\u0165 zhora nadol s cie\u013eom dosiahnu\u0165 cie\u013eov\u00fa h\u013abku v metroch. Ako kop\u00fa, postupne str\u00e1caj\u00fa vzduch, tak\u017ee musia zbiera\u0165 vzduchov\u00e9 kapsule, aby doplnili vzduch a zabr\u00e1nili strate \u017eivota.<\/p>\n","protected":false},"excerpt":{"rendered":"<p>Mr. Driller: Drill Land je vzru\u0161uj\u00faca logick\u00e1 ak\u010dn\u00e1 hra, v ktorej hr\u00e1\u010di kop\u00fa cez farebn\u00e9 bloky, aby dosiahli cie\u013e. Pou\u017eite svoje zru\u010dnosti a bonusy, aby ste sa vyhli prek\u00e1\u017ekam a nepriate\u013eom a z\u00e1rove\u0148 spravovali z\u00e1sobu vzduchu. R\u00fdchla z\u00e1bava s \u017eiv\u00fdmi vizu\u00e1lmi a n\u00e1ro\u010dn\u00fdmi \u00farov\u0148ami pre v\u0161etky vekov\u00e9 kateg\u00f3rie.<\/p>\n","protected":false},"featured_media":14255,"comment_status":"open","ping_status":"closed","template":"","meta":{"_acf_changed":false},"product_brand":[],"product_cat":[216,179,200,228],"product_tag":[],"class_list":{"0":"post-94511","1":"product","2":"type-product","3":"status-publish","4":"has-post-thumbnail","6":"product_cat-logicke-nintendo-switch-sk","7":"product_cat-nintendo-hry-sk","8":"product_cat-nintendo-switch-sk","9":"product_cat-strategie-nintendo-switch-sk","10":"pa_developer-namco","12":"pa_game_type-main_game","14":"pa_genres-puzzle","16":"pa_genres-strategy","17":"pa_keywords-death","19":"pa_modes-single-player","21":"pa_pegi-943","22":"pa_pegi-13430","23":"pa_platform-nintendo-switch","25":"pa_player_perspectives-side-view","27":"pa_publisher-namco","29":"pa_rating-14548","30":"pa_rating-1753","31":"pa_region-europe","33":"pa_themes-action","36":"first","37":"instock","38":"virtual","39":"taxable","40":"purchasable","41":"product-type-simple"},"yoast_head":"<!-- This site is optimized with the Yoast SEO plugin v27.3 - https:\/\/yoast.com\/product\/yoast-seo-wordpress\/ -->\n<title>Mr. Driller: Drill Land | BeGamer.cz<\/title>\n<meta name=\"robots\" content=\"index, follow, max-snippet:-1, max-image-preview:large, max-video-preview:-1\" \/>\n<link rel=\"canonical\" href=\"https:\/\/begamer.cz\/sk\/produkt\/mr-driller-drill-land-sk\/\" \/>\n<meta property=\"og:locale\" content=\"sk_SK\" \/>\n<meta property=\"og:type\" content=\"article\" \/>\n<meta property=\"og:title\" content=\"Mr. Driller: Drill Land | BeGamer.cz\" \/>\n<meta property=\"og:description\" content=\"Mr. Driller: Drill Land je vzru\u0161uj\u00faca logick\u00e1 ak\u010dn\u00e1 hra, v ktorej hr\u00e1\u010di kop\u00fa cez farebn\u00e9 bloky, aby dosiahli cie\u013e. Pou\u017eite svoje zru\u010dnosti a bonusy, aby ste sa vyhli prek\u00e1\u017ekam a nepriate\u013eom a z\u00e1rove\u0148 spravovali z\u00e1sobu vzduchu. R\u00fdchla z\u00e1bava s \u017eiv\u00fdmi vizu\u00e1lmi a n\u00e1ro\u010dn\u00fdmi \u00farov\u0148ami pre v\u0161etky vekov\u00e9 kateg\u00f3rie.\" \/>\n<meta property=\"og:url\" content=\"https:\/\/begamer.cz\/sk\/produkt\/mr-driller-drill-land-sk\/\" \/>\n<meta property=\"og:site_name\" content=\"BeGamer.cz\" \/>\n<meta property=\"article:modified_time\" content=\"2026-03-18T02:31:19+00:00\" \/>\n<meta property=\"og:image\" content=\"https:\/\/begamer.cz\/wp-content\/uploads\/2026\/01\/mr-driller-drill-land-5.webp\" \/>\n\t<meta property=\"og:image:width\" content=\"300\" \/>\n\t<meta property=\"og:image:height\" content=\"400\" \/>\n\t<meta property=\"og:image:type\" content=\"image\/webp\" \/>\n<meta name=\"twitter:card\" content=\"summary_large_image\" \/>\n<meta name=\"twitter:label1\" content=\"Predpokladan\u00fd \u010das \u010d\u00edtania\" \/>\n\t<meta name=\"twitter:data1\" content=\"1 min\u00fata\" \/>\n<script type=\"application\/ld+json\" class=\"yoast-schema-graph\">{\"@context\":\"https:\\\/\\\/schema.org\",\"@graph\":[{\"@type\":\"WebPage\",\"@id\":\"https:\\\/\\\/begamer.cz\\\/sk\\\/produkt\\\/mr-driller-drill-land-sk\\\/\",\"url\":\"https:\\\/\\\/begamer.cz\\\/sk\\\/produkt\\\/mr-driller-drill-land-sk\\\/\",\"name\":\"Mr. Driller: Drill Land | BeGamer.cz\",\"isPartOf\":{\"@id\":\"https:\\\/\\\/begamer.cz\\\/sk\\\/#website\"},\"primaryImageOfPage\":{\"@id\":\"https:\\\/\\\/begamer.cz\\\/sk\\\/produkt\\\/mr-driller-drill-land-sk\\\/#primaryimage\"},\"image\":{\"@id\":\"https:\\\/\\\/begamer.cz\\\/sk\\\/produkt\\\/mr-driller-drill-land-sk\\\/#primaryimage\"},\"thumbnailUrl\":\"https:\\\/\\\/begamer.cz\\\/wp-content\\\/uploads\\\/2026\\\/01\\\/mr-driller-drill-land-5.webp\",\"datePublished\":\"2026-01-30T15:04:31+00:00\",\"dateModified\":\"2026-03-18T02:31:19+00:00\",\"breadcrumb\":{\"@id\":\"https:\\\/\\\/begamer.cz\\\/sk\\\/produkt\\\/mr-driller-drill-land-sk\\\/#breadcrumb\"},\"inLanguage\":\"sk-SK\",\"potentialAction\":[{\"@type\":\"ReadAction\",\"target\":[\"https:\\\/\\\/begamer.cz\\\/sk\\\/produkt\\\/mr-driller-drill-land-sk\\\/\"]}]},{\"@type\":\"ImageObject\",\"inLanguage\":\"sk-SK\",\"@id\":\"https:\\\/\\\/begamer.cz\\\/sk\\\/produkt\\\/mr-driller-drill-land-sk\\\/#primaryimage\",\"url\":\"https:\\\/\\\/begamer.cz\\\/wp-content\\\/uploads\\\/2026\\\/01\\\/mr-driller-drill-land-5.webp\",\"contentUrl\":\"https:\\\/\\\/begamer.cz\\\/wp-content\\\/uploads\\\/2026\\\/01\\\/mr-driller-drill-land-5.webp\",\"width\":300,\"height\":400},{\"@type\":\"BreadcrumbList\",\"@id\":\"https:\\\/\\\/begamer.cz\\\/sk\\\/produkt\\\/mr-driller-drill-land-sk\\\/#breadcrumb\",\"itemListElement\":[{\"@type\":\"ListItem\",\"position\":1,\"name\":\"Domov\",\"item\":\"https:\\\/\\\/begamer.cz\\\/sk\\\/\"},{\"@type\":\"ListItem\",\"position\":2,\"name\":\"Obchod\",\"item\":\"https:\\\/\\\/begamer.cz\\\/obchod\\\/\"},{\"@type\":\"ListItem\",\"position\":3,\"name\":\"Mr. Driller: Drill Land\"}]},{\"@type\":\"WebSite\",\"@id\":\"https:\\\/\\\/begamer.cz\\\/sk\\\/#website\",\"url\":\"https:\\\/\\\/begamer.cz\\\/sk\\\/\",\"name\":\"BeGamer.cz\",\"description\":\"\",\"publisher\":{\"@id\":\"https:\\\/\\\/begamer.cz\\\/sk\\\/#organization\"},\"potentialAction\":[{\"@type\":\"SearchAction\",\"target\":{\"@type\":\"EntryPoint\",\"urlTemplate\":\"https:\\\/\\\/begamer.cz\\\/sk\\\/?s={search_term_string}\"},\"query-input\":{\"@type\":\"PropertyValueSpecification\",\"valueRequired\":true,\"valueName\":\"search_term_string\"}}],\"inLanguage\":\"sk-SK\"},{\"@type\":\"Organization\",\"@id\":\"https:\\\/\\\/begamer.cz\\\/sk\\\/#organization\",\"name\":\"BeGamer.cz\",\"url\":\"https:\\\/\\\/begamer.cz\\\/sk\\\/\",\"logo\":{\"@type\":\"ImageObject\",\"inLanguage\":\"sk-SK\",\"@id\":\"https:\\\/\\\/begamer.cz\\\/sk\\\/#\\\/schema\\\/logo\\\/image\\\/\",\"url\":\"https:\\\/\\\/begamer.cz\\\/wp-content\\\/uploads\\\/2025\\\/07\\\/logo.svg\",\"contentUrl\":\"https:\\\/\\\/begamer.cz\\\/wp-content\\\/uploads\\\/2025\\\/07\\\/logo.svg\",\"caption\":\"BeGamer.cz\"},\"image\":{\"@id\":\"https:\\\/\\\/begamer.cz\\\/sk\\\/#\\\/schema\\\/logo\\\/image\\\/\"}}]}<\/script>\n<!-- \/ Yoast SEO plugin. -->","yoast_head_json":{"title":"Mr. Driller: Drill Land | BeGamer.cz","robots":{"index":"index","follow":"follow","max-snippet":"max-snippet:-1","max-image-preview":"max-image-preview:large","max-video-preview":"max-video-preview:-1"},"canonical":"https:\/\/begamer.cz\/sk\/produkt\/mr-driller-drill-land-sk\/","og_locale":"sk_SK","og_type":"article","og_title":"Mr. Driller: Drill Land | BeGamer.cz","og_description":"Mr. Driller: Drill Land je vzru\u0161uj\u00faca logick\u00e1 ak\u010dn\u00e1 hra, v ktorej hr\u00e1\u010di kop\u00fa cez farebn\u00e9 bloky, aby dosiahli cie\u013e. Pou\u017eite svoje zru\u010dnosti a bonusy, aby ste sa vyhli prek\u00e1\u017ekam a nepriate\u013eom a z\u00e1rove\u0148 spravovali z\u00e1sobu vzduchu. R\u00fdchla z\u00e1bava s \u017eiv\u00fdmi vizu\u00e1lmi a n\u00e1ro\u010dn\u00fdmi \u00farov\u0148ami pre v\u0161etky vekov\u00e9 kateg\u00f3rie.","og_url":"https:\/\/begamer.cz\/sk\/produkt\/mr-driller-drill-land-sk\/","og_site_name":"BeGamer.cz","article_modified_time":"2026-03-18T02:31:19+00:00","og_image":[{"width":300,"height":400,"url":"https:\/\/begamer.cz\/wp-content\/uploads\/2026\/01\/mr-driller-drill-land-5.webp","type":"image\/webp"}],"twitter_card":"summary_large_image","twitter_misc":{"Predpokladan\u00fd \u010das \u010d\u00edtania":"1 min\u00fata"},"schema":{"@context":"https:\/\/schema.org","@graph":[{"@type":"WebPage","@id":"https:\/\/begamer.cz\/sk\/produkt\/mr-driller-drill-land-sk\/","url":"https:\/\/begamer.cz\/sk\/produkt\/mr-driller-drill-land-sk\/","name":"Mr. Driller: Drill Land | BeGamer.cz","isPartOf":{"@id":"https:\/\/begamer.cz\/sk\/#website"},"primaryImageOfPage":{"@id":"https:\/\/begamer.cz\/sk\/produkt\/mr-driller-drill-land-sk\/#primaryimage"},"image":{"@id":"https:\/\/begamer.cz\/sk\/produkt\/mr-driller-drill-land-sk\/#primaryimage"},"thumbnailUrl":"https:\/\/begamer.cz\/wp-content\/uploads\/2026\/01\/mr-driller-drill-land-5.webp","datePublished":"2026-01-30T15:04:31+00:00","dateModified":"2026-03-18T02:31:19+00:00","breadcrumb":{"@id":"https:\/\/begamer.cz\/sk\/produkt\/mr-driller-drill-land-sk\/#breadcrumb"},"inLanguage":"sk-SK","potentialAction":[{"@type":"ReadAction","target":["https:\/\/begamer.cz\/sk\/produkt\/mr-driller-drill-land-sk\/"]}]},{"@type":"ImageObject","inLanguage":"sk-SK","@id":"https:\/\/begamer.cz\/sk\/produkt\/mr-driller-drill-land-sk\/#primaryimage","url":"https:\/\/begamer.cz\/wp-content\/uploads\/2026\/01\/mr-driller-drill-land-5.webp","contentUrl":"https:\/\/begamer.cz\/wp-content\/uploads\/2026\/01\/mr-driller-drill-land-5.webp","width":300,"height":400},{"@type":"BreadcrumbList","@id":"https:\/\/begamer.cz\/sk\/produkt\/mr-driller-drill-land-sk\/#breadcrumb","itemListElement":[{"@type":"ListItem","position":1,"name":"Domov","item":"https:\/\/begamer.cz\/sk\/"},{"@type":"ListItem","position":2,"name":"Obchod","item":"https:\/\/begamer.cz\/obchod\/"},{"@type":"ListItem","position":3,"name":"Mr. Driller: Drill Land"}]},{"@type":"WebSite","@id":"https:\/\/begamer.cz\/sk\/#website","url":"https:\/\/begamer.cz\/sk\/","name":"BeGamer.cz","description":"","publisher":{"@id":"https:\/\/begamer.cz\/sk\/#organization"},"potentialAction":[{"@type":"SearchAction","target":{"@type":"EntryPoint","urlTemplate":"https:\/\/begamer.cz\/sk\/?s={search_term_string}"},"query-input":{"@type":"PropertyValueSpecification","valueRequired":true,"valueName":"search_term_string"}}],"inLanguage":"sk-SK"},{"@type":"Organization","@id":"https:\/\/begamer.cz\/sk\/#organization","name":"BeGamer.cz","url":"https:\/\/begamer.cz\/sk\/","logo":{"@type":"ImageObject","inLanguage":"sk-SK","@id":"https:\/\/begamer.cz\/sk\/#\/schema\/logo\/image\/","url":"https:\/\/begamer.cz\/wp-content\/uploads\/2025\/07\/logo.svg","contentUrl":"https:\/\/begamer.cz\/wp-content\/uploads\/2025\/07\/logo.svg","caption":"BeGamer.cz"},"image":{"@id":"https:\/\/begamer.cz\/sk\/#\/schema\/logo\/image\/"}}]}},"acf":[],"_links":{"self":[{"href":"https:\/\/begamer.cz\/sk\/wp-json\/wp\/v2\/product\/94511","targetHints":{"allow":["GET"]}}],"collection":[{"href":"https:\/\/begamer.cz\/sk\/wp-json\/wp\/v2\/product"}],"about":[{"href":"https:\/\/begamer.cz\/sk\/wp-json\/wp\/v2\/types\/product"}],"replies":[{"embeddable":true,"href":"https:\/\/begamer.cz\/sk\/wp-json\/wp\/v2\/comments?post=94511"}],"wp:featuredmedia":[{"embeddable":true,"href":"https:\/\/begamer.cz\/sk\/wp-json\/wp\/v2\/media\/14255"}],"wp:attachment":[{"href":"https:\/\/begamer.cz\/sk\/wp-json\/wp\/v2\/media?parent=94511"}],"wp:term":[{"taxonomy":"product_brand","embeddable":true,"href":"https:\/\/begamer.cz\/sk\/wp-json\/wp\/v2\/product_brand?post=94511"},{"taxonomy":"product_cat","embeddable":true,"href":"https:\/\/begamer.cz\/sk\/wp-json\/wp\/v2\/product_cat?post=94511"},{"taxonomy":"product_tag","embeddable":true,"href":"https:\/\/begamer.cz\/sk\/wp-json\/wp\/v2\/product_tag?post=94511"}],"curies":[{"name":"wp","href":"https:\/\/api.w.org\/{rel}","templated":true}]}}