{"id":94451,"date":"2026-01-30T16:03:32","date_gmt":"2026-01-30T15:03:32","guid":{"rendered":"https:\/\/begamer.cz\/produkt\/assassins-creed-odyssey-legacy-of-the-first-blade-sk\/"},"modified":"2026-03-18T03:27:33","modified_gmt":"2026-03-18T02:27:33","slug":"assassins-creed-odyssey-legacy-of-the-first-blade-sk","status":"publish","type":"product","link":"https:\/\/begamer.cz\/sk\/produkt\/assassins-creed-odyssey-legacy-of-the-first-blade-sk\/","title":{"rendered":"Assassin\u2019s Creed Odyssey: Legacy of the First Blade"},"content":{"rendered":"<p>Bojujte po boku legendy, ktor\u00e1 ako prv\u00e1 pou\u017eila skryt\u00fa \u010depe\u013e, a zmenite priebeh hist\u00f3rie, pri\u010dom zist\u00edte, pre\u010do sa Assassini rozhodli bojova\u0165 v tieni. Legacy of the First Blade obsahuje 3 nov\u00e9 epizodick\u00e9 pr\u00edbehy! Hr\u00e1\u010di sa m\u00f4\u017eu ponori\u0165 do nov\u00fdch epiz\u00f3d hne\u010f po ich premi\u00e9re alebo za\u017ei\u0165 epick\u00e9 dobrodru\u017estv\u00e1 v celom rozsahu, akon\u00e1hle bud\u00fa k dispoz\u00edcii v\u0161etky epiz\u00f3dy.<\/p>\n","protected":false},"excerpt":{"rendered":"<p>Bojujte po boku legendy, ktor\u00e1 ako prv\u00e1 pou\u017eila skryt\u00fa \u010depe\u013e, a zmenite chod dej\u00edn, pri\u010dom zist\u00edte, pre\u010do sa Assass\u00edni rozhodli bojova\u0165 v tieni.<\/p>\n","protected":false},"featured_media":13762,"comment_status":"open","ping_status":"closed","template":"","meta":{"_acf_changed":false},"product_brand":[],"product_cat":[420,423,398,400],"product_tag":[],"class_list":{"0":"post-94451","1":"product","2":"type-product","3":"status-publish","4":"has-post-thumbnail","6":"product_cat-akcne-xbox-one","7":"product_cat-dobrodruzne-xbox-one-sk","8":"product_cat-xbox-hry-sk","9":"product_cat-xbox-one-sk","10":"pa_audio-de-de","11":"pa_audio-en-us","12":"pa_audio-es-es","13":"pa_audio-fr-fr","14":"pa_audio-it-it","15":"pa_audio-ja-jp","16":"pa_audio-pt-br","17":"pa_audio-ru-ru","19":"pa_developer-ubisoft-quebec","21":"pa_franchises-assassins-creed","23":"pa_game_type-expansion","25":"pa_genres-adventure","27":"pa_interface-ar","28":"pa_interface-cs-cz","29":"pa_interface-de-de","30":"pa_interface-en-us","31":"pa_interface-es-es","32":"pa_interface-fr-fr","33":"pa_interface-it-it","34":"pa_interface-ja-jp","35":"pa_interface-ko-kr","36":"pa_interface-nl-nl","38":"pa_interface-pl-pl","39":"pa_interface-pt-br","40":"pa_interface-ru-ru","41":"pa_interface-zh-cn","42":"pa_interface-zh-tw","43":"pa_keywords-ancient-greece","44":"pa_keywords-assassin","46":"pa_modes-single-player","48":"pa_pegi-794","49":"pa_pegi-13426","50":"pa_platform-xbox-one","52":"pa_player_perspectives-third-person","54":"pa_publisher-ubisoft-entertainment","56":"pa_rating-14491","57":"pa_rating-1271","58":"pa_region-europe","60":"pa_subtitles-ar","61":"pa_subtitles-cs-cz","62":"pa_subtitles-de-de","63":"pa_subtitles-en-us","64":"pa_subtitles-es-es","65":"pa_subtitles-fr-fr","66":"pa_subtitles-it-it","67":"pa_subtitles-ja-jp","68":"pa_subtitles-ko-kr","69":"pa_subtitles-nl-nl","71":"pa_subtitles-pl-pl","72":"pa_subtitles-pt-br","73":"pa_subtitles-ru-ru","74":"pa_subtitles-zh-cn","75":"pa_subtitles-zh-tw","76":"pa_themes-action","77":"pa_themes-historical","80":"first","81":"outofstock","82":"virtual","83":"taxable","84":"purchasable","85":"product-type-simple"},"yoast_head":"<!-- This site is optimized with the Yoast SEO plugin v27.3 - https:\/\/yoast.com\/product\/yoast-seo-wordpress\/ -->\n<title>Assassin&#039;s Creed Odyssey: Legacy of the First Blade | BeGamer.cz<\/title>\n<meta name=\"robots\" content=\"index, follow, max-snippet:-1, max-image-preview:large, max-video-preview:-1\" \/>\n<link rel=\"canonical\" href=\"https:\/\/begamer.cz\/sk\/produkt\/assassins-creed-odyssey-legacy-of-the-first-blade-sk\/\" \/>\n<meta property=\"og:locale\" content=\"sk_SK\" \/>\n<meta property=\"og:type\" content=\"article\" \/>\n<meta property=\"og:title\" content=\"Assassin&#039;s Creed Odyssey: Legacy of the First Blade | BeGamer.cz\" \/>\n<meta property=\"og:description\" content=\"Bojujte po boku legendy, ktor\u00e1 ako prv\u00e1 pou\u017eila skryt\u00fa \u010depe\u013e, a zmenite chod dej\u00edn, pri\u010dom zist\u00edte, pre\u010do sa Assass\u00edni rozhodli bojova\u0165 v tieni.\" \/>\n<meta property=\"og:url\" content=\"https:\/\/begamer.cz\/sk\/produkt\/assassins-creed-odyssey-legacy-of-the-first-blade-sk\/\" \/>\n<meta property=\"og:site_name\" content=\"BeGamer.cz\" \/>\n<meta property=\"article:modified_time\" content=\"2026-03-18T02:27:33+00:00\" \/>\n<meta property=\"og:image\" content=\"https:\/\/begamer.cz\/wp-content\/uploads\/2026\/01\/assassins-creed-odyssey-legacy-of-the-first-blade-7.webp\" \/>\n\t<meta property=\"og:image:width\" content=\"300\" \/>\n\t<meta property=\"og:image:height\" content=\"400\" \/>\n\t<meta property=\"og:image:type\" content=\"image\/webp\" \/>\n<meta name=\"twitter:card\" content=\"summary_large_image\" \/>\n<script type=\"application\/ld+json\" class=\"yoast-schema-graph\">{\"@context\":\"https:\\\/\\\/schema.org\",\"@graph\":[{\"@type\":\"WebPage\",\"@id\":\"https:\\\/\\\/begamer.cz\\\/sk\\\/produkt\\\/assassins-creed-odyssey-legacy-of-the-first-blade-sk\\\/\",\"url\":\"https:\\\/\\\/begamer.cz\\\/sk\\\/produkt\\\/assassins-creed-odyssey-legacy-of-the-first-blade-sk\\\/\",\"name\":\"Assassin's Creed Odyssey: Legacy of the First Blade | BeGamer.cz\",\"isPartOf\":{\"@id\":\"https:\\\/\\\/begamer.cz\\\/sk\\\/#website\"},\"primaryImageOfPage\":{\"@id\":\"https:\\\/\\\/begamer.cz\\\/sk\\\/produkt\\\/assassins-creed-odyssey-legacy-of-the-first-blade-sk\\\/#primaryimage\"},\"image\":{\"@id\":\"https:\\\/\\\/begamer.cz\\\/sk\\\/produkt\\\/assassins-creed-odyssey-legacy-of-the-first-blade-sk\\\/#primaryimage\"},\"thumbnailUrl\":\"https:\\\/\\\/begamer.cz\\\/wp-content\\\/uploads\\\/2026\\\/01\\\/assassins-creed-odyssey-legacy-of-the-first-blade-7.webp\",\"datePublished\":\"2026-01-30T15:03:32+00:00\",\"dateModified\":\"2026-03-18T02:27:33+00:00\",\"breadcrumb\":{\"@id\":\"https:\\\/\\\/begamer.cz\\\/sk\\\/produkt\\\/assassins-creed-odyssey-legacy-of-the-first-blade-sk\\\/#breadcrumb\"},\"inLanguage\":\"sk-SK\",\"potentialAction\":[{\"@type\":\"ReadAction\",\"target\":[\"https:\\\/\\\/begamer.cz\\\/sk\\\/produkt\\\/assassins-creed-odyssey-legacy-of-the-first-blade-sk\\\/\"]}]},{\"@type\":\"ImageObject\",\"inLanguage\":\"sk-SK\",\"@id\":\"https:\\\/\\\/begamer.cz\\\/sk\\\/produkt\\\/assassins-creed-odyssey-legacy-of-the-first-blade-sk\\\/#primaryimage\",\"url\":\"https:\\\/\\\/begamer.cz\\\/wp-content\\\/uploads\\\/2026\\\/01\\\/assassins-creed-odyssey-legacy-of-the-first-blade-7.webp\",\"contentUrl\":\"https:\\\/\\\/begamer.cz\\\/wp-content\\\/uploads\\\/2026\\\/01\\\/assassins-creed-odyssey-legacy-of-the-first-blade-7.webp\",\"width\":300,\"height\":400},{\"@type\":\"BreadcrumbList\",\"@id\":\"https:\\\/\\\/begamer.cz\\\/sk\\\/produkt\\\/assassins-creed-odyssey-legacy-of-the-first-blade-sk\\\/#breadcrumb\",\"itemListElement\":[{\"@type\":\"ListItem\",\"position\":1,\"name\":\"Domov\",\"item\":\"https:\\\/\\\/begamer.cz\\\/sk\\\/\"},{\"@type\":\"ListItem\",\"position\":2,\"name\":\"Obchod\",\"item\":\"https:\\\/\\\/begamer.cz\\\/obchod\\\/\"},{\"@type\":\"ListItem\",\"position\":3,\"name\":\"Assassin&#8217;s Creed Odyssey: Legacy of the First Blade\"}]},{\"@type\":\"WebSite\",\"@id\":\"https:\\\/\\\/begamer.cz\\\/sk\\\/#website\",\"url\":\"https:\\\/\\\/begamer.cz\\\/sk\\\/\",\"name\":\"BeGamer.cz\",\"description\":\"\",\"publisher\":{\"@id\":\"https:\\\/\\\/begamer.cz\\\/sk\\\/#organization\"},\"potentialAction\":[{\"@type\":\"SearchAction\",\"target\":{\"@type\":\"EntryPoint\",\"urlTemplate\":\"https:\\\/\\\/begamer.cz\\\/sk\\\/?s={search_term_string}\"},\"query-input\":{\"@type\":\"PropertyValueSpecification\",\"valueRequired\":true,\"valueName\":\"search_term_string\"}}],\"inLanguage\":\"sk-SK\"},{\"@type\":\"Organization\",\"@id\":\"https:\\\/\\\/begamer.cz\\\/sk\\\/#organization\",\"name\":\"BeGamer.cz\",\"url\":\"https:\\\/\\\/begamer.cz\\\/sk\\\/\",\"logo\":{\"@type\":\"ImageObject\",\"inLanguage\":\"sk-SK\",\"@id\":\"https:\\\/\\\/begamer.cz\\\/sk\\\/#\\\/schema\\\/logo\\\/image\\\/\",\"url\":\"https:\\\/\\\/begamer.cz\\\/wp-content\\\/uploads\\\/2025\\\/07\\\/logo.svg\",\"contentUrl\":\"https:\\\/\\\/begamer.cz\\\/wp-content\\\/uploads\\\/2025\\\/07\\\/logo.svg\",\"caption\":\"BeGamer.cz\"},\"image\":{\"@id\":\"https:\\\/\\\/begamer.cz\\\/sk\\\/#\\\/schema\\\/logo\\\/image\\\/\"}}]}<\/script>\n<!-- \/ Yoast SEO plugin. -->","yoast_head_json":{"title":"Assassin's Creed Odyssey: Legacy of the First Blade | BeGamer.cz","robots":{"index":"index","follow":"follow","max-snippet":"max-snippet:-1","max-image-preview":"max-image-preview:large","max-video-preview":"max-video-preview:-1"},"canonical":"https:\/\/begamer.cz\/sk\/produkt\/assassins-creed-odyssey-legacy-of-the-first-blade-sk\/","og_locale":"sk_SK","og_type":"article","og_title":"Assassin's Creed Odyssey: Legacy of the First Blade | BeGamer.cz","og_description":"Bojujte po boku legendy, ktor\u00e1 ako prv\u00e1 pou\u017eila skryt\u00fa \u010depe\u013e, a zmenite chod dej\u00edn, pri\u010dom zist\u00edte, pre\u010do sa Assass\u00edni rozhodli bojova\u0165 v tieni.","og_url":"https:\/\/begamer.cz\/sk\/produkt\/assassins-creed-odyssey-legacy-of-the-first-blade-sk\/","og_site_name":"BeGamer.cz","article_modified_time":"2026-03-18T02:27:33+00:00","og_image":[{"width":300,"height":400,"url":"https:\/\/begamer.cz\/wp-content\/uploads\/2026\/01\/assassins-creed-odyssey-legacy-of-the-first-blade-7.webp","type":"image\/webp"}],"twitter_card":"summary_large_image","schema":{"@context":"https:\/\/schema.org","@graph":[{"@type":"WebPage","@id":"https:\/\/begamer.cz\/sk\/produkt\/assassins-creed-odyssey-legacy-of-the-first-blade-sk\/","url":"https:\/\/begamer.cz\/sk\/produkt\/assassins-creed-odyssey-legacy-of-the-first-blade-sk\/","name":"Assassin's Creed Odyssey: Legacy of the First Blade | BeGamer.cz","isPartOf":{"@id":"https:\/\/begamer.cz\/sk\/#website"},"primaryImageOfPage":{"@id":"https:\/\/begamer.cz\/sk\/produkt\/assassins-creed-odyssey-legacy-of-the-first-blade-sk\/#primaryimage"},"image":{"@id":"https:\/\/begamer.cz\/sk\/produkt\/assassins-creed-odyssey-legacy-of-the-first-blade-sk\/#primaryimage"},"thumbnailUrl":"https:\/\/begamer.cz\/wp-content\/uploads\/2026\/01\/assassins-creed-odyssey-legacy-of-the-first-blade-7.webp","datePublished":"2026-01-30T15:03:32+00:00","dateModified":"2026-03-18T02:27:33+00:00","breadcrumb":{"@id":"https:\/\/begamer.cz\/sk\/produkt\/assassins-creed-odyssey-legacy-of-the-first-blade-sk\/#breadcrumb"},"inLanguage":"sk-SK","potentialAction":[{"@type":"ReadAction","target":["https:\/\/begamer.cz\/sk\/produkt\/assassins-creed-odyssey-legacy-of-the-first-blade-sk\/"]}]},{"@type":"ImageObject","inLanguage":"sk-SK","@id":"https:\/\/begamer.cz\/sk\/produkt\/assassins-creed-odyssey-legacy-of-the-first-blade-sk\/#primaryimage","url":"https:\/\/begamer.cz\/wp-content\/uploads\/2026\/01\/assassins-creed-odyssey-legacy-of-the-first-blade-7.webp","contentUrl":"https:\/\/begamer.cz\/wp-content\/uploads\/2026\/01\/assassins-creed-odyssey-legacy-of-the-first-blade-7.webp","width":300,"height":400},{"@type":"BreadcrumbList","@id":"https:\/\/begamer.cz\/sk\/produkt\/assassins-creed-odyssey-legacy-of-the-first-blade-sk\/#breadcrumb","itemListElement":[{"@type":"ListItem","position":1,"name":"Domov","item":"https:\/\/begamer.cz\/sk\/"},{"@type":"ListItem","position":2,"name":"Obchod","item":"https:\/\/begamer.cz\/obchod\/"},{"@type":"ListItem","position":3,"name":"Assassin&#8217;s Creed Odyssey: Legacy of the First Blade"}]},{"@type":"WebSite","@id":"https:\/\/begamer.cz\/sk\/#website","url":"https:\/\/begamer.cz\/sk\/","name":"BeGamer.cz","description":"","publisher":{"@id":"https:\/\/begamer.cz\/sk\/#organization"},"potentialAction":[{"@type":"SearchAction","target":{"@type":"EntryPoint","urlTemplate":"https:\/\/begamer.cz\/sk\/?s={search_term_string}"},"query-input":{"@type":"PropertyValueSpecification","valueRequired":true,"valueName":"search_term_string"}}],"inLanguage":"sk-SK"},{"@type":"Organization","@id":"https:\/\/begamer.cz\/sk\/#organization","name":"BeGamer.cz","url":"https:\/\/begamer.cz\/sk\/","logo":{"@type":"ImageObject","inLanguage":"sk-SK","@id":"https:\/\/begamer.cz\/sk\/#\/schema\/logo\/image\/","url":"https:\/\/begamer.cz\/wp-content\/uploads\/2025\/07\/logo.svg","contentUrl":"https:\/\/begamer.cz\/wp-content\/uploads\/2025\/07\/logo.svg","caption":"BeGamer.cz"},"image":{"@id":"https:\/\/begamer.cz\/sk\/#\/schema\/logo\/image\/"}}]}},"acf":[],"_links":{"self":[{"href":"https:\/\/begamer.cz\/sk\/wp-json\/wp\/v2\/product\/94451","targetHints":{"allow":["GET"]}}],"collection":[{"href":"https:\/\/begamer.cz\/sk\/wp-json\/wp\/v2\/product"}],"about":[{"href":"https:\/\/begamer.cz\/sk\/wp-json\/wp\/v2\/types\/product"}],"replies":[{"embeddable":true,"href":"https:\/\/begamer.cz\/sk\/wp-json\/wp\/v2\/comments?post=94451"}],"wp:featuredmedia":[{"embeddable":true,"href":"https:\/\/begamer.cz\/sk\/wp-json\/wp\/v2\/media\/13762"}],"wp:attachment":[{"href":"https:\/\/begamer.cz\/sk\/wp-json\/wp\/v2\/media?parent=94451"}],"wp:term":[{"taxonomy":"product_brand","embeddable":true,"href":"https:\/\/begamer.cz\/sk\/wp-json\/wp\/v2\/product_brand?post=94451"},{"taxonomy":"product_cat","embeddable":true,"href":"https:\/\/begamer.cz\/sk\/wp-json\/wp\/v2\/product_cat?post=94451"},{"taxonomy":"product_tag","embeddable":true,"href":"https:\/\/begamer.cz\/sk\/wp-json\/wp\/v2\/product_tag?post=94451"}],"curies":[{"name":"wp","href":"https:\/\/api.w.org\/{rel}","templated":true}]}}