{"id":94382,"date":"2026-01-30T16:02:36","date_gmt":"2026-01-30T15:02:36","guid":{"rendered":"https:\/\/begamer.cz\/produkt\/assassins-creed-odyssey-the-fate-of-atlantis-sk\/"},"modified":"2026-03-18T03:24:54","modified_gmt":"2026-03-18T02:24:54","slug":"assassins-creed-odyssey-the-fate-of-atlantis-sk","status":"publish","type":"product","link":"https:\/\/begamer.cz\/sk\/produkt\/assassins-creed-odyssey-the-fate-of-atlantis-sk\/","title":{"rendered":"Assassin\u2019s Creed Odyssey: The Fate of Atlantis"},"content":{"rendered":"<p>V druhom DLC, The Fate of Atlantis, sa vydajte do b\u00e1jnych r\u00ed\u0161 gr\u00e9ckej mytol\u00f3gie, aby ste objavili skuto\u010dn\u00fa silu svojho hrdinu a odhalili tajomstv\u00e1 Prvej civiliz\u00e1cie.<\/p>\n<p>Presk\u00famajte tri nov\u00e9 svety z gr\u00e9ckej mytol\u00f3gie: Elysium, Podsvetie a Atlantis!<\/p>\n<p>\u010celite legend\u00e1rnym sk\u00fa\u0161kam a stretnite sa s bohmi, vr\u00e1tane Persefony, H\u00e1da, Poseid\u00f3na a \u010fal\u0161\u00edch!<\/p>\n<p>Preniknite hlb\u0161ie do sveta Assassin&#x27;s Creed a odha\u013ete tajomn\u00fa silu Prvej civiliz\u00e1cie.<\/p>\n<p>Upgradujte na sez\u00f3nny l\u00edstok a z\u00edskajte obe epizodick\u00e9 DLC pr\u00edbehy PLUS Assassin&#x27;s Creed\u00ae III Remastered a Assassin&#x27;s Creed\u00ae III Liberation Remastered!<\/p>\n","protected":false},"excerpt":{"rendered":"<p>V druhom DLC, The Fate of Atlantis, sa vydajte do b\u00e1jnych r\u00ed\u0161 gr\u00e9ckej mytol\u00f3gie, aby ste objavili skuto\u010dn\u00fa silu svojho hrdinu a odhalili tajomstv\u00e1 Prvej civiliz\u00e1cie.<\/p>\n","protected":false},"featured_media":13330,"comment_status":"open","ping_status":"closed","template":"","meta":{"_acf_changed":false},"product_brand":[],"product_cat":[423,431,398,400],"product_tag":[],"class_list":{"0":"post-94382","1":"product","2":"type-product","3":"status-publish","4":"has-post-thumbnail","6":"product_cat-dobrodruzne-xbox-one-sk","7":"product_cat-rpg-xbox-one-sk","8":"product_cat-xbox-hry-sk","9":"product_cat-xbox-one-sk","10":"pa_audio-de-de","11":"pa_audio-en-us","12":"pa_audio-es-es","13":"pa_audio-fr-fr","14":"pa_audio-it-it","15":"pa_audio-ja-jp","16":"pa_audio-pt-br","17":"pa_audio-ru-ru","19":"pa_countries-at","20":"pa_countries-be","21":"pa_countries-bg","22":"pa_countries-cy","23":"pa_countries-cz","25":"pa_countries-de","26":"pa_countries-dk","27":"pa_countries-ee","28":"pa_countries-es","29":"pa_countries-fi","30":"pa_countries-fr","31":"pa_countries-gr","32":"pa_countries-hu","33":"pa_countries-ie","34":"pa_countries-it","35":"pa_countries-lt","36":"pa_countries-lu","37":"pa_countries-lv","38":"pa_countries-mt","39":"pa_countries-nl","40":"pa_countries-pl","41":"pa_countries-pt","42":"pa_countries-ro","43":"pa_countries-se","44":"pa_countries-si","45":"pa_countries-sk","46":"pa_developer-ubisoft-quebec","48":"pa_franchises-assassins-creed","50":"pa_game_type-dlc","52":"pa_genres-adventure","53":"pa_genres-role-playing-rpg","55":"pa_interface-ar","56":"pa_interface-cs-cz","57":"pa_interface-de-de","58":"pa_interface-en-us","59":"pa_interface-es-es","60":"pa_interface-fr-fr","61":"pa_interface-it-it","62":"pa_interface-ja-jp","63":"pa_interface-ko-kr","64":"pa_interface-nl-nl","66":"pa_interface-pl-pl","67":"pa_interface-pt-br","68":"pa_interface-ru-ru","69":"pa_interface-zh-cn","70":"pa_interface-zh-tw","71":"pa_keywords-ancient-greece","72":"pa_keywords-atlantis","73":"pa_modes-single-player","75":"pa_pegi-13426","76":"pa_pegi-794","77":"pa_platform-xbox-one","79":"pa_player_perspectives-third-person","81":"pa_publisher-ubisoft-entertainment","83":"pa_rating-773","84":"pa_rating-14441","85":"pa_region-europe","87":"pa_subtitles-ar","88":"pa_subtitles-cs-cz","89":"pa_subtitles-de-de","90":"pa_subtitles-en-us","91":"pa_subtitles-es-es","92":"pa_subtitles-fr-fr","93":"pa_subtitles-it-it","94":"pa_subtitles-ja-jp","95":"pa_subtitles-ko-kr","96":"pa_subtitles-nl-nl","98":"pa_subtitles-pl-pl","99":"pa_subtitles-pt-br","100":"pa_subtitles-ru-ru","101":"pa_subtitles-zh-cn","102":"pa_subtitles-zh-tw","103":"pa_themes-action","104":"pa_themes-historical","107":"first","108":"outofstock","109":"virtual","110":"taxable","111":"purchasable","112":"product-type-simple"},"yoast_head":"<!-- This site is optimized with the Yoast SEO plugin v27.3 - https:\/\/yoast.com\/product\/yoast-seo-wordpress\/ -->\n<title>Assassin&#039;s Creed Odyssey: The Fate of Atlantis | BeGamer.cz<\/title>\n<meta name=\"robots\" content=\"index, follow, max-snippet:-1, max-image-preview:large, max-video-preview:-1\" \/>\n<link rel=\"canonical\" href=\"https:\/\/begamer.cz\/sk\/produkt\/assassins-creed-odyssey-the-fate-of-atlantis-sk\/\" \/>\n<meta property=\"og:locale\" content=\"sk_SK\" \/>\n<meta property=\"og:type\" content=\"article\" \/>\n<meta property=\"og:title\" content=\"Assassin&#039;s Creed Odyssey: The Fate of Atlantis | BeGamer.cz\" \/>\n<meta property=\"og:description\" content=\"V druhom DLC, The Fate of Atlantis, sa vydajte do b\u00e1jnych r\u00ed\u0161 gr\u00e9ckej mytol\u00f3gie, aby ste objavili skuto\u010dn\u00fa silu svojho hrdinu a odhalili tajomstv\u00e1 Prvej civiliz\u00e1cie.\" \/>\n<meta property=\"og:url\" content=\"https:\/\/begamer.cz\/sk\/produkt\/assassins-creed-odyssey-the-fate-of-atlantis-sk\/\" \/>\n<meta property=\"og:site_name\" content=\"BeGamer.cz\" \/>\n<meta property=\"article:modified_time\" content=\"2026-03-18T02:24:54+00:00\" \/>\n<meta property=\"og:image\" content=\"https:\/\/begamer.cz\/wp-content\/uploads\/2026\/01\/assassins-creed-odyssey-the-fate-of-atlantis-8.webp\" \/>\n\t<meta property=\"og:image:width\" content=\"300\" \/>\n\t<meta property=\"og:image:height\" content=\"400\" \/>\n\t<meta property=\"og:image:type\" content=\"image\/webp\" \/>\n<meta name=\"twitter:card\" content=\"summary_large_image\" \/>\n<meta name=\"twitter:label1\" content=\"Predpokladan\u00fd \u010das \u010d\u00edtania\" \/>\n\t<meta name=\"twitter:data1\" content=\"1 min\u00fata\" \/>\n<script type=\"application\/ld+json\" class=\"yoast-schema-graph\">{\"@context\":\"https:\\\/\\\/schema.org\",\"@graph\":[{\"@type\":\"WebPage\",\"@id\":\"https:\\\/\\\/begamer.cz\\\/sk\\\/produkt\\\/assassins-creed-odyssey-the-fate-of-atlantis-sk\\\/\",\"url\":\"https:\\\/\\\/begamer.cz\\\/sk\\\/produkt\\\/assassins-creed-odyssey-the-fate-of-atlantis-sk\\\/\",\"name\":\"Assassin's Creed Odyssey: The Fate of Atlantis | BeGamer.cz\",\"isPartOf\":{\"@id\":\"https:\\\/\\\/begamer.cz\\\/sk\\\/#website\"},\"primaryImageOfPage\":{\"@id\":\"https:\\\/\\\/begamer.cz\\\/sk\\\/produkt\\\/assassins-creed-odyssey-the-fate-of-atlantis-sk\\\/#primaryimage\"},\"image\":{\"@id\":\"https:\\\/\\\/begamer.cz\\\/sk\\\/produkt\\\/assassins-creed-odyssey-the-fate-of-atlantis-sk\\\/#primaryimage\"},\"thumbnailUrl\":\"https:\\\/\\\/begamer.cz\\\/wp-content\\\/uploads\\\/2026\\\/01\\\/assassins-creed-odyssey-the-fate-of-atlantis-8.webp\",\"datePublished\":\"2026-01-30T15:02:36+00:00\",\"dateModified\":\"2026-03-18T02:24:54+00:00\",\"breadcrumb\":{\"@id\":\"https:\\\/\\\/begamer.cz\\\/sk\\\/produkt\\\/assassins-creed-odyssey-the-fate-of-atlantis-sk\\\/#breadcrumb\"},\"inLanguage\":\"sk-SK\",\"potentialAction\":[{\"@type\":\"ReadAction\",\"target\":[\"https:\\\/\\\/begamer.cz\\\/sk\\\/produkt\\\/assassins-creed-odyssey-the-fate-of-atlantis-sk\\\/\"]}]},{\"@type\":\"ImageObject\",\"inLanguage\":\"sk-SK\",\"@id\":\"https:\\\/\\\/begamer.cz\\\/sk\\\/produkt\\\/assassins-creed-odyssey-the-fate-of-atlantis-sk\\\/#primaryimage\",\"url\":\"https:\\\/\\\/begamer.cz\\\/wp-content\\\/uploads\\\/2026\\\/01\\\/assassins-creed-odyssey-the-fate-of-atlantis-8.webp\",\"contentUrl\":\"https:\\\/\\\/begamer.cz\\\/wp-content\\\/uploads\\\/2026\\\/01\\\/assassins-creed-odyssey-the-fate-of-atlantis-8.webp\",\"width\":300,\"height\":400},{\"@type\":\"BreadcrumbList\",\"@id\":\"https:\\\/\\\/begamer.cz\\\/sk\\\/produkt\\\/assassins-creed-odyssey-the-fate-of-atlantis-sk\\\/#breadcrumb\",\"itemListElement\":[{\"@type\":\"ListItem\",\"position\":1,\"name\":\"Domov\",\"item\":\"https:\\\/\\\/begamer.cz\\\/sk\\\/\"},{\"@type\":\"ListItem\",\"position\":2,\"name\":\"Obchod\",\"item\":\"https:\\\/\\\/begamer.cz\\\/obchod\\\/\"},{\"@type\":\"ListItem\",\"position\":3,\"name\":\"Assassin\u2019s Creed Odyssey: The Fate of Atlantis\"}]},{\"@type\":\"WebSite\",\"@id\":\"https:\\\/\\\/begamer.cz\\\/sk\\\/#website\",\"url\":\"https:\\\/\\\/begamer.cz\\\/sk\\\/\",\"name\":\"BeGamer.cz\",\"description\":\"\",\"publisher\":{\"@id\":\"https:\\\/\\\/begamer.cz\\\/sk\\\/#organization\"},\"potentialAction\":[{\"@type\":\"SearchAction\",\"target\":{\"@type\":\"EntryPoint\",\"urlTemplate\":\"https:\\\/\\\/begamer.cz\\\/sk\\\/?s={search_term_string}\"},\"query-input\":{\"@type\":\"PropertyValueSpecification\",\"valueRequired\":true,\"valueName\":\"search_term_string\"}}],\"inLanguage\":\"sk-SK\"},{\"@type\":\"Organization\",\"@id\":\"https:\\\/\\\/begamer.cz\\\/sk\\\/#organization\",\"name\":\"BeGamer.cz\",\"url\":\"https:\\\/\\\/begamer.cz\\\/sk\\\/\",\"logo\":{\"@type\":\"ImageObject\",\"inLanguage\":\"sk-SK\",\"@id\":\"https:\\\/\\\/begamer.cz\\\/sk\\\/#\\\/schema\\\/logo\\\/image\\\/\",\"url\":\"https:\\\/\\\/begamer.cz\\\/wp-content\\\/uploads\\\/2025\\\/07\\\/logo.svg\",\"contentUrl\":\"https:\\\/\\\/begamer.cz\\\/wp-content\\\/uploads\\\/2025\\\/07\\\/logo.svg\",\"caption\":\"BeGamer.cz\"},\"image\":{\"@id\":\"https:\\\/\\\/begamer.cz\\\/sk\\\/#\\\/schema\\\/logo\\\/image\\\/\"}}]}<\/script>\n<!-- \/ Yoast SEO plugin. -->","yoast_head_json":{"title":"Assassin's Creed Odyssey: The Fate of Atlantis | BeGamer.cz","robots":{"index":"index","follow":"follow","max-snippet":"max-snippet:-1","max-image-preview":"max-image-preview:large","max-video-preview":"max-video-preview:-1"},"canonical":"https:\/\/begamer.cz\/sk\/produkt\/assassins-creed-odyssey-the-fate-of-atlantis-sk\/","og_locale":"sk_SK","og_type":"article","og_title":"Assassin's Creed Odyssey: The Fate of Atlantis | BeGamer.cz","og_description":"V druhom DLC, The Fate of Atlantis, sa vydajte do b\u00e1jnych r\u00ed\u0161 gr\u00e9ckej mytol\u00f3gie, aby ste objavili skuto\u010dn\u00fa silu svojho hrdinu a odhalili tajomstv\u00e1 Prvej civiliz\u00e1cie.","og_url":"https:\/\/begamer.cz\/sk\/produkt\/assassins-creed-odyssey-the-fate-of-atlantis-sk\/","og_site_name":"BeGamer.cz","article_modified_time":"2026-03-18T02:24:54+00:00","og_image":[{"width":300,"height":400,"url":"https:\/\/begamer.cz\/wp-content\/uploads\/2026\/01\/assassins-creed-odyssey-the-fate-of-atlantis-8.webp","type":"image\/webp"}],"twitter_card":"summary_large_image","twitter_misc":{"Predpokladan\u00fd \u010das \u010d\u00edtania":"1 min\u00fata"},"schema":{"@context":"https:\/\/schema.org","@graph":[{"@type":"WebPage","@id":"https:\/\/begamer.cz\/sk\/produkt\/assassins-creed-odyssey-the-fate-of-atlantis-sk\/","url":"https:\/\/begamer.cz\/sk\/produkt\/assassins-creed-odyssey-the-fate-of-atlantis-sk\/","name":"Assassin's Creed Odyssey: The Fate of Atlantis | BeGamer.cz","isPartOf":{"@id":"https:\/\/begamer.cz\/sk\/#website"},"primaryImageOfPage":{"@id":"https:\/\/begamer.cz\/sk\/produkt\/assassins-creed-odyssey-the-fate-of-atlantis-sk\/#primaryimage"},"image":{"@id":"https:\/\/begamer.cz\/sk\/produkt\/assassins-creed-odyssey-the-fate-of-atlantis-sk\/#primaryimage"},"thumbnailUrl":"https:\/\/begamer.cz\/wp-content\/uploads\/2026\/01\/assassins-creed-odyssey-the-fate-of-atlantis-8.webp","datePublished":"2026-01-30T15:02:36+00:00","dateModified":"2026-03-18T02:24:54+00:00","breadcrumb":{"@id":"https:\/\/begamer.cz\/sk\/produkt\/assassins-creed-odyssey-the-fate-of-atlantis-sk\/#breadcrumb"},"inLanguage":"sk-SK","potentialAction":[{"@type":"ReadAction","target":["https:\/\/begamer.cz\/sk\/produkt\/assassins-creed-odyssey-the-fate-of-atlantis-sk\/"]}]},{"@type":"ImageObject","inLanguage":"sk-SK","@id":"https:\/\/begamer.cz\/sk\/produkt\/assassins-creed-odyssey-the-fate-of-atlantis-sk\/#primaryimage","url":"https:\/\/begamer.cz\/wp-content\/uploads\/2026\/01\/assassins-creed-odyssey-the-fate-of-atlantis-8.webp","contentUrl":"https:\/\/begamer.cz\/wp-content\/uploads\/2026\/01\/assassins-creed-odyssey-the-fate-of-atlantis-8.webp","width":300,"height":400},{"@type":"BreadcrumbList","@id":"https:\/\/begamer.cz\/sk\/produkt\/assassins-creed-odyssey-the-fate-of-atlantis-sk\/#breadcrumb","itemListElement":[{"@type":"ListItem","position":1,"name":"Domov","item":"https:\/\/begamer.cz\/sk\/"},{"@type":"ListItem","position":2,"name":"Obchod","item":"https:\/\/begamer.cz\/obchod\/"},{"@type":"ListItem","position":3,"name":"Assassin\u2019s Creed Odyssey: The Fate of Atlantis"}]},{"@type":"WebSite","@id":"https:\/\/begamer.cz\/sk\/#website","url":"https:\/\/begamer.cz\/sk\/","name":"BeGamer.cz","description":"","publisher":{"@id":"https:\/\/begamer.cz\/sk\/#organization"},"potentialAction":[{"@type":"SearchAction","target":{"@type":"EntryPoint","urlTemplate":"https:\/\/begamer.cz\/sk\/?s={search_term_string}"},"query-input":{"@type":"PropertyValueSpecification","valueRequired":true,"valueName":"search_term_string"}}],"inLanguage":"sk-SK"},{"@type":"Organization","@id":"https:\/\/begamer.cz\/sk\/#organization","name":"BeGamer.cz","url":"https:\/\/begamer.cz\/sk\/","logo":{"@type":"ImageObject","inLanguage":"sk-SK","@id":"https:\/\/begamer.cz\/sk\/#\/schema\/logo\/image\/","url":"https:\/\/begamer.cz\/wp-content\/uploads\/2025\/07\/logo.svg","contentUrl":"https:\/\/begamer.cz\/wp-content\/uploads\/2025\/07\/logo.svg","caption":"BeGamer.cz"},"image":{"@id":"https:\/\/begamer.cz\/sk\/#\/schema\/logo\/image\/"}}]}},"acf":[],"_links":{"self":[{"href":"https:\/\/begamer.cz\/sk\/wp-json\/wp\/v2\/product\/94382","targetHints":{"allow":["GET"]}}],"collection":[{"href":"https:\/\/begamer.cz\/sk\/wp-json\/wp\/v2\/product"}],"about":[{"href":"https:\/\/begamer.cz\/sk\/wp-json\/wp\/v2\/types\/product"}],"replies":[{"embeddable":true,"href":"https:\/\/begamer.cz\/sk\/wp-json\/wp\/v2\/comments?post=94382"}],"wp:featuredmedia":[{"embeddable":true,"href":"https:\/\/begamer.cz\/sk\/wp-json\/wp\/v2\/media\/13330"}],"wp:attachment":[{"href":"https:\/\/begamer.cz\/sk\/wp-json\/wp\/v2\/media?parent=94382"}],"wp:term":[{"taxonomy":"product_brand","embeddable":true,"href":"https:\/\/begamer.cz\/sk\/wp-json\/wp\/v2\/product_brand?post=94382"},{"taxonomy":"product_cat","embeddable":true,"href":"https:\/\/begamer.cz\/sk\/wp-json\/wp\/v2\/product_cat?post=94382"},{"taxonomy":"product_tag","embeddable":true,"href":"https:\/\/begamer.cz\/sk\/wp-json\/wp\/v2\/product_tag?post=94382"}],"curies":[{"name":"wp","href":"https:\/\/api.w.org\/{rel}","templated":true}]}}