{"id":94355,"date":"2026-01-30T16:02:09","date_gmt":"2026-01-30T15:02:09","guid":{"rendered":"https:\/\/begamer.cz\/produkt\/tom-clancys-ghost-recon-breakpoint-year-1-pass-sk\/"},"modified":"2026-03-18T03:24:11","modified_gmt":"2026-03-18T02:24:11","slug":"tom-clancys-ghost-recon-breakpoint-year-1-pass-sk","status":"publish","type":"product","link":"https:\/\/begamer.cz\/sk\/produkt\/tom-clancys-ghost-recon-breakpoint-year-1-pass-sk\/","title":{"rendered":"Tom Clancy\u2019s Ghost Recon: Breakpoint \u2013 Year 1 Pass"},"content":{"rendered":"<p>VOLANIE SIR\u00c9NY<br \/>\nV hor\u00e1ch bola<br \/>zaznamenan\u00e1 hroziv\u00e1 aktivita dronov. Odv\u00e1\u017eite sa presk\u00fama\u0165 nebezpe\u010dn\u00e9 podzemn\u00e9 bludisko, aby ste skoncovali s t\u00fdmto nepriate\u013eom?<\/p>\n<p>HLBOK\u00dd \u0160T\u00c1T<br \/>\nV Auroi sa<br \/>\u0161\u00edri sprisahanie, ktor\u00e9 zd\u00e1 sa s\u00favis\u00ed s hlbok\u00fdm \u0161t\u00e1tom v Spojen\u00fdch \u0161t\u00e1toch. Vy\u0161etrujte a odha\u013ete temn\u00e9 tajomstv\u00e1 sprisahania s kryc\u00edm n\u00e1zvom \u201eWonderland\u201c.<\/p>\n<p>TRANSCENDENCE<br \/>\nPr\u00e1ca projektu Deus, skupiny transhumanistick\u00fdch vedcov, je ve\u013emi \u017eiadan\u00e1 spolo\u010dnos\u0165ou Sentinel Corp. N\u00e1jdite ich tajn\u00fa skr\u00fd\u0161u a ochr\u00e1\u0148te jej technol\u00f3giu, ne\u017e sa dostane do nespr\u00e1vnych r\u00fak. <\/p>\n<p>BAL\u00cd\u010cEK \u0160PECI\u00c1LNYCH OPER\u00c1CI\u00cd<br \/>\nBal\u00ed\u010dek \u0161peci\u00e1lnych oper\u00e1ci\u00ed obsahuje DMR \u201eQuiet\u201c, kryt ACH, bojov\u00e9 nohavice Crye G3 a vestu Cross Draw.<\/p>\n","protected":false},"excerpt":{"rendered":"<p>Vylep\u0161ite svoj z\u00e1\u017eitok z hry Ghost Recon Breakpoint s ro\u010dn\u00fdm preukazom Year 1 Pass, ktor\u00fd obsahuje misiu The Siren&#x27;s Call Day 1, dve dobrodru\u017estv\u00e1 nadv\u00e4zuj\u00face na hlavn\u00fd pr\u00edbeh (Deep State &amp; Transcendence), skor\u00e9 odomknutie 3 nov\u00fdch tried a bal\u00edk Special Operations Forces Pack.<\/p>\n","protected":false},"featured_media":13170,"comment_status":"open","ping_status":"closed","template":"","meta":{"_acf_changed":false},"product_brand":[],"product_cat":[419,9068,398,400],"product_tag":[],"class_list":{"0":"post-94355","1":"product","2":"type-product","3":"status-publish","4":"has-post-thumbnail","6":"product_cat-adventury-xbox-one-sk","7":"product_cat-strielacky-7","8":"product_cat-xbox-hry-sk","9":"product_cat-xbox-one-sk","10":"pa_audio-de-de","11":"pa_audio-en-us","12":"pa_audio-es-es","13":"pa_audio-fr-fr","14":"pa_audio-it-it","15":"pa_audio-ja-jp","16":"pa_audio-pt-br","17":"pa_audio-ru-ru","19":"pa_countries-at","20":"pa_countries-be","21":"pa_countries-bg","22":"pa_countries-cy","23":"pa_countries-cz","25":"pa_countries-de","26":"pa_countries-dk","27":"pa_countries-ee","28":"pa_countries-es","29":"pa_countries-fi","30":"pa_countries-fr","31":"pa_countries-gr","32":"pa_countries-hu","33":"pa_countries-ie","34":"pa_countries-it","35":"pa_countries-lt","36":"pa_countries-lu","37":"pa_countries-lv","38":"pa_countries-mt","39":"pa_countries-nl","40":"pa_countries-pl","41":"pa_countries-pt","42":"pa_countries-ro","43":"pa_countries-se","44":"pa_countries-si","45":"pa_countries-sk","46":"pa_developer-ubisoft-paris","48":"pa_game_type-dlc","50":"pa_genres-adventure","52":"pa_genres-shooter","53":"pa_interface-ar","54":"pa_interface-cs-cz","55":"pa_interface-de-de","56":"pa_interface-en-us","57":"pa_interface-es-es","58":"pa_interface-fr-fr","59":"pa_interface-it-it","60":"pa_interface-ja-jp","61":"pa_interface-ko-kr","62":"pa_interface-nl-nl","64":"pa_interface-pt-br","65":"pa_interface-ru-ru","66":"pa_interface-th-th","67":"pa_interface-zh-cn","68":"pa_interface-zh-tw","69":"pa_modes-co-operative","70":"pa_modes-multiplayer","72":"pa_modes-single-player","73":"pa_platform-xbox-one","75":"pa_player_perspectives-third-person","77":"pa_publisher-ubisoft","79":"pa_rating-14441","80":"pa_rating-773","81":"pa_region-europe","83":"pa_subtitles-ar","84":"pa_subtitles-cs-cz","85":"pa_subtitles-de-de","86":"pa_subtitles-en-us","87":"pa_subtitles-es-es","88":"pa_subtitles-fr-fr","89":"pa_subtitles-it-it","90":"pa_subtitles-ja-jp","91":"pa_subtitles-ko-kr","92":"pa_subtitles-nl-nl","94":"pa_subtitles-pt-br","95":"pa_subtitles-ru-ru","96":"pa_subtitles-th-th","97":"pa_subtitles-zh-cn","98":"pa_subtitles-zh-tw","99":"pa_themes-action","100":"pa_themes-warfare","103":"first","104":"outofstock","105":"virtual","106":"taxable","107":"purchasable","108":"product-type-simple"},"yoast_head":"<!-- This site is optimized with the Yoast SEO plugin v27.3 - https:\/\/yoast.com\/product\/yoast-seo-wordpress\/ -->\n<title>Tom Clancy&#039;s Ghost Recon: Breakpoint - Year 1 Pass | BeGamer.cz<\/title>\n<meta name=\"robots\" content=\"index, follow, max-snippet:-1, max-image-preview:large, max-video-preview:-1\" \/>\n<link rel=\"canonical\" href=\"https:\/\/begamer.cz\/sk\/produkt\/tom-clancys-ghost-recon-breakpoint-year-1-pass-sk\/\" \/>\n<meta property=\"og:locale\" content=\"sk_SK\" \/>\n<meta property=\"og:type\" content=\"article\" \/>\n<meta property=\"og:title\" content=\"Tom Clancy&#039;s Ghost Recon: Breakpoint - Year 1 Pass | BeGamer.cz\" \/>\n<meta property=\"og:description\" content=\"Vylep\u0161ite svoj z\u00e1\u017eitok z hry Ghost Recon Breakpoint s ro\u010dn\u00fdm preukazom Year 1 Pass, ktor\u00fd obsahuje misiu The Siren&#x27;s Call Day 1, dve dobrodru\u017estv\u00e1 nadv\u00e4zuj\u00face na hlavn\u00fd pr\u00edbeh (Deep State &amp; Transcendence), skor\u00e9 odomknutie 3 nov\u00fdch tried a bal\u00edk Special Operations Forces Pack.\" \/>\n<meta property=\"og:url\" content=\"https:\/\/begamer.cz\/sk\/produkt\/tom-clancys-ghost-recon-breakpoint-year-1-pass-sk\/\" \/>\n<meta property=\"og:site_name\" content=\"BeGamer.cz\" \/>\n<meta property=\"article:modified_time\" content=\"2026-03-18T02:24:11+00:00\" \/>\n<meta property=\"og:image\" content=\"https:\/\/begamer.cz\/wp-content\/uploads\/2026\/01\/tom-clancys-ghost-recon-breakpoint-year-1-pass-10.webp\" \/>\n\t<meta property=\"og:image:width\" content=\"300\" \/>\n\t<meta property=\"og:image:height\" content=\"400\" \/>\n\t<meta property=\"og:image:type\" content=\"image\/webp\" \/>\n<meta name=\"twitter:card\" content=\"summary_large_image\" \/>\n<meta name=\"twitter:label1\" content=\"Predpokladan\u00fd \u010das \u010d\u00edtania\" \/>\n\t<meta name=\"twitter:data1\" content=\"1 min\u00fata\" \/>\n<script type=\"application\/ld+json\" class=\"yoast-schema-graph\">{\"@context\":\"https:\\\/\\\/schema.org\",\"@graph\":[{\"@type\":\"WebPage\",\"@id\":\"https:\\\/\\\/begamer.cz\\\/sk\\\/produkt\\\/tom-clancys-ghost-recon-breakpoint-year-1-pass-sk\\\/\",\"url\":\"https:\\\/\\\/begamer.cz\\\/sk\\\/produkt\\\/tom-clancys-ghost-recon-breakpoint-year-1-pass-sk\\\/\",\"name\":\"Tom Clancy's Ghost Recon: Breakpoint - Year 1 Pass | BeGamer.cz\",\"isPartOf\":{\"@id\":\"https:\\\/\\\/begamer.cz\\\/sk\\\/#website\"},\"primaryImageOfPage\":{\"@id\":\"https:\\\/\\\/begamer.cz\\\/sk\\\/produkt\\\/tom-clancys-ghost-recon-breakpoint-year-1-pass-sk\\\/#primaryimage\"},\"image\":{\"@id\":\"https:\\\/\\\/begamer.cz\\\/sk\\\/produkt\\\/tom-clancys-ghost-recon-breakpoint-year-1-pass-sk\\\/#primaryimage\"},\"thumbnailUrl\":\"https:\\\/\\\/begamer.cz\\\/wp-content\\\/uploads\\\/2026\\\/01\\\/tom-clancys-ghost-recon-breakpoint-year-1-pass-10.webp\",\"datePublished\":\"2026-01-30T15:02:09+00:00\",\"dateModified\":\"2026-03-18T02:24:11+00:00\",\"breadcrumb\":{\"@id\":\"https:\\\/\\\/begamer.cz\\\/sk\\\/produkt\\\/tom-clancys-ghost-recon-breakpoint-year-1-pass-sk\\\/#breadcrumb\"},\"inLanguage\":\"sk-SK\",\"potentialAction\":[{\"@type\":\"ReadAction\",\"target\":[\"https:\\\/\\\/begamer.cz\\\/sk\\\/produkt\\\/tom-clancys-ghost-recon-breakpoint-year-1-pass-sk\\\/\"]}]},{\"@type\":\"ImageObject\",\"inLanguage\":\"sk-SK\",\"@id\":\"https:\\\/\\\/begamer.cz\\\/sk\\\/produkt\\\/tom-clancys-ghost-recon-breakpoint-year-1-pass-sk\\\/#primaryimage\",\"url\":\"https:\\\/\\\/begamer.cz\\\/wp-content\\\/uploads\\\/2026\\\/01\\\/tom-clancys-ghost-recon-breakpoint-year-1-pass-10.webp\",\"contentUrl\":\"https:\\\/\\\/begamer.cz\\\/wp-content\\\/uploads\\\/2026\\\/01\\\/tom-clancys-ghost-recon-breakpoint-year-1-pass-10.webp\",\"width\":300,\"height\":400},{\"@type\":\"BreadcrumbList\",\"@id\":\"https:\\\/\\\/begamer.cz\\\/sk\\\/produkt\\\/tom-clancys-ghost-recon-breakpoint-year-1-pass-sk\\\/#breadcrumb\",\"itemListElement\":[{\"@type\":\"ListItem\",\"position\":1,\"name\":\"Domov\",\"item\":\"https:\\\/\\\/begamer.cz\\\/sk\\\/\"},{\"@type\":\"ListItem\",\"position\":2,\"name\":\"Obchod\",\"item\":\"https:\\\/\\\/begamer.cz\\\/obchod\\\/\"},{\"@type\":\"ListItem\",\"position\":3,\"name\":\"Tom Clancy&#8217;s Ghost Recon: Breakpoint &#8211; Year 1 Pass\"}]},{\"@type\":\"WebSite\",\"@id\":\"https:\\\/\\\/begamer.cz\\\/sk\\\/#website\",\"url\":\"https:\\\/\\\/begamer.cz\\\/sk\\\/\",\"name\":\"BeGamer.cz\",\"description\":\"\",\"publisher\":{\"@id\":\"https:\\\/\\\/begamer.cz\\\/sk\\\/#organization\"},\"potentialAction\":[{\"@type\":\"SearchAction\",\"target\":{\"@type\":\"EntryPoint\",\"urlTemplate\":\"https:\\\/\\\/begamer.cz\\\/sk\\\/?s={search_term_string}\"},\"query-input\":{\"@type\":\"PropertyValueSpecification\",\"valueRequired\":true,\"valueName\":\"search_term_string\"}}],\"inLanguage\":\"sk-SK\"},{\"@type\":\"Organization\",\"@id\":\"https:\\\/\\\/begamer.cz\\\/sk\\\/#organization\",\"name\":\"BeGamer.cz\",\"url\":\"https:\\\/\\\/begamer.cz\\\/sk\\\/\",\"logo\":{\"@type\":\"ImageObject\",\"inLanguage\":\"sk-SK\",\"@id\":\"https:\\\/\\\/begamer.cz\\\/sk\\\/#\\\/schema\\\/logo\\\/image\\\/\",\"url\":\"https:\\\/\\\/begamer.cz\\\/wp-content\\\/uploads\\\/2025\\\/07\\\/logo.svg\",\"contentUrl\":\"https:\\\/\\\/begamer.cz\\\/wp-content\\\/uploads\\\/2025\\\/07\\\/logo.svg\",\"caption\":\"BeGamer.cz\"},\"image\":{\"@id\":\"https:\\\/\\\/begamer.cz\\\/sk\\\/#\\\/schema\\\/logo\\\/image\\\/\"}}]}<\/script>\n<!-- \/ Yoast SEO plugin. -->","yoast_head_json":{"title":"Tom Clancy's Ghost Recon: Breakpoint - Year 1 Pass | BeGamer.cz","robots":{"index":"index","follow":"follow","max-snippet":"max-snippet:-1","max-image-preview":"max-image-preview:large","max-video-preview":"max-video-preview:-1"},"canonical":"https:\/\/begamer.cz\/sk\/produkt\/tom-clancys-ghost-recon-breakpoint-year-1-pass-sk\/","og_locale":"sk_SK","og_type":"article","og_title":"Tom Clancy's Ghost Recon: Breakpoint - Year 1 Pass | BeGamer.cz","og_description":"Vylep\u0161ite svoj z\u00e1\u017eitok z hry Ghost Recon Breakpoint s ro\u010dn\u00fdm preukazom Year 1 Pass, ktor\u00fd obsahuje misiu The Siren&#x27;s Call Day 1, dve dobrodru\u017estv\u00e1 nadv\u00e4zuj\u00face na hlavn\u00fd pr\u00edbeh (Deep State &amp; Transcendence), skor\u00e9 odomknutie 3 nov\u00fdch tried a bal\u00edk Special Operations Forces Pack.","og_url":"https:\/\/begamer.cz\/sk\/produkt\/tom-clancys-ghost-recon-breakpoint-year-1-pass-sk\/","og_site_name":"BeGamer.cz","article_modified_time":"2026-03-18T02:24:11+00:00","og_image":[{"width":300,"height":400,"url":"https:\/\/begamer.cz\/wp-content\/uploads\/2026\/01\/tom-clancys-ghost-recon-breakpoint-year-1-pass-10.webp","type":"image\/webp"}],"twitter_card":"summary_large_image","twitter_misc":{"Predpokladan\u00fd \u010das \u010d\u00edtania":"1 min\u00fata"},"schema":{"@context":"https:\/\/schema.org","@graph":[{"@type":"WebPage","@id":"https:\/\/begamer.cz\/sk\/produkt\/tom-clancys-ghost-recon-breakpoint-year-1-pass-sk\/","url":"https:\/\/begamer.cz\/sk\/produkt\/tom-clancys-ghost-recon-breakpoint-year-1-pass-sk\/","name":"Tom Clancy's Ghost Recon: Breakpoint - Year 1 Pass | BeGamer.cz","isPartOf":{"@id":"https:\/\/begamer.cz\/sk\/#website"},"primaryImageOfPage":{"@id":"https:\/\/begamer.cz\/sk\/produkt\/tom-clancys-ghost-recon-breakpoint-year-1-pass-sk\/#primaryimage"},"image":{"@id":"https:\/\/begamer.cz\/sk\/produkt\/tom-clancys-ghost-recon-breakpoint-year-1-pass-sk\/#primaryimage"},"thumbnailUrl":"https:\/\/begamer.cz\/wp-content\/uploads\/2026\/01\/tom-clancys-ghost-recon-breakpoint-year-1-pass-10.webp","datePublished":"2026-01-30T15:02:09+00:00","dateModified":"2026-03-18T02:24:11+00:00","breadcrumb":{"@id":"https:\/\/begamer.cz\/sk\/produkt\/tom-clancys-ghost-recon-breakpoint-year-1-pass-sk\/#breadcrumb"},"inLanguage":"sk-SK","potentialAction":[{"@type":"ReadAction","target":["https:\/\/begamer.cz\/sk\/produkt\/tom-clancys-ghost-recon-breakpoint-year-1-pass-sk\/"]}]},{"@type":"ImageObject","inLanguage":"sk-SK","@id":"https:\/\/begamer.cz\/sk\/produkt\/tom-clancys-ghost-recon-breakpoint-year-1-pass-sk\/#primaryimage","url":"https:\/\/begamer.cz\/wp-content\/uploads\/2026\/01\/tom-clancys-ghost-recon-breakpoint-year-1-pass-10.webp","contentUrl":"https:\/\/begamer.cz\/wp-content\/uploads\/2026\/01\/tom-clancys-ghost-recon-breakpoint-year-1-pass-10.webp","width":300,"height":400},{"@type":"BreadcrumbList","@id":"https:\/\/begamer.cz\/sk\/produkt\/tom-clancys-ghost-recon-breakpoint-year-1-pass-sk\/#breadcrumb","itemListElement":[{"@type":"ListItem","position":1,"name":"Domov","item":"https:\/\/begamer.cz\/sk\/"},{"@type":"ListItem","position":2,"name":"Obchod","item":"https:\/\/begamer.cz\/obchod\/"},{"@type":"ListItem","position":3,"name":"Tom Clancy&#8217;s Ghost Recon: Breakpoint &#8211; Year 1 Pass"}]},{"@type":"WebSite","@id":"https:\/\/begamer.cz\/sk\/#website","url":"https:\/\/begamer.cz\/sk\/","name":"BeGamer.cz","description":"","publisher":{"@id":"https:\/\/begamer.cz\/sk\/#organization"},"potentialAction":[{"@type":"SearchAction","target":{"@type":"EntryPoint","urlTemplate":"https:\/\/begamer.cz\/sk\/?s={search_term_string}"},"query-input":{"@type":"PropertyValueSpecification","valueRequired":true,"valueName":"search_term_string"}}],"inLanguage":"sk-SK"},{"@type":"Organization","@id":"https:\/\/begamer.cz\/sk\/#organization","name":"BeGamer.cz","url":"https:\/\/begamer.cz\/sk\/","logo":{"@type":"ImageObject","inLanguage":"sk-SK","@id":"https:\/\/begamer.cz\/sk\/#\/schema\/logo\/image\/","url":"https:\/\/begamer.cz\/wp-content\/uploads\/2025\/07\/logo.svg","contentUrl":"https:\/\/begamer.cz\/wp-content\/uploads\/2025\/07\/logo.svg","caption":"BeGamer.cz"},"image":{"@id":"https:\/\/begamer.cz\/sk\/#\/schema\/logo\/image\/"}}]}},"acf":[],"_links":{"self":[{"href":"https:\/\/begamer.cz\/sk\/wp-json\/wp\/v2\/product\/94355","targetHints":{"allow":["GET"]}}],"collection":[{"href":"https:\/\/begamer.cz\/sk\/wp-json\/wp\/v2\/product"}],"about":[{"href":"https:\/\/begamer.cz\/sk\/wp-json\/wp\/v2\/types\/product"}],"replies":[{"embeddable":true,"href":"https:\/\/begamer.cz\/sk\/wp-json\/wp\/v2\/comments?post=94355"}],"wp:featuredmedia":[{"embeddable":true,"href":"https:\/\/begamer.cz\/sk\/wp-json\/wp\/v2\/media\/13170"}],"wp:attachment":[{"href":"https:\/\/begamer.cz\/sk\/wp-json\/wp\/v2\/media?parent=94355"}],"wp:term":[{"taxonomy":"product_brand","embeddable":true,"href":"https:\/\/begamer.cz\/sk\/wp-json\/wp\/v2\/product_brand?post=94355"},{"taxonomy":"product_cat","embeddable":true,"href":"https:\/\/begamer.cz\/sk\/wp-json\/wp\/v2\/product_cat?post=94355"},{"taxonomy":"product_tag","embeddable":true,"href":"https:\/\/begamer.cz\/sk\/wp-json\/wp\/v2\/product_tag?post=94355"}],"curies":[{"name":"wp","href":"https:\/\/api.w.org\/{rel}","templated":true}]}}