{"id":94250,"date":"2026-01-30T16:00:24","date_gmt":"2026-01-30T15:00:24","guid":{"rendered":"https:\/\/begamer.cz\/produkt\/sid-meiers-civilization-vi-new-frontier-pass-sk\/"},"modified":"2026-03-18T03:17:14","modified_gmt":"2026-03-18T02:17:14","slug":"sid-meiers-civilization-vi-new-frontier-pass-sk","status":"publish","type":"product","link":"https:\/\/begamer.cz\/sk\/produkt\/sid-meiers-civilization-vi-new-frontier-pass-sk\/","title":{"rendered":"Sid Meier\u2019s Civilization VI: New Frontier Pass"},"content":{"rendered":"<p><span class=\"bb_img_ctn\"><img decoding=\"async\" class=\"bb_img\" src=\"https:\/\/shared.akamai.steamstatic.com\/store_item_assets\/steam\/apps\/1308090\/extras\/44b51425f9e209d99592bdee6434dc96.avif?t=1680229344\" width=614 height=210 \/><\/span><br \/>Pokra\u010dujte vo svojej snahe vybudova\u0165 najv\u00e4\u010d\u0161iu r\u00ed\u0161u s Civilization VI \u2013 New Frontier Pass, ktor\u00fd obsahuje osem nov\u00fdch civiliz\u00e1ci\u00ed a dev\u00e4\u0165 nov\u00fdch vodcov, ako aj cel\u00fd rad nov\u00fdch hern\u00fdch obsahov, vr\u00e1tane \u0161iestich nov\u00fdch hern\u00fdch re\u017eimov. New Frontier Pass obsahuje:<\/p>\n<h2 class=\"bb_tag\" >Bal\u00ed\u010dek \u010d. 1: Bal\u00ed\u010dek Maya &amp; Gran Colombia. <\/h2>\n<p>Prid\u00e1va dve nov\u00e9 civiliz\u00e1cie a vodcov, jeden nov\u00fd hern\u00fd re\u017eim*, nov\u00e9 mestsk\u00e9 \u0161t\u00e1ty, zdroje a pr\u00edrodn\u00e9 divy.<\/p>\n<h2 class=\"bb_tag\" >Bal\u00ed\u010dek \u010d. 2: Eti\u00f3psky bal\u00ed\u010dek. <\/h2>\n<p>Prid\u00e1va jednu nov\u00fa civiliz\u00e1ciu a vodcu, jeden nov\u00fd hern\u00fd re\u017eim**, jednu nov\u00fa \u0161tvr\u0165 a dve nov\u00e9 budovy.<\/p>\n<h2 class=\"bb_tag\" >Bal\u00ed\u010dek \u010d. 3: Bal\u00ed\u010dek Byzantium &amp; Gaul. <\/h2>\n<p>Prid\u00e1va dve nov\u00e9 civiliz\u00e1cie a vodcov, jeden nov\u00fd hern\u00fd re\u017eim**, nov\u00e9 divy sveta a jednu nov\u00fa mapu.<\/p>\n<h2 class=\"bb_tag\" >Bal\u00ed\u010dek \u010d. 4: Bal\u00ed\u010dek Babylon. <\/h2>\n<p>Prid\u00e1va jednu nov\u00fa civiliz\u00e1ciu a vodcu, jeden nov\u00fd hern\u00fd re\u017eim, nov\u00e9 mestsk\u00e9 \u0161t\u00e1ty a mno\u017estvo nov\u00fdch ve\u013ek\u00fdch osobnost\u00ed.<\/p>\n<h2 class=\"bb_tag\" >Bal\u00ed\u010dek \u010d. 5: Vietnam &amp; Kublai Khan Pack<\/h2>\n<p> Prid\u00e1va jednu nov\u00fa civiliz\u00e1ciu a dvoch nov\u00fdch vodcov***, jeden nov\u00fd hern\u00fd re\u017eim, nov\u00fa \u0161tvr\u0165 a dve nov\u00e9 budovy.<\/p>\n<h2 class=\"bb_tag\" >Bal\u00ed\u010dek \u010d. 6: Portugalsk\u00fd bal\u00ed\u010dek<\/h2>\n<p> Prid\u00e1va jednu nov\u00fa civiliz\u00e1ciu a vodcu, jeden nov\u00fd hern\u00fd re\u017eim, nov\u00e9 divy sveta a jednu nov\u00fa mapu.<\/p>\n<p>*Nov\u00fd hern\u00fd re\u017eim vy\u017eaduje na hranie roz\u0161\u00edrenie Gathering Storm.<br \/>**Nov\u00fd hern\u00fd re\u017eim vy\u017eaduje na hranie bu\u010f roz\u0161\u00edrenie Rise and Fall, alebo Gathering Storm.<br \/>***Nov\u00fd vodca vy\u017eaduje na hranie roz\u0161\u00edrenie Rise and Fall.<\/p>\n<p>Hern\u00e9 re\u017eimy m\u00f4\u017eu obsahova\u0165 dodato\u010dn\u00fd obsah, ako s\u00fa nov\u00e9 jednotky, budovy alebo vylep\u0161enia, a je mo\u017en\u00e9 ich zapn\u00fa\u0165 alebo vypn\u00fa\u0165 po\u010das nastavovania hry, \u010d\u00edm sa v\u00fdrazne a dramaticky zmenia pravidl\u00e1 hry.<\/p>\n<h2 class=\"bb_tag\" >Exkluz\u00edvny bonus: bal\u00ed\u010dky post\u00e1v Teddy Roosevelt a Catherine De Medici <\/h2>\n<p>Dvaja vodcovia Civilization VI sa menia s nov\u00fdm vzh\u013eadom a nov\u00fdmi schopnos\u0165ami, ke\u010f vediete Ameriku a Franc\u00fazsko! \u201eRough Rider Teddy\u201c vynik\u00e1 v udr\u017eiavan\u00ed mieru na svojom dom\u00e1com kontinente a \u201eMagnificence Catherine\u201c m\u00f4\u017ee vyu\u017ei\u0165 luxusn\u00e9 tovary, aby ohromila svet kult\u00farou a cestovn\u00fdm ruchom. Ka\u017ed\u00fd bal\u00ed\u010dek Persona obsahuje \u00faplne nov\u00fd poh\u013ead na ob\u013e\u00faben\u00e9ho vodcu, s nov\u00fdm modelom a pozad\u00edm vodcu, nov\u00fdmi bonusmi v hre a aktualizovan\u00fdm programom, ktor\u00fd odr\u00e1\u017ea zmeny v osobnosti vodcu. Bal\u00ed\u010dky Persona s\u00fa k dispoz\u00edcii v\u00fdhradne pre majite\u013eov New Frontier Pass a bud\u00fa dodan\u00e9 s druh\u00fdm doplnkov\u00fdm bal\u00ed\u010dkom.<\/p>\n","protected":false},"excerpt":{"rendered":"<p>Pokra\u010dujte vo svojej snahe vybudova\u0165 najv\u00e4\u010d\u0161iu r\u00ed\u0161u s Civilization VI &#8211; New Frontier Pass, ktor\u00fd obsahuje osem nov\u00fdch civiliz\u00e1ci\u00ed a dev\u00e4\u0165 nov\u00fdch vodcov, ako aj cel\u00fd rad nov\u00fdch hern\u00fdch obsahov, vr\u00e1tane \u0161iestich nov\u00fdch hern\u00fdch re\u017eimov.<\/p>\n","protected":false},"featured_media":12470,"comment_status":"open","ping_status":"closed","template":"","meta":{"_acf_changed":false},"product_brand":[],"product_cat":[434,398,400],"product_tag":[],"class_list":{"0":"post-94250","1":"product","2":"type-product","3":"status-publish","4":"has-post-thumbnail","6":"product_cat-strategie-xbox-one-sk","7":"product_cat-xbox-hry-sk","8":"product_cat-xbox-one-sk","9":"pa_audio-de-de","10":"pa_audio-en-us","11":"pa_audio-es-es","12":"pa_audio-fr-fr","13":"pa_audio-it-it","14":"pa_audio-ja-jp","15":"pa_audio-ko-kr","16":"pa_audio-pl-pl","17":"pa_audio-ru-ru","19":"pa_audio-zh-cn","20":"pa_audio-zh-tw","22":"pa_developer-fireaxis-games","24":"pa_game_type-dlc","26":"pa_genres-strategy","28":"pa_genres-turn-based-strategy-tbs","30":"pa_interface-de-de","31":"pa_interface-en-us","32":"pa_interface-es-es","33":"pa_interface-fr-fr","34":"pa_interface-it-it","35":"pa_interface-ja-jp","36":"pa_interface-ko-kr","37":"pa_interface-pl-pl","38":"pa_interface-pt-br","40":"pa_interface-ru-ru","42":"pa_interface-zh-cn","43":"pa_interface-zh-tw","44":"pa_keywords-historical-figures-in-fictional-settings","45":"pa_modes-multiplayer","47":"pa_modes-single-player","49":"pa_pegi-13428","50":"pa_pegi-927","51":"pa_platform-xbox-one","53":"pa_player_perspectives-bird-view-isometric","55":"pa_publisher-2k","57":"pa_rating-14441","58":"pa_rating-773","59":"pa_region-europe","61":"pa_subtitles-de-de","63":"pa_subtitles-en-us","64":"pa_subtitles-es-es","65":"pa_subtitles-fr-fr","66":"pa_subtitles-it-it","67":"pa_subtitles-ja-jp","68":"pa_subtitles-ko-kr","69":"pa_subtitles-pl-pl","70":"pa_subtitles-pt-br","71":"pa_subtitles-ru-ru","73":"pa_subtitles-zh-cn","74":"pa_subtitles-zh-tw","75":"pa_themes-4x-explore","76":"pa_themes-and-exterminate","78":"pa_themes-expand","79":"pa_themes-exploit","81":"pa_themes-historical","83":"first","84":"outofstock","85":"virtual","86":"taxable","87":"purchasable","88":"product-type-simple"},"yoast_head":"<!-- This site is optimized with the Yoast SEO plugin v27.3 - https:\/\/yoast.com\/product\/yoast-seo-wordpress\/ -->\n<title>Sid Meier&#039;s Civilization VI: New Frontier Pass | BeGamer.cz<\/title>\n<meta name=\"robots\" content=\"index, follow, max-snippet:-1, max-image-preview:large, max-video-preview:-1\" \/>\n<link rel=\"canonical\" href=\"https:\/\/begamer.cz\/sk\/produkt\/sid-meiers-civilization-vi-new-frontier-pass-sk\/\" \/>\n<meta property=\"og:locale\" content=\"sk_SK\" \/>\n<meta property=\"og:type\" content=\"article\" \/>\n<meta property=\"og:title\" content=\"Sid Meier&#039;s Civilization VI: New Frontier Pass | BeGamer.cz\" \/>\n<meta property=\"og:description\" content=\"Pokra\u010dujte vo svojej snahe vybudova\u0165 najv\u00e4\u010d\u0161iu r\u00ed\u0161u s Civilization VI - New Frontier Pass, ktor\u00fd obsahuje osem nov\u00fdch civiliz\u00e1ci\u00ed a dev\u00e4\u0165 nov\u00fdch vodcov, ako aj cel\u00fd rad nov\u00fdch hern\u00fdch obsahov, vr\u00e1tane \u0161iestich nov\u00fdch hern\u00fdch re\u017eimov.\" \/>\n<meta property=\"og:url\" content=\"https:\/\/begamer.cz\/sk\/produkt\/sid-meiers-civilization-vi-new-frontier-pass-sk\/\" \/>\n<meta property=\"og:site_name\" content=\"BeGamer.cz\" \/>\n<meta property=\"article:modified_time\" content=\"2026-03-18T02:17:14+00:00\" \/>\n<meta property=\"og:image\" content=\"https:\/\/begamer.cz\/wp-content\/uploads\/2026\/01\/sid-meiers-civilization-vi-new-frontier-pass-3.webp\" \/>\n\t<meta property=\"og:image:width\" content=\"300\" \/>\n\t<meta property=\"og:image:height\" content=\"400\" \/>\n\t<meta property=\"og:image:type\" content=\"image\/webp\" \/>\n<meta name=\"twitter:card\" content=\"summary_large_image\" \/>\n<meta name=\"twitter:label1\" content=\"Predpokladan\u00fd \u010das \u010d\u00edtania\" \/>\n\t<meta name=\"twitter:data1\" content=\"2 min\u00faty\" \/>\n<script type=\"application\/ld+json\" class=\"yoast-schema-graph\">{\"@context\":\"https:\\\/\\\/schema.org\",\"@graph\":[{\"@type\":\"WebPage\",\"@id\":\"https:\\\/\\\/begamer.cz\\\/sk\\\/produkt\\\/sid-meiers-civilization-vi-new-frontier-pass-sk\\\/\",\"url\":\"https:\\\/\\\/begamer.cz\\\/sk\\\/produkt\\\/sid-meiers-civilization-vi-new-frontier-pass-sk\\\/\",\"name\":\"Sid Meier's Civilization VI: New Frontier Pass | BeGamer.cz\",\"isPartOf\":{\"@id\":\"https:\\\/\\\/begamer.cz\\\/sk\\\/#website\"},\"primaryImageOfPage\":{\"@id\":\"https:\\\/\\\/begamer.cz\\\/sk\\\/produkt\\\/sid-meiers-civilization-vi-new-frontier-pass-sk\\\/#primaryimage\"},\"image\":{\"@id\":\"https:\\\/\\\/begamer.cz\\\/sk\\\/produkt\\\/sid-meiers-civilization-vi-new-frontier-pass-sk\\\/#primaryimage\"},\"thumbnailUrl\":\"https:\\\/\\\/begamer.cz\\\/wp-content\\\/uploads\\\/2026\\\/01\\\/sid-meiers-civilization-vi-new-frontier-pass-3.webp\",\"datePublished\":\"2026-01-30T15:00:24+00:00\",\"dateModified\":\"2026-03-18T02:17:14+00:00\",\"breadcrumb\":{\"@id\":\"https:\\\/\\\/begamer.cz\\\/sk\\\/produkt\\\/sid-meiers-civilization-vi-new-frontier-pass-sk\\\/#breadcrumb\"},\"inLanguage\":\"sk-SK\",\"potentialAction\":[{\"@type\":\"ReadAction\",\"target\":[\"https:\\\/\\\/begamer.cz\\\/sk\\\/produkt\\\/sid-meiers-civilization-vi-new-frontier-pass-sk\\\/\"]}]},{\"@type\":\"ImageObject\",\"inLanguage\":\"sk-SK\",\"@id\":\"https:\\\/\\\/begamer.cz\\\/sk\\\/produkt\\\/sid-meiers-civilization-vi-new-frontier-pass-sk\\\/#primaryimage\",\"url\":\"https:\\\/\\\/begamer.cz\\\/wp-content\\\/uploads\\\/2026\\\/01\\\/sid-meiers-civilization-vi-new-frontier-pass-3.webp\",\"contentUrl\":\"https:\\\/\\\/begamer.cz\\\/wp-content\\\/uploads\\\/2026\\\/01\\\/sid-meiers-civilization-vi-new-frontier-pass-3.webp\",\"width\":300,\"height\":400},{\"@type\":\"BreadcrumbList\",\"@id\":\"https:\\\/\\\/begamer.cz\\\/sk\\\/produkt\\\/sid-meiers-civilization-vi-new-frontier-pass-sk\\\/#breadcrumb\",\"itemListElement\":[{\"@type\":\"ListItem\",\"position\":1,\"name\":\"Domov\",\"item\":\"https:\\\/\\\/begamer.cz\\\/sk\\\/\"},{\"@type\":\"ListItem\",\"position\":2,\"name\":\"Obchod\",\"item\":\"https:\\\/\\\/begamer.cz\\\/obchod\\\/\"},{\"@type\":\"ListItem\",\"position\":3,\"name\":\"Sid Meier&#8217;s Civilization VI: New Frontier Pass\"}]},{\"@type\":\"WebSite\",\"@id\":\"https:\\\/\\\/begamer.cz\\\/sk\\\/#website\",\"url\":\"https:\\\/\\\/begamer.cz\\\/sk\\\/\",\"name\":\"BeGamer.cz\",\"description\":\"\",\"publisher\":{\"@id\":\"https:\\\/\\\/begamer.cz\\\/sk\\\/#organization\"},\"potentialAction\":[{\"@type\":\"SearchAction\",\"target\":{\"@type\":\"EntryPoint\",\"urlTemplate\":\"https:\\\/\\\/begamer.cz\\\/sk\\\/?s={search_term_string}\"},\"query-input\":{\"@type\":\"PropertyValueSpecification\",\"valueRequired\":true,\"valueName\":\"search_term_string\"}}],\"inLanguage\":\"sk-SK\"},{\"@type\":\"Organization\",\"@id\":\"https:\\\/\\\/begamer.cz\\\/sk\\\/#organization\",\"name\":\"BeGamer.cz\",\"url\":\"https:\\\/\\\/begamer.cz\\\/sk\\\/\",\"logo\":{\"@type\":\"ImageObject\",\"inLanguage\":\"sk-SK\",\"@id\":\"https:\\\/\\\/begamer.cz\\\/sk\\\/#\\\/schema\\\/logo\\\/image\\\/\",\"url\":\"https:\\\/\\\/begamer.cz\\\/wp-content\\\/uploads\\\/2025\\\/07\\\/logo.svg\",\"contentUrl\":\"https:\\\/\\\/begamer.cz\\\/wp-content\\\/uploads\\\/2025\\\/07\\\/logo.svg\",\"caption\":\"BeGamer.cz\"},\"image\":{\"@id\":\"https:\\\/\\\/begamer.cz\\\/sk\\\/#\\\/schema\\\/logo\\\/image\\\/\"}}]}<\/script>\n<!-- \/ Yoast SEO plugin. -->","yoast_head_json":{"title":"Sid Meier's Civilization VI: New Frontier Pass | BeGamer.cz","robots":{"index":"index","follow":"follow","max-snippet":"max-snippet:-1","max-image-preview":"max-image-preview:large","max-video-preview":"max-video-preview:-1"},"canonical":"https:\/\/begamer.cz\/sk\/produkt\/sid-meiers-civilization-vi-new-frontier-pass-sk\/","og_locale":"sk_SK","og_type":"article","og_title":"Sid Meier's Civilization VI: New Frontier Pass | BeGamer.cz","og_description":"Pokra\u010dujte vo svojej snahe vybudova\u0165 najv\u00e4\u010d\u0161iu r\u00ed\u0161u s Civilization VI - New Frontier Pass, ktor\u00fd obsahuje osem nov\u00fdch civiliz\u00e1ci\u00ed a dev\u00e4\u0165 nov\u00fdch vodcov, ako aj cel\u00fd rad nov\u00fdch hern\u00fdch obsahov, vr\u00e1tane \u0161iestich nov\u00fdch hern\u00fdch re\u017eimov.","og_url":"https:\/\/begamer.cz\/sk\/produkt\/sid-meiers-civilization-vi-new-frontier-pass-sk\/","og_site_name":"BeGamer.cz","article_modified_time":"2026-03-18T02:17:14+00:00","og_image":[{"width":300,"height":400,"url":"https:\/\/begamer.cz\/wp-content\/uploads\/2026\/01\/sid-meiers-civilization-vi-new-frontier-pass-3.webp","type":"image\/webp"}],"twitter_card":"summary_large_image","twitter_misc":{"Predpokladan\u00fd \u010das \u010d\u00edtania":"2 min\u00faty"},"schema":{"@context":"https:\/\/schema.org","@graph":[{"@type":"WebPage","@id":"https:\/\/begamer.cz\/sk\/produkt\/sid-meiers-civilization-vi-new-frontier-pass-sk\/","url":"https:\/\/begamer.cz\/sk\/produkt\/sid-meiers-civilization-vi-new-frontier-pass-sk\/","name":"Sid Meier's Civilization VI: New Frontier Pass | BeGamer.cz","isPartOf":{"@id":"https:\/\/begamer.cz\/sk\/#website"},"primaryImageOfPage":{"@id":"https:\/\/begamer.cz\/sk\/produkt\/sid-meiers-civilization-vi-new-frontier-pass-sk\/#primaryimage"},"image":{"@id":"https:\/\/begamer.cz\/sk\/produkt\/sid-meiers-civilization-vi-new-frontier-pass-sk\/#primaryimage"},"thumbnailUrl":"https:\/\/begamer.cz\/wp-content\/uploads\/2026\/01\/sid-meiers-civilization-vi-new-frontier-pass-3.webp","datePublished":"2026-01-30T15:00:24+00:00","dateModified":"2026-03-18T02:17:14+00:00","breadcrumb":{"@id":"https:\/\/begamer.cz\/sk\/produkt\/sid-meiers-civilization-vi-new-frontier-pass-sk\/#breadcrumb"},"inLanguage":"sk-SK","potentialAction":[{"@type":"ReadAction","target":["https:\/\/begamer.cz\/sk\/produkt\/sid-meiers-civilization-vi-new-frontier-pass-sk\/"]}]},{"@type":"ImageObject","inLanguage":"sk-SK","@id":"https:\/\/begamer.cz\/sk\/produkt\/sid-meiers-civilization-vi-new-frontier-pass-sk\/#primaryimage","url":"https:\/\/begamer.cz\/wp-content\/uploads\/2026\/01\/sid-meiers-civilization-vi-new-frontier-pass-3.webp","contentUrl":"https:\/\/begamer.cz\/wp-content\/uploads\/2026\/01\/sid-meiers-civilization-vi-new-frontier-pass-3.webp","width":300,"height":400},{"@type":"BreadcrumbList","@id":"https:\/\/begamer.cz\/sk\/produkt\/sid-meiers-civilization-vi-new-frontier-pass-sk\/#breadcrumb","itemListElement":[{"@type":"ListItem","position":1,"name":"Domov","item":"https:\/\/begamer.cz\/sk\/"},{"@type":"ListItem","position":2,"name":"Obchod","item":"https:\/\/begamer.cz\/obchod\/"},{"@type":"ListItem","position":3,"name":"Sid Meier&#8217;s Civilization VI: New Frontier Pass"}]},{"@type":"WebSite","@id":"https:\/\/begamer.cz\/sk\/#website","url":"https:\/\/begamer.cz\/sk\/","name":"BeGamer.cz","description":"","publisher":{"@id":"https:\/\/begamer.cz\/sk\/#organization"},"potentialAction":[{"@type":"SearchAction","target":{"@type":"EntryPoint","urlTemplate":"https:\/\/begamer.cz\/sk\/?s={search_term_string}"},"query-input":{"@type":"PropertyValueSpecification","valueRequired":true,"valueName":"search_term_string"}}],"inLanguage":"sk-SK"},{"@type":"Organization","@id":"https:\/\/begamer.cz\/sk\/#organization","name":"BeGamer.cz","url":"https:\/\/begamer.cz\/sk\/","logo":{"@type":"ImageObject","inLanguage":"sk-SK","@id":"https:\/\/begamer.cz\/sk\/#\/schema\/logo\/image\/","url":"https:\/\/begamer.cz\/wp-content\/uploads\/2025\/07\/logo.svg","contentUrl":"https:\/\/begamer.cz\/wp-content\/uploads\/2025\/07\/logo.svg","caption":"BeGamer.cz"},"image":{"@id":"https:\/\/begamer.cz\/sk\/#\/schema\/logo\/image\/"}}]}},"acf":[],"_links":{"self":[{"href":"https:\/\/begamer.cz\/sk\/wp-json\/wp\/v2\/product\/94250","targetHints":{"allow":["GET"]}}],"collection":[{"href":"https:\/\/begamer.cz\/sk\/wp-json\/wp\/v2\/product"}],"about":[{"href":"https:\/\/begamer.cz\/sk\/wp-json\/wp\/v2\/types\/product"}],"replies":[{"embeddable":true,"href":"https:\/\/begamer.cz\/sk\/wp-json\/wp\/v2\/comments?post=94250"}],"wp:featuredmedia":[{"embeddable":true,"href":"https:\/\/begamer.cz\/sk\/wp-json\/wp\/v2\/media\/12470"}],"wp:attachment":[{"href":"https:\/\/begamer.cz\/sk\/wp-json\/wp\/v2\/media?parent=94250"}],"wp:term":[{"taxonomy":"product_brand","embeddable":true,"href":"https:\/\/begamer.cz\/sk\/wp-json\/wp\/v2\/product_brand?post=94250"},{"taxonomy":"product_cat","embeddable":true,"href":"https:\/\/begamer.cz\/sk\/wp-json\/wp\/v2\/product_cat?post=94250"},{"taxonomy":"product_tag","embeddable":true,"href":"https:\/\/begamer.cz\/sk\/wp-json\/wp\/v2\/product_tag?post=94250"}],"curies":[{"name":"wp","href":"https:\/\/api.w.org\/{rel}","templated":true}]}}