{"id":94175,"date":"2026-01-30T15:59:00","date_gmt":"2026-01-30T14:59:00","guid":{"rendered":"https:\/\/begamer.cz\/produkt\/microsoft-flight-simulator-deluxe-40th-anniversary-edition-sk\/"},"modified":"2026-03-18T03:13:18","modified_gmt":"2026-03-18T02:13:18","slug":"microsoft-flight-simulator-deluxe-40th-anniversary-edition-sk","status":"publish","type":"product","link":"https:\/\/begamer.cz\/sk\/produkt\/microsoft-flight-simulator-deluxe-40th-anniversary-edition-sk\/","title":{"rendered":"Microsoft Flight Simulator: Deluxe 40th Anniversary Edition"},"content":{"rendered":"<p>Od \u013eahk\u00fdch lietadiel cez \u0161irokotrupov\u00e9 lietadl\u00e1 a\u017e po vetrone a vrtu\u013en\u00edky \u2013 v hre Microsoft Flight Simulator 40th Anniversary Edition m\u00f4\u017eete lieta\u0165 s ve\u013emi detailn\u00fdmi a presn\u00fdmi lietadlami. Svet m\u00e1te na dosah ruky.<\/p>\n<p>Deluxe 40th Anniversary Edition obsahuje v\u0161etko zo Standard Edition plus 5 \u010fal\u0161\u00edch ve\u013emi presn\u00fdch lietadiel s unik\u00e1tnymi letov\u00fdmi modelmi a 5 \u010fal\u0161\u00edch ru\u010dne vytvoren\u00fdch medzin\u00e1rodn\u00fdch let\u00edsk.<\/p>\n","protected":false},"excerpt":{"rendered":"<p>Za\u017eite oblohu s Microsoft Flight Simulator: Deluxe 40th Anniversary Edition. T\u00e1to ed\u00edcia pon\u00faka vylep\u0161en\u00e9 letisk\u00e1, detailn\u00e9 lietadl\u00e1 a realistick\u00e9 poveternostn\u00e9 syst\u00e9my, ktor\u00e9 poskytuj\u00fa realistick\u00fd z\u00e1\u017eitok z lietania ako pre za\u010diato\u010dn\u00edkov, tak aj pre sk\u00fasen\u00fdch pilotov. Objavujte svet ako nikdy predt\u00fdm.<\/p>\n","protected":false},"featured_media":11908,"comment_status":"open","ping_status":"closed","template":"","meta":{"_acf_changed":false},"product_brand":[],"product_cat":[469,398,438],"product_tag":[],"class_list":{"0":"post-94175","1":"product","2":"type-product","3":"status-publish","4":"has-post-thumbnail","6":"product_cat-simulatory-xbox-series-x-s-sk","7":"product_cat-xbox-hry-sk","8":"product_cat-xbox-series-x-s-sk","9":"pa_audio-de-de","10":"pa_audio-en-us","11":"pa_audio-fr-fr","12":"pa_audio-pt-br","14":"pa_countries-at","15":"pa_countries-be","16":"pa_countries-bg","17":"pa_countries-cy","18":"pa_countries-cz","20":"pa_countries-de","21":"pa_countries-dk","22":"pa_countries-ee","23":"pa_countries-es","24":"pa_countries-fi","25":"pa_countries-fr","26":"pa_countries-gr","27":"pa_countries-hr","28":"pa_countries-hu","29":"pa_countries-ie","30":"pa_countries-it","31":"pa_countries-lt","32":"pa_countries-lu","33":"pa_countries-lv","34":"pa_countries-mt","35":"pa_countries-nl","36":"pa_countries-pl","37":"pa_countries-pt","38":"pa_countries-ro","39":"pa_countries-se","40":"pa_countries-si","41":"pa_countries-sk","42":"pa_developer-asobo-studio","44":"pa_game_type-main_game","46":"pa_genres-simulator","48":"pa_interface-de-de","49":"pa_interface-en-us","50":"pa_interface-fi-fi","51":"pa_interface-fr-fr","52":"pa_interface-it-it","53":"pa_interface-ja-jp","54":"pa_interface-ko-kr","55":"pa_interface-nb-no","57":"pa_interface-nl-nl","58":"pa_interface-pl-pl","59":"pa_interface-pt-br","60":"pa_interface-ru-ru","61":"pa_modes-multiplayer","63":"pa_modes-single-player","64":"pa_pegi-943","65":"pa_pegi-13430","66":"pa_platform-xbox-series-x-s-windows","68":"pa_player_perspectives-first-person","70":"pa_player_perspectives-third-person","71":"pa_publisher-xbox-game-studios","73":"pa_rating-14441","74":"pa_rating-773","75":"pa_region-europe","77":"pa_subtitles-de-de","78":"pa_subtitles-en-us","79":"pa_subtitles-fi-fi","80":"pa_subtitles-fr-fr","81":"pa_subtitles-it-it","82":"pa_subtitles-ja-jp","83":"pa_subtitles-ko-kr","84":"pa_subtitles-nb-no","86":"pa_subtitles-nl-nl","87":"pa_subtitles-pl-pl","88":"pa_subtitles-pt-br","89":"pa_subtitles-ru-ru","91":"first","92":"instock","93":"virtual","94":"taxable","95":"purchasable","96":"product-type-simple"},"yoast_head":"<!-- This site is optimized with the Yoast SEO plugin v27.3 - https:\/\/yoast.com\/product\/yoast-seo-wordpress\/ -->\n<title>Microsoft Flight Simulator: Deluxe 40th Anniversary Edition | BeGamer.cz<\/title>\n<meta name=\"robots\" content=\"index, follow, max-snippet:-1, max-image-preview:large, max-video-preview:-1\" \/>\n<link rel=\"canonical\" href=\"https:\/\/begamer.cz\/sk\/produkt\/microsoft-flight-simulator-deluxe-40th-anniversary-edition-sk\/\" \/>\n<meta property=\"og:locale\" content=\"sk_SK\" \/>\n<meta property=\"og:type\" content=\"article\" \/>\n<meta property=\"og:title\" content=\"Microsoft Flight Simulator: Deluxe 40th Anniversary Edition | BeGamer.cz\" \/>\n<meta property=\"og:description\" content=\"Za\u017eite oblohu s Microsoft Flight Simulator: Deluxe 40th Anniversary Edition. T\u00e1to ed\u00edcia pon\u00faka vylep\u0161en\u00e9 letisk\u00e1, detailn\u00e9 lietadl\u00e1 a realistick\u00e9 poveternostn\u00e9 syst\u00e9my, ktor\u00e9 poskytuj\u00fa realistick\u00fd z\u00e1\u017eitok z lietania ako pre za\u010diato\u010dn\u00edkov, tak aj pre sk\u00fasen\u00fdch pilotov. Objavujte svet ako nikdy predt\u00fdm.\" \/>\n<meta property=\"og:url\" content=\"https:\/\/begamer.cz\/sk\/produkt\/microsoft-flight-simulator-deluxe-40th-anniversary-edition-sk\/\" \/>\n<meta property=\"og:site_name\" content=\"BeGamer.cz\" \/>\n<meta property=\"article:modified_time\" content=\"2026-03-18T02:13:18+00:00\" \/>\n<meta property=\"og:image\" content=\"https:\/\/begamer.cz\/wp-content\/uploads\/2026\/01\/microsoft-flight-simulator-deluxe-40th-anniversary-edition-3.webp\" \/>\n\t<meta property=\"og:image:width\" content=\"300\" \/>\n\t<meta property=\"og:image:height\" content=\"400\" \/>\n\t<meta property=\"og:image:type\" content=\"image\/webp\" \/>\n<meta name=\"twitter:card\" content=\"summary_large_image\" \/>\n<script type=\"application\/ld+json\" class=\"yoast-schema-graph\">{\"@context\":\"https:\\\/\\\/schema.org\",\"@graph\":[{\"@type\":\"WebPage\",\"@id\":\"https:\\\/\\\/begamer.cz\\\/sk\\\/produkt\\\/microsoft-flight-simulator-deluxe-40th-anniversary-edition-sk\\\/\",\"url\":\"https:\\\/\\\/begamer.cz\\\/sk\\\/produkt\\\/microsoft-flight-simulator-deluxe-40th-anniversary-edition-sk\\\/\",\"name\":\"Microsoft Flight Simulator: Deluxe 40th Anniversary Edition | BeGamer.cz\",\"isPartOf\":{\"@id\":\"https:\\\/\\\/begamer.cz\\\/sk\\\/#website\"},\"primaryImageOfPage\":{\"@id\":\"https:\\\/\\\/begamer.cz\\\/sk\\\/produkt\\\/microsoft-flight-simulator-deluxe-40th-anniversary-edition-sk\\\/#primaryimage\"},\"image\":{\"@id\":\"https:\\\/\\\/begamer.cz\\\/sk\\\/produkt\\\/microsoft-flight-simulator-deluxe-40th-anniversary-edition-sk\\\/#primaryimage\"},\"thumbnailUrl\":\"https:\\\/\\\/begamer.cz\\\/wp-content\\\/uploads\\\/2026\\\/01\\\/microsoft-flight-simulator-deluxe-40th-anniversary-edition-3.webp\",\"datePublished\":\"2026-01-30T14:59:00+00:00\",\"dateModified\":\"2026-03-18T02:13:18+00:00\",\"breadcrumb\":{\"@id\":\"https:\\\/\\\/begamer.cz\\\/sk\\\/produkt\\\/microsoft-flight-simulator-deluxe-40th-anniversary-edition-sk\\\/#breadcrumb\"},\"inLanguage\":\"sk-SK\",\"potentialAction\":[{\"@type\":\"ReadAction\",\"target\":[\"https:\\\/\\\/begamer.cz\\\/sk\\\/produkt\\\/microsoft-flight-simulator-deluxe-40th-anniversary-edition-sk\\\/\"]}]},{\"@type\":\"ImageObject\",\"inLanguage\":\"sk-SK\",\"@id\":\"https:\\\/\\\/begamer.cz\\\/sk\\\/produkt\\\/microsoft-flight-simulator-deluxe-40th-anniversary-edition-sk\\\/#primaryimage\",\"url\":\"https:\\\/\\\/begamer.cz\\\/wp-content\\\/uploads\\\/2026\\\/01\\\/microsoft-flight-simulator-deluxe-40th-anniversary-edition-3.webp\",\"contentUrl\":\"https:\\\/\\\/begamer.cz\\\/wp-content\\\/uploads\\\/2026\\\/01\\\/microsoft-flight-simulator-deluxe-40th-anniversary-edition-3.webp\",\"width\":300,\"height\":400},{\"@type\":\"BreadcrumbList\",\"@id\":\"https:\\\/\\\/begamer.cz\\\/sk\\\/produkt\\\/microsoft-flight-simulator-deluxe-40th-anniversary-edition-sk\\\/#breadcrumb\",\"itemListElement\":[{\"@type\":\"ListItem\",\"position\":1,\"name\":\"Domov\",\"item\":\"https:\\\/\\\/begamer.cz\\\/sk\\\/\"},{\"@type\":\"ListItem\",\"position\":2,\"name\":\"Obchod\",\"item\":\"https:\\\/\\\/begamer.cz\\\/obchod\\\/\"},{\"@type\":\"ListItem\",\"position\":3,\"name\":\"Microsoft Flight Simulator: Deluxe 40th Anniversary Edition\"}]},{\"@type\":\"WebSite\",\"@id\":\"https:\\\/\\\/begamer.cz\\\/sk\\\/#website\",\"url\":\"https:\\\/\\\/begamer.cz\\\/sk\\\/\",\"name\":\"BeGamer.cz\",\"description\":\"\",\"publisher\":{\"@id\":\"https:\\\/\\\/begamer.cz\\\/sk\\\/#organization\"},\"potentialAction\":[{\"@type\":\"SearchAction\",\"target\":{\"@type\":\"EntryPoint\",\"urlTemplate\":\"https:\\\/\\\/begamer.cz\\\/sk\\\/?s={search_term_string}\"},\"query-input\":{\"@type\":\"PropertyValueSpecification\",\"valueRequired\":true,\"valueName\":\"search_term_string\"}}],\"inLanguage\":\"sk-SK\"},{\"@type\":\"Organization\",\"@id\":\"https:\\\/\\\/begamer.cz\\\/sk\\\/#organization\",\"name\":\"BeGamer.cz\",\"url\":\"https:\\\/\\\/begamer.cz\\\/sk\\\/\",\"logo\":{\"@type\":\"ImageObject\",\"inLanguage\":\"sk-SK\",\"@id\":\"https:\\\/\\\/begamer.cz\\\/sk\\\/#\\\/schema\\\/logo\\\/image\\\/\",\"url\":\"https:\\\/\\\/begamer.cz\\\/wp-content\\\/uploads\\\/2025\\\/07\\\/logo.svg\",\"contentUrl\":\"https:\\\/\\\/begamer.cz\\\/wp-content\\\/uploads\\\/2025\\\/07\\\/logo.svg\",\"caption\":\"BeGamer.cz\"},\"image\":{\"@id\":\"https:\\\/\\\/begamer.cz\\\/sk\\\/#\\\/schema\\\/logo\\\/image\\\/\"}}]}<\/script>\n<!-- \/ Yoast SEO plugin. -->","yoast_head_json":{"title":"Microsoft Flight Simulator: Deluxe 40th Anniversary Edition | BeGamer.cz","robots":{"index":"index","follow":"follow","max-snippet":"max-snippet:-1","max-image-preview":"max-image-preview:large","max-video-preview":"max-video-preview:-1"},"canonical":"https:\/\/begamer.cz\/sk\/produkt\/microsoft-flight-simulator-deluxe-40th-anniversary-edition-sk\/","og_locale":"sk_SK","og_type":"article","og_title":"Microsoft Flight Simulator: Deluxe 40th Anniversary Edition | BeGamer.cz","og_description":"Za\u017eite oblohu s Microsoft Flight Simulator: Deluxe 40th Anniversary Edition. T\u00e1to ed\u00edcia pon\u00faka vylep\u0161en\u00e9 letisk\u00e1, detailn\u00e9 lietadl\u00e1 a realistick\u00e9 poveternostn\u00e9 syst\u00e9my, ktor\u00e9 poskytuj\u00fa realistick\u00fd z\u00e1\u017eitok z lietania ako pre za\u010diato\u010dn\u00edkov, tak aj pre sk\u00fasen\u00fdch pilotov. Objavujte svet ako nikdy predt\u00fdm.","og_url":"https:\/\/begamer.cz\/sk\/produkt\/microsoft-flight-simulator-deluxe-40th-anniversary-edition-sk\/","og_site_name":"BeGamer.cz","article_modified_time":"2026-03-18T02:13:18+00:00","og_image":[{"width":300,"height":400,"url":"https:\/\/begamer.cz\/wp-content\/uploads\/2026\/01\/microsoft-flight-simulator-deluxe-40th-anniversary-edition-3.webp","type":"image\/webp"}],"twitter_card":"summary_large_image","schema":{"@context":"https:\/\/schema.org","@graph":[{"@type":"WebPage","@id":"https:\/\/begamer.cz\/sk\/produkt\/microsoft-flight-simulator-deluxe-40th-anniversary-edition-sk\/","url":"https:\/\/begamer.cz\/sk\/produkt\/microsoft-flight-simulator-deluxe-40th-anniversary-edition-sk\/","name":"Microsoft Flight Simulator: Deluxe 40th Anniversary Edition | BeGamer.cz","isPartOf":{"@id":"https:\/\/begamer.cz\/sk\/#website"},"primaryImageOfPage":{"@id":"https:\/\/begamer.cz\/sk\/produkt\/microsoft-flight-simulator-deluxe-40th-anniversary-edition-sk\/#primaryimage"},"image":{"@id":"https:\/\/begamer.cz\/sk\/produkt\/microsoft-flight-simulator-deluxe-40th-anniversary-edition-sk\/#primaryimage"},"thumbnailUrl":"https:\/\/begamer.cz\/wp-content\/uploads\/2026\/01\/microsoft-flight-simulator-deluxe-40th-anniversary-edition-3.webp","datePublished":"2026-01-30T14:59:00+00:00","dateModified":"2026-03-18T02:13:18+00:00","breadcrumb":{"@id":"https:\/\/begamer.cz\/sk\/produkt\/microsoft-flight-simulator-deluxe-40th-anniversary-edition-sk\/#breadcrumb"},"inLanguage":"sk-SK","potentialAction":[{"@type":"ReadAction","target":["https:\/\/begamer.cz\/sk\/produkt\/microsoft-flight-simulator-deluxe-40th-anniversary-edition-sk\/"]}]},{"@type":"ImageObject","inLanguage":"sk-SK","@id":"https:\/\/begamer.cz\/sk\/produkt\/microsoft-flight-simulator-deluxe-40th-anniversary-edition-sk\/#primaryimage","url":"https:\/\/begamer.cz\/wp-content\/uploads\/2026\/01\/microsoft-flight-simulator-deluxe-40th-anniversary-edition-3.webp","contentUrl":"https:\/\/begamer.cz\/wp-content\/uploads\/2026\/01\/microsoft-flight-simulator-deluxe-40th-anniversary-edition-3.webp","width":300,"height":400},{"@type":"BreadcrumbList","@id":"https:\/\/begamer.cz\/sk\/produkt\/microsoft-flight-simulator-deluxe-40th-anniversary-edition-sk\/#breadcrumb","itemListElement":[{"@type":"ListItem","position":1,"name":"Domov","item":"https:\/\/begamer.cz\/sk\/"},{"@type":"ListItem","position":2,"name":"Obchod","item":"https:\/\/begamer.cz\/obchod\/"},{"@type":"ListItem","position":3,"name":"Microsoft Flight Simulator: Deluxe 40th Anniversary Edition"}]},{"@type":"WebSite","@id":"https:\/\/begamer.cz\/sk\/#website","url":"https:\/\/begamer.cz\/sk\/","name":"BeGamer.cz","description":"","publisher":{"@id":"https:\/\/begamer.cz\/sk\/#organization"},"potentialAction":[{"@type":"SearchAction","target":{"@type":"EntryPoint","urlTemplate":"https:\/\/begamer.cz\/sk\/?s={search_term_string}"},"query-input":{"@type":"PropertyValueSpecification","valueRequired":true,"valueName":"search_term_string"}}],"inLanguage":"sk-SK"},{"@type":"Organization","@id":"https:\/\/begamer.cz\/sk\/#organization","name":"BeGamer.cz","url":"https:\/\/begamer.cz\/sk\/","logo":{"@type":"ImageObject","inLanguage":"sk-SK","@id":"https:\/\/begamer.cz\/sk\/#\/schema\/logo\/image\/","url":"https:\/\/begamer.cz\/wp-content\/uploads\/2025\/07\/logo.svg","contentUrl":"https:\/\/begamer.cz\/wp-content\/uploads\/2025\/07\/logo.svg","caption":"BeGamer.cz"},"image":{"@id":"https:\/\/begamer.cz\/sk\/#\/schema\/logo\/image\/"}}]}},"acf":[],"_links":{"self":[{"href":"https:\/\/begamer.cz\/sk\/wp-json\/wp\/v2\/product\/94175","targetHints":{"allow":["GET"]}}],"collection":[{"href":"https:\/\/begamer.cz\/sk\/wp-json\/wp\/v2\/product"}],"about":[{"href":"https:\/\/begamer.cz\/sk\/wp-json\/wp\/v2\/types\/product"}],"replies":[{"embeddable":true,"href":"https:\/\/begamer.cz\/sk\/wp-json\/wp\/v2\/comments?post=94175"}],"wp:featuredmedia":[{"embeddable":true,"href":"https:\/\/begamer.cz\/sk\/wp-json\/wp\/v2\/media\/11908"}],"wp:attachment":[{"href":"https:\/\/begamer.cz\/sk\/wp-json\/wp\/v2\/media?parent=94175"}],"wp:term":[{"taxonomy":"product_brand","embeddable":true,"href":"https:\/\/begamer.cz\/sk\/wp-json\/wp\/v2\/product_brand?post=94175"},{"taxonomy":"product_cat","embeddable":true,"href":"https:\/\/begamer.cz\/sk\/wp-json\/wp\/v2\/product_cat?post=94175"},{"taxonomy":"product_tag","embeddable":true,"href":"https:\/\/begamer.cz\/sk\/wp-json\/wp\/v2\/product_tag?post=94175"}],"curies":[{"name":"wp","href":"https:\/\/api.w.org\/{rel}","templated":true}]}}