{"id":94160,"date":"2026-01-30T15:58:41","date_gmt":"2026-01-30T14:58:41","guid":{"rendered":"https:\/\/begamer.cz\/produkt\/need-for-speed-hot-pursuit-remastered-sk\/"},"modified":"2026-03-18T03:12:16","modified_gmt":"2026-03-18T02:12:16","slug":"need-for-speed-hot-pursuit-remastered-sk","status":"publish","type":"product","link":"https:\/\/begamer.cz\/sk\/produkt\/need-for-speed-hot-pursuit-remastered-sk\/","title":{"rendered":"Need for Speed: Hot Pursuit \u2013 Remastered"},"content":{"rendered":"<p>Za\u017eite vzru\u0161enie z nah\u00e1\u0148a\u010dky a \u00fatek v hre Need for Speed Hot Pursuit Remastered na PC. Prebu\u010fte v sebe divok\u00fd zmysel pre r\u00fdchlos\u0165 ako zlo\u010dinec aj policajt v najv\u00fdkonnej\u0161\u00edch aut\u00e1ch sveta. Prekab\u00e1\u0165te prenasledovate\u013eov alebo zne\u0161kodnite poru\u0161ovate\u013eov z\u00e1kona pomocou taktick\u00fdch zbran\u00ed, ktor\u00e9 m\u00e1te k dispoz\u00edcii v nap\u00ednav\u00fdch pretekoch s mo\u017enos\u0165ou s\u00fa\u0165a\u017ee s priate\u013emi. Vylep\u0161en\u00e1 grafika, multiplayer na viacer\u00fdch platform\u00e1ch \u2013 vr\u00e1tane asynchr\u00f3nnej s\u00fa\u0165a\u017ee poh\u00e1\u0148anej Autologom \u2013 a v\u0161etky dodato\u010dn\u00e9 hlavn\u00e9 DLC robia z tejto hry ultim\u00e1tnu ed\u00edciu kriticky uzn\u00e1van\u00e9ho debutu Need for Speed od Criterion Games. Je \u010das op\u00e4\u0165 rozp\u00fata\u0165 nah\u00e1\u0148a\u010dku.<\/p>\n<ul class=\"bb_ul\">\n<li>\n<h2 class=\"bb_tag\" ><strong>Multiplayer na viacer\u00fdch platform\u00e1ch a Autolog<\/strong><\/h2>\n<p> Vrhni sa po k\u013eukat\u00fdch cest\u00e1ch Seacrest County v pretekoch, ktor\u00e9 s\u00fa vo svojej podstate soci\u00e1lne s\u00fa\u0165a\u017eiv\u00e9. Priekopn\u00edcky Autolog sp\u00e1ja teba a tvojich priate\u013eov v s\u00fa\u0165a\u017eiach a pretekoch jeden proti druh\u00e9mu a in\u0161tinkt\u00edvne prin\u00e1\u0161a v\u00fdzvy na z\u00e1klade aktiv\u00edt tvojich priate\u013eov. Tento vysoko dynamick\u00fd syst\u00e9m je poh\u00e1\u0148an\u00fd priate\u013eskou s\u00fa\u0165a\u017eivos\u0165ou a teraz je podporovan\u00fd synchroniz\u00e1ciou medzi platformami a nov\u00fdm multiplayerov\u00fdm hran\u00edm, tak\u017ee m\u00f4\u017eete preteka\u0165 medzi sebou bez oh\u013eadu na to, na akej platforme ste.<\/li>\n<li>\n<h2 class=\"bb_tag\" ><strong>V\u0161etky hlavn\u00e9 DLC s\u00fa zahrnut\u00e9, plus \u010fal\u0161ie aktualiz\u00e1cie<\/strong><\/h2>\n<p>Z\u00edskajte v\u0161etky dodato\u010dn\u00e9 hlavn\u00e9 DLC  dodan\u00e9 pri spusten\u00ed, vr\u00e1tane 6 hod\u00edn hrania navy\u0161e a viac ako 30 v\u00fdziev. Zcela nov\u00e9 \u00faspechy, polepky, farby \u00e1ut, zn\u00ed\u017een\u00e9 tvrd\u00e9 zastavenia, aktualizovan\u00fd foto re\u017eim a gal\u00e9ria a viacero aktualiz\u00e1ci\u00ed kvality \u017eivota vytv\u00e1raj\u00fa tentoraz e\u0161te komplexnej\u0161\u00ed hern\u00fd z\u00e1\u017eitok.<\/li>\n<li>\n<h2 class=\"bb_tag\" ><strong>Exotick\u00e9 aut\u00e1 so zbra\u0148ami<\/strong><\/h2>\n<p> \u0160of\u00e9rujte naj\u017eiadanej\u0161ie superaut\u00e1 sveta na oboch stran\u00e1ch z\u00e1kona. Chytajte podozriv\u00fdch v superv\u00fdkonn\u00fdch policajn\u00fdch vozidl\u00e1ch vylep\u0161en\u00fdch taktick\u00fdmi zbra\u0148ami alebo vyrovnajte \u0161ance proti\u00fatokmi a obrann\u00fdmi man\u00e9vrami ako elitn\u00fd pretek\u00e1r. Vymyslite strat\u00e9giu, aby ste z\u00edskali n\u00e1skok pred konkurenciou, bez oh\u013eadu na to, na ktorej strane ste!<\/li>\n<li>\n<h2 class=\"bb_tag\" ><strong>Prenasledovanie a \u00fatek<\/strong><\/h2>\n<p> Hlbok\u00e1 a plne definovan\u00e1 kari\u00e9ra pre jedn\u00e9ho hr\u00e1\u010da pon\u00faka akciu policajtov aj pretek\u00e1rov s plynule prepojen\u00fdm multiplayerov\u00fdm z\u00e1\u017eitkom vo v\u0161etk\u00fdch re\u017eimoch pretekov. Zmerajte si sily s priate\u013emi alebo hrajte kari\u00e9ru s\u00f3lo, aby ste z\u00edskali odmeny a odomkli nov\u00e9 aut\u00e1, zbrane a vybavenie.<\/li>\n<li>\n<h2 class=\"bb_tag\" ><strong>Vylep\u0161en\u00e1 grafika<\/strong><\/h2>\n<p> Need for Speed Hot Pursuit Remastered prin\u00e1\u0161a nad\u010dasov\u00fd z\u00e1\u017eitok z pretekania, aktualizovan\u00fd pre s\u00fa\u010dasn\u00fa gener\u00e1ciu hardv\u00e9ru s vylep\u0161enou grafikou.<\/li>\n<\/ul>\n","protected":false},"excerpt":{"rendered":"<p>Za\u017eite vzru\u0161enie z nah\u00e1\u0148a\u010dky a \u00fatek za volantom najhor\u00facej\u0161\u00edch vysokov\u00fdkonn\u00fdch \u00e1ut sveta v Need for Speed\u2122 Hot Pursuit Remastered \u2013 nap\u00ednavom, soci\u00e1lne s\u00fa\u0165a\u017enom pretekovom z\u00e1\u017eitku.<\/p>\n","protected":false},"featured_media":11797,"comment_status":"open","ping_status":"closed","template":"","meta":{"_acf_changed":false},"product_brand":[],"product_cat":[398,438,472],"product_tag":[],"class_list":{"0":"post-94160","1":"product","2":"type-product","3":"status-publish","4":"has-post-thumbnail","6":"product_cat-xbox-hry-sk","7":"product_cat-xbox-series-x-s-sk","8":"product_cat-zavodne-xbox-series-x-s-sk","9":"pa_audio-de-de","10":"pa_audio-en-gb","11":"pa_audio-en-us","12":"pa_audio-es-es","13":"pa_audio-fr-fr","14":"pa_audio-it-it","16":"pa_audio-ja-jp","18":"pa_countries-at","19":"pa_countries-be","20":"pa_countries-bg","21":"pa_countries-cy","22":"pa_countries-cz","24":"pa_countries-de","25":"pa_countries-dk","26":"pa_countries-ee","27":"pa_countries-es","28":"pa_countries-fi","29":"pa_countries-fr","30":"pa_countries-gr","31":"pa_countries-hu","32":"pa_countries-ie","33":"pa_countries-it","34":"pa_countries-lt","35":"pa_countries-lu","36":"pa_countries-lv","37":"pa_countries-mt","38":"pa_countries-nl","39":"pa_countries-pl","40":"pa_countries-pt","41":"pa_countries-ro","42":"pa_countries-se","43":"pa_countries-si","44":"pa_countries-sk","46":"pa_developer-criterion-games","48":"pa_developer-stellar-entertainment","50":"pa_engine-chameleon","52":"pa_franchises-need-for-speed","54":"pa_game_type-remaster","56":"pa_genres-racing","58":"pa_interface-de-de","59":"pa_interface-en-gb","60":"pa_interface-en-us","61":"pa_interface-es-es","62":"pa_interface-fr-fr","63":"pa_interface-it-it","64":"pa_interface-ja-jp","65":"pa_interface-nl-nl","67":"pa_interface-pl-pl","68":"pa_interface-ru-ru","70":"pa_interface-zh-cn","71":"pa_interface-zh-tw","72":"pa_keywords-police","73":"pa_modes-multiplayer","75":"pa_modes-single-player","77":"pa_pegi-772","78":"pa_pegi-13424","79":"pa_platform-xbox-one-xbox-series-x-s","81":"pa_player_perspectives-first-person","83":"pa_player_perspectives-third-person","85":"pa_publisher-electronic-arts","87":"pa_rating-14506","88":"pa_rating-1334","89":"pa_region-europe","91":"pa_subtitles-de-de","93":"pa_subtitles-en-gb","94":"pa_subtitles-en-us","95":"pa_subtitles-es-es","96":"pa_subtitles-fr-fr","97":"pa_subtitles-it-it","98":"pa_subtitles-ja-jp","99":"pa_subtitles-nl-nl","101":"pa_subtitles-pl-pl","102":"pa_subtitles-ru-ru","103":"pa_subtitles-zh-tw","104":"pa_themes-action","107":"first","108":"instock","109":"virtual","110":"taxable","111":"purchasable","112":"product-type-simple"},"yoast_head":"<!-- This site is optimized with the Yoast SEO plugin v27.3 - https:\/\/yoast.com\/product\/yoast-seo-wordpress\/ -->\n<title>Need for Speed: Hot Pursuit - Remastered | BeGamer.cz<\/title>\n<meta name=\"robots\" content=\"index, follow, max-snippet:-1, max-image-preview:large, max-video-preview:-1\" \/>\n<link rel=\"canonical\" href=\"https:\/\/begamer.cz\/sk\/produkt\/need-for-speed-hot-pursuit-remastered-sk\/\" \/>\n<meta property=\"og:locale\" content=\"sk_SK\" \/>\n<meta property=\"og:type\" content=\"article\" \/>\n<meta property=\"og:title\" content=\"Need for Speed: Hot Pursuit - Remastered | BeGamer.cz\" \/>\n<meta property=\"og:description\" content=\"Za\u017eite vzru\u0161enie z nah\u00e1\u0148a\u010dky a \u00fatek za volantom najhor\u00facej\u0161\u00edch vysokov\u00fdkonn\u00fdch \u00e1ut sveta v Need for Speed\u2122 Hot Pursuit Remastered \u2013 nap\u00ednavom, soci\u00e1lne s\u00fa\u0165a\u017enom pretekovom z\u00e1\u017eitku.\" \/>\n<meta property=\"og:url\" content=\"https:\/\/begamer.cz\/sk\/produkt\/need-for-speed-hot-pursuit-remastered-sk\/\" \/>\n<meta property=\"og:site_name\" content=\"BeGamer.cz\" \/>\n<meta property=\"article:modified_time\" content=\"2026-03-18T02:12:16+00:00\" \/>\n<meta property=\"og:image\" content=\"https:\/\/begamer.cz\/wp-content\/uploads\/2026\/01\/need-for-speed-hot-pursuit-remastered-9.webp\" \/>\n\t<meta property=\"og:image:width\" content=\"300\" \/>\n\t<meta property=\"og:image:height\" content=\"400\" \/>\n\t<meta property=\"og:image:type\" content=\"image\/webp\" \/>\n<meta name=\"twitter:card\" content=\"summary_large_image\" \/>\n<meta name=\"twitter:label1\" content=\"Predpokladan\u00fd \u010das \u010d\u00edtania\" \/>\n\t<meta name=\"twitter:data1\" content=\"2 min\u00faty\" \/>\n<script type=\"application\/ld+json\" class=\"yoast-schema-graph\">{\"@context\":\"https:\\\/\\\/schema.org\",\"@graph\":[{\"@type\":\"WebPage\",\"@id\":\"https:\\\/\\\/begamer.cz\\\/sk\\\/produkt\\\/need-for-speed-hot-pursuit-remastered-sk\\\/\",\"url\":\"https:\\\/\\\/begamer.cz\\\/sk\\\/produkt\\\/need-for-speed-hot-pursuit-remastered-sk\\\/\",\"name\":\"Need for Speed: Hot Pursuit - Remastered | BeGamer.cz\",\"isPartOf\":{\"@id\":\"https:\\\/\\\/begamer.cz\\\/sk\\\/#website\"},\"primaryImageOfPage\":{\"@id\":\"https:\\\/\\\/begamer.cz\\\/sk\\\/produkt\\\/need-for-speed-hot-pursuit-remastered-sk\\\/#primaryimage\"},\"image\":{\"@id\":\"https:\\\/\\\/begamer.cz\\\/sk\\\/produkt\\\/need-for-speed-hot-pursuit-remastered-sk\\\/#primaryimage\"},\"thumbnailUrl\":\"https:\\\/\\\/begamer.cz\\\/wp-content\\\/uploads\\\/2026\\\/01\\\/need-for-speed-hot-pursuit-remastered-9.webp\",\"datePublished\":\"2026-01-30T14:58:41+00:00\",\"dateModified\":\"2026-03-18T02:12:16+00:00\",\"breadcrumb\":{\"@id\":\"https:\\\/\\\/begamer.cz\\\/sk\\\/produkt\\\/need-for-speed-hot-pursuit-remastered-sk\\\/#breadcrumb\"},\"inLanguage\":\"sk-SK\",\"potentialAction\":[{\"@type\":\"ReadAction\",\"target\":[\"https:\\\/\\\/begamer.cz\\\/sk\\\/produkt\\\/need-for-speed-hot-pursuit-remastered-sk\\\/\"]}]},{\"@type\":\"ImageObject\",\"inLanguage\":\"sk-SK\",\"@id\":\"https:\\\/\\\/begamer.cz\\\/sk\\\/produkt\\\/need-for-speed-hot-pursuit-remastered-sk\\\/#primaryimage\",\"url\":\"https:\\\/\\\/begamer.cz\\\/wp-content\\\/uploads\\\/2026\\\/01\\\/need-for-speed-hot-pursuit-remastered-9.webp\",\"contentUrl\":\"https:\\\/\\\/begamer.cz\\\/wp-content\\\/uploads\\\/2026\\\/01\\\/need-for-speed-hot-pursuit-remastered-9.webp\",\"width\":300,\"height\":400},{\"@type\":\"BreadcrumbList\",\"@id\":\"https:\\\/\\\/begamer.cz\\\/sk\\\/produkt\\\/need-for-speed-hot-pursuit-remastered-sk\\\/#breadcrumb\",\"itemListElement\":[{\"@type\":\"ListItem\",\"position\":1,\"name\":\"Domov\",\"item\":\"https:\\\/\\\/begamer.cz\\\/sk\\\/\"},{\"@type\":\"ListItem\",\"position\":2,\"name\":\"Obchod\",\"item\":\"https:\\\/\\\/begamer.cz\\\/obchod\\\/\"},{\"@type\":\"ListItem\",\"position\":3,\"name\":\"Need for Speed: Hot Pursuit &#8211; Remastered\"}]},{\"@type\":\"WebSite\",\"@id\":\"https:\\\/\\\/begamer.cz\\\/sk\\\/#website\",\"url\":\"https:\\\/\\\/begamer.cz\\\/sk\\\/\",\"name\":\"BeGamer.cz\",\"description\":\"\",\"publisher\":{\"@id\":\"https:\\\/\\\/begamer.cz\\\/sk\\\/#organization\"},\"potentialAction\":[{\"@type\":\"SearchAction\",\"target\":{\"@type\":\"EntryPoint\",\"urlTemplate\":\"https:\\\/\\\/begamer.cz\\\/sk\\\/?s={search_term_string}\"},\"query-input\":{\"@type\":\"PropertyValueSpecification\",\"valueRequired\":true,\"valueName\":\"search_term_string\"}}],\"inLanguage\":\"sk-SK\"},{\"@type\":\"Organization\",\"@id\":\"https:\\\/\\\/begamer.cz\\\/sk\\\/#organization\",\"name\":\"BeGamer.cz\",\"url\":\"https:\\\/\\\/begamer.cz\\\/sk\\\/\",\"logo\":{\"@type\":\"ImageObject\",\"inLanguage\":\"sk-SK\",\"@id\":\"https:\\\/\\\/begamer.cz\\\/sk\\\/#\\\/schema\\\/logo\\\/image\\\/\",\"url\":\"https:\\\/\\\/begamer.cz\\\/wp-content\\\/uploads\\\/2025\\\/07\\\/logo.svg\",\"contentUrl\":\"https:\\\/\\\/begamer.cz\\\/wp-content\\\/uploads\\\/2025\\\/07\\\/logo.svg\",\"caption\":\"BeGamer.cz\"},\"image\":{\"@id\":\"https:\\\/\\\/begamer.cz\\\/sk\\\/#\\\/schema\\\/logo\\\/image\\\/\"}}]}<\/script>\n<!-- \/ Yoast SEO plugin. -->","yoast_head_json":{"title":"Need for Speed: Hot Pursuit - Remastered | BeGamer.cz","robots":{"index":"index","follow":"follow","max-snippet":"max-snippet:-1","max-image-preview":"max-image-preview:large","max-video-preview":"max-video-preview:-1"},"canonical":"https:\/\/begamer.cz\/sk\/produkt\/need-for-speed-hot-pursuit-remastered-sk\/","og_locale":"sk_SK","og_type":"article","og_title":"Need for Speed: Hot Pursuit - Remastered | BeGamer.cz","og_description":"Za\u017eite vzru\u0161enie z nah\u00e1\u0148a\u010dky a \u00fatek za volantom najhor\u00facej\u0161\u00edch vysokov\u00fdkonn\u00fdch \u00e1ut sveta v Need for Speed\u2122 Hot Pursuit Remastered \u2013 nap\u00ednavom, soci\u00e1lne s\u00fa\u0165a\u017enom pretekovom z\u00e1\u017eitku.","og_url":"https:\/\/begamer.cz\/sk\/produkt\/need-for-speed-hot-pursuit-remastered-sk\/","og_site_name":"BeGamer.cz","article_modified_time":"2026-03-18T02:12:16+00:00","og_image":[{"width":300,"height":400,"url":"https:\/\/begamer.cz\/wp-content\/uploads\/2026\/01\/need-for-speed-hot-pursuit-remastered-9.webp","type":"image\/webp"}],"twitter_card":"summary_large_image","twitter_misc":{"Predpokladan\u00fd \u010das \u010d\u00edtania":"2 min\u00faty"},"schema":{"@context":"https:\/\/schema.org","@graph":[{"@type":"WebPage","@id":"https:\/\/begamer.cz\/sk\/produkt\/need-for-speed-hot-pursuit-remastered-sk\/","url":"https:\/\/begamer.cz\/sk\/produkt\/need-for-speed-hot-pursuit-remastered-sk\/","name":"Need for Speed: Hot Pursuit - Remastered | BeGamer.cz","isPartOf":{"@id":"https:\/\/begamer.cz\/sk\/#website"},"primaryImageOfPage":{"@id":"https:\/\/begamer.cz\/sk\/produkt\/need-for-speed-hot-pursuit-remastered-sk\/#primaryimage"},"image":{"@id":"https:\/\/begamer.cz\/sk\/produkt\/need-for-speed-hot-pursuit-remastered-sk\/#primaryimage"},"thumbnailUrl":"https:\/\/begamer.cz\/wp-content\/uploads\/2026\/01\/need-for-speed-hot-pursuit-remastered-9.webp","datePublished":"2026-01-30T14:58:41+00:00","dateModified":"2026-03-18T02:12:16+00:00","breadcrumb":{"@id":"https:\/\/begamer.cz\/sk\/produkt\/need-for-speed-hot-pursuit-remastered-sk\/#breadcrumb"},"inLanguage":"sk-SK","potentialAction":[{"@type":"ReadAction","target":["https:\/\/begamer.cz\/sk\/produkt\/need-for-speed-hot-pursuit-remastered-sk\/"]}]},{"@type":"ImageObject","inLanguage":"sk-SK","@id":"https:\/\/begamer.cz\/sk\/produkt\/need-for-speed-hot-pursuit-remastered-sk\/#primaryimage","url":"https:\/\/begamer.cz\/wp-content\/uploads\/2026\/01\/need-for-speed-hot-pursuit-remastered-9.webp","contentUrl":"https:\/\/begamer.cz\/wp-content\/uploads\/2026\/01\/need-for-speed-hot-pursuit-remastered-9.webp","width":300,"height":400},{"@type":"BreadcrumbList","@id":"https:\/\/begamer.cz\/sk\/produkt\/need-for-speed-hot-pursuit-remastered-sk\/#breadcrumb","itemListElement":[{"@type":"ListItem","position":1,"name":"Domov","item":"https:\/\/begamer.cz\/sk\/"},{"@type":"ListItem","position":2,"name":"Obchod","item":"https:\/\/begamer.cz\/obchod\/"},{"@type":"ListItem","position":3,"name":"Need for Speed: Hot Pursuit &#8211; Remastered"}]},{"@type":"WebSite","@id":"https:\/\/begamer.cz\/sk\/#website","url":"https:\/\/begamer.cz\/sk\/","name":"BeGamer.cz","description":"","publisher":{"@id":"https:\/\/begamer.cz\/sk\/#organization"},"potentialAction":[{"@type":"SearchAction","target":{"@type":"EntryPoint","urlTemplate":"https:\/\/begamer.cz\/sk\/?s={search_term_string}"},"query-input":{"@type":"PropertyValueSpecification","valueRequired":true,"valueName":"search_term_string"}}],"inLanguage":"sk-SK"},{"@type":"Organization","@id":"https:\/\/begamer.cz\/sk\/#organization","name":"BeGamer.cz","url":"https:\/\/begamer.cz\/sk\/","logo":{"@type":"ImageObject","inLanguage":"sk-SK","@id":"https:\/\/begamer.cz\/sk\/#\/schema\/logo\/image\/","url":"https:\/\/begamer.cz\/wp-content\/uploads\/2025\/07\/logo.svg","contentUrl":"https:\/\/begamer.cz\/wp-content\/uploads\/2025\/07\/logo.svg","caption":"BeGamer.cz"},"image":{"@id":"https:\/\/begamer.cz\/sk\/#\/schema\/logo\/image\/"}}]}},"acf":[],"_links":{"self":[{"href":"https:\/\/begamer.cz\/sk\/wp-json\/wp\/v2\/product\/94160","targetHints":{"allow":["GET"]}}],"collection":[{"href":"https:\/\/begamer.cz\/sk\/wp-json\/wp\/v2\/product"}],"about":[{"href":"https:\/\/begamer.cz\/sk\/wp-json\/wp\/v2\/types\/product"}],"replies":[{"embeddable":true,"href":"https:\/\/begamer.cz\/sk\/wp-json\/wp\/v2\/comments?post=94160"}],"wp:featuredmedia":[{"embeddable":true,"href":"https:\/\/begamer.cz\/sk\/wp-json\/wp\/v2\/media\/11797"}],"wp:attachment":[{"href":"https:\/\/begamer.cz\/sk\/wp-json\/wp\/v2\/media?parent=94160"}],"wp:term":[{"taxonomy":"product_brand","embeddable":true,"href":"https:\/\/begamer.cz\/sk\/wp-json\/wp\/v2\/product_brand?post=94160"},{"taxonomy":"product_cat","embeddable":true,"href":"https:\/\/begamer.cz\/sk\/wp-json\/wp\/v2\/product_cat?post=94160"},{"taxonomy":"product_tag","embeddable":true,"href":"https:\/\/begamer.cz\/sk\/wp-json\/wp\/v2\/product_tag?post=94160"}],"curies":[{"name":"wp","href":"https:\/\/api.w.org\/{rel}","templated":true}]}}