{"id":94094,"date":"2026-01-30T15:57:17","date_gmt":"2026-01-30T14:57:17","guid":{"rendered":"https:\/\/begamer.cz\/produkt\/outriders-sk\/"},"modified":"2026-03-18T03:08:49","modified_gmt":"2026-03-18T02:08:49","slug":"outriders-sk","status":"publish","type":"product","link":"https:\/\/begamer.cz\/sk\/produkt\/outriders-sk\/","title":{"rendered":"Outriders"},"content":{"rendered":"<h1>O hre<\/h1>\n<p><span class=\"bb_img_ctn\"><video class=\"bb_img\" autoplay muted loop playsinline poster=\"https:\/\/shared.akamai.steamstatic.com\/store_item_assets\/steam\/apps\/680420\/extras\/7745bf26e45fb2602e92c197bbf60488.poster.avif?t=1728485147\" width=616 height=500 ><source src=\"https:\/\/shared.akamai.steamstatic.com\/store_item_assets\/steam\/apps\/680420\/extras\/7745bf26e45fb2602e92c197bbf60488.webm?t=1728485147\" type=\"video\/webm; codecs=vp9\"><source src=\"https:\/\/shared.akamai.steamstatic.com\/store_item_assets\/steam\/apps\/680420\/extras\/7745bf26e45fb2602e92c197bbf60488.mp4?t=1728485147\" type=\"video\/mp4\"><\/video><\/span><br \/>OUTRIDERS je kooperat\u00edvna RPG strie\u013ea\u010dka pre 1 a\u017e 3 hr\u00e1\u010dov, ktor\u00e1 sa odohr\u00e1va v origin\u00e1lnom, temnom a bezn\u00e1dejnom sci-fi vesm\u00edre.<\/p>\n<p>K\u00fdm \u013eudstvo krv\u00e1ca v z\u00e1kopoch Enochu, vy si vytvor\u00edte vlastn\u00e9ho Outridera a vyd\u00e1te sa na cestu cez nepriate\u013esk\u00fa plan\u00e9tu.<\/p>\n<p>V\u010faka bohat\u00e9mu pr\u00edbehu, ktor\u00fd sa odohr\u00e1va v rozmanitom svete, opust\u00edte slumy a chudobn\u00e9 \u0161tvrte First City a prejdete lesmi, horami a p\u00fa\u0161\u0165ou v snahe n\u00e1js\u0165 tajomn\u00fd sign\u00e1l.<\/p>\n<p>OUTRIDERS kombinuje intenz\u00edvnu stre\u013ebu s n\u00e1siln\u00fdmi silami a arzen\u00e1lom \u010doraz viac pokriven\u00fdch zbran\u00ed a v\u00fdstroja a pon\u00faka nespo\u010detn\u00e9 hodiny hrania od jedn\u00e9ho z najlep\u0161\u00edch v\u00fdvoj\u00e1rov strie\u013ea\u010diek v odvetv\u00ed \u2013 People Can Fly.<\/p>\n<h2 class=\"bb_tag\" >CESTA SMRTI<\/h2>\n<p>Ke\u010f \u013eudstvo krv\u00e1ca v z\u00e1kopoch Enochu, mus\u00edte sa vyda\u0165 na cestu cez nepriate\u013esk\u00fa cudziu plan\u00e9tu v honbe za tajomn\u00fdm sign\u00e1lom, ktor\u00fd by mohol zachr\u00e1ni\u0165 to, \u010do zostalo z \u013eudstva. Ak pre\u017eijete, mocn\u00e1 Ereshkigal bude va\u0161ou kone\u010dnou sk\u00fa\u0161kou.<\/p>\n<h2 class=\"bb_tag\" >\u0160TYRI UNIK\u00c1TNE TRIEDY<\/h2>\n<p>Vyberte si zo \u0161tyroch odli\u0161n\u00fdch tried, z ktor\u00fdch ka\u017ed\u00e1 m\u00e1 svoje vlastn\u00e9 jedine\u010dn\u00e9 schopnosti, ktor\u00e9 definuj\u00fa v\u00e1\u0161 osobn\u00fd \u0161t\u00fdl hry. Zab\u00edjajte svojich nepriate\u013eov ako Trickster, sp\u00e1\u013ete ich ako Pyromancer, potrestajte ich zbl\u00edzka ako Devastator alebo sa s nimi stretnite na dia\u013eku ako Technomancer, majster \u0165a\u017ek\u00fdch zbran\u00ed.<\/p>\n<h2 class=\"bb_tag\" >VYZER\u00c1JTE A C\u00cd\u0164TE SA LEGEND\u00c1RNE<\/h2>\n<p>Vybavte sa pokriven\u00fdmi zbra\u0148ami a v\u00fdstrojom s jedine\u010dn\u00fdm divok\u00fdm sci-fi dizajnom vyroben\u00fdm z \u0165a\u017ek\u00e9ho, brut\u00e1lneho kovu a divok\u00fdch organick\u00fdch materi\u00e1lov.  A bez n\u00e1mahy preme\u0148te svoj vzh\u013ead na ak\u00fdko\u013evek kus v\u00fdstroja, ktor\u00fd ste nazbierali.<\/p>\n<h2 class=\"bb_tag\" >SMRTIACE VYTV\u00c1RANIE<\/h2>\n<p>Objavte nespo\u010detn\u00e9 mno\u017estvo konfigur\u00e1ci\u00ed, s ktor\u00fdmi m\u00f4\u017eete zni\u010di\u0165 svojich nepriate\u013eov nov\u00fdmi a jedine\u010dn\u00fdmi sp\u00f4sobmi. Vylep\u0161ite svoju v\u00fdbavu stovkami modifik\u00e1ci\u00ed zbran\u00ed a v\u00fdstroja, viacer\u00fdmi stromami zru\u010dnost\u00ed zalo\u017een\u00fdmi na triedach a atrib\u00fatov\u00fdmi bodmi. Akon\u00e1hle je va\u0161a konfigur\u00e1cia dokonal\u00e1, m\u00f4\u017eete zv\u00fd\u0161i\u0165 nap\u00e4tie zv\u00fd\u0161en\u00edm \u00farovne sveta, aby ste \u010delili \u0165a\u017e\u0161\u00edm nepriate\u013eom a z\u00edskali lep\u0161iu koris\u0165.<\/p>\n<h2 class=\"bb_tag\" >APOKALYPTICK\u00dd KONIEC HRY <\/h2>\n<p>Otestujte svoje zru\u010dnosti v Expeditions: 18 ru\u010dne vytvoren\u00fdch \u00farovniach konca hry s jedine\u010dn\u00fdmi mechanikami a v\u00fdzvami. A e\u0161te v\u00e4\u010d\u0161ie hr\u00f4zy v\u00e1s \u010dakaj\u00fa v The Trial of Tarya Gratar, intenz\u00edvnom dungeone s brut\u00e1lnymi bossmi.<\/p>\n<p><span class=\"bb_img_ctn\"><video class=\"bb_img\" autoplay muted loop playsinline poster=\"https:\/\/shared.akamai.steamstatic.com\/store_item_assets\/steam\/apps\/680420\/extras\/b4f0c1dd71e43fde31a9ed0fc805306d.poster.avif?t=1728485147\" width=616 height=430 ><source src=\"https:\/\/shared.akamai.steamstatic.com\/store_item_assets\/steam\/apps\/680420\/extras\/b4f0c1dd71e43fde31a9ed0fc805306d.webm?t=1728485147\" type=\"video\/webm; codecs=vp9\"><source src=\"https:\/\/shared.akamai.steamstatic.com\/store_item_assets\/steam\/apps\/680420\/extras\/b4f0c1dd71e43fde31a9ed0fc805306d.mp4?t=1728485147\" type=\"video\/mp4\"><\/video><\/span><\/p>\n","protected":false},"excerpt":{"rendered":"<p>Brut\u00e1lny a krvav\u00fd boj v hre Outriders kombinuje frenetick\u00fa stre\u013ebu, n\u00e1siln\u00e9 sily a hlbok\u00e9 RPG syst\u00e9my, \u010d\u00edm vytv\u00e1ra skuto\u010dn\u00fd hybrid \u017e\u00e1nrov.<\/p>\n","protected":false},"featured_media":11332,"comment_status":"open","ping_status":"closed","template":"","meta":{"_acf_changed":false},"product_brand":[],"product_cat":[419,427,431,9068,398,400],"product_tag":[],"class_list":{"0":"post-94094","1":"product","2":"type-product","3":"status-publish","4":"has-post-thumbnail","6":"product_cat-adventury-xbox-one-sk","7":"product_cat-kompatibilne-s-xbox-series-x-x-box-one-sk","8":"product_cat-rpg-xbox-one-sk","9":"product_cat-strielacky-7","10":"product_cat-xbox-hry-sk","11":"product_cat-xbox-one-sk","12":"pa_audio-de-de","13":"pa_audio-en-gb","14":"pa_audio-en-us","15":"pa_audio-es-es","16":"pa_audio-es-mx","18":"pa_audio-fr-fr","19":"pa_audio-it-it","20":"pa_audio-pl-pl","21":"pa_audio-pt-br","22":"pa_audio-pt-pt","24":"pa_audio-ru-ru","26":"pa_developer-people-can-fly","28":"pa_engine-unreal-engine-4","30":"pa_game_type-main_game","32":"pa_genres-adventure","34":"pa_genres-role-playing-rpg","36":"pa_genres-shooter","38":"pa_interface-de-de","39":"pa_interface-en-gb","40":"pa_interface-en-us","41":"pa_interface-es-es","42":"pa_interface-es-mx","43":"pa_interface-fr-fr","44":"pa_interface-it-it","45":"pa_interface-ja-jp","46":"pa_interface-ko-kr","47":"pa_interface-pl-pl","48":"pa_interface-pt-br","50":"pa_interface-pt-pt","52":"pa_interface-ru-ru","54":"pa_interface-zh-cn","55":"pa_interface-zh-tw","56":"pa_keywords-previously-on-stadia-pro","58":"pa_modes-co-operative","60":"pa_modes-multiplayer","62":"pa_modes-single-player","64":"pa_pegi-794","65":"pa_pegi-13426","66":"pa_platform-xbox-one-xbox-series-x","68":"pa_player_perspectives-third-person","70":"pa_publisher-square-enix","72":"pa_rating-14467","73":"pa_rating-1028","74":"pa_region-europe","76":"pa_subtitles-de-de","78":"pa_subtitles-en-gb","79":"pa_subtitles-en-us","80":"pa_subtitles-es-es","81":"pa_subtitles-es-mx","82":"pa_subtitles-fr-fr","83":"pa_subtitles-it-it","84":"pa_subtitles-ja-jp","85":"pa_subtitles-ko-kr","86":"pa_subtitles-pl-pl","87":"pa_subtitles-pt-br","88":"pa_subtitles-pt-pt","90":"pa_subtitles-ru-ru","92":"pa_subtitles-zh-cn","93":"pa_subtitles-zh-tw","94":"pa_themes-action","96":"pa_themes-science-fiction","99":"first","100":"outofstock","101":"virtual","102":"taxable","103":"purchasable","104":"product-type-simple"},"yoast_head":"<!-- This site is optimized with the Yoast SEO plugin v27.3 - https:\/\/yoast.com\/product\/yoast-seo-wordpress\/ -->\n<title>Outriders | BeGamer.cz<\/title>\n<meta name=\"robots\" content=\"index, follow, max-snippet:-1, max-image-preview:large, max-video-preview:-1\" \/>\n<link rel=\"canonical\" href=\"https:\/\/begamer.cz\/sk\/produkt\/outriders-sk\/\" \/>\n<meta property=\"og:locale\" content=\"sk_SK\" \/>\n<meta property=\"og:type\" content=\"article\" \/>\n<meta property=\"og:title\" content=\"Outriders | BeGamer.cz\" \/>\n<meta property=\"og:description\" content=\"Brut\u00e1lny a krvav\u00fd boj v hre Outriders kombinuje frenetick\u00fa stre\u013ebu, n\u00e1siln\u00e9 sily a hlbok\u00e9 RPG syst\u00e9my, \u010d\u00edm vytv\u00e1ra skuto\u010dn\u00fd hybrid \u017e\u00e1nrov.\" \/>\n<meta property=\"og:url\" content=\"https:\/\/begamer.cz\/sk\/produkt\/outriders-sk\/\" \/>\n<meta property=\"og:site_name\" content=\"BeGamer.cz\" \/>\n<meta property=\"article:modified_time\" content=\"2026-03-18T02:08:49+00:00\" \/>\n<meta property=\"og:image\" content=\"https:\/\/begamer.cz\/wp-content\/uploads\/2026\/01\/outriders-10.webp\" \/>\n\t<meta property=\"og:image:width\" content=\"300\" \/>\n\t<meta property=\"og:image:height\" content=\"400\" \/>\n\t<meta property=\"og:image:type\" content=\"image\/webp\" \/>\n<meta name=\"twitter:card\" content=\"summary_large_image\" \/>\n<meta name=\"twitter:label1\" content=\"Predpokladan\u00fd \u010das \u010d\u00edtania\" \/>\n\t<meta name=\"twitter:data1\" content=\"2 min\u00faty\" \/>\n<script type=\"application\/ld+json\" class=\"yoast-schema-graph\">{\"@context\":\"https:\\\/\\\/schema.org\",\"@graph\":[{\"@type\":\"WebPage\",\"@id\":\"https:\\\/\\\/begamer.cz\\\/sk\\\/produkt\\\/outriders-sk\\\/\",\"url\":\"https:\\\/\\\/begamer.cz\\\/sk\\\/produkt\\\/outriders-sk\\\/\",\"name\":\"Outriders | BeGamer.cz\",\"isPartOf\":{\"@id\":\"https:\\\/\\\/begamer.cz\\\/sk\\\/#website\"},\"primaryImageOfPage\":{\"@id\":\"https:\\\/\\\/begamer.cz\\\/sk\\\/produkt\\\/outriders-sk\\\/#primaryimage\"},\"image\":{\"@id\":\"https:\\\/\\\/begamer.cz\\\/sk\\\/produkt\\\/outriders-sk\\\/#primaryimage\"},\"thumbnailUrl\":\"https:\\\/\\\/begamer.cz\\\/wp-content\\\/uploads\\\/2026\\\/01\\\/outriders-10.webp\",\"datePublished\":\"2026-01-30T14:57:17+00:00\",\"dateModified\":\"2026-03-18T02:08:49+00:00\",\"breadcrumb\":{\"@id\":\"https:\\\/\\\/begamer.cz\\\/sk\\\/produkt\\\/outriders-sk\\\/#breadcrumb\"},\"inLanguage\":\"sk-SK\",\"potentialAction\":[{\"@type\":\"ReadAction\",\"target\":[\"https:\\\/\\\/begamer.cz\\\/sk\\\/produkt\\\/outriders-sk\\\/\"]}]},{\"@type\":\"ImageObject\",\"inLanguage\":\"sk-SK\",\"@id\":\"https:\\\/\\\/begamer.cz\\\/sk\\\/produkt\\\/outriders-sk\\\/#primaryimage\",\"url\":\"https:\\\/\\\/begamer.cz\\\/wp-content\\\/uploads\\\/2026\\\/01\\\/outriders-10.webp\",\"contentUrl\":\"https:\\\/\\\/begamer.cz\\\/wp-content\\\/uploads\\\/2026\\\/01\\\/outriders-10.webp\",\"width\":300,\"height\":400},{\"@type\":\"BreadcrumbList\",\"@id\":\"https:\\\/\\\/begamer.cz\\\/sk\\\/produkt\\\/outriders-sk\\\/#breadcrumb\",\"itemListElement\":[{\"@type\":\"ListItem\",\"position\":1,\"name\":\"Domov\",\"item\":\"https:\\\/\\\/begamer.cz\\\/sk\\\/\"},{\"@type\":\"ListItem\",\"position\":2,\"name\":\"Obchod\",\"item\":\"https:\\\/\\\/begamer.cz\\\/obchod\\\/\"},{\"@type\":\"ListItem\",\"position\":3,\"name\":\"Outriders\"}]},{\"@type\":\"WebSite\",\"@id\":\"https:\\\/\\\/begamer.cz\\\/sk\\\/#website\",\"url\":\"https:\\\/\\\/begamer.cz\\\/sk\\\/\",\"name\":\"BeGamer.cz\",\"description\":\"\",\"publisher\":{\"@id\":\"https:\\\/\\\/begamer.cz\\\/sk\\\/#organization\"},\"potentialAction\":[{\"@type\":\"SearchAction\",\"target\":{\"@type\":\"EntryPoint\",\"urlTemplate\":\"https:\\\/\\\/begamer.cz\\\/sk\\\/?s={search_term_string}\"},\"query-input\":{\"@type\":\"PropertyValueSpecification\",\"valueRequired\":true,\"valueName\":\"search_term_string\"}}],\"inLanguage\":\"sk-SK\"},{\"@type\":\"Organization\",\"@id\":\"https:\\\/\\\/begamer.cz\\\/sk\\\/#organization\",\"name\":\"BeGamer.cz\",\"url\":\"https:\\\/\\\/begamer.cz\\\/sk\\\/\",\"logo\":{\"@type\":\"ImageObject\",\"inLanguage\":\"sk-SK\",\"@id\":\"https:\\\/\\\/begamer.cz\\\/sk\\\/#\\\/schema\\\/logo\\\/image\\\/\",\"url\":\"https:\\\/\\\/begamer.cz\\\/wp-content\\\/uploads\\\/2025\\\/07\\\/logo.svg\",\"contentUrl\":\"https:\\\/\\\/begamer.cz\\\/wp-content\\\/uploads\\\/2025\\\/07\\\/logo.svg\",\"caption\":\"BeGamer.cz\"},\"image\":{\"@id\":\"https:\\\/\\\/begamer.cz\\\/sk\\\/#\\\/schema\\\/logo\\\/image\\\/\"}}]}<\/script>\n<!-- \/ Yoast SEO plugin. -->","yoast_head_json":{"title":"Outriders | BeGamer.cz","robots":{"index":"index","follow":"follow","max-snippet":"max-snippet:-1","max-image-preview":"max-image-preview:large","max-video-preview":"max-video-preview:-1"},"canonical":"https:\/\/begamer.cz\/sk\/produkt\/outriders-sk\/","og_locale":"sk_SK","og_type":"article","og_title":"Outriders | BeGamer.cz","og_description":"Brut\u00e1lny a krvav\u00fd boj v hre Outriders kombinuje frenetick\u00fa stre\u013ebu, n\u00e1siln\u00e9 sily a hlbok\u00e9 RPG syst\u00e9my, \u010d\u00edm vytv\u00e1ra skuto\u010dn\u00fd hybrid \u017e\u00e1nrov.","og_url":"https:\/\/begamer.cz\/sk\/produkt\/outriders-sk\/","og_site_name":"BeGamer.cz","article_modified_time":"2026-03-18T02:08:49+00:00","og_image":[{"width":300,"height":400,"url":"https:\/\/begamer.cz\/wp-content\/uploads\/2026\/01\/outriders-10.webp","type":"image\/webp"}],"twitter_card":"summary_large_image","twitter_misc":{"Predpokladan\u00fd \u010das \u010d\u00edtania":"2 min\u00faty"},"schema":{"@context":"https:\/\/schema.org","@graph":[{"@type":"WebPage","@id":"https:\/\/begamer.cz\/sk\/produkt\/outriders-sk\/","url":"https:\/\/begamer.cz\/sk\/produkt\/outriders-sk\/","name":"Outriders | BeGamer.cz","isPartOf":{"@id":"https:\/\/begamer.cz\/sk\/#website"},"primaryImageOfPage":{"@id":"https:\/\/begamer.cz\/sk\/produkt\/outriders-sk\/#primaryimage"},"image":{"@id":"https:\/\/begamer.cz\/sk\/produkt\/outriders-sk\/#primaryimage"},"thumbnailUrl":"https:\/\/begamer.cz\/wp-content\/uploads\/2026\/01\/outriders-10.webp","datePublished":"2026-01-30T14:57:17+00:00","dateModified":"2026-03-18T02:08:49+00:00","breadcrumb":{"@id":"https:\/\/begamer.cz\/sk\/produkt\/outriders-sk\/#breadcrumb"},"inLanguage":"sk-SK","potentialAction":[{"@type":"ReadAction","target":["https:\/\/begamer.cz\/sk\/produkt\/outriders-sk\/"]}]},{"@type":"ImageObject","inLanguage":"sk-SK","@id":"https:\/\/begamer.cz\/sk\/produkt\/outriders-sk\/#primaryimage","url":"https:\/\/begamer.cz\/wp-content\/uploads\/2026\/01\/outriders-10.webp","contentUrl":"https:\/\/begamer.cz\/wp-content\/uploads\/2026\/01\/outriders-10.webp","width":300,"height":400},{"@type":"BreadcrumbList","@id":"https:\/\/begamer.cz\/sk\/produkt\/outriders-sk\/#breadcrumb","itemListElement":[{"@type":"ListItem","position":1,"name":"Domov","item":"https:\/\/begamer.cz\/sk\/"},{"@type":"ListItem","position":2,"name":"Obchod","item":"https:\/\/begamer.cz\/obchod\/"},{"@type":"ListItem","position":3,"name":"Outriders"}]},{"@type":"WebSite","@id":"https:\/\/begamer.cz\/sk\/#website","url":"https:\/\/begamer.cz\/sk\/","name":"BeGamer.cz","description":"","publisher":{"@id":"https:\/\/begamer.cz\/sk\/#organization"},"potentialAction":[{"@type":"SearchAction","target":{"@type":"EntryPoint","urlTemplate":"https:\/\/begamer.cz\/sk\/?s={search_term_string}"},"query-input":{"@type":"PropertyValueSpecification","valueRequired":true,"valueName":"search_term_string"}}],"inLanguage":"sk-SK"},{"@type":"Organization","@id":"https:\/\/begamer.cz\/sk\/#organization","name":"BeGamer.cz","url":"https:\/\/begamer.cz\/sk\/","logo":{"@type":"ImageObject","inLanguage":"sk-SK","@id":"https:\/\/begamer.cz\/sk\/#\/schema\/logo\/image\/","url":"https:\/\/begamer.cz\/wp-content\/uploads\/2025\/07\/logo.svg","contentUrl":"https:\/\/begamer.cz\/wp-content\/uploads\/2025\/07\/logo.svg","caption":"BeGamer.cz"},"image":{"@id":"https:\/\/begamer.cz\/sk\/#\/schema\/logo\/image\/"}}]}},"acf":[],"_links":{"self":[{"href":"https:\/\/begamer.cz\/sk\/wp-json\/wp\/v2\/product\/94094","targetHints":{"allow":["GET"]}}],"collection":[{"href":"https:\/\/begamer.cz\/sk\/wp-json\/wp\/v2\/product"}],"about":[{"href":"https:\/\/begamer.cz\/sk\/wp-json\/wp\/v2\/types\/product"}],"replies":[{"embeddable":true,"href":"https:\/\/begamer.cz\/sk\/wp-json\/wp\/v2\/comments?post=94094"}],"wp:featuredmedia":[{"embeddable":true,"href":"https:\/\/begamer.cz\/sk\/wp-json\/wp\/v2\/media\/11332"}],"wp:attachment":[{"href":"https:\/\/begamer.cz\/sk\/wp-json\/wp\/v2\/media?parent=94094"}],"wp:term":[{"taxonomy":"product_brand","embeddable":true,"href":"https:\/\/begamer.cz\/sk\/wp-json\/wp\/v2\/product_brand?post=94094"},{"taxonomy":"product_cat","embeddable":true,"href":"https:\/\/begamer.cz\/sk\/wp-json\/wp\/v2\/product_cat?post=94094"},{"taxonomy":"product_tag","embeddable":true,"href":"https:\/\/begamer.cz\/sk\/wp-json\/wp\/v2\/product_tag?post=94094"}],"curies":[{"name":"wp","href":"https:\/\/api.w.org\/{rel}","templated":true}]}}