{"id":94073,"date":"2026-01-30T15:56:49","date_gmt":"2026-01-30T14:56:49","guid":{"rendered":"https:\/\/begamer.cz\/produkt\/greedfall-the-de-vespe-conspiracy-sk\/"},"modified":"2026-03-18T03:08:12","modified_gmt":"2026-03-18T02:08:12","slug":"greedfall-the-de-vespe-conspiracy-sk","status":"publish","type":"product","link":"https:\/\/begamer.cz\/sk\/produkt\/greedfall-the-de-vespe-conspiracy-sk\/","title":{"rendered":"GreedFall: The De Vespe Conspiracy"},"content":{"rendered":"<p>Roz\u0161\u00edrte RPG dobrodru\u017estvo GreedFall s roz\u0161\u00edren\u00edm The de Vespe Conspiracy a objavte \u00faplne nov\u00fd pr\u00edbeh na ostrove Teer Fradee.<\/p>\n<p>Prepl\u00e1vajte sie\u0165ou intr\u00edg, manipul\u00e1ci\u00ed a tajomstiev, zatia\u013e \u010do odha\u013eujete zlo\u010dinn\u00e9 sprisahanie, ktor\u00e9 ohrozuje rovnov\u00e1hu s\u00edl. Presk\u00famajte doteraz neobjavovan\u00fa oblas\u0165 ostrova, bojujte s podivn\u00fdmi nov\u00fdmi be\u0161tiami a postavte sa proti zlo\u010dineckej novej nepriate\u013eskej frakcii vo va\u0161om p\u00e1tran\u00ed po pravde.<\/p>\n<p>Toto roz\u0161\u00edrenie prin\u00e1\u0161a nov\u00fa oblas\u0165, typy nepriate\u013eov, kost\u00fdmy, zbrane a zmluvy s prekvapiv\u00fdm pr\u00edbehom, ktor\u00fd roz\u0161iruje oslavovan\u00fd pr\u00edbeh hry GreedFall.<\/p>\n<p>\u2022 Za\u017eite nov\u00e9 strhuj\u00face dobrodru\u017estvo a odha\u013ete sprisahanie.<br \/>\n<br \/>\u2022 Presk\u00famajte nov\u00fa oblas\u0165 Aid\u00e1g ol creidaw, zn\u00e1mu aj ako \u201eThe Flaming Blood\u201c (Plamenn\u00e1 krv)<br \/>.<br \/>\n\u2022 N\u00e1jdite a vyrobte nov\u00e9 zbrane a kost\u00fdmy<br \/>.<br \/>\n\u2022 Bojujte s nov\u00fdmi zvieratami a typmi \u013eudsk\u00fdch nepriate\u013eov.<\/p>\n","protected":false},"excerpt":{"rendered":"<p>Presk\u00famajte nov\u00fa oblas\u0165 na ostrove Teer Fradee, \u010delite nezn\u00e1mym nepriate\u013eom, preplietajte sa spletitou sie\u0165ou intr\u00edg a odha\u013ete sprisahanie rodu de Vespe. Toto roz\u0161\u00edrenie prin\u00e1\u0161a nov\u00fdch nepriate\u013eov a v\u00fdbavu s prekvapiv\u00fdm dejom, ktor\u00fd roz\u0161iruje ospevovan\u00fd pr\u00edbeh hry GreedFall.<\/p>\n","protected":false},"featured_media":11146,"comment_status":"open","ping_status":"closed","template":"","meta":{"_acf_changed":false},"product_brand":[],"product_cat":[461,452,398,438],"product_tag":[],"class_list":{"0":"post-94073","1":"product","2":"type-product","3":"status-publish","4":"has-post-thumbnail","6":"product_cat-dobrodruzne-xbox-series-x-s-sk","7":"product_cat-rpg-xbox-series-x-s-sk","8":"product_cat-xbox-hry-sk","9":"product_cat-xbox-series-x-s-sk","10":"pa_audio-en-us","12":"pa_countries-at","13":"pa_countries-be","14":"pa_countries-bg","15":"pa_countries-cy","16":"pa_countries-cz","18":"pa_countries-de","19":"pa_countries-dk","20":"pa_countries-ee","21":"pa_countries-es","22":"pa_countries-fi","23":"pa_countries-fr","24":"pa_countries-gr","25":"pa_countries-hr","26":"pa_countries-hu","27":"pa_countries-ie","28":"pa_countries-it","29":"pa_countries-lt","30":"pa_countries-lu","31":"pa_countries-lv","32":"pa_countries-mt","33":"pa_countries-nl","34":"pa_countries-pl","35":"pa_countries-pt","36":"pa_countries-ro","37":"pa_countries-se","38":"pa_countries-si","39":"pa_countries-sk","40":"pa_developer-spiders","42":"pa_game_type-dlc","44":"pa_genres-adventure","45":"pa_genres-role-playing-rpg","47":"pa_interface-de-de","48":"pa_interface-en-us","49":"pa_interface-es-es","50":"pa_interface-fr-fr","51":"pa_interface-it-it","52":"pa_interface-pl-pl","53":"pa_interface-pt-br","54":"pa_interface-ru-ru","56":"pa_interface-zh-cn","57":"pa_modes-single-player","59":"pa_pegi-13426","60":"pa_pegi-794","61":"pa_platform-xbox-one-xbox-series-x-s","63":"pa_player_perspectives-third-person","65":"pa_publisher-focus-entertainment","67":"pa_rating-14441","68":"pa_rating-773","69":"pa_region-europe","71":"pa_subtitles-de-de","73":"pa_subtitles-en-us","74":"pa_subtitles-es-es","75":"pa_subtitles-fr-fr","76":"pa_subtitles-it-it","77":"pa_subtitles-pl-pl","78":"pa_subtitles-pt-br","79":"pa_subtitles-ru-ru","80":"pa_subtitles-zh-cn","81":"pa_themes-action","82":"pa_themes-fantasy","83":"pa_themes-mystery","86":"first","87":"instock","88":"virtual","89":"taxable","90":"purchasable","91":"product-type-simple"},"yoast_head":"<!-- This site is optimized with the Yoast SEO plugin v27.3 - https:\/\/yoast.com\/product\/yoast-seo-wordpress\/ -->\n<title>GreedFall: The De Vespe Conspiracy | BeGamer.cz<\/title>\n<meta name=\"robots\" content=\"index, follow, max-snippet:-1, max-image-preview:large, max-video-preview:-1\" \/>\n<link rel=\"canonical\" href=\"https:\/\/begamer.cz\/sk\/produkt\/greedfall-the-de-vespe-conspiracy-sk\/\" \/>\n<meta property=\"og:locale\" content=\"sk_SK\" \/>\n<meta property=\"og:type\" content=\"article\" \/>\n<meta property=\"og:title\" content=\"GreedFall: The De Vespe Conspiracy | BeGamer.cz\" \/>\n<meta property=\"og:description\" content=\"Presk\u00famajte nov\u00fa oblas\u0165 na ostrove Teer Fradee, \u010delite nezn\u00e1mym nepriate\u013eom, preplietajte sa spletitou sie\u0165ou intr\u00edg a odha\u013ete sprisahanie rodu de Vespe. Toto roz\u0161\u00edrenie prin\u00e1\u0161a nov\u00fdch nepriate\u013eov a v\u00fdbavu s prekvapiv\u00fdm dejom, ktor\u00fd roz\u0161iruje ospevovan\u00fd pr\u00edbeh hry GreedFall.\" \/>\n<meta property=\"og:url\" content=\"https:\/\/begamer.cz\/sk\/produkt\/greedfall-the-de-vespe-conspiracy-sk\/\" \/>\n<meta property=\"og:site_name\" content=\"BeGamer.cz\" \/>\n<meta property=\"article:modified_time\" content=\"2026-03-18T02:08:12+00:00\" \/>\n<meta property=\"og:image\" content=\"https:\/\/begamer.cz\/wp-content\/uploads\/2026\/01\/greedfall-the-de-vespe-conspiracy-1.webp\" \/>\n\t<meta property=\"og:image:width\" content=\"300\" \/>\n\t<meta property=\"og:image:height\" content=\"400\" \/>\n\t<meta property=\"og:image:type\" content=\"image\/webp\" \/>\n<meta name=\"twitter:card\" content=\"summary_large_image\" \/>\n<meta name=\"twitter:label1\" content=\"Predpokladan\u00fd \u010das \u010d\u00edtania\" \/>\n\t<meta name=\"twitter:data1\" content=\"1 min\u00fata\" \/>\n<script type=\"application\/ld+json\" class=\"yoast-schema-graph\">{\"@context\":\"https:\\\/\\\/schema.org\",\"@graph\":[{\"@type\":\"WebPage\",\"@id\":\"https:\\\/\\\/begamer.cz\\\/sk\\\/produkt\\\/greedfall-the-de-vespe-conspiracy-sk\\\/\",\"url\":\"https:\\\/\\\/begamer.cz\\\/sk\\\/produkt\\\/greedfall-the-de-vespe-conspiracy-sk\\\/\",\"name\":\"GreedFall: The De Vespe Conspiracy | BeGamer.cz\",\"isPartOf\":{\"@id\":\"https:\\\/\\\/begamer.cz\\\/sk\\\/#website\"},\"primaryImageOfPage\":{\"@id\":\"https:\\\/\\\/begamer.cz\\\/sk\\\/produkt\\\/greedfall-the-de-vespe-conspiracy-sk\\\/#primaryimage\"},\"image\":{\"@id\":\"https:\\\/\\\/begamer.cz\\\/sk\\\/produkt\\\/greedfall-the-de-vespe-conspiracy-sk\\\/#primaryimage\"},\"thumbnailUrl\":\"https:\\\/\\\/begamer.cz\\\/wp-content\\\/uploads\\\/2026\\\/01\\\/greedfall-the-de-vespe-conspiracy-1.webp\",\"datePublished\":\"2026-01-30T14:56:49+00:00\",\"dateModified\":\"2026-03-18T02:08:12+00:00\",\"breadcrumb\":{\"@id\":\"https:\\\/\\\/begamer.cz\\\/sk\\\/produkt\\\/greedfall-the-de-vespe-conspiracy-sk\\\/#breadcrumb\"},\"inLanguage\":\"sk-SK\",\"potentialAction\":[{\"@type\":\"ReadAction\",\"target\":[\"https:\\\/\\\/begamer.cz\\\/sk\\\/produkt\\\/greedfall-the-de-vespe-conspiracy-sk\\\/\"]}]},{\"@type\":\"ImageObject\",\"inLanguage\":\"sk-SK\",\"@id\":\"https:\\\/\\\/begamer.cz\\\/sk\\\/produkt\\\/greedfall-the-de-vespe-conspiracy-sk\\\/#primaryimage\",\"url\":\"https:\\\/\\\/begamer.cz\\\/wp-content\\\/uploads\\\/2026\\\/01\\\/greedfall-the-de-vespe-conspiracy-1.webp\",\"contentUrl\":\"https:\\\/\\\/begamer.cz\\\/wp-content\\\/uploads\\\/2026\\\/01\\\/greedfall-the-de-vespe-conspiracy-1.webp\",\"width\":300,\"height\":400},{\"@type\":\"BreadcrumbList\",\"@id\":\"https:\\\/\\\/begamer.cz\\\/sk\\\/produkt\\\/greedfall-the-de-vespe-conspiracy-sk\\\/#breadcrumb\",\"itemListElement\":[{\"@type\":\"ListItem\",\"position\":1,\"name\":\"Domov\",\"item\":\"https:\\\/\\\/begamer.cz\\\/sk\\\/\"},{\"@type\":\"ListItem\",\"position\":2,\"name\":\"Obchod\",\"item\":\"https:\\\/\\\/begamer.cz\\\/obchod\\\/\"},{\"@type\":\"ListItem\",\"position\":3,\"name\":\"GreedFall: The De Vespe Conspiracy\"}]},{\"@type\":\"WebSite\",\"@id\":\"https:\\\/\\\/begamer.cz\\\/sk\\\/#website\",\"url\":\"https:\\\/\\\/begamer.cz\\\/sk\\\/\",\"name\":\"BeGamer.cz\",\"description\":\"\",\"publisher\":{\"@id\":\"https:\\\/\\\/begamer.cz\\\/sk\\\/#organization\"},\"potentialAction\":[{\"@type\":\"SearchAction\",\"target\":{\"@type\":\"EntryPoint\",\"urlTemplate\":\"https:\\\/\\\/begamer.cz\\\/sk\\\/?s={search_term_string}\"},\"query-input\":{\"@type\":\"PropertyValueSpecification\",\"valueRequired\":true,\"valueName\":\"search_term_string\"}}],\"inLanguage\":\"sk-SK\"},{\"@type\":\"Organization\",\"@id\":\"https:\\\/\\\/begamer.cz\\\/sk\\\/#organization\",\"name\":\"BeGamer.cz\",\"url\":\"https:\\\/\\\/begamer.cz\\\/sk\\\/\",\"logo\":{\"@type\":\"ImageObject\",\"inLanguage\":\"sk-SK\",\"@id\":\"https:\\\/\\\/begamer.cz\\\/sk\\\/#\\\/schema\\\/logo\\\/image\\\/\",\"url\":\"https:\\\/\\\/begamer.cz\\\/wp-content\\\/uploads\\\/2025\\\/07\\\/logo.svg\",\"contentUrl\":\"https:\\\/\\\/begamer.cz\\\/wp-content\\\/uploads\\\/2025\\\/07\\\/logo.svg\",\"caption\":\"BeGamer.cz\"},\"image\":{\"@id\":\"https:\\\/\\\/begamer.cz\\\/sk\\\/#\\\/schema\\\/logo\\\/image\\\/\"}}]}<\/script>\n<!-- \/ Yoast SEO plugin. -->","yoast_head_json":{"title":"GreedFall: The De Vespe Conspiracy | BeGamer.cz","robots":{"index":"index","follow":"follow","max-snippet":"max-snippet:-1","max-image-preview":"max-image-preview:large","max-video-preview":"max-video-preview:-1"},"canonical":"https:\/\/begamer.cz\/sk\/produkt\/greedfall-the-de-vespe-conspiracy-sk\/","og_locale":"sk_SK","og_type":"article","og_title":"GreedFall: The De Vespe Conspiracy | BeGamer.cz","og_description":"Presk\u00famajte nov\u00fa oblas\u0165 na ostrove Teer Fradee, \u010delite nezn\u00e1mym nepriate\u013eom, preplietajte sa spletitou sie\u0165ou intr\u00edg a odha\u013ete sprisahanie rodu de Vespe. Toto roz\u0161\u00edrenie prin\u00e1\u0161a nov\u00fdch nepriate\u013eov a v\u00fdbavu s prekvapiv\u00fdm dejom, ktor\u00fd roz\u0161iruje ospevovan\u00fd pr\u00edbeh hry GreedFall.","og_url":"https:\/\/begamer.cz\/sk\/produkt\/greedfall-the-de-vespe-conspiracy-sk\/","og_site_name":"BeGamer.cz","article_modified_time":"2026-03-18T02:08:12+00:00","og_image":[{"width":300,"height":400,"url":"https:\/\/begamer.cz\/wp-content\/uploads\/2026\/01\/greedfall-the-de-vespe-conspiracy-1.webp","type":"image\/webp"}],"twitter_card":"summary_large_image","twitter_misc":{"Predpokladan\u00fd \u010das \u010d\u00edtania":"1 min\u00fata"},"schema":{"@context":"https:\/\/schema.org","@graph":[{"@type":"WebPage","@id":"https:\/\/begamer.cz\/sk\/produkt\/greedfall-the-de-vespe-conspiracy-sk\/","url":"https:\/\/begamer.cz\/sk\/produkt\/greedfall-the-de-vespe-conspiracy-sk\/","name":"GreedFall: The De Vespe Conspiracy | BeGamer.cz","isPartOf":{"@id":"https:\/\/begamer.cz\/sk\/#website"},"primaryImageOfPage":{"@id":"https:\/\/begamer.cz\/sk\/produkt\/greedfall-the-de-vespe-conspiracy-sk\/#primaryimage"},"image":{"@id":"https:\/\/begamer.cz\/sk\/produkt\/greedfall-the-de-vespe-conspiracy-sk\/#primaryimage"},"thumbnailUrl":"https:\/\/begamer.cz\/wp-content\/uploads\/2026\/01\/greedfall-the-de-vespe-conspiracy-1.webp","datePublished":"2026-01-30T14:56:49+00:00","dateModified":"2026-03-18T02:08:12+00:00","breadcrumb":{"@id":"https:\/\/begamer.cz\/sk\/produkt\/greedfall-the-de-vespe-conspiracy-sk\/#breadcrumb"},"inLanguage":"sk-SK","potentialAction":[{"@type":"ReadAction","target":["https:\/\/begamer.cz\/sk\/produkt\/greedfall-the-de-vespe-conspiracy-sk\/"]}]},{"@type":"ImageObject","inLanguage":"sk-SK","@id":"https:\/\/begamer.cz\/sk\/produkt\/greedfall-the-de-vespe-conspiracy-sk\/#primaryimage","url":"https:\/\/begamer.cz\/wp-content\/uploads\/2026\/01\/greedfall-the-de-vespe-conspiracy-1.webp","contentUrl":"https:\/\/begamer.cz\/wp-content\/uploads\/2026\/01\/greedfall-the-de-vespe-conspiracy-1.webp","width":300,"height":400},{"@type":"BreadcrumbList","@id":"https:\/\/begamer.cz\/sk\/produkt\/greedfall-the-de-vespe-conspiracy-sk\/#breadcrumb","itemListElement":[{"@type":"ListItem","position":1,"name":"Domov","item":"https:\/\/begamer.cz\/sk\/"},{"@type":"ListItem","position":2,"name":"Obchod","item":"https:\/\/begamer.cz\/obchod\/"},{"@type":"ListItem","position":3,"name":"GreedFall: The De Vespe Conspiracy"}]},{"@type":"WebSite","@id":"https:\/\/begamer.cz\/sk\/#website","url":"https:\/\/begamer.cz\/sk\/","name":"BeGamer.cz","description":"","publisher":{"@id":"https:\/\/begamer.cz\/sk\/#organization"},"potentialAction":[{"@type":"SearchAction","target":{"@type":"EntryPoint","urlTemplate":"https:\/\/begamer.cz\/sk\/?s={search_term_string}"},"query-input":{"@type":"PropertyValueSpecification","valueRequired":true,"valueName":"search_term_string"}}],"inLanguage":"sk-SK"},{"@type":"Organization","@id":"https:\/\/begamer.cz\/sk\/#organization","name":"BeGamer.cz","url":"https:\/\/begamer.cz\/sk\/","logo":{"@type":"ImageObject","inLanguage":"sk-SK","@id":"https:\/\/begamer.cz\/sk\/#\/schema\/logo\/image\/","url":"https:\/\/begamer.cz\/wp-content\/uploads\/2025\/07\/logo.svg","contentUrl":"https:\/\/begamer.cz\/wp-content\/uploads\/2025\/07\/logo.svg","caption":"BeGamer.cz"},"image":{"@id":"https:\/\/begamer.cz\/sk\/#\/schema\/logo\/image\/"}}]}},"acf":[],"_links":{"self":[{"href":"https:\/\/begamer.cz\/sk\/wp-json\/wp\/v2\/product\/94073","targetHints":{"allow":["GET"]}}],"collection":[{"href":"https:\/\/begamer.cz\/sk\/wp-json\/wp\/v2\/product"}],"about":[{"href":"https:\/\/begamer.cz\/sk\/wp-json\/wp\/v2\/types\/product"}],"replies":[{"embeddable":true,"href":"https:\/\/begamer.cz\/sk\/wp-json\/wp\/v2\/comments?post=94073"}],"wp:featuredmedia":[{"embeddable":true,"href":"https:\/\/begamer.cz\/sk\/wp-json\/wp\/v2\/media\/11146"}],"wp:attachment":[{"href":"https:\/\/begamer.cz\/sk\/wp-json\/wp\/v2\/media?parent=94073"}],"wp:term":[{"taxonomy":"product_brand","embeddable":true,"href":"https:\/\/begamer.cz\/sk\/wp-json\/wp\/v2\/product_brand?post=94073"},{"taxonomy":"product_cat","embeddable":true,"href":"https:\/\/begamer.cz\/sk\/wp-json\/wp\/v2\/product_cat?post=94073"},{"taxonomy":"product_tag","embeddable":true,"href":"https:\/\/begamer.cz\/sk\/wp-json\/wp\/v2\/product_tag?post=94073"}],"curies":[{"name":"wp","href":"https:\/\/api.w.org\/{rel}","templated":true}]}}