{"id":94067,"date":"2026-01-30T15:56:43","date_gmt":"2026-01-30T14:56:43","guid":{"rendered":"https:\/\/begamer.cz\/produkt\/tiny-tinas-wonderlands-season-pass-sk\/"},"modified":"2026-03-18T03:08:02","modified_gmt":"2026-03-18T02:08:02","slug":"tiny-tinas-wonderlands-season-pass-sk","status":"publish","type":"product","link":"https:\/\/begamer.cz\/sk\/produkt\/tiny-tinas-wonderlands-season-pass-sk\/","title":{"rendered":"Tiny Tina\u2019s Wonderlands: Season Pass"},"content":{"rendered":"<p><span class=\"bb_img_ctn\"><img decoding=\"async\" class=\"bb_img\" src=\"https:\/\/shared.akamai.steamstatic.com\/store_item_assets\/steam\/apps\/1621031\/extras\/978a004ea5d372572e8dce70dbe98875.avif?t=1660274514\" width=616 height=352 \/><\/span><br \/>Vytvorte si nov\u00fa siln\u00fa triedu a postavte sa nezvy\u010dajn\u00fdm v\u00fdzvam s sez\u00f3nnym preukazom Tiny Tina&#x27;s Wonderlands! Ponorte sa do Mirrors of Mystery, \u0161tyroch odli\u0161n\u00fdch dungeonov s impozantn\u00fdmi bossmi, ktor\u00ed menia svoju podobu. Ovl\u00e1dnite \u017eivly s novou triedou Blightcaller a objavte \u00faplne nov\u00e9 koristi, zatia\u013e \u010do sa budete bavi\u0165 s kozmetick\u00fdmi predmetmi z bal\u00ed\u010dka Butt Stallion Pack!<\/p>\n<p>Cestujte do Dreamveil Overlook, kde stretnete tajomn\u00fa Vesper, va\u0161u sprievodky\u0148u \u0161tyrmi tajomn\u00fdmi pr\u00edbehmi o ne\u0161\u0165ast\u00ed. Prejdite jej Mirrors of Mystery a nav\u0161t\u00edvte nov\u00e9 r\u00ed\u0161e str\u00e1\u017een\u00e9 desiv\u00fdmi bossmi s \u010doraz n\u00e1ro\u010dnej\u0161\u00edmi formami. Ich por\u00e1\u017eka v\u00e1m prinesie legend\u00e1rne zbrane a v\u00fdbavu, ako aj jedine\u010dn\u00e9 kozmetick\u00e9 doplnky \u2013 a dokon\u010denie dungeonu prid\u00e1 jeho obsah do mno\u017einy mo\u017enost\u00ed v Chaos Chamber, nekone\u010dne opakovate\u013enej kone\u010dnej f\u00e1ze hry Tiny Tina&#x27;s Wonderlands!<\/p>\n<p>Vytvorte e\u0161te viac kombin\u00e1ci\u00ed viacer\u00fdch tried s novou triedou Blightcaller, elementalistom s jedine\u010dn\u00fdm stromom talentov a dvoma nov\u00fdmi ak\u010dn\u00fdmi zru\u010dnos\u0165ami.<\/p>\n<p>Prebojujte sa cez \u0161tyri opakovan\u00e9 dungeony s nov\u00fdmi stretnutiami s bossmi s postupne sa zvy\u0161uj\u00facou obtia\u017enos\u0165ou a volite\u013en\u00fdmi v\u00fdzvami:<br \/>-Oslobodi\u0165 \u201eChums\u201c Star\u00e9ho boha z jeho m\u00e4sitej v\u00e4znice v Coiled Captors<br \/>-Porazte Imeldu, Sand Witch, a jej kotol kulin\u00e1rskeho chaosu v Glutton&#x27;s<br \/>Gamble-Zni\u010dte vra\u017eedn\u00e9 mechanizovan\u00e9 obrann\u00e9 syst\u00e9my Fyodora, Soul Warden, v Molten<br \/>Mirrors-Porazte Redmourne, Trivern, a pom\u00f4\u017ete Vesper unikn\u00fa\u0165 jej minulosti v Shattering Spectreglass<\/p>\n<p>Z\u00edskajte viac ako 100 nov\u00fdch legend\u00e1rnych zbran\u00ed, v\u00fdstroja a kozmetick\u00fdch predmetov!<\/p>\n<p>Roz\u0161\u00edrte si v\u00fdber n\u00e1hodn\u00e9ho obsahu a odmien v re\u017eime Chaos Chamber endgame!<\/p>\n<p>Predve\u010fte kozmetick\u00e9 predmety zahrnut\u00e9 v bal\u00ed\u010dku Butt Stallion Pack:<br \/>-Diamond Guard Armor Presets (3 predmety)<br \/>-Crystal Glitter Makeup Pack (5 predmetov)<br \/>-Adamant Throne Banner Set (2 predmety)<br \/>-Diamond Hero Statue Material<\/p>\n","protected":false},"excerpt":{"rendered":"<p>Ovl\u00e1dnite nov\u00fa mocn\u00fa triedu Blightcaller, ponorte sa do \u0161tyroch jedine\u010dn\u00fdch dungeonov, postavte sa impozantn\u00fdm bossom a objavte viac ako 100 nov\u00fdch legend\u00e1rnych zbran\u00ed, v\u00fdstroja a kozmetick\u00fdch predmetov v sez\u00f3nnom pase Tiny Tina\u2019s Wonderlands!<\/p>\n","protected":false},"featured_media":11119,"comment_status":"open","ping_status":"closed","template":"","meta":{"_acf_changed":false},"product_brand":[],"product_cat":[457,398,438],"product_tag":[],"class_list":{"0":"post-94067","1":"product","2":"type-product","3":"status-publish","4":"has-post-thumbnail","6":"product_cat-adventury-xbox-series-x-s-sk","7":"product_cat-xbox-hry-sk","8":"product_cat-xbox-series-x-s-sk","9":"pa_countries-at","10":"pa_countries-be","11":"pa_countries-bg","12":"pa_countries-cy","13":"pa_countries-cz","15":"pa_countries-de","16":"pa_countries-dk","17":"pa_countries-ee","18":"pa_countries-es","19":"pa_countries-fi","20":"pa_countries-fr","21":"pa_countries-gr","22":"pa_countries-hr","23":"pa_countries-hu","24":"pa_countries-ie","25":"pa_countries-it","26":"pa_countries-lt","27":"pa_countries-lu","28":"pa_countries-lv","29":"pa_countries-mt","30":"pa_countries-nl","31":"pa_countries-pl","32":"pa_countries-pt","33":"pa_countries-ro","34":"pa_countries-se","35":"pa_countries-si","36":"pa_countries-sk","37":"pa_developer-gearbox-software","39":"pa_game_type-dlc","41":"pa_genres-adventure","43":"pa_modes-single-player","45":"pa_pegi-956","46":"pa_pegi-13432","47":"pa_platform-xbox-one-xbox-series-x-s","49":"pa_publisher-2k","51":"pa_rating-14441","52":"pa_rating-773","53":"pa_region-europe","55":"pa_themes-action","58":"first","59":"instock","60":"virtual","61":"taxable","62":"purchasable","63":"product-type-simple"},"yoast_head":"<!-- This site is optimized with the Yoast SEO plugin v27.3 - https:\/\/yoast.com\/product\/yoast-seo-wordpress\/ -->\n<title>Tiny Tina&#039;s Wonderlands: Season Pass | BeGamer.cz<\/title>\n<meta name=\"robots\" content=\"index, follow, max-snippet:-1, max-image-preview:large, max-video-preview:-1\" \/>\n<link rel=\"canonical\" href=\"https:\/\/begamer.cz\/sk\/produkt\/tiny-tinas-wonderlands-season-pass-sk\/\" \/>\n<meta property=\"og:locale\" content=\"sk_SK\" \/>\n<meta property=\"og:type\" content=\"article\" \/>\n<meta property=\"og:title\" content=\"Tiny Tina&#039;s Wonderlands: Season Pass | BeGamer.cz\" \/>\n<meta property=\"og:description\" content=\"Ovl\u00e1dnite nov\u00fa mocn\u00fa triedu Blightcaller, ponorte sa do \u0161tyroch jedine\u010dn\u00fdch dungeonov, postavte sa impozantn\u00fdm bossom a objavte viac ako 100 nov\u00fdch legend\u00e1rnych zbran\u00ed, v\u00fdstroja a kozmetick\u00fdch predmetov v sez\u00f3nnom pase Tiny Tina\u2019s Wonderlands!\" \/>\n<meta property=\"og:url\" content=\"https:\/\/begamer.cz\/sk\/produkt\/tiny-tinas-wonderlands-season-pass-sk\/\" \/>\n<meta property=\"og:site_name\" content=\"BeGamer.cz\" \/>\n<meta property=\"article:modified_time\" content=\"2026-03-18T02:08:02+00:00\" \/>\n<meta property=\"og:image\" content=\"https:\/\/begamer.cz\/wp-content\/uploads\/2026\/01\/tiny-tinas-wonderlands-season-pass-6.webp\" \/>\n\t<meta property=\"og:image:width\" content=\"300\" \/>\n\t<meta property=\"og:image:height\" content=\"400\" \/>\n\t<meta property=\"og:image:type\" content=\"image\/webp\" \/>\n<meta name=\"twitter:card\" content=\"summary_large_image\" \/>\n<meta name=\"twitter:label1\" content=\"Predpokladan\u00fd \u010das \u010d\u00edtania\" \/>\n\t<meta name=\"twitter:data1\" content=\"2 min\u00faty\" \/>\n<script type=\"application\/ld+json\" class=\"yoast-schema-graph\">{\"@context\":\"https:\\\/\\\/schema.org\",\"@graph\":[{\"@type\":\"WebPage\",\"@id\":\"https:\\\/\\\/begamer.cz\\\/sk\\\/produkt\\\/tiny-tinas-wonderlands-season-pass-sk\\\/\",\"url\":\"https:\\\/\\\/begamer.cz\\\/sk\\\/produkt\\\/tiny-tinas-wonderlands-season-pass-sk\\\/\",\"name\":\"Tiny Tina's Wonderlands: Season Pass | BeGamer.cz\",\"isPartOf\":{\"@id\":\"https:\\\/\\\/begamer.cz\\\/sk\\\/#website\"},\"primaryImageOfPage\":{\"@id\":\"https:\\\/\\\/begamer.cz\\\/sk\\\/produkt\\\/tiny-tinas-wonderlands-season-pass-sk\\\/#primaryimage\"},\"image\":{\"@id\":\"https:\\\/\\\/begamer.cz\\\/sk\\\/produkt\\\/tiny-tinas-wonderlands-season-pass-sk\\\/#primaryimage\"},\"thumbnailUrl\":\"https:\\\/\\\/begamer.cz\\\/wp-content\\\/uploads\\\/2026\\\/01\\\/tiny-tinas-wonderlands-season-pass-6.webp\",\"datePublished\":\"2026-01-30T14:56:43+00:00\",\"dateModified\":\"2026-03-18T02:08:02+00:00\",\"breadcrumb\":{\"@id\":\"https:\\\/\\\/begamer.cz\\\/sk\\\/produkt\\\/tiny-tinas-wonderlands-season-pass-sk\\\/#breadcrumb\"},\"inLanguage\":\"sk-SK\",\"potentialAction\":[{\"@type\":\"ReadAction\",\"target\":[\"https:\\\/\\\/begamer.cz\\\/sk\\\/produkt\\\/tiny-tinas-wonderlands-season-pass-sk\\\/\"]}]},{\"@type\":\"ImageObject\",\"inLanguage\":\"sk-SK\",\"@id\":\"https:\\\/\\\/begamer.cz\\\/sk\\\/produkt\\\/tiny-tinas-wonderlands-season-pass-sk\\\/#primaryimage\",\"url\":\"https:\\\/\\\/begamer.cz\\\/wp-content\\\/uploads\\\/2026\\\/01\\\/tiny-tinas-wonderlands-season-pass-6.webp\",\"contentUrl\":\"https:\\\/\\\/begamer.cz\\\/wp-content\\\/uploads\\\/2026\\\/01\\\/tiny-tinas-wonderlands-season-pass-6.webp\",\"width\":300,\"height\":400},{\"@type\":\"BreadcrumbList\",\"@id\":\"https:\\\/\\\/begamer.cz\\\/sk\\\/produkt\\\/tiny-tinas-wonderlands-season-pass-sk\\\/#breadcrumb\",\"itemListElement\":[{\"@type\":\"ListItem\",\"position\":1,\"name\":\"Domov\",\"item\":\"https:\\\/\\\/begamer.cz\\\/sk\\\/\"},{\"@type\":\"ListItem\",\"position\":2,\"name\":\"Obchod\",\"item\":\"https:\\\/\\\/begamer.cz\\\/obchod\\\/\"},{\"@type\":\"ListItem\",\"position\":3,\"name\":\"Tiny Tina&#8217;s Wonderlands: Season Pass\"}]},{\"@type\":\"WebSite\",\"@id\":\"https:\\\/\\\/begamer.cz\\\/sk\\\/#website\",\"url\":\"https:\\\/\\\/begamer.cz\\\/sk\\\/\",\"name\":\"BeGamer.cz\",\"description\":\"\",\"publisher\":{\"@id\":\"https:\\\/\\\/begamer.cz\\\/sk\\\/#organization\"},\"potentialAction\":[{\"@type\":\"SearchAction\",\"target\":{\"@type\":\"EntryPoint\",\"urlTemplate\":\"https:\\\/\\\/begamer.cz\\\/sk\\\/?s={search_term_string}\"},\"query-input\":{\"@type\":\"PropertyValueSpecification\",\"valueRequired\":true,\"valueName\":\"search_term_string\"}}],\"inLanguage\":\"sk-SK\"},{\"@type\":\"Organization\",\"@id\":\"https:\\\/\\\/begamer.cz\\\/sk\\\/#organization\",\"name\":\"BeGamer.cz\",\"url\":\"https:\\\/\\\/begamer.cz\\\/sk\\\/\",\"logo\":{\"@type\":\"ImageObject\",\"inLanguage\":\"sk-SK\",\"@id\":\"https:\\\/\\\/begamer.cz\\\/sk\\\/#\\\/schema\\\/logo\\\/image\\\/\",\"url\":\"https:\\\/\\\/begamer.cz\\\/wp-content\\\/uploads\\\/2025\\\/07\\\/logo.svg\",\"contentUrl\":\"https:\\\/\\\/begamer.cz\\\/wp-content\\\/uploads\\\/2025\\\/07\\\/logo.svg\",\"caption\":\"BeGamer.cz\"},\"image\":{\"@id\":\"https:\\\/\\\/begamer.cz\\\/sk\\\/#\\\/schema\\\/logo\\\/image\\\/\"}}]}<\/script>\n<!-- \/ Yoast SEO plugin. -->","yoast_head_json":{"title":"Tiny Tina's Wonderlands: Season Pass | BeGamer.cz","robots":{"index":"index","follow":"follow","max-snippet":"max-snippet:-1","max-image-preview":"max-image-preview:large","max-video-preview":"max-video-preview:-1"},"canonical":"https:\/\/begamer.cz\/sk\/produkt\/tiny-tinas-wonderlands-season-pass-sk\/","og_locale":"sk_SK","og_type":"article","og_title":"Tiny Tina's Wonderlands: Season Pass | BeGamer.cz","og_description":"Ovl\u00e1dnite nov\u00fa mocn\u00fa triedu Blightcaller, ponorte sa do \u0161tyroch jedine\u010dn\u00fdch dungeonov, postavte sa impozantn\u00fdm bossom a objavte viac ako 100 nov\u00fdch legend\u00e1rnych zbran\u00ed, v\u00fdstroja a kozmetick\u00fdch predmetov v sez\u00f3nnom pase Tiny Tina\u2019s Wonderlands!","og_url":"https:\/\/begamer.cz\/sk\/produkt\/tiny-tinas-wonderlands-season-pass-sk\/","og_site_name":"BeGamer.cz","article_modified_time":"2026-03-18T02:08:02+00:00","og_image":[{"width":300,"height":400,"url":"https:\/\/begamer.cz\/wp-content\/uploads\/2026\/01\/tiny-tinas-wonderlands-season-pass-6.webp","type":"image\/webp"}],"twitter_card":"summary_large_image","twitter_misc":{"Predpokladan\u00fd \u010das \u010d\u00edtania":"2 min\u00faty"},"schema":{"@context":"https:\/\/schema.org","@graph":[{"@type":"WebPage","@id":"https:\/\/begamer.cz\/sk\/produkt\/tiny-tinas-wonderlands-season-pass-sk\/","url":"https:\/\/begamer.cz\/sk\/produkt\/tiny-tinas-wonderlands-season-pass-sk\/","name":"Tiny Tina's Wonderlands: Season Pass | BeGamer.cz","isPartOf":{"@id":"https:\/\/begamer.cz\/sk\/#website"},"primaryImageOfPage":{"@id":"https:\/\/begamer.cz\/sk\/produkt\/tiny-tinas-wonderlands-season-pass-sk\/#primaryimage"},"image":{"@id":"https:\/\/begamer.cz\/sk\/produkt\/tiny-tinas-wonderlands-season-pass-sk\/#primaryimage"},"thumbnailUrl":"https:\/\/begamer.cz\/wp-content\/uploads\/2026\/01\/tiny-tinas-wonderlands-season-pass-6.webp","datePublished":"2026-01-30T14:56:43+00:00","dateModified":"2026-03-18T02:08:02+00:00","breadcrumb":{"@id":"https:\/\/begamer.cz\/sk\/produkt\/tiny-tinas-wonderlands-season-pass-sk\/#breadcrumb"},"inLanguage":"sk-SK","potentialAction":[{"@type":"ReadAction","target":["https:\/\/begamer.cz\/sk\/produkt\/tiny-tinas-wonderlands-season-pass-sk\/"]}]},{"@type":"ImageObject","inLanguage":"sk-SK","@id":"https:\/\/begamer.cz\/sk\/produkt\/tiny-tinas-wonderlands-season-pass-sk\/#primaryimage","url":"https:\/\/begamer.cz\/wp-content\/uploads\/2026\/01\/tiny-tinas-wonderlands-season-pass-6.webp","contentUrl":"https:\/\/begamer.cz\/wp-content\/uploads\/2026\/01\/tiny-tinas-wonderlands-season-pass-6.webp","width":300,"height":400},{"@type":"BreadcrumbList","@id":"https:\/\/begamer.cz\/sk\/produkt\/tiny-tinas-wonderlands-season-pass-sk\/#breadcrumb","itemListElement":[{"@type":"ListItem","position":1,"name":"Domov","item":"https:\/\/begamer.cz\/sk\/"},{"@type":"ListItem","position":2,"name":"Obchod","item":"https:\/\/begamer.cz\/obchod\/"},{"@type":"ListItem","position":3,"name":"Tiny Tina&#8217;s Wonderlands: Season Pass"}]},{"@type":"WebSite","@id":"https:\/\/begamer.cz\/sk\/#website","url":"https:\/\/begamer.cz\/sk\/","name":"BeGamer.cz","description":"","publisher":{"@id":"https:\/\/begamer.cz\/sk\/#organization"},"potentialAction":[{"@type":"SearchAction","target":{"@type":"EntryPoint","urlTemplate":"https:\/\/begamer.cz\/sk\/?s={search_term_string}"},"query-input":{"@type":"PropertyValueSpecification","valueRequired":true,"valueName":"search_term_string"}}],"inLanguage":"sk-SK"},{"@type":"Organization","@id":"https:\/\/begamer.cz\/sk\/#organization","name":"BeGamer.cz","url":"https:\/\/begamer.cz\/sk\/","logo":{"@type":"ImageObject","inLanguage":"sk-SK","@id":"https:\/\/begamer.cz\/sk\/#\/schema\/logo\/image\/","url":"https:\/\/begamer.cz\/wp-content\/uploads\/2025\/07\/logo.svg","contentUrl":"https:\/\/begamer.cz\/wp-content\/uploads\/2025\/07\/logo.svg","caption":"BeGamer.cz"},"image":{"@id":"https:\/\/begamer.cz\/sk\/#\/schema\/logo\/image\/"}}]}},"acf":[],"_links":{"self":[{"href":"https:\/\/begamer.cz\/sk\/wp-json\/wp\/v2\/product\/94067","targetHints":{"allow":["GET"]}}],"collection":[{"href":"https:\/\/begamer.cz\/sk\/wp-json\/wp\/v2\/product"}],"about":[{"href":"https:\/\/begamer.cz\/sk\/wp-json\/wp\/v2\/types\/product"}],"replies":[{"embeddable":true,"href":"https:\/\/begamer.cz\/sk\/wp-json\/wp\/v2\/comments?post=94067"}],"wp:featuredmedia":[{"embeddable":true,"href":"https:\/\/begamer.cz\/sk\/wp-json\/wp\/v2\/media\/11119"}],"wp:attachment":[{"href":"https:\/\/begamer.cz\/sk\/wp-json\/wp\/v2\/media?parent=94067"}],"wp:term":[{"taxonomy":"product_brand","embeddable":true,"href":"https:\/\/begamer.cz\/sk\/wp-json\/wp\/v2\/product_brand?post=94067"},{"taxonomy":"product_cat","embeddable":true,"href":"https:\/\/begamer.cz\/sk\/wp-json\/wp\/v2\/product_cat?post=94067"},{"taxonomy":"product_tag","embeddable":true,"href":"https:\/\/begamer.cz\/sk\/wp-json\/wp\/v2\/product_tag?post=94067"}],"curies":[{"name":"wp","href":"https:\/\/api.w.org\/{rel}","templated":true}]}}