{"id":94055,"date":"2026-01-30T15:56:32","date_gmt":"2026-01-30T14:56:32","guid":{"rendered":"https:\/\/begamer.cz\/produkt\/mlb-the-show-22-sk\/"},"modified":"2026-03-18T03:07:22","modified_gmt":"2026-03-18T02:07:22","slug":"mlb-the-show-22-sk","status":"publish","type":"product","link":"https:\/\/begamer.cz\/sk\/produkt\/mlb-the-show-22-sk\/","title":{"rendered":"MLB The Show 22"},"content":{"rendered":"<p>Za\u017eite r\u00fdchlej\u0161iu, hlb\u0161iu a intenz\u00edvnej\u0161iu akciu na ihrisku v ka\u017edom okamihu, s r\u00f4znymi hern\u00fdmi re\u017eimami pre v\u0161etk\u00fdch za\u010d\u00ednaj\u00facich hr\u00e1\u010dov aj sk\u00fasen\u00fdch veter\u00e1nov.<\/p>\n<p>Ka\u017ed\u00fd nadhod. Ka\u017ed\u00fd \u00fader. Ka\u017ed\u00e9 v\u00ed\u0165azstvo. Zanechajte svoju stopu a ovl\u00e1dnite MLB The Show 22.<\/p>\n","protected":false},"excerpt":{"rendered":"<p>Za\u017eite vzru\u0161enie z Major League Baseball s MLB The Show 22. V\u010faka aktualizovan\u00fdm zoznamom hr\u00e1\u010dov, vylep\u0161en\u00fdm hern\u00fdm mechanizmom a p\u00f4sobivou grafikou v\u00e1m t\u00e1to digit\u00e1lna hra pon\u00faka autentick\u00fa baseballov\u00fa akciu. Hrajte pod\u013ea svojich predst\u00e1v v r\u00f4znych re\u017eimoch a s\u00fa\u0165a\u017ete online o najvy\u0161\u0161iu baseballov\u00fa sl\u00e1vu.<\/p>\n","protected":false},"featured_media":11029,"comment_status":"open","ping_status":"closed","template":"","meta":{"_acf_changed":false},"product_brand":[],"product_cat":[433,398,400],"product_tag":[],"class_list":{"0":"post-94055","1":"product","2":"type-product","3":"status-publish","4":"has-post-thumbnail","6":"product_cat-sportove-xbox-one-sk","7":"product_cat-xbox-hry-sk","8":"product_cat-xbox-one-sk","9":"pa_audio-en-us","11":"pa_countries-at","12":"pa_countries-be","13":"pa_countries-bg","14":"pa_countries-cy","15":"pa_countries-cz","17":"pa_countries-de","18":"pa_countries-dk","19":"pa_countries-ee","20":"pa_countries-es","21":"pa_countries-fi","22":"pa_countries-fr","23":"pa_countries-gr","24":"pa_countries-hu","25":"pa_countries-ie","26":"pa_countries-it","27":"pa_countries-lt","28":"pa_countries-lu","29":"pa_countries-lv","30":"pa_countries-mt","31":"pa_countries-nl","32":"pa_countries-pl","33":"pa_countries-pt","34":"pa_countries-ro","35":"pa_countries-se","36":"pa_countries-si","37":"pa_countries-sk","38":"pa_developer-sie-san-diego-studio","40":"pa_franchises-mlb","42":"pa_game_type-main_game","44":"pa_genres-simulator","45":"pa_genres-sport","47":"pa_interface-en-us","49":"pa_keywords-baseball","50":"pa_keywords-previously-on-xbox-gamepass","52":"pa_modes-multiplayer","54":"pa_modes-single-player","55":"pa_pegi-13430","56":"pa_pegi-943","57":"pa_platform-xbox-one","59":"pa_player_perspectives-bird-view-isometric","61":"pa_player_perspectives-first-person","62":"pa_player_perspectives-third-person","63":"pa_publisher-mlb-advanced-media","65":"pa_publisher-sony-interactive-entertainment","66":"pa_rating-1663","67":"pa_rating-14537","68":"pa_region-europe","70":"pa_themes-action","73":"first","74":"instock","75":"virtual","76":"taxable","77":"purchasable","78":"product-type-simple"},"yoast_head":"<!-- This site is optimized with the Yoast SEO plugin v27.3 - https:\/\/yoast.com\/product\/yoast-seo-wordpress\/ -->\n<title>MLB The Show 22 | BeGamer.cz<\/title>\n<meta name=\"robots\" content=\"index, follow, max-snippet:-1, max-image-preview:large, max-video-preview:-1\" \/>\n<link rel=\"canonical\" href=\"https:\/\/begamer.cz\/sk\/produkt\/mlb-the-show-22-sk\/\" \/>\n<meta property=\"og:locale\" content=\"sk_SK\" \/>\n<meta property=\"og:type\" content=\"article\" \/>\n<meta property=\"og:title\" content=\"MLB The Show 22 | BeGamer.cz\" \/>\n<meta property=\"og:description\" content=\"Za\u017eite vzru\u0161enie z Major League Baseball s MLB The Show 22. V\u010faka aktualizovan\u00fdm zoznamom hr\u00e1\u010dov, vylep\u0161en\u00fdm hern\u00fdm mechanizmom a p\u00f4sobivou grafikou v\u00e1m t\u00e1to digit\u00e1lna hra pon\u00faka autentick\u00fa baseballov\u00fa akciu. Hrajte pod\u013ea svojich predst\u00e1v v r\u00f4znych re\u017eimoch a s\u00fa\u0165a\u017ete online o najvy\u0161\u0161iu baseballov\u00fa sl\u00e1vu.\" \/>\n<meta property=\"og:url\" content=\"https:\/\/begamer.cz\/sk\/produkt\/mlb-the-show-22-sk\/\" \/>\n<meta property=\"og:site_name\" content=\"BeGamer.cz\" \/>\n<meta property=\"article:modified_time\" content=\"2026-03-18T02:07:22+00:00\" \/>\n<meta property=\"og:image\" content=\"https:\/\/begamer.cz\/wp-content\/uploads\/2026\/01\/mlb-the-show-22-7.webp\" \/>\n\t<meta property=\"og:image:width\" content=\"300\" \/>\n\t<meta property=\"og:image:height\" content=\"400\" \/>\n\t<meta property=\"og:image:type\" content=\"image\/webp\" \/>\n<meta name=\"twitter:card\" content=\"summary_large_image\" \/>\n<script type=\"application\/ld+json\" class=\"yoast-schema-graph\">{\"@context\":\"https:\\\/\\\/schema.org\",\"@graph\":[{\"@type\":\"WebPage\",\"@id\":\"https:\\\/\\\/begamer.cz\\\/sk\\\/produkt\\\/mlb-the-show-22-sk\\\/\",\"url\":\"https:\\\/\\\/begamer.cz\\\/sk\\\/produkt\\\/mlb-the-show-22-sk\\\/\",\"name\":\"MLB The Show 22 | BeGamer.cz\",\"isPartOf\":{\"@id\":\"https:\\\/\\\/begamer.cz\\\/sk\\\/#website\"},\"primaryImageOfPage\":{\"@id\":\"https:\\\/\\\/begamer.cz\\\/sk\\\/produkt\\\/mlb-the-show-22-sk\\\/#primaryimage\"},\"image\":{\"@id\":\"https:\\\/\\\/begamer.cz\\\/sk\\\/produkt\\\/mlb-the-show-22-sk\\\/#primaryimage\"},\"thumbnailUrl\":\"https:\\\/\\\/begamer.cz\\\/wp-content\\\/uploads\\\/2026\\\/01\\\/mlb-the-show-22-7.webp\",\"datePublished\":\"2026-01-30T14:56:32+00:00\",\"dateModified\":\"2026-03-18T02:07:22+00:00\",\"breadcrumb\":{\"@id\":\"https:\\\/\\\/begamer.cz\\\/sk\\\/produkt\\\/mlb-the-show-22-sk\\\/#breadcrumb\"},\"inLanguage\":\"sk-SK\",\"potentialAction\":[{\"@type\":\"ReadAction\",\"target\":[\"https:\\\/\\\/begamer.cz\\\/sk\\\/produkt\\\/mlb-the-show-22-sk\\\/\"]}]},{\"@type\":\"ImageObject\",\"inLanguage\":\"sk-SK\",\"@id\":\"https:\\\/\\\/begamer.cz\\\/sk\\\/produkt\\\/mlb-the-show-22-sk\\\/#primaryimage\",\"url\":\"https:\\\/\\\/begamer.cz\\\/wp-content\\\/uploads\\\/2026\\\/01\\\/mlb-the-show-22-7.webp\",\"contentUrl\":\"https:\\\/\\\/begamer.cz\\\/wp-content\\\/uploads\\\/2026\\\/01\\\/mlb-the-show-22-7.webp\",\"width\":300,\"height\":400},{\"@type\":\"BreadcrumbList\",\"@id\":\"https:\\\/\\\/begamer.cz\\\/sk\\\/produkt\\\/mlb-the-show-22-sk\\\/#breadcrumb\",\"itemListElement\":[{\"@type\":\"ListItem\",\"position\":1,\"name\":\"Domov\",\"item\":\"https:\\\/\\\/begamer.cz\\\/sk\\\/\"},{\"@type\":\"ListItem\",\"position\":2,\"name\":\"Obchod\",\"item\":\"https:\\\/\\\/begamer.cz\\\/obchod\\\/\"},{\"@type\":\"ListItem\",\"position\":3,\"name\":\"MLB The Show 22\"}]},{\"@type\":\"WebSite\",\"@id\":\"https:\\\/\\\/begamer.cz\\\/sk\\\/#website\",\"url\":\"https:\\\/\\\/begamer.cz\\\/sk\\\/\",\"name\":\"BeGamer.cz\",\"description\":\"\",\"publisher\":{\"@id\":\"https:\\\/\\\/begamer.cz\\\/sk\\\/#organization\"},\"potentialAction\":[{\"@type\":\"SearchAction\",\"target\":{\"@type\":\"EntryPoint\",\"urlTemplate\":\"https:\\\/\\\/begamer.cz\\\/sk\\\/?s={search_term_string}\"},\"query-input\":{\"@type\":\"PropertyValueSpecification\",\"valueRequired\":true,\"valueName\":\"search_term_string\"}}],\"inLanguage\":\"sk-SK\"},{\"@type\":\"Organization\",\"@id\":\"https:\\\/\\\/begamer.cz\\\/sk\\\/#organization\",\"name\":\"BeGamer.cz\",\"url\":\"https:\\\/\\\/begamer.cz\\\/sk\\\/\",\"logo\":{\"@type\":\"ImageObject\",\"inLanguage\":\"sk-SK\",\"@id\":\"https:\\\/\\\/begamer.cz\\\/sk\\\/#\\\/schema\\\/logo\\\/image\\\/\",\"url\":\"https:\\\/\\\/begamer.cz\\\/wp-content\\\/uploads\\\/2025\\\/07\\\/logo.svg\",\"contentUrl\":\"https:\\\/\\\/begamer.cz\\\/wp-content\\\/uploads\\\/2025\\\/07\\\/logo.svg\",\"caption\":\"BeGamer.cz\"},\"image\":{\"@id\":\"https:\\\/\\\/begamer.cz\\\/sk\\\/#\\\/schema\\\/logo\\\/image\\\/\"}}]}<\/script>\n<!-- \/ Yoast SEO plugin. -->","yoast_head_json":{"title":"MLB The Show 22 | BeGamer.cz","robots":{"index":"index","follow":"follow","max-snippet":"max-snippet:-1","max-image-preview":"max-image-preview:large","max-video-preview":"max-video-preview:-1"},"canonical":"https:\/\/begamer.cz\/sk\/produkt\/mlb-the-show-22-sk\/","og_locale":"sk_SK","og_type":"article","og_title":"MLB The Show 22 | BeGamer.cz","og_description":"Za\u017eite vzru\u0161enie z Major League Baseball s MLB The Show 22. V\u010faka aktualizovan\u00fdm zoznamom hr\u00e1\u010dov, vylep\u0161en\u00fdm hern\u00fdm mechanizmom a p\u00f4sobivou grafikou v\u00e1m t\u00e1to digit\u00e1lna hra pon\u00faka autentick\u00fa baseballov\u00fa akciu. Hrajte pod\u013ea svojich predst\u00e1v v r\u00f4znych re\u017eimoch a s\u00fa\u0165a\u017ete online o najvy\u0161\u0161iu baseballov\u00fa sl\u00e1vu.","og_url":"https:\/\/begamer.cz\/sk\/produkt\/mlb-the-show-22-sk\/","og_site_name":"BeGamer.cz","article_modified_time":"2026-03-18T02:07:22+00:00","og_image":[{"width":300,"height":400,"url":"https:\/\/begamer.cz\/wp-content\/uploads\/2026\/01\/mlb-the-show-22-7.webp","type":"image\/webp"}],"twitter_card":"summary_large_image","schema":{"@context":"https:\/\/schema.org","@graph":[{"@type":"WebPage","@id":"https:\/\/begamer.cz\/sk\/produkt\/mlb-the-show-22-sk\/","url":"https:\/\/begamer.cz\/sk\/produkt\/mlb-the-show-22-sk\/","name":"MLB The Show 22 | BeGamer.cz","isPartOf":{"@id":"https:\/\/begamer.cz\/sk\/#website"},"primaryImageOfPage":{"@id":"https:\/\/begamer.cz\/sk\/produkt\/mlb-the-show-22-sk\/#primaryimage"},"image":{"@id":"https:\/\/begamer.cz\/sk\/produkt\/mlb-the-show-22-sk\/#primaryimage"},"thumbnailUrl":"https:\/\/begamer.cz\/wp-content\/uploads\/2026\/01\/mlb-the-show-22-7.webp","datePublished":"2026-01-30T14:56:32+00:00","dateModified":"2026-03-18T02:07:22+00:00","breadcrumb":{"@id":"https:\/\/begamer.cz\/sk\/produkt\/mlb-the-show-22-sk\/#breadcrumb"},"inLanguage":"sk-SK","potentialAction":[{"@type":"ReadAction","target":["https:\/\/begamer.cz\/sk\/produkt\/mlb-the-show-22-sk\/"]}]},{"@type":"ImageObject","inLanguage":"sk-SK","@id":"https:\/\/begamer.cz\/sk\/produkt\/mlb-the-show-22-sk\/#primaryimage","url":"https:\/\/begamer.cz\/wp-content\/uploads\/2026\/01\/mlb-the-show-22-7.webp","contentUrl":"https:\/\/begamer.cz\/wp-content\/uploads\/2026\/01\/mlb-the-show-22-7.webp","width":300,"height":400},{"@type":"BreadcrumbList","@id":"https:\/\/begamer.cz\/sk\/produkt\/mlb-the-show-22-sk\/#breadcrumb","itemListElement":[{"@type":"ListItem","position":1,"name":"Domov","item":"https:\/\/begamer.cz\/sk\/"},{"@type":"ListItem","position":2,"name":"Obchod","item":"https:\/\/begamer.cz\/obchod\/"},{"@type":"ListItem","position":3,"name":"MLB The Show 22"}]},{"@type":"WebSite","@id":"https:\/\/begamer.cz\/sk\/#website","url":"https:\/\/begamer.cz\/sk\/","name":"BeGamer.cz","description":"","publisher":{"@id":"https:\/\/begamer.cz\/sk\/#organization"},"potentialAction":[{"@type":"SearchAction","target":{"@type":"EntryPoint","urlTemplate":"https:\/\/begamer.cz\/sk\/?s={search_term_string}"},"query-input":{"@type":"PropertyValueSpecification","valueRequired":true,"valueName":"search_term_string"}}],"inLanguage":"sk-SK"},{"@type":"Organization","@id":"https:\/\/begamer.cz\/sk\/#organization","name":"BeGamer.cz","url":"https:\/\/begamer.cz\/sk\/","logo":{"@type":"ImageObject","inLanguage":"sk-SK","@id":"https:\/\/begamer.cz\/sk\/#\/schema\/logo\/image\/","url":"https:\/\/begamer.cz\/wp-content\/uploads\/2025\/07\/logo.svg","contentUrl":"https:\/\/begamer.cz\/wp-content\/uploads\/2025\/07\/logo.svg","caption":"BeGamer.cz"},"image":{"@id":"https:\/\/begamer.cz\/sk\/#\/schema\/logo\/image\/"}}]}},"acf":[],"_links":{"self":[{"href":"https:\/\/begamer.cz\/sk\/wp-json\/wp\/v2\/product\/94055","targetHints":{"allow":["GET"]}}],"collection":[{"href":"https:\/\/begamer.cz\/sk\/wp-json\/wp\/v2\/product"}],"about":[{"href":"https:\/\/begamer.cz\/sk\/wp-json\/wp\/v2\/types\/product"}],"replies":[{"embeddable":true,"href":"https:\/\/begamer.cz\/sk\/wp-json\/wp\/v2\/comments?post=94055"}],"wp:featuredmedia":[{"embeddable":true,"href":"https:\/\/begamer.cz\/sk\/wp-json\/wp\/v2\/media\/11029"}],"wp:attachment":[{"href":"https:\/\/begamer.cz\/sk\/wp-json\/wp\/v2\/media?parent=94055"}],"wp:term":[{"taxonomy":"product_brand","embeddable":true,"href":"https:\/\/begamer.cz\/sk\/wp-json\/wp\/v2\/product_brand?post=94055"},{"taxonomy":"product_cat","embeddable":true,"href":"https:\/\/begamer.cz\/sk\/wp-json\/wp\/v2\/product_cat?post=94055"},{"taxonomy":"product_tag","embeddable":true,"href":"https:\/\/begamer.cz\/sk\/wp-json\/wp\/v2\/product_tag?post=94055"}],"curies":[{"name":"wp","href":"https:\/\/api.w.org\/{rel}","templated":true}]}}