{"id":94010,"date":"2026-01-30T15:55:44","date_gmt":"2026-01-30T14:55:44","guid":{"rendered":"https:\/\/begamer.cz\/produkt\/soul-hackers-2-sk\/"},"modified":"2026-03-18T03:06:19","modified_gmt":"2026-03-18T02:06:19","slug":"soul-hackers-2-sk","status":"publish","type":"product","link":"https:\/\/begamer.cz\/sk\/produkt\/soul-hackers-2-sk\/","title":{"rendered":"Soul Hackers 2"},"content":{"rendered":"<p>Paradigm X je op\u00e4\u0165 online, ale nie\u010do nie je v poriadku. Manitou povstal, Hitomi sa vr\u00e1tila z Ameriky, ale jej zdravotn\u00fd stav nie je dobr\u00fd. Vydejte sa na cestu vn\u00fatri Hitomi, zachr\u00e1\u0148te ju a porazte Manitou, aby ste vr\u00e1tili mier do mesta Amami<br \/>\nv hre Soul Hackers 2.<\/p>\n","protected":false},"excerpt":{"rendered":"<p>Soul Hackers 2 je \u0161t\u00fdlov\u00e1 \u0165ahov\u00e1 RPG hra, ktor\u00e1 sp\u00e1ja cyberpunkov\u00e9 a nadprirodzen\u00e9 prvky. Zostavte jedine\u010dn\u00fd t\u00edm, vyu\u017eite d\u00e9monick\u00e9 sily a odha\u013ete temn\u00e9 sprisahanie vo futuristickom svete. Ponorte sa do strategick\u00fdch bitiek, \u017eiv\u00e9ho rozpr\u00e1vania a pohlcuj\u00faceho digit\u00e1lneho prieskumu.<\/p>\n","protected":false},"featured_media":10712,"comment_status":"open","ping_status":"closed","template":"","meta":{"_acf_changed":false},"product_brand":[],"product_cat":[461,452,398,400,438],"product_tag":[],"class_list":{"0":"post-94010","1":"product","2":"type-product","3":"status-publish","4":"has-post-thumbnail","6":"product_cat-dobrodruzne-xbox-series-x-s-sk","7":"product_cat-rpg-xbox-series-x-s-sk","8":"product_cat-xbox-hry-sk","9":"product_cat-xbox-one-sk","10":"product_cat-xbox-series-x-s-sk","11":"pa_engine-rpg-maker","13":"pa_game_type-main_game","15":"pa_genres-role-playing-rpg","17":"pa_keywords-cyberpunk","19":"pa_keywords-fangame","20":"pa_keywords-jrpg","21":"pa_modes-single-player","23":"pa_platform-xbox-series-x-s-xbox-one-windows","25":"pa_player_perspectives-first-person","27":"pa_player_perspectives-third-person","28":"pa_rating-14441","29":"pa_rating-773","30":"pa_region-europe","32":"pa_themes-science-fiction","35":"first","36":"instock","37":"virtual","38":"taxable","39":"purchasable","40":"product-type-simple"},"yoast_head":"<!-- This site is optimized with the Yoast SEO plugin v27.3 - https:\/\/yoast.com\/product\/yoast-seo-wordpress\/ -->\n<title>Soul Hackers 2 | BeGamer.cz<\/title>\n<meta name=\"robots\" content=\"index, follow, max-snippet:-1, max-image-preview:large, max-video-preview:-1\" \/>\n<link rel=\"canonical\" href=\"https:\/\/begamer.cz\/sk\/produkt\/soul-hackers-2-sk\/\" \/>\n<meta property=\"og:locale\" content=\"sk_SK\" \/>\n<meta property=\"og:type\" content=\"article\" \/>\n<meta property=\"og:title\" content=\"Soul Hackers 2 | BeGamer.cz\" \/>\n<meta property=\"og:description\" content=\"Soul Hackers 2 je \u0161t\u00fdlov\u00e1 \u0165ahov\u00e1 RPG hra, ktor\u00e1 sp\u00e1ja cyberpunkov\u00e9 a nadprirodzen\u00e9 prvky. Zostavte jedine\u010dn\u00fd t\u00edm, vyu\u017eite d\u00e9monick\u00e9 sily a odha\u013ete temn\u00e9 sprisahanie vo futuristickom svete. Ponorte sa do strategick\u00fdch bitiek, \u017eiv\u00e9ho rozpr\u00e1vania a pohlcuj\u00faceho digit\u00e1lneho prieskumu.\" \/>\n<meta property=\"og:url\" content=\"https:\/\/begamer.cz\/sk\/produkt\/soul-hackers-2-sk\/\" \/>\n<meta property=\"og:site_name\" content=\"BeGamer.cz\" \/>\n<meta property=\"article:modified_time\" content=\"2026-03-18T02:06:19+00:00\" \/>\n<meta property=\"og:image\" content=\"https:\/\/begamer.cz\/wp-content\/uploads\/2026\/01\/soul-hackers-2-1-7.webp\" \/>\n\t<meta property=\"og:image:width\" content=\"300\" \/>\n\t<meta property=\"og:image:height\" content=\"400\" \/>\n\t<meta property=\"og:image:type\" content=\"image\/webp\" \/>\n<meta name=\"twitter:card\" content=\"summary_large_image\" \/>\n<script type=\"application\/ld+json\" class=\"yoast-schema-graph\">{\"@context\":\"https:\\\/\\\/schema.org\",\"@graph\":[{\"@type\":\"WebPage\",\"@id\":\"https:\\\/\\\/begamer.cz\\\/sk\\\/produkt\\\/soul-hackers-2-sk\\\/\",\"url\":\"https:\\\/\\\/begamer.cz\\\/sk\\\/produkt\\\/soul-hackers-2-sk\\\/\",\"name\":\"Soul Hackers 2 | BeGamer.cz\",\"isPartOf\":{\"@id\":\"https:\\\/\\\/begamer.cz\\\/sk\\\/#website\"},\"primaryImageOfPage\":{\"@id\":\"https:\\\/\\\/begamer.cz\\\/sk\\\/produkt\\\/soul-hackers-2-sk\\\/#primaryimage\"},\"image\":{\"@id\":\"https:\\\/\\\/begamer.cz\\\/sk\\\/produkt\\\/soul-hackers-2-sk\\\/#primaryimage\"},\"thumbnailUrl\":\"https:\\\/\\\/begamer.cz\\\/wp-content\\\/uploads\\\/2026\\\/01\\\/soul-hackers-2-1-7.webp\",\"datePublished\":\"2026-01-30T14:55:44+00:00\",\"dateModified\":\"2026-03-18T02:06:19+00:00\",\"breadcrumb\":{\"@id\":\"https:\\\/\\\/begamer.cz\\\/sk\\\/produkt\\\/soul-hackers-2-sk\\\/#breadcrumb\"},\"inLanguage\":\"sk-SK\",\"potentialAction\":[{\"@type\":\"ReadAction\",\"target\":[\"https:\\\/\\\/begamer.cz\\\/sk\\\/produkt\\\/soul-hackers-2-sk\\\/\"]}]},{\"@type\":\"ImageObject\",\"inLanguage\":\"sk-SK\",\"@id\":\"https:\\\/\\\/begamer.cz\\\/sk\\\/produkt\\\/soul-hackers-2-sk\\\/#primaryimage\",\"url\":\"https:\\\/\\\/begamer.cz\\\/wp-content\\\/uploads\\\/2026\\\/01\\\/soul-hackers-2-1-7.webp\",\"contentUrl\":\"https:\\\/\\\/begamer.cz\\\/wp-content\\\/uploads\\\/2026\\\/01\\\/soul-hackers-2-1-7.webp\",\"width\":300,\"height\":400},{\"@type\":\"BreadcrumbList\",\"@id\":\"https:\\\/\\\/begamer.cz\\\/sk\\\/produkt\\\/soul-hackers-2-sk\\\/#breadcrumb\",\"itemListElement\":[{\"@type\":\"ListItem\",\"position\":1,\"name\":\"Domov\",\"item\":\"https:\\\/\\\/begamer.cz\\\/sk\\\/\"},{\"@type\":\"ListItem\",\"position\":2,\"name\":\"Obchod\",\"item\":\"https:\\\/\\\/begamer.cz\\\/obchod\\\/\"},{\"@type\":\"ListItem\",\"position\":3,\"name\":\"Soul Hackers 2\"}]},{\"@type\":\"WebSite\",\"@id\":\"https:\\\/\\\/begamer.cz\\\/sk\\\/#website\",\"url\":\"https:\\\/\\\/begamer.cz\\\/sk\\\/\",\"name\":\"BeGamer.cz\",\"description\":\"\",\"publisher\":{\"@id\":\"https:\\\/\\\/begamer.cz\\\/sk\\\/#organization\"},\"potentialAction\":[{\"@type\":\"SearchAction\",\"target\":{\"@type\":\"EntryPoint\",\"urlTemplate\":\"https:\\\/\\\/begamer.cz\\\/sk\\\/?s={search_term_string}\"},\"query-input\":{\"@type\":\"PropertyValueSpecification\",\"valueRequired\":true,\"valueName\":\"search_term_string\"}}],\"inLanguage\":\"sk-SK\"},{\"@type\":\"Organization\",\"@id\":\"https:\\\/\\\/begamer.cz\\\/sk\\\/#organization\",\"name\":\"BeGamer.cz\",\"url\":\"https:\\\/\\\/begamer.cz\\\/sk\\\/\",\"logo\":{\"@type\":\"ImageObject\",\"inLanguage\":\"sk-SK\",\"@id\":\"https:\\\/\\\/begamer.cz\\\/sk\\\/#\\\/schema\\\/logo\\\/image\\\/\",\"url\":\"https:\\\/\\\/begamer.cz\\\/wp-content\\\/uploads\\\/2025\\\/07\\\/logo.svg\",\"contentUrl\":\"https:\\\/\\\/begamer.cz\\\/wp-content\\\/uploads\\\/2025\\\/07\\\/logo.svg\",\"caption\":\"BeGamer.cz\"},\"image\":{\"@id\":\"https:\\\/\\\/begamer.cz\\\/sk\\\/#\\\/schema\\\/logo\\\/image\\\/\"}}]}<\/script>\n<!-- \/ Yoast SEO plugin. -->","yoast_head_json":{"title":"Soul Hackers 2 | BeGamer.cz","robots":{"index":"index","follow":"follow","max-snippet":"max-snippet:-1","max-image-preview":"max-image-preview:large","max-video-preview":"max-video-preview:-1"},"canonical":"https:\/\/begamer.cz\/sk\/produkt\/soul-hackers-2-sk\/","og_locale":"sk_SK","og_type":"article","og_title":"Soul Hackers 2 | BeGamer.cz","og_description":"Soul Hackers 2 je \u0161t\u00fdlov\u00e1 \u0165ahov\u00e1 RPG hra, ktor\u00e1 sp\u00e1ja cyberpunkov\u00e9 a nadprirodzen\u00e9 prvky. Zostavte jedine\u010dn\u00fd t\u00edm, vyu\u017eite d\u00e9monick\u00e9 sily a odha\u013ete temn\u00e9 sprisahanie vo futuristickom svete. Ponorte sa do strategick\u00fdch bitiek, \u017eiv\u00e9ho rozpr\u00e1vania a pohlcuj\u00faceho digit\u00e1lneho prieskumu.","og_url":"https:\/\/begamer.cz\/sk\/produkt\/soul-hackers-2-sk\/","og_site_name":"BeGamer.cz","article_modified_time":"2026-03-18T02:06:19+00:00","og_image":[{"width":300,"height":400,"url":"https:\/\/begamer.cz\/wp-content\/uploads\/2026\/01\/soul-hackers-2-1-7.webp","type":"image\/webp"}],"twitter_card":"summary_large_image","schema":{"@context":"https:\/\/schema.org","@graph":[{"@type":"WebPage","@id":"https:\/\/begamer.cz\/sk\/produkt\/soul-hackers-2-sk\/","url":"https:\/\/begamer.cz\/sk\/produkt\/soul-hackers-2-sk\/","name":"Soul Hackers 2 | BeGamer.cz","isPartOf":{"@id":"https:\/\/begamer.cz\/sk\/#website"},"primaryImageOfPage":{"@id":"https:\/\/begamer.cz\/sk\/produkt\/soul-hackers-2-sk\/#primaryimage"},"image":{"@id":"https:\/\/begamer.cz\/sk\/produkt\/soul-hackers-2-sk\/#primaryimage"},"thumbnailUrl":"https:\/\/begamer.cz\/wp-content\/uploads\/2026\/01\/soul-hackers-2-1-7.webp","datePublished":"2026-01-30T14:55:44+00:00","dateModified":"2026-03-18T02:06:19+00:00","breadcrumb":{"@id":"https:\/\/begamer.cz\/sk\/produkt\/soul-hackers-2-sk\/#breadcrumb"},"inLanguage":"sk-SK","potentialAction":[{"@type":"ReadAction","target":["https:\/\/begamer.cz\/sk\/produkt\/soul-hackers-2-sk\/"]}]},{"@type":"ImageObject","inLanguage":"sk-SK","@id":"https:\/\/begamer.cz\/sk\/produkt\/soul-hackers-2-sk\/#primaryimage","url":"https:\/\/begamer.cz\/wp-content\/uploads\/2026\/01\/soul-hackers-2-1-7.webp","contentUrl":"https:\/\/begamer.cz\/wp-content\/uploads\/2026\/01\/soul-hackers-2-1-7.webp","width":300,"height":400},{"@type":"BreadcrumbList","@id":"https:\/\/begamer.cz\/sk\/produkt\/soul-hackers-2-sk\/#breadcrumb","itemListElement":[{"@type":"ListItem","position":1,"name":"Domov","item":"https:\/\/begamer.cz\/sk\/"},{"@type":"ListItem","position":2,"name":"Obchod","item":"https:\/\/begamer.cz\/obchod\/"},{"@type":"ListItem","position":3,"name":"Soul Hackers 2"}]},{"@type":"WebSite","@id":"https:\/\/begamer.cz\/sk\/#website","url":"https:\/\/begamer.cz\/sk\/","name":"BeGamer.cz","description":"","publisher":{"@id":"https:\/\/begamer.cz\/sk\/#organization"},"potentialAction":[{"@type":"SearchAction","target":{"@type":"EntryPoint","urlTemplate":"https:\/\/begamer.cz\/sk\/?s={search_term_string}"},"query-input":{"@type":"PropertyValueSpecification","valueRequired":true,"valueName":"search_term_string"}}],"inLanguage":"sk-SK"},{"@type":"Organization","@id":"https:\/\/begamer.cz\/sk\/#organization","name":"BeGamer.cz","url":"https:\/\/begamer.cz\/sk\/","logo":{"@type":"ImageObject","inLanguage":"sk-SK","@id":"https:\/\/begamer.cz\/sk\/#\/schema\/logo\/image\/","url":"https:\/\/begamer.cz\/wp-content\/uploads\/2025\/07\/logo.svg","contentUrl":"https:\/\/begamer.cz\/wp-content\/uploads\/2025\/07\/logo.svg","caption":"BeGamer.cz"},"image":{"@id":"https:\/\/begamer.cz\/sk\/#\/schema\/logo\/image\/"}}]}},"acf":[],"_links":{"self":[{"href":"https:\/\/begamer.cz\/sk\/wp-json\/wp\/v2\/product\/94010","targetHints":{"allow":["GET"]}}],"collection":[{"href":"https:\/\/begamer.cz\/sk\/wp-json\/wp\/v2\/product"}],"about":[{"href":"https:\/\/begamer.cz\/sk\/wp-json\/wp\/v2\/types\/product"}],"replies":[{"embeddable":true,"href":"https:\/\/begamer.cz\/sk\/wp-json\/wp\/v2\/comments?post=94010"}],"wp:featuredmedia":[{"embeddable":true,"href":"https:\/\/begamer.cz\/sk\/wp-json\/wp\/v2\/media\/10712"}],"wp:attachment":[{"href":"https:\/\/begamer.cz\/sk\/wp-json\/wp\/v2\/media?parent=94010"}],"wp:term":[{"taxonomy":"product_brand","embeddable":true,"href":"https:\/\/begamer.cz\/sk\/wp-json\/wp\/v2\/product_brand?post=94010"},{"taxonomy":"product_cat","embeddable":true,"href":"https:\/\/begamer.cz\/sk\/wp-json\/wp\/v2\/product_cat?post=94010"},{"taxonomy":"product_tag","embeddable":true,"href":"https:\/\/begamer.cz\/sk\/wp-json\/wp\/v2\/product_tag?post=94010"}],"curies":[{"name":"wp","href":"https:\/\/api.w.org\/{rel}","templated":true}]}}