{"id":93995,"date":"2026-01-30T15:55:30","date_gmt":"2026-01-30T14:55:30","guid":{"rendered":"https:\/\/begamer.cz\/produkt\/harvest-days-my-dream-farm-sk\/"},"modified":"2026-03-18T03:05:21","modified_gmt":"2026-03-18T02:05:21","slug":"harvest-days-my-dream-farm-sk","status":"publish","type":"product","link":"https:\/\/begamer.cz\/sk\/produkt\/harvest-days-my-dream-farm-sk\/","title":{"rendered":"Harvest Days: My Dream Farm"},"content":{"rendered":"<p>Skoncujte s ruchom ve\u013ekomesta! Pripravte sa na nov\u00fa v\u00fdzvu na vidieku v hre Harvest Days! Starajte sa o svoju farmu alebo si u\u017eite mno\u017estvo aktiv\u00edt v otvorenom svete. Starajte sa o svoje zvierat\u00e1, obr\u00e1bajte svoje polia a obchodujte s plodmi svojej pr\u00e1ce. Objavujte tajomstv\u00e1 rozmanit\u00e9ho prostredia alebo si skr\u00e1\u0165te \u010das zbieran\u00edm surov\u00edn a vytv\u00e1ran\u00edm r\u00f4znych n\u00e1strojov, n\u00e1bytku alebo dekorat\u00edvnych predmetov.<\/p>\n<p><span class=\"bb_img_ctn\"><img decoding=\"async\" class=\"bb_img\" src=\"https:\/\/shared.akamai.steamstatic.com\/store_item_assets\/steam\/apps\/1515320\/extras\/e748ce623f52ff7feb27cd1165c4f61f.avif?t=1754594851\" width=600 height=64 \/><\/span><br \/><span class=\"bb_img_ctn\"><video class=\"bb_img\" autoplay muted loop playsinline poster=\"https:\/\/shared.akamai.steamstatic.com\/store_item_assets\/steam\/apps\/1515320\/extras\/b6f57aa29695ec1924f7151d7b35ad0d.poster.avif?t=1754594851\" width=600 height=250 ><source src=\"https:\/\/shared.akamai.steamstatic.com\/store_item_assets\/steam\/apps\/1515320\/extras\/b6f57aa29695ec1924f7151d7b35ad0d.webm?t=1754594851\" type=\"video\/webm; codecs=vp9\"><source src=\"https:\/\/shared.akamai.steamstatic.com\/store_item_assets\/steam\/apps\/1515320\/extras\/b6f57aa29695ec1924f7151d7b35ad0d.mp4?t=1754594851\" type=\"video\/mp4\"><\/video><\/span><\/p>\n<p>Nechajte za sebou hektick\u00fd \u017eivot v meste a starajte sa o svoje polia a zvierat\u00e1 v \u00fatulnom vidieku. Obchodujte so svoj\u00edm tovarom a investujte zisk do roz\u0161irovania svojej farmy pod\u013ea vlastn\u00e9ho uv\u00e1\u017eenia. S viac ako tuctom r\u00f4znych ovocn\u00fdch stromov a viac ako 50 plodinami je ka\u017ed\u00e1 farma jedine\u010dn\u00e1!<\/p>\n<p><span class=\"bb_img_ctn\"><img decoding=\"async\" class=\"bb_img\" src=\"https:\/\/shared.akamai.steamstatic.com\/store_item_assets\/steam\/apps\/1515320\/extras\/bfd0de49a8bce3009ce703b76715ddb5.avif?t=1754594851\" width=600 height=64 \/><\/span><\/p>\n<p>Ovl\u00e1dajte r\u00f4zne vozidl\u00e1 a nechajte \u0165a\u017ek\u00fa techniku pom\u00e1ha\u0165 v\u00e1m na farme. Alebo sa vyberte na v\u00fdlet a presk\u00famajte svoje okolie.<\/p>\n<p><span class=\"bb_img_ctn\"><img decoding=\"async\" class=\"bb_img\" src=\"https:\/\/shared.akamai.steamstatic.com\/store_item_assets\/steam\/apps\/1515320\/extras\/4a7d7f11750c075234e66cb09a6affcb.avif?t=1754594851\" width=600 height=64 \/><\/span><br \/><span class=\"bb_img_ctn\"><video class=\"bb_img\" autoplay muted loop playsinline poster=\"https:\/\/shared.akamai.steamstatic.com\/store_item_assets\/steam\/apps\/1515320\/extras\/a2bd9c23aa9c25e3395e871de7e74925.poster.avif?t=1754594851\" width=600 height=250 ><source src=\"https:\/\/shared.akamai.steamstatic.com\/store_item_assets\/steam\/apps\/1515320\/extras\/a2bd9c23aa9c25e3395e871de7e74925.webm?t=1754594851\" type=\"video\/webm; codecs=vp9\"><source src=\"https:\/\/shared.akamai.steamstatic.com\/store_item_assets\/steam\/apps\/1515320\/extras\/a2bd9c23aa9c25e3395e871de7e74925.mp4?t=1754594851\" type=\"video\/mp4\"><\/video><\/span><\/p>\n<p>Presk\u00famajte bohat\u00fd svet a odha\u013ete tajomstv\u00e1 charakteristick\u00fdch prostred\u00ed. Nasledujte svoje srdce a za\u017eite Harvest Days svoj\u00edm vlastn\u00fdm tempom.<\/p>\n<p><span class=\"bb_img_ctn\"><img decoding=\"async\" class=\"bb_img\" src=\"https:\/\/shared.akamai.steamstatic.com\/store_item_assets\/steam\/apps\/1515320\/extras\/8a125aff308b0169804114ab6b1eefc3.avif?t=1754594851\" width=600 height=64 \/><\/span><\/p>\n<p>Odd\u00fdchnite si po n\u00e1ro\u010dnom dni pr\u00e1ce na farme a u\u017eite si viac ako 40 aktiv\u00edt. Z\u00e1bava v Harvest Days nikdy nekon\u010d\u00ed.<\/p>\n<p><span class=\"bb_img_ctn\"><img decoding=\"async\" class=\"bb_img\" src=\"https:\/\/shared.akamai.steamstatic.com\/store_item_assets\/steam\/apps\/1515320\/extras\/8379ce39955686c0268368b9775c6de8.avif?t=1754594851\" width=600 height=64 \/><\/span><br \/><span class=\"bb_img_ctn\"><video class=\"bb_img\" autoplay muted loop playsinline poster=\"https:\/\/shared.akamai.steamstatic.com\/store_item_assets\/steam\/apps\/1515320\/extras\/2496b793f5768afd7bd79ba62e6fae9e.poster.avif?t=1754594851\" width=600 height=250 ><source src=\"https:\/\/shared.akamai.steamstatic.com\/store_item_assets\/steam\/apps\/1515320\/extras\/2496b793f5768afd7bd79ba62e6fae9e.webm?t=1754594851\" type=\"video\/webm; codecs=vp9\"><source src=\"https:\/\/shared.akamai.steamstatic.com\/store_item_assets\/steam\/apps\/1515320\/extras\/2496b793f5768afd7bd79ba62e6fae9e.mp4?t=1754594851\" type=\"video\/mp4\"><\/video><\/span><\/p>\n<p>Zbierajte zdroje a vyr\u00e1bajte r\u00f4zne predmety. Vyzdobte a zariadite svoj dom alebo pred\u00e1vajte svoje v\u00fdrobky v susedstve. Ochrana<\/p>\n<p><span class=\"bb_img_ctn\"><img decoding=\"async\" class=\"bb_img\" src=\"https:\/\/shared.akamai.steamstatic.com\/store_item_assets\/steam\/apps\/1515320\/extras\/20637e2a472863e303eae9224d7d5509.avif?t=1754594851\" width=600 height=64 \/><\/span><\/p>\n<p>pr\u00edrody je na prvom mieste: zbierajte odpadky a recyklujte ich. Vysk\u00fa\u0161ajte sol\u00e1rne nab\u00edjate\u013en\u00fd eScooter a presk\u00famajte okolie bez vplyvu na kl\u00edmu.<\/p>\n","protected":false},"excerpt":{"rendered":"<p>Uniknite stresu ve\u013ekomesta a u\u017eite si \u017eivot na vidieku. Starajte sa o svoju farmu, presk\u00famajte otvoren\u00fd hern\u00fd svet a vytvorte si svoj po\u013enohospod\u00e1rsky raj. Starajte sa o svoje zvierat\u00e1, obr\u00e1bajte polia, vyr\u00e1bajte u\u017eito\u010dn\u00e9 a dekorat\u00edvne predmety a vybudujte si ran\u010d svojich snov.<\/p>\n","protected":false},"featured_media":10598,"comment_status":"open","ping_status":"closed","template":"","meta":{"_acf_changed":false},"product_brand":[],"product_cat":[270,290,268,266,308,314,312],"product_tag":[],"class_list":{"0":"post-93995","1":"product","2":"type-product","3":"status-publish","4":"has-post-thumbnail","6":"product_cat-adventury-pc-hry-sk","7":"product_cat-indie-hry-pc-sk","8":"product_cat-pc-sk","9":"product_cat-pc-hry-sk","10":"product_cat-rpg-pc-hry-sk","11":"product_cat-simulatory-pc-hry-sk","12":"product_cat-steam-pc-sk","13":"pa_countries-ad","14":"pa_countries-ae","15":"pa_countries-af","16":"pa_countries-ag","17":"pa_countries-ai","18":"pa_countries-al","19":"pa_countries-am","20":"pa_countries-ao","21":"pa_countries-aq","22":"pa_countries-ar","23":"pa_countries-as","24":"pa_countries-at","25":"pa_countries-au","26":"pa_countries-aw","27":"pa_countries-ax","28":"pa_countries-az","29":"pa_countries-ba","30":"pa_countries-bb","31":"pa_countries-bd","32":"pa_countries-be","33":"pa_countries-bf","34":"pa_countries-bg","35":"pa_countries-bh","36":"pa_countries-bi","37":"pa_countries-bj","38":"pa_countries-bl","39":"pa_countries-bm","40":"pa_countries-bn","41":"pa_countries-bo","42":"pa_countries-bq","43":"pa_countries-br","44":"pa_countries-bs","45":"pa_countries-bt","46":"pa_countries-bv","47":"pa_countries-bw","48":"pa_countries-bz","49":"pa_countries-ca","50":"pa_countries-cc","51":"pa_countries-cd","52":"pa_countries-cf","53":"pa_countries-cg","54":"pa_countries-ch","55":"pa_countries-ci","56":"pa_countries-ck","57":"pa_countries-cl","58":"pa_countries-cm","59":"pa_countries-cn","60":"pa_countries-co","61":"pa_countries-cr","62":"pa_countries-cu","63":"pa_countries-cv","64":"pa_countries-cw","65":"pa_countries-cx","66":"pa_countries-cy","67":"pa_countries-cz","68":"pa_countries-de","69":"pa_countries-dj","70":"pa_countries-dk","71":"pa_countries-dm","72":"pa_countries-do","73":"pa_countries-dz","74":"pa_countries-ec","75":"pa_countries-ee","76":"pa_countries-eg","77":"pa_countries-eh","78":"pa_countries-er","79":"pa_countries-es","80":"pa_countries-et","81":"pa_countries-fi","82":"pa_countries-fj","83":"pa_countries-fk","84":"pa_countries-fm","85":"pa_countries-fo","86":"pa_countries-fr","87":"pa_countries-ga","88":"pa_countries-gb","89":"pa_countries-gd","90":"pa_countries-ge","91":"pa_countries-gf","92":"pa_countries-gg","93":"pa_countries-gh","94":"pa_countries-gi","95":"pa_countries-gl","96":"pa_countries-gm","97":"pa_countries-gn","98":"pa_countries-gp","99":"pa_countries-gq","100":"pa_countries-gr","101":"pa_countries-gs","102":"pa_countries-gt","103":"pa_countries-gu","104":"pa_countries-gw","105":"pa_countries-gy","106":"pa_countries-hk","107":"pa_countries-hm","108":"pa_countries-hn","109":"pa_countries-hr","110":"pa_countries-ht","111":"pa_countries-hu","112":"pa_countries-id","113":"pa_countries-ie","114":"pa_countries-il","115":"pa_countries-im","116":"pa_countries-in","117":"pa_countries-io","118":"pa_countries-iq","119":"pa_countries-ir","120":"pa_countries-is","121":"pa_countries-it","122":"pa_countries-je","123":"pa_countries-jm","124":"pa_countries-jo","125":"pa_countries-jp","126":"pa_countries-ke","127":"pa_countries-kg","128":"pa_countries-kh","129":"pa_countries-ki","130":"pa_countries-km","131":"pa_countries-kn","132":"pa_countries-kp","133":"pa_countries-kr","134":"pa_countries-kw","135":"pa_countries-ky","136":"pa_countries-kz","137":"pa_countries-la","138":"pa_countries-lb","139":"pa_countries-lc","140":"pa_countries-li","141":"pa_countries-lk","142":"pa_countries-lr","143":"pa_countries-ls","144":"pa_countries-lt","145":"pa_countries-lu","146":"pa_countries-lv","147":"pa_countries-ly","148":"pa_countries-ma","149":"pa_countries-mc","150":"pa_countries-md","151":"pa_countries-me","152":"pa_countries-mf","153":"pa_countries-mg","154":"pa_countries-mh","155":"pa_countries-mk","156":"pa_countries-ml","157":"pa_countries-mm","158":"pa_countries-mn","159":"pa_countries-mo","160":"pa_countries-mp","161":"pa_countries-mq","162":"pa_countries-mr","163":"pa_countries-ms","164":"pa_countries-mt","165":"pa_countries-mu","166":"pa_countries-mv","167":"pa_countries-mw","168":"pa_countries-mx","169":"pa_countries-my","170":"pa_countries-mz","171":"pa_countries-na","172":"pa_countries-nc","173":"pa_countries-ne","174":"pa_countries-nf","175":"pa_countries-ng","176":"pa_countries-ni","177":"pa_countries-nl","178":"pa_countries-no","179":"pa_countries-np","180":"pa_countries-nr","181":"pa_countries-nu","182":"pa_countries-nz","183":"pa_countries-om","184":"pa_countries-pa","185":"pa_countries-pe","186":"pa_countries-pf","187":"pa_countries-pg","188":"pa_countries-ph","189":"pa_countries-pk","190":"pa_countries-pl","191":"pa_countries-pm","192":"pa_countries-pn","193":"pa_countries-pr","194":"pa_countries-ps","195":"pa_countries-pt","196":"pa_countries-pw","197":"pa_countries-py","198":"pa_countries-qa","199":"pa_countries-re","200":"pa_countries-ro","201":"pa_countries-rs","202":"pa_countries-rw","203":"pa_countries-sa","204":"pa_countries-sb","205":"pa_countries-sc","206":"pa_countries-sd","207":"pa_countries-se","208":"pa_countries-sg","209":"pa_countries-sh","210":"pa_countries-si","211":"pa_countries-sj","212":"pa_countries-sk","213":"pa_countries-sl","214":"pa_countries-sm","215":"pa_countries-sn","216":"pa_countries-so","217":"pa_countries-sr","218":"pa_countries-ss","220":"pa_countries-st","221":"pa_countries-sv","222":"pa_countries-sx","223":"pa_countries-sy","224":"pa_countries-sz","225":"pa_countries-tc","226":"pa_countries-td","227":"pa_countries-tf","228":"pa_countries-tg","229":"pa_countries-th","230":"pa_countries-tj","231":"pa_countries-tk","232":"pa_countries-tl","233":"pa_countries-tm","234":"pa_countries-tn","235":"pa_countries-to","236":"pa_countries-tr","237":"pa_countries-tt","238":"pa_countries-tv","239":"pa_countries-tw","240":"pa_countries-tz","241":"pa_countries-ua","242":"pa_countries-ug","243":"pa_countries-um","244":"pa_countries-us","245":"pa_countries-uy","246":"pa_countries-uz","247":"pa_countries-va","248":"pa_countries-vc","249":"pa_countries-ve","250":"pa_countries-vg","251":"pa_countries-vi","252":"pa_countries-vn","253":"pa_countries-vu","254":"pa_countries-wf","255":"pa_countries-ws","256":"pa_countries-xk","258":"pa_countries-ye","259":"pa_countries-yt","260":"pa_countries-za","261":"pa_countries-zm","262":"pa_countries-zw","263":"pa_developer-family-devs","265":"pa_engine-unity","267":"pa_game_type-main_game","269":"pa_genres-adventure","270":"pa_genres-indie","272":"pa_genres-role-playing-rpg","274":"pa_genres-simulator","275":"pa_interface-de-de","276":"pa_interface-en-us","277":"pa_interface-es-es","278":"pa_interface-fr-fr","279":"pa_interface-ja-jp","281":"pa_interface-zh-cn","283":"pa_keywords-cute","285":"pa_keywords-farming","286":"pa_keywords-farming-simulator","287":"pa_keywords-low-poly","288":"pa_keywords-steam","290":"pa_modes-single-player","292":"pa_platform-pc-steam","294":"pa_player_perspectives-third-person","296":"pa_publisher-toplitz-productions","298":"pa_rating-773","299":"pa_rating-14441","300":"pa_region-global","302":"pa_themes-open-world","304":"pa_themes-sandbox","307":"first","308":"outofstock","309":"virtual","310":"taxable","311":"purchasable","312":"product-type-simple"},"yoast_head":"<!-- This site is optimized with the Yoast SEO plugin v27.3 - https:\/\/yoast.com\/product\/yoast-seo-wordpress\/ -->\n<title>Harvest Days: My Dream Farm | BeGamer.cz<\/title>\n<meta name=\"robots\" content=\"index, follow, max-snippet:-1, max-image-preview:large, max-video-preview:-1\" \/>\n<link rel=\"canonical\" href=\"https:\/\/begamer.cz\/sk\/produkt\/harvest-days-my-dream-farm-sk\/\" \/>\n<meta property=\"og:locale\" content=\"sk_SK\" \/>\n<meta property=\"og:type\" content=\"article\" \/>\n<meta property=\"og:title\" content=\"Harvest Days: My Dream Farm | BeGamer.cz\" \/>\n<meta property=\"og:description\" content=\"Uniknite stresu ve\u013ekomesta a u\u017eite si \u017eivot na vidieku. Starajte sa o svoju farmu, presk\u00famajte otvoren\u00fd hern\u00fd svet a vytvorte si svoj po\u013enohospod\u00e1rsky raj. Starajte sa o svoje zvierat\u00e1, obr\u00e1bajte polia, vyr\u00e1bajte u\u017eito\u010dn\u00e9 a dekorat\u00edvne predmety a vybudujte si ran\u010d svojich snov.\" \/>\n<meta property=\"og:url\" content=\"https:\/\/begamer.cz\/sk\/produkt\/harvest-days-my-dream-farm-sk\/\" \/>\n<meta property=\"og:site_name\" content=\"BeGamer.cz\" \/>\n<meta property=\"article:modified_time\" content=\"2026-03-18T02:05:21+00:00\" \/>\n<meta property=\"og:image\" content=\"https:\/\/begamer.cz\/wp-content\/uploads\/2026\/01\/harvest-days-my-dream-farm-1-12.webp\" \/>\n\t<meta property=\"og:image:width\" content=\"300\" \/>\n\t<meta property=\"og:image:height\" content=\"400\" \/>\n\t<meta property=\"og:image:type\" content=\"image\/webp\" \/>\n<meta name=\"twitter:card\" content=\"summary_large_image\" \/>\n<meta name=\"twitter:label1\" content=\"Predpokladan\u00fd \u010das \u010d\u00edtania\" \/>\n\t<meta name=\"twitter:data1\" content=\"1 min\u00fata\" \/>\n<script type=\"application\/ld+json\" class=\"yoast-schema-graph\">{\"@context\":\"https:\\\/\\\/schema.org\",\"@graph\":[{\"@type\":\"WebPage\",\"@id\":\"https:\\\/\\\/begamer.cz\\\/sk\\\/produkt\\\/harvest-days-my-dream-farm-sk\\\/\",\"url\":\"https:\\\/\\\/begamer.cz\\\/sk\\\/produkt\\\/harvest-days-my-dream-farm-sk\\\/\",\"name\":\"Harvest Days: My Dream Farm | BeGamer.cz\",\"isPartOf\":{\"@id\":\"https:\\\/\\\/begamer.cz\\\/sk\\\/#website\"},\"primaryImageOfPage\":{\"@id\":\"https:\\\/\\\/begamer.cz\\\/sk\\\/produkt\\\/harvest-days-my-dream-farm-sk\\\/#primaryimage\"},\"image\":{\"@id\":\"https:\\\/\\\/begamer.cz\\\/sk\\\/produkt\\\/harvest-days-my-dream-farm-sk\\\/#primaryimage\"},\"thumbnailUrl\":\"https:\\\/\\\/begamer.cz\\\/wp-content\\\/uploads\\\/2026\\\/01\\\/harvest-days-my-dream-farm-1-12.webp\",\"datePublished\":\"2026-01-30T14:55:30+00:00\",\"dateModified\":\"2026-03-18T02:05:21+00:00\",\"breadcrumb\":{\"@id\":\"https:\\\/\\\/begamer.cz\\\/sk\\\/produkt\\\/harvest-days-my-dream-farm-sk\\\/#breadcrumb\"},\"inLanguage\":\"sk-SK\",\"potentialAction\":[{\"@type\":\"ReadAction\",\"target\":[\"https:\\\/\\\/begamer.cz\\\/sk\\\/produkt\\\/harvest-days-my-dream-farm-sk\\\/\"]}]},{\"@type\":\"ImageObject\",\"inLanguage\":\"sk-SK\",\"@id\":\"https:\\\/\\\/begamer.cz\\\/sk\\\/produkt\\\/harvest-days-my-dream-farm-sk\\\/#primaryimage\",\"url\":\"https:\\\/\\\/begamer.cz\\\/wp-content\\\/uploads\\\/2026\\\/01\\\/harvest-days-my-dream-farm-1-12.webp\",\"contentUrl\":\"https:\\\/\\\/begamer.cz\\\/wp-content\\\/uploads\\\/2026\\\/01\\\/harvest-days-my-dream-farm-1-12.webp\",\"width\":300,\"height\":400},{\"@type\":\"BreadcrumbList\",\"@id\":\"https:\\\/\\\/begamer.cz\\\/sk\\\/produkt\\\/harvest-days-my-dream-farm-sk\\\/#breadcrumb\",\"itemListElement\":[{\"@type\":\"ListItem\",\"position\":1,\"name\":\"Domov\",\"item\":\"https:\\\/\\\/begamer.cz\\\/sk\\\/\"},{\"@type\":\"ListItem\",\"position\":2,\"name\":\"Obchod\",\"item\":\"https:\\\/\\\/begamer.cz\\\/obchod\\\/\"},{\"@type\":\"ListItem\",\"position\":3,\"name\":\"Harvest Days: My Dream Farm\"}]},{\"@type\":\"WebSite\",\"@id\":\"https:\\\/\\\/begamer.cz\\\/sk\\\/#website\",\"url\":\"https:\\\/\\\/begamer.cz\\\/sk\\\/\",\"name\":\"BeGamer.cz\",\"description\":\"\",\"publisher\":{\"@id\":\"https:\\\/\\\/begamer.cz\\\/sk\\\/#organization\"},\"potentialAction\":[{\"@type\":\"SearchAction\",\"target\":{\"@type\":\"EntryPoint\",\"urlTemplate\":\"https:\\\/\\\/begamer.cz\\\/sk\\\/?s={search_term_string}\"},\"query-input\":{\"@type\":\"PropertyValueSpecification\",\"valueRequired\":true,\"valueName\":\"search_term_string\"}}],\"inLanguage\":\"sk-SK\"},{\"@type\":\"Organization\",\"@id\":\"https:\\\/\\\/begamer.cz\\\/sk\\\/#organization\",\"name\":\"BeGamer.cz\",\"url\":\"https:\\\/\\\/begamer.cz\\\/sk\\\/\",\"logo\":{\"@type\":\"ImageObject\",\"inLanguage\":\"sk-SK\",\"@id\":\"https:\\\/\\\/begamer.cz\\\/sk\\\/#\\\/schema\\\/logo\\\/image\\\/\",\"url\":\"https:\\\/\\\/begamer.cz\\\/wp-content\\\/uploads\\\/2025\\\/07\\\/logo.svg\",\"contentUrl\":\"https:\\\/\\\/begamer.cz\\\/wp-content\\\/uploads\\\/2025\\\/07\\\/logo.svg\",\"caption\":\"BeGamer.cz\"},\"image\":{\"@id\":\"https:\\\/\\\/begamer.cz\\\/sk\\\/#\\\/schema\\\/logo\\\/image\\\/\"}}]}<\/script>\n<!-- \/ Yoast SEO plugin. -->","yoast_head_json":{"title":"Harvest Days: My Dream Farm | BeGamer.cz","robots":{"index":"index","follow":"follow","max-snippet":"max-snippet:-1","max-image-preview":"max-image-preview:large","max-video-preview":"max-video-preview:-1"},"canonical":"https:\/\/begamer.cz\/sk\/produkt\/harvest-days-my-dream-farm-sk\/","og_locale":"sk_SK","og_type":"article","og_title":"Harvest Days: My Dream Farm | BeGamer.cz","og_description":"Uniknite stresu ve\u013ekomesta a u\u017eite si \u017eivot na vidieku. Starajte sa o svoju farmu, presk\u00famajte otvoren\u00fd hern\u00fd svet a vytvorte si svoj po\u013enohospod\u00e1rsky raj. Starajte sa o svoje zvierat\u00e1, obr\u00e1bajte polia, vyr\u00e1bajte u\u017eito\u010dn\u00e9 a dekorat\u00edvne predmety a vybudujte si ran\u010d svojich snov.","og_url":"https:\/\/begamer.cz\/sk\/produkt\/harvest-days-my-dream-farm-sk\/","og_site_name":"BeGamer.cz","article_modified_time":"2026-03-18T02:05:21+00:00","og_image":[{"width":300,"height":400,"url":"https:\/\/begamer.cz\/wp-content\/uploads\/2026\/01\/harvest-days-my-dream-farm-1-12.webp","type":"image\/webp"}],"twitter_card":"summary_large_image","twitter_misc":{"Predpokladan\u00fd \u010das \u010d\u00edtania":"1 min\u00fata"},"schema":{"@context":"https:\/\/schema.org","@graph":[{"@type":"WebPage","@id":"https:\/\/begamer.cz\/sk\/produkt\/harvest-days-my-dream-farm-sk\/","url":"https:\/\/begamer.cz\/sk\/produkt\/harvest-days-my-dream-farm-sk\/","name":"Harvest Days: My Dream Farm | BeGamer.cz","isPartOf":{"@id":"https:\/\/begamer.cz\/sk\/#website"},"primaryImageOfPage":{"@id":"https:\/\/begamer.cz\/sk\/produkt\/harvest-days-my-dream-farm-sk\/#primaryimage"},"image":{"@id":"https:\/\/begamer.cz\/sk\/produkt\/harvest-days-my-dream-farm-sk\/#primaryimage"},"thumbnailUrl":"https:\/\/begamer.cz\/wp-content\/uploads\/2026\/01\/harvest-days-my-dream-farm-1-12.webp","datePublished":"2026-01-30T14:55:30+00:00","dateModified":"2026-03-18T02:05:21+00:00","breadcrumb":{"@id":"https:\/\/begamer.cz\/sk\/produkt\/harvest-days-my-dream-farm-sk\/#breadcrumb"},"inLanguage":"sk-SK","potentialAction":[{"@type":"ReadAction","target":["https:\/\/begamer.cz\/sk\/produkt\/harvest-days-my-dream-farm-sk\/"]}]},{"@type":"ImageObject","inLanguage":"sk-SK","@id":"https:\/\/begamer.cz\/sk\/produkt\/harvest-days-my-dream-farm-sk\/#primaryimage","url":"https:\/\/begamer.cz\/wp-content\/uploads\/2026\/01\/harvest-days-my-dream-farm-1-12.webp","contentUrl":"https:\/\/begamer.cz\/wp-content\/uploads\/2026\/01\/harvest-days-my-dream-farm-1-12.webp","width":300,"height":400},{"@type":"BreadcrumbList","@id":"https:\/\/begamer.cz\/sk\/produkt\/harvest-days-my-dream-farm-sk\/#breadcrumb","itemListElement":[{"@type":"ListItem","position":1,"name":"Domov","item":"https:\/\/begamer.cz\/sk\/"},{"@type":"ListItem","position":2,"name":"Obchod","item":"https:\/\/begamer.cz\/obchod\/"},{"@type":"ListItem","position":3,"name":"Harvest Days: My Dream Farm"}]},{"@type":"WebSite","@id":"https:\/\/begamer.cz\/sk\/#website","url":"https:\/\/begamer.cz\/sk\/","name":"BeGamer.cz","description":"","publisher":{"@id":"https:\/\/begamer.cz\/sk\/#organization"},"potentialAction":[{"@type":"SearchAction","target":{"@type":"EntryPoint","urlTemplate":"https:\/\/begamer.cz\/sk\/?s={search_term_string}"},"query-input":{"@type":"PropertyValueSpecification","valueRequired":true,"valueName":"search_term_string"}}],"inLanguage":"sk-SK"},{"@type":"Organization","@id":"https:\/\/begamer.cz\/sk\/#organization","name":"BeGamer.cz","url":"https:\/\/begamer.cz\/sk\/","logo":{"@type":"ImageObject","inLanguage":"sk-SK","@id":"https:\/\/begamer.cz\/sk\/#\/schema\/logo\/image\/","url":"https:\/\/begamer.cz\/wp-content\/uploads\/2025\/07\/logo.svg","contentUrl":"https:\/\/begamer.cz\/wp-content\/uploads\/2025\/07\/logo.svg","caption":"BeGamer.cz"},"image":{"@id":"https:\/\/begamer.cz\/sk\/#\/schema\/logo\/image\/"}}]}},"acf":[],"_links":{"self":[{"href":"https:\/\/begamer.cz\/sk\/wp-json\/wp\/v2\/product\/93995","targetHints":{"allow":["GET"]}}],"collection":[{"href":"https:\/\/begamer.cz\/sk\/wp-json\/wp\/v2\/product"}],"about":[{"href":"https:\/\/begamer.cz\/sk\/wp-json\/wp\/v2\/types\/product"}],"replies":[{"embeddable":true,"href":"https:\/\/begamer.cz\/sk\/wp-json\/wp\/v2\/comments?post=93995"}],"wp:featuredmedia":[{"embeddable":true,"href":"https:\/\/begamer.cz\/sk\/wp-json\/wp\/v2\/media\/10598"}],"wp:attachment":[{"href":"https:\/\/begamer.cz\/sk\/wp-json\/wp\/v2\/media?parent=93995"}],"wp:term":[{"taxonomy":"product_brand","embeddable":true,"href":"https:\/\/begamer.cz\/sk\/wp-json\/wp\/v2\/product_brand?post=93995"},{"taxonomy":"product_cat","embeddable":true,"href":"https:\/\/begamer.cz\/sk\/wp-json\/wp\/v2\/product_cat?post=93995"},{"taxonomy":"product_tag","embeddable":true,"href":"https:\/\/begamer.cz\/sk\/wp-json\/wp\/v2\/product_tag?post=93995"}],"curies":[{"name":"wp","href":"https:\/\/api.w.org\/{rel}","templated":true}]}}